{"id":225764,"date":"2026-04-14T02:01:50","date_gmt":"2026-04-14T08:01:50","guid":{"rendered":"https:\/\/compuviper.mx\/tienda\/producto\/hune-at-acc-au-048roc-audifonos-manos-libres-haya-sustentable-trenzado-con-microfono-jack-3-5-roca\/"},"modified":"2026-04-14T02:01:51","modified_gmt":"2026-04-14T08:01:51","slug":"hune-at-acc-au-048roc-audifonos-manos-libres-haya-sustentable-trenzado-con-microfono-jack-3-5-roca","status":"publish","type":"product","link":"https:\/\/compuviper.mx\/tienda\/producto\/hune-at-acc-au-048roc-audifonos-manos-libres-haya-sustentable-trenzado-con-microfono-jack-3-5-roca\/","title":{"rendered":"Hune At-acc-au-048roc Audifonos Manos Libres  Haya Sustentable Trenzado Con Microfono Jack 3.5 (roca)"},"content":{"rendered":"<table class=\"descripcion\">\n<tr>\n<td>Aud\u00edfono trenzado con micr\u00f3fono jack 3.5. material de la carcasa: plastico abs reciclado. cable exterior pl\u00e1stico pet reciclado trenzado, interior pl\u00e1stico tpe reciclado. 3 botones: reproducir\/pausar\/vol\u00famen.<\/td>\n<\/tr>\n<tr>\n<td>Almohadillas de silicona en 3 medidas:  s-m-l. sujeta cable de 1 cm. empaque de carton fsc + tinta de soja. sticker identificador de color.<\/td>\n<\/tr>\n<\/table>\n","protected":false},"excerpt":{"rendered":"<p>El consumo de equipos el\u00e9ctricos y electr\u00f3nicos (eee) se encuentra profundamente vinculado al desarrollo de la econom\u00eda mundial. Los eee se han vuelto. Indispensables en la vida moderna, contribuyendo a la construcci\u00f3n de comunidades fuertes e hiperconectadas. Hune propone un radical cambio de paradigma: hacer a conciencia. Pioneros en latinoam\u00e9rica en su perspectiva de equilibrio entre humanidad y. Naturaleza, buscamos transformar las relaciones establecidas a trav\u00e9s de una producci\u00f3n sostenible que potencie una comunidad m\u00e1s consciente y comprometida con la tierra y quienes habitamos en ella. Dise\u00f1amos y producimos tecnolog\u00eda de consumo con impacto ambiental mejorado y socialmente responsable aplicando estrategias de dise\u00f1o sostenible en cada una de las etapas del. Ciclo de vida de nuestros productos. Esto es solo el principio, el cambio est\u00e1 en marcha. H\u00fanete<\/p>\n","protected":false},"featured_media":225765,"comment_status":"open","ping_status":"open","template":"","meta":[],"product_cat":[1552,1816],"product_tag":[2152],"acf":[],"yoast_head":"<!-- This site is optimized with the Yoast SEO plugin v21.7 - https:\/\/yoast.com\/wordpress\/plugins\/seo\/ -->\n<title>[ Hune ] &#129351; At-acc-au-048roc Audifonos Manos Libres Haya Sustentable Trenzado Con Microfono Jack 3.5 (roca)<\/title>\n<meta name=\"description\" content=\"Compra At-acc-au-048roc Audifonos Manos Libres Haya Sustentable Trenzado Con Microfono Jack 3.5 (roca) + Env\u00edo a domicilio + Pago seguro + Garant\u00eda\" \/>\n<meta name=\"robots\" content=\"index, follow, max-snippet:-1, max-image-preview:large, max-video-preview:-1\" \/>\n<link rel=\"canonical\" href=\"https:\/\/compuviper.mx\/tienda\/producto\/hune-at-acc-au-048roc-audifonos-manos-libres-haya-sustentable-trenzado-con-microfono-jack-3-5-roca\/\" \/>\n<meta property=\"og:locale\" content=\"es_MX\" \/>\n<meta property=\"og:type\" content=\"article\" \/>\n<meta property=\"og:title\" content=\"[ Hune ] &#129351; At-acc-au-048roc Audifonos Manos Libres Haya Sustentable Trenzado Con Microfono Jack 3.5 (roca)\" \/>\n<meta property=\"og:description\" content=\"Compra At-acc-au-048roc Audifonos Manos Libres Haya Sustentable Trenzado Con Microfono Jack 3.5 (roca) + Env\u00edo a domicilio + Pago seguro + Garant\u00eda\" \/>\n<meta property=\"og:url\" content=\"https:\/\/compuviper.mx\/tienda\/producto\/hune-at-acc-au-048roc-audifonos-manos-libres-haya-sustentable-trenzado-con-microfono-jack-3-5-roca\/\" \/>\n<meta property=\"og:site_name\" content=\"Compuviper\" \/>\n<meta property=\"article:publisher\" content=\"https:\/\/www.facebook.com\/compuviper\" \/>\n<meta property=\"article:modified_time\" content=\"2026-04-14T08:01:51+00:00\" \/>\n<meta property=\"og:image\" content=\"https:\/\/compuviper.mx\/tienda\/wp-content\/uploads\/2023\/12\/Audifonos-manos-libres-hune-haya-sustentable-trenzado-con-microfono-jack-3.5-roca.jpg\" \/>\n\t<meta property=\"og:image:width\" content=\"200\" \/>\n\t<meta property=\"og:image:height\" content=\"200\" \/>\n\t<meta property=\"og:image:type\" content=\"image\/jpeg\" \/>\n<meta name=\"twitter:card\" content=\"summary_large_image\" \/>\n<meta name=\"twitter:label1\" content=\"Precio\" \/>\n\t<meta name=\"twitter:data1\" content=\"&#36;236 con IVA\" \/>\n\t<meta name=\"twitter:label2\" content=\"Availability\" \/>\n\t<meta name=\"twitter:data2\" content=\"In stock\" \/>\n<script type=\"application\/ld+json\" class=\"yoast-schema-graph\">{\"@context\":\"https:\/\/schema.org\",\"@graph\":[{\"@type\":\"WebPage\",\"@id\":\"https:\/\/compuviper.mx\/tienda\/producto\/hune-at-acc-au-048roc-audifonos-manos-libres-haya-sustentable-trenzado-con-microfono-jack-3-5-roca\/\",\"url\":\"https:\/\/compuviper.mx\/tienda\/producto\/hune-at-acc-au-048roc-audifonos-manos-libres-haya-sustentable-trenzado-con-microfono-jack-3-5-roca\/\",\"name\":\"[ Hune ] &#129351; At-acc-au-048roc Audifonos Manos Libres Haya Sustentable Trenzado Con Microfono Jack 3.5 (roca)\",\"isPartOf\":{\"@id\":\"https:\/\/compuviper.mx\/tienda\/#website\"},\"datePublished\":\"2026-04-14T08:01:50+00:00\",\"dateModified\":\"2026-04-14T08:01:51+00:00\",\"description\":\"Compra At-acc-au-048roc Audifonos Manos Libres Haya Sustentable Trenzado Con Microfono Jack 3.5 (roca) + Env\u00edo a domicilio + Pago seguro + Garant\u00eda\",\"breadcrumb\":{\"@id\":\"https:\/\/compuviper.mx\/tienda\/producto\/hune-at-acc-au-048roc-audifonos-manos-libres-haya-sustentable-trenzado-con-microfono-jack-3-5-roca\/#breadcrumb\"},\"inLanguage\":\"es-MX\",\"potentialAction\":[{\"@type\":\"ReadAction\",\"target\":[\"https:\/\/compuviper.mx\/tienda\/producto\/hune-at-acc-au-048roc-audifonos-manos-libres-haya-sustentable-trenzado-con-microfono-jack-3-5-roca\/\"]}]},{\"@type\":\"BreadcrumbList\",\"@id\":\"https:\/\/compuviper.mx\/tienda\/producto\/hune-at-acc-au-048roc-audifonos-manos-libres-haya-sustentable-trenzado-con-microfono-jack-3-5-roca\/#breadcrumb\",\"itemListElement\":[{\"@type\":\"ListItem\",\"position\":1,\"name\":\"Inicio\",\"item\":\"https:\/\/compuviper.mx\/tienda\/\"},{\"@type\":\"ListItem\",\"position\":2,\"name\":\"Productos\",\"item\":\"https:\/\/compuviper.mx\/tienda\/productos\/\"},{\"@type\":\"ListItem\",\"position\":3,\"name\":\"Audifonos Y Micro\",\"item\":\"https:\/\/compuviper.mx\/tienda\/categoria-producto\/audifonos-y-micro\/\"},{\"@type\":\"ListItem\",\"position\":4,\"name\":\"Audifono Con Microfono\",\"item\":\"https:\/\/compuviper.mx\/tienda\/categoria-producto\/audifonos-y-micro\/audifono-con-microfono\/\"},{\"@type\":\"ListItem\",\"position\":5,\"name\":\"Hune At-acc-au-048roc Audifonos Manos Libres Haya Sustentable Trenzado Con Microfono Jack 3.5 (roca)\"}]},{\"@type\":\"WebSite\",\"@id\":\"https:\/\/compuviper.mx\/tienda\/#website\",\"url\":\"https:\/\/compuviper.mx\/tienda\/\",\"name\":\"Compuviper\",\"description\":\"Proveedor de Computadoras, Laptops, Servidores, Monitores, Puntos de Venta, Teclados,   Impresoras, T\u00f3ner, C\u00e1maras de Seguridad y m\u00e1s en tu tienda en l\u00ednea\",\"publisher\":{\"@id\":\"https:\/\/compuviper.mx\/tienda\/#organization\"},\"potentialAction\":[{\"@type\":\"SearchAction\",\"target\":{\"@type\":\"EntryPoint\",\"urlTemplate\":\"https:\/\/compuviper.mx\/tienda\/?s={search_term_string}\"},\"query-input\":\"required name=search_term_string\"}],\"inLanguage\":\"es-MX\"},{\"@type\":\"Organization\",\"@id\":\"https:\/\/compuviper.mx\/tienda\/#organization\",\"name\":\"Compuviper\",\"url\":\"https:\/\/compuviper.mx\/tienda\/\",\"logo\":{\"@type\":\"ImageObject\",\"inLanguage\":\"es-MX\",\"@id\":\"https:\/\/compuviper.mx\/tienda\/#\/schema\/logo\/image\/\",\"url\":\"https:\/\/compuviper.mx\/tienda\/wp-content\/uploads\/2021\/08\/Logo-Compuviper-10.png\",\"contentUrl\":\"https:\/\/compuviper.mx\/tienda\/wp-content\/uploads\/2021\/08\/Logo-Compuviper-10.png\",\"width\":1000,\"height\":500,\"caption\":\"Compuviper\"},\"image\":{\"@id\":\"https:\/\/compuviper.mx\/tienda\/#\/schema\/logo\/image\/\"},\"sameAs\":[\"https:\/\/www.facebook.com\/compuviper\",\"https:\/\/www.youtube.com\/channel\/UCf73dERp9Y3cfOq7q8BhLjA?view_as=subscriber\"]}]}<\/script>\n<meta property=\"product:brand\" content=\"Hune\" \/>\n<meta property=\"product:price:amount\" content=\"236\" \/>\n<meta property=\"product:price:currency\" content=\"MXN\" \/>\n<meta property=\"og:availability\" content=\"instock\" \/>\n<meta property=\"product:availability\" content=\"instock\" \/>\n<meta property=\"product:retailer_item_id\" content=\"AT-ACC-AU-048ROC\" \/>\n<meta property=\"product:condition\" content=\"new\" \/>\n<!-- \/ Yoast SEO plugin. -->","yoast_head_json":{"title":"[ Hune ] &#129351; At-acc-au-048roc Audifonos Manos Libres Haya Sustentable Trenzado Con Microfono Jack 3.5 (roca)","description":"Compra At-acc-au-048roc Audifonos Manos Libres Haya Sustentable Trenzado Con Microfono Jack 3.5 (roca) + Env\u00edo a domicilio + Pago seguro + Garant\u00eda","robots":{"index":"index","follow":"follow","max-snippet":"max-snippet:-1","max-image-preview":"max-image-preview:large","max-video-preview":"max-video-preview:-1"},"canonical":"https:\/\/compuviper.mx\/tienda\/producto\/hune-at-acc-au-048roc-audifonos-manos-libres-haya-sustentable-trenzado-con-microfono-jack-3-5-roca\/","og_locale":"es_MX","og_type":"article","og_title":"[ Hune ] &#129351; At-acc-au-048roc Audifonos Manos Libres Haya Sustentable Trenzado Con Microfono Jack 3.5 (roca)","og_description":"Compra At-acc-au-048roc Audifonos Manos Libres Haya Sustentable Trenzado Con Microfono Jack 3.5 (roca) + Env\u00edo a domicilio + Pago seguro + Garant\u00eda","og_url":"https:\/\/compuviper.mx\/tienda\/producto\/hune-at-acc-au-048roc-audifonos-manos-libres-haya-sustentable-trenzado-con-microfono-jack-3-5-roca\/","og_site_name":"Compuviper","article_publisher":"https:\/\/www.facebook.com\/compuviper","article_modified_time":"2026-04-14T08:01:51+00:00","og_image":[{"width":200,"height":200,"url":"https:\/\/compuviper.mx\/tienda\/wp-content\/uploads\/2023\/12\/Audifonos-manos-libres-hune-haya-sustentable-trenzado-con-microfono-jack-3.5-roca.jpg","type":"image\/jpeg"}],"twitter_card":"summary_large_image","twitter_misc":{"Precio":"&#36;236 con IVA","Availability":"In stock"},"schema":{"@context":"https:\/\/schema.org","@graph":[{"@type":"WebPage","@id":"https:\/\/compuviper.mx\/tienda\/producto\/hune-at-acc-au-048roc-audifonos-manos-libres-haya-sustentable-trenzado-con-microfono-jack-3-5-roca\/","url":"https:\/\/compuviper.mx\/tienda\/producto\/hune-at-acc-au-048roc-audifonos-manos-libres-haya-sustentable-trenzado-con-microfono-jack-3-5-roca\/","name":"[ Hune ] &#129351; At-acc-au-048roc Audifonos Manos Libres Haya Sustentable Trenzado Con Microfono Jack 3.5 (roca)","isPartOf":{"@id":"https:\/\/compuviper.mx\/tienda\/#website"},"datePublished":"2026-04-14T08:01:50+00:00","dateModified":"2026-04-14T08:01:51+00:00","description":"Compra At-acc-au-048roc Audifonos Manos Libres Haya Sustentable Trenzado Con Microfono Jack 3.5 (roca) + Env\u00edo a domicilio + Pago seguro + Garant\u00eda","breadcrumb":{"@id":"https:\/\/compuviper.mx\/tienda\/producto\/hune-at-acc-au-048roc-audifonos-manos-libres-haya-sustentable-trenzado-con-microfono-jack-3-5-roca\/#breadcrumb"},"inLanguage":"es-MX","potentialAction":[{"@type":"ReadAction","target":["https:\/\/compuviper.mx\/tienda\/producto\/hune-at-acc-au-048roc-audifonos-manos-libres-haya-sustentable-trenzado-con-microfono-jack-3-5-roca\/"]}]},{"@type":"BreadcrumbList","@id":"https:\/\/compuviper.mx\/tienda\/producto\/hune-at-acc-au-048roc-audifonos-manos-libres-haya-sustentable-trenzado-con-microfono-jack-3-5-roca\/#breadcrumb","itemListElement":[{"@type":"ListItem","position":1,"name":"Inicio","item":"https:\/\/compuviper.mx\/tienda\/"},{"@type":"ListItem","position":2,"name":"Productos","item":"https:\/\/compuviper.mx\/tienda\/productos\/"},{"@type":"ListItem","position":3,"name":"Audifonos Y Micro","item":"https:\/\/compuviper.mx\/tienda\/categoria-producto\/audifonos-y-micro\/"},{"@type":"ListItem","position":4,"name":"Audifono Con Microfono","item":"https:\/\/compuviper.mx\/tienda\/categoria-producto\/audifonos-y-micro\/audifono-con-microfono\/"},{"@type":"ListItem","position":5,"name":"Hune At-acc-au-048roc Audifonos Manos Libres Haya Sustentable Trenzado Con Microfono Jack 3.5 (roca)"}]},{"@type":"WebSite","@id":"https:\/\/compuviper.mx\/tienda\/#website","url":"https:\/\/compuviper.mx\/tienda\/","name":"Compuviper","description":"Proveedor de Computadoras, Laptops, Servidores, Monitores, Puntos de Venta, Teclados,   Impresoras, T\u00f3ner, C\u00e1maras de Seguridad y m\u00e1s en tu tienda en l\u00ednea","publisher":{"@id":"https:\/\/compuviper.mx\/tienda\/#organization"},"potentialAction":[{"@type":"SearchAction","target":{"@type":"EntryPoint","urlTemplate":"https:\/\/compuviper.mx\/tienda\/?s={search_term_string}"},"query-input":"required name=search_term_string"}],"inLanguage":"es-MX"},{"@type":"Organization","@id":"https:\/\/compuviper.mx\/tienda\/#organization","name":"Compuviper","url":"https:\/\/compuviper.mx\/tienda\/","logo":{"@type":"ImageObject","inLanguage":"es-MX","@id":"https:\/\/compuviper.mx\/tienda\/#\/schema\/logo\/image\/","url":"https:\/\/compuviper.mx\/tienda\/wp-content\/uploads\/2021\/08\/Logo-Compuviper-10.png","contentUrl":"https:\/\/compuviper.mx\/tienda\/wp-content\/uploads\/2021\/08\/Logo-Compuviper-10.png","width":1000,"height":500,"caption":"Compuviper"},"image":{"@id":"https:\/\/compuviper.mx\/tienda\/#\/schema\/logo\/image\/"},"sameAs":["https:\/\/www.facebook.com\/compuviper","https:\/\/www.youtube.com\/channel\/UCf73dERp9Y3cfOq7q8BhLjA?view_as=subscriber"]}]},"product_brand":"Hune","product_price_amount":"236","product_price_currency":"MXN","og_availability":"instock","product_availability":"instock","product_retailer_item_id":"AT-ACC-AU-048ROC","product_condition":"new"},"_links":{"self":[{"href":"https:\/\/compuviper.mx\/tienda\/wp-json\/wp\/v2\/product\/225764"}],"collection":[{"href":"https:\/\/compuviper.mx\/tienda\/wp-json\/wp\/v2\/product"}],"about":[{"href":"https:\/\/compuviper.mx\/tienda\/wp-json\/wp\/v2\/types\/product"}],"replies":[{"embeddable":true,"href":"https:\/\/compuviper.mx\/tienda\/wp-json\/wp\/v2\/comments?post=225764"}],"wp:featuredmedia":[{"embeddable":true,"href":"https:\/\/compuviper.mx\/tienda\/wp-json\/wp\/v2\/media\/225765"}],"wp:attachment":[{"href":"https:\/\/compuviper.mx\/tienda\/wp-json\/wp\/v2\/media?parent=225764"}],"wp:term":[{"taxonomy":"product_cat","embeddable":true,"href":"https:\/\/compuviper.mx\/tienda\/wp-json\/wp\/v2\/product_cat?post=225764"},{"taxonomy":"product_tag","embeddable":true,"href":"https:\/\/compuviper.mx\/tienda\/wp-json\/wp\/v2\/product_tag?post=225764"}],"curies":[{"name":"wp","href":"https:\/\/api.w.org\/{rel}","templated":true}]}}