{"id":225738,"date":"2026-04-02T02:03:54","date_gmt":"2026-04-02T08:03:54","guid":{"rendered":"https:\/\/compuviper.mx\/tienda\/producto\/logitech-981-001223-audifonos-con-microfono-tipo-diadema-zone-vibe-100-wireless-color-rosa-bluetooth-usb-and-8209a-recargables-control-de-audio-integrado\/"},"modified":"2026-04-02T02:03:54","modified_gmt":"2026-04-02T08:03:54","slug":"logitech-981-001223-audifonos-diadema-zone-vibe-100-inalambricos-recargables-control-de-audio-rosa","status":"publish","type":"product","link":"https:\/\/compuviper.mx\/tienda\/producto\/logitech-981-001223-audifonos-diadema-zone-vibe-100-inalambricos-recargables-control-de-audio-rosa\/","title":{"rendered":"Logitech 981-001223 Audifonos Diadema  Zone Vibe 100 Inalambricos Recargables Control De Audio Rosa"},"content":{"rendered":"<table class=\"descripcion\">\n<tr>\n<td>Micr\u00f3fono<\/td>\n<\/tr>\n<tr>\n<td>Tipo: dos micr\u00f3fonos mems omnidireccionales con formaci\u00f3n de haces direccional y dsp<\/td>\n<\/tr>\n<tr>\n<td>Respuesta de frecuencia: 100 ~ 8 khz<\/td>\n<\/tr>\n<tr>\n<td>Altavoces<\/td>\n<\/tr>\n<tr>\n<td>Respuesta de frecuencia (modo m\u00fasica): 20 ~ 20 khz<\/td>\n<\/tr>\n<tr>\n<td>Respuesta de frecuencia (modo de conversaci\u00f3n): 100 ~ 8 khz<\/td>\n<\/tr>\n<tr>\n<td>Sensibilidad: 118,0 \u00b13 db a 1 mw a 1 khz<\/td>\n<\/tr>\n<tr>\n<td>Tama\u00f1o de transductor: 40 mm<\/td>\n<\/tr>\n<tr>\n<td>Bater\u00eda<\/td>\n<\/tr>\n<tr>\n<td>Bater\u00eda integrada (ion litio)<\/td>\n<\/tr>\n<tr>\n<td>Duraci\u00f3n de bater\u00eda (tiempo en conversaci\u00f3n): hasta 18 horas<\/td>\n<\/tr>\n<tr>\n<td>Duraci\u00f3n de bater\u00eda (tiempo en escucha): hasta 20 horas 1la duraci\u00f3n de las bater\u00edas depende del uso y de las condiciones de los dispositivos.<\/td>\n<\/tr>\n<tr>\n<td>Carga<\/td>\n<\/tr>\n<tr>\n<td>Cable de carga usb-c: 1,5 m<\/td>\n<\/tr>\n<tr>\n<td>Sin cable<\/td>\n<\/tr>\n<tr>\n<td>Versi\u00f3n de bluetooth: 5.2<\/td>\n<\/tr>\n<tr>\n<td>Radio de acci\u00f3n inal\u00e1mbrico: hasta 30 m (l\u00ednea de visi\u00f3n en campo abierto) 2el radio de acci\u00f3n inal\u00e1mbrico depende del uso y de los dispositivos.<\/td>\n<\/tr>\n<tr>\n<td>Sostenibilidad<\/td>\n<\/tr>\n<tr>\n<td>Pl\u00e1sticos: 25 % de material reciclado posconsumo 3excluye accesorios y empaque<\/td>\n<\/tr>\n<tr>\n<td>Empacado de papel: certificaci\u00f3n para fsc\u0099<\/td>\n<\/tr>\n<tr>\n<td>Con certificaci\u00f3n carbon neutral<\/td>\n<\/tr>\n<tr>\n<td>Informaci\u00f3n de garant\u00eda<\/td>\n<\/tr>\n<tr>\n<td>Un a\u00f1o de garant\u00eda de hardware limitada<\/td>\n<\/tr>\n<tr>\n<td>En la caja<\/td>\n<\/tr>\n<tr>\n<td>Auriculares inal\u00e1mbricos con micr\u00f3fono<\/td>\n<\/tr>\n<tr>\n<td>Cable de carga usb-c<\/td>\n<\/tr>\n<tr>\n<td>Bolsa de viaje<\/td>\n<\/tr>\n<tr>\n<td>Documentaci\u00f3n del usuario<\/td>\n<\/tr>\n<\/table>\n","protected":false},"excerpt":{"rendered":"<p>Disfruta de audio inmersivo con los auriculares inal\u00e1mbricos zone vibe 100. Lo suficientemente profesionales para usar en la oficina. Lo suficientemente informales para usar en casa. Dise\u00f1ados para tu forma de trabajar y disfrutar.<\/p>\n","protected":false},"featured_media":225739,"comment_status":"open","ping_status":"open","template":"","meta":[],"product_cat":[1552,1816],"product_tag":[1500],"acf":[],"yoast_head":"<!-- This site is optimized with the Yoast SEO plugin v21.7 - https:\/\/yoast.com\/wordpress\/plugins\/seo\/ -->\n<title>[ Logitech ] &#129351; 981-001223 Audifonos Diadema Zone Vibe 100 Inalambricos Recargables Control De Audio Rosa<\/title>\n<meta name=\"description\" content=\"Compra 981-001223 Audifonos Diadema Zone Vibe 100 Inalambricos Recargables Control De Audio Rosa + Env\u00edo a domicilio + Pago seguro + Garant\u00eda\" \/>\n<meta name=\"robots\" content=\"index, follow, max-snippet:-1, max-image-preview:large, max-video-preview:-1\" \/>\n<link rel=\"canonical\" href=\"https:\/\/compuviper.mx\/tienda\/producto\/logitech-981-001223-audifonos-diadema-zone-vibe-100-inalambricos-recargables-control-de-audio-rosa\/\" \/>\n<meta property=\"og:locale\" content=\"es_MX\" \/>\n<meta property=\"og:type\" content=\"article\" \/>\n<meta property=\"og:title\" content=\"[ Logitech ] &#129351; 981-001223 Audifonos Diadema Zone Vibe 100 Inalambricos Recargables Control De Audio Rosa\" \/>\n<meta property=\"og:description\" content=\"Compra 981-001223 Audifonos Diadema Zone Vibe 100 Inalambricos Recargables Control De Audio Rosa + Env\u00edo a domicilio + Pago seguro + Garant\u00eda\" \/>\n<meta property=\"og:url\" content=\"https:\/\/compuviper.mx\/tienda\/producto\/logitech-981-001223-audifonos-diadema-zone-vibe-100-inalambricos-recargables-control-de-audio-rosa\/\" \/>\n<meta property=\"og:site_name\" content=\"Compuviper\" \/>\n<meta property=\"article:publisher\" content=\"https:\/\/www.facebook.com\/compuviper\" \/>\n<meta property=\"og:image\" content=\"https:\/\/compuviper.mx\/tienda\/wp-content\/uploads\/2023\/12\/Audifonos-con-microfono-tipo-diadema-logitech-zone-vibe-100-wireless-color-rosa-bluetooth-usb-and-8209a-recargables-control-de-audio-integrado.jpg\" \/>\n\t<meta property=\"og:image:width\" content=\"200\" \/>\n\t<meta property=\"og:image:height\" content=\"200\" \/>\n\t<meta property=\"og:image:type\" content=\"image\/jpeg\" \/>\n<meta name=\"twitter:card\" content=\"summary_large_image\" \/>\n<meta name=\"twitter:label1\" content=\"Precio\" \/>\n\t<meta name=\"twitter:data1\" content=\"&#36;1,716 &#36;1,200 con IVA\" \/>\n\t<meta name=\"twitter:label2\" content=\"Availability\" \/>\n\t<meta name=\"twitter:data2\" content=\"In stock\" \/>\n<script type=\"application\/ld+json\" class=\"yoast-schema-graph\">{\"@context\":\"https:\/\/schema.org\",\"@graph\":[{\"@type\":\"WebPage\",\"@id\":\"https:\/\/compuviper.mx\/tienda\/producto\/logitech-981-001223-audifonos-diadema-zone-vibe-100-inalambricos-recargables-control-de-audio-rosa\/\",\"url\":\"https:\/\/compuviper.mx\/tienda\/producto\/logitech-981-001223-audifonos-diadema-zone-vibe-100-inalambricos-recargables-control-de-audio-rosa\/\",\"name\":\"[ Logitech ] &#129351; 981-001223 Audifonos Diadema Zone Vibe 100 Inalambricos Recargables Control De Audio Rosa\",\"isPartOf\":{\"@id\":\"https:\/\/compuviper.mx\/tienda\/#website\"},\"datePublished\":\"2026-04-02T08:03:54+00:00\",\"dateModified\":\"2026-04-02T08:03:54+00:00\",\"description\":\"Compra 981-001223 Audifonos Diadema Zone Vibe 100 Inalambricos Recargables Control De Audio Rosa + Env\u00edo a domicilio + Pago seguro + Garant\u00eda\",\"breadcrumb\":{\"@id\":\"https:\/\/compuviper.mx\/tienda\/producto\/logitech-981-001223-audifonos-diadema-zone-vibe-100-inalambricos-recargables-control-de-audio-rosa\/#breadcrumb\"},\"inLanguage\":\"es-MX\",\"potentialAction\":[{\"@type\":\"ReadAction\",\"target\":[\"https:\/\/compuviper.mx\/tienda\/producto\/logitech-981-001223-audifonos-diadema-zone-vibe-100-inalambricos-recargables-control-de-audio-rosa\/\"]}]},{\"@type\":\"BreadcrumbList\",\"@id\":\"https:\/\/compuviper.mx\/tienda\/producto\/logitech-981-001223-audifonos-diadema-zone-vibe-100-inalambricos-recargables-control-de-audio-rosa\/#breadcrumb\",\"itemListElement\":[{\"@type\":\"ListItem\",\"position\":1,\"name\":\"Inicio\",\"item\":\"https:\/\/compuviper.mx\/tienda\/\"},{\"@type\":\"ListItem\",\"position\":2,\"name\":\"Productos\",\"item\":\"https:\/\/compuviper.mx\/tienda\/productos\/\"},{\"@type\":\"ListItem\",\"position\":3,\"name\":\"Audifonos Y Micro\",\"item\":\"https:\/\/compuviper.mx\/tienda\/categoria-producto\/audifonos-y-micro\/\"},{\"@type\":\"ListItem\",\"position\":4,\"name\":\"Audifono Con Microfono\",\"item\":\"https:\/\/compuviper.mx\/tienda\/categoria-producto\/audifonos-y-micro\/audifono-con-microfono\/\"},{\"@type\":\"ListItem\",\"position\":5,\"name\":\"Logitech 981-001223 Audifonos Diadema Zone Vibe 100 Inalambricos Recargables Control De Audio Rosa\"}]},{\"@type\":\"WebSite\",\"@id\":\"https:\/\/compuviper.mx\/tienda\/#website\",\"url\":\"https:\/\/compuviper.mx\/tienda\/\",\"name\":\"Compuviper\",\"description\":\"Proveedor de Computadoras, Laptops, Servidores, Monitores, Puntos de Venta, Teclados,   Impresoras, T\u00f3ner, C\u00e1maras de Seguridad y m\u00e1s en tu tienda en l\u00ednea\",\"publisher\":{\"@id\":\"https:\/\/compuviper.mx\/tienda\/#organization\"},\"potentialAction\":[{\"@type\":\"SearchAction\",\"target\":{\"@type\":\"EntryPoint\",\"urlTemplate\":\"https:\/\/compuviper.mx\/tienda\/?s={search_term_string}\"},\"query-input\":\"required name=search_term_string\"}],\"inLanguage\":\"es-MX\"},{\"@type\":\"Organization\",\"@id\":\"https:\/\/compuviper.mx\/tienda\/#organization\",\"name\":\"Compuviper\",\"url\":\"https:\/\/compuviper.mx\/tienda\/\",\"logo\":{\"@type\":\"ImageObject\",\"inLanguage\":\"es-MX\",\"@id\":\"https:\/\/compuviper.mx\/tienda\/#\/schema\/logo\/image\/\",\"url\":\"https:\/\/compuviper.mx\/tienda\/wp-content\/uploads\/2021\/08\/Logo-Compuviper-10.png\",\"contentUrl\":\"https:\/\/compuviper.mx\/tienda\/wp-content\/uploads\/2021\/08\/Logo-Compuviper-10.png\",\"width\":1000,\"height\":500,\"caption\":\"Compuviper\"},\"image\":{\"@id\":\"https:\/\/compuviper.mx\/tienda\/#\/schema\/logo\/image\/\"},\"sameAs\":[\"https:\/\/www.facebook.com\/compuviper\",\"https:\/\/www.youtube.com\/channel\/UCf73dERp9Y3cfOq7q8BhLjA?view_as=subscriber\"]}]}<\/script>\n<meta property=\"product:brand\" content=\"LOGITECH\" \/>\n<meta property=\"product:price:amount\" content=\"1200\" \/>\n<meta property=\"product:price:currency\" content=\"MXN\" \/>\n<meta property=\"og:availability\" content=\"instock\" \/>\n<meta property=\"product:availability\" content=\"instock\" \/>\n<meta property=\"product:retailer_item_id\" content=\"981-001223\" \/>\n<meta property=\"product:condition\" content=\"new\" \/>\n<!-- \/ Yoast SEO plugin. -->","yoast_head_json":{"title":"[ Logitech ] &#129351; 981-001223 Audifonos Diadema Zone Vibe 100 Inalambricos Recargables Control De Audio Rosa","description":"Compra 981-001223 Audifonos Diadema Zone Vibe 100 Inalambricos Recargables Control De Audio Rosa + Env\u00edo a domicilio + Pago seguro + Garant\u00eda","robots":{"index":"index","follow":"follow","max-snippet":"max-snippet:-1","max-image-preview":"max-image-preview:large","max-video-preview":"max-video-preview:-1"},"canonical":"https:\/\/compuviper.mx\/tienda\/producto\/logitech-981-001223-audifonos-diadema-zone-vibe-100-inalambricos-recargables-control-de-audio-rosa\/","og_locale":"es_MX","og_type":"article","og_title":"[ Logitech ] &#129351; 981-001223 Audifonos Diadema Zone Vibe 100 Inalambricos Recargables Control De Audio Rosa","og_description":"Compra 981-001223 Audifonos Diadema Zone Vibe 100 Inalambricos Recargables Control De Audio Rosa + Env\u00edo a domicilio + Pago seguro + Garant\u00eda","og_url":"https:\/\/compuviper.mx\/tienda\/producto\/logitech-981-001223-audifonos-diadema-zone-vibe-100-inalambricos-recargables-control-de-audio-rosa\/","og_site_name":"Compuviper","article_publisher":"https:\/\/www.facebook.com\/compuviper","og_image":[{"width":200,"height":200,"url":"https:\/\/compuviper.mx\/tienda\/wp-content\/uploads\/2023\/12\/Audifonos-con-microfono-tipo-diadema-logitech-zone-vibe-100-wireless-color-rosa-bluetooth-usb-and-8209a-recargables-control-de-audio-integrado.jpg","type":"image\/jpeg"}],"twitter_card":"summary_large_image","twitter_misc":{"Precio":"&#36;1,716 &#36;1,200 con IVA","Availability":"In stock"},"schema":{"@context":"https:\/\/schema.org","@graph":[{"@type":"WebPage","@id":"https:\/\/compuviper.mx\/tienda\/producto\/logitech-981-001223-audifonos-diadema-zone-vibe-100-inalambricos-recargables-control-de-audio-rosa\/","url":"https:\/\/compuviper.mx\/tienda\/producto\/logitech-981-001223-audifonos-diadema-zone-vibe-100-inalambricos-recargables-control-de-audio-rosa\/","name":"[ Logitech ] &#129351; 981-001223 Audifonos Diadema Zone Vibe 100 Inalambricos Recargables Control De Audio Rosa","isPartOf":{"@id":"https:\/\/compuviper.mx\/tienda\/#website"},"datePublished":"2026-04-02T08:03:54+00:00","dateModified":"2026-04-02T08:03:54+00:00","description":"Compra 981-001223 Audifonos Diadema Zone Vibe 100 Inalambricos Recargables Control De Audio Rosa + Env\u00edo a domicilio + Pago seguro + Garant\u00eda","breadcrumb":{"@id":"https:\/\/compuviper.mx\/tienda\/producto\/logitech-981-001223-audifonos-diadema-zone-vibe-100-inalambricos-recargables-control-de-audio-rosa\/#breadcrumb"},"inLanguage":"es-MX","potentialAction":[{"@type":"ReadAction","target":["https:\/\/compuviper.mx\/tienda\/producto\/logitech-981-001223-audifonos-diadema-zone-vibe-100-inalambricos-recargables-control-de-audio-rosa\/"]}]},{"@type":"BreadcrumbList","@id":"https:\/\/compuviper.mx\/tienda\/producto\/logitech-981-001223-audifonos-diadema-zone-vibe-100-inalambricos-recargables-control-de-audio-rosa\/#breadcrumb","itemListElement":[{"@type":"ListItem","position":1,"name":"Inicio","item":"https:\/\/compuviper.mx\/tienda\/"},{"@type":"ListItem","position":2,"name":"Productos","item":"https:\/\/compuviper.mx\/tienda\/productos\/"},{"@type":"ListItem","position":3,"name":"Audifonos Y Micro","item":"https:\/\/compuviper.mx\/tienda\/categoria-producto\/audifonos-y-micro\/"},{"@type":"ListItem","position":4,"name":"Audifono Con Microfono","item":"https:\/\/compuviper.mx\/tienda\/categoria-producto\/audifonos-y-micro\/audifono-con-microfono\/"},{"@type":"ListItem","position":5,"name":"Logitech 981-001223 Audifonos Diadema Zone Vibe 100 Inalambricos Recargables Control De Audio Rosa"}]},{"@type":"WebSite","@id":"https:\/\/compuviper.mx\/tienda\/#website","url":"https:\/\/compuviper.mx\/tienda\/","name":"Compuviper","description":"Proveedor de Computadoras, Laptops, Servidores, Monitores, Puntos de Venta, Teclados,   Impresoras, T\u00f3ner, C\u00e1maras de Seguridad y m\u00e1s en tu tienda en l\u00ednea","publisher":{"@id":"https:\/\/compuviper.mx\/tienda\/#organization"},"potentialAction":[{"@type":"SearchAction","target":{"@type":"EntryPoint","urlTemplate":"https:\/\/compuviper.mx\/tienda\/?s={search_term_string}"},"query-input":"required name=search_term_string"}],"inLanguage":"es-MX"},{"@type":"Organization","@id":"https:\/\/compuviper.mx\/tienda\/#organization","name":"Compuviper","url":"https:\/\/compuviper.mx\/tienda\/","logo":{"@type":"ImageObject","inLanguage":"es-MX","@id":"https:\/\/compuviper.mx\/tienda\/#\/schema\/logo\/image\/","url":"https:\/\/compuviper.mx\/tienda\/wp-content\/uploads\/2021\/08\/Logo-Compuviper-10.png","contentUrl":"https:\/\/compuviper.mx\/tienda\/wp-content\/uploads\/2021\/08\/Logo-Compuviper-10.png","width":1000,"height":500,"caption":"Compuviper"},"image":{"@id":"https:\/\/compuviper.mx\/tienda\/#\/schema\/logo\/image\/"},"sameAs":["https:\/\/www.facebook.com\/compuviper","https:\/\/www.youtube.com\/channel\/UCf73dERp9Y3cfOq7q8BhLjA?view_as=subscriber"]}]},"product_brand":"LOGITECH","product_price_amount":"1200","product_price_currency":"MXN","og_availability":"instock","product_availability":"instock","product_retailer_item_id":"981-001223","product_condition":"new"},"_links":{"self":[{"href":"https:\/\/compuviper.mx\/tienda\/wp-json\/wp\/v2\/product\/225738"}],"collection":[{"href":"https:\/\/compuviper.mx\/tienda\/wp-json\/wp\/v2\/product"}],"about":[{"href":"https:\/\/compuviper.mx\/tienda\/wp-json\/wp\/v2\/types\/product"}],"replies":[{"embeddable":true,"href":"https:\/\/compuviper.mx\/tienda\/wp-json\/wp\/v2\/comments?post=225738"}],"wp:featuredmedia":[{"embeddable":true,"href":"https:\/\/compuviper.mx\/tienda\/wp-json\/wp\/v2\/media\/225739"}],"wp:attachment":[{"href":"https:\/\/compuviper.mx\/tienda\/wp-json\/wp\/v2\/media?parent=225738"}],"wp:term":[{"taxonomy":"product_cat","embeddable":true,"href":"https:\/\/compuviper.mx\/tienda\/wp-json\/wp\/v2\/product_cat?post=225738"},{"taxonomy":"product_tag","embeddable":true,"href":"https:\/\/compuviper.mx\/tienda\/wp-json\/wp\/v2\/product_tag?post=225738"}],"curies":[{"name":"wp","href":"https:\/\/api.w.org\/{rel}","templated":true}]}}