{"id":225673,"date":"2026-04-23T02:00:56","date_gmt":"2026-04-23T08:00:56","guid":{"rendered":"https:\/\/compuviper.mx\/tienda\/producto\/logitech-981-001049-audifonos-gaming-tipo-diadema-g435-lightspeed-black-inalambrico-recargable-18hrs-usb-1ms-lightsync-bluetooth-165-gramos\/"},"modified":"2026-04-23T02:00:57","modified_gmt":"2026-04-23T08:00:57","slug":"logitech-981-001049-audifonos-gaming-g435-lightspeed-inalambrico-recargable-18hrs-de-uso-negro","status":"publish","type":"product","link":"https:\/\/compuviper.mx\/tienda\/producto\/logitech-981-001049-audifonos-gaming-g435-lightspeed-inalambrico-recargable-18hrs-de-uso-negro\/","title":{"rendered":"Logitech 981-001049 Audifonos Gaming  G435 Lightspeed Inalambrico Recargable 18hrs De Uso Negro"},"content":{"rendered":"<table class=\"descripcion\">\n<tr>\n<td>Especificaciones<\/td>\n<\/tr>\n<tr>\n<td>Especificaciones f\u00edsicas<\/td>\n<\/tr>\n<tr>\n<td>Compatibilidad:<\/td>\n<\/tr>\n<tr>\n<td>Tecnolog\u00eda inal\u00e1mbrica lightspeed: puerto usb 2.0 (puerto tipo a). pc con windows\u00ae 10 o posteriores, macos x 10.14 o posteriores, playstation 5 o playstation 4<\/td>\n<\/tr>\n<tr>\n<td>Bluetooth: dispositivos con conectividad de audio bluetooth, incluido ahora nintendo switch.<\/td>\n<\/tr>\n<tr>\n<td>Si es el orgulloso propietario de un auricular g435, es posible que deba recibir una actualizaci\u00f3n que permitir\u00e1 el emparejamiento de bluetooth con su nintendo switch. haga clic aqu\u00ed para actualizar su firmware.<\/td>\n<\/tr>\n<tr>\n<td>Compatibles dolby atmos, tempest 3d audiotech y windows sonic spatial sound<\/td>\n<\/tr>\n<tr>\n<td>Aud\u00edfonos<\/td>\n<\/tr>\n<tr>\n<td>Peso: 165 gramos<\/td>\n<\/tr>\n<tr>\n<td>Dimensiones: 163\u00d7170\u00d771 mm<\/td>\n<\/tr>\n<tr>\n<td>Transductores de audio: 40 mm<\/td>\n<\/tr>\n<tr>\n<td>Respuesta de frecuencia: 20 hz-20 khz<\/td>\n<\/tr>\n<tr>\n<td>Impedancia: 45 ohmios (pasivo)<\/td>\n<\/tr>\n<tr>\n<td>Sensibilidad: 83,1 db spl\/mw<\/td>\n<\/tr>\n<tr>\n<td>Volumen m\u00e1ximo:  100 db con limitador opcional a  85 db<\/td>\n<\/tr>\n<tr>\n<td>Dos micr\u00f3fonos de formaci\u00f3n de haces integrados:<\/td>\n<\/tr>\n<tr>\n<td>Respuesta de frecuencia: 100 hz &#8211; 8 khz<\/td>\n<\/tr>\n<tr>\n<td>Radio de acci\u00f3n inal\u00e1mbrico<\/td>\n<\/tr>\n<tr>\n<td>Hasta 10 metros mediante receptor usb lightspeed o bluetooth<\/td>\n<\/tr>\n<tr>\n<td>Bater\u00eda (recargable):<\/td>\n<\/tr>\n<tr>\n<td>Tiempo de uso: 18 horas<\/td>\n<\/tr>\n<tr>\n<td>Puerto de carga usb-c<\/td>\n<\/tr>\n<tr>\n<td>Cable de carga: usb-a a usb-c<\/td>\n<\/tr>\n<tr>\n<td>Especificaciones de sostenibilidad<\/td>\n<\/tr>\n<tr>\n<td>Pl\u00e1stico reciclado<\/td>\n<\/tr>\n<tr>\n<td>Las piezas de pl\u00e1stico contienen un m\u00ednimo de 22% de pl\u00e1stico reciclado posconsumo por peso, lo que da una segunda vida a los productos electr\u00f3nicos al final de su vida \u00fatil y contribuye a una econom\u00eda m\u00e1s circular.<\/td>\n<\/tr>\n<tr>\n<td>Empacado responsable<\/td>\n<\/tr>\n<tr>\n<td>El empacado de papel procede de bosques con certificaci\u00f3n fsc. al elegir este producto, contribuyes a la conservaci\u00f3n de los bosques del mundo.<\/td>\n<\/tr>\n<tr>\n<td>Certificaci\u00f3n carbonneutral<\/td>\n<\/tr>\n<tr>\n<td>Por cada producto que compres, financiamos compensaciones de carbono certificadas de alta calidad, para reducir a cero la huella de carbono del producto.<\/td>\n<\/tr>\n<tr>\n<td>En la caja<\/td>\n<\/tr>\n<tr>\n<td>Aud\u00edfonos con micr\u00f3fono g435t<\/td>\n<\/tr>\n<tr>\n<td>Receptor inal\u00e1mbrico usb-a lightspeed<\/td>\n<\/tr>\n<tr>\n<td>Cable de carga usb-c a usb-a<\/td>\n<\/tr>\n<tr>\n<td>Documentaci\u00f3n del usuario<\/td>\n<\/tr>\n<tr>\n<td>N\u00famero de referencia<\/td>\n<\/tr>\n<tr>\n<td>Blanco crudo y lila : 981-001073<\/td>\n<\/tr>\n<tr>\n<td>Azul y frambuesa : 981-001061<\/td>\n<\/tr>\n<tr>\n<td>Negro y amarillo fluorescente : 981-001049<\/td>\n<\/tr>\n<tr>\n<td>Informaci\u00f3n de garant\u00eda<\/td>\n<\/tr>\n<tr>\n<td>Dos a\u00f1os de garant\u00eda de hardware limitada<\/td>\n<\/tr>\n<\/table>\n","protected":false},"excerpt":{"rendered":"<p>Diversi\u00f3n continua. Para tus juegos individuales, para el juego con amigos, para m\u00fasica. Los aud\u00edfonos con micr\u00f3fono g435 para juegos se conectan a tu pc, tu celular y otros dispositivos mediante bluetooth\u00ae y tecnolog\u00eda inal\u00e1mbrica lightspeed para juegos. Ofrecen un sonido n\u00edtido y potente, y los micr\u00f3fonos con formaci\u00f3n de haces reducen el ruido de fondo. Adem\u00e1s est\u00e1n hechos con un m\u00ednimo de 22% de pl\u00e1stico reciclado posconsumo. Con los g435 la diversi\u00f3n es constante. M\u00e1s libertad. Conectividad lightspeed y bluetooth. Juega todo el d\u00eda. Ligeros y confortables. Expr\u00e9sate. Tres combinaciones de colores disponibles. Nuestros aud\u00edfonos con micr\u00f3fono para juegos m\u00e1s sostenibles hasta la fecha. Desde el dise\u00f1o a la producci\u00f3n y la entrega, utilizamos pl\u00e1stico reciclado siempre que fue posible, creamos empacado responsable y logramos la certificaci\u00f3n carbonneutral\u00ae para los g435. Hechos con pl\u00e1stico. Reciclado. Las piezas de pl\u00e1stico de los g435 se componen de al menos un 22% de pl\u00e1stico reciclado posconsumo. Por peso. Neutros en carbono. Los g435 tienen la certificaci\u00f3n carbonneutral. Eso significa que la huella de carbono del producto y el embalaje se ha reducido a cero gracias a la inversi\u00f3n que logitech ha realizado en proyectos de compensaci\u00f3n de las emisiones. Empacado responsable. El empacado de papel de los g435 procede de bosques con certificaci\u00f3n fsc\u00ae. Al elegir este producto, contribuyes a la conservaci\u00f3n de los bosques del mundo. Juega con estilo. Los g435 est\u00e1n disponibles en tres combinaciones de colores. Elige la m\u00e1s acorde con tu estilo o alterna el uso de las tres. Tecnolog\u00eda inal\u00e1mbrica lightspeed. Lightspeed es tecnolog\u00eda inal\u00e1mbrica para juegos que te permite jugar con audio de alto desempe\u00f1o, una conectividad robusta y una duraci\u00f3n prolongada de la bater\u00eda. Y todo eso en un radio de acci\u00f3n de hasta 10 metros. Lightspeed se puede usar en pc, mac, playstation\u00ae 4 y playstation 5. Tecnolog\u00eda inal\u00e1mbrica bluetooth. Cuando quieras conectar los g435 a otro dispositivo, puedes hacerlo sin dejar de jugar a tu ritmo, con bluetooth de baja latencia. Y, por supuesto, tambi\u00e9n puedes escuchar m\u00fasica y conversar con tus amigos. 18 horas de uso. Tanto para juegos como para escuchar m\u00fasica, puedes disfrutar de una experiencia inal\u00e1mbrica durante 18 horas con una carga completa. Confort y peso ligero. Con un peso de tan s\u00f3lo 165 gramos, los g435 son ligeros y confortables, aunque los tengas puestos todo el d\u00eda. Buen tama\u00f1o. Los g435 son aptos para una amplia gama de jugadores, pero especialmente para los m\u00e1s j\u00f3venes y los usuarios con cabeza peque\u00f1a.<\/p>\n","protected":false},"featured_media":225674,"comment_status":"open","ping_status":"open","template":"","meta":[],"product_cat":[1552,1822],"product_tag":[1500],"acf":[],"yoast_head":"<!-- This site is optimized with the Yoast SEO plugin v21.7 - https:\/\/yoast.com\/wordpress\/plugins\/seo\/ -->\n<title>[ Logitech ] &#129351; 981-001049 Audifonos Gaming G435 Lightspeed Inalambrico Recargable 18hrs De Uso Negro<\/title>\n<meta name=\"description\" content=\"Compra 981-001049 Audifonos Gaming G435 Lightspeed Inalambrico Recargable 18hrs De Uso Negro + Env\u00edo a domicilio + Pago seguro + Garant\u00eda\" \/>\n<meta name=\"robots\" content=\"index, follow, max-snippet:-1, max-image-preview:large, max-video-preview:-1\" \/>\n<link rel=\"canonical\" href=\"https:\/\/compuviper.mx\/tienda\/producto\/logitech-981-001049-audifonos-gaming-g435-lightspeed-inalambrico-recargable-18hrs-de-uso-negro\/\" \/>\n<meta property=\"og:locale\" content=\"es_MX\" \/>\n<meta property=\"og:type\" content=\"article\" \/>\n<meta property=\"og:title\" content=\"[ Logitech ] &#129351; 981-001049 Audifonos Gaming G435 Lightspeed Inalambrico Recargable 18hrs De Uso Negro\" \/>\n<meta property=\"og:description\" content=\"Compra 981-001049 Audifonos Gaming G435 Lightspeed Inalambrico Recargable 18hrs De Uso Negro + Env\u00edo a domicilio + Pago seguro + Garant\u00eda\" \/>\n<meta property=\"og:url\" content=\"https:\/\/compuviper.mx\/tienda\/producto\/logitech-981-001049-audifonos-gaming-g435-lightspeed-inalambrico-recargable-18hrs-de-uso-negro\/\" \/>\n<meta property=\"og:site_name\" content=\"Compuviper\" \/>\n<meta property=\"article:publisher\" content=\"https:\/\/www.facebook.com\/compuviper\" \/>\n<meta property=\"article:modified_time\" content=\"2026-04-23T08:00:57+00:00\" \/>\n<meta property=\"og:image\" content=\"https:\/\/compuviper.mx\/tienda\/wp-content\/uploads\/2023\/12\/Audifonos-gaming-tipo-diadema-logitech-g435-lightspeed-black-inalambrico-recargable-18hrs-usb-1ms-lightsync-bluetooth-165-gramos.jpg\" \/>\n\t<meta property=\"og:image:width\" content=\"200\" \/>\n\t<meta property=\"og:image:height\" content=\"200\" \/>\n\t<meta property=\"og:image:type\" content=\"image\/jpeg\" \/>\n<meta name=\"twitter:card\" content=\"summary_large_image\" \/>\n<meta name=\"twitter:label1\" content=\"Precio\" \/>\n\t<meta name=\"twitter:data1\" content=\"&#36;1,572 con IVA\" \/>\n\t<meta name=\"twitter:label2\" content=\"Availability\" \/>\n\t<meta name=\"twitter:data2\" content=\"In stock\" \/>\n<script type=\"application\/ld+json\" class=\"yoast-schema-graph\">{\"@context\":\"https:\/\/schema.org\",\"@graph\":[{\"@type\":\"WebPage\",\"@id\":\"https:\/\/compuviper.mx\/tienda\/producto\/logitech-981-001049-audifonos-gaming-g435-lightspeed-inalambrico-recargable-18hrs-de-uso-negro\/\",\"url\":\"https:\/\/compuviper.mx\/tienda\/producto\/logitech-981-001049-audifonos-gaming-g435-lightspeed-inalambrico-recargable-18hrs-de-uso-negro\/\",\"name\":\"[ Logitech ] &#129351; 981-001049 Audifonos Gaming G435 Lightspeed Inalambrico Recargable 18hrs De Uso Negro\",\"isPartOf\":{\"@id\":\"https:\/\/compuviper.mx\/tienda\/#website\"},\"datePublished\":\"2026-04-23T08:00:56+00:00\",\"dateModified\":\"2026-04-23T08:00:57+00:00\",\"description\":\"Compra 981-001049 Audifonos Gaming G435 Lightspeed Inalambrico Recargable 18hrs De Uso Negro + Env\u00edo a domicilio + Pago seguro + Garant\u00eda\",\"breadcrumb\":{\"@id\":\"https:\/\/compuviper.mx\/tienda\/producto\/logitech-981-001049-audifonos-gaming-g435-lightspeed-inalambrico-recargable-18hrs-de-uso-negro\/#breadcrumb\"},\"inLanguage\":\"es-MX\",\"potentialAction\":[{\"@type\":\"ReadAction\",\"target\":[\"https:\/\/compuviper.mx\/tienda\/producto\/logitech-981-001049-audifonos-gaming-g435-lightspeed-inalambrico-recargable-18hrs-de-uso-negro\/\"]}]},{\"@type\":\"BreadcrumbList\",\"@id\":\"https:\/\/compuviper.mx\/tienda\/producto\/logitech-981-001049-audifonos-gaming-g435-lightspeed-inalambrico-recargable-18hrs-de-uso-negro\/#breadcrumb\",\"itemListElement\":[{\"@type\":\"ListItem\",\"position\":1,\"name\":\"Inicio\",\"item\":\"https:\/\/compuviper.mx\/tienda\/\"},{\"@type\":\"ListItem\",\"position\":2,\"name\":\"Productos\",\"item\":\"https:\/\/compuviper.mx\/tienda\/productos\/\"},{\"@type\":\"ListItem\",\"position\":3,\"name\":\"Audifonos Y Micro\",\"item\":\"https:\/\/compuviper.mx\/tienda\/categoria-producto\/audifonos-y-micro\/\"},{\"@type\":\"ListItem\",\"position\":4,\"name\":\"Gamers\",\"item\":\"https:\/\/compuviper.mx\/tienda\/categoria-producto\/audifonos-y-micro\/gamers-audifonos-y-micro\/\"},{\"@type\":\"ListItem\",\"position\":5,\"name\":\"Logitech 981-001049 Audifonos Gaming G435 Lightspeed Inalambrico Recargable 18hrs De Uso Negro\"}]},{\"@type\":\"WebSite\",\"@id\":\"https:\/\/compuviper.mx\/tienda\/#website\",\"url\":\"https:\/\/compuviper.mx\/tienda\/\",\"name\":\"Compuviper\",\"description\":\"Proveedor de Computadoras, Laptops, Servidores, Monitores, Puntos de Venta, Teclados,   Impresoras, T\u00f3ner, C\u00e1maras de Seguridad y m\u00e1s en tu tienda en l\u00ednea\",\"publisher\":{\"@id\":\"https:\/\/compuviper.mx\/tienda\/#organization\"},\"potentialAction\":[{\"@type\":\"SearchAction\",\"target\":{\"@type\":\"EntryPoint\",\"urlTemplate\":\"https:\/\/compuviper.mx\/tienda\/?s={search_term_string}\"},\"query-input\":\"required name=search_term_string\"}],\"inLanguage\":\"es-MX\"},{\"@type\":\"Organization\",\"@id\":\"https:\/\/compuviper.mx\/tienda\/#organization\",\"name\":\"Compuviper\",\"url\":\"https:\/\/compuviper.mx\/tienda\/\",\"logo\":{\"@type\":\"ImageObject\",\"inLanguage\":\"es-MX\",\"@id\":\"https:\/\/compuviper.mx\/tienda\/#\/schema\/logo\/image\/\",\"url\":\"https:\/\/compuviper.mx\/tienda\/wp-content\/uploads\/2021\/08\/Logo-Compuviper-10.png\",\"contentUrl\":\"https:\/\/compuviper.mx\/tienda\/wp-content\/uploads\/2021\/08\/Logo-Compuviper-10.png\",\"width\":1000,\"height\":500,\"caption\":\"Compuviper\"},\"image\":{\"@id\":\"https:\/\/compuviper.mx\/tienda\/#\/schema\/logo\/image\/\"},\"sameAs\":[\"https:\/\/www.facebook.com\/compuviper\",\"https:\/\/www.youtube.com\/channel\/UCf73dERp9Y3cfOq7q8BhLjA?view_as=subscriber\"]}]}<\/script>\n<meta property=\"product:brand\" content=\"LOGITECH\" \/>\n<meta property=\"product:price:amount\" content=\"1572\" \/>\n<meta property=\"product:price:currency\" content=\"MXN\" \/>\n<meta property=\"og:availability\" content=\"instock\" \/>\n<meta property=\"product:availability\" content=\"instock\" \/>\n<meta property=\"product:retailer_item_id\" content=\"981-001049\" \/>\n<meta property=\"product:condition\" content=\"new\" \/>\n<!-- \/ Yoast SEO plugin. -->","yoast_head_json":{"title":"[ Logitech ] &#129351; 981-001049 Audifonos Gaming G435 Lightspeed Inalambrico Recargable 18hrs De Uso Negro","description":"Compra 981-001049 Audifonos Gaming G435 Lightspeed Inalambrico Recargable 18hrs De Uso Negro + Env\u00edo a domicilio + Pago seguro + Garant\u00eda","robots":{"index":"index","follow":"follow","max-snippet":"max-snippet:-1","max-image-preview":"max-image-preview:large","max-video-preview":"max-video-preview:-1"},"canonical":"https:\/\/compuviper.mx\/tienda\/producto\/logitech-981-001049-audifonos-gaming-g435-lightspeed-inalambrico-recargable-18hrs-de-uso-negro\/","og_locale":"es_MX","og_type":"article","og_title":"[ Logitech ] &#129351; 981-001049 Audifonos Gaming G435 Lightspeed Inalambrico Recargable 18hrs De Uso Negro","og_description":"Compra 981-001049 Audifonos Gaming G435 Lightspeed Inalambrico Recargable 18hrs De Uso Negro + Env\u00edo a domicilio + Pago seguro + Garant\u00eda","og_url":"https:\/\/compuviper.mx\/tienda\/producto\/logitech-981-001049-audifonos-gaming-g435-lightspeed-inalambrico-recargable-18hrs-de-uso-negro\/","og_site_name":"Compuviper","article_publisher":"https:\/\/www.facebook.com\/compuviper","article_modified_time":"2026-04-23T08:00:57+00:00","og_image":[{"width":200,"height":200,"url":"https:\/\/compuviper.mx\/tienda\/wp-content\/uploads\/2023\/12\/Audifonos-gaming-tipo-diadema-logitech-g435-lightspeed-black-inalambrico-recargable-18hrs-usb-1ms-lightsync-bluetooth-165-gramos.jpg","type":"image\/jpeg"}],"twitter_card":"summary_large_image","twitter_misc":{"Precio":"&#36;1,572 con IVA","Availability":"In stock"},"schema":{"@context":"https:\/\/schema.org","@graph":[{"@type":"WebPage","@id":"https:\/\/compuviper.mx\/tienda\/producto\/logitech-981-001049-audifonos-gaming-g435-lightspeed-inalambrico-recargable-18hrs-de-uso-negro\/","url":"https:\/\/compuviper.mx\/tienda\/producto\/logitech-981-001049-audifonos-gaming-g435-lightspeed-inalambrico-recargable-18hrs-de-uso-negro\/","name":"[ Logitech ] &#129351; 981-001049 Audifonos Gaming G435 Lightspeed Inalambrico Recargable 18hrs De Uso Negro","isPartOf":{"@id":"https:\/\/compuviper.mx\/tienda\/#website"},"datePublished":"2026-04-23T08:00:56+00:00","dateModified":"2026-04-23T08:00:57+00:00","description":"Compra 981-001049 Audifonos Gaming G435 Lightspeed Inalambrico Recargable 18hrs De Uso Negro + Env\u00edo a domicilio + Pago seguro + Garant\u00eda","breadcrumb":{"@id":"https:\/\/compuviper.mx\/tienda\/producto\/logitech-981-001049-audifonos-gaming-g435-lightspeed-inalambrico-recargable-18hrs-de-uso-negro\/#breadcrumb"},"inLanguage":"es-MX","potentialAction":[{"@type":"ReadAction","target":["https:\/\/compuviper.mx\/tienda\/producto\/logitech-981-001049-audifonos-gaming-g435-lightspeed-inalambrico-recargable-18hrs-de-uso-negro\/"]}]},{"@type":"BreadcrumbList","@id":"https:\/\/compuviper.mx\/tienda\/producto\/logitech-981-001049-audifonos-gaming-g435-lightspeed-inalambrico-recargable-18hrs-de-uso-negro\/#breadcrumb","itemListElement":[{"@type":"ListItem","position":1,"name":"Inicio","item":"https:\/\/compuviper.mx\/tienda\/"},{"@type":"ListItem","position":2,"name":"Productos","item":"https:\/\/compuviper.mx\/tienda\/productos\/"},{"@type":"ListItem","position":3,"name":"Audifonos Y Micro","item":"https:\/\/compuviper.mx\/tienda\/categoria-producto\/audifonos-y-micro\/"},{"@type":"ListItem","position":4,"name":"Gamers","item":"https:\/\/compuviper.mx\/tienda\/categoria-producto\/audifonos-y-micro\/gamers-audifonos-y-micro\/"},{"@type":"ListItem","position":5,"name":"Logitech 981-001049 Audifonos Gaming G435 Lightspeed Inalambrico Recargable 18hrs De Uso Negro"}]},{"@type":"WebSite","@id":"https:\/\/compuviper.mx\/tienda\/#website","url":"https:\/\/compuviper.mx\/tienda\/","name":"Compuviper","description":"Proveedor de Computadoras, Laptops, Servidores, Monitores, Puntos de Venta, Teclados,   Impresoras, T\u00f3ner, C\u00e1maras de Seguridad y m\u00e1s en tu tienda en l\u00ednea","publisher":{"@id":"https:\/\/compuviper.mx\/tienda\/#organization"},"potentialAction":[{"@type":"SearchAction","target":{"@type":"EntryPoint","urlTemplate":"https:\/\/compuviper.mx\/tienda\/?s={search_term_string}"},"query-input":"required name=search_term_string"}],"inLanguage":"es-MX"},{"@type":"Organization","@id":"https:\/\/compuviper.mx\/tienda\/#organization","name":"Compuviper","url":"https:\/\/compuviper.mx\/tienda\/","logo":{"@type":"ImageObject","inLanguage":"es-MX","@id":"https:\/\/compuviper.mx\/tienda\/#\/schema\/logo\/image\/","url":"https:\/\/compuviper.mx\/tienda\/wp-content\/uploads\/2021\/08\/Logo-Compuviper-10.png","contentUrl":"https:\/\/compuviper.mx\/tienda\/wp-content\/uploads\/2021\/08\/Logo-Compuviper-10.png","width":1000,"height":500,"caption":"Compuviper"},"image":{"@id":"https:\/\/compuviper.mx\/tienda\/#\/schema\/logo\/image\/"},"sameAs":["https:\/\/www.facebook.com\/compuviper","https:\/\/www.youtube.com\/channel\/UCf73dERp9Y3cfOq7q8BhLjA?view_as=subscriber"]}]},"product_brand":"LOGITECH","product_price_amount":"1572","product_price_currency":"MXN","og_availability":"instock","product_availability":"instock","product_retailer_item_id":"981-001049","product_condition":"new"},"_links":{"self":[{"href":"https:\/\/compuviper.mx\/tienda\/wp-json\/wp\/v2\/product\/225673"}],"collection":[{"href":"https:\/\/compuviper.mx\/tienda\/wp-json\/wp\/v2\/product"}],"about":[{"href":"https:\/\/compuviper.mx\/tienda\/wp-json\/wp\/v2\/types\/product"}],"replies":[{"embeddable":true,"href":"https:\/\/compuviper.mx\/tienda\/wp-json\/wp\/v2\/comments?post=225673"}],"wp:featuredmedia":[{"embeddable":true,"href":"https:\/\/compuviper.mx\/tienda\/wp-json\/wp\/v2\/media\/225674"}],"wp:attachment":[{"href":"https:\/\/compuviper.mx\/tienda\/wp-json\/wp\/v2\/media?parent=225673"}],"wp:term":[{"taxonomy":"product_cat","embeddable":true,"href":"https:\/\/compuviper.mx\/tienda\/wp-json\/wp\/v2\/product_cat?post=225673"},{"taxonomy":"product_tag","embeddable":true,"href":"https:\/\/compuviper.mx\/tienda\/wp-json\/wp\/v2\/product_tag?post=225673"}],"curies":[{"name":"wp","href":"https:\/\/api.w.org\/{rel}","templated":true}]}}