{"id":225657,"date":"2026-04-25T01:55:39","date_gmt":"2026-04-25T07:55:39","guid":{"rendered":"https:\/\/compuviper.mx\/tienda\/producto\/balam-rush-br-932967-microfono-gamer-stelar-mc970-usb-puerto-xlr-unidireccional-con-soporte-de-brazo-filtro-anti-pop-rotacion-360-negro\/"},"modified":"2026-04-25T01:55:39","modified_gmt":"2026-04-25T07:55:39","slug":"balam-rush-br-932967-microfono-gamer-stelar-mc970-usb-puerto-xlr-unidireccional-con-soporte-de-brazo-filtro-anti-pop-rotacion-360-negro","status":"publish","type":"product","link":"https:\/\/compuviper.mx\/tienda\/producto\/balam-rush-br-932967-microfono-gamer-stelar-mc970-usb-puerto-xlr-unidireccional-con-soporte-de-brazo-filtro-anti-pop-rotacion-360-negro\/","title":{"rendered":"Balam Rush Br-932967 Microfono Gamer  Stelar Mc970 \/ Usb \/ Puerto Xlr \/ Unidireccional \/ Con Soporte De Brazo \/ Filtro Anti Pop \/ Rotacion 360 \/ Negro \/"},"content":{"rendered":"<table class=\"descripcion\">\n<tr>\n<td>Microfono<\/td>\n<\/tr>\n<tr>\n<td>Producto: mirofono con soporte<\/td>\n<\/tr>\n<tr>\n<td>Modelo: br-932967<\/td>\n<\/tr>\n<tr>\n<td>Codigo ean-13: 7506215932967<\/td>\n<\/tr>\n<tr>\n<td>Compatibilidad: dows, macos<\/td>\n<\/tr>\n<tr>\n<td>Tipo: usb<\/td>\n<\/tr>\n<tr>\n<td>Microfono:<\/td>\n<\/tr>\n<tr>\n<td>Patron polar: unidireccional cardioide<\/td>\n<\/tr>\n<tr>\n<td>Sensibilidad: 34 \u00b1 3 db<\/td>\n<\/tr>\n<tr>\n<td>Impedancia: 160 and 937;<\/td>\n<\/tr>\n<tr>\n<td>Frecuencia de respuesta: 20 hz &#8211; 20 khz<\/td>\n<\/tr>\n<tr>\n<td>Profundidad de bits: 16 bit<\/td>\n<\/tr>\n<tr>\n<td>Tasa de muestreo: 48 khz<\/td>\n<\/tr>\n<tr>\n<td>Nivel de presion sonora: 130 db<\/td>\n<\/tr>\n<tr>\n<td>Filtro antipop: si<\/td>\n<\/tr>\n<tr>\n<td>Condensador:<\/td>\n<\/tr>\n<tr>\n<td>Cantidad: 1<\/td>\n<\/tr>\n<tr>\n<td>Tamao mm: 1.8cm<\/td>\n<\/tr>\n<tr>\n<td>Cable principal:<\/td>\n<\/tr>\n<tr>\n<td>Conector: usb b removible \u0096 usb<\/td>\n<\/tr>\n<tr>\n<td>Version: usb 2.0 480 mbps<\/td>\n<\/tr>\n<tr>\n<td>Longitud cm: 150 cm<\/td>\n<\/tr>\n<tr>\n<td>Material: plastico<\/td>\n<\/tr>\n<tr>\n<td>Brazo:<\/td>\n<\/tr>\n<tr>\n<td>Ajuste: si<\/td>\n<\/tr>\n<tr>\n<td>Material: aleacion de aluminio<\/td>\n<\/tr>\n<tr>\n<td>Dimensiones mm: 0  12  2 cm<\/td>\n<\/tr>\n<tr>\n<td>Puerto xlr: si<\/td>\n<\/tr>\n<tr>\n<td>Grados de  inclinacion: 180\u00ba<\/td>\n<\/tr>\n<tr>\n<td>Grados de rotacion: 360\u00ba<\/td>\n<\/tr>\n<tr>\n<td>Material: abs  metal<\/td>\n<\/tr>\n<tr>\n<td>Color: negro<\/td>\n<\/tr>\n<tr>\n<td>Dimensiones microfono: 42  42  150 mm<\/td>\n<\/tr>\n<tr>\n<td>Peso: 09 g 970 g con soporte<\/td>\n<\/tr>\n<\/table>\n","protected":false},"excerpt":{"rendered":"<p>Stelar mc970. Microfono condensador usb unidireccional.  And 9654; calidad de audio profesional.   And 9654; soporte de brazo.  And 9654; filtro anti-pop.  And 9654; 360\u00b0 de rotacin.  And 9654; compatible con windows y macos<\/p>\n","protected":false},"featured_media":225658,"comment_status":"open","ping_status":"open","template":"","meta":[],"product_cat":[1552,1999],"product_tag":[2097],"acf":[],"yoast_head":"<!-- This site is optimized with the Yoast SEO plugin v21.7 - https:\/\/yoast.com\/wordpress\/plugins\/seo\/ -->\n<title>[ Balam Rush ] &#129351; Br-932967 Microfono Gamer Stelar Mc970 \/ Usb \/ Puerto Xlr \/ Unidireccional \/ Con Soporte De Brazo \/ Filtro Anti Pop \/ Rotacion 360 \/ Negro \/<\/title>\n<meta name=\"description\" content=\"Compra Br-932967 Microfono Gamer Stelar Mc970 \/ Usb \/ Puerto Xlr \/ Unidireccional \/ Con Soporte De Brazo \/ Filtro Anti Pop \/ Rotacion 360 \/ Negro \/ + Env\u00edo a domicilio + Pago seguro + Garant\u00eda\" \/>\n<meta name=\"robots\" content=\"index, follow, max-snippet:-1, max-image-preview:large, max-video-preview:-1\" \/>\n<link rel=\"canonical\" href=\"https:\/\/compuviper.mx\/tienda\/producto\/balam-rush-br-932967-microfono-gamer-stelar-mc970-usb-puerto-xlr-unidireccional-con-soporte-de-brazo-filtro-anti-pop-rotacion-360-negro\/\" \/>\n<meta property=\"og:locale\" content=\"es_MX\" \/>\n<meta property=\"og:type\" content=\"article\" \/>\n<meta property=\"og:title\" content=\"[ Balam Rush ] &#129351; Br-932967 Microfono Gamer Stelar Mc970 \/ Usb \/ Puerto Xlr \/ Unidireccional \/ Con Soporte De Brazo \/ Filtro Anti Pop \/ Rotacion 360 \/ Negro \/\" \/>\n<meta property=\"og:description\" content=\"Compra Br-932967 Microfono Gamer Stelar Mc970 \/ Usb \/ Puerto Xlr \/ Unidireccional \/ Con Soporte De Brazo \/ Filtro Anti Pop \/ Rotacion 360 \/ Negro \/ + Env\u00edo a domicilio + Pago seguro + Garant\u00eda\" \/>\n<meta property=\"og:url\" content=\"https:\/\/compuviper.mx\/tienda\/producto\/balam-rush-br-932967-microfono-gamer-stelar-mc970-usb-puerto-xlr-unidireccional-con-soporte-de-brazo-filtro-anti-pop-rotacion-360-negro\/\" \/>\n<meta property=\"og:site_name\" content=\"Compuviper\" \/>\n<meta property=\"article:publisher\" content=\"https:\/\/www.facebook.com\/compuviper\" \/>\n<meta property=\"og:image\" content=\"https:\/\/compuviper.mx\/tienda\/wp-content\/uploads\/2023\/12\/Microfono-gamer-balam-rush-stelar-mc970-usb-puerto-xlr-unidireccional-con-soporte-de-brazo-filtro-anti-pop-rotacion-360\u00b0-negro-br-932967.jpg\" \/>\n\t<meta property=\"og:image:width\" content=\"200\" \/>\n\t<meta property=\"og:image:height\" content=\"200\" \/>\n\t<meta property=\"og:image:type\" content=\"image\/jpeg\" \/>\n<meta name=\"twitter:card\" content=\"summary_large_image\" \/>\n<meta name=\"twitter:label1\" content=\"Precio\" \/>\n\t<meta name=\"twitter:data1\" content=\"&#36;613 con IVA\" \/>\n\t<meta name=\"twitter:label2\" content=\"Availability\" \/>\n\t<meta name=\"twitter:data2\" content=\"Out of stock\" \/>\n<script type=\"application\/ld+json\" class=\"yoast-schema-graph\">{\"@context\":\"https:\/\/schema.org\",\"@graph\":[{\"@type\":\"WebPage\",\"@id\":\"https:\/\/compuviper.mx\/tienda\/producto\/balam-rush-br-932967-microfono-gamer-stelar-mc970-usb-puerto-xlr-unidireccional-con-soporte-de-brazo-filtro-anti-pop-rotacion-360-negro\/\",\"url\":\"https:\/\/compuviper.mx\/tienda\/producto\/balam-rush-br-932967-microfono-gamer-stelar-mc970-usb-puerto-xlr-unidireccional-con-soporte-de-brazo-filtro-anti-pop-rotacion-360-negro\/\",\"name\":\"[ Balam Rush ] &#129351; Br-932967 Microfono Gamer Stelar Mc970 \/ Usb \/ Puerto Xlr \/ Unidireccional \/ Con Soporte De Brazo \/ Filtro Anti Pop \/ Rotacion 360 \/ Negro \/\",\"isPartOf\":{\"@id\":\"https:\/\/compuviper.mx\/tienda\/#website\"},\"datePublished\":\"2026-04-25T07:55:39+00:00\",\"dateModified\":\"2026-04-25T07:55:39+00:00\",\"description\":\"Compra Br-932967 Microfono Gamer Stelar Mc970 \/ Usb \/ Puerto Xlr \/ Unidireccional \/ Con Soporte De Brazo \/ Filtro Anti Pop \/ Rotacion 360 \/ Negro \/ + Env\u00edo a domicilio + Pago seguro + Garant\u00eda\",\"breadcrumb\":{\"@id\":\"https:\/\/compuviper.mx\/tienda\/producto\/balam-rush-br-932967-microfono-gamer-stelar-mc970-usb-puerto-xlr-unidireccional-con-soporte-de-brazo-filtro-anti-pop-rotacion-360-negro\/#breadcrumb\"},\"inLanguage\":\"es-MX\",\"potentialAction\":[{\"@type\":\"ReadAction\",\"target\":[\"https:\/\/compuviper.mx\/tienda\/producto\/balam-rush-br-932967-microfono-gamer-stelar-mc970-usb-puerto-xlr-unidireccional-con-soporte-de-brazo-filtro-anti-pop-rotacion-360-negro\/\"]}]},{\"@type\":\"BreadcrumbList\",\"@id\":\"https:\/\/compuviper.mx\/tienda\/producto\/balam-rush-br-932967-microfono-gamer-stelar-mc970-usb-puerto-xlr-unidireccional-con-soporte-de-brazo-filtro-anti-pop-rotacion-360-negro\/#breadcrumb\",\"itemListElement\":[{\"@type\":\"ListItem\",\"position\":1,\"name\":\"Inicio\",\"item\":\"https:\/\/compuviper.mx\/tienda\/\"},{\"@type\":\"ListItem\",\"position\":2,\"name\":\"Productos\",\"item\":\"https:\/\/compuviper.mx\/tienda\/productos\/\"},{\"@type\":\"ListItem\",\"position\":3,\"name\":\"Audifonos Y Micro\",\"item\":\"https:\/\/compuviper.mx\/tienda\/categoria-producto\/audifonos-y-micro\/\"},{\"@type\":\"ListItem\",\"position\":4,\"name\":\"Microfono\",\"item\":\"https:\/\/compuviper.mx\/tienda\/categoria-producto\/audifonos-y-micro\/microfono\/\"},{\"@type\":\"ListItem\",\"position\":5,\"name\":\"Balam Rush Br-932967 Microfono Gamer Stelar Mc970 \/ Usb \/ Puerto Xlr \/ Unidireccional \/ Con Soporte De Brazo \/ Filtro Anti Pop \/ Rotacion 360 \/ Negro \/\"}]},{\"@type\":\"WebSite\",\"@id\":\"https:\/\/compuviper.mx\/tienda\/#website\",\"url\":\"https:\/\/compuviper.mx\/tienda\/\",\"name\":\"Compuviper\",\"description\":\"Proveedor de Computadoras, Laptops, Servidores, Monitores, Puntos de Venta, Teclados,   Impresoras, T\u00f3ner, C\u00e1maras de Seguridad y m\u00e1s en tu tienda en l\u00ednea\",\"publisher\":{\"@id\":\"https:\/\/compuviper.mx\/tienda\/#organization\"},\"potentialAction\":[{\"@type\":\"SearchAction\",\"target\":{\"@type\":\"EntryPoint\",\"urlTemplate\":\"https:\/\/compuviper.mx\/tienda\/?s={search_term_string}\"},\"query-input\":\"required name=search_term_string\"}],\"inLanguage\":\"es-MX\"},{\"@type\":\"Organization\",\"@id\":\"https:\/\/compuviper.mx\/tienda\/#organization\",\"name\":\"Compuviper\",\"url\":\"https:\/\/compuviper.mx\/tienda\/\",\"logo\":{\"@type\":\"ImageObject\",\"inLanguage\":\"es-MX\",\"@id\":\"https:\/\/compuviper.mx\/tienda\/#\/schema\/logo\/image\/\",\"url\":\"https:\/\/compuviper.mx\/tienda\/wp-content\/uploads\/2021\/08\/Logo-Compuviper-10.png\",\"contentUrl\":\"https:\/\/compuviper.mx\/tienda\/wp-content\/uploads\/2021\/08\/Logo-Compuviper-10.png\",\"width\":1000,\"height\":500,\"caption\":\"Compuviper\"},\"image\":{\"@id\":\"https:\/\/compuviper.mx\/tienda\/#\/schema\/logo\/image\/\"},\"sameAs\":[\"https:\/\/www.facebook.com\/compuviper\",\"https:\/\/www.youtube.com\/channel\/UCf73dERp9Y3cfOq7q8BhLjA?view_as=subscriber\"]}]}<\/script>\n<meta property=\"product:brand\" content=\"Balam Rush\" \/>\n<meta property=\"product:price:amount\" content=\"613\" \/>\n<meta property=\"product:price:currency\" content=\"MXN\" \/>\n<meta property=\"og:availability\" content=\"out of stock\" \/>\n<meta property=\"product:availability\" content=\"out of stock\" \/>\n<meta property=\"product:retailer_item_id\" content=\"BR-932967\" \/>\n<meta property=\"product:condition\" content=\"new\" \/>\n<!-- \/ Yoast SEO plugin. -->","yoast_head_json":{"title":"[ Balam Rush ] &#129351; Br-932967 Microfono Gamer Stelar Mc970 \/ Usb \/ Puerto Xlr \/ Unidireccional \/ Con Soporte De Brazo \/ Filtro Anti Pop \/ Rotacion 360 \/ Negro \/","description":"Compra Br-932967 Microfono Gamer Stelar Mc970 \/ Usb \/ Puerto Xlr \/ Unidireccional \/ Con Soporte De Brazo \/ Filtro Anti Pop \/ Rotacion 360 \/ Negro \/ + Env\u00edo a domicilio + Pago seguro + Garant\u00eda","robots":{"index":"index","follow":"follow","max-snippet":"max-snippet:-1","max-image-preview":"max-image-preview:large","max-video-preview":"max-video-preview:-1"},"canonical":"https:\/\/compuviper.mx\/tienda\/producto\/balam-rush-br-932967-microfono-gamer-stelar-mc970-usb-puerto-xlr-unidireccional-con-soporte-de-brazo-filtro-anti-pop-rotacion-360-negro\/","og_locale":"es_MX","og_type":"article","og_title":"[ Balam Rush ] &#129351; Br-932967 Microfono Gamer Stelar Mc970 \/ Usb \/ Puerto Xlr \/ Unidireccional \/ Con Soporte De Brazo \/ Filtro Anti Pop \/ Rotacion 360 \/ Negro \/","og_description":"Compra Br-932967 Microfono Gamer Stelar Mc970 \/ Usb \/ Puerto Xlr \/ Unidireccional \/ Con Soporte De Brazo \/ Filtro Anti Pop \/ Rotacion 360 \/ Negro \/ + Env\u00edo a domicilio + Pago seguro + Garant\u00eda","og_url":"https:\/\/compuviper.mx\/tienda\/producto\/balam-rush-br-932967-microfono-gamer-stelar-mc970-usb-puerto-xlr-unidireccional-con-soporte-de-brazo-filtro-anti-pop-rotacion-360-negro\/","og_site_name":"Compuviper","article_publisher":"https:\/\/www.facebook.com\/compuviper","og_image":[{"width":200,"height":200,"url":"https:\/\/compuviper.mx\/tienda\/wp-content\/uploads\/2023\/12\/Microfono-gamer-balam-rush-stelar-mc970-usb-puerto-xlr-unidireccional-con-soporte-de-brazo-filtro-anti-pop-rotacion-360\u00b0-negro-br-932967.jpg","type":"image\/jpeg"}],"twitter_card":"summary_large_image","twitter_misc":{"Precio":"&#36;613 con IVA","Availability":"Out of stock"},"schema":{"@context":"https:\/\/schema.org","@graph":[{"@type":"WebPage","@id":"https:\/\/compuviper.mx\/tienda\/producto\/balam-rush-br-932967-microfono-gamer-stelar-mc970-usb-puerto-xlr-unidireccional-con-soporte-de-brazo-filtro-anti-pop-rotacion-360-negro\/","url":"https:\/\/compuviper.mx\/tienda\/producto\/balam-rush-br-932967-microfono-gamer-stelar-mc970-usb-puerto-xlr-unidireccional-con-soporte-de-brazo-filtro-anti-pop-rotacion-360-negro\/","name":"[ Balam Rush ] &#129351; Br-932967 Microfono Gamer Stelar Mc970 \/ Usb \/ Puerto Xlr \/ Unidireccional \/ Con Soporte De Brazo \/ Filtro Anti Pop \/ Rotacion 360 \/ Negro \/","isPartOf":{"@id":"https:\/\/compuviper.mx\/tienda\/#website"},"datePublished":"2026-04-25T07:55:39+00:00","dateModified":"2026-04-25T07:55:39+00:00","description":"Compra Br-932967 Microfono Gamer Stelar Mc970 \/ Usb \/ Puerto Xlr \/ Unidireccional \/ Con Soporte De Brazo \/ Filtro Anti Pop \/ Rotacion 360 \/ Negro \/ + Env\u00edo a domicilio + Pago seguro + Garant\u00eda","breadcrumb":{"@id":"https:\/\/compuviper.mx\/tienda\/producto\/balam-rush-br-932967-microfono-gamer-stelar-mc970-usb-puerto-xlr-unidireccional-con-soporte-de-brazo-filtro-anti-pop-rotacion-360-negro\/#breadcrumb"},"inLanguage":"es-MX","potentialAction":[{"@type":"ReadAction","target":["https:\/\/compuviper.mx\/tienda\/producto\/balam-rush-br-932967-microfono-gamer-stelar-mc970-usb-puerto-xlr-unidireccional-con-soporte-de-brazo-filtro-anti-pop-rotacion-360-negro\/"]}]},{"@type":"BreadcrumbList","@id":"https:\/\/compuviper.mx\/tienda\/producto\/balam-rush-br-932967-microfono-gamer-stelar-mc970-usb-puerto-xlr-unidireccional-con-soporte-de-brazo-filtro-anti-pop-rotacion-360-negro\/#breadcrumb","itemListElement":[{"@type":"ListItem","position":1,"name":"Inicio","item":"https:\/\/compuviper.mx\/tienda\/"},{"@type":"ListItem","position":2,"name":"Productos","item":"https:\/\/compuviper.mx\/tienda\/productos\/"},{"@type":"ListItem","position":3,"name":"Audifonos Y Micro","item":"https:\/\/compuviper.mx\/tienda\/categoria-producto\/audifonos-y-micro\/"},{"@type":"ListItem","position":4,"name":"Microfono","item":"https:\/\/compuviper.mx\/tienda\/categoria-producto\/audifonos-y-micro\/microfono\/"},{"@type":"ListItem","position":5,"name":"Balam Rush Br-932967 Microfono Gamer Stelar Mc970 \/ Usb \/ Puerto Xlr \/ Unidireccional \/ Con Soporte De Brazo \/ Filtro Anti Pop \/ Rotacion 360 \/ Negro \/"}]},{"@type":"WebSite","@id":"https:\/\/compuviper.mx\/tienda\/#website","url":"https:\/\/compuviper.mx\/tienda\/","name":"Compuviper","description":"Proveedor de Computadoras, Laptops, Servidores, Monitores, Puntos de Venta, Teclados,   Impresoras, T\u00f3ner, C\u00e1maras de Seguridad y m\u00e1s en tu tienda en l\u00ednea","publisher":{"@id":"https:\/\/compuviper.mx\/tienda\/#organization"},"potentialAction":[{"@type":"SearchAction","target":{"@type":"EntryPoint","urlTemplate":"https:\/\/compuviper.mx\/tienda\/?s={search_term_string}"},"query-input":"required name=search_term_string"}],"inLanguage":"es-MX"},{"@type":"Organization","@id":"https:\/\/compuviper.mx\/tienda\/#organization","name":"Compuviper","url":"https:\/\/compuviper.mx\/tienda\/","logo":{"@type":"ImageObject","inLanguage":"es-MX","@id":"https:\/\/compuviper.mx\/tienda\/#\/schema\/logo\/image\/","url":"https:\/\/compuviper.mx\/tienda\/wp-content\/uploads\/2021\/08\/Logo-Compuviper-10.png","contentUrl":"https:\/\/compuviper.mx\/tienda\/wp-content\/uploads\/2021\/08\/Logo-Compuviper-10.png","width":1000,"height":500,"caption":"Compuviper"},"image":{"@id":"https:\/\/compuviper.mx\/tienda\/#\/schema\/logo\/image\/"},"sameAs":["https:\/\/www.facebook.com\/compuviper","https:\/\/www.youtube.com\/channel\/UCf73dERp9Y3cfOq7q8BhLjA?view_as=subscriber"]}]},"product_brand":"Balam Rush","product_price_amount":"613","product_price_currency":"MXN","og_availability":"out of stock","product_availability":"out of stock","product_retailer_item_id":"BR-932967","product_condition":"new"},"_links":{"self":[{"href":"https:\/\/compuviper.mx\/tienda\/wp-json\/wp\/v2\/product\/225657"}],"collection":[{"href":"https:\/\/compuviper.mx\/tienda\/wp-json\/wp\/v2\/product"}],"about":[{"href":"https:\/\/compuviper.mx\/tienda\/wp-json\/wp\/v2\/types\/product"}],"replies":[{"embeddable":true,"href":"https:\/\/compuviper.mx\/tienda\/wp-json\/wp\/v2\/comments?post=225657"}],"wp:featuredmedia":[{"embeddable":true,"href":"https:\/\/compuviper.mx\/tienda\/wp-json\/wp\/v2\/media\/225658"}],"wp:attachment":[{"href":"https:\/\/compuviper.mx\/tienda\/wp-json\/wp\/v2\/media?parent=225657"}],"wp:term":[{"taxonomy":"product_cat","embeddable":true,"href":"https:\/\/compuviper.mx\/tienda\/wp-json\/wp\/v2\/product_cat?post=225657"},{"taxonomy":"product_tag","embeddable":true,"href":"https:\/\/compuviper.mx\/tienda\/wp-json\/wp\/v2\/product_tag?post=225657"}],"curies":[{"name":"wp","href":"https:\/\/api.w.org\/{rel}","templated":true}]}}