{"id":225645,"date":"2026-04-02T02:03:50","date_gmt":"2026-04-02T08:03:50","guid":{"rendered":"https:\/\/compuviper.mx\/tienda\/producto\/logitech-980-001347-bocinas-z407-2-1-bluetooth-con-control-inalambrico-para-computadora-bluetooth-micro-usb-3-5mm\/"},"modified":"2026-04-02T02:03:51","modified_gmt":"2026-04-02T08:03:51","slug":"logitech-980-001347-bocinas-z407-2-1-bluetooth-con-control-inalambrico-para-computadora-bluetooth-micro-usb-3-5mm","status":"publish","type":"product","link":"https:\/\/compuviper.mx\/tienda\/producto\/logitech-980-001347-bocinas-z407-2-1-bluetooth-con-control-inalambrico-para-computadora-bluetooth-micro-usb-3-5mm\/","title":{"rendered":"Logitech 980-001347 Bocinas  Z407 2.1 Bluetooth Con Control Inalambrico Para Computadora, Bluetooth, Micro Usb, 3.5mm"},"content":{"rendered":"<table class=\"descripcion\">\n<tr>\n<td>Especificaciones y detalles<\/td>\n<\/tr>\n<tr>\n<td>Asistencia<\/td>\n<\/tr>\n<tr>\n<td>Dimensiones<\/td>\n<\/tr>\n<tr>\n<td>Altavoz sat\u00e9lite<\/td>\n<\/tr>\n<tr>\n<td>Altura: 199.9 mm<\/td>\n<\/tr>\n<tr>\n<td>Anchura: 93.9 mm<\/td>\n<\/tr>\n<tr>\n<td>Profundidad: 85.2 mm<\/td>\n<\/tr>\n<tr>\n<td>Peso: 389.6 g<\/td>\n<\/tr>\n<tr>\n<td>Subwoofer<\/td>\n<\/tr>\n<tr>\n<td>Altura: 240 mm<\/td>\n<\/tr>\n<tr>\n<td>Anchura: 234 mm<\/td>\n<\/tr>\n<tr>\n<td>Profundidad: 180 mm<\/td>\n<\/tr>\n<tr>\n<td>Peso: 2450.6 g<\/td>\n<\/tr>\n<tr>\n<td>Control giratorio inal\u00e1mbrico<\/td>\n<\/tr>\n<tr>\n<td>Di\u00e1metro: 69.9 mm<\/td>\n<\/tr>\n<tr>\n<td>Altura: 29.4 mm<\/td>\n<\/tr>\n<tr>\n<td>Peso: 51.8 g<\/td>\n<\/tr>\n<tr>\n<td>Requisitos del sistema<\/td>\n<\/tr>\n<tr>\n<td>Funcionan con computadoras windows\u00ae, mac o chrome\u0099 a trav\u00e9s de aux, usb-a, bluetooth y dispositivos ios o android con bluetooth.<\/td>\n<\/tr>\n<tr>\n<td>Especificaciones t\u00e9cnicas<\/td>\n<\/tr>\n<tr>\n<td>Total de vatios (pico): 80w<\/td>\n<\/tr>\n<tr>\n<td>Total de vatios reales (rms): 40w<\/td>\n<\/tr>\n<tr>\n<td>Subwoofer: 20w<\/td>\n<\/tr>\n<tr>\n<td>Altavoces sat\u00e9lite: 2 x 10w<\/td>\n<\/tr>\n<tr>\n<td>Entrada de 3.5 mm: 1<\/td>\n<\/tr>\n<tr>\n<td>Entrada micro usb: 1<\/td>\n<\/tr>\n<tr>\n<td>Bluetooth: 5.0<\/td>\n<\/tr>\n<tr>\n<td>Controles: botones de encendido, volumen, control de graves, silenciar, anular silencio, avance de pista, rebobinado, emparejamiento bluetooth, cambio de fuente, etc., en control inal\u00e1mbrico.<\/td>\n<\/tr>\n<tr>\n<td>Funciones adicionales<\/td>\n<\/tr>\n<tr>\n<td>Radio de acci\u00f3n inal\u00e1mbrico de 20 metros 2el radio de acci\u00f3n inal\u00e1mbrico depende de las condiciones ambientales.<\/td>\n<\/tr>\n<tr>\n<td>Duraci\u00f3n de bater\u00edas de 12 meses (2 bater\u00edas aaa incluidas) 3seg\u00fan el uso del control giratorio 16 veces, cada vez con pulsaci\u00f3n o rotaci\u00f3n normal por d\u00eda. la duraci\u00f3n real de las bater\u00edas depender\u00e1 del uso, la configuraci\u00f3n y las condiciones ambientales.<\/td>\n<\/tr>\n<tr>\n<td>Contenido de la caja<\/td>\n<\/tr>\n<tr>\n<td>Dos bocinas sat\u00e9lite<\/td>\n<\/tr>\n<tr>\n<td>Subwoofer<\/td>\n<\/tr>\n<tr>\n<td>Cable de 3.5 mm<\/td>\n<\/tr>\n<tr>\n<td>Documentaci\u00f3n del usuario<\/td>\n<\/tr>\n<tr>\n<td>*el cable de datos usb no se incluye. debe adquirirse por separado. debes usar un cable de datos usb para conectar z407.<\/td>\n<\/tr>\n<tr>\n<td>Informaci\u00f3n de garant\u00eda<\/td>\n<\/tr>\n<tr>\n<td>Un a\u00f1o de garant\u00eda de hardware limitada<\/td>\n<\/tr>\n<tr>\n<td>N\u00famero de referencia<\/td>\n<\/tr>\n<tr>\n<td>980-001347<\/td>\n<\/tr>\n<\/table>\n","protected":false},"excerpt":{"rendered":"<p>M\u00e9tete de lleno en un estupendo sonido. Bocinas bluetooth\u00ae para computadora z407 con. Subwoofer y control inal\u00e1mbrico. M\u00e9tete de lleno en un estupendo sonido&#8230; Sin cables. 80 vatios de potencia y procesamiento de se\u00f1ales digitales (dsp) preciso para disfrutar de un sonido vibrante, envolvente, aut\u00e9ntico como la vida misma. Percibe con nitidez las notas altas, la potente gama de notas medias y bajas, y todos los graves que puedas asimilar. Gracias al control giratorio inal\u00e1mbrico y las bocinas de dos posiciones, controlar\u00e1s el sonido y el estilo. Ajusta los graves y el volumen en toda la sala. Coloca las bocinas horizontal o verticalmente. Conecta v\u00eda bluetooth, o mediante entradas micro usb y de 3,5 mm, o las tres, y alterna f\u00e1cilmente entre ellas. Incluso si est\u00e1s del otro lado de la sala. Ver video. Integraci\u00f3n arm\u00f3nica de graves y claridad. Los 20 vatios de graves y dsp proporcionan un agradable equilibrio entre profundidad y claridad. El subwoofer con puerto de graves y salida inferior agrega ese boom a m\u00fasica, pel\u00edculas y juegos a la vez que mantiene la plenitud y nitidez del sonido. Sum\u00e9rgete. Disfruta de un sonido de 80 vatios vibrante, envolvente, aut\u00e9ntico como la vida misma, de notas altas y n\u00edtidas a potentes notas medias y bajas, sin comprometer la calidad de los graves. El dsp, combinado con una potencia desbocada, te ofrece un perfil de sonido equilibrado y graves mejorados que te permitir\u00e1n escuchar todo el espectro sonoro. 80 w. Controla. Disfruta. \u00bfqu\u00e9 puedes conseguir con 20 metros? un radio de acci\u00f3n inal\u00e1mbrico de 20 metros te permite ajustar el sonido en toda la sala, todo desde el control giratorio inal\u00e1mbrico. Mant\u00e9n presionado para reproducir, pausar, silenciar1silenciar y anular silencio funcionan con la conexi\u00f3n mediante la entrada de 3,5 mm. Reproducir\/ pausar\/ saltar\/ rebobinar funcionan con las conexiones usb o bluetooth. Los controles de audio pueden variar al reproducir determinado contenido en directo mediante usb\/ bluetooth. Y ajusta el volumen y los graves. Todo desde el control giratorio. Es muy f\u00e1cil y no tienes que levantarte del sof\u00e1.. Ver video. De esta manera. De esa manera. A tu manera. Desp\u00eddete de las formas cuadadas. Estas sorprendentes y elegantes bocinas ovales en gris grafito se integrar\u00e1n en tu entorno de escritorio sin que te des cuenta. Col\u00f3calas vertical u horizontalmente seg\u00fan tus preferencias. Son tan compactas que incluso caben detr\u00e1s del monitor para ahorrar espacio. Disfruta de un espacio despejado. Conecta hasta tres dispositivos a trav\u00e9s de bluetooth, micro usb y la entrada de 3,5 mm. Tres v\u00edas de conexi\u00f3n. Tienes muchas opciones. Conecta hasta tres dispositivos a trav\u00e9s de bluetooth, micro usb y la entrada de 3,5 mm. El bot\u00f3n de selecci\u00f3n de fuente en la parte inferior del control giratorio alterna entre las conexiones con cable (de 3,5 mm y micro usb). Vuelve r\u00e1pidamente a bluetooth presionando el bot\u00f3n de bluetooth.<\/p>\n","protected":false},"featured_media":225646,"comment_status":"open","ping_status":"open","template":"","meta":[],"product_cat":[1817,1823],"product_tag":[1500],"acf":[],"yoast_head":"<!-- This site is optimized with the Yoast SEO plugin v21.7 - https:\/\/yoast.com\/wordpress\/plugins\/seo\/ -->\n<title>[ Logitech ] &#129351; 980-001347 Bocinas Z407 2.1 Bluetooth Con Control Inalambrico Para Computadora, Bluetooth, Micro Usb, 3.5mm<\/title>\n<meta name=\"description\" content=\"Compra 980-001347 Bocinas Z407 2.1 Bluetooth Con Control Inalambrico Para Computadora, Bluetooth, Micro Usb, 3.5mm + Env\u00edo a domicilio + Pago seguro + Garant\u00eda\" \/>\n<meta name=\"robots\" content=\"index, follow, max-snippet:-1, max-image-preview:large, max-video-preview:-1\" \/>\n<link rel=\"canonical\" href=\"https:\/\/compuviper.mx\/tienda\/producto\/logitech-980-001347-bocinas-z407-2-1-bluetooth-con-control-inalambrico-para-computadora-bluetooth-micro-usb-3-5mm\/\" \/>\n<meta property=\"og:locale\" content=\"es_MX\" \/>\n<meta property=\"og:type\" content=\"article\" \/>\n<meta property=\"og:title\" content=\"[ Logitech ] &#129351; 980-001347 Bocinas Z407 2.1 Bluetooth Con Control Inalambrico Para Computadora, Bluetooth, Micro Usb, 3.5mm\" \/>\n<meta property=\"og:description\" content=\"Compra 980-001347 Bocinas Z407 2.1 Bluetooth Con Control Inalambrico Para Computadora, Bluetooth, Micro Usb, 3.5mm + Env\u00edo a domicilio + Pago seguro + Garant\u00eda\" \/>\n<meta property=\"og:url\" content=\"https:\/\/compuviper.mx\/tienda\/producto\/logitech-980-001347-bocinas-z407-2-1-bluetooth-con-control-inalambrico-para-computadora-bluetooth-micro-usb-3-5mm\/\" \/>\n<meta property=\"og:site_name\" content=\"Compuviper\" \/>\n<meta property=\"article:publisher\" content=\"https:\/\/www.facebook.com\/compuviper\" \/>\n<meta property=\"article:modified_time\" content=\"2026-04-02T08:03:51+00:00\" \/>\n<meta property=\"og:image\" content=\"https:\/\/compuviper.mx\/tienda\/wp-content\/uploads\/2023\/12\/Bocinas-logitech-z407-2.1-bluetooth-con-control-inalambrico-para-computadora-bluetooth-micro-usb-3.5mm.jpg\" \/>\n\t<meta property=\"og:image:width\" content=\"200\" \/>\n\t<meta property=\"og:image:height\" content=\"200\" \/>\n\t<meta property=\"og:image:type\" content=\"image\/jpeg\" \/>\n<meta name=\"twitter:card\" content=\"summary_large_image\" \/>\n<meta name=\"twitter:label1\" content=\"Precio\" \/>\n\t<meta name=\"twitter:data1\" content=\"&#36;2,359 con IVA\" \/>\n\t<meta name=\"twitter:label2\" content=\"Availability\" \/>\n\t<meta name=\"twitter:data2\" content=\"In stock\" \/>\n<script type=\"application\/ld+json\" class=\"yoast-schema-graph\">{\"@context\":\"https:\/\/schema.org\",\"@graph\":[{\"@type\":\"WebPage\",\"@id\":\"https:\/\/compuviper.mx\/tienda\/producto\/logitech-980-001347-bocinas-z407-2-1-bluetooth-con-control-inalambrico-para-computadora-bluetooth-micro-usb-3-5mm\/\",\"url\":\"https:\/\/compuviper.mx\/tienda\/producto\/logitech-980-001347-bocinas-z407-2-1-bluetooth-con-control-inalambrico-para-computadora-bluetooth-micro-usb-3-5mm\/\",\"name\":\"[ Logitech ] &#129351; 980-001347 Bocinas Z407 2.1 Bluetooth Con Control Inalambrico Para Computadora, Bluetooth, Micro Usb, 3.5mm\",\"isPartOf\":{\"@id\":\"https:\/\/compuviper.mx\/tienda\/#website\"},\"datePublished\":\"2026-04-02T08:03:50+00:00\",\"dateModified\":\"2026-04-02T08:03:51+00:00\",\"description\":\"Compra 980-001347 Bocinas Z407 2.1 Bluetooth Con Control Inalambrico Para Computadora, Bluetooth, Micro Usb, 3.5mm + Env\u00edo a domicilio + Pago seguro + Garant\u00eda\",\"breadcrumb\":{\"@id\":\"https:\/\/compuviper.mx\/tienda\/producto\/logitech-980-001347-bocinas-z407-2-1-bluetooth-con-control-inalambrico-para-computadora-bluetooth-micro-usb-3-5mm\/#breadcrumb\"},\"inLanguage\":\"es-MX\",\"potentialAction\":[{\"@type\":\"ReadAction\",\"target\":[\"https:\/\/compuviper.mx\/tienda\/producto\/logitech-980-001347-bocinas-z407-2-1-bluetooth-con-control-inalambrico-para-computadora-bluetooth-micro-usb-3-5mm\/\"]}]},{\"@type\":\"BreadcrumbList\",\"@id\":\"https:\/\/compuviper.mx\/tienda\/producto\/logitech-980-001347-bocinas-z407-2-1-bluetooth-con-control-inalambrico-para-computadora-bluetooth-micro-usb-3-5mm\/#breadcrumb\",\"itemListElement\":[{\"@type\":\"ListItem\",\"position\":1,\"name\":\"Inicio\",\"item\":\"https:\/\/compuviper.mx\/tienda\/\"},{\"@type\":\"ListItem\",\"position\":2,\"name\":\"Productos\",\"item\":\"https:\/\/compuviper.mx\/tienda\/productos\/\"},{\"@type\":\"ListItem\",\"position\":3,\"name\":\"Bocinas\",\"item\":\"https:\/\/compuviper.mx\/tienda\/categoria-producto\/bocinas\/\"},{\"@type\":\"ListItem\",\"position\":4,\"name\":\"Bocinas Bluetooth\",\"item\":\"https:\/\/compuviper.mx\/tienda\/categoria-producto\/bocinas\/bocinas-bluetooth\/\"},{\"@type\":\"ListItem\",\"position\":5,\"name\":\"Logitech 980-001347 Bocinas Z407 2.1 Bluetooth Con Control Inalambrico Para Computadora, Bluetooth, Micro Usb, 3.5mm\"}]},{\"@type\":\"WebSite\",\"@id\":\"https:\/\/compuviper.mx\/tienda\/#website\",\"url\":\"https:\/\/compuviper.mx\/tienda\/\",\"name\":\"Compuviper\",\"description\":\"Proveedor de Computadoras, Laptops, Servidores, Monitores, Puntos de Venta, Teclados,   Impresoras, T\u00f3ner, C\u00e1maras de Seguridad y m\u00e1s en tu tienda en l\u00ednea\",\"publisher\":{\"@id\":\"https:\/\/compuviper.mx\/tienda\/#organization\"},\"potentialAction\":[{\"@type\":\"SearchAction\",\"target\":{\"@type\":\"EntryPoint\",\"urlTemplate\":\"https:\/\/compuviper.mx\/tienda\/?s={search_term_string}\"},\"query-input\":\"required name=search_term_string\"}],\"inLanguage\":\"es-MX\"},{\"@type\":\"Organization\",\"@id\":\"https:\/\/compuviper.mx\/tienda\/#organization\",\"name\":\"Compuviper\",\"url\":\"https:\/\/compuviper.mx\/tienda\/\",\"logo\":{\"@type\":\"ImageObject\",\"inLanguage\":\"es-MX\",\"@id\":\"https:\/\/compuviper.mx\/tienda\/#\/schema\/logo\/image\/\",\"url\":\"https:\/\/compuviper.mx\/tienda\/wp-content\/uploads\/2021\/08\/Logo-Compuviper-10.png\",\"contentUrl\":\"https:\/\/compuviper.mx\/tienda\/wp-content\/uploads\/2021\/08\/Logo-Compuviper-10.png\",\"width\":1000,\"height\":500,\"caption\":\"Compuviper\"},\"image\":{\"@id\":\"https:\/\/compuviper.mx\/tienda\/#\/schema\/logo\/image\/\"},\"sameAs\":[\"https:\/\/www.facebook.com\/compuviper\",\"https:\/\/www.youtube.com\/channel\/UCf73dERp9Y3cfOq7q8BhLjA?view_as=subscriber\"]}]}<\/script>\n<meta property=\"product:brand\" content=\"LOGITECH\" \/>\n<meta property=\"product:price:amount\" content=\"2359\" \/>\n<meta property=\"product:price:currency\" content=\"MXN\" \/>\n<meta property=\"og:availability\" content=\"instock\" \/>\n<meta property=\"product:availability\" content=\"instock\" \/>\n<meta property=\"product:retailer_item_id\" content=\"980-001347\" \/>\n<meta property=\"product:condition\" content=\"new\" \/>\n<!-- \/ Yoast SEO plugin. -->","yoast_head_json":{"title":"[ Logitech ] &#129351; 980-001347 Bocinas Z407 2.1 Bluetooth Con Control Inalambrico Para Computadora, Bluetooth, Micro Usb, 3.5mm","description":"Compra 980-001347 Bocinas Z407 2.1 Bluetooth Con Control Inalambrico Para Computadora, Bluetooth, Micro Usb, 3.5mm + Env\u00edo a domicilio + Pago seguro + Garant\u00eda","robots":{"index":"index","follow":"follow","max-snippet":"max-snippet:-1","max-image-preview":"max-image-preview:large","max-video-preview":"max-video-preview:-1"},"canonical":"https:\/\/compuviper.mx\/tienda\/producto\/logitech-980-001347-bocinas-z407-2-1-bluetooth-con-control-inalambrico-para-computadora-bluetooth-micro-usb-3-5mm\/","og_locale":"es_MX","og_type":"article","og_title":"[ Logitech ] &#129351; 980-001347 Bocinas Z407 2.1 Bluetooth Con Control Inalambrico Para Computadora, Bluetooth, Micro Usb, 3.5mm","og_description":"Compra 980-001347 Bocinas Z407 2.1 Bluetooth Con Control Inalambrico Para Computadora, Bluetooth, Micro Usb, 3.5mm + Env\u00edo a domicilio + Pago seguro + Garant\u00eda","og_url":"https:\/\/compuviper.mx\/tienda\/producto\/logitech-980-001347-bocinas-z407-2-1-bluetooth-con-control-inalambrico-para-computadora-bluetooth-micro-usb-3-5mm\/","og_site_name":"Compuviper","article_publisher":"https:\/\/www.facebook.com\/compuviper","article_modified_time":"2026-04-02T08:03:51+00:00","og_image":[{"width":200,"height":200,"url":"https:\/\/compuviper.mx\/tienda\/wp-content\/uploads\/2023\/12\/Bocinas-logitech-z407-2.1-bluetooth-con-control-inalambrico-para-computadora-bluetooth-micro-usb-3.5mm.jpg","type":"image\/jpeg"}],"twitter_card":"summary_large_image","twitter_misc":{"Precio":"&#36;2,359 con IVA","Availability":"In stock"},"schema":{"@context":"https:\/\/schema.org","@graph":[{"@type":"WebPage","@id":"https:\/\/compuviper.mx\/tienda\/producto\/logitech-980-001347-bocinas-z407-2-1-bluetooth-con-control-inalambrico-para-computadora-bluetooth-micro-usb-3-5mm\/","url":"https:\/\/compuviper.mx\/tienda\/producto\/logitech-980-001347-bocinas-z407-2-1-bluetooth-con-control-inalambrico-para-computadora-bluetooth-micro-usb-3-5mm\/","name":"[ Logitech ] &#129351; 980-001347 Bocinas Z407 2.1 Bluetooth Con Control Inalambrico Para Computadora, Bluetooth, Micro Usb, 3.5mm","isPartOf":{"@id":"https:\/\/compuviper.mx\/tienda\/#website"},"datePublished":"2026-04-02T08:03:50+00:00","dateModified":"2026-04-02T08:03:51+00:00","description":"Compra 980-001347 Bocinas Z407 2.1 Bluetooth Con Control Inalambrico Para Computadora, Bluetooth, Micro Usb, 3.5mm + Env\u00edo a domicilio + Pago seguro + Garant\u00eda","breadcrumb":{"@id":"https:\/\/compuviper.mx\/tienda\/producto\/logitech-980-001347-bocinas-z407-2-1-bluetooth-con-control-inalambrico-para-computadora-bluetooth-micro-usb-3-5mm\/#breadcrumb"},"inLanguage":"es-MX","potentialAction":[{"@type":"ReadAction","target":["https:\/\/compuviper.mx\/tienda\/producto\/logitech-980-001347-bocinas-z407-2-1-bluetooth-con-control-inalambrico-para-computadora-bluetooth-micro-usb-3-5mm\/"]}]},{"@type":"BreadcrumbList","@id":"https:\/\/compuviper.mx\/tienda\/producto\/logitech-980-001347-bocinas-z407-2-1-bluetooth-con-control-inalambrico-para-computadora-bluetooth-micro-usb-3-5mm\/#breadcrumb","itemListElement":[{"@type":"ListItem","position":1,"name":"Inicio","item":"https:\/\/compuviper.mx\/tienda\/"},{"@type":"ListItem","position":2,"name":"Productos","item":"https:\/\/compuviper.mx\/tienda\/productos\/"},{"@type":"ListItem","position":3,"name":"Bocinas","item":"https:\/\/compuviper.mx\/tienda\/categoria-producto\/bocinas\/"},{"@type":"ListItem","position":4,"name":"Bocinas Bluetooth","item":"https:\/\/compuviper.mx\/tienda\/categoria-producto\/bocinas\/bocinas-bluetooth\/"},{"@type":"ListItem","position":5,"name":"Logitech 980-001347 Bocinas Z407 2.1 Bluetooth Con Control Inalambrico Para Computadora, Bluetooth, Micro Usb, 3.5mm"}]},{"@type":"WebSite","@id":"https:\/\/compuviper.mx\/tienda\/#website","url":"https:\/\/compuviper.mx\/tienda\/","name":"Compuviper","description":"Proveedor de Computadoras, Laptops, Servidores, Monitores, Puntos de Venta, Teclados,   Impresoras, T\u00f3ner, C\u00e1maras de Seguridad y m\u00e1s en tu tienda en l\u00ednea","publisher":{"@id":"https:\/\/compuviper.mx\/tienda\/#organization"},"potentialAction":[{"@type":"SearchAction","target":{"@type":"EntryPoint","urlTemplate":"https:\/\/compuviper.mx\/tienda\/?s={search_term_string}"},"query-input":"required name=search_term_string"}],"inLanguage":"es-MX"},{"@type":"Organization","@id":"https:\/\/compuviper.mx\/tienda\/#organization","name":"Compuviper","url":"https:\/\/compuviper.mx\/tienda\/","logo":{"@type":"ImageObject","inLanguage":"es-MX","@id":"https:\/\/compuviper.mx\/tienda\/#\/schema\/logo\/image\/","url":"https:\/\/compuviper.mx\/tienda\/wp-content\/uploads\/2021\/08\/Logo-Compuviper-10.png","contentUrl":"https:\/\/compuviper.mx\/tienda\/wp-content\/uploads\/2021\/08\/Logo-Compuviper-10.png","width":1000,"height":500,"caption":"Compuviper"},"image":{"@id":"https:\/\/compuviper.mx\/tienda\/#\/schema\/logo\/image\/"},"sameAs":["https:\/\/www.facebook.com\/compuviper","https:\/\/www.youtube.com\/channel\/UCf73dERp9Y3cfOq7q8BhLjA?view_as=subscriber"]}]},"product_brand":"LOGITECH","product_price_amount":"2359","product_price_currency":"MXN","og_availability":"instock","product_availability":"instock","product_retailer_item_id":"980-001347","product_condition":"new"},"_links":{"self":[{"href":"https:\/\/compuviper.mx\/tienda\/wp-json\/wp\/v2\/product\/225645"}],"collection":[{"href":"https:\/\/compuviper.mx\/tienda\/wp-json\/wp\/v2\/product"}],"about":[{"href":"https:\/\/compuviper.mx\/tienda\/wp-json\/wp\/v2\/types\/product"}],"replies":[{"embeddable":true,"href":"https:\/\/compuviper.mx\/tienda\/wp-json\/wp\/v2\/comments?post=225645"}],"wp:featuredmedia":[{"embeddable":true,"href":"https:\/\/compuviper.mx\/tienda\/wp-json\/wp\/v2\/media\/225646"}],"wp:attachment":[{"href":"https:\/\/compuviper.mx\/tienda\/wp-json\/wp\/v2\/media?parent=225645"}],"wp:term":[{"taxonomy":"product_cat","embeddable":true,"href":"https:\/\/compuviper.mx\/tienda\/wp-json\/wp\/v2\/product_cat?post=225645"},{"taxonomy":"product_tag","embeddable":true,"href":"https:\/\/compuviper.mx\/tienda\/wp-json\/wp\/v2\/product_tag?post=225645"}],"curies":[{"name":"wp","href":"https:\/\/api.w.org\/{rel}","templated":true}]}}