{"id":225619,"date":"2026-04-08T01:59:49","date_gmt":"2026-04-08T07:59:49","guid":{"rendered":"https:\/\/compuviper.mx\/tienda\/producto\/manhattan-179850-audifono-diadema-c-microfono-usb-ligero\/"},"modified":"2026-04-08T01:59:50","modified_gmt":"2026-04-08T07:59:50","slug":"manhattan-179850-audifono-diadema-c-microfono-usb-ligero","status":"publish","type":"product","link":"https:\/\/compuviper.mx\/tienda\/producto\/manhattan-179850-audifono-diadema-c-microfono-usb-ligero\/","title":{"rendered":"Manhattan 179850 Audifono Diadema ,,, C\/microfono Usb Ligero"},"content":{"rendered":"<table class=\"descripcion\">\n<tr>\n<td>Features:<\/td>\n<\/tr>\n<tr>\n<td>Audio de alta calidad y gran claridad de llamada, ideal para aplicaciones en casa y<\/td>\n<\/tr>\n<tr>\n<td>En la oficina<\/td>\n<\/tr>\n<tr>\n<td>Almohadillas acolchadas para la comodidad durante largos per\u00edodos de uso<\/td>\n<\/tr>\n<tr>\n<td>Banda de cabeza ajustable para un ajuste seguro y relajado<\/td>\n<\/tr>\n<tr>\n<td>Micr\u00f3fono flexible y retr\u00e1ctil para comunicarte sin tener que usar las manos<\/td>\n<\/tr>\n<tr>\n<td>Una sola conexi\u00f3n usb para el audio y el micr\u00f3fono<\/td>\n<\/tr>\n<tr>\n<td>Conectividad usb para evitar la deficiencia de la tarjeta de sonido o de los puertos<\/td>\n<\/tr>\n<tr>\n<td>De audio<\/td>\n<\/tr>\n<tr>\n<td>Plug and play<\/td>\n<\/tr>\n<tr>\n<td>Compatible con todos los sistemas operativos<\/td>\n<\/tr>\n<tr>\n<td>Tres a\u00f1os de garant\u00eda<\/td>\n<\/tr>\n<tr>\n<td>Especificaciones:<\/td>\n<\/tr>\n<tr>\n<td>Est\u00e1ndares y certificaciones<\/td>\n<\/tr>\n<tr>\n<td>\u0095 usb 2.0<\/td>\n<\/tr>\n<tr>\n<td>\u0095 ce<\/td>\n<\/tr>\n<tr>\n<td>\u0095 fcc<\/td>\n<\/tr>\n<tr>\n<td>\u0095 rohs<\/td>\n<\/tr>\n<tr>\n<td>Auriculares<\/td>\n<\/tr>\n<tr>\n<td>\u0095 impedancia: 32 ohm<\/td>\n<\/tr>\n<tr>\n<td>\u0095 sensibilidad: 103 db \u00b13 db (a 1 mw \/ 1 khz)<\/td>\n<\/tr>\n<tr>\n<td>\u0095 tama\u00f1o del auricular: 30 mm<\/td>\n<\/tr>\n<tr>\n<td>\u0095 salida: 20 mw (m\u00e1ximo)<\/td>\n<\/tr>\n<tr>\n<td>\u0095 tensi\u00f3n de entrada: 5 v \/ 50 ma<\/td>\n<\/tr>\n<tr>\n<td>Tipo: unidireccional<\/td>\n<\/tr>\n<tr>\n<td>\u0095 respuesta de frecuencia: 30 hz &#8211; 16 khz<\/td>\n<\/tr>\n<tr>\n<td>\u0095 sensibilidad: 58 \u00b13 db<\/td>\n<\/tr>\n<tr>\n<td>Dise\u00f1o<\/td>\n<\/tr>\n<tr>\n<td>\u0095 longitud del cable: 1.5 m<\/td>\n<\/tr>\n<tr>\n<td>\u0095 dimensiones totales: 170 x 135 x 27 mm (6.69 x 5.31 x 1.06 pulg.)<\/td>\n<\/tr>\n<tr>\n<td>\u0095 dimensiones de la almohadilla: 60 x 47 x 27 mm (2.36 x 1.85 x 1.06 pulg.)<\/td>\n<\/tr>\n<tr>\n<td>\u0095 peso: 71 g<\/td>\n<\/tr>\n<tr>\n<td>Requerimientos del sistema<\/td>\n<\/tr>\n<tr>\n<td>\u0095 un puerto usb-a disponible<\/td>\n<\/tr>\n<tr>\n<td>Ambiente de operaci\u00f3n<\/td>\n<\/tr>\n<tr>\n<td>\u0095 temperatura de operaci\u00f3n: 0 &#8211; 40\u00b0c (32 &#8211; 104\u00b0f)<\/td>\n<\/tr>\n<tr>\n<td>\u0095 temperatura de almacenaje: de -20\u00b0 c a 60\u00b0 c<\/td>\n<\/tr>\n<tr>\n<td>\u0095 humedad (sin condensar): 0 \u0096 96%<\/td>\n<\/tr>\n<tr>\n<td>Contenido del paquete<\/td>\n<\/tr>\n<tr>\n<td>\u0095 aud\u00edfonos est\u00e9reo usb<\/td>\n<\/tr>\n<tr>\n<td>\u0095 instructivo<\/td>\n<\/tr>\n<\/table>\n","protected":false},"excerpt":{"rendered":"<p>La diadema acolchada y ligera de los aud\u00edfonos usb tiene unos cojines suaves que se. Colocan sobre la oreja para proporcionar horas de confort. Puede reposicionar f\u00e1cilmente. El micr\u00f3fono flexible del lado izquierdo para una mejor captura de voz y luego moverlo. Cuando termine de hacer llamadas.<\/p>\n","protected":false},"featured_media":225620,"comment_status":"open","ping_status":"open","template":"","meta":[],"product_cat":[1816,1552],"product_tag":[1487],"acf":[],"yoast_head":"<!-- This site is optimized with the Yoast SEO plugin v21.7 - https:\/\/yoast.com\/wordpress\/plugins\/seo\/ -->\n<title>[ Manhattan ] &#129351; 179850 Audifono Diadema ,,, C\/microfono Usb Ligero<\/title>\n<meta name=\"description\" content=\"Compra 179850 Audifono Diadema ,,, C\/microfono Usb Ligero + Env\u00edo a domicilio + Pago seguro + Garant\u00eda\" \/>\n<meta name=\"robots\" content=\"index, follow, max-snippet:-1, max-image-preview:large, max-video-preview:-1\" \/>\n<link rel=\"canonical\" href=\"https:\/\/compuviper.mx\/tienda\/producto\/manhattan-179850-audifono-diadema-c-microfono-usb-ligero\/\" \/>\n<meta property=\"og:locale\" content=\"es_MX\" \/>\n<meta property=\"og:type\" content=\"article\" \/>\n<meta property=\"og:title\" content=\"[ Manhattan ] &#129351; 179850 Audifono Diadema ,,, C\/microfono Usb Ligero\" \/>\n<meta property=\"og:description\" content=\"Compra 179850 Audifono Diadema ,,, C\/microfono Usb Ligero + Env\u00edo a domicilio + Pago seguro + Garant\u00eda\" \/>\n<meta property=\"og:url\" content=\"https:\/\/compuviper.mx\/tienda\/producto\/manhattan-179850-audifono-diadema-c-microfono-usb-ligero\/\" \/>\n<meta property=\"og:site_name\" content=\"Compuviper\" \/>\n<meta property=\"article:publisher\" content=\"https:\/\/www.facebook.com\/compuviper\" \/>\n<meta property=\"article:modified_time\" content=\"2026-04-08T07:59:50+00:00\" \/>\n<meta property=\"og:image\" content=\"https:\/\/compuviper.mx\/tienda\/wp-content\/uploads\/2023\/12\/Audifono-diadema-manhattan179850-cmicrofono-usb-ligero.jpg\" \/>\n\t<meta property=\"og:image:width\" content=\"200\" \/>\n\t<meta property=\"og:image:height\" content=\"200\" \/>\n\t<meta property=\"og:image:type\" content=\"image\/jpeg\" \/>\n<meta name=\"twitter:card\" content=\"summary_large_image\" \/>\n<meta name=\"twitter:label1\" content=\"Precio\" \/>\n\t<meta name=\"twitter:data1\" content=\"&#36;180 con IVA\" \/>\n\t<meta name=\"twitter:label2\" content=\"Availability\" \/>\n\t<meta name=\"twitter:data2\" content=\"In stock\" \/>\n<script type=\"application\/ld+json\" class=\"yoast-schema-graph\">{\"@context\":\"https:\/\/schema.org\",\"@graph\":[{\"@type\":\"WebPage\",\"@id\":\"https:\/\/compuviper.mx\/tienda\/producto\/manhattan-179850-audifono-diadema-c-microfono-usb-ligero\/\",\"url\":\"https:\/\/compuviper.mx\/tienda\/producto\/manhattan-179850-audifono-diadema-c-microfono-usb-ligero\/\",\"name\":\"[ Manhattan ] &#129351; 179850 Audifono Diadema ,,, C\/microfono Usb Ligero\",\"isPartOf\":{\"@id\":\"https:\/\/compuviper.mx\/tienda\/#website\"},\"datePublished\":\"2026-04-08T07:59:49+00:00\",\"dateModified\":\"2026-04-08T07:59:50+00:00\",\"description\":\"Compra 179850 Audifono Diadema ,,, C\/microfono Usb Ligero + Env\u00edo a domicilio + Pago seguro + Garant\u00eda\",\"breadcrumb\":{\"@id\":\"https:\/\/compuviper.mx\/tienda\/producto\/manhattan-179850-audifono-diadema-c-microfono-usb-ligero\/#breadcrumb\"},\"inLanguage\":\"es-MX\",\"potentialAction\":[{\"@type\":\"ReadAction\",\"target\":[\"https:\/\/compuviper.mx\/tienda\/producto\/manhattan-179850-audifono-diadema-c-microfono-usb-ligero\/\"]}]},{\"@type\":\"BreadcrumbList\",\"@id\":\"https:\/\/compuviper.mx\/tienda\/producto\/manhattan-179850-audifono-diadema-c-microfono-usb-ligero\/#breadcrumb\",\"itemListElement\":[{\"@type\":\"ListItem\",\"position\":1,\"name\":\"Inicio\",\"item\":\"https:\/\/compuviper.mx\/tienda\/\"},{\"@type\":\"ListItem\",\"position\":2,\"name\":\"Productos\",\"item\":\"https:\/\/compuviper.mx\/tienda\/productos\/\"},{\"@type\":\"ListItem\",\"position\":3,\"name\":\"Audifonos Y Micro\",\"item\":\"https:\/\/compuviper.mx\/tienda\/categoria-producto\/audifonos-y-micro\/\"},{\"@type\":\"ListItem\",\"position\":4,\"name\":\"Audifono Con Microfono\",\"item\":\"https:\/\/compuviper.mx\/tienda\/categoria-producto\/audifonos-y-micro\/audifono-con-microfono\/\"},{\"@type\":\"ListItem\",\"position\":5,\"name\":\"Manhattan 179850 Audifono Diadema ,,, C\/microfono Usb Ligero\"}]},{\"@type\":\"WebSite\",\"@id\":\"https:\/\/compuviper.mx\/tienda\/#website\",\"url\":\"https:\/\/compuviper.mx\/tienda\/\",\"name\":\"Compuviper\",\"description\":\"Proveedor de Computadoras, Laptops, Servidores, Monitores, Puntos de Venta, Teclados,   Impresoras, T\u00f3ner, C\u00e1maras de Seguridad y m\u00e1s en tu tienda en l\u00ednea\",\"publisher\":{\"@id\":\"https:\/\/compuviper.mx\/tienda\/#organization\"},\"potentialAction\":[{\"@type\":\"SearchAction\",\"target\":{\"@type\":\"EntryPoint\",\"urlTemplate\":\"https:\/\/compuviper.mx\/tienda\/?s={search_term_string}\"},\"query-input\":\"required name=search_term_string\"}],\"inLanguage\":\"es-MX\"},{\"@type\":\"Organization\",\"@id\":\"https:\/\/compuviper.mx\/tienda\/#organization\",\"name\":\"Compuviper\",\"url\":\"https:\/\/compuviper.mx\/tienda\/\",\"logo\":{\"@type\":\"ImageObject\",\"inLanguage\":\"es-MX\",\"@id\":\"https:\/\/compuviper.mx\/tienda\/#\/schema\/logo\/image\/\",\"url\":\"https:\/\/compuviper.mx\/tienda\/wp-content\/uploads\/2021\/08\/Logo-Compuviper-10.png\",\"contentUrl\":\"https:\/\/compuviper.mx\/tienda\/wp-content\/uploads\/2021\/08\/Logo-Compuviper-10.png\",\"width\":1000,\"height\":500,\"caption\":\"Compuviper\"},\"image\":{\"@id\":\"https:\/\/compuviper.mx\/tienda\/#\/schema\/logo\/image\/\"},\"sameAs\":[\"https:\/\/www.facebook.com\/compuviper\",\"https:\/\/www.youtube.com\/channel\/UCf73dERp9Y3cfOq7q8BhLjA?view_as=subscriber\"]}]}<\/script>\n<meta property=\"product:brand\" content=\"MANHATTAN\" \/>\n<meta property=\"product:price:amount\" content=\"180\" \/>\n<meta property=\"product:price:currency\" content=\"MXN\" \/>\n<meta property=\"og:availability\" content=\"instock\" \/>\n<meta property=\"product:availability\" content=\"instock\" \/>\n<meta property=\"product:retailer_item_id\" content=\"179850\" \/>\n<meta property=\"product:condition\" content=\"new\" \/>\n<!-- \/ Yoast SEO plugin. -->","yoast_head_json":{"title":"[ Manhattan ] &#129351; 179850 Audifono Diadema ,,, C\/microfono Usb Ligero","description":"Compra 179850 Audifono Diadema ,,, C\/microfono Usb Ligero + Env\u00edo a domicilio + Pago seguro + Garant\u00eda","robots":{"index":"index","follow":"follow","max-snippet":"max-snippet:-1","max-image-preview":"max-image-preview:large","max-video-preview":"max-video-preview:-1"},"canonical":"https:\/\/compuviper.mx\/tienda\/producto\/manhattan-179850-audifono-diadema-c-microfono-usb-ligero\/","og_locale":"es_MX","og_type":"article","og_title":"[ Manhattan ] &#129351; 179850 Audifono Diadema ,,, C\/microfono Usb Ligero","og_description":"Compra 179850 Audifono Diadema ,,, C\/microfono Usb Ligero + Env\u00edo a domicilio + Pago seguro + Garant\u00eda","og_url":"https:\/\/compuviper.mx\/tienda\/producto\/manhattan-179850-audifono-diadema-c-microfono-usb-ligero\/","og_site_name":"Compuviper","article_publisher":"https:\/\/www.facebook.com\/compuviper","article_modified_time":"2026-04-08T07:59:50+00:00","og_image":[{"width":200,"height":200,"url":"https:\/\/compuviper.mx\/tienda\/wp-content\/uploads\/2023\/12\/Audifono-diadema-manhattan179850-cmicrofono-usb-ligero.jpg","type":"image\/jpeg"}],"twitter_card":"summary_large_image","twitter_misc":{"Precio":"&#36;180 con IVA","Availability":"In stock"},"schema":{"@context":"https:\/\/schema.org","@graph":[{"@type":"WebPage","@id":"https:\/\/compuviper.mx\/tienda\/producto\/manhattan-179850-audifono-diadema-c-microfono-usb-ligero\/","url":"https:\/\/compuviper.mx\/tienda\/producto\/manhattan-179850-audifono-diadema-c-microfono-usb-ligero\/","name":"[ Manhattan ] &#129351; 179850 Audifono Diadema ,,, C\/microfono Usb Ligero","isPartOf":{"@id":"https:\/\/compuviper.mx\/tienda\/#website"},"datePublished":"2026-04-08T07:59:49+00:00","dateModified":"2026-04-08T07:59:50+00:00","description":"Compra 179850 Audifono Diadema ,,, C\/microfono Usb Ligero + Env\u00edo a domicilio + Pago seguro + Garant\u00eda","breadcrumb":{"@id":"https:\/\/compuviper.mx\/tienda\/producto\/manhattan-179850-audifono-diadema-c-microfono-usb-ligero\/#breadcrumb"},"inLanguage":"es-MX","potentialAction":[{"@type":"ReadAction","target":["https:\/\/compuviper.mx\/tienda\/producto\/manhattan-179850-audifono-diadema-c-microfono-usb-ligero\/"]}]},{"@type":"BreadcrumbList","@id":"https:\/\/compuviper.mx\/tienda\/producto\/manhattan-179850-audifono-diadema-c-microfono-usb-ligero\/#breadcrumb","itemListElement":[{"@type":"ListItem","position":1,"name":"Inicio","item":"https:\/\/compuviper.mx\/tienda\/"},{"@type":"ListItem","position":2,"name":"Productos","item":"https:\/\/compuviper.mx\/tienda\/productos\/"},{"@type":"ListItem","position":3,"name":"Audifonos Y Micro","item":"https:\/\/compuviper.mx\/tienda\/categoria-producto\/audifonos-y-micro\/"},{"@type":"ListItem","position":4,"name":"Audifono Con Microfono","item":"https:\/\/compuviper.mx\/tienda\/categoria-producto\/audifonos-y-micro\/audifono-con-microfono\/"},{"@type":"ListItem","position":5,"name":"Manhattan 179850 Audifono Diadema ,,, C\/microfono Usb Ligero"}]},{"@type":"WebSite","@id":"https:\/\/compuviper.mx\/tienda\/#website","url":"https:\/\/compuviper.mx\/tienda\/","name":"Compuviper","description":"Proveedor de Computadoras, Laptops, Servidores, Monitores, Puntos de Venta, Teclados,   Impresoras, T\u00f3ner, C\u00e1maras de Seguridad y m\u00e1s en tu tienda en l\u00ednea","publisher":{"@id":"https:\/\/compuviper.mx\/tienda\/#organization"},"potentialAction":[{"@type":"SearchAction","target":{"@type":"EntryPoint","urlTemplate":"https:\/\/compuviper.mx\/tienda\/?s={search_term_string}"},"query-input":"required name=search_term_string"}],"inLanguage":"es-MX"},{"@type":"Organization","@id":"https:\/\/compuviper.mx\/tienda\/#organization","name":"Compuviper","url":"https:\/\/compuviper.mx\/tienda\/","logo":{"@type":"ImageObject","inLanguage":"es-MX","@id":"https:\/\/compuviper.mx\/tienda\/#\/schema\/logo\/image\/","url":"https:\/\/compuviper.mx\/tienda\/wp-content\/uploads\/2021\/08\/Logo-Compuviper-10.png","contentUrl":"https:\/\/compuviper.mx\/tienda\/wp-content\/uploads\/2021\/08\/Logo-Compuviper-10.png","width":1000,"height":500,"caption":"Compuviper"},"image":{"@id":"https:\/\/compuviper.mx\/tienda\/#\/schema\/logo\/image\/"},"sameAs":["https:\/\/www.facebook.com\/compuviper","https:\/\/www.youtube.com\/channel\/UCf73dERp9Y3cfOq7q8BhLjA?view_as=subscriber"]}]},"product_brand":"MANHATTAN","product_price_amount":"180","product_price_currency":"MXN","og_availability":"instock","product_availability":"instock","product_retailer_item_id":"179850","product_condition":"new"},"_links":{"self":[{"href":"https:\/\/compuviper.mx\/tienda\/wp-json\/wp\/v2\/product\/225619"}],"collection":[{"href":"https:\/\/compuviper.mx\/tienda\/wp-json\/wp\/v2\/product"}],"about":[{"href":"https:\/\/compuviper.mx\/tienda\/wp-json\/wp\/v2\/types\/product"}],"replies":[{"embeddable":true,"href":"https:\/\/compuviper.mx\/tienda\/wp-json\/wp\/v2\/comments?post=225619"}],"wp:featuredmedia":[{"embeddable":true,"href":"https:\/\/compuviper.mx\/tienda\/wp-json\/wp\/v2\/media\/225620"}],"wp:attachment":[{"href":"https:\/\/compuviper.mx\/tienda\/wp-json\/wp\/v2\/media?parent=225619"}],"wp:term":[{"taxonomy":"product_cat","embeddable":true,"href":"https:\/\/compuviper.mx\/tienda\/wp-json\/wp\/v2\/product_cat?post=225619"},{"taxonomy":"product_tag","embeddable":true,"href":"https:\/\/compuviper.mx\/tienda\/wp-json\/wp\/v2\/product_tag?post=225619"}],"curies":[{"name":"wp","href":"https:\/\/api.w.org\/{rel}","templated":true}]}}