{"id":225557,"date":"2026-04-21T02:11:37","date_gmt":"2026-04-21T08:11:37","guid":{"rendered":"https:\/\/compuviper.mx\/tienda\/producto\/lg-sk1d-barra-de-sonido-100w-2-0-dolby-digital-dts-pcm-bluetooth-4-0-optico1-aux1-color-negro\/"},"modified":"2026-04-21T02:11:37","modified_gmt":"2026-04-21T08:11:37","slug":"lg-sk1d-barra-de-sonido-100w-2-0-dolby-digital-dts-pcm-bluetooth-4-0-optico1-aux1-color-negro","status":"publish","type":"product","link":"https:\/\/compuviper.mx\/tienda\/producto\/lg-sk1d-barra-de-sonido-100w-2-0-dolby-digital-dts-pcm-bluetooth-4-0-optico1-aux1-color-negro\/","title":{"rendered":"Lg Sk1d Barra De Sonido   100w, 2.0 Dolby Digital, Dts, Pcm, Bluetooth 4.0, Optico1, Aux1, Color Negro"},"content":{"rendered":"<table class=\"descripcion\">\n<tr>\n<td>Tipo de producto: barra de sonido<\/td>\n<\/tr>\n<tr>\n<td>Canales: 2.1 ch<\/td>\n<\/tr>\n<tr>\n<td>Potencia de salida: 100w<\/td>\n<\/tr>\n<tr>\n<td>Conveniencia<\/td>\n<\/tr>\n<tr>\n<td>Controle con su control remoto de tv: si (volumen +, &#8211; , mute)<\/td>\n<\/tr>\n<tr>\n<td>Sound sync: si (optical)<\/td>\n<\/tr>\n<tr>\n<td>Power on\/off automatico: si bluetooth (lg tv), optical<\/td>\n<\/tr>\n<tr>\n<td>Mute: si<\/td>\n<\/tr>\n<tr>\n<td>Bluetooth stand-by: si<\/td>\n<\/tr>\n<tr>\n<td>Modos de sonido<\/td>\n<\/tr>\n<tr>\n<td>Sound effect: si<\/td>\n<\/tr>\n<tr>\n<td>Standard: si<\/td>\n<\/tr>\n<tr>\n<td>Bass blast: si<\/td>\n<\/tr>\n<tr>\n<td>Dynamic range control: si (on\/off)<\/td>\n<\/tr>\n<tr>\n<td>Formato de audio<\/td>\n<\/tr>\n<tr>\n<td>Lpcm: si<\/td>\n<\/tr>\n<tr>\n<td>Dolby digital: si<\/td>\n<\/tr>\n<tr>\n<td>Aac \/ aac+: si (bluetooth)<\/td>\n<\/tr>\n<tr>\n<td>Potencia de salida<\/td>\n<\/tr>\n<tr>\n<td>Total: 40w<\/td>\n<\/tr>\n<tr>\n<td>Front: 20w x 2<\/td>\n<\/tr>\n<tr>\n<td>Conectividad<\/td>\n<\/tr>\n<tr>\n<td>Audio input: si (portable in (3.5\u00f8))<\/td>\n<\/tr>\n<tr>\n<td>Optical: si (1)<\/td>\n<\/tr>\n<tr>\n<td>Usb: si (service only)<\/td>\n<\/tr>\n<tr>\n<td>Bluetooth 4.0: si<\/td>\n<\/tr>\n<tr>\n<td>Consumo de energia<\/td>\n<\/tr>\n<tr>\n<td>Type (principal): si (smps)<\/td>\n<\/tr>\n<tr>\n<td>Power off consumption (principal): 0.5w under<\/td>\n<\/tr>\n<tr>\n<td>Power consumption (principal): 13w<\/td>\n<\/tr>\n<tr>\n<td>Dimensiones y peso<\/td>\n<\/tr>\n<tr>\n<td>Tama\u00f1o (a x a x p) mm (principal): 724 x 138 x 202<\/td>\n<\/tr>\n<tr>\n<td>Peso neto (principal): 2.78kg<\/td>\n<\/tr>\n<tr>\n<td>Accesorios<\/td>\n<\/tr>\n<tr>\n<td>Manual: si (web) \/ simple<\/td>\n<\/tr>\n<tr>\n<td>Remote control unit: si<\/td>\n<\/tr>\n<tr>\n<td>Tarjeta de garantia: si<\/td>\n<\/tr>\n<\/table>\n","protected":false},"excerpt":{"rendered":"<p>Sonido fuerte en tama\u00f1o compacto. El sound bar todo en uno con tama\u00f1o compacto proporciona un gran equilibrio de buen sonido y bajos fuertes. Bluetooth, para transmitir cualquier cosa. Transmite de forma inalambrica muysica directamente a tu smartphone u otro dispositivo compatible para una experiencia auditiva sin interrupciones. Modo de espera por bluetooth, activa tu sound bar. El sonido comienza en el momento en que lo transfieres a la sound bar. La sound bar permanece en modo de suspension, pero se enciende y comienza a reproducir cuando el sonido se envia por bluetooth. Sound sync de lg. Sound bar sk1 de lg tiene su propio control remoto, pero se puede controlar con tu control remoto del televisor lg. Sound sync de lg conecta el televisor compatible de lg a la sound bar con un cable optico.<\/p>\n","protected":false},"featured_media":225558,"comment_status":"open","ping_status":"open","template":"","meta":[],"product_cat":[1817,1825],"product_tag":[1687],"acf":[],"yoast_head":"<!-- This site is optimized with the Yoast SEO plugin v21.7 - https:\/\/yoast.com\/wordpress\/plugins\/seo\/ -->\n<title>[ Lg ] &#129351; Sk1d Barra De Sonido 100w, 2.0 Dolby Digital, Dts, Pcm, Bluetooth 4.0, Optico1, Aux1, Color Negro<\/title>\n<meta name=\"description\" content=\"Compra Sk1d Barra De Sonido 100w, 2.0 Dolby Digital, Dts, Pcm, Bluetooth 4.0, Optico1, Aux1, Color Negro + Env\u00edo a domicilio + Pago seguro + Garant\u00eda\" \/>\n<meta name=\"robots\" content=\"index, follow, max-snippet:-1, max-image-preview:large, max-video-preview:-1\" \/>\n<link rel=\"canonical\" href=\"https:\/\/compuviper.mx\/tienda\/producto\/lg-sk1d-barra-de-sonido-100w-2-0-dolby-digital-dts-pcm-bluetooth-4-0-optico1-aux1-color-negro\/\" \/>\n<meta property=\"og:locale\" content=\"es_MX\" \/>\n<meta property=\"og:type\" content=\"article\" \/>\n<meta property=\"og:title\" content=\"[ Lg ] &#129351; Sk1d Barra De Sonido 100w, 2.0 Dolby Digital, Dts, Pcm, Bluetooth 4.0, Optico1, Aux1, Color Negro\" \/>\n<meta property=\"og:description\" content=\"Compra Sk1d Barra De Sonido 100w, 2.0 Dolby Digital, Dts, Pcm, Bluetooth 4.0, Optico1, Aux1, Color Negro + Env\u00edo a domicilio + Pago seguro + Garant\u00eda\" \/>\n<meta property=\"og:url\" content=\"https:\/\/compuviper.mx\/tienda\/producto\/lg-sk1d-barra-de-sonido-100w-2-0-dolby-digital-dts-pcm-bluetooth-4-0-optico1-aux1-color-negro\/\" \/>\n<meta property=\"og:site_name\" content=\"Compuviper\" \/>\n<meta property=\"article:publisher\" content=\"https:\/\/www.facebook.com\/compuviper\" \/>\n<meta property=\"og:image\" content=\"https:\/\/compuviper.mx\/tienda\/wp-content\/uploads\/2023\/12\/Barra-de-sonido-lg-sk1d-100w-2.0-dolby-digital-dts-pcm-bluetooth-4.0-optico1-aux1-color-negro.jpg\" \/>\n\t<meta property=\"og:image:width\" content=\"200\" \/>\n\t<meta property=\"og:image:height\" content=\"200\" \/>\n\t<meta property=\"og:image:type\" content=\"image\/jpeg\" \/>\n<meta name=\"twitter:card\" content=\"summary_large_image\" \/>\n<meta name=\"twitter:label1\" content=\"Precio\" \/>\n\t<meta name=\"twitter:data1\" content=\"&#36;2,142 &#36;1,386 con IVA\" \/>\n\t<meta name=\"twitter:label2\" content=\"Availability\" \/>\n\t<meta name=\"twitter:data2\" content=\"In stock\" \/>\n<script type=\"application\/ld+json\" class=\"yoast-schema-graph\">{\"@context\":\"https:\/\/schema.org\",\"@graph\":[{\"@type\":\"WebPage\",\"@id\":\"https:\/\/compuviper.mx\/tienda\/producto\/lg-sk1d-barra-de-sonido-100w-2-0-dolby-digital-dts-pcm-bluetooth-4-0-optico1-aux1-color-negro\/\",\"url\":\"https:\/\/compuviper.mx\/tienda\/producto\/lg-sk1d-barra-de-sonido-100w-2-0-dolby-digital-dts-pcm-bluetooth-4-0-optico1-aux1-color-negro\/\",\"name\":\"[ Lg ] &#129351; Sk1d Barra De Sonido 100w, 2.0 Dolby Digital, Dts, Pcm, Bluetooth 4.0, Optico1, Aux1, Color Negro\",\"isPartOf\":{\"@id\":\"https:\/\/compuviper.mx\/tienda\/#website\"},\"datePublished\":\"2026-04-21T08:11:37+00:00\",\"dateModified\":\"2026-04-21T08:11:37+00:00\",\"description\":\"Compra Sk1d Barra De Sonido 100w, 2.0 Dolby Digital, Dts, Pcm, Bluetooth 4.0, Optico1, Aux1, Color Negro + Env\u00edo a domicilio + Pago seguro + Garant\u00eda\",\"breadcrumb\":{\"@id\":\"https:\/\/compuviper.mx\/tienda\/producto\/lg-sk1d-barra-de-sonido-100w-2-0-dolby-digital-dts-pcm-bluetooth-4-0-optico1-aux1-color-negro\/#breadcrumb\"},\"inLanguage\":\"es-MX\",\"potentialAction\":[{\"@type\":\"ReadAction\",\"target\":[\"https:\/\/compuviper.mx\/tienda\/producto\/lg-sk1d-barra-de-sonido-100w-2-0-dolby-digital-dts-pcm-bluetooth-4-0-optico1-aux1-color-negro\/\"]}]},{\"@type\":\"BreadcrumbList\",\"@id\":\"https:\/\/compuviper.mx\/tienda\/producto\/lg-sk1d-barra-de-sonido-100w-2-0-dolby-digital-dts-pcm-bluetooth-4-0-optico1-aux1-color-negro\/#breadcrumb\",\"itemListElement\":[{\"@type\":\"ListItem\",\"position\":1,\"name\":\"Inicio\",\"item\":\"https:\/\/compuviper.mx\/tienda\/\"},{\"@type\":\"ListItem\",\"position\":2,\"name\":\"Productos\",\"item\":\"https:\/\/compuviper.mx\/tienda\/productos\/\"},{\"@type\":\"ListItem\",\"position\":3,\"name\":\"Bocinas\",\"item\":\"https:\/\/compuviper.mx\/tienda\/categoria-producto\/bocinas\/\"},{\"@type\":\"ListItem\",\"position\":4,\"name\":\"Barra De Audio\",\"item\":\"https:\/\/compuviper.mx\/tienda\/categoria-producto\/bocinas\/barra-de-audio\/\"},{\"@type\":\"ListItem\",\"position\":5,\"name\":\"Lg Sk1d Barra De Sonido 100w, 2.0 Dolby Digital, Dts, Pcm, Bluetooth 4.0, Optico1, Aux1, Color Negro\"}]},{\"@type\":\"WebSite\",\"@id\":\"https:\/\/compuviper.mx\/tienda\/#website\",\"url\":\"https:\/\/compuviper.mx\/tienda\/\",\"name\":\"Compuviper\",\"description\":\"Proveedor de Computadoras, Laptops, Servidores, Monitores, Puntos de Venta, Teclados,   Impresoras, T\u00f3ner, C\u00e1maras de Seguridad y m\u00e1s en tu tienda en l\u00ednea\",\"publisher\":{\"@id\":\"https:\/\/compuviper.mx\/tienda\/#organization\"},\"potentialAction\":[{\"@type\":\"SearchAction\",\"target\":{\"@type\":\"EntryPoint\",\"urlTemplate\":\"https:\/\/compuviper.mx\/tienda\/?s={search_term_string}\"},\"query-input\":\"required name=search_term_string\"}],\"inLanguage\":\"es-MX\"},{\"@type\":\"Organization\",\"@id\":\"https:\/\/compuviper.mx\/tienda\/#organization\",\"name\":\"Compuviper\",\"url\":\"https:\/\/compuviper.mx\/tienda\/\",\"logo\":{\"@type\":\"ImageObject\",\"inLanguage\":\"es-MX\",\"@id\":\"https:\/\/compuviper.mx\/tienda\/#\/schema\/logo\/image\/\",\"url\":\"https:\/\/compuviper.mx\/tienda\/wp-content\/uploads\/2021\/08\/Logo-Compuviper-10.png\",\"contentUrl\":\"https:\/\/compuviper.mx\/tienda\/wp-content\/uploads\/2021\/08\/Logo-Compuviper-10.png\",\"width\":1000,\"height\":500,\"caption\":\"Compuviper\"},\"image\":{\"@id\":\"https:\/\/compuviper.mx\/tienda\/#\/schema\/logo\/image\/\"},\"sameAs\":[\"https:\/\/www.facebook.com\/compuviper\",\"https:\/\/www.youtube.com\/channel\/UCf73dERp9Y3cfOq7q8BhLjA?view_as=subscriber\"]}]}<\/script>\n<meta property=\"product:brand\" content=\"LG\" \/>\n<meta property=\"product:price:amount\" content=\"1386\" \/>\n<meta property=\"product:price:currency\" content=\"MXN\" \/>\n<meta property=\"og:availability\" content=\"instock\" \/>\n<meta property=\"product:availability\" content=\"instock\" \/>\n<meta property=\"product:retailer_item_id\" content=\"SK1D\" \/>\n<meta property=\"product:condition\" content=\"new\" \/>\n<!-- \/ Yoast SEO plugin. -->","yoast_head_json":{"title":"[ Lg ] &#129351; Sk1d Barra De Sonido 100w, 2.0 Dolby Digital, Dts, Pcm, Bluetooth 4.0, Optico1, Aux1, Color Negro","description":"Compra Sk1d Barra De Sonido 100w, 2.0 Dolby Digital, Dts, Pcm, Bluetooth 4.0, Optico1, Aux1, Color Negro + Env\u00edo a domicilio + Pago seguro + Garant\u00eda","robots":{"index":"index","follow":"follow","max-snippet":"max-snippet:-1","max-image-preview":"max-image-preview:large","max-video-preview":"max-video-preview:-1"},"canonical":"https:\/\/compuviper.mx\/tienda\/producto\/lg-sk1d-barra-de-sonido-100w-2-0-dolby-digital-dts-pcm-bluetooth-4-0-optico1-aux1-color-negro\/","og_locale":"es_MX","og_type":"article","og_title":"[ Lg ] &#129351; Sk1d Barra De Sonido 100w, 2.0 Dolby Digital, Dts, Pcm, Bluetooth 4.0, Optico1, Aux1, Color Negro","og_description":"Compra Sk1d Barra De Sonido 100w, 2.0 Dolby Digital, Dts, Pcm, Bluetooth 4.0, Optico1, Aux1, Color Negro + Env\u00edo a domicilio + Pago seguro + Garant\u00eda","og_url":"https:\/\/compuviper.mx\/tienda\/producto\/lg-sk1d-barra-de-sonido-100w-2-0-dolby-digital-dts-pcm-bluetooth-4-0-optico1-aux1-color-negro\/","og_site_name":"Compuviper","article_publisher":"https:\/\/www.facebook.com\/compuviper","og_image":[{"width":200,"height":200,"url":"https:\/\/compuviper.mx\/tienda\/wp-content\/uploads\/2023\/12\/Barra-de-sonido-lg-sk1d-100w-2.0-dolby-digital-dts-pcm-bluetooth-4.0-optico1-aux1-color-negro.jpg","type":"image\/jpeg"}],"twitter_card":"summary_large_image","twitter_misc":{"Precio":"&#36;2,142 &#36;1,386 con IVA","Availability":"In stock"},"schema":{"@context":"https:\/\/schema.org","@graph":[{"@type":"WebPage","@id":"https:\/\/compuviper.mx\/tienda\/producto\/lg-sk1d-barra-de-sonido-100w-2-0-dolby-digital-dts-pcm-bluetooth-4-0-optico1-aux1-color-negro\/","url":"https:\/\/compuviper.mx\/tienda\/producto\/lg-sk1d-barra-de-sonido-100w-2-0-dolby-digital-dts-pcm-bluetooth-4-0-optico1-aux1-color-negro\/","name":"[ Lg ] &#129351; Sk1d Barra De Sonido 100w, 2.0 Dolby Digital, Dts, Pcm, Bluetooth 4.0, Optico1, Aux1, Color Negro","isPartOf":{"@id":"https:\/\/compuviper.mx\/tienda\/#website"},"datePublished":"2026-04-21T08:11:37+00:00","dateModified":"2026-04-21T08:11:37+00:00","description":"Compra Sk1d Barra De Sonido 100w, 2.0 Dolby Digital, Dts, Pcm, Bluetooth 4.0, Optico1, Aux1, Color Negro + Env\u00edo a domicilio + Pago seguro + Garant\u00eda","breadcrumb":{"@id":"https:\/\/compuviper.mx\/tienda\/producto\/lg-sk1d-barra-de-sonido-100w-2-0-dolby-digital-dts-pcm-bluetooth-4-0-optico1-aux1-color-negro\/#breadcrumb"},"inLanguage":"es-MX","potentialAction":[{"@type":"ReadAction","target":["https:\/\/compuviper.mx\/tienda\/producto\/lg-sk1d-barra-de-sonido-100w-2-0-dolby-digital-dts-pcm-bluetooth-4-0-optico1-aux1-color-negro\/"]}]},{"@type":"BreadcrumbList","@id":"https:\/\/compuviper.mx\/tienda\/producto\/lg-sk1d-barra-de-sonido-100w-2-0-dolby-digital-dts-pcm-bluetooth-4-0-optico1-aux1-color-negro\/#breadcrumb","itemListElement":[{"@type":"ListItem","position":1,"name":"Inicio","item":"https:\/\/compuviper.mx\/tienda\/"},{"@type":"ListItem","position":2,"name":"Productos","item":"https:\/\/compuviper.mx\/tienda\/productos\/"},{"@type":"ListItem","position":3,"name":"Bocinas","item":"https:\/\/compuviper.mx\/tienda\/categoria-producto\/bocinas\/"},{"@type":"ListItem","position":4,"name":"Barra De Audio","item":"https:\/\/compuviper.mx\/tienda\/categoria-producto\/bocinas\/barra-de-audio\/"},{"@type":"ListItem","position":5,"name":"Lg Sk1d Barra De Sonido 100w, 2.0 Dolby Digital, Dts, Pcm, Bluetooth 4.0, Optico1, Aux1, Color Negro"}]},{"@type":"WebSite","@id":"https:\/\/compuviper.mx\/tienda\/#website","url":"https:\/\/compuviper.mx\/tienda\/","name":"Compuviper","description":"Proveedor de Computadoras, Laptops, Servidores, Monitores, Puntos de Venta, Teclados,   Impresoras, T\u00f3ner, C\u00e1maras de Seguridad y m\u00e1s en tu tienda en l\u00ednea","publisher":{"@id":"https:\/\/compuviper.mx\/tienda\/#organization"},"potentialAction":[{"@type":"SearchAction","target":{"@type":"EntryPoint","urlTemplate":"https:\/\/compuviper.mx\/tienda\/?s={search_term_string}"},"query-input":"required name=search_term_string"}],"inLanguage":"es-MX"},{"@type":"Organization","@id":"https:\/\/compuviper.mx\/tienda\/#organization","name":"Compuviper","url":"https:\/\/compuviper.mx\/tienda\/","logo":{"@type":"ImageObject","inLanguage":"es-MX","@id":"https:\/\/compuviper.mx\/tienda\/#\/schema\/logo\/image\/","url":"https:\/\/compuviper.mx\/tienda\/wp-content\/uploads\/2021\/08\/Logo-Compuviper-10.png","contentUrl":"https:\/\/compuviper.mx\/tienda\/wp-content\/uploads\/2021\/08\/Logo-Compuviper-10.png","width":1000,"height":500,"caption":"Compuviper"},"image":{"@id":"https:\/\/compuviper.mx\/tienda\/#\/schema\/logo\/image\/"},"sameAs":["https:\/\/www.facebook.com\/compuviper","https:\/\/www.youtube.com\/channel\/UCf73dERp9Y3cfOq7q8BhLjA?view_as=subscriber"]}]},"product_brand":"LG","product_price_amount":"1386","product_price_currency":"MXN","og_availability":"instock","product_availability":"instock","product_retailer_item_id":"SK1D","product_condition":"new"},"_links":{"self":[{"href":"https:\/\/compuviper.mx\/tienda\/wp-json\/wp\/v2\/product\/225557"}],"collection":[{"href":"https:\/\/compuviper.mx\/tienda\/wp-json\/wp\/v2\/product"}],"about":[{"href":"https:\/\/compuviper.mx\/tienda\/wp-json\/wp\/v2\/types\/product"}],"replies":[{"embeddable":true,"href":"https:\/\/compuviper.mx\/tienda\/wp-json\/wp\/v2\/comments?post=225557"}],"wp:featuredmedia":[{"embeddable":true,"href":"https:\/\/compuviper.mx\/tienda\/wp-json\/wp\/v2\/media\/225558"}],"wp:attachment":[{"href":"https:\/\/compuviper.mx\/tienda\/wp-json\/wp\/v2\/media?parent=225557"}],"wp:term":[{"taxonomy":"product_cat","embeddable":true,"href":"https:\/\/compuviper.mx\/tienda\/wp-json\/wp\/v2\/product_cat?post=225557"},{"taxonomy":"product_tag","embeddable":true,"href":"https:\/\/compuviper.mx\/tienda\/wp-json\/wp\/v2\/product_tag?post=225557"}],"curies":[{"name":"wp","href":"https:\/\/api.w.org\/{rel}","templated":true}]}}