{"id":225511,"date":"2026-04-23T02:00:46","date_gmt":"2026-04-23T08:00:46","guid":{"rendered":"https:\/\/compuviper.mx\/tienda\/producto\/poly-209744-101-c3210-usb-a-diadema-209744-101-blackwire-c3210-alambrica-monoaural-usb-a-reduccion-de-ruido-con-microfono-control-en-el-cable-color-negro-con-naranja\/"},"modified":"2026-04-23T02:00:47","modified_gmt":"2026-04-23T08:00:47","slug":"poly-8x214a680s01a68x214aa-diadema-hp-8x214a6-blackwire-c3210-alambrica-monoaural-usb-a-usb-c-reduccion-de-ruido-con-microfono-control-en-el-cable-color-negro-con-naranja","status":"publish","type":"product","link":"https:\/\/compuviper.mx\/tienda\/producto\/poly-8x214a680s01a68x214aa-diadema-hp-8x214a6-blackwire-c3210-alambrica-monoaural-usb-a-usb-c-reduccion-de-ruido-con-microfono-control-en-el-cable-color-negro-con-naranja\/","title":{"rendered":"Poly 8x214a6,80s01a6,8x214aa Diadema Hp  8x214a6 Blackwire C3210\/ Alambrica Monoaural Usb-a Usb-c Reduccion De Ruido Con Microfono Control En El Cable Color Negro Con Naranja"},"content":{"rendered":"<table class=\"descripcion\">\n<tr>\n<td>Especificaciones<\/td>\n<\/tr>\n<tr>\n<td>Connects to: pc via usb\/usb-a<\/td>\n<\/tr>\n<tr>\n<td>Compatible with: windows\u00ae or mac os<\/td>\n<\/tr>\n<tr>\n<td>Ideal for: users transitioning to pc telephony for webinars, conference calls, music, and other multimedia applications<\/td>\n<\/tr>\n<tr>\n<td>Pc audio performance: dynamic eq, microphone frequency response 100 hz\u009610 khz optimal for pc wideband voice telephony (up to 6,800 hz). receive output from 20 hz\u009620 khz, enhanced digital signal processing (dsp), noise-canceling microphone, adjustable audio alerts with plantronics hub software (mute\/volume)*<\/td>\n<\/tr>\n<tr>\n<td>Hearing protection: soundguard: acoustic limiting for protection against sounds above 118 dba<\/td>\n<\/tr>\n<tr>\n<td>Remote call control: call answer\/ignore\/end\/hold, redial, mute, volume +\/-<\/td>\n<\/tr>\n<\/table>\n","protected":false},"excerpt":{"rendered":"<p>Blackwire 3200. Los auriculares de uc con cable de la serie blackwire 3200 de plantronics son resistentes, c\u00f3modos, f\u00e1ciles de implementar y cuentan con una gran variedad de opciones de conectividad y ajuste. A\u00f1ade la informaci\u00f3n de plantronics manager pro, un software como servicio adicional, y contar\u00e1s con una soluci\u00f3n preparada para el futuro. La serie blackwire 3200 cuenta con el audio caracter\u00edstico de plantronics y funciones de gran calidad a un precio muy asequible. Calidad de sonido superior. Los auriculares blackwire 3200, que cuentan con banda ancha para ordenador, micr\u00f3fono con anulaci\u00f3n de ruido y sonido est\u00e9reo de alta fidelidad (modelos c3220\/c3225), ofrecen una experiencia de audio excepcional caracter\u00edstica, de modo que resultan perfectos para voz, m\u00fasica y archivos multimedia. El ecualizador din\u00e1mico optimiza la calidad de voz en las llamadas y ajusta autom\u00e1ticamente la configuraci\u00f3n de ecualizaci\u00f3n al escuchar m\u00fasica o archivos multimedia. Opciones de conectividad. Ideal para trabajadores que necesitan una soluci\u00f3n c\u00f3moda para gestionar llamadas en el ordenador, el tel\u00e9fono m\u00f3vil o el tablet. La serie blackwire 3200 ofrece la comodidad y durabilidad del cable combinada con una buena flexibilidad, todo ello a un precio reducido.<\/p>\n","protected":false},"featured_media":225512,"comment_status":"open","ping_status":"open","template":"","meta":[],"product_cat":[1552,1816],"product_tag":[2035],"acf":[],"yoast_head":"<!-- This site is optimized with the Yoast SEO plugin v21.7 - https:\/\/yoast.com\/wordpress\/plugins\/seo\/ -->\n<title>[ Poly ] &#129351; 8x214a6,80s01a6,8x214aa Diadema Hp 8x214a6 Blackwire C3210\/ Alambrica Monoaural Usb-a Usb-c Reduccion De Ruido Con Microfono Control En El Cable Color Negro Con Naranja<\/title>\n<meta name=\"description\" content=\"Compra 8x214a6,80s01a6,8x214aa Diadema Hp 8x214a6 Blackwire C3210\/ Alambrica Monoaural Usb-a Usb-c Reduccion De Ruido Con Microfono Control En El Cable Color Negro Con Naranja + Env\u00edo a domicilio + Pago seguro + Garant\u00eda\" \/>\n<meta name=\"robots\" content=\"index, follow, max-snippet:-1, max-image-preview:large, max-video-preview:-1\" \/>\n<link rel=\"canonical\" href=\"https:\/\/compuviper.mx\/tienda\/producto\/poly-8x214a680s01a68x214aa-diadema-hp-8x214a6-blackwire-c3210-alambrica-monoaural-usb-a-usb-c-reduccion-de-ruido-con-microfono-control-en-el-cable-color-negro-con-naranja\/\" \/>\n<meta property=\"og:locale\" content=\"es_MX\" \/>\n<meta property=\"og:type\" content=\"article\" \/>\n<meta property=\"og:title\" content=\"[ Poly ] &#129351; 8x214a6,80s01a6,8x214aa Diadema Hp 8x214a6 Blackwire C3210\/ Alambrica Monoaural Usb-a Usb-c Reduccion De Ruido Con Microfono Control En El Cable Color Negro Con Naranja\" \/>\n<meta property=\"og:description\" content=\"Compra 8x214a6,80s01a6,8x214aa Diadema Hp 8x214a6 Blackwire C3210\/ Alambrica Monoaural Usb-a Usb-c Reduccion De Ruido Con Microfono Control En El Cable Color Negro Con Naranja + Env\u00edo a domicilio + Pago seguro + Garant\u00eda\" \/>\n<meta property=\"og:url\" content=\"https:\/\/compuviper.mx\/tienda\/producto\/poly-8x214a680s01a68x214aa-diadema-hp-8x214a6-blackwire-c3210-alambrica-monoaural-usb-a-usb-c-reduccion-de-ruido-con-microfono-control-en-el-cable-color-negro-con-naranja\/\" \/>\n<meta property=\"og:site_name\" content=\"Compuviper\" \/>\n<meta property=\"article:publisher\" content=\"https:\/\/www.facebook.com\/compuviper\" \/>\n<meta property=\"article:modified_time\" content=\"2026-04-23T08:00:47+00:00\" \/>\n<meta property=\"og:image\" content=\"https:\/\/compuviper.mx\/tienda\/wp-content\/uploads\/2023\/12\/Diadema-poly-209744-101-blackwire-c3210-alambrica-monoaural-usb-a-reduccion-de-ruido-con-microfono-control-en-el-cable-color-negro-con-naranja.jpg\" \/>\n\t<meta property=\"og:image:width\" content=\"200\" \/>\n\t<meta property=\"og:image:height\" content=\"200\" \/>\n\t<meta property=\"og:image:type\" content=\"image\/jpeg\" \/>\n<meta name=\"twitter:card\" content=\"summary_large_image\" \/>\n<meta name=\"twitter:label1\" content=\"Precio\" \/>\n\t<meta name=\"twitter:data1\" content=\"&#36;699 con IVA\" \/>\n\t<meta name=\"twitter:label2\" content=\"Availability\" \/>\n\t<meta name=\"twitter:data2\" content=\"In stock\" \/>\n<script type=\"application\/ld+json\" class=\"yoast-schema-graph\">{\"@context\":\"https:\/\/schema.org\",\"@graph\":[{\"@type\":\"WebPage\",\"@id\":\"https:\/\/compuviper.mx\/tienda\/producto\/poly-8x214a680s01a68x214aa-diadema-hp-8x214a6-blackwire-c3210-alambrica-monoaural-usb-a-usb-c-reduccion-de-ruido-con-microfono-control-en-el-cable-color-negro-con-naranja\/\",\"url\":\"https:\/\/compuviper.mx\/tienda\/producto\/poly-8x214a680s01a68x214aa-diadema-hp-8x214a6-blackwire-c3210-alambrica-monoaural-usb-a-usb-c-reduccion-de-ruido-con-microfono-control-en-el-cable-color-negro-con-naranja\/\",\"name\":\"[ Poly ] &#129351; 8x214a6,80s01a6,8x214aa Diadema Hp 8x214a6 Blackwire C3210\/ Alambrica Monoaural Usb-a Usb-c Reduccion De Ruido Con Microfono Control En El Cable Color Negro Con Naranja\",\"isPartOf\":{\"@id\":\"https:\/\/compuviper.mx\/tienda\/#website\"},\"datePublished\":\"2026-04-23T08:00:46+00:00\",\"dateModified\":\"2026-04-23T08:00:47+00:00\",\"description\":\"Compra 8x214a6,80s01a6,8x214aa Diadema Hp 8x214a6 Blackwire C3210\/ Alambrica Monoaural Usb-a Usb-c Reduccion De Ruido Con Microfono Control En El Cable Color Negro Con Naranja + Env\u00edo a domicilio + Pago seguro + Garant\u00eda\",\"breadcrumb\":{\"@id\":\"https:\/\/compuviper.mx\/tienda\/producto\/poly-8x214a680s01a68x214aa-diadema-hp-8x214a6-blackwire-c3210-alambrica-monoaural-usb-a-usb-c-reduccion-de-ruido-con-microfono-control-en-el-cable-color-negro-con-naranja\/#breadcrumb\"},\"inLanguage\":\"es-MX\",\"potentialAction\":[{\"@type\":\"ReadAction\",\"target\":[\"https:\/\/compuviper.mx\/tienda\/producto\/poly-8x214a680s01a68x214aa-diadema-hp-8x214a6-blackwire-c3210-alambrica-monoaural-usb-a-usb-c-reduccion-de-ruido-con-microfono-control-en-el-cable-color-negro-con-naranja\/\"]}]},{\"@type\":\"BreadcrumbList\",\"@id\":\"https:\/\/compuviper.mx\/tienda\/producto\/poly-8x214a680s01a68x214aa-diadema-hp-8x214a6-blackwire-c3210-alambrica-monoaural-usb-a-usb-c-reduccion-de-ruido-con-microfono-control-en-el-cable-color-negro-con-naranja\/#breadcrumb\",\"itemListElement\":[{\"@type\":\"ListItem\",\"position\":1,\"name\":\"Inicio\",\"item\":\"https:\/\/compuviper.mx\/tienda\/\"},{\"@type\":\"ListItem\",\"position\":2,\"name\":\"Productos\",\"item\":\"https:\/\/compuviper.mx\/tienda\/productos\/\"},{\"@type\":\"ListItem\",\"position\":3,\"name\":\"Audifonos Y Micro\",\"item\":\"https:\/\/compuviper.mx\/tienda\/categoria-producto\/audifonos-y-micro\/\"},{\"@type\":\"ListItem\",\"position\":4,\"name\":\"Audifono Con Microfono\",\"item\":\"https:\/\/compuviper.mx\/tienda\/categoria-producto\/audifonos-y-micro\/audifono-con-microfono\/\"},{\"@type\":\"ListItem\",\"position\":5,\"name\":\"Poly 8x214a6,80s01a6,8x214aa Diadema Hp 8x214a6 Blackwire C3210\/ Alambrica Monoaural Usb-a Usb-c Reduccion De Ruido Con Microfono Control En El Cable Color Negro Con Naranja\"}]},{\"@type\":\"WebSite\",\"@id\":\"https:\/\/compuviper.mx\/tienda\/#website\",\"url\":\"https:\/\/compuviper.mx\/tienda\/\",\"name\":\"Compuviper\",\"description\":\"Proveedor de Computadoras, Laptops, Servidores, Monitores, Puntos de Venta, Teclados,   Impresoras, T\u00f3ner, C\u00e1maras de Seguridad y m\u00e1s en tu tienda en l\u00ednea\",\"publisher\":{\"@id\":\"https:\/\/compuviper.mx\/tienda\/#organization\"},\"potentialAction\":[{\"@type\":\"SearchAction\",\"target\":{\"@type\":\"EntryPoint\",\"urlTemplate\":\"https:\/\/compuviper.mx\/tienda\/?s={search_term_string}\"},\"query-input\":\"required name=search_term_string\"}],\"inLanguage\":\"es-MX\"},{\"@type\":\"Organization\",\"@id\":\"https:\/\/compuviper.mx\/tienda\/#organization\",\"name\":\"Compuviper\",\"url\":\"https:\/\/compuviper.mx\/tienda\/\",\"logo\":{\"@type\":\"ImageObject\",\"inLanguage\":\"es-MX\",\"@id\":\"https:\/\/compuviper.mx\/tienda\/#\/schema\/logo\/image\/\",\"url\":\"https:\/\/compuviper.mx\/tienda\/wp-content\/uploads\/2021\/08\/Logo-Compuviper-10.png\",\"contentUrl\":\"https:\/\/compuviper.mx\/tienda\/wp-content\/uploads\/2021\/08\/Logo-Compuviper-10.png\",\"width\":1000,\"height\":500,\"caption\":\"Compuviper\"},\"image\":{\"@id\":\"https:\/\/compuviper.mx\/tienda\/#\/schema\/logo\/image\/\"},\"sameAs\":[\"https:\/\/www.facebook.com\/compuviper\",\"https:\/\/www.youtube.com\/channel\/UCf73dERp9Y3cfOq7q8BhLjA?view_as=subscriber\"]}]}<\/script>\n<meta property=\"product:brand\" content=\"POLY\" \/>\n<meta property=\"product:price:amount\" content=\"699\" \/>\n<meta property=\"product:price:currency\" content=\"MXN\" \/>\n<meta property=\"og:availability\" content=\"instock\" \/>\n<meta property=\"product:availability\" content=\"instock\" \/>\n<meta property=\"product:retailer_item_id\" content=\"8X214A6,80S01A6,8X214AA\" \/>\n<meta property=\"product:condition\" content=\"new\" \/>\n<!-- \/ Yoast SEO plugin. -->","yoast_head_json":{"title":"[ Poly ] &#129351; 8x214a6,80s01a6,8x214aa Diadema Hp 8x214a6 Blackwire C3210\/ Alambrica Monoaural Usb-a Usb-c Reduccion De Ruido Con Microfono Control En El Cable Color Negro Con Naranja","description":"Compra 8x214a6,80s01a6,8x214aa Diadema Hp 8x214a6 Blackwire C3210\/ Alambrica Monoaural Usb-a Usb-c Reduccion De Ruido Con Microfono Control En El Cable Color Negro Con Naranja + Env\u00edo a domicilio + Pago seguro + Garant\u00eda","robots":{"index":"index","follow":"follow","max-snippet":"max-snippet:-1","max-image-preview":"max-image-preview:large","max-video-preview":"max-video-preview:-1"},"canonical":"https:\/\/compuviper.mx\/tienda\/producto\/poly-8x214a680s01a68x214aa-diadema-hp-8x214a6-blackwire-c3210-alambrica-monoaural-usb-a-usb-c-reduccion-de-ruido-con-microfono-control-en-el-cable-color-negro-con-naranja\/","og_locale":"es_MX","og_type":"article","og_title":"[ Poly ] &#129351; 8x214a6,80s01a6,8x214aa Diadema Hp 8x214a6 Blackwire C3210\/ Alambrica Monoaural Usb-a Usb-c Reduccion De Ruido Con Microfono Control En El Cable Color Negro Con Naranja","og_description":"Compra 8x214a6,80s01a6,8x214aa Diadema Hp 8x214a6 Blackwire C3210\/ Alambrica Monoaural Usb-a Usb-c Reduccion De Ruido Con Microfono Control En El Cable Color Negro Con Naranja + Env\u00edo a domicilio + Pago seguro + Garant\u00eda","og_url":"https:\/\/compuviper.mx\/tienda\/producto\/poly-8x214a680s01a68x214aa-diadema-hp-8x214a6-blackwire-c3210-alambrica-monoaural-usb-a-usb-c-reduccion-de-ruido-con-microfono-control-en-el-cable-color-negro-con-naranja\/","og_site_name":"Compuviper","article_publisher":"https:\/\/www.facebook.com\/compuviper","article_modified_time":"2026-04-23T08:00:47+00:00","og_image":[{"width":200,"height":200,"url":"https:\/\/compuviper.mx\/tienda\/wp-content\/uploads\/2023\/12\/Diadema-poly-209744-101-blackwire-c3210-alambrica-monoaural-usb-a-reduccion-de-ruido-con-microfono-control-en-el-cable-color-negro-con-naranja.jpg","type":"image\/jpeg"}],"twitter_card":"summary_large_image","twitter_misc":{"Precio":"&#36;699 con IVA","Availability":"In stock"},"schema":{"@context":"https:\/\/schema.org","@graph":[{"@type":"WebPage","@id":"https:\/\/compuviper.mx\/tienda\/producto\/poly-8x214a680s01a68x214aa-diadema-hp-8x214a6-blackwire-c3210-alambrica-monoaural-usb-a-usb-c-reduccion-de-ruido-con-microfono-control-en-el-cable-color-negro-con-naranja\/","url":"https:\/\/compuviper.mx\/tienda\/producto\/poly-8x214a680s01a68x214aa-diadema-hp-8x214a6-blackwire-c3210-alambrica-monoaural-usb-a-usb-c-reduccion-de-ruido-con-microfono-control-en-el-cable-color-negro-con-naranja\/","name":"[ Poly ] &#129351; 8x214a6,80s01a6,8x214aa Diadema Hp 8x214a6 Blackwire C3210\/ Alambrica Monoaural Usb-a Usb-c Reduccion De Ruido Con Microfono Control En El Cable Color Negro Con Naranja","isPartOf":{"@id":"https:\/\/compuviper.mx\/tienda\/#website"},"datePublished":"2026-04-23T08:00:46+00:00","dateModified":"2026-04-23T08:00:47+00:00","description":"Compra 8x214a6,80s01a6,8x214aa Diadema Hp 8x214a6 Blackwire C3210\/ Alambrica Monoaural Usb-a Usb-c Reduccion De Ruido Con Microfono Control En El Cable Color Negro Con Naranja + Env\u00edo a domicilio + Pago seguro + Garant\u00eda","breadcrumb":{"@id":"https:\/\/compuviper.mx\/tienda\/producto\/poly-8x214a680s01a68x214aa-diadema-hp-8x214a6-blackwire-c3210-alambrica-monoaural-usb-a-usb-c-reduccion-de-ruido-con-microfono-control-en-el-cable-color-negro-con-naranja\/#breadcrumb"},"inLanguage":"es-MX","potentialAction":[{"@type":"ReadAction","target":["https:\/\/compuviper.mx\/tienda\/producto\/poly-8x214a680s01a68x214aa-diadema-hp-8x214a6-blackwire-c3210-alambrica-monoaural-usb-a-usb-c-reduccion-de-ruido-con-microfono-control-en-el-cable-color-negro-con-naranja\/"]}]},{"@type":"BreadcrumbList","@id":"https:\/\/compuviper.mx\/tienda\/producto\/poly-8x214a680s01a68x214aa-diadema-hp-8x214a6-blackwire-c3210-alambrica-monoaural-usb-a-usb-c-reduccion-de-ruido-con-microfono-control-en-el-cable-color-negro-con-naranja\/#breadcrumb","itemListElement":[{"@type":"ListItem","position":1,"name":"Inicio","item":"https:\/\/compuviper.mx\/tienda\/"},{"@type":"ListItem","position":2,"name":"Productos","item":"https:\/\/compuviper.mx\/tienda\/productos\/"},{"@type":"ListItem","position":3,"name":"Audifonos Y Micro","item":"https:\/\/compuviper.mx\/tienda\/categoria-producto\/audifonos-y-micro\/"},{"@type":"ListItem","position":4,"name":"Audifono Con Microfono","item":"https:\/\/compuviper.mx\/tienda\/categoria-producto\/audifonos-y-micro\/audifono-con-microfono\/"},{"@type":"ListItem","position":5,"name":"Poly 8x214a6,80s01a6,8x214aa Diadema Hp 8x214a6 Blackwire C3210\/ Alambrica Monoaural Usb-a Usb-c Reduccion De Ruido Con Microfono Control En El Cable Color Negro Con Naranja"}]},{"@type":"WebSite","@id":"https:\/\/compuviper.mx\/tienda\/#website","url":"https:\/\/compuviper.mx\/tienda\/","name":"Compuviper","description":"Proveedor de Computadoras, Laptops, Servidores, Monitores, Puntos de Venta, Teclados,   Impresoras, T\u00f3ner, C\u00e1maras de Seguridad y m\u00e1s en tu tienda en l\u00ednea","publisher":{"@id":"https:\/\/compuviper.mx\/tienda\/#organization"},"potentialAction":[{"@type":"SearchAction","target":{"@type":"EntryPoint","urlTemplate":"https:\/\/compuviper.mx\/tienda\/?s={search_term_string}"},"query-input":"required name=search_term_string"}],"inLanguage":"es-MX"},{"@type":"Organization","@id":"https:\/\/compuviper.mx\/tienda\/#organization","name":"Compuviper","url":"https:\/\/compuviper.mx\/tienda\/","logo":{"@type":"ImageObject","inLanguage":"es-MX","@id":"https:\/\/compuviper.mx\/tienda\/#\/schema\/logo\/image\/","url":"https:\/\/compuviper.mx\/tienda\/wp-content\/uploads\/2021\/08\/Logo-Compuviper-10.png","contentUrl":"https:\/\/compuviper.mx\/tienda\/wp-content\/uploads\/2021\/08\/Logo-Compuviper-10.png","width":1000,"height":500,"caption":"Compuviper"},"image":{"@id":"https:\/\/compuviper.mx\/tienda\/#\/schema\/logo\/image\/"},"sameAs":["https:\/\/www.facebook.com\/compuviper","https:\/\/www.youtube.com\/channel\/UCf73dERp9Y3cfOq7q8BhLjA?view_as=subscriber"]}]},"product_brand":"POLY","product_price_amount":"699","product_price_currency":"MXN","og_availability":"instock","product_availability":"instock","product_retailer_item_id":"8X214A6,80S01A6,8X214AA","product_condition":"new"},"_links":{"self":[{"href":"https:\/\/compuviper.mx\/tienda\/wp-json\/wp\/v2\/product\/225511"}],"collection":[{"href":"https:\/\/compuviper.mx\/tienda\/wp-json\/wp\/v2\/product"}],"about":[{"href":"https:\/\/compuviper.mx\/tienda\/wp-json\/wp\/v2\/types\/product"}],"replies":[{"embeddable":true,"href":"https:\/\/compuviper.mx\/tienda\/wp-json\/wp\/v2\/comments?post=225511"}],"wp:featuredmedia":[{"embeddable":true,"href":"https:\/\/compuviper.mx\/tienda\/wp-json\/wp\/v2\/media\/225512"}],"wp:attachment":[{"href":"https:\/\/compuviper.mx\/tienda\/wp-json\/wp\/v2\/media?parent=225511"}],"wp:term":[{"taxonomy":"product_cat","embeddable":true,"href":"https:\/\/compuviper.mx\/tienda\/wp-json\/wp\/v2\/product_cat?post=225511"},{"taxonomy":"product_tag","embeddable":true,"href":"https:\/\/compuviper.mx\/tienda\/wp-json\/wp\/v2\/product_tag?post=225511"}],"curies":[{"name":"wp","href":"https:\/\/api.w.org\/{rel}","templated":true}]}}