{"id":225509,"date":"2026-04-02T02:03:42","date_gmt":"2026-04-02T08:03:42","guid":{"rendered":"https:\/\/compuviper.mx\/tienda\/producto\/poly-208769-01-b8200black7d7g4aa8g7t9aa-diadema-8g7t9aa-voyager-8200-uc-bluetooth-nfc-cancelacion-de-ruido-alcance-de-30-metros-con-1-dispositivo-dongle-usb-a-incluye-cable-35-mm\/"},"modified":"2026-04-02T02:03:42","modified_gmt":"2026-04-02T08:03:42","slug":"poly-8g7t9aa-diadema-hp-voyager-surround-80-uc-inalambrica-con-anc-adaptable-usb-cusb-a-bluetooth-6-microfonos-controles-tactiles-21-hrs-de-conversacion-incluye-cable-35-mm","status":"publish","type":"product","link":"https:\/\/compuviper.mx\/tienda\/producto\/poly-8g7t9aa-diadema-hp-voyager-surround-80-uc-inalambrica-con-anc-adaptable-usb-cusb-a-bluetooth-6-microfonos-controles-tactiles-21-hrs-de-conversacion-incluye-cable-35-mm\/","title":{"rendered":"Poly 8g7t9aa Diadema Hp   Voyager Surround 80 Uc\/ Inalambrica Con Anc Adaptable Usb-cusb-a Bluetooth 6 Microfonos Controles Tactiles 21 Hrs De Conversacion Incluye Cable 3,5 Mm"},"content":{"rendered":"<table class=\"descripcion\">\n<tr>\n<td>Especificaciones:<\/td>\n<\/tr>\n<tr>\n<td>Tiempo de conversaci\u00f3n\/escucha\/espera<\/td>\n<\/tr>\n<tr>\n<td>Hasta 24 horas de escucha, 20 horas de conversaci\u00f3n y hasta 1 mes de tiempo de espera<\/td>\n<\/tr>\n<tr>\n<td>Alcance<\/td>\n<\/tr>\n<tr>\n<td>Hasta 30 m (98 pies) con un dispositivo de clase 1<\/td>\n<\/tr>\n<tr>\n<td>Calidad de sonido<\/td>\n<\/tr>\n<tr>\n<td>Tecnolog\u00eda de anulaci\u00f3n de ruido dsp con cuatro micr\u00f3fonos de doble emparejamiento, anulaci\u00f3n activa del ruido (anc) de modo dual, compatibilidad con banda ancha m\u00f3vil, a2dp, avrcp, hfp y hsp<\/td>\n<\/tr>\n<tr>\n<td>Protecci\u00f3n para los o\u00eddos<\/td>\n<\/tr>\n<tr>\n<td>Soundguard\u00ae digital: protege de niveles de sonido superiores a 118 dba; protecci\u00f3n frente a sobresaltos (durante las llamadas) que detecta y elimina cualquier subida repentina del nivel de la se\u00f1al de audio; media ponderada de tiempo que previene que la exposici\u00f3n media de ruido diaria exceda de 85 dba*<\/td>\n<\/tr>\n<tr>\n<td>Control del auricular<\/td>\n<\/tr>\n<tr>\n<td>Respuesta, ignorar y finalizaci\u00f3n de llamadas, remarcaci\u00f3n, funci\u00f3n mute, volumen +\/-, emparejamiento bluetooth, anc 1\/2, micr\u00f3fono abierto, acceso a vpa mediante smartphone, encendido y apagado<\/td>\n<\/tr>\n<tr>\n<td>Modelo<\/td>\n<\/tr>\n<tr>\n<td>B8200: versi\u00f3n certificada para skype empresarial y optimizada para microsoft\u00ae lync\u00ae. dise\u00f1ados para aplicaciones de uc y softphones de avaya, cisco y skype, entre otros.<\/td>\n<\/tr>\n<tr>\n<td>Peso<\/td>\n<\/tr>\n<tr>\n<td>289 g<\/td>\n<\/tr>\n<tr>\n<td>Frecuencia inal\u00e1mbrica<\/td>\n<\/tr>\n<tr>\n<td>Bluetooth v4.1<\/td>\n<\/tr>\n<tr>\n<td>Accesorios incluidos<\/td>\n<\/tr>\n<tr>\n<td>Cable de carga usb, cable de audio de 3,5 mm, adaptador usb bluetooth bt600, funda de transporte<\/td>\n<\/tr>\n<tr>\n<td>Nfc<\/td>\n<\/tr>\n<tr>\n<td>Toca para emparejar con dispositivos con nfc<\/td>\n<\/tr>\n<\/table>\n","protected":false},"excerpt":{"rendered":"<p>C\u00e9ntrate en la comodidad. Gracias a su dise\u00f1o contempor\u00e1neo sin brazo y a la anulaci\u00f3n activa del ruido, voyager uc 8200 bloquea el ruido de fondo para que puedas centrarte en el trabajo o las llamadas de manera c\u00f3moda y elegante. Las almohadillas blandas para la oreja, la autonom\u00eda de 24 horas de escucha y el cable de audio de 3,5 mm te permiten escuchar m\u00fasica en la oficina, en un avi\u00f3n o mientras te desplazas. Mu\u00e9vete f\u00e1cilmente gracias a un alcance de hasta 30 m (98 pies) con un dispositivo bluetooth\u00ae clase 1. Sum\u00e9rgete en la riqueza del sonido. Escucha la m\u00fasica y las conversaciones con total claridad. Todos los tonos, desde agudos a graves, pasando por todos los intermedios, suenan plena y naturalmente. \u00bfnecesitas desconectarte de las distracciones? el sonido est\u00e9reo de alta fidelidad y la anulaci\u00f3n activa del ruido dual eliminan el ruido de fondo mientras los micr\u00f3fonos con doble emparejamiento se centran en tu voz. Mantente conectado. \u00bfnecesitas conectarte a tu ordenador y tu tel\u00e9fono m\u00f3vil? no hay problema. Al permanecer conectado a dos dispositivos a la vez, nunca perder\u00e1s una llamada. Escucha m\u00fasica o atiende al tel\u00e9fono con tan solo ponerte el auricular o qu\u00edtatelo para detener el reproductor multimedia o silenciar una llamada. Un bot\u00f3n espec\u00edfico te ofrece acceso instant\u00e1neo a la funci\u00f3n de silenciar, mientras que los avisos de voz te indican si la funci\u00f3n de silenciar est\u00e1 activada cuando empiezas a hablar.<\/p>\n","protected":false},"featured_media":225510,"comment_status":"open","ping_status":"open","template":"","meta":[],"product_cat":[1552,1816],"product_tag":[2035],"acf":[],"yoast_head":"<!-- This site is optimized with the Yoast SEO plugin v21.7 - https:\/\/yoast.com\/wordpress\/plugins\/seo\/ -->\n<title>[ Poly ] &#129351; 8g7t9aa Diadema Hp Voyager Surround 80 Uc\/ Inalambrica Con Anc Adaptable Usb-cusb-a Bluetooth 6 Microfonos Controles Tactiles 21 Hrs De Conversacion Incluye Cable 3,5 Mm<\/title>\n<meta name=\"description\" content=\"Compra 8g7t9aa Diadema Hp Voyager Surround 80 Uc\/ Inalambrica Con Anc Adaptable Usb-cusb-a Bluetooth 6 Microfonos Controles Tactiles 21 Hrs De Conversacion Incluye Cable 3,5 Mm + Env\u00edo a domicilio + Pago seguro + Garant\u00eda\" \/>\n<meta name=\"robots\" content=\"index, follow, max-snippet:-1, max-image-preview:large, max-video-preview:-1\" \/>\n<link rel=\"canonical\" href=\"https:\/\/compuviper.mx\/tienda\/producto\/poly-8g7t9aa-diadema-hp-voyager-surround-80-uc-inalambrica-con-anc-adaptable-usb-cusb-a-bluetooth-6-microfonos-controles-tactiles-21-hrs-de-conversacion-incluye-cable-35-mm\/\" \/>\n<meta property=\"og:locale\" content=\"es_MX\" \/>\n<meta property=\"og:type\" content=\"article\" \/>\n<meta property=\"og:title\" content=\"[ Poly ] &#129351; 8g7t9aa Diadema Hp Voyager Surround 80 Uc\/ Inalambrica Con Anc Adaptable Usb-cusb-a Bluetooth 6 Microfonos Controles Tactiles 21 Hrs De Conversacion Incluye Cable 3,5 Mm\" \/>\n<meta property=\"og:description\" content=\"Compra 8g7t9aa Diadema Hp Voyager Surround 80 Uc\/ Inalambrica Con Anc Adaptable Usb-cusb-a Bluetooth 6 Microfonos Controles Tactiles 21 Hrs De Conversacion Incluye Cable 3,5 Mm + Env\u00edo a domicilio + Pago seguro + Garant\u00eda\" \/>\n<meta property=\"og:url\" content=\"https:\/\/compuviper.mx\/tienda\/producto\/poly-8g7t9aa-diadema-hp-voyager-surround-80-uc-inalambrica-con-anc-adaptable-usb-cusb-a-bluetooth-6-microfonos-controles-tactiles-21-hrs-de-conversacion-incluye-cable-35-mm\/\" \/>\n<meta property=\"og:site_name\" content=\"Compuviper\" \/>\n<meta property=\"article:publisher\" content=\"https:\/\/www.facebook.com\/compuviper\" \/>\n<meta property=\"og:image\" content=\"https:\/\/compuviper.mx\/tienda\/wp-content\/uploads\/2023\/12\/Diadema-poly-8g7t9aa-voyager-8200-uc-bluetooth-nfc-cancelacion-de-ruido-alcance-de-30-metros-con-1-dispositivo-dongle-usb-a-incluye-cable-35-mm.jpg\" \/>\n\t<meta property=\"og:image:width\" content=\"200\" \/>\n\t<meta property=\"og:image:height\" content=\"200\" \/>\n\t<meta property=\"og:image:type\" content=\"image\/jpeg\" \/>\n<meta name=\"twitter:card\" content=\"summary_large_image\" \/>\n<meta name=\"twitter:label1\" content=\"Precio\" \/>\n\t<meta name=\"twitter:data1\" content=\"&#36;7,046 con IVA\" \/>\n\t<meta name=\"twitter:label2\" content=\"Availability\" \/>\n\t<meta name=\"twitter:data2\" content=\"On backorder\" \/>\n<script type=\"application\/ld+json\" class=\"yoast-schema-graph\">{\"@context\":\"https:\/\/schema.org\",\"@graph\":[{\"@type\":\"WebPage\",\"@id\":\"https:\/\/compuviper.mx\/tienda\/producto\/poly-8g7t9aa-diadema-hp-voyager-surround-80-uc-inalambrica-con-anc-adaptable-usb-cusb-a-bluetooth-6-microfonos-controles-tactiles-21-hrs-de-conversacion-incluye-cable-35-mm\/\",\"url\":\"https:\/\/compuviper.mx\/tienda\/producto\/poly-8g7t9aa-diadema-hp-voyager-surround-80-uc-inalambrica-con-anc-adaptable-usb-cusb-a-bluetooth-6-microfonos-controles-tactiles-21-hrs-de-conversacion-incluye-cable-35-mm\/\",\"name\":\"[ Poly ] &#129351; 8g7t9aa Diadema Hp Voyager Surround 80 Uc\/ Inalambrica Con Anc Adaptable Usb-cusb-a Bluetooth 6 Microfonos Controles Tactiles 21 Hrs De Conversacion Incluye Cable 3,5 Mm\",\"isPartOf\":{\"@id\":\"https:\/\/compuviper.mx\/tienda\/#website\"},\"datePublished\":\"2026-04-02T08:03:42+00:00\",\"dateModified\":\"2026-04-02T08:03:42+00:00\",\"description\":\"Compra 8g7t9aa Diadema Hp Voyager Surround 80 Uc\/ Inalambrica Con Anc Adaptable Usb-cusb-a Bluetooth 6 Microfonos Controles Tactiles 21 Hrs De Conversacion Incluye Cable 3,5 Mm + Env\u00edo a domicilio + Pago seguro + Garant\u00eda\",\"breadcrumb\":{\"@id\":\"https:\/\/compuviper.mx\/tienda\/producto\/poly-8g7t9aa-diadema-hp-voyager-surround-80-uc-inalambrica-con-anc-adaptable-usb-cusb-a-bluetooth-6-microfonos-controles-tactiles-21-hrs-de-conversacion-incluye-cable-35-mm\/#breadcrumb\"},\"inLanguage\":\"es-MX\",\"potentialAction\":[{\"@type\":\"ReadAction\",\"target\":[\"https:\/\/compuviper.mx\/tienda\/producto\/poly-8g7t9aa-diadema-hp-voyager-surround-80-uc-inalambrica-con-anc-adaptable-usb-cusb-a-bluetooth-6-microfonos-controles-tactiles-21-hrs-de-conversacion-incluye-cable-35-mm\/\"]}]},{\"@type\":\"BreadcrumbList\",\"@id\":\"https:\/\/compuviper.mx\/tienda\/producto\/poly-8g7t9aa-diadema-hp-voyager-surround-80-uc-inalambrica-con-anc-adaptable-usb-cusb-a-bluetooth-6-microfonos-controles-tactiles-21-hrs-de-conversacion-incluye-cable-35-mm\/#breadcrumb\",\"itemListElement\":[{\"@type\":\"ListItem\",\"position\":1,\"name\":\"Inicio\",\"item\":\"https:\/\/compuviper.mx\/tienda\/\"},{\"@type\":\"ListItem\",\"position\":2,\"name\":\"Productos\",\"item\":\"https:\/\/compuviper.mx\/tienda\/productos\/\"},{\"@type\":\"ListItem\",\"position\":3,\"name\":\"Audifonos Y Micro\",\"item\":\"https:\/\/compuviper.mx\/tienda\/categoria-producto\/audifonos-y-micro\/\"},{\"@type\":\"ListItem\",\"position\":4,\"name\":\"Audifono Con Microfono\",\"item\":\"https:\/\/compuviper.mx\/tienda\/categoria-producto\/audifonos-y-micro\/audifono-con-microfono\/\"},{\"@type\":\"ListItem\",\"position\":5,\"name\":\"Poly 8g7t9aa Diadema Hp Voyager Surround 80 Uc\/ Inalambrica Con Anc Adaptable Usb-cusb-a Bluetooth 6 Microfonos Controles Tactiles 21 Hrs De Conversacion Incluye Cable 3,5 Mm\"}]},{\"@type\":\"WebSite\",\"@id\":\"https:\/\/compuviper.mx\/tienda\/#website\",\"url\":\"https:\/\/compuviper.mx\/tienda\/\",\"name\":\"Compuviper\",\"description\":\"Proveedor de Computadoras, Laptops, Servidores, Monitores, Puntos de Venta, Teclados,   Impresoras, T\u00f3ner, C\u00e1maras de Seguridad y m\u00e1s en tu tienda en l\u00ednea\",\"publisher\":{\"@id\":\"https:\/\/compuviper.mx\/tienda\/#organization\"},\"potentialAction\":[{\"@type\":\"SearchAction\",\"target\":{\"@type\":\"EntryPoint\",\"urlTemplate\":\"https:\/\/compuviper.mx\/tienda\/?s={search_term_string}\"},\"query-input\":\"required name=search_term_string\"}],\"inLanguage\":\"es-MX\"},{\"@type\":\"Organization\",\"@id\":\"https:\/\/compuviper.mx\/tienda\/#organization\",\"name\":\"Compuviper\",\"url\":\"https:\/\/compuviper.mx\/tienda\/\",\"logo\":{\"@type\":\"ImageObject\",\"inLanguage\":\"es-MX\",\"@id\":\"https:\/\/compuviper.mx\/tienda\/#\/schema\/logo\/image\/\",\"url\":\"https:\/\/compuviper.mx\/tienda\/wp-content\/uploads\/2021\/08\/Logo-Compuviper-10.png\",\"contentUrl\":\"https:\/\/compuviper.mx\/tienda\/wp-content\/uploads\/2021\/08\/Logo-Compuviper-10.png\",\"width\":1000,\"height\":500,\"caption\":\"Compuviper\"},\"image\":{\"@id\":\"https:\/\/compuviper.mx\/tienda\/#\/schema\/logo\/image\/\"},\"sameAs\":[\"https:\/\/www.facebook.com\/compuviper\",\"https:\/\/www.youtube.com\/channel\/UCf73dERp9Y3cfOq7q8BhLjA?view_as=subscriber\"]}]}<\/script>\n<meta property=\"product:brand\" content=\"POLY\" \/>\n<meta property=\"product:price:amount\" content=\"7046\" \/>\n<meta property=\"product:price:currency\" content=\"MXN\" \/>\n<meta property=\"og:availability\" content=\"backorder\" \/>\n<meta property=\"product:availability\" content=\"available for order\" \/>\n<meta property=\"product:retailer_item_id\" content=\"8G7T9AA\" \/>\n<meta property=\"product:condition\" content=\"new\" \/>\n<!-- \/ Yoast SEO plugin. -->","yoast_head_json":{"title":"[ Poly ] &#129351; 8g7t9aa Diadema Hp Voyager Surround 80 Uc\/ Inalambrica Con Anc Adaptable Usb-cusb-a Bluetooth 6 Microfonos Controles Tactiles 21 Hrs De Conversacion Incluye Cable 3,5 Mm","description":"Compra 8g7t9aa Diadema Hp Voyager Surround 80 Uc\/ Inalambrica Con Anc Adaptable Usb-cusb-a Bluetooth 6 Microfonos Controles Tactiles 21 Hrs De Conversacion Incluye Cable 3,5 Mm + Env\u00edo a domicilio + Pago seguro + Garant\u00eda","robots":{"index":"index","follow":"follow","max-snippet":"max-snippet:-1","max-image-preview":"max-image-preview:large","max-video-preview":"max-video-preview:-1"},"canonical":"https:\/\/compuviper.mx\/tienda\/producto\/poly-8g7t9aa-diadema-hp-voyager-surround-80-uc-inalambrica-con-anc-adaptable-usb-cusb-a-bluetooth-6-microfonos-controles-tactiles-21-hrs-de-conversacion-incluye-cable-35-mm\/","og_locale":"es_MX","og_type":"article","og_title":"[ Poly ] &#129351; 8g7t9aa Diadema Hp Voyager Surround 80 Uc\/ Inalambrica Con Anc Adaptable Usb-cusb-a Bluetooth 6 Microfonos Controles Tactiles 21 Hrs De Conversacion Incluye Cable 3,5 Mm","og_description":"Compra 8g7t9aa Diadema Hp Voyager Surround 80 Uc\/ Inalambrica Con Anc Adaptable Usb-cusb-a Bluetooth 6 Microfonos Controles Tactiles 21 Hrs De Conversacion Incluye Cable 3,5 Mm + Env\u00edo a domicilio + Pago seguro + Garant\u00eda","og_url":"https:\/\/compuviper.mx\/tienda\/producto\/poly-8g7t9aa-diadema-hp-voyager-surround-80-uc-inalambrica-con-anc-adaptable-usb-cusb-a-bluetooth-6-microfonos-controles-tactiles-21-hrs-de-conversacion-incluye-cable-35-mm\/","og_site_name":"Compuviper","article_publisher":"https:\/\/www.facebook.com\/compuviper","og_image":[{"width":200,"height":200,"url":"https:\/\/compuviper.mx\/tienda\/wp-content\/uploads\/2023\/12\/Diadema-poly-8g7t9aa-voyager-8200-uc-bluetooth-nfc-cancelacion-de-ruido-alcance-de-30-metros-con-1-dispositivo-dongle-usb-a-incluye-cable-35-mm.jpg","type":"image\/jpeg"}],"twitter_card":"summary_large_image","twitter_misc":{"Precio":"&#36;7,046 con IVA","Availability":"On backorder"},"schema":{"@context":"https:\/\/schema.org","@graph":[{"@type":"WebPage","@id":"https:\/\/compuviper.mx\/tienda\/producto\/poly-8g7t9aa-diadema-hp-voyager-surround-80-uc-inalambrica-con-anc-adaptable-usb-cusb-a-bluetooth-6-microfonos-controles-tactiles-21-hrs-de-conversacion-incluye-cable-35-mm\/","url":"https:\/\/compuviper.mx\/tienda\/producto\/poly-8g7t9aa-diadema-hp-voyager-surround-80-uc-inalambrica-con-anc-adaptable-usb-cusb-a-bluetooth-6-microfonos-controles-tactiles-21-hrs-de-conversacion-incluye-cable-35-mm\/","name":"[ Poly ] &#129351; 8g7t9aa Diadema Hp Voyager Surround 80 Uc\/ Inalambrica Con Anc Adaptable Usb-cusb-a Bluetooth 6 Microfonos Controles Tactiles 21 Hrs De Conversacion Incluye Cable 3,5 Mm","isPartOf":{"@id":"https:\/\/compuviper.mx\/tienda\/#website"},"datePublished":"2026-04-02T08:03:42+00:00","dateModified":"2026-04-02T08:03:42+00:00","description":"Compra 8g7t9aa Diadema Hp Voyager Surround 80 Uc\/ Inalambrica Con Anc Adaptable Usb-cusb-a Bluetooth 6 Microfonos Controles Tactiles 21 Hrs De Conversacion Incluye Cable 3,5 Mm + Env\u00edo a domicilio + Pago seguro + Garant\u00eda","breadcrumb":{"@id":"https:\/\/compuviper.mx\/tienda\/producto\/poly-8g7t9aa-diadema-hp-voyager-surround-80-uc-inalambrica-con-anc-adaptable-usb-cusb-a-bluetooth-6-microfonos-controles-tactiles-21-hrs-de-conversacion-incluye-cable-35-mm\/#breadcrumb"},"inLanguage":"es-MX","potentialAction":[{"@type":"ReadAction","target":["https:\/\/compuviper.mx\/tienda\/producto\/poly-8g7t9aa-diadema-hp-voyager-surround-80-uc-inalambrica-con-anc-adaptable-usb-cusb-a-bluetooth-6-microfonos-controles-tactiles-21-hrs-de-conversacion-incluye-cable-35-mm\/"]}]},{"@type":"BreadcrumbList","@id":"https:\/\/compuviper.mx\/tienda\/producto\/poly-8g7t9aa-diadema-hp-voyager-surround-80-uc-inalambrica-con-anc-adaptable-usb-cusb-a-bluetooth-6-microfonos-controles-tactiles-21-hrs-de-conversacion-incluye-cable-35-mm\/#breadcrumb","itemListElement":[{"@type":"ListItem","position":1,"name":"Inicio","item":"https:\/\/compuviper.mx\/tienda\/"},{"@type":"ListItem","position":2,"name":"Productos","item":"https:\/\/compuviper.mx\/tienda\/productos\/"},{"@type":"ListItem","position":3,"name":"Audifonos Y Micro","item":"https:\/\/compuviper.mx\/tienda\/categoria-producto\/audifonos-y-micro\/"},{"@type":"ListItem","position":4,"name":"Audifono Con Microfono","item":"https:\/\/compuviper.mx\/tienda\/categoria-producto\/audifonos-y-micro\/audifono-con-microfono\/"},{"@type":"ListItem","position":5,"name":"Poly 8g7t9aa Diadema Hp Voyager Surround 80 Uc\/ Inalambrica Con Anc Adaptable Usb-cusb-a Bluetooth 6 Microfonos Controles Tactiles 21 Hrs De Conversacion Incluye Cable 3,5 Mm"}]},{"@type":"WebSite","@id":"https:\/\/compuviper.mx\/tienda\/#website","url":"https:\/\/compuviper.mx\/tienda\/","name":"Compuviper","description":"Proveedor de Computadoras, Laptops, Servidores, Monitores, Puntos de Venta, Teclados,   Impresoras, T\u00f3ner, C\u00e1maras de Seguridad y m\u00e1s en tu tienda en l\u00ednea","publisher":{"@id":"https:\/\/compuviper.mx\/tienda\/#organization"},"potentialAction":[{"@type":"SearchAction","target":{"@type":"EntryPoint","urlTemplate":"https:\/\/compuviper.mx\/tienda\/?s={search_term_string}"},"query-input":"required name=search_term_string"}],"inLanguage":"es-MX"},{"@type":"Organization","@id":"https:\/\/compuviper.mx\/tienda\/#organization","name":"Compuviper","url":"https:\/\/compuviper.mx\/tienda\/","logo":{"@type":"ImageObject","inLanguage":"es-MX","@id":"https:\/\/compuviper.mx\/tienda\/#\/schema\/logo\/image\/","url":"https:\/\/compuviper.mx\/tienda\/wp-content\/uploads\/2021\/08\/Logo-Compuviper-10.png","contentUrl":"https:\/\/compuviper.mx\/tienda\/wp-content\/uploads\/2021\/08\/Logo-Compuviper-10.png","width":1000,"height":500,"caption":"Compuviper"},"image":{"@id":"https:\/\/compuviper.mx\/tienda\/#\/schema\/logo\/image\/"},"sameAs":["https:\/\/www.facebook.com\/compuviper","https:\/\/www.youtube.com\/channel\/UCf73dERp9Y3cfOq7q8BhLjA?view_as=subscriber"]}]},"product_brand":"POLY","product_price_amount":"7046","product_price_currency":"MXN","og_availability":"backorder","product_availability":"available for order","product_retailer_item_id":"8G7T9AA","product_condition":"new"},"_links":{"self":[{"href":"https:\/\/compuviper.mx\/tienda\/wp-json\/wp\/v2\/product\/225509"}],"collection":[{"href":"https:\/\/compuviper.mx\/tienda\/wp-json\/wp\/v2\/product"}],"about":[{"href":"https:\/\/compuviper.mx\/tienda\/wp-json\/wp\/v2\/types\/product"}],"replies":[{"embeddable":true,"href":"https:\/\/compuviper.mx\/tienda\/wp-json\/wp\/v2\/comments?post=225509"}],"wp:featuredmedia":[{"embeddable":true,"href":"https:\/\/compuviper.mx\/tienda\/wp-json\/wp\/v2\/media\/225510"}],"wp:attachment":[{"href":"https:\/\/compuviper.mx\/tienda\/wp-json\/wp\/v2\/media?parent=225509"}],"wp:term":[{"taxonomy":"product_cat","embeddable":true,"href":"https:\/\/compuviper.mx\/tienda\/wp-json\/wp\/v2\/product_cat?post=225509"},{"taxonomy":"product_tag","embeddable":true,"href":"https:\/\/compuviper.mx\/tienda\/wp-json\/wp\/v2\/product_tag?post=225509"}],"curies":[{"name":"wp","href":"https:\/\/api.w.org\/{rel}","templated":true}]}}