{"id":225501,"date":"2026-04-02T02:03:42","date_gmt":"2026-04-02T08:03:42","guid":{"rendered":"https:\/\/compuviper.mx\/tienda\/producto\/poly-89434-01encorepro-hw520783p6aaaba-diadema-89434-01-encorepro-hw520-binaural-con-microfono-qd-cancelacion-de-ruido-para-call-center\/"},"modified":"2026-04-02T02:03:42","modified_gmt":"2026-04-02T08:03:42","slug":"poly-783p6aaaba-diadema-hp-783p6aaaba-encorepro-hw520-binaural-con-microfono-qd-cancelacion-de-ruido-para-call-center","status":"publish","type":"product","link":"https:\/\/compuviper.mx\/tienda\/producto\/poly-783p6aaaba-diadema-hp-783p6aaaba-encorepro-hw520-binaural-con-microfono-qd-cancelacion-de-ruido-para-call-center\/","title":{"rendered":"Poly 783p6aa#aba Diadema Hp  783p6aaaba Encorepro Hw520\/ Binaural Con Microfono Qd Cancelacion De Ruido Para Call Center"},"content":{"rendered":"<table class=\"descripcion\">\n<tr>\n<td>Se conectan a: ordenadores o tel\u00e9fonos de escritorio con cables y procesadores de sonido de plantronics<\/td>\n<\/tr>\n<tr>\n<td>Perfecto para: usuarios que hacen un uso intensivo del tel\u00e9fono, incluidos los centros de atenci\u00f3n al cliente formales, asistencia t\u00e9cnica, televentas y ayuda al cliente<\/td>\n<\/tr>\n<tr>\n<td>Protecci\u00f3n para los o\u00eddos: tecnolog\u00eda soundguard: limitaci\u00f3n ac\u00fastica que protege de sonidos que superen los 118 dba<\/td>\n<\/tr>\n<tr>\n<td>Calidad de sonido: audio de banda ancha (hasta 6800 hz), con micr\u00f3fono con anulaci\u00f3n de ruido<\/td>\n<\/tr>\n<tr>\n<td>Peso: hw520 sobre la cabeza, biaural, con anulaci\u00f3n de ruido, 74 g<\/td>\n<\/tr>\n<\/table>\n","protected":false},"excerpt":{"rendered":"<p>Enfoque inmersivo para mejorar las interacciones con el cliente. Los encorepro 520 plantronics son la versi\u00f3n biaural del nuevo dise\u00f1o de los encorepro 510, que cubre ambas orejas para proporcionar mayor precisi\u00f3n y concentraci\u00f3n bloqueando el ruido de fondo. Los encorepro 520 tambi\u00e9n incluyen almohadillas suaves para usarlos durante todo el d\u00eda, articulaciones met\u00e1licas que brindan durabilidad y fiabilidad, y un micr\u00f3fono flexible con gu\u00edas visuales y t\u00e1ctiles que permiten colocarlo con precisi\u00f3n y disfrutar de conversaciones m\u00e1s claras.<\/p>\n","protected":false},"featured_media":225502,"comment_status":"open","ping_status":"open","template":"","meta":[],"product_cat":[1816,1552],"product_tag":[2035],"acf":[],"yoast_head":"<!-- This site is optimized with the Yoast SEO plugin v21.7 - https:\/\/yoast.com\/wordpress\/plugins\/seo\/ -->\n<title>[ Poly ] &#129351; 783p6aa#aba Diadema Hp 783p6aaaba Encorepro Hw520\/ Binaural Con Microfono Qd Cancelacion De Ruido Para Call Center<\/title>\n<meta name=\"description\" content=\"Compra 783p6aa#aba Diadema Hp 783p6aaaba Encorepro Hw520\/ Binaural Con Microfono Qd Cancelacion De Ruido Para Call Center + Env\u00edo a domicilio + Pago seguro + Garant\u00eda\" \/>\n<meta name=\"robots\" content=\"index, follow, max-snippet:-1, max-image-preview:large, max-video-preview:-1\" \/>\n<link rel=\"canonical\" href=\"https:\/\/compuviper.mx\/tienda\/producto\/poly-783p6aaaba-diadema-hp-783p6aaaba-encorepro-hw520-binaural-con-microfono-qd-cancelacion-de-ruido-para-call-center\/\" \/>\n<meta property=\"og:locale\" content=\"es_MX\" \/>\n<meta property=\"og:type\" content=\"article\" \/>\n<meta property=\"og:title\" content=\"[ Poly ] &#129351; 783p6aa#aba Diadema Hp 783p6aaaba Encorepro Hw520\/ Binaural Con Microfono Qd Cancelacion De Ruido Para Call Center\" \/>\n<meta property=\"og:description\" content=\"Compra 783p6aa#aba Diadema Hp 783p6aaaba Encorepro Hw520\/ Binaural Con Microfono Qd Cancelacion De Ruido Para Call Center + Env\u00edo a domicilio + Pago seguro + Garant\u00eda\" \/>\n<meta property=\"og:url\" content=\"https:\/\/compuviper.mx\/tienda\/producto\/poly-783p6aaaba-diadema-hp-783p6aaaba-encorepro-hw520-binaural-con-microfono-qd-cancelacion-de-ruido-para-call-center\/\" \/>\n<meta property=\"og:site_name\" content=\"Compuviper\" \/>\n<meta property=\"article:publisher\" content=\"https:\/\/www.facebook.com\/compuviper\" \/>\n<meta property=\"og:image\" content=\"https:\/\/compuviper.mx\/tienda\/wp-content\/uploads\/2023\/12\/Diadema-poly-89434-01-encorepro-hw520-binaural-con-microfono-qd-cancelacion-de-ruido-para-call-center.jpg\" \/>\n\t<meta property=\"og:image:width\" content=\"200\" \/>\n\t<meta property=\"og:image:height\" content=\"200\" \/>\n\t<meta property=\"og:image:type\" content=\"image\/jpeg\" \/>\n<meta name=\"twitter:card\" content=\"summary_large_image\" \/>\n<meta name=\"twitter:label1\" content=\"Precio\" \/>\n\t<meta name=\"twitter:data1\" content=\"&#36;1,927 &#36;1,353 con IVA\" \/>\n\t<meta name=\"twitter:label2\" content=\"Availability\" \/>\n\t<meta name=\"twitter:data2\" content=\"Out of stock\" \/>\n<script type=\"application\/ld+json\" class=\"yoast-schema-graph\">{\"@context\":\"https:\/\/schema.org\",\"@graph\":[{\"@type\":\"WebPage\",\"@id\":\"https:\/\/compuviper.mx\/tienda\/producto\/poly-783p6aaaba-diadema-hp-783p6aaaba-encorepro-hw520-binaural-con-microfono-qd-cancelacion-de-ruido-para-call-center\/\",\"url\":\"https:\/\/compuviper.mx\/tienda\/producto\/poly-783p6aaaba-diadema-hp-783p6aaaba-encorepro-hw520-binaural-con-microfono-qd-cancelacion-de-ruido-para-call-center\/\",\"name\":\"[ Poly ] &#129351; 783p6aa#aba Diadema Hp 783p6aaaba Encorepro Hw520\/ Binaural Con Microfono Qd Cancelacion De Ruido Para Call Center\",\"isPartOf\":{\"@id\":\"https:\/\/compuviper.mx\/tienda\/#website\"},\"datePublished\":\"2026-04-02T08:03:42+00:00\",\"dateModified\":\"2026-04-02T08:03:42+00:00\",\"description\":\"Compra 783p6aa#aba Diadema Hp 783p6aaaba Encorepro Hw520\/ Binaural Con Microfono Qd Cancelacion De Ruido Para Call Center + Env\u00edo a domicilio + Pago seguro + Garant\u00eda\",\"breadcrumb\":{\"@id\":\"https:\/\/compuviper.mx\/tienda\/producto\/poly-783p6aaaba-diadema-hp-783p6aaaba-encorepro-hw520-binaural-con-microfono-qd-cancelacion-de-ruido-para-call-center\/#breadcrumb\"},\"inLanguage\":\"es-MX\",\"potentialAction\":[{\"@type\":\"ReadAction\",\"target\":[\"https:\/\/compuviper.mx\/tienda\/producto\/poly-783p6aaaba-diadema-hp-783p6aaaba-encorepro-hw520-binaural-con-microfono-qd-cancelacion-de-ruido-para-call-center\/\"]}]},{\"@type\":\"BreadcrumbList\",\"@id\":\"https:\/\/compuviper.mx\/tienda\/producto\/poly-783p6aaaba-diadema-hp-783p6aaaba-encorepro-hw520-binaural-con-microfono-qd-cancelacion-de-ruido-para-call-center\/#breadcrumb\",\"itemListElement\":[{\"@type\":\"ListItem\",\"position\":1,\"name\":\"Inicio\",\"item\":\"https:\/\/compuviper.mx\/tienda\/\"},{\"@type\":\"ListItem\",\"position\":2,\"name\":\"Productos\",\"item\":\"https:\/\/compuviper.mx\/tienda\/productos\/\"},{\"@type\":\"ListItem\",\"position\":3,\"name\":\"Audifonos Y Micro\",\"item\":\"https:\/\/compuviper.mx\/tienda\/categoria-producto\/audifonos-y-micro\/\"},{\"@type\":\"ListItem\",\"position\":4,\"name\":\"Audifono Con Microfono\",\"item\":\"https:\/\/compuviper.mx\/tienda\/categoria-producto\/audifonos-y-micro\/audifono-con-microfono\/\"},{\"@type\":\"ListItem\",\"position\":5,\"name\":\"Poly 783p6aa#aba Diadema Hp 783p6aaaba Encorepro Hw520\/ Binaural Con Microfono Qd Cancelacion De Ruido Para Call Center\"}]},{\"@type\":\"WebSite\",\"@id\":\"https:\/\/compuviper.mx\/tienda\/#website\",\"url\":\"https:\/\/compuviper.mx\/tienda\/\",\"name\":\"Compuviper\",\"description\":\"Proveedor de Computadoras, Laptops, Servidores, Monitores, Puntos de Venta, Teclados,   Impresoras, T\u00f3ner, C\u00e1maras de Seguridad y m\u00e1s en tu tienda en l\u00ednea\",\"publisher\":{\"@id\":\"https:\/\/compuviper.mx\/tienda\/#organization\"},\"potentialAction\":[{\"@type\":\"SearchAction\",\"target\":{\"@type\":\"EntryPoint\",\"urlTemplate\":\"https:\/\/compuviper.mx\/tienda\/?s={search_term_string}\"},\"query-input\":\"required name=search_term_string\"}],\"inLanguage\":\"es-MX\"},{\"@type\":\"Organization\",\"@id\":\"https:\/\/compuviper.mx\/tienda\/#organization\",\"name\":\"Compuviper\",\"url\":\"https:\/\/compuviper.mx\/tienda\/\",\"logo\":{\"@type\":\"ImageObject\",\"inLanguage\":\"es-MX\",\"@id\":\"https:\/\/compuviper.mx\/tienda\/#\/schema\/logo\/image\/\",\"url\":\"https:\/\/compuviper.mx\/tienda\/wp-content\/uploads\/2021\/08\/Logo-Compuviper-10.png\",\"contentUrl\":\"https:\/\/compuviper.mx\/tienda\/wp-content\/uploads\/2021\/08\/Logo-Compuviper-10.png\",\"width\":1000,\"height\":500,\"caption\":\"Compuviper\"},\"image\":{\"@id\":\"https:\/\/compuviper.mx\/tienda\/#\/schema\/logo\/image\/\"},\"sameAs\":[\"https:\/\/www.facebook.com\/compuviper\",\"https:\/\/www.youtube.com\/channel\/UCf73dERp9Y3cfOq7q8BhLjA?view_as=subscriber\"]}]}<\/script>\n<meta property=\"product:brand\" content=\"POLY\" \/>\n<meta property=\"product:price:amount\" content=\"1353\" \/>\n<meta property=\"product:price:currency\" content=\"MXN\" \/>\n<meta property=\"og:availability\" content=\"out of stock\" \/>\n<meta property=\"product:availability\" content=\"out of stock\" \/>\n<meta property=\"product:retailer_item_id\" content=\"783P6AA#ABA\" \/>\n<meta property=\"product:condition\" content=\"new\" \/>\n<!-- \/ Yoast SEO plugin. -->","yoast_head_json":{"title":"[ Poly ] &#129351; 783p6aa#aba Diadema Hp 783p6aaaba Encorepro Hw520\/ Binaural Con Microfono Qd Cancelacion De Ruido Para Call Center","description":"Compra 783p6aa#aba Diadema Hp 783p6aaaba Encorepro Hw520\/ Binaural Con Microfono Qd Cancelacion De Ruido Para Call Center + Env\u00edo a domicilio + Pago seguro + Garant\u00eda","robots":{"index":"index","follow":"follow","max-snippet":"max-snippet:-1","max-image-preview":"max-image-preview:large","max-video-preview":"max-video-preview:-1"},"canonical":"https:\/\/compuviper.mx\/tienda\/producto\/poly-783p6aaaba-diadema-hp-783p6aaaba-encorepro-hw520-binaural-con-microfono-qd-cancelacion-de-ruido-para-call-center\/","og_locale":"es_MX","og_type":"article","og_title":"[ Poly ] &#129351; 783p6aa#aba Diadema Hp 783p6aaaba Encorepro Hw520\/ Binaural Con Microfono Qd Cancelacion De Ruido Para Call Center","og_description":"Compra 783p6aa#aba Diadema Hp 783p6aaaba Encorepro Hw520\/ Binaural Con Microfono Qd Cancelacion De Ruido Para Call Center + Env\u00edo a domicilio + Pago seguro + Garant\u00eda","og_url":"https:\/\/compuviper.mx\/tienda\/producto\/poly-783p6aaaba-diadema-hp-783p6aaaba-encorepro-hw520-binaural-con-microfono-qd-cancelacion-de-ruido-para-call-center\/","og_site_name":"Compuviper","article_publisher":"https:\/\/www.facebook.com\/compuviper","og_image":[{"width":200,"height":200,"url":"https:\/\/compuviper.mx\/tienda\/wp-content\/uploads\/2023\/12\/Diadema-poly-89434-01-encorepro-hw520-binaural-con-microfono-qd-cancelacion-de-ruido-para-call-center.jpg","type":"image\/jpeg"}],"twitter_card":"summary_large_image","twitter_misc":{"Precio":"&#36;1,927 &#36;1,353 con IVA","Availability":"Out of stock"},"schema":{"@context":"https:\/\/schema.org","@graph":[{"@type":"WebPage","@id":"https:\/\/compuviper.mx\/tienda\/producto\/poly-783p6aaaba-diadema-hp-783p6aaaba-encorepro-hw520-binaural-con-microfono-qd-cancelacion-de-ruido-para-call-center\/","url":"https:\/\/compuviper.mx\/tienda\/producto\/poly-783p6aaaba-diadema-hp-783p6aaaba-encorepro-hw520-binaural-con-microfono-qd-cancelacion-de-ruido-para-call-center\/","name":"[ Poly ] &#129351; 783p6aa#aba Diadema Hp 783p6aaaba Encorepro Hw520\/ Binaural Con Microfono Qd Cancelacion De Ruido Para Call Center","isPartOf":{"@id":"https:\/\/compuviper.mx\/tienda\/#website"},"datePublished":"2026-04-02T08:03:42+00:00","dateModified":"2026-04-02T08:03:42+00:00","description":"Compra 783p6aa#aba Diadema Hp 783p6aaaba Encorepro Hw520\/ Binaural Con Microfono Qd Cancelacion De Ruido Para Call Center + Env\u00edo a domicilio + Pago seguro + Garant\u00eda","breadcrumb":{"@id":"https:\/\/compuviper.mx\/tienda\/producto\/poly-783p6aaaba-diadema-hp-783p6aaaba-encorepro-hw520-binaural-con-microfono-qd-cancelacion-de-ruido-para-call-center\/#breadcrumb"},"inLanguage":"es-MX","potentialAction":[{"@type":"ReadAction","target":["https:\/\/compuviper.mx\/tienda\/producto\/poly-783p6aaaba-diadema-hp-783p6aaaba-encorepro-hw520-binaural-con-microfono-qd-cancelacion-de-ruido-para-call-center\/"]}]},{"@type":"BreadcrumbList","@id":"https:\/\/compuviper.mx\/tienda\/producto\/poly-783p6aaaba-diadema-hp-783p6aaaba-encorepro-hw520-binaural-con-microfono-qd-cancelacion-de-ruido-para-call-center\/#breadcrumb","itemListElement":[{"@type":"ListItem","position":1,"name":"Inicio","item":"https:\/\/compuviper.mx\/tienda\/"},{"@type":"ListItem","position":2,"name":"Productos","item":"https:\/\/compuviper.mx\/tienda\/productos\/"},{"@type":"ListItem","position":3,"name":"Audifonos Y Micro","item":"https:\/\/compuviper.mx\/tienda\/categoria-producto\/audifonos-y-micro\/"},{"@type":"ListItem","position":4,"name":"Audifono Con Microfono","item":"https:\/\/compuviper.mx\/tienda\/categoria-producto\/audifonos-y-micro\/audifono-con-microfono\/"},{"@type":"ListItem","position":5,"name":"Poly 783p6aa#aba Diadema Hp 783p6aaaba Encorepro Hw520\/ Binaural Con Microfono Qd Cancelacion De Ruido Para Call Center"}]},{"@type":"WebSite","@id":"https:\/\/compuviper.mx\/tienda\/#website","url":"https:\/\/compuviper.mx\/tienda\/","name":"Compuviper","description":"Proveedor de Computadoras, Laptops, Servidores, Monitores, Puntos de Venta, Teclados,   Impresoras, T\u00f3ner, C\u00e1maras de Seguridad y m\u00e1s en tu tienda en l\u00ednea","publisher":{"@id":"https:\/\/compuviper.mx\/tienda\/#organization"},"potentialAction":[{"@type":"SearchAction","target":{"@type":"EntryPoint","urlTemplate":"https:\/\/compuviper.mx\/tienda\/?s={search_term_string}"},"query-input":"required name=search_term_string"}],"inLanguage":"es-MX"},{"@type":"Organization","@id":"https:\/\/compuviper.mx\/tienda\/#organization","name":"Compuviper","url":"https:\/\/compuviper.mx\/tienda\/","logo":{"@type":"ImageObject","inLanguage":"es-MX","@id":"https:\/\/compuviper.mx\/tienda\/#\/schema\/logo\/image\/","url":"https:\/\/compuviper.mx\/tienda\/wp-content\/uploads\/2021\/08\/Logo-Compuviper-10.png","contentUrl":"https:\/\/compuviper.mx\/tienda\/wp-content\/uploads\/2021\/08\/Logo-Compuviper-10.png","width":1000,"height":500,"caption":"Compuviper"},"image":{"@id":"https:\/\/compuviper.mx\/tienda\/#\/schema\/logo\/image\/"},"sameAs":["https:\/\/www.facebook.com\/compuviper","https:\/\/www.youtube.com\/channel\/UCf73dERp9Y3cfOq7q8BhLjA?view_as=subscriber"]}]},"product_brand":"POLY","product_price_amount":"1353","product_price_currency":"MXN","og_availability":"out of stock","product_availability":"out of stock","product_retailer_item_id":"783P6AA#ABA","product_condition":"new"},"_links":{"self":[{"href":"https:\/\/compuviper.mx\/tienda\/wp-json\/wp\/v2\/product\/225501"}],"collection":[{"href":"https:\/\/compuviper.mx\/tienda\/wp-json\/wp\/v2\/product"}],"about":[{"href":"https:\/\/compuviper.mx\/tienda\/wp-json\/wp\/v2\/types\/product"}],"replies":[{"embeddable":true,"href":"https:\/\/compuviper.mx\/tienda\/wp-json\/wp\/v2\/comments?post=225501"}],"wp:featuredmedia":[{"embeddable":true,"href":"https:\/\/compuviper.mx\/tienda\/wp-json\/wp\/v2\/media\/225502"}],"wp:attachment":[{"href":"https:\/\/compuviper.mx\/tienda\/wp-json\/wp\/v2\/media?parent=225501"}],"wp:term":[{"taxonomy":"product_cat","embeddable":true,"href":"https:\/\/compuviper.mx\/tienda\/wp-json\/wp\/v2\/product_cat?post=225501"},{"taxonomy":"product_tag","embeddable":true,"href":"https:\/\/compuviper.mx\/tienda\/wp-json\/wp\/v2\/product_tag?post=225501"}],"curies":[{"name":"wp","href":"https:\/\/api.w.org\/{rel}","templated":true}]}}