{"id":225467,"date":"2026-04-02T02:03:37","date_gmt":"2026-04-02T08:03:37","guid":{"rendered":"https:\/\/compuviper.mx\/tienda\/producto\/poly-88828-01-encorepro-hw540-diadema-con-microfono-convertible-a-3-estilos-qd-cancelacion-de-ruido-para-call-center\/"},"modified":"2026-04-02T02:03:37","modified_gmt":"2026-04-02T08:03:37","slug":"poly-783p0aaaba-diadema-hp-783p0aaaba-encorepro-hw540-con-microfono-convertible-a-3-estilos-qd-cancelacion-de-ruido-para-call-center","status":"publish","type":"product","link":"https:\/\/compuviper.mx\/tienda\/producto\/poly-783p0aaaba-diadema-hp-783p0aaaba-encorepro-hw540-con-microfono-convertible-a-3-estilos-qd-cancelacion-de-ruido-para-call-center\/","title":{"rendered":"Poly 783p0aa#aba Diadema Hp  783p0aaaba Encorepro Hw540\/ Con Microfono Convertible A 3 Estilos Qd Cancelacion De Ruido Para Call Center"},"content":{"rendered":"<table class=\"descripcion\">\n<tr>\n<td>Diadema mono aural convertible 3 estilos<\/td>\n<\/tr>\n<tr>\n<td>Compatible con pc o tel\u00e9fono fijo con los procesadores de audio de plantronics quick disconnect h<\/td>\n<\/tr>\n<tr>\n<td> micr\u00f3fonos con tecnolog\u00eda de cancelaci\u00f3n de ruido<\/td>\n<\/tr>\n<tr>\n<td>Y audio de banda ancha (hasta 6.800 hz)<\/td>\n<\/tr>\n<tr>\n<td> audio de banda ancha (hasta 6.800 hz), micr\u00f3fono con<\/td>\n<\/tr>\n<tr>\n<td>Tecnolog\u00eda de cancelaci\u00f3n de ruido<\/td>\n<\/tr>\n<\/table>\n","protected":false},"excerpt":{"rendered":"<p>El modelo encorepro 540 convertible ofrece a los usuarios tres estilos de colocaci\u00f3n diferentes para garantizar la comodidad durante todo el d\u00eda. Descubra nuestra serie de auriculares con cable m\u00e1s ligera con el nuevo encorepro 540. La funci\u00f3n quickdisconnect admite conectividad m\u00faltiple con usb, procesador de audio o direct connect<\/p>\n","protected":false},"featured_media":225468,"comment_status":"open","ping_status":"open","template":"","meta":[],"product_cat":[1552,1816],"product_tag":[2035],"acf":[],"yoast_head":"<!-- This site is optimized with the Yoast SEO plugin v21.7 - https:\/\/yoast.com\/wordpress\/plugins\/seo\/ -->\n<title>[ Poly ] &#129351; 783p0aa#aba Diadema Hp 783p0aaaba Encorepro Hw540\/ Con Microfono Convertible A 3 Estilos Qd Cancelacion De Ruido Para Call Center<\/title>\n<meta name=\"description\" content=\"Compra 783p0aa#aba Diadema Hp 783p0aaaba Encorepro Hw540\/ Con Microfono Convertible A 3 Estilos Qd Cancelacion De Ruido Para Call Center + Env\u00edo a domicilio + Pago seguro + Garant\u00eda\" \/>\n<meta name=\"robots\" content=\"index, follow, max-snippet:-1, max-image-preview:large, max-video-preview:-1\" \/>\n<link rel=\"canonical\" href=\"https:\/\/compuviper.mx\/tienda\/producto\/poly-783p0aaaba-diadema-hp-783p0aaaba-encorepro-hw540-con-microfono-convertible-a-3-estilos-qd-cancelacion-de-ruido-para-call-center\/\" \/>\n<meta property=\"og:locale\" content=\"es_MX\" \/>\n<meta property=\"og:type\" content=\"article\" \/>\n<meta property=\"og:title\" content=\"[ Poly ] &#129351; 783p0aa#aba Diadema Hp 783p0aaaba Encorepro Hw540\/ Con Microfono Convertible A 3 Estilos Qd Cancelacion De Ruido Para Call Center\" \/>\n<meta property=\"og:description\" content=\"Compra 783p0aa#aba Diadema Hp 783p0aaaba Encorepro Hw540\/ Con Microfono Convertible A 3 Estilos Qd Cancelacion De Ruido Para Call Center + Env\u00edo a domicilio + Pago seguro + Garant\u00eda\" \/>\n<meta property=\"og:url\" content=\"https:\/\/compuviper.mx\/tienda\/producto\/poly-783p0aaaba-diadema-hp-783p0aaaba-encorepro-hw540-con-microfono-convertible-a-3-estilos-qd-cancelacion-de-ruido-para-call-center\/\" \/>\n<meta property=\"og:site_name\" content=\"Compuviper\" \/>\n<meta property=\"article:publisher\" content=\"https:\/\/www.facebook.com\/compuviper\" \/>\n<meta property=\"og:image\" content=\"https:\/\/compuviper.mx\/tienda\/wp-content\/uploads\/2023\/12\/Diadema-poly-88828-01-encorepro-hw540-con-microfono-convertible-a-3-estilos-qd-cancelacion-de-ruido-para-call-center.jpg\" \/>\n\t<meta property=\"og:image:width\" content=\"200\" \/>\n\t<meta property=\"og:image:height\" content=\"200\" \/>\n\t<meta property=\"og:image:type\" content=\"image\/jpeg\" \/>\n<meta name=\"twitter:card\" content=\"summary_large_image\" \/>\n<meta name=\"twitter:label1\" content=\"Precio\" \/>\n\t<meta name=\"twitter:data1\" content=\"&#36;1,838 con IVA\" \/>\n\t<meta name=\"twitter:label2\" content=\"Availability\" \/>\n\t<meta name=\"twitter:data2\" content=\"On backorder\" \/>\n<script type=\"application\/ld+json\" class=\"yoast-schema-graph\">{\"@context\":\"https:\/\/schema.org\",\"@graph\":[{\"@type\":\"WebPage\",\"@id\":\"https:\/\/compuviper.mx\/tienda\/producto\/poly-783p0aaaba-diadema-hp-783p0aaaba-encorepro-hw540-con-microfono-convertible-a-3-estilos-qd-cancelacion-de-ruido-para-call-center\/\",\"url\":\"https:\/\/compuviper.mx\/tienda\/producto\/poly-783p0aaaba-diadema-hp-783p0aaaba-encorepro-hw540-con-microfono-convertible-a-3-estilos-qd-cancelacion-de-ruido-para-call-center\/\",\"name\":\"[ Poly ] &#129351; 783p0aa#aba Diadema Hp 783p0aaaba Encorepro Hw540\/ Con Microfono Convertible A 3 Estilos Qd Cancelacion De Ruido Para Call Center\",\"isPartOf\":{\"@id\":\"https:\/\/compuviper.mx\/tienda\/#website\"},\"datePublished\":\"2026-04-02T08:03:37+00:00\",\"dateModified\":\"2026-04-02T08:03:37+00:00\",\"description\":\"Compra 783p0aa#aba Diadema Hp 783p0aaaba Encorepro Hw540\/ Con Microfono Convertible A 3 Estilos Qd Cancelacion De Ruido Para Call Center + Env\u00edo a domicilio + Pago seguro + Garant\u00eda\",\"breadcrumb\":{\"@id\":\"https:\/\/compuviper.mx\/tienda\/producto\/poly-783p0aaaba-diadema-hp-783p0aaaba-encorepro-hw540-con-microfono-convertible-a-3-estilos-qd-cancelacion-de-ruido-para-call-center\/#breadcrumb\"},\"inLanguage\":\"es-MX\",\"potentialAction\":[{\"@type\":\"ReadAction\",\"target\":[\"https:\/\/compuviper.mx\/tienda\/producto\/poly-783p0aaaba-diadema-hp-783p0aaaba-encorepro-hw540-con-microfono-convertible-a-3-estilos-qd-cancelacion-de-ruido-para-call-center\/\"]}]},{\"@type\":\"BreadcrumbList\",\"@id\":\"https:\/\/compuviper.mx\/tienda\/producto\/poly-783p0aaaba-diadema-hp-783p0aaaba-encorepro-hw540-con-microfono-convertible-a-3-estilos-qd-cancelacion-de-ruido-para-call-center\/#breadcrumb\",\"itemListElement\":[{\"@type\":\"ListItem\",\"position\":1,\"name\":\"Inicio\",\"item\":\"https:\/\/compuviper.mx\/tienda\/\"},{\"@type\":\"ListItem\",\"position\":2,\"name\":\"Productos\",\"item\":\"https:\/\/compuviper.mx\/tienda\/productos\/\"},{\"@type\":\"ListItem\",\"position\":3,\"name\":\"Audifonos Y Micro\",\"item\":\"https:\/\/compuviper.mx\/tienda\/categoria-producto\/audifonos-y-micro\/\"},{\"@type\":\"ListItem\",\"position\":4,\"name\":\"Audifono Con Microfono\",\"item\":\"https:\/\/compuviper.mx\/tienda\/categoria-producto\/audifonos-y-micro\/audifono-con-microfono\/\"},{\"@type\":\"ListItem\",\"position\":5,\"name\":\"Poly 783p0aa#aba Diadema Hp 783p0aaaba Encorepro Hw540\/ Con Microfono Convertible A 3 Estilos Qd Cancelacion De Ruido Para Call Center\"}]},{\"@type\":\"WebSite\",\"@id\":\"https:\/\/compuviper.mx\/tienda\/#website\",\"url\":\"https:\/\/compuviper.mx\/tienda\/\",\"name\":\"Compuviper\",\"description\":\"Proveedor de Computadoras, Laptops, Servidores, Monitores, Puntos de Venta, Teclados,   Impresoras, T\u00f3ner, C\u00e1maras de Seguridad y m\u00e1s en tu tienda en l\u00ednea\",\"publisher\":{\"@id\":\"https:\/\/compuviper.mx\/tienda\/#organization\"},\"potentialAction\":[{\"@type\":\"SearchAction\",\"target\":{\"@type\":\"EntryPoint\",\"urlTemplate\":\"https:\/\/compuviper.mx\/tienda\/?s={search_term_string}\"},\"query-input\":\"required name=search_term_string\"}],\"inLanguage\":\"es-MX\"},{\"@type\":\"Organization\",\"@id\":\"https:\/\/compuviper.mx\/tienda\/#organization\",\"name\":\"Compuviper\",\"url\":\"https:\/\/compuviper.mx\/tienda\/\",\"logo\":{\"@type\":\"ImageObject\",\"inLanguage\":\"es-MX\",\"@id\":\"https:\/\/compuviper.mx\/tienda\/#\/schema\/logo\/image\/\",\"url\":\"https:\/\/compuviper.mx\/tienda\/wp-content\/uploads\/2021\/08\/Logo-Compuviper-10.png\",\"contentUrl\":\"https:\/\/compuviper.mx\/tienda\/wp-content\/uploads\/2021\/08\/Logo-Compuviper-10.png\",\"width\":1000,\"height\":500,\"caption\":\"Compuviper\"},\"image\":{\"@id\":\"https:\/\/compuviper.mx\/tienda\/#\/schema\/logo\/image\/\"},\"sameAs\":[\"https:\/\/www.facebook.com\/compuviper\",\"https:\/\/www.youtube.com\/channel\/UCf73dERp9Y3cfOq7q8BhLjA?view_as=subscriber\"]}]}<\/script>\n<meta property=\"product:brand\" content=\"POLY\" \/>\n<meta property=\"product:price:amount\" content=\"1838\" \/>\n<meta property=\"product:price:currency\" content=\"MXN\" \/>\n<meta property=\"og:availability\" content=\"backorder\" \/>\n<meta property=\"product:availability\" content=\"available for order\" \/>\n<meta property=\"product:retailer_item_id\" content=\"783P0AA#ABA\" \/>\n<meta property=\"product:condition\" content=\"new\" \/>\n<!-- \/ Yoast SEO plugin. -->","yoast_head_json":{"title":"[ Poly ] &#129351; 783p0aa#aba Diadema Hp 783p0aaaba Encorepro Hw540\/ Con Microfono Convertible A 3 Estilos Qd Cancelacion De Ruido Para Call Center","description":"Compra 783p0aa#aba Diadema Hp 783p0aaaba Encorepro Hw540\/ Con Microfono Convertible A 3 Estilos Qd Cancelacion De Ruido Para Call Center + Env\u00edo a domicilio + Pago seguro + Garant\u00eda","robots":{"index":"index","follow":"follow","max-snippet":"max-snippet:-1","max-image-preview":"max-image-preview:large","max-video-preview":"max-video-preview:-1"},"canonical":"https:\/\/compuviper.mx\/tienda\/producto\/poly-783p0aaaba-diadema-hp-783p0aaaba-encorepro-hw540-con-microfono-convertible-a-3-estilos-qd-cancelacion-de-ruido-para-call-center\/","og_locale":"es_MX","og_type":"article","og_title":"[ Poly ] &#129351; 783p0aa#aba Diadema Hp 783p0aaaba Encorepro Hw540\/ Con Microfono Convertible A 3 Estilos Qd Cancelacion De Ruido Para Call Center","og_description":"Compra 783p0aa#aba Diadema Hp 783p0aaaba Encorepro Hw540\/ Con Microfono Convertible A 3 Estilos Qd Cancelacion De Ruido Para Call Center + Env\u00edo a domicilio + Pago seguro + Garant\u00eda","og_url":"https:\/\/compuviper.mx\/tienda\/producto\/poly-783p0aaaba-diadema-hp-783p0aaaba-encorepro-hw540-con-microfono-convertible-a-3-estilos-qd-cancelacion-de-ruido-para-call-center\/","og_site_name":"Compuviper","article_publisher":"https:\/\/www.facebook.com\/compuviper","og_image":[{"width":200,"height":200,"url":"https:\/\/compuviper.mx\/tienda\/wp-content\/uploads\/2023\/12\/Diadema-poly-88828-01-encorepro-hw540-con-microfono-convertible-a-3-estilos-qd-cancelacion-de-ruido-para-call-center.jpg","type":"image\/jpeg"}],"twitter_card":"summary_large_image","twitter_misc":{"Precio":"&#36;1,838 con IVA","Availability":"On backorder"},"schema":{"@context":"https:\/\/schema.org","@graph":[{"@type":"WebPage","@id":"https:\/\/compuviper.mx\/tienda\/producto\/poly-783p0aaaba-diadema-hp-783p0aaaba-encorepro-hw540-con-microfono-convertible-a-3-estilos-qd-cancelacion-de-ruido-para-call-center\/","url":"https:\/\/compuviper.mx\/tienda\/producto\/poly-783p0aaaba-diadema-hp-783p0aaaba-encorepro-hw540-con-microfono-convertible-a-3-estilos-qd-cancelacion-de-ruido-para-call-center\/","name":"[ Poly ] &#129351; 783p0aa#aba Diadema Hp 783p0aaaba Encorepro Hw540\/ Con Microfono Convertible A 3 Estilos Qd Cancelacion De Ruido Para Call Center","isPartOf":{"@id":"https:\/\/compuviper.mx\/tienda\/#website"},"datePublished":"2026-04-02T08:03:37+00:00","dateModified":"2026-04-02T08:03:37+00:00","description":"Compra 783p0aa#aba Diadema Hp 783p0aaaba Encorepro Hw540\/ Con Microfono Convertible A 3 Estilos Qd Cancelacion De Ruido Para Call Center + Env\u00edo a domicilio + Pago seguro + Garant\u00eda","breadcrumb":{"@id":"https:\/\/compuviper.mx\/tienda\/producto\/poly-783p0aaaba-diadema-hp-783p0aaaba-encorepro-hw540-con-microfono-convertible-a-3-estilos-qd-cancelacion-de-ruido-para-call-center\/#breadcrumb"},"inLanguage":"es-MX","potentialAction":[{"@type":"ReadAction","target":["https:\/\/compuviper.mx\/tienda\/producto\/poly-783p0aaaba-diadema-hp-783p0aaaba-encorepro-hw540-con-microfono-convertible-a-3-estilos-qd-cancelacion-de-ruido-para-call-center\/"]}]},{"@type":"BreadcrumbList","@id":"https:\/\/compuviper.mx\/tienda\/producto\/poly-783p0aaaba-diadema-hp-783p0aaaba-encorepro-hw540-con-microfono-convertible-a-3-estilos-qd-cancelacion-de-ruido-para-call-center\/#breadcrumb","itemListElement":[{"@type":"ListItem","position":1,"name":"Inicio","item":"https:\/\/compuviper.mx\/tienda\/"},{"@type":"ListItem","position":2,"name":"Productos","item":"https:\/\/compuviper.mx\/tienda\/productos\/"},{"@type":"ListItem","position":3,"name":"Audifonos Y Micro","item":"https:\/\/compuviper.mx\/tienda\/categoria-producto\/audifonos-y-micro\/"},{"@type":"ListItem","position":4,"name":"Audifono Con Microfono","item":"https:\/\/compuviper.mx\/tienda\/categoria-producto\/audifonos-y-micro\/audifono-con-microfono\/"},{"@type":"ListItem","position":5,"name":"Poly 783p0aa#aba Diadema Hp 783p0aaaba Encorepro Hw540\/ Con Microfono Convertible A 3 Estilos Qd Cancelacion De Ruido Para Call Center"}]},{"@type":"WebSite","@id":"https:\/\/compuviper.mx\/tienda\/#website","url":"https:\/\/compuviper.mx\/tienda\/","name":"Compuviper","description":"Proveedor de Computadoras, Laptops, Servidores, Monitores, Puntos de Venta, Teclados,   Impresoras, T\u00f3ner, C\u00e1maras de Seguridad y m\u00e1s en tu tienda en l\u00ednea","publisher":{"@id":"https:\/\/compuviper.mx\/tienda\/#organization"},"potentialAction":[{"@type":"SearchAction","target":{"@type":"EntryPoint","urlTemplate":"https:\/\/compuviper.mx\/tienda\/?s={search_term_string}"},"query-input":"required name=search_term_string"}],"inLanguage":"es-MX"},{"@type":"Organization","@id":"https:\/\/compuviper.mx\/tienda\/#organization","name":"Compuviper","url":"https:\/\/compuviper.mx\/tienda\/","logo":{"@type":"ImageObject","inLanguage":"es-MX","@id":"https:\/\/compuviper.mx\/tienda\/#\/schema\/logo\/image\/","url":"https:\/\/compuviper.mx\/tienda\/wp-content\/uploads\/2021\/08\/Logo-Compuviper-10.png","contentUrl":"https:\/\/compuviper.mx\/tienda\/wp-content\/uploads\/2021\/08\/Logo-Compuviper-10.png","width":1000,"height":500,"caption":"Compuviper"},"image":{"@id":"https:\/\/compuviper.mx\/tienda\/#\/schema\/logo\/image\/"},"sameAs":["https:\/\/www.facebook.com\/compuviper","https:\/\/www.youtube.com\/channel\/UCf73dERp9Y3cfOq7q8BhLjA?view_as=subscriber"]}]},"product_brand":"POLY","product_price_amount":"1838","product_price_currency":"MXN","og_availability":"backorder","product_availability":"available for order","product_retailer_item_id":"783P0AA#ABA","product_condition":"new"},"_links":{"self":[{"href":"https:\/\/compuviper.mx\/tienda\/wp-json\/wp\/v2\/product\/225467"}],"collection":[{"href":"https:\/\/compuviper.mx\/tienda\/wp-json\/wp\/v2\/product"}],"about":[{"href":"https:\/\/compuviper.mx\/tienda\/wp-json\/wp\/v2\/types\/product"}],"replies":[{"embeddable":true,"href":"https:\/\/compuviper.mx\/tienda\/wp-json\/wp\/v2\/comments?post=225467"}],"wp:featuredmedia":[{"embeddable":true,"href":"https:\/\/compuviper.mx\/tienda\/wp-json\/wp\/v2\/media\/225468"}],"wp:attachment":[{"href":"https:\/\/compuviper.mx\/tienda\/wp-json\/wp\/v2\/media?parent=225467"}],"wp:term":[{"taxonomy":"product_cat","embeddable":true,"href":"https:\/\/compuviper.mx\/tienda\/wp-json\/wp\/v2\/product_cat?post=225467"},{"taxonomy":"product_tag","embeddable":true,"href":"https:\/\/compuviper.mx\/tienda\/wp-json\/wp\/v2\/product_tag?post=225467"}],"curies":[{"name":"wp","href":"https:\/\/api.w.org\/{rel}","templated":true}]}}