{"id":225429,"date":"2026-04-18T02:09:11","date_gmt":"2026-04-18T08:09:11","guid":{"rendered":"https:\/\/compuviper.mx\/tienda\/producto\/mirati-mci2-contacto-inteligente-diseo-compacto-smart-plug-wifi-2-4ghz-compatible-con-android-e-ios-funciona-con-alexa-y-asistente-de-google\/"},"modified":"2026-04-18T02:09:11","modified_gmt":"2026-04-18T08:09:11","slug":"mirati-mci2-contacto-inteligente-diseo-compacto-smart-plug-wifi-2-4ghz-compatible-con-android-e-ios-funciona-con-alexa-y-asistente-de-google","status":"publish","type":"product","link":"https:\/\/compuviper.mx\/tienda\/producto\/mirati-mci2-contacto-inteligente-diseo-compacto-smart-plug-wifi-2-4ghz-compatible-con-android-e-ios-funciona-con-alexa-y-asistente-de-google\/","title":{"rendered":"Mirati Mci2 Contacto Inteligente Dise?o Compacto \/\/  \/\/ Smart Plug \/\/ Wifi 2.4ghz \/\/ Compatible Con Android E Ios \/\/ Funciona Con Alexa Y Asistente De Google"},"content":{"rendered":"<table class=\"descripcion\">\n<tr>\n<td>Conexi\u00f3n wi-fi<\/td>\n<\/tr>\n<tr>\n<td>Funcion de metrologia<\/td>\n<\/tr>\n<tr>\n<td>Funci\u00f3n de timer desde la app<\/td>\n<\/tr>\n<tr>\n<td>App para android e ios<\/td>\n<\/tr>\n<tr>\n<td>Comparte el control con otro usuario<\/td>\n<\/tr>\n<tr>\n<td>Compatible con alexa y google assistant<\/td>\n<\/tr>\n<tr>\n<td>App: mirati home<\/td>\n<\/tr>\n<tr>\n<td>Entrada de alimentacio\u00f3n: 100v &#8211; 125v 50hz<\/td>\n<\/tr>\n<tr>\n<td>Capacidad de potencia: 1100w<\/td>\n<\/tr>\n<tr>\n<td>Wifi: ieee 802.11 b\/g\/n<\/td>\n<\/tr>\n<tr>\n<td>Frecuncia wifi: 2.4hz<\/td>\n<\/tr>\n<tr>\n<td>Consumo en funcionamiento:  1.3w<\/td>\n<\/tr>\n<tr>\n<td>Modo de espera:  0.4w<\/td>\n<\/tr>\n<\/table>\n","protected":false},"excerpt":{"rendered":"<p>* control remoto inteligente: el enchufe inteligente funciona con asistentes virtuales (google home y alexa) para administrar sus dispositivos dom\u00e9sticos a trav\u00e9s del control por voz. Puede controlar electrodom\u00e9sticos de forma remota e inteligente mediante su tel\u00e9fono o tableta utilizando la aplicaci\u00f3n mirati home. * tres modos: encienda \/ apague sus electrodom\u00e9sticos de forma autom\u00e1tica e inteligente estableciendo un horario espec\u00edfico con el enchufe inteligente.Puede configurar el modo de acuerdo a sus necesidades. * f\u00e1cil de usar: este enchufe inteligente se conecta con internet a trav\u00e9s de la red wi-fi, no hub y se requiere suscripci\u00f3n gratuita, solo con\u00e9ctelo a una toma de corriente, conecte un dispositivo al enchufe inteligente y controle de forma inal\u00e1mbrica los electrodom\u00e9sticos donde y cuando sea. * ahorro de energ\u00eda y seguridad: con la conveniente funci\u00f3n del temporizador, el enchufe inteligente puede proteger la seguridad de los dispositivos, evitar la sobrecarga y el sobrecalentamiento, y reducir el uso de energ\u00eda. * garant\u00eda 12 meses.<\/p>\n","protected":false},"featured_media":225430,"comment_status":"open","ping_status":"open","template":"","meta":[],"product_cat":[1811,1812],"product_tag":[1684],"acf":[],"yoast_head":"<!-- This site is optimized with the Yoast SEO plugin v21.7 - https:\/\/yoast.com\/wordpress\/plugins\/seo\/ -->\n<title>[ Mirati ] &#129351; Mci2 Contacto Inteligente Dise\u00f1o Compacto \/\/ \/\/ Smart Plug \/\/ Wifi 2.4ghz \/\/ Compatible Con Android E Ios \/\/ Funciona Con Alexa Y Asistente De Google<\/title>\n<meta name=\"description\" content=\"Compra Mci2 Contacto Inteligente Dise\u00f1o Compacto \/\/ \/\/ Smart Plug \/\/ Wifi 2.4ghz \/\/ Compatible Con Android E Ios \/\/ Funciona Con Alexa Y Asistente De Google + Env\u00edo a domicilio + Pago seguro + Garant\u00eda\" \/>\n<meta name=\"robots\" content=\"index, follow, max-snippet:-1, max-image-preview:large, max-video-preview:-1\" \/>\n<link rel=\"canonical\" href=\"https:\/\/compuviper.mx\/tienda\/producto\/mirati-mci2-contacto-inteligente-diseo-compacto-smart-plug-wifi-2-4ghz-compatible-con-android-e-ios-funciona-con-alexa-y-asistente-de-google\/\" \/>\n<meta property=\"og:locale\" content=\"es_MX\" \/>\n<meta property=\"og:type\" content=\"article\" \/>\n<meta property=\"og:title\" content=\"[ Mirati ] &#129351; Mci2 Contacto Inteligente Dise\u00f1o Compacto \/\/ \/\/ Smart Plug \/\/ Wifi 2.4ghz \/\/ Compatible Con Android E Ios \/\/ Funciona Con Alexa Y Asistente De Google\" \/>\n<meta property=\"og:description\" content=\"Compra Mci2 Contacto Inteligente Dise\u00f1o Compacto \/\/ \/\/ Smart Plug \/\/ Wifi 2.4ghz \/\/ Compatible Con Android E Ios \/\/ Funciona Con Alexa Y Asistente De Google + Env\u00edo a domicilio + Pago seguro + Garant\u00eda\" \/>\n<meta property=\"og:url\" content=\"https:\/\/compuviper.mx\/tienda\/producto\/mirati-mci2-contacto-inteligente-diseo-compacto-smart-plug-wifi-2-4ghz-compatible-con-android-e-ios-funciona-con-alexa-y-asistente-de-google\/\" \/>\n<meta property=\"og:site_name\" content=\"Compuviper\" \/>\n<meta property=\"article:publisher\" content=\"https:\/\/www.facebook.com\/compuviper\" \/>\n<meta property=\"og:image\" content=\"https:\/\/compuviper.mx\/tienda\/wp-content\/uploads\/2023\/12\/Contacto-inteligente-diseno-compacto-mirati-smart-plug-wifi-2.4ghz-compatible-con-android-e-ios-funciona-con-alexa-y-asistente-de-google.jpg\" \/>\n\t<meta property=\"og:image:width\" content=\"200\" \/>\n\t<meta property=\"og:image:height\" content=\"200\" \/>\n\t<meta property=\"og:image:type\" content=\"image\/jpeg\" \/>\n<meta name=\"twitter:card\" content=\"summary_large_image\" \/>\n<meta name=\"twitter:label1\" content=\"Precio\" \/>\n\t<meta name=\"twitter:data1\" content=\"&#36;97 &#36;68 con IVA\" \/>\n\t<meta name=\"twitter:label2\" content=\"Availability\" \/>\n\t<meta name=\"twitter:data2\" content=\"In stock\" \/>\n<script type=\"application\/ld+json\" class=\"yoast-schema-graph\">{\"@context\":\"https:\/\/schema.org\",\"@graph\":[{\"@type\":\"WebPage\",\"@id\":\"https:\/\/compuviper.mx\/tienda\/producto\/mirati-mci2-contacto-inteligente-diseo-compacto-smart-plug-wifi-2-4ghz-compatible-con-android-e-ios-funciona-con-alexa-y-asistente-de-google\/\",\"url\":\"https:\/\/compuviper.mx\/tienda\/producto\/mirati-mci2-contacto-inteligente-diseo-compacto-smart-plug-wifi-2-4ghz-compatible-con-android-e-ios-funciona-con-alexa-y-asistente-de-google\/\",\"name\":\"[ Mirati ] &#129351; Mci2 Contacto Inteligente Dise\u00f1o Compacto \/\/ \/\/ Smart Plug \/\/ Wifi 2.4ghz \/\/ Compatible Con Android E Ios \/\/ Funciona Con Alexa Y Asistente De Google\",\"isPartOf\":{\"@id\":\"https:\/\/compuviper.mx\/tienda\/#website\"},\"datePublished\":\"2026-04-18T08:09:11+00:00\",\"dateModified\":\"2026-04-18T08:09:11+00:00\",\"description\":\"Compra Mci2 Contacto Inteligente Dise\u00f1o Compacto \/\/ \/\/ Smart Plug \/\/ Wifi 2.4ghz \/\/ Compatible Con Android E Ios \/\/ Funciona Con Alexa Y Asistente De Google + Env\u00edo a domicilio + Pago seguro + Garant\u00eda\",\"breadcrumb\":{\"@id\":\"https:\/\/compuviper.mx\/tienda\/producto\/mirati-mci2-contacto-inteligente-diseo-compacto-smart-plug-wifi-2-4ghz-compatible-con-android-e-ios-funciona-con-alexa-y-asistente-de-google\/#breadcrumb\"},\"inLanguage\":\"es-MX\",\"potentialAction\":[{\"@type\":\"ReadAction\",\"target\":[\"https:\/\/compuviper.mx\/tienda\/producto\/mirati-mci2-contacto-inteligente-diseo-compacto-smart-plug-wifi-2-4ghz-compatible-con-android-e-ios-funciona-con-alexa-y-asistente-de-google\/\"]}]},{\"@type\":\"BreadcrumbList\",\"@id\":\"https:\/\/compuviper.mx\/tienda\/producto\/mirati-mci2-contacto-inteligente-diseo-compacto-smart-plug-wifi-2-4ghz-compatible-con-android-e-ios-funciona-con-alexa-y-asistente-de-google\/#breadcrumb\",\"itemListElement\":[{\"@type\":\"ListItem\",\"position\":1,\"name\":\"Inicio\",\"item\":\"https:\/\/compuviper.mx\/tienda\/\"},{\"@type\":\"ListItem\",\"position\":2,\"name\":\"Productos\",\"item\":\"https:\/\/compuviper.mx\/tienda\/productos\/\"},{\"@type\":\"ListItem\",\"position\":3,\"name\":\"Smart Home\",\"item\":\"https:\/\/compuviper.mx\/tienda\/categoria-producto\/smart-home\/\"},{\"@type\":\"ListItem\",\"position\":4,\"name\":\"Contacto Inteligente\",\"item\":\"https:\/\/compuviper.mx\/tienda\/categoria-producto\/smart-home\/contacto-inteligente\/\"},{\"@type\":\"ListItem\",\"position\":5,\"name\":\"Mirati Mci2 Contacto Inteligente Dise?o Compacto \/\/ \/\/ Smart Plug \/\/ Wifi 2.4ghz \/\/ Compatible Con Android E Ios \/\/ Funciona Con Alexa Y Asistente De Google\"}]},{\"@type\":\"WebSite\",\"@id\":\"https:\/\/compuviper.mx\/tienda\/#website\",\"url\":\"https:\/\/compuviper.mx\/tienda\/\",\"name\":\"Compuviper\",\"description\":\"Proveedor de Computadoras, Laptops, Servidores, Monitores, Puntos de Venta, Teclados,   Impresoras, T\u00f3ner, C\u00e1maras de Seguridad y m\u00e1s en tu tienda en l\u00ednea\",\"publisher\":{\"@id\":\"https:\/\/compuviper.mx\/tienda\/#organization\"},\"potentialAction\":[{\"@type\":\"SearchAction\",\"target\":{\"@type\":\"EntryPoint\",\"urlTemplate\":\"https:\/\/compuviper.mx\/tienda\/?s={search_term_string}\"},\"query-input\":\"required name=search_term_string\"}],\"inLanguage\":\"es-MX\"},{\"@type\":\"Organization\",\"@id\":\"https:\/\/compuviper.mx\/tienda\/#organization\",\"name\":\"Compuviper\",\"url\":\"https:\/\/compuviper.mx\/tienda\/\",\"logo\":{\"@type\":\"ImageObject\",\"inLanguage\":\"es-MX\",\"@id\":\"https:\/\/compuviper.mx\/tienda\/#\/schema\/logo\/image\/\",\"url\":\"https:\/\/compuviper.mx\/tienda\/wp-content\/uploads\/2021\/08\/Logo-Compuviper-10.png\",\"contentUrl\":\"https:\/\/compuviper.mx\/tienda\/wp-content\/uploads\/2021\/08\/Logo-Compuviper-10.png\",\"width\":1000,\"height\":500,\"caption\":\"Compuviper\"},\"image\":{\"@id\":\"https:\/\/compuviper.mx\/tienda\/#\/schema\/logo\/image\/\"},\"sameAs\":[\"https:\/\/www.facebook.com\/compuviper\",\"https:\/\/www.youtube.com\/channel\/UCf73dERp9Y3cfOq7q8BhLjA?view_as=subscriber\"]}]}<\/script>\n<meta property=\"product:brand\" content=\"MIRATI\" \/>\n<meta property=\"product:price:amount\" content=\"68\" \/>\n<meta property=\"product:price:currency\" content=\"MXN\" \/>\n<meta property=\"og:availability\" content=\"instock\" \/>\n<meta property=\"product:availability\" content=\"instock\" \/>\n<meta property=\"product:retailer_item_id\" content=\"MCI2\" \/>\n<meta property=\"product:condition\" content=\"new\" \/>\n<!-- \/ Yoast SEO plugin. -->","yoast_head_json":{"title":"[ Mirati ] &#129351; Mci2 Contacto Inteligente Dise\u00f1o Compacto \/\/ \/\/ Smart Plug \/\/ Wifi 2.4ghz \/\/ Compatible Con Android E Ios \/\/ Funciona Con Alexa Y Asistente De Google","description":"Compra Mci2 Contacto Inteligente Dise\u00f1o Compacto \/\/ \/\/ Smart Plug \/\/ Wifi 2.4ghz \/\/ Compatible Con Android E Ios \/\/ Funciona Con Alexa Y Asistente De Google + Env\u00edo a domicilio + Pago seguro + Garant\u00eda","robots":{"index":"index","follow":"follow","max-snippet":"max-snippet:-1","max-image-preview":"max-image-preview:large","max-video-preview":"max-video-preview:-1"},"canonical":"https:\/\/compuviper.mx\/tienda\/producto\/mirati-mci2-contacto-inteligente-diseo-compacto-smart-plug-wifi-2-4ghz-compatible-con-android-e-ios-funciona-con-alexa-y-asistente-de-google\/","og_locale":"es_MX","og_type":"article","og_title":"[ Mirati ] &#129351; Mci2 Contacto Inteligente Dise\u00f1o Compacto \/\/ \/\/ Smart Plug \/\/ Wifi 2.4ghz \/\/ Compatible Con Android E Ios \/\/ Funciona Con Alexa Y Asistente De Google","og_description":"Compra Mci2 Contacto Inteligente Dise\u00f1o Compacto \/\/ \/\/ Smart Plug \/\/ Wifi 2.4ghz \/\/ Compatible Con Android E Ios \/\/ Funciona Con Alexa Y Asistente De Google + Env\u00edo a domicilio + Pago seguro + Garant\u00eda","og_url":"https:\/\/compuviper.mx\/tienda\/producto\/mirati-mci2-contacto-inteligente-diseo-compacto-smart-plug-wifi-2-4ghz-compatible-con-android-e-ios-funciona-con-alexa-y-asistente-de-google\/","og_site_name":"Compuviper","article_publisher":"https:\/\/www.facebook.com\/compuviper","og_image":[{"width":200,"height":200,"url":"https:\/\/compuviper.mx\/tienda\/wp-content\/uploads\/2023\/12\/Contacto-inteligente-diseno-compacto-mirati-smart-plug-wifi-2.4ghz-compatible-con-android-e-ios-funciona-con-alexa-y-asistente-de-google.jpg","type":"image\/jpeg"}],"twitter_card":"summary_large_image","twitter_misc":{"Precio":"&#36;97 &#36;68 con IVA","Availability":"In stock"},"schema":{"@context":"https:\/\/schema.org","@graph":[{"@type":"WebPage","@id":"https:\/\/compuviper.mx\/tienda\/producto\/mirati-mci2-contacto-inteligente-diseo-compacto-smart-plug-wifi-2-4ghz-compatible-con-android-e-ios-funciona-con-alexa-y-asistente-de-google\/","url":"https:\/\/compuviper.mx\/tienda\/producto\/mirati-mci2-contacto-inteligente-diseo-compacto-smart-plug-wifi-2-4ghz-compatible-con-android-e-ios-funciona-con-alexa-y-asistente-de-google\/","name":"[ Mirati ] &#129351; Mci2 Contacto Inteligente Dise\u00f1o Compacto \/\/ \/\/ Smart Plug \/\/ Wifi 2.4ghz \/\/ Compatible Con Android E Ios \/\/ Funciona Con Alexa Y Asistente De Google","isPartOf":{"@id":"https:\/\/compuviper.mx\/tienda\/#website"},"datePublished":"2026-04-18T08:09:11+00:00","dateModified":"2026-04-18T08:09:11+00:00","description":"Compra Mci2 Contacto Inteligente Dise\u00f1o Compacto \/\/ \/\/ Smart Plug \/\/ Wifi 2.4ghz \/\/ Compatible Con Android E Ios \/\/ Funciona Con Alexa Y Asistente De Google + Env\u00edo a domicilio + Pago seguro + Garant\u00eda","breadcrumb":{"@id":"https:\/\/compuviper.mx\/tienda\/producto\/mirati-mci2-contacto-inteligente-diseo-compacto-smart-plug-wifi-2-4ghz-compatible-con-android-e-ios-funciona-con-alexa-y-asistente-de-google\/#breadcrumb"},"inLanguage":"es-MX","potentialAction":[{"@type":"ReadAction","target":["https:\/\/compuviper.mx\/tienda\/producto\/mirati-mci2-contacto-inteligente-diseo-compacto-smart-plug-wifi-2-4ghz-compatible-con-android-e-ios-funciona-con-alexa-y-asistente-de-google\/"]}]},{"@type":"BreadcrumbList","@id":"https:\/\/compuviper.mx\/tienda\/producto\/mirati-mci2-contacto-inteligente-diseo-compacto-smart-plug-wifi-2-4ghz-compatible-con-android-e-ios-funciona-con-alexa-y-asistente-de-google\/#breadcrumb","itemListElement":[{"@type":"ListItem","position":1,"name":"Inicio","item":"https:\/\/compuviper.mx\/tienda\/"},{"@type":"ListItem","position":2,"name":"Productos","item":"https:\/\/compuviper.mx\/tienda\/productos\/"},{"@type":"ListItem","position":3,"name":"Smart Home","item":"https:\/\/compuviper.mx\/tienda\/categoria-producto\/smart-home\/"},{"@type":"ListItem","position":4,"name":"Contacto Inteligente","item":"https:\/\/compuviper.mx\/tienda\/categoria-producto\/smart-home\/contacto-inteligente\/"},{"@type":"ListItem","position":5,"name":"Mirati Mci2 Contacto Inteligente Dise?o Compacto \/\/ \/\/ Smart Plug \/\/ Wifi 2.4ghz \/\/ Compatible Con Android E Ios \/\/ Funciona Con Alexa Y Asistente De Google"}]},{"@type":"WebSite","@id":"https:\/\/compuviper.mx\/tienda\/#website","url":"https:\/\/compuviper.mx\/tienda\/","name":"Compuviper","description":"Proveedor de Computadoras, Laptops, Servidores, Monitores, Puntos de Venta, Teclados,   Impresoras, T\u00f3ner, C\u00e1maras de Seguridad y m\u00e1s en tu tienda en l\u00ednea","publisher":{"@id":"https:\/\/compuviper.mx\/tienda\/#organization"},"potentialAction":[{"@type":"SearchAction","target":{"@type":"EntryPoint","urlTemplate":"https:\/\/compuviper.mx\/tienda\/?s={search_term_string}"},"query-input":"required name=search_term_string"}],"inLanguage":"es-MX"},{"@type":"Organization","@id":"https:\/\/compuviper.mx\/tienda\/#organization","name":"Compuviper","url":"https:\/\/compuviper.mx\/tienda\/","logo":{"@type":"ImageObject","inLanguage":"es-MX","@id":"https:\/\/compuviper.mx\/tienda\/#\/schema\/logo\/image\/","url":"https:\/\/compuviper.mx\/tienda\/wp-content\/uploads\/2021\/08\/Logo-Compuviper-10.png","contentUrl":"https:\/\/compuviper.mx\/tienda\/wp-content\/uploads\/2021\/08\/Logo-Compuviper-10.png","width":1000,"height":500,"caption":"Compuviper"},"image":{"@id":"https:\/\/compuviper.mx\/tienda\/#\/schema\/logo\/image\/"},"sameAs":["https:\/\/www.facebook.com\/compuviper","https:\/\/www.youtube.com\/channel\/UCf73dERp9Y3cfOq7q8BhLjA?view_as=subscriber"]}]},"product_brand":"MIRATI","product_price_amount":"68","product_price_currency":"MXN","og_availability":"instock","product_availability":"instock","product_retailer_item_id":"MCI2","product_condition":"new"},"_links":{"self":[{"href":"https:\/\/compuviper.mx\/tienda\/wp-json\/wp\/v2\/product\/225429"}],"collection":[{"href":"https:\/\/compuviper.mx\/tienda\/wp-json\/wp\/v2\/product"}],"about":[{"href":"https:\/\/compuviper.mx\/tienda\/wp-json\/wp\/v2\/types\/product"}],"replies":[{"embeddable":true,"href":"https:\/\/compuviper.mx\/tienda\/wp-json\/wp\/v2\/comments?post=225429"}],"wp:featuredmedia":[{"embeddable":true,"href":"https:\/\/compuviper.mx\/tienda\/wp-json\/wp\/v2\/media\/225430"}],"wp:attachment":[{"href":"https:\/\/compuviper.mx\/tienda\/wp-json\/wp\/v2\/media?parent=225429"}],"wp:term":[{"taxonomy":"product_cat","embeddable":true,"href":"https:\/\/compuviper.mx\/tienda\/wp-json\/wp\/v2\/product_cat?post=225429"},{"taxonomy":"product_tag","embeddable":true,"href":"https:\/\/compuviper.mx\/tienda\/wp-json\/wp\/v2\/product_tag?post=225429"}],"curies":[{"name":"wp","href":"https:\/\/api.w.org\/{rel}","templated":true}]}}