{"id":225416,"date":"2026-04-11T01:59:13","date_gmt":"2026-04-11T07:59:13","guid":{"rendered":"https:\/\/compuviper.mx\/tienda\/producto\/x-fusion-02313mph-h22h-06-s8agf-02-servidor-xfusion-2288h-v6-2x-xeon-silver-4314-16c-2-4ghz-ram-4x32gb-3200mhz-ssd-2x480gb-2-5-sata-raid-xr-450-2gb-cache-super-cap-red-2-ports-1gb-rj45-ps-2x900w\/"},"modified":"2026-04-11T01:59:14","modified_gmt":"2026-04-11T07:59:14","slug":"x-fusion-02313mph-h22h-06-s8agf-02-servidor-xfusion-2288h-v6-2x-xeon-silver-4314-16c-2-4ghz-ram-4x32gb-3200mhz-ssd-2x480gb-2-5-sata-raid-xr-450-2gb-cache-super-cap-red-2-ports-1gb-rj45-ps-2x900w","status":"publish","type":"product","link":"https:\/\/compuviper.mx\/tienda\/producto\/x-fusion-02313mph-h22h-06-s8agf-02-servidor-xfusion-2288h-v6-2x-xeon-silver-4314-16c-2-4ghz-ram-4x32gb-3200mhz-ssd-2x480gb-2-5-sata-raid-xr-450-2gb-cache-super-cap-red-2-ports-1gb-rj45-ps-2x900w\/","title":{"rendered":"X-fusion 02313mph-h22h-06-s8agf-02 Servidor Xfusion 2288h V6 2x Xeon Silver 4314 16c 2.4ghz \/ram 4x32gb 3200mhz \/ssd 2x480gb 2.5 Sata \/raid Xr-450 2gb Cache Super Cap \/red 2 Ports 1gb Rj45\/ Ps 2x900w  \/ Ibmc"},"content":{"rendered":"<table class=\"descripcion\">\n<tr>\n<td>Servidor xfusion 2288h v6 2 cpu 16 core c\/u \/ 128 gb en ram\/ raid 0,1,5,6,10,50,60<\/td>\n<\/tr>\n<tr>\n<td>Arquitectura.-<\/td>\n<\/tr>\n<tr>\n<td>-formato: 2u rack<\/td>\n<\/tr>\n<tr>\n<td>-chipset intel c621a<\/td>\n<\/tr>\n<tr>\n<td>-bahias instaladas: 8 de 2.5 sas\/sata  hdd\/sdd<\/td>\n<\/tr>\n<tr>\n<td>-sockets para micro: 2<\/td>\n<\/tr>\n<tr>\n<td>-bancos de memoria ram: 16 dimm<\/td>\n<\/tr>\n<tr>\n<td>-ram maxima soportada: hasta 6tb no incluidas<\/td>\n<\/tr>\n<tr>\n<td>-banco para fuente: 2<\/td>\n<\/tr>\n<tr>\n<td>-raid: 0,1,5,6,10,50,60<\/td>\n<\/tr>\n<tr>\n<td>-soporta \u0095 2 x m.2 ssd<\/td>\n<\/tr>\n<tr>\n<td>-sistemas operativos soportados: microsoft windows server, suse linux enterprise server, vmware esxi, red hat enterprise linux, centos, oracle linux, ubuntu, debian, openeuler, etc<\/td>\n<\/tr>\n<tr>\n<td>-temperatura en operacion: 5\u00b0c to 45\u00b0c 41\u00b0f to 113\u00b0f ashrae classes a1 to a4 compliant<\/td>\n<\/tr>\n<tr>\n<td>-certificaciones: ce, ul, ccc, fcc, vcci, rohs, etc<\/td>\n<\/tr>\n<tr>\n<td>-dimensiones: chassis with 2.5-inch drives: 86.1 mm x 447 mm x 790 mm 3.40 in. x 17.60 in. x 31.10 in.<\/td>\n<\/tr>\n<tr>\n<td>Accesorios incluidos<\/td>\n<\/tr>\n<tr>\n<td>Procesador.-<\/td>\n<\/tr>\n<tr>\n<td>-2 intel xeon silver 4316 16 core &#8211; 2.4ghz &#8211; 24mb cache  &#8211; 135w<\/td>\n<\/tr>\n<tr>\n<td>Memoria.-<\/td>\n<\/tr>\n<tr>\n<td>-memoria ram instalada: 4x 32gb 3200mhz  rdimm ddr4 1.2v 2rank 2g4bit<\/td>\n<\/tr>\n<tr>\n<td>Fuente de poder.-<\/td>\n<\/tr>\n<tr>\n<td>-2x 900w platinum ac<\/td>\n<\/tr>\n<tr>\n<td>Cables.-<\/td>\n<\/tr>\n<tr>\n<td>-wall plug 3m c13<\/td>\n<\/tr>\n<tr>\n<td>-pdu style 1.8m c13<\/td>\n<\/tr>\n<tr>\n<td>Almacenamiento.-<\/td>\n<\/tr>\n<tr>\n<td>-2x ssd 480gb sata 2.5 front panel 6gb\/s read intensive pm893<\/td>\n<\/tr>\n<tr>\n<td>Tarjeta controladora raid.-<\/td>\n<\/tr>\n<tr>\n<td>-xr-450c pcie 2gb cache &#8211; sas\/sata &#8211; raid 0,1,5,6,10,50,60 super cap<\/td>\n<\/tr>\n<tr>\n<td>Tarjeta de red.-<\/td>\n<\/tr>\n<tr>\n<td>Ge350-t2 2ptos 1gb electric interface card intel i350<\/td>\n<\/tr>\n<tr>\n<td>2 slots pcie libres<\/td>\n<\/tr>\n<tr>\n<td> ***la imagen presentada es ilustrativa puede variar<\/td>\n<\/tr>\n<\/table>\n","protected":false},"excerpt":{"rendered":"<p>\u00a1potencia y capacidad extraordinaria en un unico y confiable servidor. Presentamos el servidor xfusion 2288h v6, una impresionante maquina ideada para llevar tus operaciones al siguiente nivel. Con configuraciones flexibles que pueden usarse ampliamente en computacion en la nube, virtualizacion, bases de datos y big data. Con un formato de 2u rack, este servidor cuenta con un potente chipset intel c621a y es capaz de alojar 2 procesadores intel xeon silver 4316 de 16 nucleos cada uno, brindando un total de 32 nucleos de procesamiento. Ademas, disfruta de una increible capacidad de memoria ram de 128 gb, con posibilidad de ampliar hasta 6 tb para adaptarse a las demandas mas exigentes memorias no incluidas. Equipado con 8 bahias de 2.5 pulgadas sas\/sata hdd\/ssd, este servidor proporciona un amplio espacio de almacenamiento para tus datos esenciales. Ademas, ofrece soporte para 2 ssd m.2 para una mayor flexibilidad. El xfusion 2288h v6 cuenta con certificaciones de calidad y seguridad, incluyendo ce, ul, ccc, fcc, vcci, y rohs, lo que garantiza su rendimiento y fiabilidad. La temperatura operativa de 5\u00b0c a 45\u00b0c 41\u00b0f a 113\u00b0f cumple con los estandares de eficiencia y calidad para un funcionamiento optimo. En cuanto a conectividad, este servidor es compatible con una amplia variedad de sistemas operativos, como microsoft windows server, suse linux enterprise server, vmware esxi, red hat enterprise linux, centos, oracle linux, ubuntu, debian, openeuler, entre otros. En cuanto a accesorios, incluye dos procesadores intel xeon silver 4316 de 16 nucleos cada uno, cuatro modulos de memoria ram de 32 gb ddr4 3200mhz rdimm, y dos fuentes de poder platinum ac de 900w, asegurando un rendimiento excepcional y una alimentacion eficiente. Ademas, cuenta con una tarjeta controladora raid xr-450c pcie con 2 gb de cache, soportando raid 0, 1, 5, 6, 10, 50 y 60, y una tarjeta de red ge350-t2 2ptos 1gb para conexiones de alta velocidad. No te preocupes por la instalacion, este servidor viene con todos los cables necesarios para un funcionamiento optimo y cuenta con 2 slots pcie libres para futuras expansiones. \u00a1experimenta el poder y la versatilidad del servidor xfusion 2288h v6 para impulsar tu infraestructura a nuevas alturas. ***la imagen presentada es ilustrativa y puede variar, pero nuestra garantia de rendimiento y calidad se mantiene inalterable.<\/p>\n","protected":false},"featured_media":225417,"comment_status":"open","ping_status":"open","template":"","meta":[],"product_cat":[1809,1808],"product_tag":[2205],"acf":[],"yoast_head":"<!-- This site is optimized with the Yoast SEO plugin v21.7 - https:\/\/yoast.com\/wordpress\/plugins\/seo\/ -->\n<title>[ X-fusion ] &#129351; 02313mph-h22h-06-s8agf-02 Servidor Xfusion 2288h V6 2x Xeon Silver 4314 16c 2.4ghz \/ram 4x32gb 3200mhz \/ssd 2x480gb 2.5 Sata \/raid Xr-450 2gb Cache Super Cap \/red 2 Ports 1gb Rj45\/ Ps 2x900w \/ Ibmc<\/title>\n<meta name=\"description\" content=\"Compra 02313mph-h22h-06-s8agf-02 Servidor Xfusion 2288h V6 2x Xeon Silver 4314 16c 2.4ghz \/ram 4x32gb 3200mhz \/ssd 2x480gb 2.5 Sata \/raid Xr-450 2gb Cache Super Cap \/red 2 Ports 1gb Rj45\/ Ps 2x900w \/ Ibmc + Env\u00edo a domicilio + Pago seguro + Garant\u00eda\" \/>\n<meta name=\"robots\" content=\"index, follow, max-snippet:-1, max-image-preview:large, max-video-preview:-1\" \/>\n<link rel=\"canonical\" href=\"https:\/\/compuviper.mx\/tienda\/producto\/x-fusion-02313mph-h22h-06-s8agf-02-servidor-xfusion-2288h-v6-2x-xeon-silver-4314-16c-2-4ghz-ram-4x32gb-3200mhz-ssd-2x480gb-2-5-sata-raid-xr-450-2gb-cache-super-cap-red-2-ports-1gb-rj45-ps-2x900w\/\" \/>\n<meta property=\"og:locale\" content=\"es_MX\" \/>\n<meta property=\"og:type\" content=\"article\" \/>\n<meta property=\"og:title\" content=\"[ X-fusion ] &#129351; 02313mph-h22h-06-s8agf-02 Servidor Xfusion 2288h V6 2x Xeon Silver 4314 16c 2.4ghz \/ram 4x32gb 3200mhz \/ssd 2x480gb 2.5 Sata \/raid Xr-450 2gb Cache Super Cap \/red 2 Ports 1gb Rj45\/ Ps 2x900w \/ Ibmc\" \/>\n<meta property=\"og:description\" content=\"Compra 02313mph-h22h-06-s8agf-02 Servidor Xfusion 2288h V6 2x Xeon Silver 4314 16c 2.4ghz \/ram 4x32gb 3200mhz \/ssd 2x480gb 2.5 Sata \/raid Xr-450 2gb Cache Super Cap \/red 2 Ports 1gb Rj45\/ Ps 2x900w \/ Ibmc + Env\u00edo a domicilio + Pago seguro + Garant\u00eda\" \/>\n<meta property=\"og:url\" content=\"https:\/\/compuviper.mx\/tienda\/producto\/x-fusion-02313mph-h22h-06-s8agf-02-servidor-xfusion-2288h-v6-2x-xeon-silver-4314-16c-2-4ghz-ram-4x32gb-3200mhz-ssd-2x480gb-2-5-sata-raid-xr-450-2gb-cache-super-cap-red-2-ports-1gb-rj45-ps-2x900w\/\" \/>\n<meta property=\"og:site_name\" content=\"Compuviper\" \/>\n<meta property=\"article:publisher\" content=\"https:\/\/www.facebook.com\/compuviper\" \/>\n<meta property=\"article:modified_time\" content=\"2026-04-11T07:59:14+00:00\" \/>\n<meta property=\"og:image\" content=\"https:\/\/compuviper.mx\/tienda\/wp-content\/uploads\/2023\/12\/Servidor-xfusion-2288h-v6-2x-xeon-silver-4314-16c-2.4ghz-ram-4x32gb-3200mhz-ssd-2x480gb-2.5-sata-raid-xr-450-2gb-cache-super-cap-red-2-ports-1gb-rj45-ps-2x900w-ibmc.jpg\" \/>\n\t<meta property=\"og:image:width\" content=\"200\" \/>\n\t<meta property=\"og:image:height\" content=\"200\" \/>\n\t<meta property=\"og:image:type\" content=\"image\/jpeg\" \/>\n<meta name=\"twitter:card\" content=\"summary_large_image\" \/>\n<meta name=\"twitter:label1\" content=\"Precio\" \/>\n\t<meta name=\"twitter:data1\" content=\"&#36;59,285 con IVA\" \/>\n\t<meta name=\"twitter:label2\" content=\"Availability\" \/>\n\t<meta name=\"twitter:data2\" content=\"Out of stock\" \/>\n<script type=\"application\/ld+json\" class=\"yoast-schema-graph\">{\"@context\":\"https:\/\/schema.org\",\"@graph\":[{\"@type\":\"WebPage\",\"@id\":\"https:\/\/compuviper.mx\/tienda\/producto\/x-fusion-02313mph-h22h-06-s8agf-02-servidor-xfusion-2288h-v6-2x-xeon-silver-4314-16c-2-4ghz-ram-4x32gb-3200mhz-ssd-2x480gb-2-5-sata-raid-xr-450-2gb-cache-super-cap-red-2-ports-1gb-rj45-ps-2x900w\/\",\"url\":\"https:\/\/compuviper.mx\/tienda\/producto\/x-fusion-02313mph-h22h-06-s8agf-02-servidor-xfusion-2288h-v6-2x-xeon-silver-4314-16c-2-4ghz-ram-4x32gb-3200mhz-ssd-2x480gb-2-5-sata-raid-xr-450-2gb-cache-super-cap-red-2-ports-1gb-rj45-ps-2x900w\/\",\"name\":\"[ X-fusion ] &#129351; 02313mph-h22h-06-s8agf-02 Servidor Xfusion 2288h V6 2x Xeon Silver 4314 16c 2.4ghz \/ram 4x32gb 3200mhz \/ssd 2x480gb 2.5 Sata \/raid Xr-450 2gb Cache Super Cap \/red 2 Ports 1gb Rj45\/ Ps 2x900w \/ Ibmc\",\"isPartOf\":{\"@id\":\"https:\/\/compuviper.mx\/tienda\/#website\"},\"datePublished\":\"2026-04-11T07:59:13+00:00\",\"dateModified\":\"2026-04-11T07:59:14+00:00\",\"description\":\"Compra 02313mph-h22h-06-s8agf-02 Servidor Xfusion 2288h V6 2x Xeon Silver 4314 16c 2.4ghz \/ram 4x32gb 3200mhz \/ssd 2x480gb 2.5 Sata \/raid Xr-450 2gb Cache Super Cap \/red 2 Ports 1gb Rj45\/ Ps 2x900w \/ Ibmc + Env\u00edo a domicilio + Pago seguro + Garant\u00eda\",\"breadcrumb\":{\"@id\":\"https:\/\/compuviper.mx\/tienda\/producto\/x-fusion-02313mph-h22h-06-s8agf-02-servidor-xfusion-2288h-v6-2x-xeon-silver-4314-16c-2-4ghz-ram-4x32gb-3200mhz-ssd-2x480gb-2-5-sata-raid-xr-450-2gb-cache-super-cap-red-2-ports-1gb-rj45-ps-2x900w\/#breadcrumb\"},\"inLanguage\":\"es-MX\",\"potentialAction\":[{\"@type\":\"ReadAction\",\"target\":[\"https:\/\/compuviper.mx\/tienda\/producto\/x-fusion-02313mph-h22h-06-s8agf-02-servidor-xfusion-2288h-v6-2x-xeon-silver-4314-16c-2-4ghz-ram-4x32gb-3200mhz-ssd-2x480gb-2-5-sata-raid-xr-450-2gb-cache-super-cap-red-2-ports-1gb-rj45-ps-2x900w\/\"]}]},{\"@type\":\"BreadcrumbList\",\"@id\":\"https:\/\/compuviper.mx\/tienda\/producto\/x-fusion-02313mph-h22h-06-s8agf-02-servidor-xfusion-2288h-v6-2x-xeon-silver-4314-16c-2-4ghz-ram-4x32gb-3200mhz-ssd-2x480gb-2-5-sata-raid-xr-450-2gb-cache-super-cap-red-2-ports-1gb-rj45-ps-2x900w\/#breadcrumb\",\"itemListElement\":[{\"@type\":\"ListItem\",\"position\":1,\"name\":\"Inicio\",\"item\":\"https:\/\/compuviper.mx\/tienda\/\"},{\"@type\":\"ListItem\",\"position\":2,\"name\":\"Productos\",\"item\":\"https:\/\/compuviper.mx\/tienda\/productos\/\"},{\"@type\":\"ListItem\",\"position\":3,\"name\":\"Servidores\",\"item\":\"https:\/\/compuviper.mx\/tienda\/categoria-producto\/servidores-2\/\"},{\"@type\":\"ListItem\",\"position\":4,\"name\":\"Rack (dl)\",\"item\":\"https:\/\/compuviper.mx\/tienda\/categoria-producto\/servidores-2\/rack-dl\/\"},{\"@type\":\"ListItem\",\"position\":5,\"name\":\"X-fusion 02313mph-h22h-06-s8agf-02 Servidor Xfusion 2288h V6 2x Xeon Silver 4314 16c 2.4ghz \/ram 4x32gb 3200mhz \/ssd 2x480gb 2.5 Sata \/raid Xr-450 2gb Cache Super Cap \/red 2 Ports 1gb Rj45\/ Ps 2x900w \/ Ibmc\"}]},{\"@type\":\"WebSite\",\"@id\":\"https:\/\/compuviper.mx\/tienda\/#website\",\"url\":\"https:\/\/compuviper.mx\/tienda\/\",\"name\":\"Compuviper\",\"description\":\"Proveedor de Computadoras, Laptops, Servidores, Monitores, Puntos de Venta, Teclados,   Impresoras, T\u00f3ner, C\u00e1maras de Seguridad y m\u00e1s en tu tienda en l\u00ednea\",\"publisher\":{\"@id\":\"https:\/\/compuviper.mx\/tienda\/#organization\"},\"potentialAction\":[{\"@type\":\"SearchAction\",\"target\":{\"@type\":\"EntryPoint\",\"urlTemplate\":\"https:\/\/compuviper.mx\/tienda\/?s={search_term_string}\"},\"query-input\":\"required name=search_term_string\"}],\"inLanguage\":\"es-MX\"},{\"@type\":\"Organization\",\"@id\":\"https:\/\/compuviper.mx\/tienda\/#organization\",\"name\":\"Compuviper\",\"url\":\"https:\/\/compuviper.mx\/tienda\/\",\"logo\":{\"@type\":\"ImageObject\",\"inLanguage\":\"es-MX\",\"@id\":\"https:\/\/compuviper.mx\/tienda\/#\/schema\/logo\/image\/\",\"url\":\"https:\/\/compuviper.mx\/tienda\/wp-content\/uploads\/2021\/08\/Logo-Compuviper-10.png\",\"contentUrl\":\"https:\/\/compuviper.mx\/tienda\/wp-content\/uploads\/2021\/08\/Logo-Compuviper-10.png\",\"width\":1000,\"height\":500,\"caption\":\"Compuviper\"},\"image\":{\"@id\":\"https:\/\/compuviper.mx\/tienda\/#\/schema\/logo\/image\/\"},\"sameAs\":[\"https:\/\/www.facebook.com\/compuviper\",\"https:\/\/www.youtube.com\/channel\/UCf73dERp9Y3cfOq7q8BhLjA?view_as=subscriber\"]}]}<\/script>\n<meta property=\"product:brand\" content=\"X-fusion\" \/>\n<meta property=\"product:price:amount\" content=\"59285\" \/>\n<meta property=\"product:price:currency\" content=\"MXN\" \/>\n<meta property=\"og:availability\" content=\"out of stock\" \/>\n<meta property=\"product:availability\" content=\"out of stock\" \/>\n<meta property=\"product:retailer_item_id\" content=\"02313MPH-H22H-06-S8AGF-02\" \/>\n<meta property=\"product:condition\" content=\"new\" \/>\n<!-- \/ Yoast SEO plugin. -->","yoast_head_json":{"title":"[ X-fusion ] &#129351; 02313mph-h22h-06-s8agf-02 Servidor Xfusion 2288h V6 2x Xeon Silver 4314 16c 2.4ghz \/ram 4x32gb 3200mhz \/ssd 2x480gb 2.5 Sata \/raid Xr-450 2gb Cache Super Cap \/red 2 Ports 1gb Rj45\/ Ps 2x900w \/ Ibmc","description":"Compra 02313mph-h22h-06-s8agf-02 Servidor Xfusion 2288h V6 2x Xeon Silver 4314 16c 2.4ghz \/ram 4x32gb 3200mhz \/ssd 2x480gb 2.5 Sata \/raid Xr-450 2gb Cache Super Cap \/red 2 Ports 1gb Rj45\/ Ps 2x900w \/ Ibmc + Env\u00edo a domicilio + Pago seguro + Garant\u00eda","robots":{"index":"index","follow":"follow","max-snippet":"max-snippet:-1","max-image-preview":"max-image-preview:large","max-video-preview":"max-video-preview:-1"},"canonical":"https:\/\/compuviper.mx\/tienda\/producto\/x-fusion-02313mph-h22h-06-s8agf-02-servidor-xfusion-2288h-v6-2x-xeon-silver-4314-16c-2-4ghz-ram-4x32gb-3200mhz-ssd-2x480gb-2-5-sata-raid-xr-450-2gb-cache-super-cap-red-2-ports-1gb-rj45-ps-2x900w\/","og_locale":"es_MX","og_type":"article","og_title":"[ X-fusion ] &#129351; 02313mph-h22h-06-s8agf-02 Servidor Xfusion 2288h V6 2x Xeon Silver 4314 16c 2.4ghz \/ram 4x32gb 3200mhz \/ssd 2x480gb 2.5 Sata \/raid Xr-450 2gb Cache Super Cap \/red 2 Ports 1gb Rj45\/ Ps 2x900w \/ Ibmc","og_description":"Compra 02313mph-h22h-06-s8agf-02 Servidor Xfusion 2288h V6 2x Xeon Silver 4314 16c 2.4ghz \/ram 4x32gb 3200mhz \/ssd 2x480gb 2.5 Sata \/raid Xr-450 2gb Cache Super Cap \/red 2 Ports 1gb Rj45\/ Ps 2x900w \/ Ibmc + Env\u00edo a domicilio + Pago seguro + Garant\u00eda","og_url":"https:\/\/compuviper.mx\/tienda\/producto\/x-fusion-02313mph-h22h-06-s8agf-02-servidor-xfusion-2288h-v6-2x-xeon-silver-4314-16c-2-4ghz-ram-4x32gb-3200mhz-ssd-2x480gb-2-5-sata-raid-xr-450-2gb-cache-super-cap-red-2-ports-1gb-rj45-ps-2x900w\/","og_site_name":"Compuviper","article_publisher":"https:\/\/www.facebook.com\/compuviper","article_modified_time":"2026-04-11T07:59:14+00:00","og_image":[{"width":200,"height":200,"url":"https:\/\/compuviper.mx\/tienda\/wp-content\/uploads\/2023\/12\/Servidor-xfusion-2288h-v6-2x-xeon-silver-4314-16c-2.4ghz-ram-4x32gb-3200mhz-ssd-2x480gb-2.5-sata-raid-xr-450-2gb-cache-super-cap-red-2-ports-1gb-rj45-ps-2x900w-ibmc.jpg","type":"image\/jpeg"}],"twitter_card":"summary_large_image","twitter_misc":{"Precio":"&#36;59,285 con IVA","Availability":"Out of stock"},"schema":{"@context":"https:\/\/schema.org","@graph":[{"@type":"WebPage","@id":"https:\/\/compuviper.mx\/tienda\/producto\/x-fusion-02313mph-h22h-06-s8agf-02-servidor-xfusion-2288h-v6-2x-xeon-silver-4314-16c-2-4ghz-ram-4x32gb-3200mhz-ssd-2x480gb-2-5-sata-raid-xr-450-2gb-cache-super-cap-red-2-ports-1gb-rj45-ps-2x900w\/","url":"https:\/\/compuviper.mx\/tienda\/producto\/x-fusion-02313mph-h22h-06-s8agf-02-servidor-xfusion-2288h-v6-2x-xeon-silver-4314-16c-2-4ghz-ram-4x32gb-3200mhz-ssd-2x480gb-2-5-sata-raid-xr-450-2gb-cache-super-cap-red-2-ports-1gb-rj45-ps-2x900w\/","name":"[ X-fusion ] &#129351; 02313mph-h22h-06-s8agf-02 Servidor Xfusion 2288h V6 2x Xeon Silver 4314 16c 2.4ghz \/ram 4x32gb 3200mhz \/ssd 2x480gb 2.5 Sata \/raid Xr-450 2gb Cache Super Cap \/red 2 Ports 1gb Rj45\/ Ps 2x900w \/ Ibmc","isPartOf":{"@id":"https:\/\/compuviper.mx\/tienda\/#website"},"datePublished":"2026-04-11T07:59:13+00:00","dateModified":"2026-04-11T07:59:14+00:00","description":"Compra 02313mph-h22h-06-s8agf-02 Servidor Xfusion 2288h V6 2x Xeon Silver 4314 16c 2.4ghz \/ram 4x32gb 3200mhz \/ssd 2x480gb 2.5 Sata \/raid Xr-450 2gb Cache Super Cap \/red 2 Ports 1gb Rj45\/ Ps 2x900w \/ Ibmc + Env\u00edo a domicilio + Pago seguro + Garant\u00eda","breadcrumb":{"@id":"https:\/\/compuviper.mx\/tienda\/producto\/x-fusion-02313mph-h22h-06-s8agf-02-servidor-xfusion-2288h-v6-2x-xeon-silver-4314-16c-2-4ghz-ram-4x32gb-3200mhz-ssd-2x480gb-2-5-sata-raid-xr-450-2gb-cache-super-cap-red-2-ports-1gb-rj45-ps-2x900w\/#breadcrumb"},"inLanguage":"es-MX","potentialAction":[{"@type":"ReadAction","target":["https:\/\/compuviper.mx\/tienda\/producto\/x-fusion-02313mph-h22h-06-s8agf-02-servidor-xfusion-2288h-v6-2x-xeon-silver-4314-16c-2-4ghz-ram-4x32gb-3200mhz-ssd-2x480gb-2-5-sata-raid-xr-450-2gb-cache-super-cap-red-2-ports-1gb-rj45-ps-2x900w\/"]}]},{"@type":"BreadcrumbList","@id":"https:\/\/compuviper.mx\/tienda\/producto\/x-fusion-02313mph-h22h-06-s8agf-02-servidor-xfusion-2288h-v6-2x-xeon-silver-4314-16c-2-4ghz-ram-4x32gb-3200mhz-ssd-2x480gb-2-5-sata-raid-xr-450-2gb-cache-super-cap-red-2-ports-1gb-rj45-ps-2x900w\/#breadcrumb","itemListElement":[{"@type":"ListItem","position":1,"name":"Inicio","item":"https:\/\/compuviper.mx\/tienda\/"},{"@type":"ListItem","position":2,"name":"Productos","item":"https:\/\/compuviper.mx\/tienda\/productos\/"},{"@type":"ListItem","position":3,"name":"Servidores","item":"https:\/\/compuviper.mx\/tienda\/categoria-producto\/servidores-2\/"},{"@type":"ListItem","position":4,"name":"Rack (dl)","item":"https:\/\/compuviper.mx\/tienda\/categoria-producto\/servidores-2\/rack-dl\/"},{"@type":"ListItem","position":5,"name":"X-fusion 02313mph-h22h-06-s8agf-02 Servidor Xfusion 2288h V6 2x Xeon Silver 4314 16c 2.4ghz \/ram 4x32gb 3200mhz \/ssd 2x480gb 2.5 Sata \/raid Xr-450 2gb Cache Super Cap \/red 2 Ports 1gb Rj45\/ Ps 2x900w \/ Ibmc"}]},{"@type":"WebSite","@id":"https:\/\/compuviper.mx\/tienda\/#website","url":"https:\/\/compuviper.mx\/tienda\/","name":"Compuviper","description":"Proveedor de Computadoras, Laptops, Servidores, Monitores, Puntos de Venta, Teclados,   Impresoras, T\u00f3ner, C\u00e1maras de Seguridad y m\u00e1s en tu tienda en l\u00ednea","publisher":{"@id":"https:\/\/compuviper.mx\/tienda\/#organization"},"potentialAction":[{"@type":"SearchAction","target":{"@type":"EntryPoint","urlTemplate":"https:\/\/compuviper.mx\/tienda\/?s={search_term_string}"},"query-input":"required name=search_term_string"}],"inLanguage":"es-MX"},{"@type":"Organization","@id":"https:\/\/compuviper.mx\/tienda\/#organization","name":"Compuviper","url":"https:\/\/compuviper.mx\/tienda\/","logo":{"@type":"ImageObject","inLanguage":"es-MX","@id":"https:\/\/compuviper.mx\/tienda\/#\/schema\/logo\/image\/","url":"https:\/\/compuviper.mx\/tienda\/wp-content\/uploads\/2021\/08\/Logo-Compuviper-10.png","contentUrl":"https:\/\/compuviper.mx\/tienda\/wp-content\/uploads\/2021\/08\/Logo-Compuviper-10.png","width":1000,"height":500,"caption":"Compuviper"},"image":{"@id":"https:\/\/compuviper.mx\/tienda\/#\/schema\/logo\/image\/"},"sameAs":["https:\/\/www.facebook.com\/compuviper","https:\/\/www.youtube.com\/channel\/UCf73dERp9Y3cfOq7q8BhLjA?view_as=subscriber"]}]},"product_brand":"X-fusion","product_price_amount":"59285","product_price_currency":"MXN","og_availability":"out of stock","product_availability":"out of stock","product_retailer_item_id":"02313MPH-H22H-06-S8AGF-02","product_condition":"new"},"_links":{"self":[{"href":"https:\/\/compuviper.mx\/tienda\/wp-json\/wp\/v2\/product\/225416"}],"collection":[{"href":"https:\/\/compuviper.mx\/tienda\/wp-json\/wp\/v2\/product"}],"about":[{"href":"https:\/\/compuviper.mx\/tienda\/wp-json\/wp\/v2\/types\/product"}],"replies":[{"embeddable":true,"href":"https:\/\/compuviper.mx\/tienda\/wp-json\/wp\/v2\/comments?post=225416"}],"wp:featuredmedia":[{"embeddable":true,"href":"https:\/\/compuviper.mx\/tienda\/wp-json\/wp\/v2\/media\/225417"}],"wp:attachment":[{"href":"https:\/\/compuviper.mx\/tienda\/wp-json\/wp\/v2\/media?parent=225416"}],"wp:term":[{"taxonomy":"product_cat","embeddable":true,"href":"https:\/\/compuviper.mx\/tienda\/wp-json\/wp\/v2\/product_cat?post=225416"},{"taxonomy":"product_tag","embeddable":true,"href":"https:\/\/compuviper.mx\/tienda\/wp-json\/wp\/v2\/product_tag?post=225416"}],"curies":[{"name":"wp","href":"https:\/\/api.w.org\/{rel}","templated":true}]}}