{"id":225362,"date":"2026-04-02T02:02:15","date_gmt":"2026-04-02T08:02:15","guid":{"rendered":"https:\/\/compuviper.mx\/tienda\/producto\/hewlett-packard-enterprise-p44719-001-hpe-proliant-ml30-gen10-plus-intel-e-2314-2-8ghz-4-core-1p-16gb-u-4lff-nhp-1tb-350w-ps-server\/"},"modified":"2026-04-02T02:02:16","modified_gmt":"2026-04-02T08:02:16","slug":"hewlett-packard-enterprise-p44719-001-hpe-proliant-ml30-gen10-plus-intel-e-2314-2-8ghz-4-core-1p-16gb-u-4lff-nhp-1tb-350w-ps-server","status":"publish","type":"product","link":"https:\/\/compuviper.mx\/tienda\/producto\/hewlett-packard-enterprise-p44719-001-hpe-proliant-ml30-gen10-plus-intel-e-2314-2-8ghz-4-core-1p-16gb-u-4lff-nhp-1tb-350w-ps-server\/","title":{"rendered":"Hewlett Packard Enterprise P44719-001 Hpe Proliant Ml30 Gen10 Plus Intel E-2314 2.8ghz 4-core 1p 16gb-u 4lff-nhp 1tb 350w Ps Server"},"content":{"rendered":"<table class=\"descripcion\">\n<tr>\n<td>Processor cache installed<\/td>\n<\/tr>\n<tr>\n<td>8 mb intel\u00ae smart cache<\/td>\n<\/tr>\n<tr>\n<td>Processor name<\/td>\n<\/tr>\n<tr>\n<td>Intel\u00ae xeon\u00ae e-2314 (4-core, 2.8 ghz, 8 mb, 65w)<\/td>\n<\/tr>\n<tr>\n<td>Processor number<\/td>\n<\/tr>\n<tr>\n<td>1 processor<\/td>\n<\/tr>\n<tr>\n<td>Processor speed<\/td>\n<\/tr>\n<tr>\n<td>2.8 ghz<\/td>\n<\/tr>\n<tr>\n<td>Memory type<\/td>\n<\/tr>\n<tr>\n<td>Hpe ddr4 standard memory<\/td>\n<\/tr>\n<tr>\n<td>Standard memory<\/td>\n<\/tr>\n<tr>\n<td>16 gb (1x 16 gb) udimm<\/td>\n<\/tr>\n<tr>\n<td>Hard drive number (included)<\/td>\n<\/tr>\n<tr>\n<td>None ship standard, 4 lff drives supported<\/td>\n<\/tr>\n<tr>\n<td>Power supply type<\/td>\n<\/tr>\n<tr>\n<td>1 hpe 350w atx gold non-hot-plug power supply<\/td>\n<\/tr>\n<tr>\n<td>Expansion slots<\/td>\n<\/tr>\n<tr>\n<td>4, for detailed descriptions refer to the quickspecs<\/td>\n<\/tr>\n<tr>\n<td>Network controller<\/td>\n<\/tr>\n<tr>\n<td>Hpe embedded 1gb 2-port bcm5720 network adapter<\/td>\n<\/tr>\n<tr>\n<td>Storage controller<\/td>\n<\/tr>\n<tr>\n<td>Intel\u00ae vroc sata (formerly known as intel\u00ae rste)<\/td>\n<\/tr>\n<tr>\n<td>System fan features<\/td>\n<\/tr>\n<tr>\n<td>1 non-hot plug non-redundant system fan. 1 pci fan and air baffle included<\/td>\n<\/tr>\n<tr>\n<td>Form factor<\/td>\n<\/tr>\n<tr>\n<td>4u tower<\/td>\n<\/tr>\n<tr>\n<td>Weight (imperial) 22.1 lb minimum, 38.7 lb maximum weight (metric) 10.1 kg minimum, 17.6 kg maximum product dimensions (imperial) 14.5 x 6.89 x 18.7 in product dimensions (metric) 36.83 x 17.5 x 47.5 cm<\/td>\n<\/tr>\n<\/table>\n","protected":false},"excerpt":{"rendered":"<p>Hpe proliant ml30 gen10 plus tower server with one intel\u00ae xeon\u00ae e-2314 processor, 16 gb memory, 1tb sata hdd, 4 large form factor non-hot-plug chassis, and one 350w non-hot-plug power supply. Hpe proliant ml30 gen10 plus tower server with one intel\u00ae xeon\u00ae e-2314 processor, 16 gb memory, 4 large form factor hot-plug chassis, and one 350w non-hot-plug power supply<\/p>\n","protected":false},"featured_media":225363,"comment_status":"open","ping_status":"open","template":"","meta":[],"product_cat":[1808,1810],"product_tag":[1568],"acf":[],"yoast_head":"<!-- This site is optimized with the Yoast SEO plugin v21.7 - https:\/\/yoast.com\/wordpress\/plugins\/seo\/ -->\n<title>[ Hewlett Packard Enterprise ] &#129351; P44719-001 Hpe Proliant Ml30 Gen10 Plus Intel E-2314 2.8ghz 4-core 1p 16gb-u 4lff-nhp 1tb 350w Ps Server<\/title>\n<meta name=\"description\" content=\"Compra P44719-001 Hpe Proliant Ml30 Gen10 Plus Intel E-2314 2.8ghz 4-core 1p 16gb-u 4lff-nhp 1tb 350w Ps Server + Env\u00edo a domicilio + Pago seguro + Garant\u00eda\" \/>\n<meta name=\"robots\" content=\"index, follow, max-snippet:-1, max-image-preview:large, max-video-preview:-1\" \/>\n<link rel=\"canonical\" href=\"https:\/\/compuviper.mx\/tienda\/producto\/hewlett-packard-enterprise-p44719-001-hpe-proliant-ml30-gen10-plus-intel-e-2314-2-8ghz-4-core-1p-16gb-u-4lff-nhp-1tb-350w-ps-server\/\" \/>\n<meta property=\"og:locale\" content=\"es_MX\" \/>\n<meta property=\"og:type\" content=\"article\" \/>\n<meta property=\"og:title\" content=\"[ Hewlett Packard Enterprise ] &#129351; P44719-001 Hpe Proliant Ml30 Gen10 Plus Intel E-2314 2.8ghz 4-core 1p 16gb-u 4lff-nhp 1tb 350w Ps Server\" \/>\n<meta property=\"og:description\" content=\"Compra P44719-001 Hpe Proliant Ml30 Gen10 Plus Intel E-2314 2.8ghz 4-core 1p 16gb-u 4lff-nhp 1tb 350w Ps Server + Env\u00edo a domicilio + Pago seguro + Garant\u00eda\" \/>\n<meta property=\"og:url\" content=\"https:\/\/compuviper.mx\/tienda\/producto\/hewlett-packard-enterprise-p44719-001-hpe-proliant-ml30-gen10-plus-intel-e-2314-2-8ghz-4-core-1p-16gb-u-4lff-nhp-1tb-350w-ps-server\/\" \/>\n<meta property=\"og:site_name\" content=\"Compuviper\" \/>\n<meta property=\"article:publisher\" content=\"https:\/\/www.facebook.com\/compuviper\" \/>\n<meta property=\"article:modified_time\" content=\"2026-04-02T08:02:16+00:00\" \/>\n<meta property=\"og:image\" content=\"https:\/\/compuviper.mx\/tienda\/wp-content\/uploads\/2023\/12\/Hpe-proliant-ml30-gen10-plus-intel-e-2314-2.8ghz-4-core-1p-16gb-u-4lff-nhp-1tb-350w-ps-server.jpg\" \/>\n\t<meta property=\"og:image:width\" content=\"200\" \/>\n\t<meta property=\"og:image:height\" content=\"200\" \/>\n\t<meta property=\"og:image:type\" content=\"image\/jpeg\" \/>\n<meta name=\"twitter:card\" content=\"summary_large_image\" \/>\n<meta name=\"twitter:label1\" content=\"Precio\" \/>\n\t<meta name=\"twitter:data1\" content=\"&#36;25,323 con IVA\" \/>\n\t<meta name=\"twitter:label2\" content=\"Availability\" \/>\n\t<meta name=\"twitter:data2\" content=\"Out of stock\" \/>\n<script type=\"application\/ld+json\" class=\"yoast-schema-graph\">{\"@context\":\"https:\/\/schema.org\",\"@graph\":[{\"@type\":\"WebPage\",\"@id\":\"https:\/\/compuviper.mx\/tienda\/producto\/hewlett-packard-enterprise-p44719-001-hpe-proliant-ml30-gen10-plus-intel-e-2314-2-8ghz-4-core-1p-16gb-u-4lff-nhp-1tb-350w-ps-server\/\",\"url\":\"https:\/\/compuviper.mx\/tienda\/producto\/hewlett-packard-enterprise-p44719-001-hpe-proliant-ml30-gen10-plus-intel-e-2314-2-8ghz-4-core-1p-16gb-u-4lff-nhp-1tb-350w-ps-server\/\",\"name\":\"[ Hewlett Packard Enterprise ] &#129351; P44719-001 Hpe Proliant Ml30 Gen10 Plus Intel E-2314 2.8ghz 4-core 1p 16gb-u 4lff-nhp 1tb 350w Ps Server\",\"isPartOf\":{\"@id\":\"https:\/\/compuviper.mx\/tienda\/#website\"},\"datePublished\":\"2026-04-02T08:02:15+00:00\",\"dateModified\":\"2026-04-02T08:02:16+00:00\",\"description\":\"Compra P44719-001 Hpe Proliant Ml30 Gen10 Plus Intel E-2314 2.8ghz 4-core 1p 16gb-u 4lff-nhp 1tb 350w Ps Server + Env\u00edo a domicilio + Pago seguro + Garant\u00eda\",\"breadcrumb\":{\"@id\":\"https:\/\/compuviper.mx\/tienda\/producto\/hewlett-packard-enterprise-p44719-001-hpe-proliant-ml30-gen10-plus-intel-e-2314-2-8ghz-4-core-1p-16gb-u-4lff-nhp-1tb-350w-ps-server\/#breadcrumb\"},\"inLanguage\":\"es-MX\",\"potentialAction\":[{\"@type\":\"ReadAction\",\"target\":[\"https:\/\/compuviper.mx\/tienda\/producto\/hewlett-packard-enterprise-p44719-001-hpe-proliant-ml30-gen10-plus-intel-e-2314-2-8ghz-4-core-1p-16gb-u-4lff-nhp-1tb-350w-ps-server\/\"]}]},{\"@type\":\"BreadcrumbList\",\"@id\":\"https:\/\/compuviper.mx\/tienda\/producto\/hewlett-packard-enterprise-p44719-001-hpe-proliant-ml30-gen10-plus-intel-e-2314-2-8ghz-4-core-1p-16gb-u-4lff-nhp-1tb-350w-ps-server\/#breadcrumb\",\"itemListElement\":[{\"@type\":\"ListItem\",\"position\":1,\"name\":\"Inicio\",\"item\":\"https:\/\/compuviper.mx\/tienda\/\"},{\"@type\":\"ListItem\",\"position\":2,\"name\":\"Productos\",\"item\":\"https:\/\/compuviper.mx\/tienda\/productos\/\"},{\"@type\":\"ListItem\",\"position\":3,\"name\":\"Servidores\",\"item\":\"https:\/\/compuviper.mx\/tienda\/categoria-producto\/servidores-2\/\"},{\"@type\":\"ListItem\",\"position\":4,\"name\":\"Torre (ml)\",\"item\":\"https:\/\/compuviper.mx\/tienda\/categoria-producto\/servidores-2\/torre-ml\/\"},{\"@type\":\"ListItem\",\"position\":5,\"name\":\"Hewlett Packard Enterprise P44719-001 Hpe Proliant Ml30 Gen10 Plus Intel E-2314 2.8ghz 4-core 1p 16gb-u 4lff-nhp 1tb 350w Ps Server\"}]},{\"@type\":\"WebSite\",\"@id\":\"https:\/\/compuviper.mx\/tienda\/#website\",\"url\":\"https:\/\/compuviper.mx\/tienda\/\",\"name\":\"Compuviper\",\"description\":\"Proveedor de Computadoras, Laptops, Servidores, Monitores, Puntos de Venta, Teclados,   Impresoras, T\u00f3ner, C\u00e1maras de Seguridad y m\u00e1s en tu tienda en l\u00ednea\",\"publisher\":{\"@id\":\"https:\/\/compuviper.mx\/tienda\/#organization\"},\"potentialAction\":[{\"@type\":\"SearchAction\",\"target\":{\"@type\":\"EntryPoint\",\"urlTemplate\":\"https:\/\/compuviper.mx\/tienda\/?s={search_term_string}\"},\"query-input\":\"required name=search_term_string\"}],\"inLanguage\":\"es-MX\"},{\"@type\":\"Organization\",\"@id\":\"https:\/\/compuviper.mx\/tienda\/#organization\",\"name\":\"Compuviper\",\"url\":\"https:\/\/compuviper.mx\/tienda\/\",\"logo\":{\"@type\":\"ImageObject\",\"inLanguage\":\"es-MX\",\"@id\":\"https:\/\/compuviper.mx\/tienda\/#\/schema\/logo\/image\/\",\"url\":\"https:\/\/compuviper.mx\/tienda\/wp-content\/uploads\/2021\/08\/Logo-Compuviper-10.png\",\"contentUrl\":\"https:\/\/compuviper.mx\/tienda\/wp-content\/uploads\/2021\/08\/Logo-Compuviper-10.png\",\"width\":1000,\"height\":500,\"caption\":\"Compuviper\"},\"image\":{\"@id\":\"https:\/\/compuviper.mx\/tienda\/#\/schema\/logo\/image\/\"},\"sameAs\":[\"https:\/\/www.facebook.com\/compuviper\",\"https:\/\/www.youtube.com\/channel\/UCf73dERp9Y3cfOq7q8BhLjA?view_as=subscriber\"]}]}<\/script>\n<meta property=\"product:brand\" content=\"HEWLETT PACKARD ENTERPRISE\" \/>\n<meta property=\"product:price:amount\" content=\"25323\" \/>\n<meta property=\"product:price:currency\" content=\"MXN\" \/>\n<meta property=\"og:availability\" content=\"out of stock\" \/>\n<meta property=\"product:availability\" content=\"out of stock\" \/>\n<meta property=\"product:retailer_item_id\" content=\"P44719-001\" \/>\n<meta property=\"product:condition\" content=\"new\" \/>\n<!-- \/ Yoast SEO plugin. -->","yoast_head_json":{"title":"[ Hewlett Packard Enterprise ] &#129351; P44719-001 Hpe Proliant Ml30 Gen10 Plus Intel E-2314 2.8ghz 4-core 1p 16gb-u 4lff-nhp 1tb 350w Ps Server","description":"Compra P44719-001 Hpe Proliant Ml30 Gen10 Plus Intel E-2314 2.8ghz 4-core 1p 16gb-u 4lff-nhp 1tb 350w Ps Server + Env\u00edo a domicilio + Pago seguro + Garant\u00eda","robots":{"index":"index","follow":"follow","max-snippet":"max-snippet:-1","max-image-preview":"max-image-preview:large","max-video-preview":"max-video-preview:-1"},"canonical":"https:\/\/compuviper.mx\/tienda\/producto\/hewlett-packard-enterprise-p44719-001-hpe-proliant-ml30-gen10-plus-intel-e-2314-2-8ghz-4-core-1p-16gb-u-4lff-nhp-1tb-350w-ps-server\/","og_locale":"es_MX","og_type":"article","og_title":"[ Hewlett Packard Enterprise ] &#129351; P44719-001 Hpe Proliant Ml30 Gen10 Plus Intel E-2314 2.8ghz 4-core 1p 16gb-u 4lff-nhp 1tb 350w Ps Server","og_description":"Compra P44719-001 Hpe Proliant Ml30 Gen10 Plus Intel E-2314 2.8ghz 4-core 1p 16gb-u 4lff-nhp 1tb 350w Ps Server + Env\u00edo a domicilio + Pago seguro + Garant\u00eda","og_url":"https:\/\/compuviper.mx\/tienda\/producto\/hewlett-packard-enterprise-p44719-001-hpe-proliant-ml30-gen10-plus-intel-e-2314-2-8ghz-4-core-1p-16gb-u-4lff-nhp-1tb-350w-ps-server\/","og_site_name":"Compuviper","article_publisher":"https:\/\/www.facebook.com\/compuviper","article_modified_time":"2026-04-02T08:02:16+00:00","og_image":[{"width":200,"height":200,"url":"https:\/\/compuviper.mx\/tienda\/wp-content\/uploads\/2023\/12\/Hpe-proliant-ml30-gen10-plus-intel-e-2314-2.8ghz-4-core-1p-16gb-u-4lff-nhp-1tb-350w-ps-server.jpg","type":"image\/jpeg"}],"twitter_card":"summary_large_image","twitter_misc":{"Precio":"&#36;25,323 con IVA","Availability":"Out of stock"},"schema":{"@context":"https:\/\/schema.org","@graph":[{"@type":"WebPage","@id":"https:\/\/compuviper.mx\/tienda\/producto\/hewlett-packard-enterprise-p44719-001-hpe-proliant-ml30-gen10-plus-intel-e-2314-2-8ghz-4-core-1p-16gb-u-4lff-nhp-1tb-350w-ps-server\/","url":"https:\/\/compuviper.mx\/tienda\/producto\/hewlett-packard-enterprise-p44719-001-hpe-proliant-ml30-gen10-plus-intel-e-2314-2-8ghz-4-core-1p-16gb-u-4lff-nhp-1tb-350w-ps-server\/","name":"[ Hewlett Packard Enterprise ] &#129351; P44719-001 Hpe Proliant Ml30 Gen10 Plus Intel E-2314 2.8ghz 4-core 1p 16gb-u 4lff-nhp 1tb 350w Ps Server","isPartOf":{"@id":"https:\/\/compuviper.mx\/tienda\/#website"},"datePublished":"2026-04-02T08:02:15+00:00","dateModified":"2026-04-02T08:02:16+00:00","description":"Compra P44719-001 Hpe Proliant Ml30 Gen10 Plus Intel E-2314 2.8ghz 4-core 1p 16gb-u 4lff-nhp 1tb 350w Ps Server + Env\u00edo a domicilio + Pago seguro + Garant\u00eda","breadcrumb":{"@id":"https:\/\/compuviper.mx\/tienda\/producto\/hewlett-packard-enterprise-p44719-001-hpe-proliant-ml30-gen10-plus-intel-e-2314-2-8ghz-4-core-1p-16gb-u-4lff-nhp-1tb-350w-ps-server\/#breadcrumb"},"inLanguage":"es-MX","potentialAction":[{"@type":"ReadAction","target":["https:\/\/compuviper.mx\/tienda\/producto\/hewlett-packard-enterprise-p44719-001-hpe-proliant-ml30-gen10-plus-intel-e-2314-2-8ghz-4-core-1p-16gb-u-4lff-nhp-1tb-350w-ps-server\/"]}]},{"@type":"BreadcrumbList","@id":"https:\/\/compuviper.mx\/tienda\/producto\/hewlett-packard-enterprise-p44719-001-hpe-proliant-ml30-gen10-plus-intel-e-2314-2-8ghz-4-core-1p-16gb-u-4lff-nhp-1tb-350w-ps-server\/#breadcrumb","itemListElement":[{"@type":"ListItem","position":1,"name":"Inicio","item":"https:\/\/compuviper.mx\/tienda\/"},{"@type":"ListItem","position":2,"name":"Productos","item":"https:\/\/compuviper.mx\/tienda\/productos\/"},{"@type":"ListItem","position":3,"name":"Servidores","item":"https:\/\/compuviper.mx\/tienda\/categoria-producto\/servidores-2\/"},{"@type":"ListItem","position":4,"name":"Torre (ml)","item":"https:\/\/compuviper.mx\/tienda\/categoria-producto\/servidores-2\/torre-ml\/"},{"@type":"ListItem","position":5,"name":"Hewlett Packard Enterprise P44719-001 Hpe Proliant Ml30 Gen10 Plus Intel E-2314 2.8ghz 4-core 1p 16gb-u 4lff-nhp 1tb 350w Ps Server"}]},{"@type":"WebSite","@id":"https:\/\/compuviper.mx\/tienda\/#website","url":"https:\/\/compuviper.mx\/tienda\/","name":"Compuviper","description":"Proveedor de Computadoras, Laptops, Servidores, Monitores, Puntos de Venta, Teclados,   Impresoras, T\u00f3ner, C\u00e1maras de Seguridad y m\u00e1s en tu tienda en l\u00ednea","publisher":{"@id":"https:\/\/compuviper.mx\/tienda\/#organization"},"potentialAction":[{"@type":"SearchAction","target":{"@type":"EntryPoint","urlTemplate":"https:\/\/compuviper.mx\/tienda\/?s={search_term_string}"},"query-input":"required name=search_term_string"}],"inLanguage":"es-MX"},{"@type":"Organization","@id":"https:\/\/compuviper.mx\/tienda\/#organization","name":"Compuviper","url":"https:\/\/compuviper.mx\/tienda\/","logo":{"@type":"ImageObject","inLanguage":"es-MX","@id":"https:\/\/compuviper.mx\/tienda\/#\/schema\/logo\/image\/","url":"https:\/\/compuviper.mx\/tienda\/wp-content\/uploads\/2021\/08\/Logo-Compuviper-10.png","contentUrl":"https:\/\/compuviper.mx\/tienda\/wp-content\/uploads\/2021\/08\/Logo-Compuviper-10.png","width":1000,"height":500,"caption":"Compuviper"},"image":{"@id":"https:\/\/compuviper.mx\/tienda\/#\/schema\/logo\/image\/"},"sameAs":["https:\/\/www.facebook.com\/compuviper","https:\/\/www.youtube.com\/channel\/UCf73dERp9Y3cfOq7q8BhLjA?view_as=subscriber"]}]},"product_brand":"HEWLETT PACKARD ENTERPRISE","product_price_amount":"25323","product_price_currency":"MXN","og_availability":"out of stock","product_availability":"out of stock","product_retailer_item_id":"P44719-001","product_condition":"new"},"_links":{"self":[{"href":"https:\/\/compuviper.mx\/tienda\/wp-json\/wp\/v2\/product\/225362"}],"collection":[{"href":"https:\/\/compuviper.mx\/tienda\/wp-json\/wp\/v2\/product"}],"about":[{"href":"https:\/\/compuviper.mx\/tienda\/wp-json\/wp\/v2\/types\/product"}],"replies":[{"embeddable":true,"href":"https:\/\/compuviper.mx\/tienda\/wp-json\/wp\/v2\/comments?post=225362"}],"wp:featuredmedia":[{"embeddable":true,"href":"https:\/\/compuviper.mx\/tienda\/wp-json\/wp\/v2\/media\/225363"}],"wp:attachment":[{"href":"https:\/\/compuviper.mx\/tienda\/wp-json\/wp\/v2\/media?parent=225362"}],"wp:term":[{"taxonomy":"product_cat","embeddable":true,"href":"https:\/\/compuviper.mx\/tienda\/wp-json\/wp\/v2\/product_cat?post=225362"},{"taxonomy":"product_tag","embeddable":true,"href":"https:\/\/compuviper.mx\/tienda\/wp-json\/wp\/v2\/product_tag?post=225362"}],"curies":[{"name":"wp","href":"https:\/\/api.w.org\/{rel}","templated":true}]}}