{"id":225352,"date":"2026-04-25T01:51:59","date_gmt":"2026-04-25T07:51:59","guid":{"rendered":"https:\/\/compuviper.mx\/tienda\/producto\/hewlett-packard-enterprise-p55241-b21-servidor-hpe-proliant-dl360-gen10-plus-intel-xeon-silver-4310-21-ghz-12-ncleos-1p-32-gb-r-mr416i-a-nc-8-y-fuente-sff-de-800-w\/"},"modified":"2026-04-25T01:51:59","modified_gmt":"2026-04-25T07:51:59","slug":"hewlett-packard-enterprise-p55241-b21-servidor-hpe-proliant-dl360-gen10-plus-intel-xeon-silver-4310-21-ghz-12-ncleos-1p-32-gb-r-mr416i-a-nc-8-y-fuente-sff-de-800-w","status":"publish","type":"product","link":"https:\/\/compuviper.mx\/tienda\/producto\/hewlett-packard-enterprise-p55241-b21-servidor-hpe-proliant-dl360-gen10-plus-intel-xeon-silver-4310-21-ghz-12-ncleos-1p-32-gb-r-mr416i-a-nc-8-y-fuente-sff-de-800-w\/","title":{"rendered":"Hewlett Packard Enterprise P55241-b21 Servidor Hpe Proliant Dl360 Gen10 Plus Intel Xeon Silver 4310 2,1 Ghz 12 Ncleos 1p 32 Gb-r Mr416i-a Nc 8 Y Fuente Sff De 800 W"},"content":{"rendered":"<table class=\"descripcion\">\n<tr>\n<td>Procesador<\/td>\n<\/tr>\n<tr>\n<td>Intel\u00ae xeon\u00ae silver 4310 (12 n\u00facleos, 2,1 ghz, 120 w)<\/td>\n<\/tr>\n<tr>\n<td>N\u00facleo de procesador disponible<\/td>\n<\/tr>\n<tr>\n<td>12 n\u00facleos<\/td>\n<\/tr>\n<tr>\n<td>Cach\u00e9 de procesador<\/td>\n<\/tr>\n<tr>\n<td>18 mb l3<\/td>\n<\/tr>\n<tr>\n<td>Velocidad del procesador<\/td>\n<\/tr>\n<tr>\n<td>2,1 ghz<\/td>\n<\/tr>\n<tr>\n<td>Tipo de fuente de alimentaci\u00f3n<\/td>\n<\/tr>\n<tr>\n<td>1 fuente hpe platinum hot-plug de bajo contenido en hal\u00f3genos y ranura flexible de 800 w<\/td>\n<\/tr>\n<tr>\n<td>Ranuras de expansi\u00f3n<\/td>\n<\/tr>\n<tr>\n<td>2 pcie gen4: 1 x16 fh, 1 x16 lp<\/td>\n<\/tr>\n<tr>\n<td>Memoria, est\u00e1ndar<\/td>\n<\/tr>\n<tr>\n<td>Rdimm de 32 gb (1x 32 gb) y 31 espacios para dimm<\/td>\n<\/tr>\n<tr>\n<td>Tipo de memoria<\/td>\n<\/tr>\n<tr>\n<td>Hpe ddr4 smartmemory<\/td>\n<\/tr>\n<tr>\n<td>Unidades de disco duro incluidas<\/td>\n<\/tr>\n<tr>\n<td>No incluido de serie, 8 unidades sas\/sata\/nvme sff admitidas<\/td>\n<\/tr>\n<tr>\n<td>Tipo de unidad \u00f3ptica<\/td>\n<\/tr>\n<tr>\n<td>Dvd opcional v\u00eda bah\u00eda de soportes universal o conectividad usb<\/td>\n<\/tr>\n<tr>\n<td>Caracter\u00edsticas de los ventiladores del sistema<\/td>\n<\/tr>\n<tr>\n<td>5 ventiladores de alto rendimiento<\/td>\n<\/tr>\n<tr>\n<td>Controlador de red<\/td>\n<\/tr>\n<tr>\n<td>Adaptador broadcom bcm57416 ethernet 10 gb 2 puertos base-t ocp3 para hpe<\/td>\n<\/tr>\n<tr>\n<td>Controlador de almacenamiento<\/td>\n<\/tr>\n<tr>\n<td>Controlador broadcom megaraid mr416i-a x16 lanes 4 gb de cach\u00e9 nvme\/sas 12g para hpe gen10 plus y bater\u00eda de almacenamiento inteligente hpe i\u00f3n-litio de 96 w con cable de 145 mm<\/td>\n<\/tr>\n<tr>\n<td>Dimensiones m\u00ednimas (alto x ancho x fondo)<\/td>\n<\/tr>\n<tr>\n<td>\u0095 sff: 4,29 x 43,46 x 76,96 cm lff: 4,29 x 43,46 x 80,01 cm<\/td>\n<\/tr>\n<tr>\n<td>\u0095 sff: 1.69 x 17.11 x 30.30 in<\/td>\n<\/tr>\n<tr>\n<td>Lff: 1.69 x 17.11 x 31.50 in<\/td>\n<\/tr>\n<tr>\n<td>Peso<\/td>\n<\/tr>\n<tr>\n<td>\u0095 sff: 13,04 kg a 16,27 kg lff: 13,77 kg a 16,78 kg<\/td>\n<\/tr>\n<tr>\n<td>\u0095 sff: 28.74 lb to 35.86 lb<\/td>\n<\/tr>\n<tr>\n<td>Lff: 30.36 lb to 37.00 lb<\/td>\n<\/tr>\n<\/table>\n","protected":false},"excerpt":{"rendered":"<p>\u0095 admite los procesadores escalables intel xeon de 3.\u00aa generaci\u00f3n para un rendimiento de computaci\u00f3n mayor. \u0095 64 carriles pcie gen4 dan como resultado m\u00e1s dispositivos, un ancho de banda mejorado y capacidades aumentadas de e\/s equilibradas. \u0095 compatibilidad con adaptadores de red ocp 3.0 est\u00e1ndar del sector para ampliar las opciones del cliente. \u0095 capacidades de almacenamiento mejoradas con controladores de triple modo compatibles con unidades nvme\/sas\/sata, para que los clientes puedan elegir el tipo y la combinaci\u00f3n de soportes id\u00f3neos para sus aplicaciones. \u0095 selecci\u00f3n de cajas y placas base de almacenamiento, con diferentes n\u00fameros de bandejas, protocolos y ancho de banda, para que los clientes puedan dise\u00f1ar su almacenamiento de servidor a la medida de sus necesidades. \u0095 soluci\u00f3n de arranque m.2 protegida con raid de hw sin ranura, que garantiza tranquilidad en la implementaci\u00f3n de so, con ahorro de ranuras y bandejas de almacenamiento.<\/p>\n","protected":false},"featured_media":225353,"comment_status":"open","ping_status":"open","template":"","meta":[],"product_cat":[1808,1809],"product_tag":[1568],"acf":[],"yoast_head":"<!-- This site is optimized with the Yoast SEO plugin v21.7 - https:\/\/yoast.com\/wordpress\/plugins\/seo\/ -->\n<title>[ Hewlett Packard Enterprise ] &#129351; P55241-b21 Servidor Hpe Proliant Dl360 Gen10 Plus Intel Xeon Silver 4310 2,1 Ghz 12 Ncleos 1p 32 Gb-r Mr416i-a Nc 8 Y Fuente Sff De 800 W<\/title>\n<meta name=\"description\" content=\"Compra P55241-b21 Servidor Hpe Proliant Dl360 Gen10 Plus Intel Xeon Silver 4310 2,1 Ghz 12 Ncleos 1p 32 Gb-r Mr416i-a Nc 8 Y Fuente Sff De 800 W + Env\u00edo a domicilio + Pago seguro + Garant\u00eda\" \/>\n<meta name=\"robots\" content=\"index, follow, max-snippet:-1, max-image-preview:large, max-video-preview:-1\" \/>\n<link rel=\"canonical\" href=\"https:\/\/compuviper.mx\/tienda\/producto\/hewlett-packard-enterprise-p55241-b21-servidor-hpe-proliant-dl360-gen10-plus-intel-xeon-silver-4310-21-ghz-12-ncleos-1p-32-gb-r-mr416i-a-nc-8-y-fuente-sff-de-800-w\/\" \/>\n<meta property=\"og:locale\" content=\"es_MX\" \/>\n<meta property=\"og:type\" content=\"article\" \/>\n<meta property=\"og:title\" content=\"[ Hewlett Packard Enterprise ] &#129351; P55241-b21 Servidor Hpe Proliant Dl360 Gen10 Plus Intel Xeon Silver 4310 2,1 Ghz 12 Ncleos 1p 32 Gb-r Mr416i-a Nc 8 Y Fuente Sff De 800 W\" \/>\n<meta property=\"og:description\" content=\"Compra P55241-b21 Servidor Hpe Proliant Dl360 Gen10 Plus Intel Xeon Silver 4310 2,1 Ghz 12 Ncleos 1p 32 Gb-r Mr416i-a Nc 8 Y Fuente Sff De 800 W + Env\u00edo a domicilio + Pago seguro + Garant\u00eda\" \/>\n<meta property=\"og:url\" content=\"https:\/\/compuviper.mx\/tienda\/producto\/hewlett-packard-enterprise-p55241-b21-servidor-hpe-proliant-dl360-gen10-plus-intel-xeon-silver-4310-21-ghz-12-ncleos-1p-32-gb-r-mr416i-a-nc-8-y-fuente-sff-de-800-w\/\" \/>\n<meta property=\"og:site_name\" content=\"Compuviper\" \/>\n<meta property=\"article:publisher\" content=\"https:\/\/www.facebook.com\/compuviper\" \/>\n<meta property=\"og:image\" content=\"https:\/\/compuviper.mx\/tienda\/wp-content\/uploads\/2023\/12\/Servidor-hpe-proliant-dl360-gen10-plus-intel-xeon-silver-4310-21-ghz-12-ncleos-1p-32-gb-r-mr416i-a-nc-8-y-fuente-sff-de-800-w.jpg\" \/>\n\t<meta property=\"og:image:width\" content=\"200\" \/>\n\t<meta property=\"og:image:height\" content=\"200\" \/>\n\t<meta property=\"og:image:type\" content=\"image\/jpeg\" \/>\n<meta name=\"twitter:card\" content=\"summary_large_image\" \/>\n<meta name=\"twitter:label1\" content=\"Precio\" \/>\n\t<meta name=\"twitter:data1\" content=\"&#36;91,334 con IVA\" \/>\n\t<meta name=\"twitter:label2\" content=\"Availability\" \/>\n\t<meta name=\"twitter:data2\" content=\"Out of stock\" \/>\n<script type=\"application\/ld+json\" class=\"yoast-schema-graph\">{\"@context\":\"https:\/\/schema.org\",\"@graph\":[{\"@type\":\"WebPage\",\"@id\":\"https:\/\/compuviper.mx\/tienda\/producto\/hewlett-packard-enterprise-p55241-b21-servidor-hpe-proliant-dl360-gen10-plus-intel-xeon-silver-4310-21-ghz-12-ncleos-1p-32-gb-r-mr416i-a-nc-8-y-fuente-sff-de-800-w\/\",\"url\":\"https:\/\/compuviper.mx\/tienda\/producto\/hewlett-packard-enterprise-p55241-b21-servidor-hpe-proliant-dl360-gen10-plus-intel-xeon-silver-4310-21-ghz-12-ncleos-1p-32-gb-r-mr416i-a-nc-8-y-fuente-sff-de-800-w\/\",\"name\":\"[ Hewlett Packard Enterprise ] &#129351; P55241-b21 Servidor Hpe Proliant Dl360 Gen10 Plus Intel Xeon Silver 4310 2,1 Ghz 12 Ncleos 1p 32 Gb-r Mr416i-a Nc 8 Y Fuente Sff De 800 W\",\"isPartOf\":{\"@id\":\"https:\/\/compuviper.mx\/tienda\/#website\"},\"datePublished\":\"2026-04-25T07:51:59+00:00\",\"dateModified\":\"2026-04-25T07:51:59+00:00\",\"description\":\"Compra P55241-b21 Servidor Hpe Proliant Dl360 Gen10 Plus Intel Xeon Silver 4310 2,1 Ghz 12 Ncleos 1p 32 Gb-r Mr416i-a Nc 8 Y Fuente Sff De 800 W + Env\u00edo a domicilio + Pago seguro + Garant\u00eda\",\"breadcrumb\":{\"@id\":\"https:\/\/compuviper.mx\/tienda\/producto\/hewlett-packard-enterprise-p55241-b21-servidor-hpe-proliant-dl360-gen10-plus-intel-xeon-silver-4310-21-ghz-12-ncleos-1p-32-gb-r-mr416i-a-nc-8-y-fuente-sff-de-800-w\/#breadcrumb\"},\"inLanguage\":\"es-MX\",\"potentialAction\":[{\"@type\":\"ReadAction\",\"target\":[\"https:\/\/compuviper.mx\/tienda\/producto\/hewlett-packard-enterprise-p55241-b21-servidor-hpe-proliant-dl360-gen10-plus-intel-xeon-silver-4310-21-ghz-12-ncleos-1p-32-gb-r-mr416i-a-nc-8-y-fuente-sff-de-800-w\/\"]}]},{\"@type\":\"BreadcrumbList\",\"@id\":\"https:\/\/compuviper.mx\/tienda\/producto\/hewlett-packard-enterprise-p55241-b21-servidor-hpe-proliant-dl360-gen10-plus-intel-xeon-silver-4310-21-ghz-12-ncleos-1p-32-gb-r-mr416i-a-nc-8-y-fuente-sff-de-800-w\/#breadcrumb\",\"itemListElement\":[{\"@type\":\"ListItem\",\"position\":1,\"name\":\"Inicio\",\"item\":\"https:\/\/compuviper.mx\/tienda\/\"},{\"@type\":\"ListItem\",\"position\":2,\"name\":\"Productos\",\"item\":\"https:\/\/compuviper.mx\/tienda\/productos\/\"},{\"@type\":\"ListItem\",\"position\":3,\"name\":\"Servidores\",\"item\":\"https:\/\/compuviper.mx\/tienda\/categoria-producto\/servidores-2\/\"},{\"@type\":\"ListItem\",\"position\":4,\"name\":\"Rack (dl)\",\"item\":\"https:\/\/compuviper.mx\/tienda\/categoria-producto\/servidores-2\/rack-dl\/\"},{\"@type\":\"ListItem\",\"position\":5,\"name\":\"Hewlett Packard Enterprise P55241-b21 Servidor Hpe Proliant Dl360 Gen10 Plus Intel Xeon Silver 4310 2,1 Ghz 12 Ncleos 1p 32 Gb-r Mr416i-a Nc 8 Y Fuente Sff De 800 W\"}]},{\"@type\":\"WebSite\",\"@id\":\"https:\/\/compuviper.mx\/tienda\/#website\",\"url\":\"https:\/\/compuviper.mx\/tienda\/\",\"name\":\"Compuviper\",\"description\":\"Proveedor de Computadoras, Laptops, Servidores, Monitores, Puntos de Venta, Teclados,   Impresoras, T\u00f3ner, C\u00e1maras de Seguridad y m\u00e1s en tu tienda en l\u00ednea\",\"publisher\":{\"@id\":\"https:\/\/compuviper.mx\/tienda\/#organization\"},\"potentialAction\":[{\"@type\":\"SearchAction\",\"target\":{\"@type\":\"EntryPoint\",\"urlTemplate\":\"https:\/\/compuviper.mx\/tienda\/?s={search_term_string}\"},\"query-input\":\"required name=search_term_string\"}],\"inLanguage\":\"es-MX\"},{\"@type\":\"Organization\",\"@id\":\"https:\/\/compuviper.mx\/tienda\/#organization\",\"name\":\"Compuviper\",\"url\":\"https:\/\/compuviper.mx\/tienda\/\",\"logo\":{\"@type\":\"ImageObject\",\"inLanguage\":\"es-MX\",\"@id\":\"https:\/\/compuviper.mx\/tienda\/#\/schema\/logo\/image\/\",\"url\":\"https:\/\/compuviper.mx\/tienda\/wp-content\/uploads\/2021\/08\/Logo-Compuviper-10.png\",\"contentUrl\":\"https:\/\/compuviper.mx\/tienda\/wp-content\/uploads\/2021\/08\/Logo-Compuviper-10.png\",\"width\":1000,\"height\":500,\"caption\":\"Compuviper\"},\"image\":{\"@id\":\"https:\/\/compuviper.mx\/tienda\/#\/schema\/logo\/image\/\"},\"sameAs\":[\"https:\/\/www.facebook.com\/compuviper\",\"https:\/\/www.youtube.com\/channel\/UCf73dERp9Y3cfOq7q8BhLjA?view_as=subscriber\"]}]}<\/script>\n<meta property=\"product:brand\" content=\"HEWLETT PACKARD ENTERPRISE\" \/>\n<meta property=\"product:price:amount\" content=\"91334\" \/>\n<meta property=\"product:price:currency\" content=\"MXN\" \/>\n<meta property=\"og:availability\" content=\"out of stock\" \/>\n<meta property=\"product:availability\" content=\"out of stock\" \/>\n<meta property=\"product:retailer_item_id\" content=\"P55241-B21\" \/>\n<meta property=\"product:condition\" content=\"new\" \/>\n<!-- \/ Yoast SEO plugin. -->","yoast_head_json":{"title":"[ Hewlett Packard Enterprise ] &#129351; P55241-b21 Servidor Hpe Proliant Dl360 Gen10 Plus Intel Xeon Silver 4310 2,1 Ghz 12 Ncleos 1p 32 Gb-r Mr416i-a Nc 8 Y Fuente Sff De 800 W","description":"Compra P55241-b21 Servidor Hpe Proliant Dl360 Gen10 Plus Intel Xeon Silver 4310 2,1 Ghz 12 Ncleos 1p 32 Gb-r Mr416i-a Nc 8 Y Fuente Sff De 800 W + Env\u00edo a domicilio + Pago seguro + Garant\u00eda","robots":{"index":"index","follow":"follow","max-snippet":"max-snippet:-1","max-image-preview":"max-image-preview:large","max-video-preview":"max-video-preview:-1"},"canonical":"https:\/\/compuviper.mx\/tienda\/producto\/hewlett-packard-enterprise-p55241-b21-servidor-hpe-proliant-dl360-gen10-plus-intel-xeon-silver-4310-21-ghz-12-ncleos-1p-32-gb-r-mr416i-a-nc-8-y-fuente-sff-de-800-w\/","og_locale":"es_MX","og_type":"article","og_title":"[ Hewlett Packard Enterprise ] &#129351; P55241-b21 Servidor Hpe Proliant Dl360 Gen10 Plus Intel Xeon Silver 4310 2,1 Ghz 12 Ncleos 1p 32 Gb-r Mr416i-a Nc 8 Y Fuente Sff De 800 W","og_description":"Compra P55241-b21 Servidor Hpe Proliant Dl360 Gen10 Plus Intel Xeon Silver 4310 2,1 Ghz 12 Ncleos 1p 32 Gb-r Mr416i-a Nc 8 Y Fuente Sff De 800 W + Env\u00edo a domicilio + Pago seguro + Garant\u00eda","og_url":"https:\/\/compuviper.mx\/tienda\/producto\/hewlett-packard-enterprise-p55241-b21-servidor-hpe-proliant-dl360-gen10-plus-intel-xeon-silver-4310-21-ghz-12-ncleos-1p-32-gb-r-mr416i-a-nc-8-y-fuente-sff-de-800-w\/","og_site_name":"Compuviper","article_publisher":"https:\/\/www.facebook.com\/compuviper","og_image":[{"width":200,"height":200,"url":"https:\/\/compuviper.mx\/tienda\/wp-content\/uploads\/2023\/12\/Servidor-hpe-proliant-dl360-gen10-plus-intel-xeon-silver-4310-21-ghz-12-ncleos-1p-32-gb-r-mr416i-a-nc-8-y-fuente-sff-de-800-w.jpg","type":"image\/jpeg"}],"twitter_card":"summary_large_image","twitter_misc":{"Precio":"&#36;91,334 con IVA","Availability":"Out of stock"},"schema":{"@context":"https:\/\/schema.org","@graph":[{"@type":"WebPage","@id":"https:\/\/compuviper.mx\/tienda\/producto\/hewlett-packard-enterprise-p55241-b21-servidor-hpe-proliant-dl360-gen10-plus-intel-xeon-silver-4310-21-ghz-12-ncleos-1p-32-gb-r-mr416i-a-nc-8-y-fuente-sff-de-800-w\/","url":"https:\/\/compuviper.mx\/tienda\/producto\/hewlett-packard-enterprise-p55241-b21-servidor-hpe-proliant-dl360-gen10-plus-intel-xeon-silver-4310-21-ghz-12-ncleos-1p-32-gb-r-mr416i-a-nc-8-y-fuente-sff-de-800-w\/","name":"[ Hewlett Packard Enterprise ] &#129351; P55241-b21 Servidor Hpe Proliant Dl360 Gen10 Plus Intel Xeon Silver 4310 2,1 Ghz 12 Ncleos 1p 32 Gb-r Mr416i-a Nc 8 Y Fuente Sff De 800 W","isPartOf":{"@id":"https:\/\/compuviper.mx\/tienda\/#website"},"datePublished":"2026-04-25T07:51:59+00:00","dateModified":"2026-04-25T07:51:59+00:00","description":"Compra P55241-b21 Servidor Hpe Proliant Dl360 Gen10 Plus Intel Xeon Silver 4310 2,1 Ghz 12 Ncleos 1p 32 Gb-r Mr416i-a Nc 8 Y Fuente Sff De 800 W + Env\u00edo a domicilio + Pago seguro + Garant\u00eda","breadcrumb":{"@id":"https:\/\/compuviper.mx\/tienda\/producto\/hewlett-packard-enterprise-p55241-b21-servidor-hpe-proliant-dl360-gen10-plus-intel-xeon-silver-4310-21-ghz-12-ncleos-1p-32-gb-r-mr416i-a-nc-8-y-fuente-sff-de-800-w\/#breadcrumb"},"inLanguage":"es-MX","potentialAction":[{"@type":"ReadAction","target":["https:\/\/compuviper.mx\/tienda\/producto\/hewlett-packard-enterprise-p55241-b21-servidor-hpe-proliant-dl360-gen10-plus-intel-xeon-silver-4310-21-ghz-12-ncleos-1p-32-gb-r-mr416i-a-nc-8-y-fuente-sff-de-800-w\/"]}]},{"@type":"BreadcrumbList","@id":"https:\/\/compuviper.mx\/tienda\/producto\/hewlett-packard-enterprise-p55241-b21-servidor-hpe-proliant-dl360-gen10-plus-intel-xeon-silver-4310-21-ghz-12-ncleos-1p-32-gb-r-mr416i-a-nc-8-y-fuente-sff-de-800-w\/#breadcrumb","itemListElement":[{"@type":"ListItem","position":1,"name":"Inicio","item":"https:\/\/compuviper.mx\/tienda\/"},{"@type":"ListItem","position":2,"name":"Productos","item":"https:\/\/compuviper.mx\/tienda\/productos\/"},{"@type":"ListItem","position":3,"name":"Servidores","item":"https:\/\/compuviper.mx\/tienda\/categoria-producto\/servidores-2\/"},{"@type":"ListItem","position":4,"name":"Rack (dl)","item":"https:\/\/compuviper.mx\/tienda\/categoria-producto\/servidores-2\/rack-dl\/"},{"@type":"ListItem","position":5,"name":"Hewlett Packard Enterprise P55241-b21 Servidor Hpe Proliant Dl360 Gen10 Plus Intel Xeon Silver 4310 2,1 Ghz 12 Ncleos 1p 32 Gb-r Mr416i-a Nc 8 Y Fuente Sff De 800 W"}]},{"@type":"WebSite","@id":"https:\/\/compuviper.mx\/tienda\/#website","url":"https:\/\/compuviper.mx\/tienda\/","name":"Compuviper","description":"Proveedor de Computadoras, Laptops, Servidores, Monitores, Puntos de Venta, Teclados,   Impresoras, T\u00f3ner, C\u00e1maras de Seguridad y m\u00e1s en tu tienda en l\u00ednea","publisher":{"@id":"https:\/\/compuviper.mx\/tienda\/#organization"},"potentialAction":[{"@type":"SearchAction","target":{"@type":"EntryPoint","urlTemplate":"https:\/\/compuviper.mx\/tienda\/?s={search_term_string}"},"query-input":"required name=search_term_string"}],"inLanguage":"es-MX"},{"@type":"Organization","@id":"https:\/\/compuviper.mx\/tienda\/#organization","name":"Compuviper","url":"https:\/\/compuviper.mx\/tienda\/","logo":{"@type":"ImageObject","inLanguage":"es-MX","@id":"https:\/\/compuviper.mx\/tienda\/#\/schema\/logo\/image\/","url":"https:\/\/compuviper.mx\/tienda\/wp-content\/uploads\/2021\/08\/Logo-Compuviper-10.png","contentUrl":"https:\/\/compuviper.mx\/tienda\/wp-content\/uploads\/2021\/08\/Logo-Compuviper-10.png","width":1000,"height":500,"caption":"Compuviper"},"image":{"@id":"https:\/\/compuviper.mx\/tienda\/#\/schema\/logo\/image\/"},"sameAs":["https:\/\/www.facebook.com\/compuviper","https:\/\/www.youtube.com\/channel\/UCf73dERp9Y3cfOq7q8BhLjA?view_as=subscriber"]}]},"product_brand":"HEWLETT PACKARD ENTERPRISE","product_price_amount":"91334","product_price_currency":"MXN","og_availability":"out of stock","product_availability":"out of stock","product_retailer_item_id":"P55241-B21","product_condition":"new"},"_links":{"self":[{"href":"https:\/\/compuviper.mx\/tienda\/wp-json\/wp\/v2\/product\/225352"}],"collection":[{"href":"https:\/\/compuviper.mx\/tienda\/wp-json\/wp\/v2\/product"}],"about":[{"href":"https:\/\/compuviper.mx\/tienda\/wp-json\/wp\/v2\/types\/product"}],"replies":[{"embeddable":true,"href":"https:\/\/compuviper.mx\/tienda\/wp-json\/wp\/v2\/comments?post=225352"}],"wp:featuredmedia":[{"embeddable":true,"href":"https:\/\/compuviper.mx\/tienda\/wp-json\/wp\/v2\/media\/225353"}],"wp:attachment":[{"href":"https:\/\/compuviper.mx\/tienda\/wp-json\/wp\/v2\/media?parent=225352"}],"wp:term":[{"taxonomy":"product_cat","embeddable":true,"href":"https:\/\/compuviper.mx\/tienda\/wp-json\/wp\/v2\/product_cat?post=225352"},{"taxonomy":"product_tag","embeddable":true,"href":"https:\/\/compuviper.mx\/tienda\/wp-json\/wp\/v2\/product_tag?post=225352"}],"curies":[{"name":"wp","href":"https:\/\/api.w.org\/{rel}","templated":true}]}}