{"id":225330,"date":"2026-04-11T01:59:05","date_gmt":"2026-04-11T07:59:05","guid":{"rendered":"https:\/\/compuviper.mx\/tienda\/producto\/hewlett-packard-enterprise-p39265-b21-servidor-hpe-proliant-dl345-gen10-7232p-1p-32g-p408i-a-500w-8lff-amd-epyc-7232p-8-nucleos31-ghz-32-mb-120-w\/"},"modified":"2026-04-11T01:59:05","modified_gmt":"2026-04-11T07:59:05","slug":"hewlett-packard-enterprise-p39265-b21-servidor-hpe-proliant-dl345-gen10-7232p-1p-32g-p408i-a-500w-8lff-amd-epyc-7232p-8-nucleos31-ghz-32-mb-120-w","status":"publish","type":"product","link":"https:\/\/compuviper.mx\/tienda\/producto\/hewlett-packard-enterprise-p39265-b21-servidor-hpe-proliant-dl345-gen10-7232p-1p-32g-p408i-a-500w-8lff-amd-epyc-7232p-8-nucleos31-ghz-32-mb-120-w\/","title":{"rendered":"Hewlett Packard Enterprise P39265-b21 Servidor Hpe Proliant Dl345 Gen10 7232p 1p 32g P408i-a 500w 8lff, Amd Epyc 7232p 8 Nucleos,3,1 Ghz 32 Mb 120 W"},"content":{"rendered":"<table class=\"descripcion\">\n<tr>\n<td>N\u00facleo de procesador: 8 n\u00facleos<\/td>\n<\/tr>\n<tr>\n<td>Cach\u00e9 de procesador: 32 mb l3<\/td>\n<\/tr>\n<tr>\n<td>Velocidad de procesador: 3,1 ghz<\/td>\n<\/tr>\n<tr>\n<td>Memoria estandar: rdimm de 32 gb (1x 32 gb)<\/td>\n<\/tr>\n<tr>\n<td>Caracteristicas de los ventiladores del sistema: 6 ventiladores estandar.<\/td>\n<\/tr>\n<tr>\n<td>Controlador de red: hpe 1gbe 4 puertos ocp3 mas opcion de tarjeta ocp o de soporte<\/td>\n<\/tr>\n<tr>\n<td>Controlador de almacenamiento: hpe smart array p408i-a sr gen 10<\/td>\n<\/tr>\n<\/table>\n","protected":false},"excerpt":{"rendered":"<p>\u00bfnecesitas un servidor de un z\u00f3calo con una capacidad de almacenamiento en rack 2u para abordar tus cargas de trabajo que hacen un uso intensivo de los datos? tomando el hpe proliant como la base inteligente para la nube h\u00edbrida, el servidor hpe proliant dl345 gen10 plus ofrece la  generaci\u00f3n del procesador amd epyc de la serie 7000, que proporciona un rendimiento excelente en un dise\u00f1o de un z\u00f3calo. Equipado con capacidades pcie gen4, hpe proliant dl345 gen10 plus ofrece tasas de transferencia de datos mejoradas y velocidades de red m\u00e1s altas. Presentado en un chasis de servidor 2u, este servidor de un z\u00f3calo mejora la capacidad de almacenamiento en opciones de almacenamiento sas\/sata\/nvme, por lo que es la soluci\u00f3n ideal para aplicaciones clave, como la gesti\u00f3n de bases de datos estructurados\/no estructurados.<\/p>\n","protected":false},"featured_media":225331,"comment_status":"open","ping_status":"open","template":"","meta":[],"product_cat":[1808,1809],"product_tag":[1568],"acf":[],"yoast_head":"<!-- This site is optimized with the Yoast SEO plugin v21.7 - https:\/\/yoast.com\/wordpress\/plugins\/seo\/ -->\n<title>[ Hewlett Packard Enterprise ] &#129351; P39265-b21 Servidor Hpe Proliant Dl345 Gen10 7232p 1p 32g P408i-a 500w 8lff, Amd Epyc 7232p 8 Nucleos,3,1 Ghz 32 Mb 120 W<\/title>\n<meta name=\"description\" content=\"Compra P39265-b21 Servidor Hpe Proliant Dl345 Gen10 7232p 1p 32g P408i-a 500w 8lff, Amd Epyc 7232p 8 Nucleos,3,1 Ghz 32 Mb 120 W + Env\u00edo a domicilio + Pago seguro + Garant\u00eda\" \/>\n<meta name=\"robots\" content=\"index, follow, max-snippet:-1, max-image-preview:large, max-video-preview:-1\" \/>\n<link rel=\"canonical\" href=\"https:\/\/compuviper.mx\/tienda\/producto\/hewlett-packard-enterprise-p39265-b21-servidor-hpe-proliant-dl345-gen10-7232p-1p-32g-p408i-a-500w-8lff-amd-epyc-7232p-8-nucleos31-ghz-32-mb-120-w\/\" \/>\n<meta property=\"og:locale\" content=\"es_MX\" \/>\n<meta property=\"og:type\" content=\"article\" \/>\n<meta property=\"og:title\" content=\"[ Hewlett Packard Enterprise ] &#129351; P39265-b21 Servidor Hpe Proliant Dl345 Gen10 7232p 1p 32g P408i-a 500w 8lff, Amd Epyc 7232p 8 Nucleos,3,1 Ghz 32 Mb 120 W\" \/>\n<meta property=\"og:description\" content=\"Compra P39265-b21 Servidor Hpe Proliant Dl345 Gen10 7232p 1p 32g P408i-a 500w 8lff, Amd Epyc 7232p 8 Nucleos,3,1 Ghz 32 Mb 120 W + Env\u00edo a domicilio + Pago seguro + Garant\u00eda\" \/>\n<meta property=\"og:url\" content=\"https:\/\/compuviper.mx\/tienda\/producto\/hewlett-packard-enterprise-p39265-b21-servidor-hpe-proliant-dl345-gen10-7232p-1p-32g-p408i-a-500w-8lff-amd-epyc-7232p-8-nucleos31-ghz-32-mb-120-w\/\" \/>\n<meta property=\"og:site_name\" content=\"Compuviper\" \/>\n<meta property=\"article:publisher\" content=\"https:\/\/www.facebook.com\/compuviper\" \/>\n<meta property=\"og:image\" content=\"https:\/\/compuviper.mx\/tienda\/wp-content\/uploads\/2023\/12\/Servidor-hpe-proliant-dl345-gen10-7232p-1p-32g-p408i-a-500w-8lff-amd-epyc-7232p-8-nucleos31-ghz-32-mb-120-w.jpg\" \/>\n\t<meta property=\"og:image:width\" content=\"200\" \/>\n\t<meta property=\"og:image:height\" content=\"200\" \/>\n\t<meta property=\"og:image:type\" content=\"image\/jpeg\" \/>\n<meta name=\"twitter:card\" content=\"summary_large_image\" \/>\n<meta name=\"twitter:label1\" content=\"Precio\" \/>\n\t<meta name=\"twitter:data1\" content=\"&#36;70,245 con IVA\" \/>\n\t<meta name=\"twitter:label2\" content=\"Availability\" \/>\n\t<meta name=\"twitter:data2\" content=\"Out of stock\" \/>\n<script type=\"application\/ld+json\" class=\"yoast-schema-graph\">{\"@context\":\"https:\/\/schema.org\",\"@graph\":[{\"@type\":\"WebPage\",\"@id\":\"https:\/\/compuviper.mx\/tienda\/producto\/hewlett-packard-enterprise-p39265-b21-servidor-hpe-proliant-dl345-gen10-7232p-1p-32g-p408i-a-500w-8lff-amd-epyc-7232p-8-nucleos31-ghz-32-mb-120-w\/\",\"url\":\"https:\/\/compuviper.mx\/tienda\/producto\/hewlett-packard-enterprise-p39265-b21-servidor-hpe-proliant-dl345-gen10-7232p-1p-32g-p408i-a-500w-8lff-amd-epyc-7232p-8-nucleos31-ghz-32-mb-120-w\/\",\"name\":\"[ Hewlett Packard Enterprise ] &#129351; P39265-b21 Servidor Hpe Proliant Dl345 Gen10 7232p 1p 32g P408i-a 500w 8lff, Amd Epyc 7232p 8 Nucleos,3,1 Ghz 32 Mb 120 W\",\"isPartOf\":{\"@id\":\"https:\/\/compuviper.mx\/tienda\/#website\"},\"datePublished\":\"2026-04-11T07:59:05+00:00\",\"dateModified\":\"2026-04-11T07:59:05+00:00\",\"description\":\"Compra P39265-b21 Servidor Hpe Proliant Dl345 Gen10 7232p 1p 32g P408i-a 500w 8lff, Amd Epyc 7232p 8 Nucleos,3,1 Ghz 32 Mb 120 W + Env\u00edo a domicilio + Pago seguro + Garant\u00eda\",\"breadcrumb\":{\"@id\":\"https:\/\/compuviper.mx\/tienda\/producto\/hewlett-packard-enterprise-p39265-b21-servidor-hpe-proliant-dl345-gen10-7232p-1p-32g-p408i-a-500w-8lff-amd-epyc-7232p-8-nucleos31-ghz-32-mb-120-w\/#breadcrumb\"},\"inLanguage\":\"es-MX\",\"potentialAction\":[{\"@type\":\"ReadAction\",\"target\":[\"https:\/\/compuviper.mx\/tienda\/producto\/hewlett-packard-enterprise-p39265-b21-servidor-hpe-proliant-dl345-gen10-7232p-1p-32g-p408i-a-500w-8lff-amd-epyc-7232p-8-nucleos31-ghz-32-mb-120-w\/\"]}]},{\"@type\":\"BreadcrumbList\",\"@id\":\"https:\/\/compuviper.mx\/tienda\/producto\/hewlett-packard-enterprise-p39265-b21-servidor-hpe-proliant-dl345-gen10-7232p-1p-32g-p408i-a-500w-8lff-amd-epyc-7232p-8-nucleos31-ghz-32-mb-120-w\/#breadcrumb\",\"itemListElement\":[{\"@type\":\"ListItem\",\"position\":1,\"name\":\"Inicio\",\"item\":\"https:\/\/compuviper.mx\/tienda\/\"},{\"@type\":\"ListItem\",\"position\":2,\"name\":\"Productos\",\"item\":\"https:\/\/compuviper.mx\/tienda\/productos\/\"},{\"@type\":\"ListItem\",\"position\":3,\"name\":\"Servidores\",\"item\":\"https:\/\/compuviper.mx\/tienda\/categoria-producto\/servidores-2\/\"},{\"@type\":\"ListItem\",\"position\":4,\"name\":\"Rack (dl)\",\"item\":\"https:\/\/compuviper.mx\/tienda\/categoria-producto\/servidores-2\/rack-dl\/\"},{\"@type\":\"ListItem\",\"position\":5,\"name\":\"Hewlett Packard Enterprise P39265-b21 Servidor Hpe Proliant Dl345 Gen10 7232p 1p 32g P408i-a 500w 8lff, Amd Epyc 7232p 8 Nucleos,3,1 Ghz 32 Mb 120 W\"}]},{\"@type\":\"WebSite\",\"@id\":\"https:\/\/compuviper.mx\/tienda\/#website\",\"url\":\"https:\/\/compuviper.mx\/tienda\/\",\"name\":\"Compuviper\",\"description\":\"Proveedor de Computadoras, Laptops, Servidores, Monitores, Puntos de Venta, Teclados,   Impresoras, T\u00f3ner, C\u00e1maras de Seguridad y m\u00e1s en tu tienda en l\u00ednea\",\"publisher\":{\"@id\":\"https:\/\/compuviper.mx\/tienda\/#organization\"},\"potentialAction\":[{\"@type\":\"SearchAction\",\"target\":{\"@type\":\"EntryPoint\",\"urlTemplate\":\"https:\/\/compuviper.mx\/tienda\/?s={search_term_string}\"},\"query-input\":\"required name=search_term_string\"}],\"inLanguage\":\"es-MX\"},{\"@type\":\"Organization\",\"@id\":\"https:\/\/compuviper.mx\/tienda\/#organization\",\"name\":\"Compuviper\",\"url\":\"https:\/\/compuviper.mx\/tienda\/\",\"logo\":{\"@type\":\"ImageObject\",\"inLanguage\":\"es-MX\",\"@id\":\"https:\/\/compuviper.mx\/tienda\/#\/schema\/logo\/image\/\",\"url\":\"https:\/\/compuviper.mx\/tienda\/wp-content\/uploads\/2021\/08\/Logo-Compuviper-10.png\",\"contentUrl\":\"https:\/\/compuviper.mx\/tienda\/wp-content\/uploads\/2021\/08\/Logo-Compuviper-10.png\",\"width\":1000,\"height\":500,\"caption\":\"Compuviper\"},\"image\":{\"@id\":\"https:\/\/compuviper.mx\/tienda\/#\/schema\/logo\/image\/\"},\"sameAs\":[\"https:\/\/www.facebook.com\/compuviper\",\"https:\/\/www.youtube.com\/channel\/UCf73dERp9Y3cfOq7q8BhLjA?view_as=subscriber\"]}]}<\/script>\n<meta property=\"product:brand\" content=\"HEWLETT PACKARD ENTERPRISE\" \/>\n<meta property=\"product:price:amount\" content=\"70245\" \/>\n<meta property=\"product:price:currency\" content=\"MXN\" \/>\n<meta property=\"og:availability\" content=\"out of stock\" \/>\n<meta property=\"product:availability\" content=\"out of stock\" \/>\n<meta property=\"product:retailer_item_id\" content=\"P39265-B21\" \/>\n<meta property=\"product:condition\" content=\"new\" \/>\n<!-- \/ Yoast SEO plugin. -->","yoast_head_json":{"title":"[ Hewlett Packard Enterprise ] &#129351; P39265-b21 Servidor Hpe Proliant Dl345 Gen10 7232p 1p 32g P408i-a 500w 8lff, Amd Epyc 7232p 8 Nucleos,3,1 Ghz 32 Mb 120 W","description":"Compra P39265-b21 Servidor Hpe Proliant Dl345 Gen10 7232p 1p 32g P408i-a 500w 8lff, Amd Epyc 7232p 8 Nucleos,3,1 Ghz 32 Mb 120 W + Env\u00edo a domicilio + Pago seguro + Garant\u00eda","robots":{"index":"index","follow":"follow","max-snippet":"max-snippet:-1","max-image-preview":"max-image-preview:large","max-video-preview":"max-video-preview:-1"},"canonical":"https:\/\/compuviper.mx\/tienda\/producto\/hewlett-packard-enterprise-p39265-b21-servidor-hpe-proliant-dl345-gen10-7232p-1p-32g-p408i-a-500w-8lff-amd-epyc-7232p-8-nucleos31-ghz-32-mb-120-w\/","og_locale":"es_MX","og_type":"article","og_title":"[ Hewlett Packard Enterprise ] &#129351; P39265-b21 Servidor Hpe Proliant Dl345 Gen10 7232p 1p 32g P408i-a 500w 8lff, Amd Epyc 7232p 8 Nucleos,3,1 Ghz 32 Mb 120 W","og_description":"Compra P39265-b21 Servidor Hpe Proliant Dl345 Gen10 7232p 1p 32g P408i-a 500w 8lff, Amd Epyc 7232p 8 Nucleos,3,1 Ghz 32 Mb 120 W + Env\u00edo a domicilio + Pago seguro + Garant\u00eda","og_url":"https:\/\/compuviper.mx\/tienda\/producto\/hewlett-packard-enterprise-p39265-b21-servidor-hpe-proliant-dl345-gen10-7232p-1p-32g-p408i-a-500w-8lff-amd-epyc-7232p-8-nucleos31-ghz-32-mb-120-w\/","og_site_name":"Compuviper","article_publisher":"https:\/\/www.facebook.com\/compuviper","og_image":[{"width":200,"height":200,"url":"https:\/\/compuviper.mx\/tienda\/wp-content\/uploads\/2023\/12\/Servidor-hpe-proliant-dl345-gen10-7232p-1p-32g-p408i-a-500w-8lff-amd-epyc-7232p-8-nucleos31-ghz-32-mb-120-w.jpg","type":"image\/jpeg"}],"twitter_card":"summary_large_image","twitter_misc":{"Precio":"&#36;70,245 con IVA","Availability":"Out of stock"},"schema":{"@context":"https:\/\/schema.org","@graph":[{"@type":"WebPage","@id":"https:\/\/compuviper.mx\/tienda\/producto\/hewlett-packard-enterprise-p39265-b21-servidor-hpe-proliant-dl345-gen10-7232p-1p-32g-p408i-a-500w-8lff-amd-epyc-7232p-8-nucleos31-ghz-32-mb-120-w\/","url":"https:\/\/compuviper.mx\/tienda\/producto\/hewlett-packard-enterprise-p39265-b21-servidor-hpe-proliant-dl345-gen10-7232p-1p-32g-p408i-a-500w-8lff-amd-epyc-7232p-8-nucleos31-ghz-32-mb-120-w\/","name":"[ Hewlett Packard Enterprise ] &#129351; P39265-b21 Servidor Hpe Proliant Dl345 Gen10 7232p 1p 32g P408i-a 500w 8lff, Amd Epyc 7232p 8 Nucleos,3,1 Ghz 32 Mb 120 W","isPartOf":{"@id":"https:\/\/compuviper.mx\/tienda\/#website"},"datePublished":"2026-04-11T07:59:05+00:00","dateModified":"2026-04-11T07:59:05+00:00","description":"Compra P39265-b21 Servidor Hpe Proliant Dl345 Gen10 7232p 1p 32g P408i-a 500w 8lff, Amd Epyc 7232p 8 Nucleos,3,1 Ghz 32 Mb 120 W + Env\u00edo a domicilio + Pago seguro + Garant\u00eda","breadcrumb":{"@id":"https:\/\/compuviper.mx\/tienda\/producto\/hewlett-packard-enterprise-p39265-b21-servidor-hpe-proliant-dl345-gen10-7232p-1p-32g-p408i-a-500w-8lff-amd-epyc-7232p-8-nucleos31-ghz-32-mb-120-w\/#breadcrumb"},"inLanguage":"es-MX","potentialAction":[{"@type":"ReadAction","target":["https:\/\/compuviper.mx\/tienda\/producto\/hewlett-packard-enterprise-p39265-b21-servidor-hpe-proliant-dl345-gen10-7232p-1p-32g-p408i-a-500w-8lff-amd-epyc-7232p-8-nucleos31-ghz-32-mb-120-w\/"]}]},{"@type":"BreadcrumbList","@id":"https:\/\/compuviper.mx\/tienda\/producto\/hewlett-packard-enterprise-p39265-b21-servidor-hpe-proliant-dl345-gen10-7232p-1p-32g-p408i-a-500w-8lff-amd-epyc-7232p-8-nucleos31-ghz-32-mb-120-w\/#breadcrumb","itemListElement":[{"@type":"ListItem","position":1,"name":"Inicio","item":"https:\/\/compuviper.mx\/tienda\/"},{"@type":"ListItem","position":2,"name":"Productos","item":"https:\/\/compuviper.mx\/tienda\/productos\/"},{"@type":"ListItem","position":3,"name":"Servidores","item":"https:\/\/compuviper.mx\/tienda\/categoria-producto\/servidores-2\/"},{"@type":"ListItem","position":4,"name":"Rack (dl)","item":"https:\/\/compuviper.mx\/tienda\/categoria-producto\/servidores-2\/rack-dl\/"},{"@type":"ListItem","position":5,"name":"Hewlett Packard Enterprise P39265-b21 Servidor Hpe Proliant Dl345 Gen10 7232p 1p 32g P408i-a 500w 8lff, Amd Epyc 7232p 8 Nucleos,3,1 Ghz 32 Mb 120 W"}]},{"@type":"WebSite","@id":"https:\/\/compuviper.mx\/tienda\/#website","url":"https:\/\/compuviper.mx\/tienda\/","name":"Compuviper","description":"Proveedor de Computadoras, Laptops, Servidores, Monitores, Puntos de Venta, Teclados,   Impresoras, T\u00f3ner, C\u00e1maras de Seguridad y m\u00e1s en tu tienda en l\u00ednea","publisher":{"@id":"https:\/\/compuviper.mx\/tienda\/#organization"},"potentialAction":[{"@type":"SearchAction","target":{"@type":"EntryPoint","urlTemplate":"https:\/\/compuviper.mx\/tienda\/?s={search_term_string}"},"query-input":"required name=search_term_string"}],"inLanguage":"es-MX"},{"@type":"Organization","@id":"https:\/\/compuviper.mx\/tienda\/#organization","name":"Compuviper","url":"https:\/\/compuviper.mx\/tienda\/","logo":{"@type":"ImageObject","inLanguage":"es-MX","@id":"https:\/\/compuviper.mx\/tienda\/#\/schema\/logo\/image\/","url":"https:\/\/compuviper.mx\/tienda\/wp-content\/uploads\/2021\/08\/Logo-Compuviper-10.png","contentUrl":"https:\/\/compuviper.mx\/tienda\/wp-content\/uploads\/2021\/08\/Logo-Compuviper-10.png","width":1000,"height":500,"caption":"Compuviper"},"image":{"@id":"https:\/\/compuviper.mx\/tienda\/#\/schema\/logo\/image\/"},"sameAs":["https:\/\/www.facebook.com\/compuviper","https:\/\/www.youtube.com\/channel\/UCf73dERp9Y3cfOq7q8BhLjA?view_as=subscriber"]}]},"product_brand":"HEWLETT PACKARD ENTERPRISE","product_price_amount":"70245","product_price_currency":"MXN","og_availability":"out of stock","product_availability":"out of stock","product_retailer_item_id":"P39265-B21","product_condition":"new"},"_links":{"self":[{"href":"https:\/\/compuviper.mx\/tienda\/wp-json\/wp\/v2\/product\/225330"}],"collection":[{"href":"https:\/\/compuviper.mx\/tienda\/wp-json\/wp\/v2\/product"}],"about":[{"href":"https:\/\/compuviper.mx\/tienda\/wp-json\/wp\/v2\/types\/product"}],"replies":[{"embeddable":true,"href":"https:\/\/compuviper.mx\/tienda\/wp-json\/wp\/v2\/comments?post=225330"}],"wp:featuredmedia":[{"embeddable":true,"href":"https:\/\/compuviper.mx\/tienda\/wp-json\/wp\/v2\/media\/225331"}],"wp:attachment":[{"href":"https:\/\/compuviper.mx\/tienda\/wp-json\/wp\/v2\/media?parent=225330"}],"wp:term":[{"taxonomy":"product_cat","embeddable":true,"href":"https:\/\/compuviper.mx\/tienda\/wp-json\/wp\/v2\/product_cat?post=225330"},{"taxonomy":"product_tag","embeddable":true,"href":"https:\/\/compuviper.mx\/tienda\/wp-json\/wp\/v2\/product_tag?post=225330"}],"curies":[{"name":"wp","href":"https:\/\/api.w.org\/{rel}","templated":true}]}}