{"id":225328,"date":"2026-05-14T02:08:18","date_gmt":"2026-05-14T08:08:18","guid":{"rendered":"https:\/\/compuviper.mx\/tienda\/producto\/hewlett-packard-enterprise-p40400-b21-servidor-hpe-proliant-dl360-gen10-6248-25-ghz-20-ncleos-2p-64-gb-r-p408i-a-nc-8-factor-de-forma-reducido-fuente-redundante-de-800-w\/"},"modified":"2026-05-14T02:08:19","modified_gmt":"2026-05-14T08:08:19","slug":"hewlett-packard-enterprise-p40400-b21-servidor-hpe-proliant-dl360-gen10-6248-25-ghz-20-ncleos-2p-64-gb-r-p408i-a-nc-8-factor-de-forma-reducido-fuente-redundante-de-800-w","status":"publish","type":"product","link":"https:\/\/compuviper.mx\/tienda\/producto\/hewlett-packard-enterprise-p40400-b21-servidor-hpe-proliant-dl360-gen10-6248-25-ghz-20-ncleos-2p-64-gb-r-p408i-a-nc-8-factor-de-forma-reducido-fuente-redundante-de-800-w\/","title":{"rendered":"Hewlett Packard Enterprise P40400-b21 Servidor Hpe Proliant Dl360 Gen10 6248 2,5 Ghz 20 N?cleos 2p 64 Gb-r P408i-a Nc 8 Factor De Forma Reducido Fuente Redundante De 800 W"},"content":{"rendered":"<table class=\"descripcion\">\n<tr>\n<td>Procesador<\/td>\n<\/tr>\n<tr>\n<td>Intel\u00ae xeon\u00ae scalable 6248 (20 n\u00facleos, 2,5 ghz, 150 w)<\/td>\n<\/tr>\n<tr>\n<td>N\u00famero de procesadores<\/td>\n<\/tr>\n<tr>\n<td>2, m\u00e1ximo seg\u00fan modelo<\/td>\n<\/tr>\n<tr>\n<td>N\u00facleo de procesador disponible<\/td>\n<\/tr>\n<tr>\n<td>20 n\u00facleos<\/td>\n<\/tr>\n<tr>\n<td>Cach\u00e9 de procesador<\/td>\n<\/tr>\n<tr>\n<td>27,5 mb l3<\/td>\n<\/tr>\n<tr>\n<td>Velocidad del procesador<\/td>\n<\/tr>\n<tr>\n<td>2,5 ghz<\/td>\n<\/tr>\n<tr>\n<td>Tipo de fuente de alimentaci\u00f3n<\/td>\n<\/tr>\n<tr>\n<td>2 fuentes de alimentaci\u00f3n de conexi\u00f3n en caliente platinum con ranura flexible de 800 w hpe<\/td>\n<\/tr>\n<tr>\n<td>Ranuras de expansi\u00f3n<\/td>\n<\/tr>\n<tr>\n<td>3 pcie 3.0, para obtener una descripci\u00f3n detallada, consulte las quickspecs<\/td>\n<\/tr>\n<tr>\n<td>Memoria, est\u00e1ndar<\/td>\n<\/tr>\n<tr>\n<td>Rdimm de 64 gb (2 x 32 gb)<\/td>\n<\/tr>\n<tr>\n<td>Tipo de memoria<\/td>\n<\/tr>\n<tr>\n<td>Hpe ddr4 smartmemory<\/td>\n<\/tr>\n<tr>\n<td>Unidades de disco duro incluidas<\/td>\n<\/tr>\n<tr>\n<td>No incluido de serie, 8 unidades sff admitidas<\/td>\n<\/tr>\n<tr>\n<td>Tipo de unidad \u00f3ptica<\/td>\n<\/tr>\n<tr>\n<td>Ninguna incluida<\/td>\n<\/tr>\n<tr>\n<td>Caracter\u00edsticas de los ventiladores del sistema<\/td>\n<\/tr>\n<tr>\n<td>7 ventiladores hot-plug de un rotor<\/td>\n<\/tr>\n<tr>\n<td>Controlador de red<\/td>\n<\/tr>\n<tr>\n<td>Adaptador ethernet hpe 10\/25 gb 2 puertos flr-sfp28 bcm57414<\/td>\n<\/tr>\n<tr>\n<td>Controlador de almacenamiento<\/td>\n<\/tr>\n<tr>\n<td>Hpe smart array p408i-a\/2 gb m\u00e1s bater\u00eda de almacenamiento inteligente<\/td>\n<\/tr>\n<tr>\n<td>Dimensiones m\u00ednimas (alto x ancho x fondo)<\/td>\n<\/tr>\n<tr>\n<td>\u0095 4,29 x 43,46 x 70,7 cm<\/td>\n<\/tr>\n<tr>\n<td>\u0095 1.69 x 17.11 x 27.83 in<\/td>\n<\/tr>\n<tr>\n<td>Peso<\/td>\n<\/tr>\n<tr>\n<td>\u0095 13,04 kg m\u00ednimo, 16,27 kg m\u00e1ximo<\/td>\n<\/tr>\n<tr>\n<td>\u0095 28.74 lb minimum, 35.86 lb maximum<\/td>\n<\/tr>\n<\/table>\n","protected":false},"excerpt":{"rendered":"<p>\u0095 el servidor hpe proliant dl360 gen10 es compatible con la tecnolog\u00eda est\u00e1ndar del sector aprovechando el procesador escalable intel xeon con hasta 28 n\u00facleos, sas de 12 g y 3 tb de hpe ddr4 smartmemory de 2933 mt\/s. \u0095 compatible con la segunda generaci\u00f3n de la familia de procesadores escalables intel\u00ae xeon\u00ae con hasta un 11 % de aumento del rendimiento por n\u00facleo [4] en comparaci\u00f3n con la primera generaci\u00f3n y con velocidades de memoria de hasta 2933 mt\/s. \u0095 la memoria persistente hpe funciona con dram para proporcionar memoria r\u00e1pida, de gran capacidad y rentable, junto con almacenamiento para transformar el an\u00e1lisis y las cargas de trabajo de big data al permitir que los datos se almacenen, muevan y procesen r\u00e1pidamente. [6. \u0095 consiga una mayor capacidad con las configuraciones flexibles de las unidades con hasta 10 unidades sff y cuatro lff, junto con la opci\u00f3n de admitir hasta 10 unidades ssd nvme pcie, que ofrecen rendimiento, capacidad y fiabilidad mejorados para satisfacer varios segmentos de clientes y requisitos de carga de trabajo sin salirse del presupuesto. \u0095 el servidor hpe proliant dl360 gen10 ofrece hasta 192 gb por sistema, es compatible con hasta 12 nvdimm por chasis y tiene el doble de la capacidad de la primera generaci\u00f3n de nvdimm hpe. [7]<\/p>\n","protected":false},"featured_media":225329,"comment_status":"open","ping_status":"open","template":"","meta":[],"product_cat":[1808,1809],"product_tag":[1568],"acf":[],"yoast_head":"<!-- This site is optimized with the Yoast SEO plugin v21.7 - https:\/\/yoast.com\/wordpress\/plugins\/seo\/ -->\n<title>[ Hewlett Packard Enterprise ] &#129351; P40400-b21 Servidor Hpe Proliant Dl360 Gen10 6248 2,5 Ghz 20 N\u00facleos 2p 64 Gb-r P408i-a Nc 8 Factor De Forma Reducido Fuente Redundante De 800 W<\/title>\n<meta name=\"description\" content=\"Compra P40400-b21 Servidor Hpe Proliant Dl360 Gen10 6248 2,5 Ghz 20 N\u00facleos 2p 64 Gb-r P408i-a Nc 8 Factor De Forma Reducido Fuente Redundante De 800 W + Env\u00edo a domicilio + Pago seguro + Garant\u00eda\" \/>\n<meta name=\"robots\" content=\"index, follow, max-snippet:-1, max-image-preview:large, max-video-preview:-1\" \/>\n<link rel=\"canonical\" href=\"https:\/\/compuviper.mx\/tienda\/producto\/hewlett-packard-enterprise-p40400-b21-servidor-hpe-proliant-dl360-gen10-6248-25-ghz-20-ncleos-2p-64-gb-r-p408i-a-nc-8-factor-de-forma-reducido-fuente-redundante-de-800-w\/\" \/>\n<meta property=\"og:locale\" content=\"es_MX\" \/>\n<meta property=\"og:type\" content=\"article\" \/>\n<meta property=\"og:title\" content=\"[ Hewlett Packard Enterprise ] &#129351; P40400-b21 Servidor Hpe Proliant Dl360 Gen10 6248 2,5 Ghz 20 N\u00facleos 2p 64 Gb-r P408i-a Nc 8 Factor De Forma Reducido Fuente Redundante De 800 W\" \/>\n<meta property=\"og:description\" content=\"Compra P40400-b21 Servidor Hpe Proliant Dl360 Gen10 6248 2,5 Ghz 20 N\u00facleos 2p 64 Gb-r P408i-a Nc 8 Factor De Forma Reducido Fuente Redundante De 800 W + Env\u00edo a domicilio + Pago seguro + Garant\u00eda\" \/>\n<meta property=\"og:url\" content=\"https:\/\/compuviper.mx\/tienda\/producto\/hewlett-packard-enterprise-p40400-b21-servidor-hpe-proliant-dl360-gen10-6248-25-ghz-20-ncleos-2p-64-gb-r-p408i-a-nc-8-factor-de-forma-reducido-fuente-redundante-de-800-w\/\" \/>\n<meta property=\"og:site_name\" content=\"Compuviper\" \/>\n<meta property=\"article:publisher\" content=\"https:\/\/www.facebook.com\/compuviper\" \/>\n<meta property=\"article:modified_time\" content=\"2026-05-14T08:08:19+00:00\" \/>\n<meta property=\"og:image\" content=\"https:\/\/compuviper.mx\/tienda\/wp-content\/uploads\/2023\/12\/Servidor-hpe-proliant-dl360-gen10-6248-25-ghz-20-nucleos-2p-64-gb-r-p408i-a-nc-8-factor-de-forma-reducido-fuente-redundante-de-800-w.jpg\" \/>\n\t<meta property=\"og:image:width\" content=\"200\" \/>\n\t<meta property=\"og:image:height\" content=\"200\" \/>\n\t<meta property=\"og:image:type\" content=\"image\/jpeg\" \/>\n<meta name=\"twitter:card\" content=\"summary_large_image\" \/>\n<meta name=\"twitter:label1\" content=\"Precio\" \/>\n\t<meta name=\"twitter:data1\" content=\"&#36;361,910 con IVA\" \/>\n\t<meta name=\"twitter:label2\" content=\"Availability\" \/>\n\t<meta name=\"twitter:data2\" content=\"On backorder\" \/>\n<script type=\"application\/ld+json\" class=\"yoast-schema-graph\">{\"@context\":\"https:\/\/schema.org\",\"@graph\":[{\"@type\":\"WebPage\",\"@id\":\"https:\/\/compuviper.mx\/tienda\/producto\/hewlett-packard-enterprise-p40400-b21-servidor-hpe-proliant-dl360-gen10-6248-25-ghz-20-ncleos-2p-64-gb-r-p408i-a-nc-8-factor-de-forma-reducido-fuente-redundante-de-800-w\/\",\"url\":\"https:\/\/compuviper.mx\/tienda\/producto\/hewlett-packard-enterprise-p40400-b21-servidor-hpe-proliant-dl360-gen10-6248-25-ghz-20-ncleos-2p-64-gb-r-p408i-a-nc-8-factor-de-forma-reducido-fuente-redundante-de-800-w\/\",\"name\":\"[ Hewlett Packard Enterprise ] &#129351; P40400-b21 Servidor Hpe Proliant Dl360 Gen10 6248 2,5 Ghz 20 N\u00facleos 2p 64 Gb-r P408i-a Nc 8 Factor De Forma Reducido Fuente Redundante De 800 W\",\"isPartOf\":{\"@id\":\"https:\/\/compuviper.mx\/tienda\/#website\"},\"datePublished\":\"2026-05-14T08:08:18+00:00\",\"dateModified\":\"2026-05-14T08:08:19+00:00\",\"description\":\"Compra P40400-b21 Servidor Hpe Proliant Dl360 Gen10 6248 2,5 Ghz 20 N\u00facleos 2p 64 Gb-r P408i-a Nc 8 Factor De Forma Reducido Fuente Redundante De 800 W + Env\u00edo a domicilio + Pago seguro + Garant\u00eda\",\"breadcrumb\":{\"@id\":\"https:\/\/compuviper.mx\/tienda\/producto\/hewlett-packard-enterprise-p40400-b21-servidor-hpe-proliant-dl360-gen10-6248-25-ghz-20-ncleos-2p-64-gb-r-p408i-a-nc-8-factor-de-forma-reducido-fuente-redundante-de-800-w\/#breadcrumb\"},\"inLanguage\":\"es-MX\",\"potentialAction\":[{\"@type\":\"ReadAction\",\"target\":[\"https:\/\/compuviper.mx\/tienda\/producto\/hewlett-packard-enterprise-p40400-b21-servidor-hpe-proliant-dl360-gen10-6248-25-ghz-20-ncleos-2p-64-gb-r-p408i-a-nc-8-factor-de-forma-reducido-fuente-redundante-de-800-w\/\"]}]},{\"@type\":\"BreadcrumbList\",\"@id\":\"https:\/\/compuviper.mx\/tienda\/producto\/hewlett-packard-enterprise-p40400-b21-servidor-hpe-proliant-dl360-gen10-6248-25-ghz-20-ncleos-2p-64-gb-r-p408i-a-nc-8-factor-de-forma-reducido-fuente-redundante-de-800-w\/#breadcrumb\",\"itemListElement\":[{\"@type\":\"ListItem\",\"position\":1,\"name\":\"Inicio\",\"item\":\"https:\/\/compuviper.mx\/tienda\/\"},{\"@type\":\"ListItem\",\"position\":2,\"name\":\"Productos\",\"item\":\"https:\/\/compuviper.mx\/tienda\/productos\/\"},{\"@type\":\"ListItem\",\"position\":3,\"name\":\"Servidores\",\"item\":\"https:\/\/compuviper.mx\/tienda\/categoria-producto\/servidores-2\/\"},{\"@type\":\"ListItem\",\"position\":4,\"name\":\"Rack (dl)\",\"item\":\"https:\/\/compuviper.mx\/tienda\/categoria-producto\/servidores-2\/rack-dl\/\"},{\"@type\":\"ListItem\",\"position\":5,\"name\":\"Hewlett Packard Enterprise P40400-b21 Servidor Hpe Proliant Dl360 Gen10 6248 2,5 Ghz 20 N?cleos 2p 64 Gb-r P408i-a Nc 8 Factor De Forma Reducido Fuente Redundante De 800 W\"}]},{\"@type\":\"WebSite\",\"@id\":\"https:\/\/compuviper.mx\/tienda\/#website\",\"url\":\"https:\/\/compuviper.mx\/tienda\/\",\"name\":\"Compuviper\",\"description\":\"Proveedor de Computadoras, Laptops, Servidores, Monitores, Puntos de Venta, Teclados,   Impresoras, T\u00f3ner, C\u00e1maras de Seguridad y m\u00e1s en tu tienda en l\u00ednea\",\"publisher\":{\"@id\":\"https:\/\/compuviper.mx\/tienda\/#organization\"},\"potentialAction\":[{\"@type\":\"SearchAction\",\"target\":{\"@type\":\"EntryPoint\",\"urlTemplate\":\"https:\/\/compuviper.mx\/tienda\/?s={search_term_string}\"},\"query-input\":\"required name=search_term_string\"}],\"inLanguage\":\"es-MX\"},{\"@type\":\"Organization\",\"@id\":\"https:\/\/compuviper.mx\/tienda\/#organization\",\"name\":\"Compuviper\",\"url\":\"https:\/\/compuviper.mx\/tienda\/\",\"logo\":{\"@type\":\"ImageObject\",\"inLanguage\":\"es-MX\",\"@id\":\"https:\/\/compuviper.mx\/tienda\/#\/schema\/logo\/image\/\",\"url\":\"https:\/\/compuviper.mx\/tienda\/wp-content\/uploads\/2021\/08\/Logo-Compuviper-10.png\",\"contentUrl\":\"https:\/\/compuviper.mx\/tienda\/wp-content\/uploads\/2021\/08\/Logo-Compuviper-10.png\",\"width\":1000,\"height\":500,\"caption\":\"Compuviper\"},\"image\":{\"@id\":\"https:\/\/compuviper.mx\/tienda\/#\/schema\/logo\/image\/\"},\"sameAs\":[\"https:\/\/www.facebook.com\/compuviper\",\"https:\/\/www.youtube.com\/channel\/UCf73dERp9Y3cfOq7q8BhLjA?view_as=subscriber\"]}]}<\/script>\n<meta property=\"product:brand\" content=\"HEWLETT PACKARD ENTERPRISE\" \/>\n<meta property=\"product:price:amount\" content=\"361910\" \/>\n<meta property=\"product:price:currency\" content=\"MXN\" \/>\n<meta property=\"og:availability\" content=\"backorder\" \/>\n<meta property=\"product:availability\" content=\"available for order\" \/>\n<meta property=\"product:retailer_item_id\" content=\"P40400-B21\" \/>\n<meta property=\"product:condition\" content=\"new\" \/>\n<!-- \/ Yoast SEO plugin. -->","yoast_head_json":{"title":"[ Hewlett Packard Enterprise ] &#129351; P40400-b21 Servidor Hpe Proliant Dl360 Gen10 6248 2,5 Ghz 20 N\u00facleos 2p 64 Gb-r P408i-a Nc 8 Factor De Forma Reducido Fuente Redundante De 800 W","description":"Compra P40400-b21 Servidor Hpe Proliant Dl360 Gen10 6248 2,5 Ghz 20 N\u00facleos 2p 64 Gb-r P408i-a Nc 8 Factor De Forma Reducido Fuente Redundante De 800 W + Env\u00edo a domicilio + Pago seguro + Garant\u00eda","robots":{"index":"index","follow":"follow","max-snippet":"max-snippet:-1","max-image-preview":"max-image-preview:large","max-video-preview":"max-video-preview:-1"},"canonical":"https:\/\/compuviper.mx\/tienda\/producto\/hewlett-packard-enterprise-p40400-b21-servidor-hpe-proliant-dl360-gen10-6248-25-ghz-20-ncleos-2p-64-gb-r-p408i-a-nc-8-factor-de-forma-reducido-fuente-redundante-de-800-w\/","og_locale":"es_MX","og_type":"article","og_title":"[ Hewlett Packard Enterprise ] &#129351; P40400-b21 Servidor Hpe Proliant Dl360 Gen10 6248 2,5 Ghz 20 N\u00facleos 2p 64 Gb-r P408i-a Nc 8 Factor De Forma Reducido Fuente Redundante De 800 W","og_description":"Compra P40400-b21 Servidor Hpe Proliant Dl360 Gen10 6248 2,5 Ghz 20 N\u00facleos 2p 64 Gb-r P408i-a Nc 8 Factor De Forma Reducido Fuente Redundante De 800 W + Env\u00edo a domicilio + Pago seguro + Garant\u00eda","og_url":"https:\/\/compuviper.mx\/tienda\/producto\/hewlett-packard-enterprise-p40400-b21-servidor-hpe-proliant-dl360-gen10-6248-25-ghz-20-ncleos-2p-64-gb-r-p408i-a-nc-8-factor-de-forma-reducido-fuente-redundante-de-800-w\/","og_site_name":"Compuviper","article_publisher":"https:\/\/www.facebook.com\/compuviper","article_modified_time":"2026-05-14T08:08:19+00:00","og_image":[{"width":200,"height":200,"url":"https:\/\/compuviper.mx\/tienda\/wp-content\/uploads\/2023\/12\/Servidor-hpe-proliant-dl360-gen10-6248-25-ghz-20-nucleos-2p-64-gb-r-p408i-a-nc-8-factor-de-forma-reducido-fuente-redundante-de-800-w.jpg","type":"image\/jpeg"}],"twitter_card":"summary_large_image","twitter_misc":{"Precio":"&#36;361,910 con IVA","Availability":"On backorder"},"schema":{"@context":"https:\/\/schema.org","@graph":[{"@type":"WebPage","@id":"https:\/\/compuviper.mx\/tienda\/producto\/hewlett-packard-enterprise-p40400-b21-servidor-hpe-proliant-dl360-gen10-6248-25-ghz-20-ncleos-2p-64-gb-r-p408i-a-nc-8-factor-de-forma-reducido-fuente-redundante-de-800-w\/","url":"https:\/\/compuviper.mx\/tienda\/producto\/hewlett-packard-enterprise-p40400-b21-servidor-hpe-proliant-dl360-gen10-6248-25-ghz-20-ncleos-2p-64-gb-r-p408i-a-nc-8-factor-de-forma-reducido-fuente-redundante-de-800-w\/","name":"[ Hewlett Packard Enterprise ] &#129351; P40400-b21 Servidor Hpe Proliant Dl360 Gen10 6248 2,5 Ghz 20 N\u00facleos 2p 64 Gb-r P408i-a Nc 8 Factor De Forma Reducido Fuente Redundante De 800 W","isPartOf":{"@id":"https:\/\/compuviper.mx\/tienda\/#website"},"datePublished":"2026-05-14T08:08:18+00:00","dateModified":"2026-05-14T08:08:19+00:00","description":"Compra P40400-b21 Servidor Hpe Proliant Dl360 Gen10 6248 2,5 Ghz 20 N\u00facleos 2p 64 Gb-r P408i-a Nc 8 Factor De Forma Reducido Fuente Redundante De 800 W + Env\u00edo a domicilio + Pago seguro + Garant\u00eda","breadcrumb":{"@id":"https:\/\/compuviper.mx\/tienda\/producto\/hewlett-packard-enterprise-p40400-b21-servidor-hpe-proliant-dl360-gen10-6248-25-ghz-20-ncleos-2p-64-gb-r-p408i-a-nc-8-factor-de-forma-reducido-fuente-redundante-de-800-w\/#breadcrumb"},"inLanguage":"es-MX","potentialAction":[{"@type":"ReadAction","target":["https:\/\/compuviper.mx\/tienda\/producto\/hewlett-packard-enterprise-p40400-b21-servidor-hpe-proliant-dl360-gen10-6248-25-ghz-20-ncleos-2p-64-gb-r-p408i-a-nc-8-factor-de-forma-reducido-fuente-redundante-de-800-w\/"]}]},{"@type":"BreadcrumbList","@id":"https:\/\/compuviper.mx\/tienda\/producto\/hewlett-packard-enterprise-p40400-b21-servidor-hpe-proliant-dl360-gen10-6248-25-ghz-20-ncleos-2p-64-gb-r-p408i-a-nc-8-factor-de-forma-reducido-fuente-redundante-de-800-w\/#breadcrumb","itemListElement":[{"@type":"ListItem","position":1,"name":"Inicio","item":"https:\/\/compuviper.mx\/tienda\/"},{"@type":"ListItem","position":2,"name":"Productos","item":"https:\/\/compuviper.mx\/tienda\/productos\/"},{"@type":"ListItem","position":3,"name":"Servidores","item":"https:\/\/compuviper.mx\/tienda\/categoria-producto\/servidores-2\/"},{"@type":"ListItem","position":4,"name":"Rack (dl)","item":"https:\/\/compuviper.mx\/tienda\/categoria-producto\/servidores-2\/rack-dl\/"},{"@type":"ListItem","position":5,"name":"Hewlett Packard Enterprise P40400-b21 Servidor Hpe Proliant Dl360 Gen10 6248 2,5 Ghz 20 N?cleos 2p 64 Gb-r P408i-a Nc 8 Factor De Forma Reducido Fuente Redundante De 800 W"}]},{"@type":"WebSite","@id":"https:\/\/compuviper.mx\/tienda\/#website","url":"https:\/\/compuviper.mx\/tienda\/","name":"Compuviper","description":"Proveedor de Computadoras, Laptops, Servidores, Monitores, Puntos de Venta, Teclados,   Impresoras, T\u00f3ner, C\u00e1maras de Seguridad y m\u00e1s en tu tienda en l\u00ednea","publisher":{"@id":"https:\/\/compuviper.mx\/tienda\/#organization"},"potentialAction":[{"@type":"SearchAction","target":{"@type":"EntryPoint","urlTemplate":"https:\/\/compuviper.mx\/tienda\/?s={search_term_string}"},"query-input":"required name=search_term_string"}],"inLanguage":"es-MX"},{"@type":"Organization","@id":"https:\/\/compuviper.mx\/tienda\/#organization","name":"Compuviper","url":"https:\/\/compuviper.mx\/tienda\/","logo":{"@type":"ImageObject","inLanguage":"es-MX","@id":"https:\/\/compuviper.mx\/tienda\/#\/schema\/logo\/image\/","url":"https:\/\/compuviper.mx\/tienda\/wp-content\/uploads\/2021\/08\/Logo-Compuviper-10.png","contentUrl":"https:\/\/compuviper.mx\/tienda\/wp-content\/uploads\/2021\/08\/Logo-Compuviper-10.png","width":1000,"height":500,"caption":"Compuviper"},"image":{"@id":"https:\/\/compuviper.mx\/tienda\/#\/schema\/logo\/image\/"},"sameAs":["https:\/\/www.facebook.com\/compuviper","https:\/\/www.youtube.com\/channel\/UCf73dERp9Y3cfOq7q8BhLjA?view_as=subscriber"]}]},"product_brand":"HEWLETT PACKARD ENTERPRISE","product_price_amount":"361910","product_price_currency":"MXN","og_availability":"backorder","product_availability":"available for order","product_retailer_item_id":"P40400-B21","product_condition":"new"},"_links":{"self":[{"href":"https:\/\/compuviper.mx\/tienda\/wp-json\/wp\/v2\/product\/225328"}],"collection":[{"href":"https:\/\/compuviper.mx\/tienda\/wp-json\/wp\/v2\/product"}],"about":[{"href":"https:\/\/compuviper.mx\/tienda\/wp-json\/wp\/v2\/types\/product"}],"replies":[{"embeddable":true,"href":"https:\/\/compuviper.mx\/tienda\/wp-json\/wp\/v2\/comments?post=225328"}],"wp:featuredmedia":[{"embeddable":true,"href":"https:\/\/compuviper.mx\/tienda\/wp-json\/wp\/v2\/media\/225329"}],"wp:attachment":[{"href":"https:\/\/compuviper.mx\/tienda\/wp-json\/wp\/v2\/media?parent=225328"}],"wp:term":[{"taxonomy":"product_cat","embeddable":true,"href":"https:\/\/compuviper.mx\/tienda\/wp-json\/wp\/v2\/product_cat?post=225328"},{"taxonomy":"product_tag","embeddable":true,"href":"https:\/\/compuviper.mx\/tienda\/wp-json\/wp\/v2\/product_tag?post=225328"}],"curies":[{"name":"wp","href":"https:\/\/api.w.org\/{rel}","templated":true}]}}