{"id":225318,"date":"2026-04-11T01:59:02","date_gmt":"2026-04-11T07:59:02","guid":{"rendered":"https:\/\/compuviper.mx\/tienda\/producto\/hewlett-packard-enterprise-p37151-b21-servidor-hpe-proliant-dl180-gen10-intel-xeon-silver-4208-21-ghz-8-ncleos-1p-16-gb-r-p816i-a-12-factor-de-forma-grande-fuente-de-alimentacin-de-500-w\/"},"modified":"2026-04-11T01:59:02","modified_gmt":"2026-04-11T07:59:02","slug":"hewlett-packard-enterprise-p37151-b21-servidor-hpe-proliant-dl180-gen10-intel-xeon-silver-4208-21-ghz-8-ncleos-1p-16-gb-r-p816i-a-12-factor-de-forma-grande-fuente-de-alimentacin-de-500-w","status":"publish","type":"product","link":"https:\/\/compuviper.mx\/tienda\/producto\/hewlett-packard-enterprise-p37151-b21-servidor-hpe-proliant-dl180-gen10-intel-xeon-silver-4208-21-ghz-8-ncleos-1p-16-gb-r-p816i-a-12-factor-de-forma-grande-fuente-de-alimentacin-de-500-w\/","title":{"rendered":"Hewlett Packard Enterprise P37151-b21 Servidor Hpe Proliant Dl180 Gen10 Intel Xeon Silver 4208 2,1 Ghz 8 N?cleos 1p 16 Gb-r P816i-a 12 Factor De Forma Grande Fuente De Alimentaci?n De 500 W"},"content":{"rendered":"<table class=\"descripcion\">\n<tr>\n<td>N\u00facleo de procesador disponible<\/td>\n<\/tr>\n<tr>\n<td>De 4 a 26 n\u00facleos, seg\u00fan el procesador<\/td>\n<\/tr>\n<tr>\n<td>Cach\u00e9 de procesador<\/td>\n<\/tr>\n<tr>\n<td>De 8,25 a 35,75 mb l3, seg\u00fan el procesador<\/td>\n<\/tr>\n<tr>\n<td>Velocidad del procesador<\/td>\n<\/tr>\n<tr>\n<td>3,8 ghz, m\u00e1ximo seg\u00fan el procesador<\/td>\n<\/tr>\n<tr>\n<td>Tipo de fuente de alimentaci\u00f3n<\/td>\n<\/tr>\n<tr>\n<td>Hasta 2 fuentes de alimentaci\u00f3n hpe con ranura flexible<\/td>\n<\/tr>\n<tr>\n<td>Ranuras de expansi\u00f3n<\/td>\n<\/tr>\n<tr>\n<td>6, para descripciones detalladas consulta las quickspecs<\/td>\n<\/tr>\n<tr>\n<td>Tipo de memoria<\/td>\n<\/tr>\n<tr>\n<td>Hpe ddr4 smartmemory<\/td>\n<\/tr>\n<tr>\n<td>Unidades de disco duro incluidas<\/td>\n<\/tr>\n<tr>\n<td>No incluido de serie, admite 8-12 unidades lff y 8-24 unidades sff, opcional 2 unidades sff posteriores<\/td>\n<\/tr>\n<tr>\n<td>Tipo de unidad \u00f3ptica<\/td>\n<\/tr>\n<tr>\n<td>Opcional: dvd-rom o dvd-rw<\/td>\n<\/tr>\n<tr>\n<td>Controlador de red<\/td>\n<\/tr>\n<tr>\n<td>Adaptador ethernet hpe de 2 puertos de 1 gbe integrado y opcional hpe flexiblelom, m\u00f3dulo adaptador de soportes o tarjeta pcie vertical<\/td>\n<\/tr>\n<tr>\n<td>Controlador de almacenamiento<\/td>\n<\/tr>\n<tr>\n<td>Hpe smart array s100i, controlador hpe essential o raid de rendimiento, seg\u00fan el modelo<\/td>\n<\/tr>\n<tr>\n<td>Dimensiones m\u00ednimas (alto x ancho x fondo)<\/td>\n<\/tr>\n<tr>\n<td>\u0095 8,73 x 44,54 x 63,47 cm<\/td>\n<\/tr>\n<tr>\n<td>\u0095 3.44 x 17.54 x 24.99 in<\/td>\n<\/tr>\n<tr>\n<td>Peso<\/td>\n<\/tr>\n<tr>\n<td>\u0095 13 kg m\u00ednimo, 26 kg m\u00e1ximo<\/td>\n<\/tr>\n<tr>\n<td>\u0095 28.0 lb minimum, 58.0 lb maximum<\/td>\n<\/tr>\n<tr>\n<td>Administraci\u00f3n de infraestructura<\/td>\n<\/tr>\n<tr>\n<td>Hpe ilo standard con aprovisionamiento inteligente (integrado), hpe oneview standard (requiere descarga), opcional: hpe ilo advanced y hpe oneview advanced (requieren licencias)<\/td>\n<\/tr>\n<tr>\n<td>Garant\u00eda<\/td>\n<\/tr>\n<tr>\n<td>3\/3\/3: la garant\u00eda del servidor incluye 3 a\u00f1os para piezas, 3 a\u00f1os de mano de obra y 3 a\u00f1os de soporte in situ con respuesta al siguiente d\u00eda laborable.<\/td>\n<\/tr>\n<\/table>\n","protected":false},"excerpt":{"rendered":"<p>\u00bfmaximizar el alcance de tu negocio supone un reto porque la ti no mantiene el mismo ritmo de crecimiento que los datos? el seguro servidor hpe proliant dl180 gen10 ofrece escalabilidad, rendimiento y fiabilidad, lo que lo convierte en la plataforma ideal para empresas preparadas para ejecutar aplicaciones en la nube h\u00edbrida y local. Estas empresas necesitan la combinaci\u00f3n adecuada de computaci\u00f3n y almacenamiento, que les permitan alcanzar los objetivos m\u00e1s importantes.<\/p>\n","protected":false},"featured_media":225319,"comment_status":"open","ping_status":"open","template":"","meta":[],"product_cat":[1808,1809],"product_tag":[1568],"acf":[],"yoast_head":"<!-- This site is optimized with the Yoast SEO plugin v21.7 - https:\/\/yoast.com\/wordpress\/plugins\/seo\/ -->\n<title>[ Hewlett Packard Enterprise ] &#129351; P37151-b21 Servidor Hpe Proliant Dl180 Gen10 Intel Xeon Silver 4208 2,1 Ghz 8 N\u00facleos 1p 16 Gb-r P816i-a 12 Factor De Forma Grande Fuente De Alimentaci\u00f3n De 500 W<\/title>\n<meta name=\"description\" content=\"Compra P37151-b21 Servidor Hpe Proliant Dl180 Gen10 Intel Xeon Silver 4208 2,1 Ghz 8 N\u00facleos 1p 16 Gb-r P816i-a 12 Factor De Forma Grande Fuente De Alimentaci\u00f3n De 500 W + Env\u00edo a domicilio + Pago seguro + Garant\u00eda\" \/>\n<meta name=\"robots\" content=\"index, follow, max-snippet:-1, max-image-preview:large, max-video-preview:-1\" \/>\n<link rel=\"canonical\" href=\"https:\/\/compuviper.mx\/tienda\/producto\/hewlett-packard-enterprise-p37151-b21-servidor-hpe-proliant-dl180-gen10-intel-xeon-silver-4208-21-ghz-8-ncleos-1p-16-gb-r-p816i-a-12-factor-de-forma-grande-fuente-de-alimentacin-de-500-w\/\" \/>\n<meta property=\"og:locale\" content=\"es_MX\" \/>\n<meta property=\"og:type\" content=\"article\" \/>\n<meta property=\"og:title\" content=\"[ Hewlett Packard Enterprise ] &#129351; P37151-b21 Servidor Hpe Proliant Dl180 Gen10 Intel Xeon Silver 4208 2,1 Ghz 8 N\u00facleos 1p 16 Gb-r P816i-a 12 Factor De Forma Grande Fuente De Alimentaci\u00f3n De 500 W\" \/>\n<meta property=\"og:description\" content=\"Compra P37151-b21 Servidor Hpe Proliant Dl180 Gen10 Intel Xeon Silver 4208 2,1 Ghz 8 N\u00facleos 1p 16 Gb-r P816i-a 12 Factor De Forma Grande Fuente De Alimentaci\u00f3n De 500 W + Env\u00edo a domicilio + Pago seguro + Garant\u00eda\" \/>\n<meta property=\"og:url\" content=\"https:\/\/compuviper.mx\/tienda\/producto\/hewlett-packard-enterprise-p37151-b21-servidor-hpe-proliant-dl180-gen10-intel-xeon-silver-4208-21-ghz-8-ncleos-1p-16-gb-r-p816i-a-12-factor-de-forma-grande-fuente-de-alimentacin-de-500-w\/\" \/>\n<meta property=\"og:site_name\" content=\"Compuviper\" \/>\n<meta property=\"article:publisher\" content=\"https:\/\/www.facebook.com\/compuviper\" \/>\n<meta property=\"og:image\" content=\"https:\/\/compuviper.mx\/tienda\/wp-content\/uploads\/2023\/12\/Servidor-hpe-proliant-dl180-gen10-intel-xeon-silver-4208-21-ghz-8-nucleos-1p-16-gb-r-p816i-a-12-factor-de-forma-grande-fuente-de-alimentacion-de-500-w.jpg\" \/>\n\t<meta property=\"og:image:width\" content=\"200\" \/>\n\t<meta property=\"og:image:height\" content=\"200\" \/>\n\t<meta property=\"og:image:type\" content=\"image\/jpeg\" \/>\n<meta name=\"twitter:card\" content=\"summary_large_image\" \/>\n<meta name=\"twitter:label1\" content=\"Precio\" \/>\n\t<meta name=\"twitter:data1\" content=\"&#36;77,664 con IVA\" \/>\n\t<meta name=\"twitter:label2\" content=\"Availability\" \/>\n\t<meta name=\"twitter:data2\" content=\"Out of stock\" \/>\n<script type=\"application\/ld+json\" class=\"yoast-schema-graph\">{\"@context\":\"https:\/\/schema.org\",\"@graph\":[{\"@type\":\"WebPage\",\"@id\":\"https:\/\/compuviper.mx\/tienda\/producto\/hewlett-packard-enterprise-p37151-b21-servidor-hpe-proliant-dl180-gen10-intel-xeon-silver-4208-21-ghz-8-ncleos-1p-16-gb-r-p816i-a-12-factor-de-forma-grande-fuente-de-alimentacin-de-500-w\/\",\"url\":\"https:\/\/compuviper.mx\/tienda\/producto\/hewlett-packard-enterprise-p37151-b21-servidor-hpe-proliant-dl180-gen10-intel-xeon-silver-4208-21-ghz-8-ncleos-1p-16-gb-r-p816i-a-12-factor-de-forma-grande-fuente-de-alimentacin-de-500-w\/\",\"name\":\"[ Hewlett Packard Enterprise ] &#129351; P37151-b21 Servidor Hpe Proliant Dl180 Gen10 Intel Xeon Silver 4208 2,1 Ghz 8 N\u00facleos 1p 16 Gb-r P816i-a 12 Factor De Forma Grande Fuente De Alimentaci\u00f3n De 500 W\",\"isPartOf\":{\"@id\":\"https:\/\/compuviper.mx\/tienda\/#website\"},\"datePublished\":\"2026-04-11T07:59:02+00:00\",\"dateModified\":\"2026-04-11T07:59:02+00:00\",\"description\":\"Compra P37151-b21 Servidor Hpe Proliant Dl180 Gen10 Intel Xeon Silver 4208 2,1 Ghz 8 N\u00facleos 1p 16 Gb-r P816i-a 12 Factor De Forma Grande Fuente De Alimentaci\u00f3n De 500 W + Env\u00edo a domicilio + Pago seguro + Garant\u00eda\",\"breadcrumb\":{\"@id\":\"https:\/\/compuviper.mx\/tienda\/producto\/hewlett-packard-enterprise-p37151-b21-servidor-hpe-proliant-dl180-gen10-intel-xeon-silver-4208-21-ghz-8-ncleos-1p-16-gb-r-p816i-a-12-factor-de-forma-grande-fuente-de-alimentacin-de-500-w\/#breadcrumb\"},\"inLanguage\":\"es-MX\",\"potentialAction\":[{\"@type\":\"ReadAction\",\"target\":[\"https:\/\/compuviper.mx\/tienda\/producto\/hewlett-packard-enterprise-p37151-b21-servidor-hpe-proliant-dl180-gen10-intel-xeon-silver-4208-21-ghz-8-ncleos-1p-16-gb-r-p816i-a-12-factor-de-forma-grande-fuente-de-alimentacin-de-500-w\/\"]}]},{\"@type\":\"BreadcrumbList\",\"@id\":\"https:\/\/compuviper.mx\/tienda\/producto\/hewlett-packard-enterprise-p37151-b21-servidor-hpe-proliant-dl180-gen10-intel-xeon-silver-4208-21-ghz-8-ncleos-1p-16-gb-r-p816i-a-12-factor-de-forma-grande-fuente-de-alimentacin-de-500-w\/#breadcrumb\",\"itemListElement\":[{\"@type\":\"ListItem\",\"position\":1,\"name\":\"Inicio\",\"item\":\"https:\/\/compuviper.mx\/tienda\/\"},{\"@type\":\"ListItem\",\"position\":2,\"name\":\"Productos\",\"item\":\"https:\/\/compuviper.mx\/tienda\/productos\/\"},{\"@type\":\"ListItem\",\"position\":3,\"name\":\"Servidores\",\"item\":\"https:\/\/compuviper.mx\/tienda\/categoria-producto\/servidores-2\/\"},{\"@type\":\"ListItem\",\"position\":4,\"name\":\"Rack (dl)\",\"item\":\"https:\/\/compuviper.mx\/tienda\/categoria-producto\/servidores-2\/rack-dl\/\"},{\"@type\":\"ListItem\",\"position\":5,\"name\":\"Hewlett Packard Enterprise P37151-b21 Servidor Hpe Proliant Dl180 Gen10 Intel Xeon Silver 4208 2,1 Ghz 8 N?cleos 1p 16 Gb-r P816i-a 12 Factor De Forma Grande Fuente De Alimentaci?n De 500 W\"}]},{\"@type\":\"WebSite\",\"@id\":\"https:\/\/compuviper.mx\/tienda\/#website\",\"url\":\"https:\/\/compuviper.mx\/tienda\/\",\"name\":\"Compuviper\",\"description\":\"Proveedor de Computadoras, Laptops, Servidores, Monitores, Puntos de Venta, Teclados,   Impresoras, T\u00f3ner, C\u00e1maras de Seguridad y m\u00e1s en tu tienda en l\u00ednea\",\"publisher\":{\"@id\":\"https:\/\/compuviper.mx\/tienda\/#organization\"},\"potentialAction\":[{\"@type\":\"SearchAction\",\"target\":{\"@type\":\"EntryPoint\",\"urlTemplate\":\"https:\/\/compuviper.mx\/tienda\/?s={search_term_string}\"},\"query-input\":\"required name=search_term_string\"}],\"inLanguage\":\"es-MX\"},{\"@type\":\"Organization\",\"@id\":\"https:\/\/compuviper.mx\/tienda\/#organization\",\"name\":\"Compuviper\",\"url\":\"https:\/\/compuviper.mx\/tienda\/\",\"logo\":{\"@type\":\"ImageObject\",\"inLanguage\":\"es-MX\",\"@id\":\"https:\/\/compuviper.mx\/tienda\/#\/schema\/logo\/image\/\",\"url\":\"https:\/\/compuviper.mx\/tienda\/wp-content\/uploads\/2021\/08\/Logo-Compuviper-10.png\",\"contentUrl\":\"https:\/\/compuviper.mx\/tienda\/wp-content\/uploads\/2021\/08\/Logo-Compuviper-10.png\",\"width\":1000,\"height\":500,\"caption\":\"Compuviper\"},\"image\":{\"@id\":\"https:\/\/compuviper.mx\/tienda\/#\/schema\/logo\/image\/\"},\"sameAs\":[\"https:\/\/www.facebook.com\/compuviper\",\"https:\/\/www.youtube.com\/channel\/UCf73dERp9Y3cfOq7q8BhLjA?view_as=subscriber\"]}]}<\/script>\n<meta property=\"product:brand\" content=\"HEWLETT PACKARD ENTERPRISE\" \/>\n<meta property=\"product:price:amount\" content=\"77664\" \/>\n<meta property=\"product:price:currency\" content=\"MXN\" \/>\n<meta property=\"og:availability\" content=\"out of stock\" \/>\n<meta property=\"product:availability\" content=\"out of stock\" \/>\n<meta property=\"product:retailer_item_id\" content=\"P37151-B21\" \/>\n<meta property=\"product:condition\" content=\"new\" \/>\n<!-- \/ Yoast SEO plugin. -->","yoast_head_json":{"title":"[ Hewlett Packard Enterprise ] &#129351; P37151-b21 Servidor Hpe Proliant Dl180 Gen10 Intel Xeon Silver 4208 2,1 Ghz 8 N\u00facleos 1p 16 Gb-r P816i-a 12 Factor De Forma Grande Fuente De Alimentaci\u00f3n De 500 W","description":"Compra P37151-b21 Servidor Hpe Proliant Dl180 Gen10 Intel Xeon Silver 4208 2,1 Ghz 8 N\u00facleos 1p 16 Gb-r P816i-a 12 Factor De Forma Grande Fuente De Alimentaci\u00f3n De 500 W + Env\u00edo a domicilio + Pago seguro + Garant\u00eda","robots":{"index":"index","follow":"follow","max-snippet":"max-snippet:-1","max-image-preview":"max-image-preview:large","max-video-preview":"max-video-preview:-1"},"canonical":"https:\/\/compuviper.mx\/tienda\/producto\/hewlett-packard-enterprise-p37151-b21-servidor-hpe-proliant-dl180-gen10-intel-xeon-silver-4208-21-ghz-8-ncleos-1p-16-gb-r-p816i-a-12-factor-de-forma-grande-fuente-de-alimentacin-de-500-w\/","og_locale":"es_MX","og_type":"article","og_title":"[ Hewlett Packard Enterprise ] &#129351; P37151-b21 Servidor Hpe Proliant Dl180 Gen10 Intel Xeon Silver 4208 2,1 Ghz 8 N\u00facleos 1p 16 Gb-r P816i-a 12 Factor De Forma Grande Fuente De Alimentaci\u00f3n De 500 W","og_description":"Compra P37151-b21 Servidor Hpe Proliant Dl180 Gen10 Intel Xeon Silver 4208 2,1 Ghz 8 N\u00facleos 1p 16 Gb-r P816i-a 12 Factor De Forma Grande Fuente De Alimentaci\u00f3n De 500 W + Env\u00edo a domicilio + Pago seguro + Garant\u00eda","og_url":"https:\/\/compuviper.mx\/tienda\/producto\/hewlett-packard-enterprise-p37151-b21-servidor-hpe-proliant-dl180-gen10-intel-xeon-silver-4208-21-ghz-8-ncleos-1p-16-gb-r-p816i-a-12-factor-de-forma-grande-fuente-de-alimentacin-de-500-w\/","og_site_name":"Compuviper","article_publisher":"https:\/\/www.facebook.com\/compuviper","og_image":[{"width":200,"height":200,"url":"https:\/\/compuviper.mx\/tienda\/wp-content\/uploads\/2023\/12\/Servidor-hpe-proliant-dl180-gen10-intel-xeon-silver-4208-21-ghz-8-nucleos-1p-16-gb-r-p816i-a-12-factor-de-forma-grande-fuente-de-alimentacion-de-500-w.jpg","type":"image\/jpeg"}],"twitter_card":"summary_large_image","twitter_misc":{"Precio":"&#36;77,664 con IVA","Availability":"Out of stock"},"schema":{"@context":"https:\/\/schema.org","@graph":[{"@type":"WebPage","@id":"https:\/\/compuviper.mx\/tienda\/producto\/hewlett-packard-enterprise-p37151-b21-servidor-hpe-proliant-dl180-gen10-intel-xeon-silver-4208-21-ghz-8-ncleos-1p-16-gb-r-p816i-a-12-factor-de-forma-grande-fuente-de-alimentacin-de-500-w\/","url":"https:\/\/compuviper.mx\/tienda\/producto\/hewlett-packard-enterprise-p37151-b21-servidor-hpe-proliant-dl180-gen10-intel-xeon-silver-4208-21-ghz-8-ncleos-1p-16-gb-r-p816i-a-12-factor-de-forma-grande-fuente-de-alimentacin-de-500-w\/","name":"[ Hewlett Packard Enterprise ] &#129351; P37151-b21 Servidor Hpe Proliant Dl180 Gen10 Intel Xeon Silver 4208 2,1 Ghz 8 N\u00facleos 1p 16 Gb-r P816i-a 12 Factor De Forma Grande Fuente De Alimentaci\u00f3n De 500 W","isPartOf":{"@id":"https:\/\/compuviper.mx\/tienda\/#website"},"datePublished":"2026-04-11T07:59:02+00:00","dateModified":"2026-04-11T07:59:02+00:00","description":"Compra P37151-b21 Servidor Hpe Proliant Dl180 Gen10 Intel Xeon Silver 4208 2,1 Ghz 8 N\u00facleos 1p 16 Gb-r P816i-a 12 Factor De Forma Grande Fuente De Alimentaci\u00f3n De 500 W + Env\u00edo a domicilio + Pago seguro + Garant\u00eda","breadcrumb":{"@id":"https:\/\/compuviper.mx\/tienda\/producto\/hewlett-packard-enterprise-p37151-b21-servidor-hpe-proliant-dl180-gen10-intel-xeon-silver-4208-21-ghz-8-ncleos-1p-16-gb-r-p816i-a-12-factor-de-forma-grande-fuente-de-alimentacin-de-500-w\/#breadcrumb"},"inLanguage":"es-MX","potentialAction":[{"@type":"ReadAction","target":["https:\/\/compuviper.mx\/tienda\/producto\/hewlett-packard-enterprise-p37151-b21-servidor-hpe-proliant-dl180-gen10-intel-xeon-silver-4208-21-ghz-8-ncleos-1p-16-gb-r-p816i-a-12-factor-de-forma-grande-fuente-de-alimentacin-de-500-w\/"]}]},{"@type":"BreadcrumbList","@id":"https:\/\/compuviper.mx\/tienda\/producto\/hewlett-packard-enterprise-p37151-b21-servidor-hpe-proliant-dl180-gen10-intel-xeon-silver-4208-21-ghz-8-ncleos-1p-16-gb-r-p816i-a-12-factor-de-forma-grande-fuente-de-alimentacin-de-500-w\/#breadcrumb","itemListElement":[{"@type":"ListItem","position":1,"name":"Inicio","item":"https:\/\/compuviper.mx\/tienda\/"},{"@type":"ListItem","position":2,"name":"Productos","item":"https:\/\/compuviper.mx\/tienda\/productos\/"},{"@type":"ListItem","position":3,"name":"Servidores","item":"https:\/\/compuviper.mx\/tienda\/categoria-producto\/servidores-2\/"},{"@type":"ListItem","position":4,"name":"Rack (dl)","item":"https:\/\/compuviper.mx\/tienda\/categoria-producto\/servidores-2\/rack-dl\/"},{"@type":"ListItem","position":5,"name":"Hewlett Packard Enterprise P37151-b21 Servidor Hpe Proliant Dl180 Gen10 Intel Xeon Silver 4208 2,1 Ghz 8 N?cleos 1p 16 Gb-r P816i-a 12 Factor De Forma Grande Fuente De Alimentaci?n De 500 W"}]},{"@type":"WebSite","@id":"https:\/\/compuviper.mx\/tienda\/#website","url":"https:\/\/compuviper.mx\/tienda\/","name":"Compuviper","description":"Proveedor de Computadoras, Laptops, Servidores, Monitores, Puntos de Venta, Teclados,   Impresoras, T\u00f3ner, C\u00e1maras de Seguridad y m\u00e1s en tu tienda en l\u00ednea","publisher":{"@id":"https:\/\/compuviper.mx\/tienda\/#organization"},"potentialAction":[{"@type":"SearchAction","target":{"@type":"EntryPoint","urlTemplate":"https:\/\/compuviper.mx\/tienda\/?s={search_term_string}"},"query-input":"required name=search_term_string"}],"inLanguage":"es-MX"},{"@type":"Organization","@id":"https:\/\/compuviper.mx\/tienda\/#organization","name":"Compuviper","url":"https:\/\/compuviper.mx\/tienda\/","logo":{"@type":"ImageObject","inLanguage":"es-MX","@id":"https:\/\/compuviper.mx\/tienda\/#\/schema\/logo\/image\/","url":"https:\/\/compuviper.mx\/tienda\/wp-content\/uploads\/2021\/08\/Logo-Compuviper-10.png","contentUrl":"https:\/\/compuviper.mx\/tienda\/wp-content\/uploads\/2021\/08\/Logo-Compuviper-10.png","width":1000,"height":500,"caption":"Compuviper"},"image":{"@id":"https:\/\/compuviper.mx\/tienda\/#\/schema\/logo\/image\/"},"sameAs":["https:\/\/www.facebook.com\/compuviper","https:\/\/www.youtube.com\/channel\/UCf73dERp9Y3cfOq7q8BhLjA?view_as=subscriber"]}]},"product_brand":"HEWLETT PACKARD ENTERPRISE","product_price_amount":"77664","product_price_currency":"MXN","og_availability":"out of stock","product_availability":"out of stock","product_retailer_item_id":"P37151-B21","product_condition":"new"},"_links":{"self":[{"href":"https:\/\/compuviper.mx\/tienda\/wp-json\/wp\/v2\/product\/225318"}],"collection":[{"href":"https:\/\/compuviper.mx\/tienda\/wp-json\/wp\/v2\/product"}],"about":[{"href":"https:\/\/compuviper.mx\/tienda\/wp-json\/wp\/v2\/types\/product"}],"replies":[{"embeddable":true,"href":"https:\/\/compuviper.mx\/tienda\/wp-json\/wp\/v2\/comments?post=225318"}],"wp:featuredmedia":[{"embeddable":true,"href":"https:\/\/compuviper.mx\/tienda\/wp-json\/wp\/v2\/media\/225319"}],"wp:attachment":[{"href":"https:\/\/compuviper.mx\/tienda\/wp-json\/wp\/v2\/media?parent=225318"}],"wp:term":[{"taxonomy":"product_cat","embeddable":true,"href":"https:\/\/compuviper.mx\/tienda\/wp-json\/wp\/v2\/product_cat?post=225318"},{"taxonomy":"product_tag","embeddable":true,"href":"https:\/\/compuviper.mx\/tienda\/wp-json\/wp\/v2\/product_tag?post=225318"}],"curies":[{"name":"wp","href":"https:\/\/api.w.org\/{rel}","templated":true}]}}