{"id":225305,"date":"2026-04-11T01:58:58","date_gmt":"2026-04-11T07:58:58","guid":{"rendered":"https:\/\/compuviper.mx\/tienda\/producto\/hewlett-packard-enterprise-p20174-b21-servidor-hpe-proliant-dl380-gen10-intel-xeon-silver-4210-10-core-2-20ghz-14mb-32gb-1-x-32gb-ddr4-rdimm-8-x-hot-plug-2-5in-sff-smart-array-p408i-a-sr-no-o\/"},"modified":"2026-04-11T01:58:58","modified_gmt":"2026-04-11T07:58:58","slug":"hewlett-packard-enterprise-p20174-b21-servidor-hpe-proliant-dl380-gen10-intel-xeon-silver-4210-10-core-2-20ghz-14mb-32gb-1-x-32gb-ddr4-rdimm-8-x-hot-plug-2-5in-sff-smart-array-p408i-a-sr-no-o","status":"publish","type":"product","link":"https:\/\/compuviper.mx\/tienda\/producto\/hewlett-packard-enterprise-p20174-b21-servidor-hpe-proliant-dl380-gen10-intel-xeon-silver-4210-10-core-2-20ghz-14mb-32gb-1-x-32gb-ddr4-rdimm-8-x-hot-plug-2-5in-sff-smart-array-p408i-a-sr-no-o\/","title":{"rendered":"Hewlett Packard Enterprise P20174-b21 Servidor Hpe Proliant Dl380 Gen10, Intel Xeon Silver-4210 10-core (2.20ghz 14mb), 32gb (1 X 32gb) Ddr4 Rdimm, 8 X Hot Plug 2.5in Sff, Smart Array P408i-a Sr, No Optical, 500w, 3y Nbd"},"content":{"rendered":"<table class=\"descripcion\">\n<tr>\n<td>Formato: montaje en rack (2u)<\/td>\n<\/tr>\n<tr>\n<td>Procesador: 1 x hpe intel xeon-s 4210 10-core (2.20ghz 14mb l3 cache) processor kit, max: 2<\/td>\n<\/tr>\n<tr>\n<td>Memoria: 32gb (1 x 32gb) 2933mhz rdimm, max: 12<\/td>\n<\/tr>\n<tr>\n<td>Gr\u00e1ficos: integrated matrox g200eh2<\/td>\n<\/tr>\n<tr>\n<td>Redes: hpe ethernet 1gb 4-port 366flr flexiblelom adapter<\/td>\n<\/tr>\n<tr>\n<td>Hard disk drive: ninguno instalado, max: 8<\/td>\n<\/tr>\n<tr>\n<td>Disk storage backplane: hot plug 2.5in small form factor smart carrier<\/td>\n<\/tr>\n<tr>\n<td>Disk controller: 1 x hpe smart array p408i-a sr gen10 2-ports sas controller module, max: 1<\/td>\n<\/tr>\n<tr>\n<td>Fuente de alimentaci\u00f3n: 1 x hpe 500w flex slot platinum hot plug low halogen power supply kit, max: 2<\/td>\n<\/tr>\n<tr>\n<td>Management: hpe integrated lights-out 5 (ilo 5) management processor (no licence)<\/td>\n<\/tr>\n<tr>\n<td>Tambi\u00e9n incluidos: hpe 2u sff easy install rail kit (cma not included) , hpe 2u cable management arm (cma) for easy install rail kit , hpe dl38x gen10 m.2 1x pcie x16 2 x pcie x8 primary riser kit fio<\/td>\n<\/tr>\n<tr>\n<td>Garant\u00eda 3\/3\/3 &#8211; la garant\u00eda del servidor incluye tres a\u00f1os de garant\u00eda en piezas, tres a\u00f1os de mano de obra y tres a\u00f1os de cobertura de soporte a domicilio al d\u00eda siguiente habil laboral.<\/td>\n<\/tr>\n<\/table>\n","protected":false},"excerpt":{"rendered":"<p>\u00bfd\u00f3nde se encuentra el cuello de botella de su servidor: en el almacenamiento, en el procesamiento o en la expansi\u00f3n? el servidor hpe proliant dl380 gen10 ofrece lo \u00faltimo en seguridad, rendimiento y capacidad de expansi\u00f3n, respaldado por una garant\u00eda completa. Estandarizado en la plataforma de procesamiento m\u00e1s fiable del sector.<\/p>\n","protected":false},"featured_media":225306,"comment_status":"open","ping_status":"open","template":"","meta":[],"product_cat":[1808,1809],"product_tag":[1568],"acf":[],"yoast_head":"<!-- This site is optimized with the Yoast SEO plugin v21.7 - https:\/\/yoast.com\/wordpress\/plugins\/seo\/ -->\n<title>[ Hewlett Packard Enterprise ] &#129351; P20174-b21 Servidor Hpe Proliant Dl380 Gen10, Intel Xeon Silver-4210 10-core (2.20ghz 14mb), 32gb (1 X 32gb) Ddr4 Rdimm, 8 X Hot Plug 2.5in Sff, Smart Array P408i-a Sr, No Optical, 500w, 3y Nbd<\/title>\n<meta name=\"description\" content=\"Compra P20174-b21 Servidor Hpe Proliant Dl380 Gen10, Intel Xeon Silver-4210 10-core (2.20ghz 14mb), 32gb (1 X 32gb) Ddr4 Rdimm, 8 X Hot Plug 2.5in Sff, Smart Array P408i-a Sr, No Optical, 500w, 3y Nbd + Env\u00edo a domicilio + Pago seguro + Garant\u00eda\" \/>\n<meta name=\"robots\" content=\"index, follow, max-snippet:-1, max-image-preview:large, max-video-preview:-1\" \/>\n<link rel=\"canonical\" href=\"https:\/\/compuviper.mx\/tienda\/producto\/hewlett-packard-enterprise-p20174-b21-servidor-hpe-proliant-dl380-gen10-intel-xeon-silver-4210-10-core-2-20ghz-14mb-32gb-1-x-32gb-ddr4-rdimm-8-x-hot-plug-2-5in-sff-smart-array-p408i-a-sr-no-o\/\" \/>\n<meta property=\"og:locale\" content=\"es_MX\" \/>\n<meta property=\"og:type\" content=\"article\" \/>\n<meta property=\"og:title\" content=\"[ Hewlett Packard Enterprise ] &#129351; P20174-b21 Servidor Hpe Proliant Dl380 Gen10, Intel Xeon Silver-4210 10-core (2.20ghz 14mb), 32gb (1 X 32gb) Ddr4 Rdimm, 8 X Hot Plug 2.5in Sff, Smart Array P408i-a Sr, No Optical, 500w, 3y Nbd\" \/>\n<meta property=\"og:description\" content=\"Compra P20174-b21 Servidor Hpe Proliant Dl380 Gen10, Intel Xeon Silver-4210 10-core (2.20ghz 14mb), 32gb (1 X 32gb) Ddr4 Rdimm, 8 X Hot Plug 2.5in Sff, Smart Array P408i-a Sr, No Optical, 500w, 3y Nbd + Env\u00edo a domicilio + Pago seguro + Garant\u00eda\" \/>\n<meta property=\"og:url\" content=\"https:\/\/compuviper.mx\/tienda\/producto\/hewlett-packard-enterprise-p20174-b21-servidor-hpe-proliant-dl380-gen10-intel-xeon-silver-4210-10-core-2-20ghz-14mb-32gb-1-x-32gb-ddr4-rdimm-8-x-hot-plug-2-5in-sff-smart-array-p408i-a-sr-no-o\/\" \/>\n<meta property=\"og:site_name\" content=\"Compuviper\" \/>\n<meta property=\"article:publisher\" content=\"https:\/\/www.facebook.com\/compuviper\" \/>\n<meta property=\"og:image\" content=\"https:\/\/compuviper.mx\/tienda\/wp-content\/uploads\/2023\/12\/Servidor-hpe-proliant-dl380-gen10-intel-xeon-silver-4210-10-core-2.20ghz-14mb-32gb-1-x-32gb-ddr4-rdimm-8-x-hot-plug-2.5in-sff-smart-array-p408i-a-sr-no-optical-500w-3y-nbd.jpg\" \/>\n\t<meta property=\"og:image:width\" content=\"200\" \/>\n\t<meta property=\"og:image:height\" content=\"200\" \/>\n\t<meta property=\"og:image:type\" content=\"image\/jpeg\" \/>\n<meta name=\"twitter:card\" content=\"summary_large_image\" \/>\n<meta name=\"twitter:label1\" content=\"Precio\" \/>\n\t<meta name=\"twitter:data1\" content=\"&#36;86,710 con IVA\" \/>\n\t<meta name=\"twitter:label2\" content=\"Availability\" \/>\n\t<meta name=\"twitter:data2\" content=\"On backorder\" \/>\n<script type=\"application\/ld+json\" class=\"yoast-schema-graph\">{\"@context\":\"https:\/\/schema.org\",\"@graph\":[{\"@type\":\"WebPage\",\"@id\":\"https:\/\/compuviper.mx\/tienda\/producto\/hewlett-packard-enterprise-p20174-b21-servidor-hpe-proliant-dl380-gen10-intel-xeon-silver-4210-10-core-2-20ghz-14mb-32gb-1-x-32gb-ddr4-rdimm-8-x-hot-plug-2-5in-sff-smart-array-p408i-a-sr-no-o\/\",\"url\":\"https:\/\/compuviper.mx\/tienda\/producto\/hewlett-packard-enterprise-p20174-b21-servidor-hpe-proliant-dl380-gen10-intel-xeon-silver-4210-10-core-2-20ghz-14mb-32gb-1-x-32gb-ddr4-rdimm-8-x-hot-plug-2-5in-sff-smart-array-p408i-a-sr-no-o\/\",\"name\":\"[ Hewlett Packard Enterprise ] &#129351; P20174-b21 Servidor Hpe Proliant Dl380 Gen10, Intel Xeon Silver-4210 10-core (2.20ghz 14mb), 32gb (1 X 32gb) Ddr4 Rdimm, 8 X Hot Plug 2.5in Sff, Smart Array P408i-a Sr, No Optical, 500w, 3y Nbd\",\"isPartOf\":{\"@id\":\"https:\/\/compuviper.mx\/tienda\/#website\"},\"datePublished\":\"2026-04-11T07:58:58+00:00\",\"dateModified\":\"2026-04-11T07:58:58+00:00\",\"description\":\"Compra P20174-b21 Servidor Hpe Proliant Dl380 Gen10, Intel Xeon Silver-4210 10-core (2.20ghz 14mb), 32gb (1 X 32gb) Ddr4 Rdimm, 8 X Hot Plug 2.5in Sff, Smart Array P408i-a Sr, No Optical, 500w, 3y Nbd + Env\u00edo a domicilio + Pago seguro + Garant\u00eda\",\"breadcrumb\":{\"@id\":\"https:\/\/compuviper.mx\/tienda\/producto\/hewlett-packard-enterprise-p20174-b21-servidor-hpe-proliant-dl380-gen10-intel-xeon-silver-4210-10-core-2-20ghz-14mb-32gb-1-x-32gb-ddr4-rdimm-8-x-hot-plug-2-5in-sff-smart-array-p408i-a-sr-no-o\/#breadcrumb\"},\"inLanguage\":\"es-MX\",\"potentialAction\":[{\"@type\":\"ReadAction\",\"target\":[\"https:\/\/compuviper.mx\/tienda\/producto\/hewlett-packard-enterprise-p20174-b21-servidor-hpe-proliant-dl380-gen10-intel-xeon-silver-4210-10-core-2-20ghz-14mb-32gb-1-x-32gb-ddr4-rdimm-8-x-hot-plug-2-5in-sff-smart-array-p408i-a-sr-no-o\/\"]}]},{\"@type\":\"BreadcrumbList\",\"@id\":\"https:\/\/compuviper.mx\/tienda\/producto\/hewlett-packard-enterprise-p20174-b21-servidor-hpe-proliant-dl380-gen10-intel-xeon-silver-4210-10-core-2-20ghz-14mb-32gb-1-x-32gb-ddr4-rdimm-8-x-hot-plug-2-5in-sff-smart-array-p408i-a-sr-no-o\/#breadcrumb\",\"itemListElement\":[{\"@type\":\"ListItem\",\"position\":1,\"name\":\"Inicio\",\"item\":\"https:\/\/compuviper.mx\/tienda\/\"},{\"@type\":\"ListItem\",\"position\":2,\"name\":\"Productos\",\"item\":\"https:\/\/compuviper.mx\/tienda\/productos\/\"},{\"@type\":\"ListItem\",\"position\":3,\"name\":\"Servidores\",\"item\":\"https:\/\/compuviper.mx\/tienda\/categoria-producto\/servidores-2\/\"},{\"@type\":\"ListItem\",\"position\":4,\"name\":\"Rack (dl)\",\"item\":\"https:\/\/compuviper.mx\/tienda\/categoria-producto\/servidores-2\/rack-dl\/\"},{\"@type\":\"ListItem\",\"position\":5,\"name\":\"Hewlett Packard Enterprise P20174-b21 Servidor Hpe Proliant Dl380 Gen10, Intel Xeon Silver-4210 10-core (2.20ghz 14mb), 32gb (1 X 32gb) Ddr4 Rdimm, 8 X Hot Plug 2.5in Sff, Smart Array P408i-a Sr, No Optical, 500w, 3y Nbd\"}]},{\"@type\":\"WebSite\",\"@id\":\"https:\/\/compuviper.mx\/tienda\/#website\",\"url\":\"https:\/\/compuviper.mx\/tienda\/\",\"name\":\"Compuviper\",\"description\":\"Proveedor de Computadoras, Laptops, Servidores, Monitores, Puntos de Venta, Teclados,   Impresoras, T\u00f3ner, C\u00e1maras de Seguridad y m\u00e1s en tu tienda en l\u00ednea\",\"publisher\":{\"@id\":\"https:\/\/compuviper.mx\/tienda\/#organization\"},\"potentialAction\":[{\"@type\":\"SearchAction\",\"target\":{\"@type\":\"EntryPoint\",\"urlTemplate\":\"https:\/\/compuviper.mx\/tienda\/?s={search_term_string}\"},\"query-input\":\"required name=search_term_string\"}],\"inLanguage\":\"es-MX\"},{\"@type\":\"Organization\",\"@id\":\"https:\/\/compuviper.mx\/tienda\/#organization\",\"name\":\"Compuviper\",\"url\":\"https:\/\/compuviper.mx\/tienda\/\",\"logo\":{\"@type\":\"ImageObject\",\"inLanguage\":\"es-MX\",\"@id\":\"https:\/\/compuviper.mx\/tienda\/#\/schema\/logo\/image\/\",\"url\":\"https:\/\/compuviper.mx\/tienda\/wp-content\/uploads\/2021\/08\/Logo-Compuviper-10.png\",\"contentUrl\":\"https:\/\/compuviper.mx\/tienda\/wp-content\/uploads\/2021\/08\/Logo-Compuviper-10.png\",\"width\":1000,\"height\":500,\"caption\":\"Compuviper\"},\"image\":{\"@id\":\"https:\/\/compuviper.mx\/tienda\/#\/schema\/logo\/image\/\"},\"sameAs\":[\"https:\/\/www.facebook.com\/compuviper\",\"https:\/\/www.youtube.com\/channel\/UCf73dERp9Y3cfOq7q8BhLjA?view_as=subscriber\"]}]}<\/script>\n<meta property=\"product:brand\" content=\"HEWLETT PACKARD ENTERPRISE\" \/>\n<meta property=\"product:price:amount\" content=\"86710\" \/>\n<meta property=\"product:price:currency\" content=\"MXN\" \/>\n<meta property=\"og:availability\" content=\"backorder\" \/>\n<meta property=\"product:availability\" content=\"available for order\" \/>\n<meta property=\"product:retailer_item_id\" content=\"P20174-B21\" \/>\n<meta property=\"product:condition\" content=\"new\" \/>\n<!-- \/ Yoast SEO plugin. -->","yoast_head_json":{"title":"[ Hewlett Packard Enterprise ] &#129351; P20174-b21 Servidor Hpe Proliant Dl380 Gen10, Intel Xeon Silver-4210 10-core (2.20ghz 14mb), 32gb (1 X 32gb) Ddr4 Rdimm, 8 X Hot Plug 2.5in Sff, Smart Array P408i-a Sr, No Optical, 500w, 3y Nbd","description":"Compra P20174-b21 Servidor Hpe Proliant Dl380 Gen10, Intel Xeon Silver-4210 10-core (2.20ghz 14mb), 32gb (1 X 32gb) Ddr4 Rdimm, 8 X Hot Plug 2.5in Sff, Smart Array P408i-a Sr, No Optical, 500w, 3y Nbd + Env\u00edo a domicilio + Pago seguro + Garant\u00eda","robots":{"index":"index","follow":"follow","max-snippet":"max-snippet:-1","max-image-preview":"max-image-preview:large","max-video-preview":"max-video-preview:-1"},"canonical":"https:\/\/compuviper.mx\/tienda\/producto\/hewlett-packard-enterprise-p20174-b21-servidor-hpe-proliant-dl380-gen10-intel-xeon-silver-4210-10-core-2-20ghz-14mb-32gb-1-x-32gb-ddr4-rdimm-8-x-hot-plug-2-5in-sff-smart-array-p408i-a-sr-no-o\/","og_locale":"es_MX","og_type":"article","og_title":"[ Hewlett Packard Enterprise ] &#129351; P20174-b21 Servidor Hpe Proliant Dl380 Gen10, Intel Xeon Silver-4210 10-core (2.20ghz 14mb), 32gb (1 X 32gb) Ddr4 Rdimm, 8 X Hot Plug 2.5in Sff, Smart Array P408i-a Sr, No Optical, 500w, 3y Nbd","og_description":"Compra P20174-b21 Servidor Hpe Proliant Dl380 Gen10, Intel Xeon Silver-4210 10-core (2.20ghz 14mb), 32gb (1 X 32gb) Ddr4 Rdimm, 8 X Hot Plug 2.5in Sff, Smart Array P408i-a Sr, No Optical, 500w, 3y Nbd + Env\u00edo a domicilio + Pago seguro + Garant\u00eda","og_url":"https:\/\/compuviper.mx\/tienda\/producto\/hewlett-packard-enterprise-p20174-b21-servidor-hpe-proliant-dl380-gen10-intel-xeon-silver-4210-10-core-2-20ghz-14mb-32gb-1-x-32gb-ddr4-rdimm-8-x-hot-plug-2-5in-sff-smart-array-p408i-a-sr-no-o\/","og_site_name":"Compuviper","article_publisher":"https:\/\/www.facebook.com\/compuviper","og_image":[{"width":200,"height":200,"url":"https:\/\/compuviper.mx\/tienda\/wp-content\/uploads\/2023\/12\/Servidor-hpe-proliant-dl380-gen10-intel-xeon-silver-4210-10-core-2.20ghz-14mb-32gb-1-x-32gb-ddr4-rdimm-8-x-hot-plug-2.5in-sff-smart-array-p408i-a-sr-no-optical-500w-3y-nbd.jpg","type":"image\/jpeg"}],"twitter_card":"summary_large_image","twitter_misc":{"Precio":"&#36;86,710 con IVA","Availability":"On backorder"},"schema":{"@context":"https:\/\/schema.org","@graph":[{"@type":"WebPage","@id":"https:\/\/compuviper.mx\/tienda\/producto\/hewlett-packard-enterprise-p20174-b21-servidor-hpe-proliant-dl380-gen10-intel-xeon-silver-4210-10-core-2-20ghz-14mb-32gb-1-x-32gb-ddr4-rdimm-8-x-hot-plug-2-5in-sff-smart-array-p408i-a-sr-no-o\/","url":"https:\/\/compuviper.mx\/tienda\/producto\/hewlett-packard-enterprise-p20174-b21-servidor-hpe-proliant-dl380-gen10-intel-xeon-silver-4210-10-core-2-20ghz-14mb-32gb-1-x-32gb-ddr4-rdimm-8-x-hot-plug-2-5in-sff-smart-array-p408i-a-sr-no-o\/","name":"[ Hewlett Packard Enterprise ] &#129351; P20174-b21 Servidor Hpe Proliant Dl380 Gen10, Intel Xeon Silver-4210 10-core (2.20ghz 14mb), 32gb (1 X 32gb) Ddr4 Rdimm, 8 X Hot Plug 2.5in Sff, Smart Array P408i-a Sr, No Optical, 500w, 3y Nbd","isPartOf":{"@id":"https:\/\/compuviper.mx\/tienda\/#website"},"datePublished":"2026-04-11T07:58:58+00:00","dateModified":"2026-04-11T07:58:58+00:00","description":"Compra P20174-b21 Servidor Hpe Proliant Dl380 Gen10, Intel Xeon Silver-4210 10-core (2.20ghz 14mb), 32gb (1 X 32gb) Ddr4 Rdimm, 8 X Hot Plug 2.5in Sff, Smart Array P408i-a Sr, No Optical, 500w, 3y Nbd + Env\u00edo a domicilio + Pago seguro + Garant\u00eda","breadcrumb":{"@id":"https:\/\/compuviper.mx\/tienda\/producto\/hewlett-packard-enterprise-p20174-b21-servidor-hpe-proliant-dl380-gen10-intel-xeon-silver-4210-10-core-2-20ghz-14mb-32gb-1-x-32gb-ddr4-rdimm-8-x-hot-plug-2-5in-sff-smart-array-p408i-a-sr-no-o\/#breadcrumb"},"inLanguage":"es-MX","potentialAction":[{"@type":"ReadAction","target":["https:\/\/compuviper.mx\/tienda\/producto\/hewlett-packard-enterprise-p20174-b21-servidor-hpe-proliant-dl380-gen10-intel-xeon-silver-4210-10-core-2-20ghz-14mb-32gb-1-x-32gb-ddr4-rdimm-8-x-hot-plug-2-5in-sff-smart-array-p408i-a-sr-no-o\/"]}]},{"@type":"BreadcrumbList","@id":"https:\/\/compuviper.mx\/tienda\/producto\/hewlett-packard-enterprise-p20174-b21-servidor-hpe-proliant-dl380-gen10-intel-xeon-silver-4210-10-core-2-20ghz-14mb-32gb-1-x-32gb-ddr4-rdimm-8-x-hot-plug-2-5in-sff-smart-array-p408i-a-sr-no-o\/#breadcrumb","itemListElement":[{"@type":"ListItem","position":1,"name":"Inicio","item":"https:\/\/compuviper.mx\/tienda\/"},{"@type":"ListItem","position":2,"name":"Productos","item":"https:\/\/compuviper.mx\/tienda\/productos\/"},{"@type":"ListItem","position":3,"name":"Servidores","item":"https:\/\/compuviper.mx\/tienda\/categoria-producto\/servidores-2\/"},{"@type":"ListItem","position":4,"name":"Rack (dl)","item":"https:\/\/compuviper.mx\/tienda\/categoria-producto\/servidores-2\/rack-dl\/"},{"@type":"ListItem","position":5,"name":"Hewlett Packard Enterprise P20174-b21 Servidor Hpe Proliant Dl380 Gen10, Intel Xeon Silver-4210 10-core (2.20ghz 14mb), 32gb (1 X 32gb) Ddr4 Rdimm, 8 X Hot Plug 2.5in Sff, Smart Array P408i-a Sr, No Optical, 500w, 3y Nbd"}]},{"@type":"WebSite","@id":"https:\/\/compuviper.mx\/tienda\/#website","url":"https:\/\/compuviper.mx\/tienda\/","name":"Compuviper","description":"Proveedor de Computadoras, Laptops, Servidores, Monitores, Puntos de Venta, Teclados,   Impresoras, T\u00f3ner, C\u00e1maras de Seguridad y m\u00e1s en tu tienda en l\u00ednea","publisher":{"@id":"https:\/\/compuviper.mx\/tienda\/#organization"},"potentialAction":[{"@type":"SearchAction","target":{"@type":"EntryPoint","urlTemplate":"https:\/\/compuviper.mx\/tienda\/?s={search_term_string}"},"query-input":"required name=search_term_string"}],"inLanguage":"es-MX"},{"@type":"Organization","@id":"https:\/\/compuviper.mx\/tienda\/#organization","name":"Compuviper","url":"https:\/\/compuviper.mx\/tienda\/","logo":{"@type":"ImageObject","inLanguage":"es-MX","@id":"https:\/\/compuviper.mx\/tienda\/#\/schema\/logo\/image\/","url":"https:\/\/compuviper.mx\/tienda\/wp-content\/uploads\/2021\/08\/Logo-Compuviper-10.png","contentUrl":"https:\/\/compuviper.mx\/tienda\/wp-content\/uploads\/2021\/08\/Logo-Compuviper-10.png","width":1000,"height":500,"caption":"Compuviper"},"image":{"@id":"https:\/\/compuviper.mx\/tienda\/#\/schema\/logo\/image\/"},"sameAs":["https:\/\/www.facebook.com\/compuviper","https:\/\/www.youtube.com\/channel\/UCf73dERp9Y3cfOq7q8BhLjA?view_as=subscriber"]}]},"product_brand":"HEWLETT PACKARD ENTERPRISE","product_price_amount":"86710","product_price_currency":"MXN","og_availability":"backorder","product_availability":"available for order","product_retailer_item_id":"P20174-B21","product_condition":"new"},"_links":{"self":[{"href":"https:\/\/compuviper.mx\/tienda\/wp-json\/wp\/v2\/product\/225305"}],"collection":[{"href":"https:\/\/compuviper.mx\/tienda\/wp-json\/wp\/v2\/product"}],"about":[{"href":"https:\/\/compuviper.mx\/tienda\/wp-json\/wp\/v2\/types\/product"}],"replies":[{"embeddable":true,"href":"https:\/\/compuviper.mx\/tienda\/wp-json\/wp\/v2\/comments?post=225305"}],"wp:featuredmedia":[{"embeddable":true,"href":"https:\/\/compuviper.mx\/tienda\/wp-json\/wp\/v2\/media\/225306"}],"wp:attachment":[{"href":"https:\/\/compuviper.mx\/tienda\/wp-json\/wp\/v2\/media?parent=225305"}],"wp:term":[{"taxonomy":"product_cat","embeddable":true,"href":"https:\/\/compuviper.mx\/tienda\/wp-json\/wp\/v2\/product_cat?post=225305"},{"taxonomy":"product_tag","embeddable":true,"href":"https:\/\/compuviper.mx\/tienda\/wp-json\/wp\/v2\/product_tag?post=225305"}],"curies":[{"name":"wp","href":"https:\/\/api.w.org\/{rel}","templated":true}]}}