{"id":225298,"date":"2026-04-02T01:59:39","date_gmt":"2026-04-02T07:59:39","guid":{"rendered":"https:\/\/compuviper.mx\/tienda\/producto\/epson-b11b265201-scanner-workforce-ds-790wn-45-ppm-90-ipm-600-dpi-usb-ethernet-red-wifi-duplex-adf\/"},"modified":"2026-04-02T01:59:39","modified_gmt":"2026-04-02T07:59:39","slug":"epson-b11b265201-escaner-workforce-ds-790wn-45-ppm-90-ipm-600-dpi-usb-ethernet-red-wifi-duplex-adf","status":"publish","type":"product","link":"https:\/\/compuviper.mx\/tienda\/producto\/epson-b11b265201-escaner-workforce-ds-790wn-45-ppm-90-ipm-600-dpi-usb-ethernet-red-wifi-duplex-adf\/","title":{"rendered":"Epson B11b265201 Escaner  Workforce Ds-790wn, 45 Ppm\/90 Ipm, 600 Dpi, Usb, Ethernet (red), Wifi, Duplex, Adf"},"content":{"rendered":"<table class=\"descripcion\">\n<tr>\n<td>* tipo de esc\u00e1ner: esc\u00e1ner a color d\u00faplex de una pasada con alimentaci\u00f3n de hojas.<\/td>\n<\/tr>\n<tr>\n<td>* m\u00e9todo de escaneo: carro fijo y documento en movimiento.<\/td>\n<\/tr>\n<tr>\n<td>* alimentaci\u00f3n de papel: alimentaci\u00f3n vertical (cara abajo).<\/td>\n<\/tr>\n<tr>\n<td>* sensor \u00f3ptico: sensor de imagen de contacto a color (cis).<\/td>\n<\/tr>\n<tr>\n<td>* fuente de luz: led rgb de 3 colores.<\/td>\n<\/tr>\n<tr>\n<td>* resoluci\u00f3n \u00f3ptica: 600 dpi.<\/td>\n<\/tr>\n<tr>\n<td>* m\u00e1xima resoluci\u00f3n interpolada: 1.200 dpi.<\/td>\n<\/tr>\n<tr>\n<td>* velocidad del esc\u00e1ner: (adf): 45 ppm \/ 90 ipm2: 200 y 300 dpi blanco y negro, color, escala de grises; 12 ppm\/24 ipm: 400 y 600 dpi blanco y negro, color, escala de grises.<\/td>\n<\/tr>\n<tr>\n<td>* profundidad de bits del esc\u00e1ner rgb: 30 bits de entrada\/24 bits de salida.<\/td>\n<\/tr>\n<tr>\n<td>Formatos soportados: bmp, jpeg, pdf, pdf habilitado para b\u00fasqueda, png, tiff<\/td>\n<\/tr>\n<tr>\n<td>Alimentador autom\u00e1tico de documentos<\/td>\n<\/tr>\n<tr>\n<td>* gramaje de papel: 27g\/m2 &#8211; 413 g\/m2<\/td>\n<\/tr>\n<tr>\n<td>* capacidad m\u00e1xima: 100 p\u00e1ginas<\/td>\n<\/tr>\n<tr>\n<td>* escaneo autom\u00e1tico a dos caras: s\u00ed<\/td>\n<\/tr>\n<tr>\n<td>* ciclo m\u00e1ximo de trabajo diario: hasta 7.000 p\u00e1ginas, kit para rodillo: 200.000 ciclos.<\/td>\n<\/tr>\n<tr>\n<td>* interfaz: usb 3.0 de alta velocidad, ethernet, wifi, network (rj-45, 1.000base-t\/100base-tx\/10base-t), usb 2.0 (host para memoria o dispositivos de autenticaci\u00f3n.<\/td>\n<\/tr>\n<tr>\n<td>* peso y dimensiones (ancho x profundidad x altura): 3,7 kg peso, 29,5 cm x 16,8 cm x 16,1 cm (11,6 x 6,6 x 6,5)<\/td>\n<\/tr>\n<\/table>\n","protected":false},"excerpt":{"rendered":"<p>Esc\u00e1ner de documentos inal\u00e1mbrico r\u00e1pido y seguro con red integrada1 y una gran pantalla t\u00e1ctil para escanear sin necesidad de pc. Escaneo sin pc para compartir y colaborar f\u00e1cilmente &#8211; env\u00ede un correo electr\u00f3nico o escanee a usb, red1 o servicios de almacenamiento en la nube como dropbox, evernote y google drive 3,4, sin necesidad de una. Computadora. Escanee pilas de tarjetas comerciales y de identificaci\u00f3n, hojas sueltas y p\u00e1ginas extralargas de hasta 240. * tipo de esc\u00e1ner: esc\u00e1ner a color d\u00faplex de una pasada con alimentaci\u00f3n de hojas. * m\u00e9todo de escaneo: carro fijo y documento en movimiento. * alimentaci\u00f3n de papel: alimentaci\u00f3n vertical (cara abajo). * sensor \u00f3ptico: sensor de imagen de contacto a color (cis). * fuente de luz: led rgb de 3 colores. * resoluci\u00f3n \u00f3ptica: 600 dpi. * m\u00e1xima resoluci\u00f3n interpolada: 1.200 dpi. * velocidad del esc\u00e1ner: (adf): 45 ppm \/ 90 ipm2: 200 y 300 dpi blanco y negro, color, escala de grises; 12 ppm\/24 ipm: 400 y 600 dpi blanco y negro, color, escala de grises. * profundidad de bits del esc\u00e1ner rgb: 30 bits de entrada\/24 bits de salida. Formatos soportados: bmp, jpeg, pdf, pdf habilitado para b\u00fasqueda, png, tiff. Alimentador autom\u00e1tico de documentos. * gramaje de papel: 27g\/m2 &#8211; 413 g\/m2. * capacidad m\u00e1xima: 100 p\u00e1ginas. * escaneo autom\u00e1tico a dos caras: s?. * ciclo m\u00e1ximo de trabajo diario: hasta 7.000 p\u00e1ginas, kit para rodillo: 200.000 ciclos. * interfaz: usb 3.0 de alta velocidad, ethernet, wifi, network (rj-45, 1.000base-t\/100base-tx\/10base-t), usb 2.0 (host para memoria o dispositivos de autenticaci\u00f3n. * peso y dimensiones (ancho x profundidad x altura): 3,7 kg peso, 29,5 cm x 16,8 cm x 16,1 cm (11,6 x 6,6 x 6,5)<\/p>\n","protected":false},"featured_media":225299,"comment_status":"open","ping_status":"open","template":"","meta":[],"product_cat":[1805,1807],"product_tag":[1624],"acf":[],"yoast_head":"<!-- This site is optimized with the Yoast SEO plugin v21.7 - https:\/\/yoast.com\/wordpress\/plugins\/seo\/ -->\n<title>[ Epson ] &#129351; B11b265201 Escaner Workforce Ds-790wn, 45 Ppm\/90 Ipm, 600 Dpi, Usb, Ethernet (red), Wifi, Duplex, Adf<\/title>\n<meta name=\"description\" content=\"Compra B11b265201 Escaner Workforce Ds-790wn, 45 Ppm\/90 Ipm, 600 Dpi, Usb, Ethernet (red), Wifi, Duplex, Adf + Env\u00edo a domicilio + Pago seguro + Garant\u00eda\" \/>\n<meta name=\"robots\" content=\"index, follow, max-snippet:-1, max-image-preview:large, max-video-preview:-1\" \/>\n<link rel=\"canonical\" href=\"https:\/\/compuviper.mx\/tienda\/producto\/epson-b11b265201-escaner-workforce-ds-790wn-45-ppm-90-ipm-600-dpi-usb-ethernet-red-wifi-duplex-adf\/\" \/>\n<meta property=\"og:locale\" content=\"es_MX\" \/>\n<meta property=\"og:type\" content=\"article\" \/>\n<meta property=\"og:title\" content=\"[ Epson ] &#129351; B11b265201 Escaner Workforce Ds-790wn, 45 Ppm\/90 Ipm, 600 Dpi, Usb, Ethernet (red), Wifi, Duplex, Adf\" \/>\n<meta property=\"og:description\" content=\"Compra B11b265201 Escaner Workforce Ds-790wn, 45 Ppm\/90 Ipm, 600 Dpi, Usb, Ethernet (red), Wifi, Duplex, Adf + Env\u00edo a domicilio + Pago seguro + Garant\u00eda\" \/>\n<meta property=\"og:url\" content=\"https:\/\/compuviper.mx\/tienda\/producto\/epson-b11b265201-escaner-workforce-ds-790wn-45-ppm-90-ipm-600-dpi-usb-ethernet-red-wifi-duplex-adf\/\" \/>\n<meta property=\"og:site_name\" content=\"Compuviper\" \/>\n<meta property=\"article:publisher\" content=\"https:\/\/www.facebook.com\/compuviper\" \/>\n<meta property=\"og:image\" content=\"https:\/\/compuviper.mx\/tienda\/wp-content\/uploads\/2023\/12\/Scanner-epson-workforce-ds-790wn-45-ppm90-ipm-600-dpi-usb-ethernet-red-wifi-duplex-adf.jpg\" \/>\n\t<meta property=\"og:image:width\" content=\"200\" \/>\n\t<meta property=\"og:image:height\" content=\"200\" \/>\n\t<meta property=\"og:image:type\" content=\"image\/jpeg\" \/>\n<meta name=\"twitter:card\" content=\"summary_large_image\" \/>\n<meta name=\"twitter:label1\" content=\"Precio\" \/>\n\t<meta name=\"twitter:data1\" content=\"&#36;18,036 con IVA\" \/>\n\t<meta name=\"twitter:label2\" content=\"Availability\" \/>\n\t<meta name=\"twitter:data2\" content=\"Out of stock\" \/>\n<script type=\"application\/ld+json\" class=\"yoast-schema-graph\">{\"@context\":\"https:\/\/schema.org\",\"@graph\":[{\"@type\":\"WebPage\",\"@id\":\"https:\/\/compuviper.mx\/tienda\/producto\/epson-b11b265201-escaner-workforce-ds-790wn-45-ppm-90-ipm-600-dpi-usb-ethernet-red-wifi-duplex-adf\/\",\"url\":\"https:\/\/compuviper.mx\/tienda\/producto\/epson-b11b265201-escaner-workforce-ds-790wn-45-ppm-90-ipm-600-dpi-usb-ethernet-red-wifi-duplex-adf\/\",\"name\":\"[ Epson ] &#129351; B11b265201 Escaner Workforce Ds-790wn, 45 Ppm\/90 Ipm, 600 Dpi, Usb, Ethernet (red), Wifi, Duplex, Adf\",\"isPartOf\":{\"@id\":\"https:\/\/compuviper.mx\/tienda\/#website\"},\"datePublished\":\"2026-04-02T07:59:39+00:00\",\"dateModified\":\"2026-04-02T07:59:39+00:00\",\"description\":\"Compra B11b265201 Escaner Workforce Ds-790wn, 45 Ppm\/90 Ipm, 600 Dpi, Usb, Ethernet (red), Wifi, Duplex, Adf + Env\u00edo a domicilio + Pago seguro + Garant\u00eda\",\"breadcrumb\":{\"@id\":\"https:\/\/compuviper.mx\/tienda\/producto\/epson-b11b265201-escaner-workforce-ds-790wn-45-ppm-90-ipm-600-dpi-usb-ethernet-red-wifi-duplex-adf\/#breadcrumb\"},\"inLanguage\":\"es-MX\",\"potentialAction\":[{\"@type\":\"ReadAction\",\"target\":[\"https:\/\/compuviper.mx\/tienda\/producto\/epson-b11b265201-escaner-workforce-ds-790wn-45-ppm-90-ipm-600-dpi-usb-ethernet-red-wifi-duplex-adf\/\"]}]},{\"@type\":\"BreadcrumbList\",\"@id\":\"https:\/\/compuviper.mx\/tienda\/producto\/epson-b11b265201-escaner-workforce-ds-790wn-45-ppm-90-ipm-600-dpi-usb-ethernet-red-wifi-duplex-adf\/#breadcrumb\",\"itemListElement\":[{\"@type\":\"ListItem\",\"position\":1,\"name\":\"Inicio\",\"item\":\"https:\/\/compuviper.mx\/tienda\/\"},{\"@type\":\"ListItem\",\"position\":2,\"name\":\"Productos\",\"item\":\"https:\/\/compuviper.mx\/tienda\/productos\/\"},{\"@type\":\"ListItem\",\"position\":3,\"name\":\"Scanner\",\"item\":\"https:\/\/compuviper.mx\/tienda\/categoria-producto\/scanner\/\"},{\"@type\":\"ListItem\",\"position\":4,\"name\":\"Scanner Documentos\",\"item\":\"https:\/\/compuviper.mx\/tienda\/categoria-producto\/scanner\/scanner-documentos\/\"},{\"@type\":\"ListItem\",\"position\":5,\"name\":\"Epson B11b265201 Escaner Workforce Ds-790wn, 45 Ppm\/90 Ipm, 600 Dpi, Usb, Ethernet (red), Wifi, Duplex, Adf\"}]},{\"@type\":\"WebSite\",\"@id\":\"https:\/\/compuviper.mx\/tienda\/#website\",\"url\":\"https:\/\/compuviper.mx\/tienda\/\",\"name\":\"Compuviper\",\"description\":\"Proveedor de Computadoras, Laptops, Servidores, Monitores, Puntos de Venta, Teclados,   Impresoras, T\u00f3ner, C\u00e1maras de Seguridad y m\u00e1s en tu tienda en l\u00ednea\",\"publisher\":{\"@id\":\"https:\/\/compuviper.mx\/tienda\/#organization\"},\"potentialAction\":[{\"@type\":\"SearchAction\",\"target\":{\"@type\":\"EntryPoint\",\"urlTemplate\":\"https:\/\/compuviper.mx\/tienda\/?s={search_term_string}\"},\"query-input\":\"required name=search_term_string\"}],\"inLanguage\":\"es-MX\"},{\"@type\":\"Organization\",\"@id\":\"https:\/\/compuviper.mx\/tienda\/#organization\",\"name\":\"Compuviper\",\"url\":\"https:\/\/compuviper.mx\/tienda\/\",\"logo\":{\"@type\":\"ImageObject\",\"inLanguage\":\"es-MX\",\"@id\":\"https:\/\/compuviper.mx\/tienda\/#\/schema\/logo\/image\/\",\"url\":\"https:\/\/compuviper.mx\/tienda\/wp-content\/uploads\/2021\/08\/Logo-Compuviper-10.png\",\"contentUrl\":\"https:\/\/compuviper.mx\/tienda\/wp-content\/uploads\/2021\/08\/Logo-Compuviper-10.png\",\"width\":1000,\"height\":500,\"caption\":\"Compuviper\"},\"image\":{\"@id\":\"https:\/\/compuviper.mx\/tienda\/#\/schema\/logo\/image\/\"},\"sameAs\":[\"https:\/\/www.facebook.com\/compuviper\",\"https:\/\/www.youtube.com\/channel\/UCf73dERp9Y3cfOq7q8BhLjA?view_as=subscriber\"]}]}<\/script>\n<meta property=\"product:brand\" content=\"EPSON\" \/>\n<meta property=\"product:price:amount\" content=\"18036\" \/>\n<meta property=\"product:price:currency\" content=\"MXN\" \/>\n<meta property=\"og:availability\" content=\"out of stock\" \/>\n<meta property=\"product:availability\" content=\"out of stock\" \/>\n<meta property=\"product:retailer_item_id\" content=\"B11B265201\" \/>\n<meta property=\"product:condition\" content=\"new\" \/>\n<!-- \/ Yoast SEO plugin. -->","yoast_head_json":{"title":"[ Epson ] &#129351; B11b265201 Escaner Workforce Ds-790wn, 45 Ppm\/90 Ipm, 600 Dpi, Usb, Ethernet (red), Wifi, Duplex, Adf","description":"Compra B11b265201 Escaner Workforce Ds-790wn, 45 Ppm\/90 Ipm, 600 Dpi, Usb, Ethernet (red), Wifi, Duplex, Adf + Env\u00edo a domicilio + Pago seguro + Garant\u00eda","robots":{"index":"index","follow":"follow","max-snippet":"max-snippet:-1","max-image-preview":"max-image-preview:large","max-video-preview":"max-video-preview:-1"},"canonical":"https:\/\/compuviper.mx\/tienda\/producto\/epson-b11b265201-escaner-workforce-ds-790wn-45-ppm-90-ipm-600-dpi-usb-ethernet-red-wifi-duplex-adf\/","og_locale":"es_MX","og_type":"article","og_title":"[ Epson ] &#129351; B11b265201 Escaner Workforce Ds-790wn, 45 Ppm\/90 Ipm, 600 Dpi, Usb, Ethernet (red), Wifi, Duplex, Adf","og_description":"Compra B11b265201 Escaner Workforce Ds-790wn, 45 Ppm\/90 Ipm, 600 Dpi, Usb, Ethernet (red), Wifi, Duplex, Adf + Env\u00edo a domicilio + Pago seguro + Garant\u00eda","og_url":"https:\/\/compuviper.mx\/tienda\/producto\/epson-b11b265201-escaner-workforce-ds-790wn-45-ppm-90-ipm-600-dpi-usb-ethernet-red-wifi-duplex-adf\/","og_site_name":"Compuviper","article_publisher":"https:\/\/www.facebook.com\/compuviper","og_image":[{"width":200,"height":200,"url":"https:\/\/compuviper.mx\/tienda\/wp-content\/uploads\/2023\/12\/Scanner-epson-workforce-ds-790wn-45-ppm90-ipm-600-dpi-usb-ethernet-red-wifi-duplex-adf.jpg","type":"image\/jpeg"}],"twitter_card":"summary_large_image","twitter_misc":{"Precio":"&#36;18,036 con IVA","Availability":"Out of stock"},"schema":{"@context":"https:\/\/schema.org","@graph":[{"@type":"WebPage","@id":"https:\/\/compuviper.mx\/tienda\/producto\/epson-b11b265201-escaner-workforce-ds-790wn-45-ppm-90-ipm-600-dpi-usb-ethernet-red-wifi-duplex-adf\/","url":"https:\/\/compuviper.mx\/tienda\/producto\/epson-b11b265201-escaner-workforce-ds-790wn-45-ppm-90-ipm-600-dpi-usb-ethernet-red-wifi-duplex-adf\/","name":"[ Epson ] &#129351; B11b265201 Escaner Workforce Ds-790wn, 45 Ppm\/90 Ipm, 600 Dpi, Usb, Ethernet (red), Wifi, Duplex, Adf","isPartOf":{"@id":"https:\/\/compuviper.mx\/tienda\/#website"},"datePublished":"2026-04-02T07:59:39+00:00","dateModified":"2026-04-02T07:59:39+00:00","description":"Compra B11b265201 Escaner Workforce Ds-790wn, 45 Ppm\/90 Ipm, 600 Dpi, Usb, Ethernet (red), Wifi, Duplex, Adf + Env\u00edo a domicilio + Pago seguro + Garant\u00eda","breadcrumb":{"@id":"https:\/\/compuviper.mx\/tienda\/producto\/epson-b11b265201-escaner-workforce-ds-790wn-45-ppm-90-ipm-600-dpi-usb-ethernet-red-wifi-duplex-adf\/#breadcrumb"},"inLanguage":"es-MX","potentialAction":[{"@type":"ReadAction","target":["https:\/\/compuviper.mx\/tienda\/producto\/epson-b11b265201-escaner-workforce-ds-790wn-45-ppm-90-ipm-600-dpi-usb-ethernet-red-wifi-duplex-adf\/"]}]},{"@type":"BreadcrumbList","@id":"https:\/\/compuviper.mx\/tienda\/producto\/epson-b11b265201-escaner-workforce-ds-790wn-45-ppm-90-ipm-600-dpi-usb-ethernet-red-wifi-duplex-adf\/#breadcrumb","itemListElement":[{"@type":"ListItem","position":1,"name":"Inicio","item":"https:\/\/compuviper.mx\/tienda\/"},{"@type":"ListItem","position":2,"name":"Productos","item":"https:\/\/compuviper.mx\/tienda\/productos\/"},{"@type":"ListItem","position":3,"name":"Scanner","item":"https:\/\/compuviper.mx\/tienda\/categoria-producto\/scanner\/"},{"@type":"ListItem","position":4,"name":"Scanner Documentos","item":"https:\/\/compuviper.mx\/tienda\/categoria-producto\/scanner\/scanner-documentos\/"},{"@type":"ListItem","position":5,"name":"Epson B11b265201 Escaner Workforce Ds-790wn, 45 Ppm\/90 Ipm, 600 Dpi, Usb, Ethernet (red), Wifi, Duplex, Adf"}]},{"@type":"WebSite","@id":"https:\/\/compuviper.mx\/tienda\/#website","url":"https:\/\/compuviper.mx\/tienda\/","name":"Compuviper","description":"Proveedor de Computadoras, Laptops, Servidores, Monitores, Puntos de Venta, Teclados,   Impresoras, T\u00f3ner, C\u00e1maras de Seguridad y m\u00e1s en tu tienda en l\u00ednea","publisher":{"@id":"https:\/\/compuviper.mx\/tienda\/#organization"},"potentialAction":[{"@type":"SearchAction","target":{"@type":"EntryPoint","urlTemplate":"https:\/\/compuviper.mx\/tienda\/?s={search_term_string}"},"query-input":"required name=search_term_string"}],"inLanguage":"es-MX"},{"@type":"Organization","@id":"https:\/\/compuviper.mx\/tienda\/#organization","name":"Compuviper","url":"https:\/\/compuviper.mx\/tienda\/","logo":{"@type":"ImageObject","inLanguage":"es-MX","@id":"https:\/\/compuviper.mx\/tienda\/#\/schema\/logo\/image\/","url":"https:\/\/compuviper.mx\/tienda\/wp-content\/uploads\/2021\/08\/Logo-Compuviper-10.png","contentUrl":"https:\/\/compuviper.mx\/tienda\/wp-content\/uploads\/2021\/08\/Logo-Compuviper-10.png","width":1000,"height":500,"caption":"Compuviper"},"image":{"@id":"https:\/\/compuviper.mx\/tienda\/#\/schema\/logo\/image\/"},"sameAs":["https:\/\/www.facebook.com\/compuviper","https:\/\/www.youtube.com\/channel\/UCf73dERp9Y3cfOq7q8BhLjA?view_as=subscriber"]}]},"product_brand":"EPSON","product_price_amount":"18036","product_price_currency":"MXN","og_availability":"out of stock","product_availability":"out of stock","product_retailer_item_id":"B11B265201","product_condition":"new"},"_links":{"self":[{"href":"https:\/\/compuviper.mx\/tienda\/wp-json\/wp\/v2\/product\/225298"}],"collection":[{"href":"https:\/\/compuviper.mx\/tienda\/wp-json\/wp\/v2\/product"}],"about":[{"href":"https:\/\/compuviper.mx\/tienda\/wp-json\/wp\/v2\/types\/product"}],"replies":[{"embeddable":true,"href":"https:\/\/compuviper.mx\/tienda\/wp-json\/wp\/v2\/comments?post=225298"}],"wp:featuredmedia":[{"embeddable":true,"href":"https:\/\/compuviper.mx\/tienda\/wp-json\/wp\/v2\/media\/225299"}],"wp:attachment":[{"href":"https:\/\/compuviper.mx\/tienda\/wp-json\/wp\/v2\/media?parent=225298"}],"wp:term":[{"taxonomy":"product_cat","embeddable":true,"href":"https:\/\/compuviper.mx\/tienda\/wp-json\/wp\/v2\/product_cat?post=225298"},{"taxonomy":"product_tag","embeddable":true,"href":"https:\/\/compuviper.mx\/tienda\/wp-json\/wp\/v2\/product_tag?post=225298"}],"curies":[{"name":"wp","href":"https:\/\/api.w.org\/{rel}","templated":true}]}}