{"id":225290,"date":"2026-04-28T01:56:47","date_gmt":"2026-04-28T07:56:47","guid":{"rendered":"https:\/\/compuviper.mx\/tienda\/producto\/dataproducts-000-0995-08g-escaner-avision-ad345g-60-ppm-120-ipm-600-dpi-48-bits-entrada-24-bits-salida-usb-duplex-adf\/"},"modified":"2026-04-28T01:56:47","modified_gmt":"2026-04-28T07:56:47","slug":"avision-000-0995-08g-escaner-ad345g-60-ppm-120-ipm-600-dpi-48-bits-entrada-24-bits-salida-usb-duplex-adf","status":"publish","type":"product","link":"https:\/\/compuviper.mx\/tienda\/producto\/avision-000-0995-08g-escaner-ad345g-60-ppm-120-ipm-600-dpi-48-bits-entrada-24-bits-salida-usb-duplex-adf\/","title":{"rendered":"Avision 000-0995-08g Escaner  Ad345g, 60 Ppm\/120 Ipm, 600 Dpi, 48 Bits Entrada &#8211; 24 Bits Salida, Usb, Duplex, Adf"},"content":{"rendered":"<table class=\"descripcion\">\n<tr>\n<td>Alimentacion del papel:                   adf con capacidad para 100 paginas<\/td>\n<\/tr>\n<tr>\n<td> tecnologia de digitalizacion:           cis<\/td>\n<\/tr>\n<tr>\n<td> fuente de luz:                                  led<\/td>\n<\/tr>\n<tr>\n<td> grosor de las tarjetas de identificacion:  hasta 1,25 mm<\/td>\n<\/tr>\n<tr>\n<td> modo de paginas largas:                        200 ppm: 6000mm<\/td>\n<\/tr>\n<tr>\n<td>                                                                 300 ppm: 5540 mm<\/td>\n<\/tr>\n<tr>\n<td>                                                                 600 ppm: 1500 mm<\/td>\n<\/tr>\n<tr>\n<td> velocidad de digitalizacion:                   60 ppm \/ 120ipm<\/td>\n<\/tr>\n<tr>\n<td> grosor del papel::                                   de 27 a 413 g\/m\u00b2<\/td>\n<\/tr>\n<tr>\n<td> resolucin optica:                                  600 dpi<\/td>\n<\/tr>\n<tr>\n<td> resolucin de salida:                             75, 100, 150, 200, 300, 400 y 600 ppm<\/td>\n<\/tr>\n<tr>\n<td> formato de salida:                                 bpm, png, gif, jpeg, pdf, pdf que permita realizar busquedas<\/td>\n<\/tr>\n<tr>\n<td> formato de archivos:                              tiff de varias paginas, tiff, rtf, txt, xps, doc, xls, ppt,    docx, xlsx, pptx y html<\/td>\n<\/tr>\n<tr>\n<td> software incluido:                                  avision button manager v2, avision avscan x nuance paperport se 14<\/td>\n<\/tr>\n<tr>\n<td> interface:                                               usb 3.2<\/td>\n<\/tr>\n<tr>\n<td> fuente de alimentacion:                       entrada 100-240, salida 24 v, 2 a<\/td>\n<\/tr>\n<tr>\n<td> consumo de energia:                            funcionamiento: 33 w suspension: 2 w, preparado: 7.5 w<\/td>\n<\/tr>\n<tr>\n<td> factores medio ambiente:                     temperatura 10\u00b0c, humedad del 10 al 85<\/td>\n<\/tr>\n<tr>\n<td> ruido acustico:                                      espera 45 db, funcionamiento 55db<\/td>\n<\/tr>\n<tr>\n<td> ciclo recomendado diario:                     10,000 hojas<\/td>\n<\/tr>\n<tr>\n<td> sistema:                                                   cpu: intel\u00ae core i3 2.1 ghz<\/td>\n<\/tr>\n<tr>\n<td>                                                                     memoria: 2gb windows de 32 bits<\/td>\n<\/tr>\n<tr>\n<td>                                                                                       4gb windows de 64 bits<\/td>\n<\/tr>\n<tr>\n<td>                                                                      dvd-rom: controlador de dvd-rom<\/td>\n<\/tr>\n<tr>\n<td>                                                                      usb: puerto usb 3.2<\/td>\n<\/tr>\n<tr>\n<td>                                                                      sistema operativo windows\u00ae:<\/td>\n<\/tr>\n<tr>\n<td>                                                                      windows\u00ae xp,vista, 7, 8.x,10, sp3, xp 32 y 64 bits<\/td>\n<\/tr>\n<tr>\n<td> contenido:                                               escner<\/td>\n<\/tr>\n<tr>\n<td>                                                                      fuente de alimentacin<\/td>\n<\/tr>\n<tr>\n<td>                                                                     guia rapida<\/td>\n<\/tr>\n<tr>\n<td>                                                                     cable usb 3.2<\/td>\n<\/tr>\n<tr>\n<td>                                                                     el cd-rom incluye<\/td>\n<\/tr>\n<tr>\n<td>                                                                     controlador del escner<\/td>\n<\/tr>\n<tr>\n<td>                                                                     controlador twain \/ isis<\/td>\n<\/tr>\n<tr>\n<td>                                                                     avision button manager v2<\/td>\n<\/tr>\n<tr>\n<td>                                                                     presto! bizcard<\/td>\n<\/tr>\n<tr>\n<td>                                                                     avision avscan x<\/td>\n<\/tr>\n<tr>\n<td>                                                                     nuance paperport se 14<\/td>\n<\/tr>\n<\/table>\n","protected":false},"excerpt":{"rendered":"<p>El ad345g es un escaner duplex de 60 paginas por minuto, rapido, confiable y accesible para empresas en las que es necesario digitalizar tarjetas de identificacion de plastico, tarjetas de visita, documentos u otro tipo de cartulina gruesa. Integrado con el procesador de imagenes desarrollado por. Avision, la imagen digitalizada se puede recortar, enderezar y. Optimizar automaticamente con una velocidad mejorada<\/p>\n","protected":false},"featured_media":225291,"comment_status":"open","ping_status":"open","template":"","meta":[],"product_cat":[1805,1807],"product_tag":[2307],"acf":[],"yoast_head":"<!-- This site is optimized with the Yoast SEO plugin v21.7 - https:\/\/yoast.com\/wordpress\/plugins\/seo\/ -->\n<title>[ Avision ] &#129351; 000-0995-08g Escaner Ad345g, 60 Ppm\/120 Ipm, 600 Dpi, 48 Bits Entrada - 24 Bits Salida, Usb, Duplex, Adf<\/title>\n<meta name=\"description\" content=\"Compra 000-0995-08g Escaner Ad345g, 60 Ppm\/120 Ipm, 600 Dpi, 48 Bits Entrada - 24 Bits Salida, Usb, Duplex, Adf + Env\u00edo a domicilio + Pago seguro + Garant\u00eda\" \/>\n<meta name=\"robots\" content=\"index, follow, max-snippet:-1, max-image-preview:large, max-video-preview:-1\" \/>\n<link rel=\"canonical\" href=\"https:\/\/compuviper.mx\/tienda\/producto\/avision-000-0995-08g-escaner-ad345g-60-ppm-120-ipm-600-dpi-48-bits-entrada-24-bits-salida-usb-duplex-adf\/\" \/>\n<meta property=\"og:locale\" content=\"es_MX\" \/>\n<meta property=\"og:type\" content=\"article\" \/>\n<meta property=\"og:title\" content=\"[ Avision ] &#129351; 000-0995-08g Escaner Ad345g, 60 Ppm\/120 Ipm, 600 Dpi, 48 Bits Entrada - 24 Bits Salida, Usb, Duplex, Adf\" \/>\n<meta property=\"og:description\" content=\"Compra 000-0995-08g Escaner Ad345g, 60 Ppm\/120 Ipm, 600 Dpi, 48 Bits Entrada - 24 Bits Salida, Usb, Duplex, Adf + Env\u00edo a domicilio + Pago seguro + Garant\u00eda\" \/>\n<meta property=\"og:url\" content=\"https:\/\/compuviper.mx\/tienda\/producto\/avision-000-0995-08g-escaner-ad345g-60-ppm-120-ipm-600-dpi-48-bits-entrada-24-bits-salida-usb-duplex-adf\/\" \/>\n<meta property=\"og:site_name\" content=\"Compuviper\" \/>\n<meta property=\"article:publisher\" content=\"https:\/\/www.facebook.com\/compuviper\" \/>\n<meta property=\"og:image\" content=\"https:\/\/compuviper.mx\/tienda\/wp-content\/uploads\/2023\/12\/Escaner-avision-ad345g-60-ppm120-ipm-600-dpi-48-bits-entrada-24-bits-salida-usb-duplex-adf.jpg\" \/>\n\t<meta property=\"og:image:width\" content=\"200\" \/>\n\t<meta property=\"og:image:height\" content=\"200\" \/>\n\t<meta property=\"og:image:type\" content=\"image\/jpeg\" \/>\n<meta name=\"twitter:card\" content=\"summary_large_image\" \/>\n<meta name=\"twitter:label1\" content=\"Precio\" \/>\n\t<meta name=\"twitter:data1\" content=\"&#36;7,919 con IVA\" \/>\n\t<meta name=\"twitter:label2\" content=\"Availability\" \/>\n\t<meta name=\"twitter:data2\" content=\"In stock\" \/>\n<script type=\"application\/ld+json\" class=\"yoast-schema-graph\">{\"@context\":\"https:\/\/schema.org\",\"@graph\":[{\"@type\":\"WebPage\",\"@id\":\"https:\/\/compuviper.mx\/tienda\/producto\/avision-000-0995-08g-escaner-ad345g-60-ppm-120-ipm-600-dpi-48-bits-entrada-24-bits-salida-usb-duplex-adf\/\",\"url\":\"https:\/\/compuviper.mx\/tienda\/producto\/avision-000-0995-08g-escaner-ad345g-60-ppm-120-ipm-600-dpi-48-bits-entrada-24-bits-salida-usb-duplex-adf\/\",\"name\":\"[ Avision ] &#129351; 000-0995-08g Escaner Ad345g, 60 Ppm\/120 Ipm, 600 Dpi, 48 Bits Entrada - 24 Bits Salida, Usb, Duplex, Adf\",\"isPartOf\":{\"@id\":\"https:\/\/compuviper.mx\/tienda\/#website\"},\"datePublished\":\"2026-04-28T07:56:47+00:00\",\"dateModified\":\"2026-04-28T07:56:47+00:00\",\"description\":\"Compra 000-0995-08g Escaner Ad345g, 60 Ppm\/120 Ipm, 600 Dpi, 48 Bits Entrada - 24 Bits Salida, Usb, Duplex, Adf + Env\u00edo a domicilio + Pago seguro + Garant\u00eda\",\"breadcrumb\":{\"@id\":\"https:\/\/compuviper.mx\/tienda\/producto\/avision-000-0995-08g-escaner-ad345g-60-ppm-120-ipm-600-dpi-48-bits-entrada-24-bits-salida-usb-duplex-adf\/#breadcrumb\"},\"inLanguage\":\"es-MX\",\"potentialAction\":[{\"@type\":\"ReadAction\",\"target\":[\"https:\/\/compuviper.mx\/tienda\/producto\/avision-000-0995-08g-escaner-ad345g-60-ppm-120-ipm-600-dpi-48-bits-entrada-24-bits-salida-usb-duplex-adf\/\"]}]},{\"@type\":\"BreadcrumbList\",\"@id\":\"https:\/\/compuviper.mx\/tienda\/producto\/avision-000-0995-08g-escaner-ad345g-60-ppm-120-ipm-600-dpi-48-bits-entrada-24-bits-salida-usb-duplex-adf\/#breadcrumb\",\"itemListElement\":[{\"@type\":\"ListItem\",\"position\":1,\"name\":\"Inicio\",\"item\":\"https:\/\/compuviper.mx\/tienda\/\"},{\"@type\":\"ListItem\",\"position\":2,\"name\":\"Productos\",\"item\":\"https:\/\/compuviper.mx\/tienda\/productos\/\"},{\"@type\":\"ListItem\",\"position\":3,\"name\":\"Scanner\",\"item\":\"https:\/\/compuviper.mx\/tienda\/categoria-producto\/scanner\/\"},{\"@type\":\"ListItem\",\"position\":4,\"name\":\"Scanner Documentos\",\"item\":\"https:\/\/compuviper.mx\/tienda\/categoria-producto\/scanner\/scanner-documentos\/\"},{\"@type\":\"ListItem\",\"position\":5,\"name\":\"Avision 000-0995-08g Escaner Ad345g, 60 Ppm\/120 Ipm, 600 Dpi, 48 Bits Entrada &#8211; 24 Bits Salida, Usb, Duplex, Adf\"}]},{\"@type\":\"WebSite\",\"@id\":\"https:\/\/compuviper.mx\/tienda\/#website\",\"url\":\"https:\/\/compuviper.mx\/tienda\/\",\"name\":\"Compuviper\",\"description\":\"Proveedor de Computadoras, Laptops, Servidores, Monitores, Puntos de Venta, Teclados,   Impresoras, T\u00f3ner, C\u00e1maras de Seguridad y m\u00e1s en tu tienda en l\u00ednea\",\"publisher\":{\"@id\":\"https:\/\/compuviper.mx\/tienda\/#organization\"},\"potentialAction\":[{\"@type\":\"SearchAction\",\"target\":{\"@type\":\"EntryPoint\",\"urlTemplate\":\"https:\/\/compuviper.mx\/tienda\/?s={search_term_string}\"},\"query-input\":\"required name=search_term_string\"}],\"inLanguage\":\"es-MX\"},{\"@type\":\"Organization\",\"@id\":\"https:\/\/compuviper.mx\/tienda\/#organization\",\"name\":\"Compuviper\",\"url\":\"https:\/\/compuviper.mx\/tienda\/\",\"logo\":{\"@type\":\"ImageObject\",\"inLanguage\":\"es-MX\",\"@id\":\"https:\/\/compuviper.mx\/tienda\/#\/schema\/logo\/image\/\",\"url\":\"https:\/\/compuviper.mx\/tienda\/wp-content\/uploads\/2021\/08\/Logo-Compuviper-10.png\",\"contentUrl\":\"https:\/\/compuviper.mx\/tienda\/wp-content\/uploads\/2021\/08\/Logo-Compuviper-10.png\",\"width\":1000,\"height\":500,\"caption\":\"Compuviper\"},\"image\":{\"@id\":\"https:\/\/compuviper.mx\/tienda\/#\/schema\/logo\/image\/\"},\"sameAs\":[\"https:\/\/www.facebook.com\/compuviper\",\"https:\/\/www.youtube.com\/channel\/UCf73dERp9Y3cfOq7q8BhLjA?view_as=subscriber\"]}]}<\/script>\n<meta property=\"product:brand\" content=\"Avision\" \/>\n<meta property=\"product:price:amount\" content=\"7919\" \/>\n<meta property=\"product:price:currency\" content=\"MXN\" \/>\n<meta property=\"og:availability\" content=\"instock\" \/>\n<meta property=\"product:availability\" content=\"instock\" \/>\n<meta property=\"product:retailer_item_id\" content=\"000-0995-08G\" \/>\n<meta property=\"product:condition\" content=\"new\" \/>\n<!-- \/ Yoast SEO plugin. -->","yoast_head_json":{"title":"[ Avision ] &#129351; 000-0995-08g Escaner Ad345g, 60 Ppm\/120 Ipm, 600 Dpi, 48 Bits Entrada - 24 Bits Salida, Usb, Duplex, Adf","description":"Compra 000-0995-08g Escaner Ad345g, 60 Ppm\/120 Ipm, 600 Dpi, 48 Bits Entrada - 24 Bits Salida, Usb, Duplex, Adf + Env\u00edo a domicilio + Pago seguro + Garant\u00eda","robots":{"index":"index","follow":"follow","max-snippet":"max-snippet:-1","max-image-preview":"max-image-preview:large","max-video-preview":"max-video-preview:-1"},"canonical":"https:\/\/compuviper.mx\/tienda\/producto\/avision-000-0995-08g-escaner-ad345g-60-ppm-120-ipm-600-dpi-48-bits-entrada-24-bits-salida-usb-duplex-adf\/","og_locale":"es_MX","og_type":"article","og_title":"[ Avision ] &#129351; 000-0995-08g Escaner Ad345g, 60 Ppm\/120 Ipm, 600 Dpi, 48 Bits Entrada - 24 Bits Salida, Usb, Duplex, Adf","og_description":"Compra 000-0995-08g Escaner Ad345g, 60 Ppm\/120 Ipm, 600 Dpi, 48 Bits Entrada - 24 Bits Salida, Usb, Duplex, Adf + Env\u00edo a domicilio + Pago seguro + Garant\u00eda","og_url":"https:\/\/compuviper.mx\/tienda\/producto\/avision-000-0995-08g-escaner-ad345g-60-ppm-120-ipm-600-dpi-48-bits-entrada-24-bits-salida-usb-duplex-adf\/","og_site_name":"Compuviper","article_publisher":"https:\/\/www.facebook.com\/compuviper","og_image":[{"width":200,"height":200,"url":"https:\/\/compuviper.mx\/tienda\/wp-content\/uploads\/2023\/12\/Escaner-avision-ad345g-60-ppm120-ipm-600-dpi-48-bits-entrada-24-bits-salida-usb-duplex-adf.jpg","type":"image\/jpeg"}],"twitter_card":"summary_large_image","twitter_misc":{"Precio":"&#36;7,919 con IVA","Availability":"In stock"},"schema":{"@context":"https:\/\/schema.org","@graph":[{"@type":"WebPage","@id":"https:\/\/compuviper.mx\/tienda\/producto\/avision-000-0995-08g-escaner-ad345g-60-ppm-120-ipm-600-dpi-48-bits-entrada-24-bits-salida-usb-duplex-adf\/","url":"https:\/\/compuviper.mx\/tienda\/producto\/avision-000-0995-08g-escaner-ad345g-60-ppm-120-ipm-600-dpi-48-bits-entrada-24-bits-salida-usb-duplex-adf\/","name":"[ Avision ] &#129351; 000-0995-08g Escaner Ad345g, 60 Ppm\/120 Ipm, 600 Dpi, 48 Bits Entrada - 24 Bits Salida, Usb, Duplex, Adf","isPartOf":{"@id":"https:\/\/compuviper.mx\/tienda\/#website"},"datePublished":"2026-04-28T07:56:47+00:00","dateModified":"2026-04-28T07:56:47+00:00","description":"Compra 000-0995-08g Escaner Ad345g, 60 Ppm\/120 Ipm, 600 Dpi, 48 Bits Entrada - 24 Bits Salida, Usb, Duplex, Adf + Env\u00edo a domicilio + Pago seguro + Garant\u00eda","breadcrumb":{"@id":"https:\/\/compuviper.mx\/tienda\/producto\/avision-000-0995-08g-escaner-ad345g-60-ppm-120-ipm-600-dpi-48-bits-entrada-24-bits-salida-usb-duplex-adf\/#breadcrumb"},"inLanguage":"es-MX","potentialAction":[{"@type":"ReadAction","target":["https:\/\/compuviper.mx\/tienda\/producto\/avision-000-0995-08g-escaner-ad345g-60-ppm-120-ipm-600-dpi-48-bits-entrada-24-bits-salida-usb-duplex-adf\/"]}]},{"@type":"BreadcrumbList","@id":"https:\/\/compuviper.mx\/tienda\/producto\/avision-000-0995-08g-escaner-ad345g-60-ppm-120-ipm-600-dpi-48-bits-entrada-24-bits-salida-usb-duplex-adf\/#breadcrumb","itemListElement":[{"@type":"ListItem","position":1,"name":"Inicio","item":"https:\/\/compuviper.mx\/tienda\/"},{"@type":"ListItem","position":2,"name":"Productos","item":"https:\/\/compuviper.mx\/tienda\/productos\/"},{"@type":"ListItem","position":3,"name":"Scanner","item":"https:\/\/compuviper.mx\/tienda\/categoria-producto\/scanner\/"},{"@type":"ListItem","position":4,"name":"Scanner Documentos","item":"https:\/\/compuviper.mx\/tienda\/categoria-producto\/scanner\/scanner-documentos\/"},{"@type":"ListItem","position":5,"name":"Avision 000-0995-08g Escaner Ad345g, 60 Ppm\/120 Ipm, 600 Dpi, 48 Bits Entrada &#8211; 24 Bits Salida, Usb, Duplex, Adf"}]},{"@type":"WebSite","@id":"https:\/\/compuviper.mx\/tienda\/#website","url":"https:\/\/compuviper.mx\/tienda\/","name":"Compuviper","description":"Proveedor de Computadoras, Laptops, Servidores, Monitores, Puntos de Venta, Teclados,   Impresoras, T\u00f3ner, C\u00e1maras de Seguridad y m\u00e1s en tu tienda en l\u00ednea","publisher":{"@id":"https:\/\/compuviper.mx\/tienda\/#organization"},"potentialAction":[{"@type":"SearchAction","target":{"@type":"EntryPoint","urlTemplate":"https:\/\/compuviper.mx\/tienda\/?s={search_term_string}"},"query-input":"required name=search_term_string"}],"inLanguage":"es-MX"},{"@type":"Organization","@id":"https:\/\/compuviper.mx\/tienda\/#organization","name":"Compuviper","url":"https:\/\/compuviper.mx\/tienda\/","logo":{"@type":"ImageObject","inLanguage":"es-MX","@id":"https:\/\/compuviper.mx\/tienda\/#\/schema\/logo\/image\/","url":"https:\/\/compuviper.mx\/tienda\/wp-content\/uploads\/2021\/08\/Logo-Compuviper-10.png","contentUrl":"https:\/\/compuviper.mx\/tienda\/wp-content\/uploads\/2021\/08\/Logo-Compuviper-10.png","width":1000,"height":500,"caption":"Compuviper"},"image":{"@id":"https:\/\/compuviper.mx\/tienda\/#\/schema\/logo\/image\/"},"sameAs":["https:\/\/www.facebook.com\/compuviper","https:\/\/www.youtube.com\/channel\/UCf73dERp9Y3cfOq7q8BhLjA?view_as=subscriber"]}]},"product_brand":"Avision","product_price_amount":"7919","product_price_currency":"MXN","og_availability":"instock","product_availability":"instock","product_retailer_item_id":"000-0995-08G","product_condition":"new"},"_links":{"self":[{"href":"https:\/\/compuviper.mx\/tienda\/wp-json\/wp\/v2\/product\/225290"}],"collection":[{"href":"https:\/\/compuviper.mx\/tienda\/wp-json\/wp\/v2\/product"}],"about":[{"href":"https:\/\/compuviper.mx\/tienda\/wp-json\/wp\/v2\/types\/product"}],"replies":[{"embeddable":true,"href":"https:\/\/compuviper.mx\/tienda\/wp-json\/wp\/v2\/comments?post=225290"}],"wp:featuredmedia":[{"embeddable":true,"href":"https:\/\/compuviper.mx\/tienda\/wp-json\/wp\/v2\/media\/225291"}],"wp:attachment":[{"href":"https:\/\/compuviper.mx\/tienda\/wp-json\/wp\/v2\/media?parent=225290"}],"wp:term":[{"taxonomy":"product_cat","embeddable":true,"href":"https:\/\/compuviper.mx\/tienda\/wp-json\/wp\/v2\/product_cat?post=225290"},{"taxonomy":"product_tag","embeddable":true,"href":"https:\/\/compuviper.mx\/tienda\/wp-json\/wp\/v2\/product_tag?post=225290"}],"curies":[{"name":"wp","href":"https:\/\/api.w.org\/{rel}","templated":true}]}}