{"id":225288,"date":"2026-04-28T01:56:46","date_gmt":"2026-04-28T07:56:46","guid":{"rendered":"https:\/\/compuviper.mx\/tienda\/producto\/dataproducts-000-0972-08g-escaner-avision-av332u-40-ppm-80-ipm-600-dpi-48-bits-entrada-24-bits-salida-usb-2-0-duplex-adf\/"},"modified":"2026-04-28T01:56:46","modified_gmt":"2026-04-28T07:56:46","slug":"avision-000-0972-08g-escaner-av332u-40-ppm-80-ipm-600-dpi-48-bits-entrada-24-bits-salida-usb-2-0-duplex-adf","status":"publish","type":"product","link":"https:\/\/compuviper.mx\/tienda\/producto\/avision-000-0972-08g-escaner-av332u-40-ppm-80-ipm-600-dpi-48-bits-entrada-24-bits-salida-usb-2-0-duplex-adf\/","title":{"rendered":"Avision 000-0972-08g Escaner  Av332u, 40 Ppm \/ 80 Ipm, 600 Dpi, 48 Bits Entrada \/ 24 Bits Salida, Usb 2.0, Duplex, Adf"},"content":{"rendered":"<table class=\"descripcion\">\n<tr>\n<td>* alimentador de papel:     adf 50 hojas de capacidad<\/td>\n<\/tr>\n<tr>\n<td>* tecnologia de escaneo:   sensor de imagen de contacto (cis)<\/td>\n<\/tr>\n<tr>\n<td>* fuente de luz:                  led<\/td>\n<\/tr>\n<tr>\n<td>* grosor de tarjeta de identificacion:   hasta 1.25 mm<\/td>\n<\/tr>\n<tr>\n<td>* modo de pagina larga:     200 dpi: 6000mm<\/td>\n<\/tr>\n<tr>\n<td>                                           300 dpi: 5540 mm<\/td>\n<\/tr>\n<tr>\n<td>                                           600 dpi: 1500 mm<\/td>\n<\/tr>\n<tr>\n<td>* tama\u00f1o de escaneo:        max. 216 x 356 mm (legal)<\/td>\n<\/tr>\n<tr>\n<td>                                            min. 52 x 74 mm<\/td>\n<\/tr>\n<tr>\n<td>* velocidad de escaneo      40 ppm \/ 80 ipm<\/td>\n<\/tr>\n<tr>\n<td>* grosor de papel:               27-413 g\/m\u00b2<\/td>\n<\/tr>\n<tr>\n<td>* resolucion optica:            600 dpi<\/td>\n<\/tr>\n<tr>\n<td>* resolucion de salida:       75, 100, 150, 200, 300, 400,600 y 1200 dpi<\/td>\n<\/tr>\n<tr>\n<td>* escala de grises:             16 bits entrada &#8211; 8 bits de salidas<\/td>\n<\/tr>\n<tr>\n<td>* color:                                48 bits de entrada &#8211; 24 bits salida<\/td>\n<\/tr>\n<tr>\n<td>* formatos de archivo:       bpm, png, gif, jpeg, pdf, searchable pdf, multi-page tiff, tiff, rtf, txt, xps,<\/td>\n<\/tr>\n<tr>\n<td>                                           doc, xls, ppt, docx, xlsx, pptx, html<\/td>\n<\/tr>\n<tr>\n<td>* software incluido:           avision button manager v2, avision avscan x, nuance paperport se 14<\/td>\n<\/tr>\n<tr>\n<td>* interface:                         usb 2.0<\/td>\n<\/tr>\n<tr>\n<td>* fuente de alimentaci\u00f3n:    inpu 100 -240 vac, 50\/60 hz, output 24v, 1.5a<\/td>\n<\/tr>\n<tr>\n<td>* consumo de energia:        15w<\/td>\n<\/tr>\n<tr>\n<td>* factores ambientales:       temperatura: 10\u00b0c, humedad: 10%<\/td>\n<\/tr>\n<tr>\n<td>* factores acusticos:          25 db<\/td>\n<\/tr>\n<tr>\n<td>* ciclo recomendado diario:   5,000 hojas<\/td>\n<\/tr>\n<tr>\n<td>* sistema:                                                   cpu: intel\u00ae core i3 (2.1 ghz)<\/td>\n<\/tr>\n<tr>\n<td>                                                                     memoria: 2gb (windows de 32 bits)<\/td>\n<\/tr>\n<tr>\n<td>                                                                                       4gb (windows de 64 bits)<\/td>\n<\/tr>\n<tr>\n<td>                                                                      dvd-rom: controlador de dvd-rom<\/td>\n<\/tr>\n<tr>\n<td>                                                                      usb: puerto usb 2.0<\/td>\n<\/tr>\n<tr>\n<td>                                                                      sistema operativo windows\u00ae:<\/td>\n<\/tr>\n<tr>\n<td>                                                                      windows\u00ae xp,vista, 7, 8.x,10, sp3, xp (32 y 64 bits<\/td>\n<\/tr>\n<tr>\n<td>* contenido:                                               esc\u00e1ner<\/td>\n<\/tr>\n<tr>\n<td>                                                                      fuente de alimentaci\u00f3n<\/td>\n<\/tr>\n<tr>\n<td>                                                                     guia rapida<\/td>\n<\/tr>\n<tr>\n<td>                                                                     cable usb 2.0<\/td>\n<\/tr>\n<tr>\n<td>                                                                     el cd-rom incluye<\/td>\n<\/tr>\n<tr>\n<td>                                                                     controlador del esc\u00e1ner<\/td>\n<\/tr>\n<tr>\n<td>                                                                     (controlador twain \/ isis)<\/td>\n<\/tr>\n<tr>\n<td>                                                                     avision button manager v2<\/td>\n<\/tr>\n<tr>\n<td>                                                                     presto! bizcard<\/td>\n<\/tr>\n<tr>\n<td>                                                                     avision avscan x<\/td>\n<\/tr>\n<tr>\n<td>                                                                     nuance paperport se 14<\/td>\n<\/tr>\n<\/table>\n","protected":false},"excerpt":{"rendered":"<p>Un escaner duplex, compacto y accesible. El av332 es un escaner de alimentacion de hojas duplex de 32 ppm\/64 ipm que es rapido, fiable y asequible para las empresas en las que es necesario escanear tarjetas de identificaci\u00f3n de plastico, tarjetas de visita, documentos u otras cartulinas pesadas. Con la ruta de papel recta, el esc\u00e1ner admite papel de 27 a 413 g\/m\u00b2 (7 a 110 lb) de peso y en tama\u00f1o de 8,5\u0094 x 14\u0094 (legal) y admite tarjetas de pl\u00e1stico en relieve, como tarjetas de credito o licencias de conducir. Hasta 1,25 mm de espesor para que se transmita sin problemas. La deteccion ultrasonica de alimentacion multiple le asegura que no se perdera ni una sola pagina de sus documentos.<\/p>\n","protected":false},"featured_media":225289,"comment_status":"open","ping_status":"open","template":"","meta":[],"product_cat":[1805,1807],"product_tag":[2307],"acf":[],"yoast_head":"<!-- This site is optimized with the Yoast SEO plugin v21.7 - https:\/\/yoast.com\/wordpress\/plugins\/seo\/ -->\n<title>[ Avision ] &#129351; 000-0972-08g Escaner Av332u, 40 Ppm \/ 80 Ipm, 600 Dpi, 48 Bits Entrada \/ 24 Bits Salida, Usb 2.0, Duplex, Adf<\/title>\n<meta name=\"description\" content=\"Compra 000-0972-08g Escaner Av332u, 40 Ppm \/ 80 Ipm, 600 Dpi, 48 Bits Entrada \/ 24 Bits Salida, Usb 2.0, Duplex, Adf + Env\u00edo a domicilio + Pago seguro + Garant\u00eda\" \/>\n<meta name=\"robots\" content=\"index, follow, max-snippet:-1, max-image-preview:large, max-video-preview:-1\" \/>\n<link rel=\"canonical\" href=\"https:\/\/compuviper.mx\/tienda\/producto\/avision-000-0972-08g-escaner-av332u-40-ppm-80-ipm-600-dpi-48-bits-entrada-24-bits-salida-usb-2-0-duplex-adf\/\" \/>\n<meta property=\"og:locale\" content=\"es_MX\" \/>\n<meta property=\"og:type\" content=\"article\" \/>\n<meta property=\"og:title\" content=\"[ Avision ] &#129351; 000-0972-08g Escaner Av332u, 40 Ppm \/ 80 Ipm, 600 Dpi, 48 Bits Entrada \/ 24 Bits Salida, Usb 2.0, Duplex, Adf\" \/>\n<meta property=\"og:description\" content=\"Compra 000-0972-08g Escaner Av332u, 40 Ppm \/ 80 Ipm, 600 Dpi, 48 Bits Entrada \/ 24 Bits Salida, Usb 2.0, Duplex, Adf + Env\u00edo a domicilio + Pago seguro + Garant\u00eda\" \/>\n<meta property=\"og:url\" content=\"https:\/\/compuviper.mx\/tienda\/producto\/avision-000-0972-08g-escaner-av332u-40-ppm-80-ipm-600-dpi-48-bits-entrada-24-bits-salida-usb-2-0-duplex-adf\/\" \/>\n<meta property=\"og:site_name\" content=\"Compuviper\" \/>\n<meta property=\"article:publisher\" content=\"https:\/\/www.facebook.com\/compuviper\" \/>\n<meta property=\"og:image\" content=\"https:\/\/compuviper.mx\/tienda\/wp-content\/uploads\/2023\/12\/Escaner-avision-av332u-40-ppm-80-ipm-600-dpi-48-bits-entrada-24-bits-salida-usb-2.0-duplex-adf.jpg\" \/>\n\t<meta property=\"og:image:width\" content=\"200\" \/>\n\t<meta property=\"og:image:height\" content=\"200\" \/>\n\t<meta property=\"og:image:type\" content=\"image\/jpeg\" \/>\n<meta name=\"twitter:card\" content=\"summary_large_image\" \/>\n<meta name=\"twitter:label1\" content=\"Precio\" \/>\n\t<meta name=\"twitter:data1\" content=\"&#36;5,064 con IVA\" \/>\n\t<meta name=\"twitter:label2\" content=\"Availability\" \/>\n\t<meta name=\"twitter:data2\" content=\"Out of stock\" \/>\n<script type=\"application\/ld+json\" class=\"yoast-schema-graph\">{\"@context\":\"https:\/\/schema.org\",\"@graph\":[{\"@type\":\"WebPage\",\"@id\":\"https:\/\/compuviper.mx\/tienda\/producto\/avision-000-0972-08g-escaner-av332u-40-ppm-80-ipm-600-dpi-48-bits-entrada-24-bits-salida-usb-2-0-duplex-adf\/\",\"url\":\"https:\/\/compuviper.mx\/tienda\/producto\/avision-000-0972-08g-escaner-av332u-40-ppm-80-ipm-600-dpi-48-bits-entrada-24-bits-salida-usb-2-0-duplex-adf\/\",\"name\":\"[ Avision ] &#129351; 000-0972-08g Escaner Av332u, 40 Ppm \/ 80 Ipm, 600 Dpi, 48 Bits Entrada \/ 24 Bits Salida, Usb 2.0, Duplex, Adf\",\"isPartOf\":{\"@id\":\"https:\/\/compuviper.mx\/tienda\/#website\"},\"datePublished\":\"2026-04-28T07:56:46+00:00\",\"dateModified\":\"2026-04-28T07:56:46+00:00\",\"description\":\"Compra 000-0972-08g Escaner Av332u, 40 Ppm \/ 80 Ipm, 600 Dpi, 48 Bits Entrada \/ 24 Bits Salida, Usb 2.0, Duplex, Adf + Env\u00edo a domicilio + Pago seguro + Garant\u00eda\",\"breadcrumb\":{\"@id\":\"https:\/\/compuviper.mx\/tienda\/producto\/avision-000-0972-08g-escaner-av332u-40-ppm-80-ipm-600-dpi-48-bits-entrada-24-bits-salida-usb-2-0-duplex-adf\/#breadcrumb\"},\"inLanguage\":\"es-MX\",\"potentialAction\":[{\"@type\":\"ReadAction\",\"target\":[\"https:\/\/compuviper.mx\/tienda\/producto\/avision-000-0972-08g-escaner-av332u-40-ppm-80-ipm-600-dpi-48-bits-entrada-24-bits-salida-usb-2-0-duplex-adf\/\"]}]},{\"@type\":\"BreadcrumbList\",\"@id\":\"https:\/\/compuviper.mx\/tienda\/producto\/avision-000-0972-08g-escaner-av332u-40-ppm-80-ipm-600-dpi-48-bits-entrada-24-bits-salida-usb-2-0-duplex-adf\/#breadcrumb\",\"itemListElement\":[{\"@type\":\"ListItem\",\"position\":1,\"name\":\"Inicio\",\"item\":\"https:\/\/compuviper.mx\/tienda\/\"},{\"@type\":\"ListItem\",\"position\":2,\"name\":\"Productos\",\"item\":\"https:\/\/compuviper.mx\/tienda\/productos\/\"},{\"@type\":\"ListItem\",\"position\":3,\"name\":\"Scanner\",\"item\":\"https:\/\/compuviper.mx\/tienda\/categoria-producto\/scanner\/\"},{\"@type\":\"ListItem\",\"position\":4,\"name\":\"Scanner Documentos\",\"item\":\"https:\/\/compuviper.mx\/tienda\/categoria-producto\/scanner\/scanner-documentos\/\"},{\"@type\":\"ListItem\",\"position\":5,\"name\":\"Avision 000-0972-08g Escaner Av332u, 40 Ppm \/ 80 Ipm, 600 Dpi, 48 Bits Entrada \/ 24 Bits Salida, Usb 2.0, Duplex, Adf\"}]},{\"@type\":\"WebSite\",\"@id\":\"https:\/\/compuviper.mx\/tienda\/#website\",\"url\":\"https:\/\/compuviper.mx\/tienda\/\",\"name\":\"Compuviper\",\"description\":\"Proveedor de Computadoras, Laptops, Servidores, Monitores, Puntos de Venta, Teclados,   Impresoras, T\u00f3ner, C\u00e1maras de Seguridad y m\u00e1s en tu tienda en l\u00ednea\",\"publisher\":{\"@id\":\"https:\/\/compuviper.mx\/tienda\/#organization\"},\"potentialAction\":[{\"@type\":\"SearchAction\",\"target\":{\"@type\":\"EntryPoint\",\"urlTemplate\":\"https:\/\/compuviper.mx\/tienda\/?s={search_term_string}\"},\"query-input\":\"required name=search_term_string\"}],\"inLanguage\":\"es-MX\"},{\"@type\":\"Organization\",\"@id\":\"https:\/\/compuviper.mx\/tienda\/#organization\",\"name\":\"Compuviper\",\"url\":\"https:\/\/compuviper.mx\/tienda\/\",\"logo\":{\"@type\":\"ImageObject\",\"inLanguage\":\"es-MX\",\"@id\":\"https:\/\/compuviper.mx\/tienda\/#\/schema\/logo\/image\/\",\"url\":\"https:\/\/compuviper.mx\/tienda\/wp-content\/uploads\/2021\/08\/Logo-Compuviper-10.png\",\"contentUrl\":\"https:\/\/compuviper.mx\/tienda\/wp-content\/uploads\/2021\/08\/Logo-Compuviper-10.png\",\"width\":1000,\"height\":500,\"caption\":\"Compuviper\"},\"image\":{\"@id\":\"https:\/\/compuviper.mx\/tienda\/#\/schema\/logo\/image\/\"},\"sameAs\":[\"https:\/\/www.facebook.com\/compuviper\",\"https:\/\/www.youtube.com\/channel\/UCf73dERp9Y3cfOq7q8BhLjA?view_as=subscriber\"]}]}<\/script>\n<meta property=\"product:brand\" content=\"Avision\" \/>\n<meta property=\"product:price:amount\" content=\"5064\" \/>\n<meta property=\"product:price:currency\" content=\"MXN\" \/>\n<meta property=\"og:availability\" content=\"out of stock\" \/>\n<meta property=\"product:availability\" content=\"out of stock\" \/>\n<meta property=\"product:retailer_item_id\" content=\"000-0972-08G\" \/>\n<meta property=\"product:condition\" content=\"new\" \/>\n<!-- \/ Yoast SEO plugin. -->","yoast_head_json":{"title":"[ Avision ] &#129351; 000-0972-08g Escaner Av332u, 40 Ppm \/ 80 Ipm, 600 Dpi, 48 Bits Entrada \/ 24 Bits Salida, Usb 2.0, Duplex, Adf","description":"Compra 000-0972-08g Escaner Av332u, 40 Ppm \/ 80 Ipm, 600 Dpi, 48 Bits Entrada \/ 24 Bits Salida, Usb 2.0, Duplex, Adf + Env\u00edo a domicilio + Pago seguro + Garant\u00eda","robots":{"index":"index","follow":"follow","max-snippet":"max-snippet:-1","max-image-preview":"max-image-preview:large","max-video-preview":"max-video-preview:-1"},"canonical":"https:\/\/compuviper.mx\/tienda\/producto\/avision-000-0972-08g-escaner-av332u-40-ppm-80-ipm-600-dpi-48-bits-entrada-24-bits-salida-usb-2-0-duplex-adf\/","og_locale":"es_MX","og_type":"article","og_title":"[ Avision ] &#129351; 000-0972-08g Escaner Av332u, 40 Ppm \/ 80 Ipm, 600 Dpi, 48 Bits Entrada \/ 24 Bits Salida, Usb 2.0, Duplex, Adf","og_description":"Compra 000-0972-08g Escaner Av332u, 40 Ppm \/ 80 Ipm, 600 Dpi, 48 Bits Entrada \/ 24 Bits Salida, Usb 2.0, Duplex, Adf + Env\u00edo a domicilio + Pago seguro + Garant\u00eda","og_url":"https:\/\/compuviper.mx\/tienda\/producto\/avision-000-0972-08g-escaner-av332u-40-ppm-80-ipm-600-dpi-48-bits-entrada-24-bits-salida-usb-2-0-duplex-adf\/","og_site_name":"Compuviper","article_publisher":"https:\/\/www.facebook.com\/compuviper","og_image":[{"width":200,"height":200,"url":"https:\/\/compuviper.mx\/tienda\/wp-content\/uploads\/2023\/12\/Escaner-avision-av332u-40-ppm-80-ipm-600-dpi-48-bits-entrada-24-bits-salida-usb-2.0-duplex-adf.jpg","type":"image\/jpeg"}],"twitter_card":"summary_large_image","twitter_misc":{"Precio":"&#36;5,064 con IVA","Availability":"Out of stock"},"schema":{"@context":"https:\/\/schema.org","@graph":[{"@type":"WebPage","@id":"https:\/\/compuviper.mx\/tienda\/producto\/avision-000-0972-08g-escaner-av332u-40-ppm-80-ipm-600-dpi-48-bits-entrada-24-bits-salida-usb-2-0-duplex-adf\/","url":"https:\/\/compuviper.mx\/tienda\/producto\/avision-000-0972-08g-escaner-av332u-40-ppm-80-ipm-600-dpi-48-bits-entrada-24-bits-salida-usb-2-0-duplex-adf\/","name":"[ Avision ] &#129351; 000-0972-08g Escaner Av332u, 40 Ppm \/ 80 Ipm, 600 Dpi, 48 Bits Entrada \/ 24 Bits Salida, Usb 2.0, Duplex, Adf","isPartOf":{"@id":"https:\/\/compuviper.mx\/tienda\/#website"},"datePublished":"2026-04-28T07:56:46+00:00","dateModified":"2026-04-28T07:56:46+00:00","description":"Compra 000-0972-08g Escaner Av332u, 40 Ppm \/ 80 Ipm, 600 Dpi, 48 Bits Entrada \/ 24 Bits Salida, Usb 2.0, Duplex, Adf + Env\u00edo a domicilio + Pago seguro + Garant\u00eda","breadcrumb":{"@id":"https:\/\/compuviper.mx\/tienda\/producto\/avision-000-0972-08g-escaner-av332u-40-ppm-80-ipm-600-dpi-48-bits-entrada-24-bits-salida-usb-2-0-duplex-adf\/#breadcrumb"},"inLanguage":"es-MX","potentialAction":[{"@type":"ReadAction","target":["https:\/\/compuviper.mx\/tienda\/producto\/avision-000-0972-08g-escaner-av332u-40-ppm-80-ipm-600-dpi-48-bits-entrada-24-bits-salida-usb-2-0-duplex-adf\/"]}]},{"@type":"BreadcrumbList","@id":"https:\/\/compuviper.mx\/tienda\/producto\/avision-000-0972-08g-escaner-av332u-40-ppm-80-ipm-600-dpi-48-bits-entrada-24-bits-salida-usb-2-0-duplex-adf\/#breadcrumb","itemListElement":[{"@type":"ListItem","position":1,"name":"Inicio","item":"https:\/\/compuviper.mx\/tienda\/"},{"@type":"ListItem","position":2,"name":"Productos","item":"https:\/\/compuviper.mx\/tienda\/productos\/"},{"@type":"ListItem","position":3,"name":"Scanner","item":"https:\/\/compuviper.mx\/tienda\/categoria-producto\/scanner\/"},{"@type":"ListItem","position":4,"name":"Scanner Documentos","item":"https:\/\/compuviper.mx\/tienda\/categoria-producto\/scanner\/scanner-documentos\/"},{"@type":"ListItem","position":5,"name":"Avision 000-0972-08g Escaner Av332u, 40 Ppm \/ 80 Ipm, 600 Dpi, 48 Bits Entrada \/ 24 Bits Salida, Usb 2.0, Duplex, Adf"}]},{"@type":"WebSite","@id":"https:\/\/compuviper.mx\/tienda\/#website","url":"https:\/\/compuviper.mx\/tienda\/","name":"Compuviper","description":"Proveedor de Computadoras, Laptops, Servidores, Monitores, Puntos de Venta, Teclados,   Impresoras, T\u00f3ner, C\u00e1maras de Seguridad y m\u00e1s en tu tienda en l\u00ednea","publisher":{"@id":"https:\/\/compuviper.mx\/tienda\/#organization"},"potentialAction":[{"@type":"SearchAction","target":{"@type":"EntryPoint","urlTemplate":"https:\/\/compuviper.mx\/tienda\/?s={search_term_string}"},"query-input":"required name=search_term_string"}],"inLanguage":"es-MX"},{"@type":"Organization","@id":"https:\/\/compuviper.mx\/tienda\/#organization","name":"Compuviper","url":"https:\/\/compuviper.mx\/tienda\/","logo":{"@type":"ImageObject","inLanguage":"es-MX","@id":"https:\/\/compuviper.mx\/tienda\/#\/schema\/logo\/image\/","url":"https:\/\/compuviper.mx\/tienda\/wp-content\/uploads\/2021\/08\/Logo-Compuviper-10.png","contentUrl":"https:\/\/compuviper.mx\/tienda\/wp-content\/uploads\/2021\/08\/Logo-Compuviper-10.png","width":1000,"height":500,"caption":"Compuviper"},"image":{"@id":"https:\/\/compuviper.mx\/tienda\/#\/schema\/logo\/image\/"},"sameAs":["https:\/\/www.facebook.com\/compuviper","https:\/\/www.youtube.com\/channel\/UCf73dERp9Y3cfOq7q8BhLjA?view_as=subscriber"]}]},"product_brand":"Avision","product_price_amount":"5064","product_price_currency":"MXN","og_availability":"out of stock","product_availability":"out of stock","product_retailer_item_id":"000-0972-08G","product_condition":"new"},"_links":{"self":[{"href":"https:\/\/compuviper.mx\/tienda\/wp-json\/wp\/v2\/product\/225288"}],"collection":[{"href":"https:\/\/compuviper.mx\/tienda\/wp-json\/wp\/v2\/product"}],"about":[{"href":"https:\/\/compuviper.mx\/tienda\/wp-json\/wp\/v2\/types\/product"}],"replies":[{"embeddable":true,"href":"https:\/\/compuviper.mx\/tienda\/wp-json\/wp\/v2\/comments?post=225288"}],"wp:featuredmedia":[{"embeddable":true,"href":"https:\/\/compuviper.mx\/tienda\/wp-json\/wp\/v2\/media\/225289"}],"wp:attachment":[{"href":"https:\/\/compuviper.mx\/tienda\/wp-json\/wp\/v2\/media?parent=225288"}],"wp:term":[{"taxonomy":"product_cat","embeddable":true,"href":"https:\/\/compuviper.mx\/tienda\/wp-json\/wp\/v2\/product_cat?post=225288"},{"taxonomy":"product_tag","embeddable":true,"href":"https:\/\/compuviper.mx\/tienda\/wp-json\/wp\/v2\/product_tag?post=225288"}],"curies":[{"name":"wp","href":"https:\/\/api.w.org\/{rel}","templated":true}]}}