{"id":225282,"date":"2026-04-28T01:56:45","date_gmt":"2026-04-28T07:56:45","guid":{"rendered":"https:\/\/compuviper.mx\/tienda\/producto\/fujitsu-cg01000-299801-escaner-sp-1120n-20-ppm-40-ipm-600-dpi-24-bits-usb-duplex-adf-ethernet-red\/"},"modified":"2026-04-28T01:56:45","modified_gmt":"2026-04-28T07:56:45","slug":"ricoh-pa03811-b005-escaner-sp-1120n-20-ppm-40-ipm-adf-50-hojas-600-dpi-ciclo-3000-hojas-24-bits-color-8-bits-escala-de-grises-duplex-usb-ethernet-a4-cis","status":"publish","type":"product","link":"https:\/\/compuviper.mx\/tienda\/producto\/ricoh-pa03811-b005-escaner-sp-1120n-20-ppm-40-ipm-adf-50-hojas-600-dpi-ciclo-3000-hojas-24-bits-color-8-bits-escala-de-grises-duplex-usb-ethernet-a4-cis\/","title":{"rendered":"Ricoh Pa03811-b005 Escaner  Sp-1120n, 20 Ppm \/ 40 Ipm, Adf 50 Hojas, 600 Dpi, Ciclo 3,000 Hojas, 24 Bits Color, 8 Bits Escala De Grises, Duplex, Usb, Ethernet, A4, Cis"},"content":{"rendered":"<table class=\"descripcion\">\n<tr>\n<td>Velocidad de escaneo: 20 ppm \/ 40 ipm<\/td>\n<\/tr>\n<tr>\n<td>Capacidad del adf: 50 hojas<\/td>\n<\/tr>\n<tr>\n<td>Alimentacion de papel: curvo<\/td>\n<\/tr>\n<tr>\n<td>Tecnologia de escaneo: 2 cmos-cis<\/td>\n<\/tr>\n<tr>\n<td>Grosor de tarjetas: 0.76 mm<\/td>\n<\/tr>\n<tr>\n<td>Tamao de escaneo: a4<\/td>\n<\/tr>\n<tr>\n<td>Resolucion optica:600 dpi<\/td>\n<\/tr>\n<tr>\n<td>Ciclo diario recomendado: 3,000<\/td>\n<\/tr>\n<tr>\n<td>Fuente de iluminacion: led<\/td>\n<\/tr>\n<tr>\n<td>Formatos de salida: pdfsearchable \/ password-protected \/ compressed \/ marker index processed, jpeg, tiffsingle \/ multi-page, page output in reverse order.<\/td>\n<\/tr>\n<tr>\n<td>S.o. soportados:<\/td>\n<\/tr>\n<tr>\n<td>Windows\u00ae 10, windows\u00ae 8.1, windows\u00ae 7, windows server\u00ae 2019, windows server\u00ae 2016, windows server\u00ae 2012 r2, windows server\u00ae 2012, windows server\u00ae 2008 r2<\/td>\n<\/tr>\n<tr>\n<td>Procesamiento de imagen: software<\/td>\n<\/tr>\n<tr>\n<td>Modo de papel largo: 120<\/td>\n<\/tr>\n<\/table>\n","protected":false},"excerpt":{"rendered":"<p>La segunda generacion de escaneres sp series esta diseada para satisfacer las necesidades de digitalizacion esenciales de las empresas presupuestos ajustados, o de aquellas que estan dando los primeros pasos para obtener un enfoque de digitalizacion estructurado. \u0095automatiza las rutinas de captura; escanea, extrae y publica el contenido con tan solo pulsar un boton. \u0095simplifica las operaciones mediante la integracion de datos capturados en las aplicaciones de su negocio y en sus procesos empresariales. \u0095crea facilmente archivos pdf con funciones de bsqueda o archivos word, excel y powerpoint editables. \u0095optimiza la arquitectura de digitalizacion: utiliza cualquier escaner desde cualquier pc<\/p>\n","protected":false},"featured_media":225283,"comment_status":"open","ping_status":"open","template":"","meta":[],"product_cat":[1805,1807],"product_tag":[2306],"acf":[],"yoast_head":"<!-- This site is optimized with the Yoast SEO plugin v21.7 - https:\/\/yoast.com\/wordpress\/plugins\/seo\/ -->\n<title>[ Ricoh ] &#129351; Pa03811-b005 Escaner Sp-1120n, 20 Ppm \/ 40 Ipm, Adf 50 Hojas, 600 Dpi, Ciclo 3,000 Hojas, 24 Bits Color, 8 Bits Escala De Grises, Duplex, Usb, Ethernet, A4, Cis<\/title>\n<meta name=\"description\" content=\"Compra Pa03811-b005 Escaner Sp-1120n, 20 Ppm \/ 40 Ipm, Adf 50 Hojas, 600 Dpi, Ciclo 3,000 Hojas, 24 Bits Color, 8 Bits Escala De Grises, Duplex, Usb, Ethernet, A4, Cis + Env\u00edo a domicilio + Pago seguro + Garant\u00eda\" \/>\n<meta name=\"robots\" content=\"index, follow, max-snippet:-1, max-image-preview:large, max-video-preview:-1\" \/>\n<link rel=\"canonical\" href=\"https:\/\/compuviper.mx\/tienda\/producto\/ricoh-pa03811-b005-escaner-sp-1120n-20-ppm-40-ipm-adf-50-hojas-600-dpi-ciclo-3000-hojas-24-bits-color-8-bits-escala-de-grises-duplex-usb-ethernet-a4-cis\/\" \/>\n<meta property=\"og:locale\" content=\"es_MX\" \/>\n<meta property=\"og:type\" content=\"article\" \/>\n<meta property=\"og:title\" content=\"[ Ricoh ] &#129351; Pa03811-b005 Escaner Sp-1120n, 20 Ppm \/ 40 Ipm, Adf 50 Hojas, 600 Dpi, Ciclo 3,000 Hojas, 24 Bits Color, 8 Bits Escala De Grises, Duplex, Usb, Ethernet, A4, Cis\" \/>\n<meta property=\"og:description\" content=\"Compra Pa03811-b005 Escaner Sp-1120n, 20 Ppm \/ 40 Ipm, Adf 50 Hojas, 600 Dpi, Ciclo 3,000 Hojas, 24 Bits Color, 8 Bits Escala De Grises, Duplex, Usb, Ethernet, A4, Cis + Env\u00edo a domicilio + Pago seguro + Garant\u00eda\" \/>\n<meta property=\"og:url\" content=\"https:\/\/compuviper.mx\/tienda\/producto\/ricoh-pa03811-b005-escaner-sp-1120n-20-ppm-40-ipm-adf-50-hojas-600-dpi-ciclo-3000-hojas-24-bits-color-8-bits-escala-de-grises-duplex-usb-ethernet-a4-cis\/\" \/>\n<meta property=\"og:site_name\" content=\"Compuviper\" \/>\n<meta property=\"article:publisher\" content=\"https:\/\/www.facebook.com\/compuviper\" \/>\n<meta property=\"og:image\" content=\"https:\/\/compuviper.mx\/tienda\/wp-content\/uploads\/2023\/12\/Escaner-fujitsu-sp-1120n-20-ppm40-ipm-600-dpi-24-bits-usb-duplex-adf-ethernet-red.jpg\" \/>\n\t<meta property=\"og:image:width\" content=\"200\" \/>\n\t<meta property=\"og:image:height\" content=\"200\" \/>\n\t<meta property=\"og:image:type\" content=\"image\/jpeg\" \/>\n<meta name=\"twitter:card\" content=\"summary_large_image\" \/>\n<meta name=\"twitter:label1\" content=\"Precio\" \/>\n\t<meta name=\"twitter:data1\" content=\"&#36;6,269 con IVA\" \/>\n\t<meta name=\"twitter:label2\" content=\"Availability\" \/>\n\t<meta name=\"twitter:data2\" content=\"Out of stock\" \/>\n<script type=\"application\/ld+json\" class=\"yoast-schema-graph\">{\"@context\":\"https:\/\/schema.org\",\"@graph\":[{\"@type\":\"WebPage\",\"@id\":\"https:\/\/compuviper.mx\/tienda\/producto\/ricoh-pa03811-b005-escaner-sp-1120n-20-ppm-40-ipm-adf-50-hojas-600-dpi-ciclo-3000-hojas-24-bits-color-8-bits-escala-de-grises-duplex-usb-ethernet-a4-cis\/\",\"url\":\"https:\/\/compuviper.mx\/tienda\/producto\/ricoh-pa03811-b005-escaner-sp-1120n-20-ppm-40-ipm-adf-50-hojas-600-dpi-ciclo-3000-hojas-24-bits-color-8-bits-escala-de-grises-duplex-usb-ethernet-a4-cis\/\",\"name\":\"[ Ricoh ] &#129351; Pa03811-b005 Escaner Sp-1120n, 20 Ppm \/ 40 Ipm, Adf 50 Hojas, 600 Dpi, Ciclo 3,000 Hojas, 24 Bits Color, 8 Bits Escala De Grises, Duplex, Usb, Ethernet, A4, Cis\",\"isPartOf\":{\"@id\":\"https:\/\/compuviper.mx\/tienda\/#website\"},\"datePublished\":\"2026-04-28T07:56:45+00:00\",\"dateModified\":\"2026-04-28T07:56:45+00:00\",\"description\":\"Compra Pa03811-b005 Escaner Sp-1120n, 20 Ppm \/ 40 Ipm, Adf 50 Hojas, 600 Dpi, Ciclo 3,000 Hojas, 24 Bits Color, 8 Bits Escala De Grises, Duplex, Usb, Ethernet, A4, Cis + Env\u00edo a domicilio + Pago seguro + Garant\u00eda\",\"breadcrumb\":{\"@id\":\"https:\/\/compuviper.mx\/tienda\/producto\/ricoh-pa03811-b005-escaner-sp-1120n-20-ppm-40-ipm-adf-50-hojas-600-dpi-ciclo-3000-hojas-24-bits-color-8-bits-escala-de-grises-duplex-usb-ethernet-a4-cis\/#breadcrumb\"},\"inLanguage\":\"es-MX\",\"potentialAction\":[{\"@type\":\"ReadAction\",\"target\":[\"https:\/\/compuviper.mx\/tienda\/producto\/ricoh-pa03811-b005-escaner-sp-1120n-20-ppm-40-ipm-adf-50-hojas-600-dpi-ciclo-3000-hojas-24-bits-color-8-bits-escala-de-grises-duplex-usb-ethernet-a4-cis\/\"]}]},{\"@type\":\"BreadcrumbList\",\"@id\":\"https:\/\/compuviper.mx\/tienda\/producto\/ricoh-pa03811-b005-escaner-sp-1120n-20-ppm-40-ipm-adf-50-hojas-600-dpi-ciclo-3000-hojas-24-bits-color-8-bits-escala-de-grises-duplex-usb-ethernet-a4-cis\/#breadcrumb\",\"itemListElement\":[{\"@type\":\"ListItem\",\"position\":1,\"name\":\"Inicio\",\"item\":\"https:\/\/compuviper.mx\/tienda\/\"},{\"@type\":\"ListItem\",\"position\":2,\"name\":\"Productos\",\"item\":\"https:\/\/compuviper.mx\/tienda\/productos\/\"},{\"@type\":\"ListItem\",\"position\":3,\"name\":\"Scanner\",\"item\":\"https:\/\/compuviper.mx\/tienda\/categoria-producto\/scanner\/\"},{\"@type\":\"ListItem\",\"position\":4,\"name\":\"Scanner Documentos\",\"item\":\"https:\/\/compuviper.mx\/tienda\/categoria-producto\/scanner\/scanner-documentos\/\"},{\"@type\":\"ListItem\",\"position\":5,\"name\":\"Ricoh Pa03811-b005 Escaner Sp-1120n, 20 Ppm \/ 40 Ipm, Adf 50 Hojas, 600 Dpi, Ciclo 3,000 Hojas, 24 Bits Color, 8 Bits Escala De Grises, Duplex, Usb, Ethernet, A4, Cis\"}]},{\"@type\":\"WebSite\",\"@id\":\"https:\/\/compuviper.mx\/tienda\/#website\",\"url\":\"https:\/\/compuviper.mx\/tienda\/\",\"name\":\"Compuviper\",\"description\":\"Proveedor de Computadoras, Laptops, Servidores, Monitores, Puntos de Venta, Teclados,   Impresoras, T\u00f3ner, C\u00e1maras de Seguridad y m\u00e1s en tu tienda en l\u00ednea\",\"publisher\":{\"@id\":\"https:\/\/compuviper.mx\/tienda\/#organization\"},\"potentialAction\":[{\"@type\":\"SearchAction\",\"target\":{\"@type\":\"EntryPoint\",\"urlTemplate\":\"https:\/\/compuviper.mx\/tienda\/?s={search_term_string}\"},\"query-input\":\"required name=search_term_string\"}],\"inLanguage\":\"es-MX\"},{\"@type\":\"Organization\",\"@id\":\"https:\/\/compuviper.mx\/tienda\/#organization\",\"name\":\"Compuviper\",\"url\":\"https:\/\/compuviper.mx\/tienda\/\",\"logo\":{\"@type\":\"ImageObject\",\"inLanguage\":\"es-MX\",\"@id\":\"https:\/\/compuviper.mx\/tienda\/#\/schema\/logo\/image\/\",\"url\":\"https:\/\/compuviper.mx\/tienda\/wp-content\/uploads\/2021\/08\/Logo-Compuviper-10.png\",\"contentUrl\":\"https:\/\/compuviper.mx\/tienda\/wp-content\/uploads\/2021\/08\/Logo-Compuviper-10.png\",\"width\":1000,\"height\":500,\"caption\":\"Compuviper\"},\"image\":{\"@id\":\"https:\/\/compuviper.mx\/tienda\/#\/schema\/logo\/image\/\"},\"sameAs\":[\"https:\/\/www.facebook.com\/compuviper\",\"https:\/\/www.youtube.com\/channel\/UCf73dERp9Y3cfOq7q8BhLjA?view_as=subscriber\"]}]}<\/script>\n<meta property=\"product:brand\" content=\"Ricoh\" \/>\n<meta property=\"product:price:amount\" content=\"6269\" \/>\n<meta property=\"product:price:currency\" content=\"MXN\" \/>\n<meta property=\"og:availability\" content=\"out of stock\" \/>\n<meta property=\"product:availability\" content=\"out of stock\" \/>\n<meta property=\"product:retailer_item_id\" content=\"PA03811-B005\" \/>\n<meta property=\"product:condition\" content=\"new\" \/>\n<!-- \/ Yoast SEO plugin. -->","yoast_head_json":{"title":"[ Ricoh ] &#129351; Pa03811-b005 Escaner Sp-1120n, 20 Ppm \/ 40 Ipm, Adf 50 Hojas, 600 Dpi, Ciclo 3,000 Hojas, 24 Bits Color, 8 Bits Escala De Grises, Duplex, Usb, Ethernet, A4, Cis","description":"Compra Pa03811-b005 Escaner Sp-1120n, 20 Ppm \/ 40 Ipm, Adf 50 Hojas, 600 Dpi, Ciclo 3,000 Hojas, 24 Bits Color, 8 Bits Escala De Grises, Duplex, Usb, Ethernet, A4, Cis + Env\u00edo a domicilio + Pago seguro + Garant\u00eda","robots":{"index":"index","follow":"follow","max-snippet":"max-snippet:-1","max-image-preview":"max-image-preview:large","max-video-preview":"max-video-preview:-1"},"canonical":"https:\/\/compuviper.mx\/tienda\/producto\/ricoh-pa03811-b005-escaner-sp-1120n-20-ppm-40-ipm-adf-50-hojas-600-dpi-ciclo-3000-hojas-24-bits-color-8-bits-escala-de-grises-duplex-usb-ethernet-a4-cis\/","og_locale":"es_MX","og_type":"article","og_title":"[ Ricoh ] &#129351; Pa03811-b005 Escaner Sp-1120n, 20 Ppm \/ 40 Ipm, Adf 50 Hojas, 600 Dpi, Ciclo 3,000 Hojas, 24 Bits Color, 8 Bits Escala De Grises, Duplex, Usb, Ethernet, A4, Cis","og_description":"Compra Pa03811-b005 Escaner Sp-1120n, 20 Ppm \/ 40 Ipm, Adf 50 Hojas, 600 Dpi, Ciclo 3,000 Hojas, 24 Bits Color, 8 Bits Escala De Grises, Duplex, Usb, Ethernet, A4, Cis + Env\u00edo a domicilio + Pago seguro + Garant\u00eda","og_url":"https:\/\/compuviper.mx\/tienda\/producto\/ricoh-pa03811-b005-escaner-sp-1120n-20-ppm-40-ipm-adf-50-hojas-600-dpi-ciclo-3000-hojas-24-bits-color-8-bits-escala-de-grises-duplex-usb-ethernet-a4-cis\/","og_site_name":"Compuviper","article_publisher":"https:\/\/www.facebook.com\/compuviper","og_image":[{"width":200,"height":200,"url":"https:\/\/compuviper.mx\/tienda\/wp-content\/uploads\/2023\/12\/Escaner-fujitsu-sp-1120n-20-ppm40-ipm-600-dpi-24-bits-usb-duplex-adf-ethernet-red.jpg","type":"image\/jpeg"}],"twitter_card":"summary_large_image","twitter_misc":{"Precio":"&#36;6,269 con IVA","Availability":"Out of stock"},"schema":{"@context":"https:\/\/schema.org","@graph":[{"@type":"WebPage","@id":"https:\/\/compuviper.mx\/tienda\/producto\/ricoh-pa03811-b005-escaner-sp-1120n-20-ppm-40-ipm-adf-50-hojas-600-dpi-ciclo-3000-hojas-24-bits-color-8-bits-escala-de-grises-duplex-usb-ethernet-a4-cis\/","url":"https:\/\/compuviper.mx\/tienda\/producto\/ricoh-pa03811-b005-escaner-sp-1120n-20-ppm-40-ipm-adf-50-hojas-600-dpi-ciclo-3000-hojas-24-bits-color-8-bits-escala-de-grises-duplex-usb-ethernet-a4-cis\/","name":"[ Ricoh ] &#129351; Pa03811-b005 Escaner Sp-1120n, 20 Ppm \/ 40 Ipm, Adf 50 Hojas, 600 Dpi, Ciclo 3,000 Hojas, 24 Bits Color, 8 Bits Escala De Grises, Duplex, Usb, Ethernet, A4, Cis","isPartOf":{"@id":"https:\/\/compuviper.mx\/tienda\/#website"},"datePublished":"2026-04-28T07:56:45+00:00","dateModified":"2026-04-28T07:56:45+00:00","description":"Compra Pa03811-b005 Escaner Sp-1120n, 20 Ppm \/ 40 Ipm, Adf 50 Hojas, 600 Dpi, Ciclo 3,000 Hojas, 24 Bits Color, 8 Bits Escala De Grises, Duplex, Usb, Ethernet, A4, Cis + Env\u00edo a domicilio + Pago seguro + Garant\u00eda","breadcrumb":{"@id":"https:\/\/compuviper.mx\/tienda\/producto\/ricoh-pa03811-b005-escaner-sp-1120n-20-ppm-40-ipm-adf-50-hojas-600-dpi-ciclo-3000-hojas-24-bits-color-8-bits-escala-de-grises-duplex-usb-ethernet-a4-cis\/#breadcrumb"},"inLanguage":"es-MX","potentialAction":[{"@type":"ReadAction","target":["https:\/\/compuviper.mx\/tienda\/producto\/ricoh-pa03811-b005-escaner-sp-1120n-20-ppm-40-ipm-adf-50-hojas-600-dpi-ciclo-3000-hojas-24-bits-color-8-bits-escala-de-grises-duplex-usb-ethernet-a4-cis\/"]}]},{"@type":"BreadcrumbList","@id":"https:\/\/compuviper.mx\/tienda\/producto\/ricoh-pa03811-b005-escaner-sp-1120n-20-ppm-40-ipm-adf-50-hojas-600-dpi-ciclo-3000-hojas-24-bits-color-8-bits-escala-de-grises-duplex-usb-ethernet-a4-cis\/#breadcrumb","itemListElement":[{"@type":"ListItem","position":1,"name":"Inicio","item":"https:\/\/compuviper.mx\/tienda\/"},{"@type":"ListItem","position":2,"name":"Productos","item":"https:\/\/compuviper.mx\/tienda\/productos\/"},{"@type":"ListItem","position":3,"name":"Scanner","item":"https:\/\/compuviper.mx\/tienda\/categoria-producto\/scanner\/"},{"@type":"ListItem","position":4,"name":"Scanner Documentos","item":"https:\/\/compuviper.mx\/tienda\/categoria-producto\/scanner\/scanner-documentos\/"},{"@type":"ListItem","position":5,"name":"Ricoh Pa03811-b005 Escaner Sp-1120n, 20 Ppm \/ 40 Ipm, Adf 50 Hojas, 600 Dpi, Ciclo 3,000 Hojas, 24 Bits Color, 8 Bits Escala De Grises, Duplex, Usb, Ethernet, A4, Cis"}]},{"@type":"WebSite","@id":"https:\/\/compuviper.mx\/tienda\/#website","url":"https:\/\/compuviper.mx\/tienda\/","name":"Compuviper","description":"Proveedor de Computadoras, Laptops, Servidores, Monitores, Puntos de Venta, Teclados,   Impresoras, T\u00f3ner, C\u00e1maras de Seguridad y m\u00e1s en tu tienda en l\u00ednea","publisher":{"@id":"https:\/\/compuviper.mx\/tienda\/#organization"},"potentialAction":[{"@type":"SearchAction","target":{"@type":"EntryPoint","urlTemplate":"https:\/\/compuviper.mx\/tienda\/?s={search_term_string}"},"query-input":"required name=search_term_string"}],"inLanguage":"es-MX"},{"@type":"Organization","@id":"https:\/\/compuviper.mx\/tienda\/#organization","name":"Compuviper","url":"https:\/\/compuviper.mx\/tienda\/","logo":{"@type":"ImageObject","inLanguage":"es-MX","@id":"https:\/\/compuviper.mx\/tienda\/#\/schema\/logo\/image\/","url":"https:\/\/compuviper.mx\/tienda\/wp-content\/uploads\/2021\/08\/Logo-Compuviper-10.png","contentUrl":"https:\/\/compuviper.mx\/tienda\/wp-content\/uploads\/2021\/08\/Logo-Compuviper-10.png","width":1000,"height":500,"caption":"Compuviper"},"image":{"@id":"https:\/\/compuviper.mx\/tienda\/#\/schema\/logo\/image\/"},"sameAs":["https:\/\/www.facebook.com\/compuviper","https:\/\/www.youtube.com\/channel\/UCf73dERp9Y3cfOq7q8BhLjA?view_as=subscriber"]}]},"product_brand":"Ricoh","product_price_amount":"6269","product_price_currency":"MXN","og_availability":"out of stock","product_availability":"out of stock","product_retailer_item_id":"PA03811-B005","product_condition":"new"},"_links":{"self":[{"href":"https:\/\/compuviper.mx\/tienda\/wp-json\/wp\/v2\/product\/225282"}],"collection":[{"href":"https:\/\/compuviper.mx\/tienda\/wp-json\/wp\/v2\/product"}],"about":[{"href":"https:\/\/compuviper.mx\/tienda\/wp-json\/wp\/v2\/types\/product"}],"replies":[{"embeddable":true,"href":"https:\/\/compuviper.mx\/tienda\/wp-json\/wp\/v2\/comments?post=225282"}],"wp:featuredmedia":[{"embeddable":true,"href":"https:\/\/compuviper.mx\/tienda\/wp-json\/wp\/v2\/media\/225283"}],"wp:attachment":[{"href":"https:\/\/compuviper.mx\/tienda\/wp-json\/wp\/v2\/media?parent=225282"}],"wp:term":[{"taxonomy":"product_cat","embeddable":true,"href":"https:\/\/compuviper.mx\/tienda\/wp-json\/wp\/v2\/product_cat?post=225282"},{"taxonomy":"product_tag","embeddable":true,"href":"https:\/\/compuviper.mx\/tienda\/wp-json\/wp\/v2\/product_tag?post=225282"}],"curies":[{"name":"wp","href":"https:\/\/api.w.org\/{rel}","templated":true}]}}