{"id":225276,"date":"2026-04-28T01:56:43","date_gmt":"2026-04-28T07:56:43","guid":{"rendered":"https:\/\/compuviper.mx\/tienda\/producto\/fujitsu-cg01000-303701-la-escaner-fi-8190-90-ppm-180-imp-24-bits-600-dpi-usb-duplex-adf-ethernet-red\/"},"modified":"2026-04-28T01:56:43","modified_gmt":"2026-04-28T07:56:43","slug":"ricoh-pa03810-b001-escaner-fi-8190-90-ppm-180-ipm-capacidad-del-adf-100-hojas-600-dpi-ciclo-recomendado-13000-paginas-24-bits-duplex-usb-ethernet-cis","status":"publish","type":"product","link":"https:\/\/compuviper.mx\/tienda\/producto\/ricoh-pa03810-b001-escaner-fi-8190-90-ppm-180-ipm-capacidad-del-adf-100-hojas-600-dpi-ciclo-recomendado-13000-paginas-24-bits-duplex-usb-ethernet-cis\/","title":{"rendered":"Ricoh Pa03810-b001 Escaner  Fi-8190, 90 Ppm \/ 180 Ipm, Capacidad Del Adf 100 Hojas, 600 Dpi, Ciclo Recomendado 13,000 Paginas, 24 Bits, Duplex, Usb, Ethernet, Cis"},"content":{"rendered":"<table class=\"descripcion\">\n<tr>\n<td>Velocidad de escaneo: 90 ppm \/ 180 ipm<\/td>\n<\/tr>\n<tr>\n<td>Capacidad del adf: 100 hojas<\/td>\n<\/tr>\n<tr>\n<td>Alimentacion de papel: recta<\/td>\n<\/tr>\n<tr>\n<td>Tecnologia de escaneo: cis<\/td>\n<\/tr>\n<tr>\n<td>Grosor de tarjetas: 1.4 mm<\/td>\n<\/tr>\n<tr>\n<td>Tama\u00f1o de escaneo: a4<\/td>\n<\/tr>\n<tr>\n<td>Resolucion optica: 600 dpi<\/td>\n<\/tr>\n<tr>\n<td>Ciclo diario recomendado: 13,000<\/td>\n<\/tr>\n<tr>\n<td>Fuente de iluminacion: led<\/td>\n<\/tr>\n<tr>\n<td>Formatos de salida: pdf, pdf con capacidad de busqueda, pdf\/a, tiff, tiff multipagina, mapa de bits, jpeg, jpeg2000, png, word, excel, powerpoint (varia segun la aplicacion)<\/td>\n<\/tr>\n<tr>\n<td>S.o. soportados: windows\u00ae 11, windows\u00ae 10, windows\u00ae 8.1, windows\u00ae 7, windows server\u00ae 2022, windows server\u00ae 2019, windows server\u00ae 2016, windows server\u00ae 2012 r2, windows server\u00ae 2012, windows server\u00ae 2008 r2, macos, linux (ubuntu)<\/td>\n<\/tr>\n<tr>\n<td>Procesamiento de imagen: software<\/td>\n<\/tr>\n<tr>\n<td>Modo de papel largo: 6,096 mm (240 pulg.)<\/td>\n<\/tr>\n<\/table>\n","protected":false},"excerpt":{"rendered":"<p>El fi-8190 viene con \u0093pfu clear image capture\u0094, una tecnologia de correccio and #769;n de imagen unica que genera imagenes de alta definicion sin precedentes mientras mantiene el consumo de energia al minimo. Los tres sensores detectan las puntas de los documentos para asegurar datos de imagen precisos sin defectos y evitan la perdida de imagenes. Mejor usabilidad y flexibilidad para cualquier entorno. El fi-8190 soporta multiples modos de operacion segun los entornos de los usuarios, ya sea que requieran compartirlo en equipos de trabajo entre colegas sin requerir un pc, o con conectividad lan y usb 3.2. La flexibilidad de uso al an and #771;adir la opcion de impresora abre la capacidad para la gestion total de documentos, ayudando asi a cumplir los requisitos de archivo de documentos que prevalecen en muchas industrias. Velocidad de escaneo: 90 ppm \/ 180 ipm. Capacidad del adf: 100 hojas. Alimentacion de papel: recta. Tecnologia de escaneo: cis. Grosor de tarjetas: 1.4 mm. Tama\u00f1o de escaneo: a4. Resolucion optica: 600 dpi. Ciclo diario recomendado: 13,000. Fuente de iluminacion: led. Formatos de salida: pdf, pdf con capacidad de busqueda, pdf\/a, tiff, tiff multipagina, mapa de bits, jpeg, jpeg2000, png, word, excel, powerpoint (varia segun la aplicacion. S.O. Soportados: windows\u00ae 11, windows\u00ae 10, windows\u00ae 8.1, windows\u00ae 7, windows server\u00ae 2022, windows server\u00ae 2019, windows server\u00ae 2016, windows server\u00ae 2012 r2, windows server\u00ae 2012, windows server\u00ae 2008 r2, macos, linux (ubuntu. Procesamiento de imagen: software. Modo de papel largo: 6,096 mm (240 pulg.)<\/p>\n","protected":false},"featured_media":225277,"comment_status":"open","ping_status":"open","template":"","meta":[],"product_cat":[1805,1807],"product_tag":[2306],"acf":[],"yoast_head":"<!-- This site is optimized with the Yoast SEO plugin v21.7 - https:\/\/yoast.com\/wordpress\/plugins\/seo\/ -->\n<title>[ Ricoh ] &#129351; Pa03810-b001 Escaner Fi-8190, 90 Ppm \/ 180 Ipm, Capacidad Del Adf 100 Hojas, 600 Dpi, Ciclo Recomendado 13,000 Paginas, 24 Bits, Duplex, Usb, Ethernet, Cis<\/title>\n<meta name=\"description\" content=\"Compra Pa03810-b001 Escaner Fi-8190, 90 Ppm \/ 180 Ipm, Capacidad Del Adf 100 Hojas, 600 Dpi, Ciclo Recomendado 13,000 Paginas, 24 Bits, Duplex, Usb, Ethernet, Cis + Env\u00edo a domicilio + Pago seguro + Garant\u00eda\" \/>\n<meta name=\"robots\" content=\"index, follow, max-snippet:-1, max-image-preview:large, max-video-preview:-1\" \/>\n<link rel=\"canonical\" href=\"https:\/\/compuviper.mx\/tienda\/producto\/ricoh-pa03810-b001-escaner-fi-8190-90-ppm-180-ipm-capacidad-del-adf-100-hojas-600-dpi-ciclo-recomendado-13000-paginas-24-bits-duplex-usb-ethernet-cis\/\" \/>\n<meta property=\"og:locale\" content=\"es_MX\" \/>\n<meta property=\"og:type\" content=\"article\" \/>\n<meta property=\"og:title\" content=\"[ Ricoh ] &#129351; Pa03810-b001 Escaner Fi-8190, 90 Ppm \/ 180 Ipm, Capacidad Del Adf 100 Hojas, 600 Dpi, Ciclo Recomendado 13,000 Paginas, 24 Bits, Duplex, Usb, Ethernet, Cis\" \/>\n<meta property=\"og:description\" content=\"Compra Pa03810-b001 Escaner Fi-8190, 90 Ppm \/ 180 Ipm, Capacidad Del Adf 100 Hojas, 600 Dpi, Ciclo Recomendado 13,000 Paginas, 24 Bits, Duplex, Usb, Ethernet, Cis + Env\u00edo a domicilio + Pago seguro + Garant\u00eda\" \/>\n<meta property=\"og:url\" content=\"https:\/\/compuviper.mx\/tienda\/producto\/ricoh-pa03810-b001-escaner-fi-8190-90-ppm-180-ipm-capacidad-del-adf-100-hojas-600-dpi-ciclo-recomendado-13000-paginas-24-bits-duplex-usb-ethernet-cis\/\" \/>\n<meta property=\"og:site_name\" content=\"Compuviper\" \/>\n<meta property=\"article:publisher\" content=\"https:\/\/www.facebook.com\/compuviper\" \/>\n<meta property=\"og:image\" content=\"https:\/\/compuviper.mx\/tienda\/wp-content\/uploads\/2023\/12\/Escaner-fujitsu-fi-8190-90-ppm180-imp-24-bits-600-dpi-usb-duplex-adf-ethernet-red.jpg\" \/>\n\t<meta property=\"og:image:width\" content=\"200\" \/>\n\t<meta property=\"og:image:height\" content=\"200\" \/>\n\t<meta property=\"og:image:type\" content=\"image\/jpeg\" \/>\n<meta name=\"twitter:card\" content=\"summary_large_image\" \/>\n<meta name=\"twitter:label1\" content=\"Precio\" \/>\n\t<meta name=\"twitter:data1\" content=\"&#36;31,024 con IVA\" \/>\n\t<meta name=\"twitter:label2\" content=\"Availability\" \/>\n\t<meta name=\"twitter:data2\" content=\"Out of stock\" \/>\n<script type=\"application\/ld+json\" class=\"yoast-schema-graph\">{\"@context\":\"https:\/\/schema.org\",\"@graph\":[{\"@type\":\"WebPage\",\"@id\":\"https:\/\/compuviper.mx\/tienda\/producto\/ricoh-pa03810-b001-escaner-fi-8190-90-ppm-180-ipm-capacidad-del-adf-100-hojas-600-dpi-ciclo-recomendado-13000-paginas-24-bits-duplex-usb-ethernet-cis\/\",\"url\":\"https:\/\/compuviper.mx\/tienda\/producto\/ricoh-pa03810-b001-escaner-fi-8190-90-ppm-180-ipm-capacidad-del-adf-100-hojas-600-dpi-ciclo-recomendado-13000-paginas-24-bits-duplex-usb-ethernet-cis\/\",\"name\":\"[ Ricoh ] &#129351; Pa03810-b001 Escaner Fi-8190, 90 Ppm \/ 180 Ipm, Capacidad Del Adf 100 Hojas, 600 Dpi, Ciclo Recomendado 13,000 Paginas, 24 Bits, Duplex, Usb, Ethernet, Cis\",\"isPartOf\":{\"@id\":\"https:\/\/compuviper.mx\/tienda\/#website\"},\"datePublished\":\"2026-04-28T07:56:43+00:00\",\"dateModified\":\"2026-04-28T07:56:43+00:00\",\"description\":\"Compra Pa03810-b001 Escaner Fi-8190, 90 Ppm \/ 180 Ipm, Capacidad Del Adf 100 Hojas, 600 Dpi, Ciclo Recomendado 13,000 Paginas, 24 Bits, Duplex, Usb, Ethernet, Cis + Env\u00edo a domicilio + Pago seguro + Garant\u00eda\",\"breadcrumb\":{\"@id\":\"https:\/\/compuviper.mx\/tienda\/producto\/ricoh-pa03810-b001-escaner-fi-8190-90-ppm-180-ipm-capacidad-del-adf-100-hojas-600-dpi-ciclo-recomendado-13000-paginas-24-bits-duplex-usb-ethernet-cis\/#breadcrumb\"},\"inLanguage\":\"es-MX\",\"potentialAction\":[{\"@type\":\"ReadAction\",\"target\":[\"https:\/\/compuviper.mx\/tienda\/producto\/ricoh-pa03810-b001-escaner-fi-8190-90-ppm-180-ipm-capacidad-del-adf-100-hojas-600-dpi-ciclo-recomendado-13000-paginas-24-bits-duplex-usb-ethernet-cis\/\"]}]},{\"@type\":\"BreadcrumbList\",\"@id\":\"https:\/\/compuviper.mx\/tienda\/producto\/ricoh-pa03810-b001-escaner-fi-8190-90-ppm-180-ipm-capacidad-del-adf-100-hojas-600-dpi-ciclo-recomendado-13000-paginas-24-bits-duplex-usb-ethernet-cis\/#breadcrumb\",\"itemListElement\":[{\"@type\":\"ListItem\",\"position\":1,\"name\":\"Inicio\",\"item\":\"https:\/\/compuviper.mx\/tienda\/\"},{\"@type\":\"ListItem\",\"position\":2,\"name\":\"Productos\",\"item\":\"https:\/\/compuviper.mx\/tienda\/productos\/\"},{\"@type\":\"ListItem\",\"position\":3,\"name\":\"Scanner\",\"item\":\"https:\/\/compuviper.mx\/tienda\/categoria-producto\/scanner\/\"},{\"@type\":\"ListItem\",\"position\":4,\"name\":\"Scanner Documentos\",\"item\":\"https:\/\/compuviper.mx\/tienda\/categoria-producto\/scanner\/scanner-documentos\/\"},{\"@type\":\"ListItem\",\"position\":5,\"name\":\"Ricoh Pa03810-b001 Escaner Fi-8190, 90 Ppm \/ 180 Ipm, Capacidad Del Adf 100 Hojas, 600 Dpi, Ciclo Recomendado 13,000 Paginas, 24 Bits, Duplex, Usb, Ethernet, Cis\"}]},{\"@type\":\"WebSite\",\"@id\":\"https:\/\/compuviper.mx\/tienda\/#website\",\"url\":\"https:\/\/compuviper.mx\/tienda\/\",\"name\":\"Compuviper\",\"description\":\"Proveedor de Computadoras, Laptops, Servidores, Monitores, Puntos de Venta, Teclados,   Impresoras, T\u00f3ner, C\u00e1maras de Seguridad y m\u00e1s en tu tienda en l\u00ednea\",\"publisher\":{\"@id\":\"https:\/\/compuviper.mx\/tienda\/#organization\"},\"potentialAction\":[{\"@type\":\"SearchAction\",\"target\":{\"@type\":\"EntryPoint\",\"urlTemplate\":\"https:\/\/compuviper.mx\/tienda\/?s={search_term_string}\"},\"query-input\":\"required name=search_term_string\"}],\"inLanguage\":\"es-MX\"},{\"@type\":\"Organization\",\"@id\":\"https:\/\/compuviper.mx\/tienda\/#organization\",\"name\":\"Compuviper\",\"url\":\"https:\/\/compuviper.mx\/tienda\/\",\"logo\":{\"@type\":\"ImageObject\",\"inLanguage\":\"es-MX\",\"@id\":\"https:\/\/compuviper.mx\/tienda\/#\/schema\/logo\/image\/\",\"url\":\"https:\/\/compuviper.mx\/tienda\/wp-content\/uploads\/2021\/08\/Logo-Compuviper-10.png\",\"contentUrl\":\"https:\/\/compuviper.mx\/tienda\/wp-content\/uploads\/2021\/08\/Logo-Compuviper-10.png\",\"width\":1000,\"height\":500,\"caption\":\"Compuviper\"},\"image\":{\"@id\":\"https:\/\/compuviper.mx\/tienda\/#\/schema\/logo\/image\/\"},\"sameAs\":[\"https:\/\/www.facebook.com\/compuviper\",\"https:\/\/www.youtube.com\/channel\/UCf73dERp9Y3cfOq7q8BhLjA?view_as=subscriber\"]}]}<\/script>\n<meta property=\"product:brand\" content=\"Ricoh\" \/>\n<meta property=\"product:price:amount\" content=\"31024\" \/>\n<meta property=\"product:price:currency\" content=\"MXN\" \/>\n<meta property=\"og:availability\" content=\"out of stock\" \/>\n<meta property=\"product:availability\" content=\"out of stock\" \/>\n<meta property=\"product:retailer_item_id\" content=\"PA03810-B001\" \/>\n<meta property=\"product:condition\" content=\"new\" \/>\n<!-- \/ Yoast SEO plugin. -->","yoast_head_json":{"title":"[ Ricoh ] &#129351; Pa03810-b001 Escaner Fi-8190, 90 Ppm \/ 180 Ipm, Capacidad Del Adf 100 Hojas, 600 Dpi, Ciclo Recomendado 13,000 Paginas, 24 Bits, Duplex, Usb, Ethernet, Cis","description":"Compra Pa03810-b001 Escaner Fi-8190, 90 Ppm \/ 180 Ipm, Capacidad Del Adf 100 Hojas, 600 Dpi, Ciclo Recomendado 13,000 Paginas, 24 Bits, Duplex, Usb, Ethernet, Cis + Env\u00edo a domicilio + Pago seguro + Garant\u00eda","robots":{"index":"index","follow":"follow","max-snippet":"max-snippet:-1","max-image-preview":"max-image-preview:large","max-video-preview":"max-video-preview:-1"},"canonical":"https:\/\/compuviper.mx\/tienda\/producto\/ricoh-pa03810-b001-escaner-fi-8190-90-ppm-180-ipm-capacidad-del-adf-100-hojas-600-dpi-ciclo-recomendado-13000-paginas-24-bits-duplex-usb-ethernet-cis\/","og_locale":"es_MX","og_type":"article","og_title":"[ Ricoh ] &#129351; Pa03810-b001 Escaner Fi-8190, 90 Ppm \/ 180 Ipm, Capacidad Del Adf 100 Hojas, 600 Dpi, Ciclo Recomendado 13,000 Paginas, 24 Bits, Duplex, Usb, Ethernet, Cis","og_description":"Compra Pa03810-b001 Escaner Fi-8190, 90 Ppm \/ 180 Ipm, Capacidad Del Adf 100 Hojas, 600 Dpi, Ciclo Recomendado 13,000 Paginas, 24 Bits, Duplex, Usb, Ethernet, Cis + Env\u00edo a domicilio + Pago seguro + Garant\u00eda","og_url":"https:\/\/compuviper.mx\/tienda\/producto\/ricoh-pa03810-b001-escaner-fi-8190-90-ppm-180-ipm-capacidad-del-adf-100-hojas-600-dpi-ciclo-recomendado-13000-paginas-24-bits-duplex-usb-ethernet-cis\/","og_site_name":"Compuviper","article_publisher":"https:\/\/www.facebook.com\/compuviper","og_image":[{"width":200,"height":200,"url":"https:\/\/compuviper.mx\/tienda\/wp-content\/uploads\/2023\/12\/Escaner-fujitsu-fi-8190-90-ppm180-imp-24-bits-600-dpi-usb-duplex-adf-ethernet-red.jpg","type":"image\/jpeg"}],"twitter_card":"summary_large_image","twitter_misc":{"Precio":"&#36;31,024 con IVA","Availability":"Out of stock"},"schema":{"@context":"https:\/\/schema.org","@graph":[{"@type":"WebPage","@id":"https:\/\/compuviper.mx\/tienda\/producto\/ricoh-pa03810-b001-escaner-fi-8190-90-ppm-180-ipm-capacidad-del-adf-100-hojas-600-dpi-ciclo-recomendado-13000-paginas-24-bits-duplex-usb-ethernet-cis\/","url":"https:\/\/compuviper.mx\/tienda\/producto\/ricoh-pa03810-b001-escaner-fi-8190-90-ppm-180-ipm-capacidad-del-adf-100-hojas-600-dpi-ciclo-recomendado-13000-paginas-24-bits-duplex-usb-ethernet-cis\/","name":"[ Ricoh ] &#129351; Pa03810-b001 Escaner Fi-8190, 90 Ppm \/ 180 Ipm, Capacidad Del Adf 100 Hojas, 600 Dpi, Ciclo Recomendado 13,000 Paginas, 24 Bits, Duplex, Usb, Ethernet, Cis","isPartOf":{"@id":"https:\/\/compuviper.mx\/tienda\/#website"},"datePublished":"2026-04-28T07:56:43+00:00","dateModified":"2026-04-28T07:56:43+00:00","description":"Compra Pa03810-b001 Escaner Fi-8190, 90 Ppm \/ 180 Ipm, Capacidad Del Adf 100 Hojas, 600 Dpi, Ciclo Recomendado 13,000 Paginas, 24 Bits, Duplex, Usb, Ethernet, Cis + Env\u00edo a domicilio + Pago seguro + Garant\u00eda","breadcrumb":{"@id":"https:\/\/compuviper.mx\/tienda\/producto\/ricoh-pa03810-b001-escaner-fi-8190-90-ppm-180-ipm-capacidad-del-adf-100-hojas-600-dpi-ciclo-recomendado-13000-paginas-24-bits-duplex-usb-ethernet-cis\/#breadcrumb"},"inLanguage":"es-MX","potentialAction":[{"@type":"ReadAction","target":["https:\/\/compuviper.mx\/tienda\/producto\/ricoh-pa03810-b001-escaner-fi-8190-90-ppm-180-ipm-capacidad-del-adf-100-hojas-600-dpi-ciclo-recomendado-13000-paginas-24-bits-duplex-usb-ethernet-cis\/"]}]},{"@type":"BreadcrumbList","@id":"https:\/\/compuviper.mx\/tienda\/producto\/ricoh-pa03810-b001-escaner-fi-8190-90-ppm-180-ipm-capacidad-del-adf-100-hojas-600-dpi-ciclo-recomendado-13000-paginas-24-bits-duplex-usb-ethernet-cis\/#breadcrumb","itemListElement":[{"@type":"ListItem","position":1,"name":"Inicio","item":"https:\/\/compuviper.mx\/tienda\/"},{"@type":"ListItem","position":2,"name":"Productos","item":"https:\/\/compuviper.mx\/tienda\/productos\/"},{"@type":"ListItem","position":3,"name":"Scanner","item":"https:\/\/compuviper.mx\/tienda\/categoria-producto\/scanner\/"},{"@type":"ListItem","position":4,"name":"Scanner Documentos","item":"https:\/\/compuviper.mx\/tienda\/categoria-producto\/scanner\/scanner-documentos\/"},{"@type":"ListItem","position":5,"name":"Ricoh Pa03810-b001 Escaner Fi-8190, 90 Ppm \/ 180 Ipm, Capacidad Del Adf 100 Hojas, 600 Dpi, Ciclo Recomendado 13,000 Paginas, 24 Bits, Duplex, Usb, Ethernet, Cis"}]},{"@type":"WebSite","@id":"https:\/\/compuviper.mx\/tienda\/#website","url":"https:\/\/compuviper.mx\/tienda\/","name":"Compuviper","description":"Proveedor de Computadoras, Laptops, Servidores, Monitores, Puntos de Venta, Teclados,   Impresoras, T\u00f3ner, C\u00e1maras de Seguridad y m\u00e1s en tu tienda en l\u00ednea","publisher":{"@id":"https:\/\/compuviper.mx\/tienda\/#organization"},"potentialAction":[{"@type":"SearchAction","target":{"@type":"EntryPoint","urlTemplate":"https:\/\/compuviper.mx\/tienda\/?s={search_term_string}"},"query-input":"required name=search_term_string"}],"inLanguage":"es-MX"},{"@type":"Organization","@id":"https:\/\/compuviper.mx\/tienda\/#organization","name":"Compuviper","url":"https:\/\/compuviper.mx\/tienda\/","logo":{"@type":"ImageObject","inLanguage":"es-MX","@id":"https:\/\/compuviper.mx\/tienda\/#\/schema\/logo\/image\/","url":"https:\/\/compuviper.mx\/tienda\/wp-content\/uploads\/2021\/08\/Logo-Compuviper-10.png","contentUrl":"https:\/\/compuviper.mx\/tienda\/wp-content\/uploads\/2021\/08\/Logo-Compuviper-10.png","width":1000,"height":500,"caption":"Compuviper"},"image":{"@id":"https:\/\/compuviper.mx\/tienda\/#\/schema\/logo\/image\/"},"sameAs":["https:\/\/www.facebook.com\/compuviper","https:\/\/www.youtube.com\/channel\/UCf73dERp9Y3cfOq7q8BhLjA?view_as=subscriber"]}]},"product_brand":"Ricoh","product_price_amount":"31024","product_price_currency":"MXN","og_availability":"out of stock","product_availability":"out of stock","product_retailer_item_id":"PA03810-B001","product_condition":"new"},"_links":{"self":[{"href":"https:\/\/compuviper.mx\/tienda\/wp-json\/wp\/v2\/product\/225276"}],"collection":[{"href":"https:\/\/compuviper.mx\/tienda\/wp-json\/wp\/v2\/product"}],"about":[{"href":"https:\/\/compuviper.mx\/tienda\/wp-json\/wp\/v2\/types\/product"}],"replies":[{"embeddable":true,"href":"https:\/\/compuviper.mx\/tienda\/wp-json\/wp\/v2\/comments?post=225276"}],"wp:featuredmedia":[{"embeddable":true,"href":"https:\/\/compuviper.mx\/tienda\/wp-json\/wp\/v2\/media\/225277"}],"wp:attachment":[{"href":"https:\/\/compuviper.mx\/tienda\/wp-json\/wp\/v2\/media?parent=225276"}],"wp:term":[{"taxonomy":"product_cat","embeddable":true,"href":"https:\/\/compuviper.mx\/tienda\/wp-json\/wp\/v2\/product_cat?post=225276"},{"taxonomy":"product_tag","embeddable":true,"href":"https:\/\/compuviper.mx\/tienda\/wp-json\/wp\/v2\/product_tag?post=225276"}],"curies":[{"name":"wp","href":"https:\/\/api.w.org\/{rel}","templated":true}]}}