{"id":225234,"date":"2026-04-28T01:56:39","date_gmt":"2026-04-28T07:56:39","guid":{"rendered":"https:\/\/compuviper.mx\/tienda\/producto\/fujitsu-cg01000-297501-escaner-fi-800r-40-ppm-80-ipm-600-dpi-usb-24-bits-duplex-adf-cama-plana-a4\/"},"modified":"2026-04-28T01:56:40","modified_gmt":"2026-04-28T07:56:40","slug":"ricoh-cg01000-297501pa03795-b001-escaner-fi-800r-40-ppm-80-ipm-adf-20-hojas-600-dpi-ciclo-4500-paginas-24-bits-color-8-bits-escala-de-grises-duplex-usb-a4-cis","status":"publish","type":"product","link":"https:\/\/compuviper.mx\/tienda\/producto\/ricoh-cg01000-297501pa03795-b001-escaner-fi-800r-40-ppm-80-ipm-adf-20-hojas-600-dpi-ciclo-4500-paginas-24-bits-color-8-bits-escala-de-grises-duplex-usb-a4-cis\/","title":{"rendered":"Ricoh Cg01000-297501,pa03795-b001 Escaner  Fi-800r, 40 Ppm \/ 80 Ipm, Adf 20 Hojas, 600 Dpi, Ciclo 4,500 Paginas, 24 Bits Color, 8 Bits Escala De Grises, Duplex, Usb, A4, Cis"},"content":{"rendered":"<table class=\"descripcion\">\n<tr>\n<td>Adf alimentador automtico de documentos \/ alimentacion manual de 1 hoja digitalizacin con retorno, escner dplex para grupos de trabajo.<\/td>\n<\/tr>\n<tr>\n<td>A una cara \/ a dos caras, color \/ escala de grises \/ monocromo \/ deteccin automtica color \/ escala de grises \/ monocromo.<\/td>\n<\/tr>\n<tr>\n<td>Cis color sensor de imagen por contacto x 2 1 en la parte frontal y 1 en la parte trasera.<\/td>\n<\/tr>\n<tr>\n<td>Tamao de documento<\/td>\n<\/tr>\n<tr>\n<td>Adf<\/td>\n<\/tr>\n<tr>\n<td>Tamaos estndar a4, a5, a6, a7, a8, b5, b6, b7, b8, post card, letter, legal y tamao personalizado. a3 doblado por la mitad utilizando la<\/td>\n<\/tr>\n<tr>\n<td>Funcion de reconstruccin por pegado. mximo: a4 vertical 210 x 297 mm \/ mnimo: 50,8 x 50,8 mm.<\/td>\n<\/tr>\n<tr>\n<td>Adf tamao a4: 40- 127 g\/m\u00b2 \/ tamao a6 a ms pequeo: 40 a 209 g\/m\u00b2 \/ tamao a8 o ms pequeo: 127 a 209 g\/m\u00b2<\/td>\n<\/tr>\n<tr>\n<td>Digitalizacin con retorno 20 a 413 g\/m\u00b2 \/ tipos de tarjeta de identificacin: espesor de 1,4 mm o menos \/ espesor del pasaporte: 5mm o menos<\/td>\n<\/tr>\n<tr>\n<td>Ciclo de trabajo diario normal2 4,500 hojas.<\/td>\n<\/tr>\n<tr>\n<td>Capacidad del alimentador6 20 hojas a4: 80 g\/m2 \/ 30 hojas a4: 52 g\/m2<\/td>\n<\/tr>\n<tr>\n<td>Resolucin ptica 600 ppp<\/td>\n<\/tr>\n<tr>\n<td>Resolucin de salida7 color \/ escala de grises \/ monocromo 50 a 600 ppp ajuste en incrementos de 1 ppp, 1200 ppp a nivel de driver 8<\/td>\n<\/tr>\n<tr>\n<td>Formato de salida color: 24 bits, escala de grises: 8 bits, monocromo: 1 bit<\/td>\n<\/tr>\n<tr>\n<td>Interfaz\/ forma del conector mnimo: usb 1.1 \/ recomendado: usb2.0 o usb 3.0 \/ type b superspeed<\/td>\n<\/tr>\n<\/table>\n","protected":false},"excerpt":{"rendered":"<p>El escner fujitsu fi-800r, de imgenes de la familia fi diseado para el entorno de la recepcin. Con el nuevo fi-800r podremos digitalizar pasaportes, dni\u00b4s, tarjetas, libros de familia, libretas bancarias y otros tipos de documentos sin necesidad de un accesorio adicional, gracias a la incorporacin de un novedoso mecanismo de alimentacin frontal. Slo hay que conectar el escner a un pc mediante usb y lanzar el proceso de digitalizacin.<\/p>\n","protected":false},"featured_media":225235,"comment_status":"open","ping_status":"open","template":"","meta":[],"product_cat":[1805,1807],"product_tag":[2306],"acf":[],"yoast_head":"<!-- This site is optimized with the Yoast SEO plugin v21.7 - https:\/\/yoast.com\/wordpress\/plugins\/seo\/ -->\n<title>[ Ricoh ] &#129351; Cg01000-297501,pa03795-b001 Escaner Fi-800r, 40 Ppm \/ 80 Ipm, Adf 20 Hojas, 600 Dpi, Ciclo 4,500 Paginas, 24 Bits Color, 8 Bits Escala De Grises, Duplex, Usb, A4, Cis<\/title>\n<meta name=\"description\" content=\"Compra Cg01000-297501,pa03795-b001 Escaner Fi-800r, 40 Ppm \/ 80 Ipm, Adf 20 Hojas, 600 Dpi, Ciclo 4,500 Paginas, 24 Bits Color, 8 Bits Escala De Grises, Duplex, Usb, A4, Cis + Env\u00edo a domicilio + Pago seguro + Garant\u00eda\" \/>\n<meta name=\"robots\" content=\"index, follow, max-snippet:-1, max-image-preview:large, max-video-preview:-1\" \/>\n<link rel=\"canonical\" href=\"https:\/\/compuviper.mx\/tienda\/producto\/ricoh-cg01000-297501pa03795-b001-escaner-fi-800r-40-ppm-80-ipm-adf-20-hojas-600-dpi-ciclo-4500-paginas-24-bits-color-8-bits-escala-de-grises-duplex-usb-a4-cis\/\" \/>\n<meta property=\"og:locale\" content=\"es_MX\" \/>\n<meta property=\"og:type\" content=\"article\" \/>\n<meta property=\"og:title\" content=\"[ Ricoh ] &#129351; Cg01000-297501,pa03795-b001 Escaner Fi-800r, 40 Ppm \/ 80 Ipm, Adf 20 Hojas, 600 Dpi, Ciclo 4,500 Paginas, 24 Bits Color, 8 Bits Escala De Grises, Duplex, Usb, A4, Cis\" \/>\n<meta property=\"og:description\" content=\"Compra Cg01000-297501,pa03795-b001 Escaner Fi-800r, 40 Ppm \/ 80 Ipm, Adf 20 Hojas, 600 Dpi, Ciclo 4,500 Paginas, 24 Bits Color, 8 Bits Escala De Grises, Duplex, Usb, A4, Cis + Env\u00edo a domicilio + Pago seguro + Garant\u00eda\" \/>\n<meta property=\"og:url\" content=\"https:\/\/compuviper.mx\/tienda\/producto\/ricoh-cg01000-297501pa03795-b001-escaner-fi-800r-40-ppm-80-ipm-adf-20-hojas-600-dpi-ciclo-4500-paginas-24-bits-color-8-bits-escala-de-grises-duplex-usb-a4-cis\/\" \/>\n<meta property=\"og:site_name\" content=\"Compuviper\" \/>\n<meta property=\"article:publisher\" content=\"https:\/\/www.facebook.com\/compuviper\" \/>\n<meta property=\"article:modified_time\" content=\"2026-04-28T07:56:40+00:00\" \/>\n<meta property=\"og:image\" content=\"https:\/\/compuviper.mx\/tienda\/wp-content\/uploads\/2023\/12\/Escaner-fujitsu-fi-800r-40-ppm80-ipm-600-dpi-usb-24-bits-duplex-adf-cama-plana-a4.jpg\" \/>\n\t<meta property=\"og:image:width\" content=\"200\" \/>\n\t<meta property=\"og:image:height\" content=\"200\" \/>\n\t<meta property=\"og:image:type\" content=\"image\/jpeg\" \/>\n<meta name=\"twitter:card\" content=\"summary_large_image\" \/>\n<meta name=\"twitter:label1\" content=\"Precio\" \/>\n\t<meta name=\"twitter:data1\" content=\"&#36;15,057 con IVA\" \/>\n\t<meta name=\"twitter:label2\" content=\"Availability\" \/>\n\t<meta name=\"twitter:data2\" content=\"Out of stock\" \/>\n<script type=\"application\/ld+json\" class=\"yoast-schema-graph\">{\"@context\":\"https:\/\/schema.org\",\"@graph\":[{\"@type\":\"WebPage\",\"@id\":\"https:\/\/compuviper.mx\/tienda\/producto\/ricoh-cg01000-297501pa03795-b001-escaner-fi-800r-40-ppm-80-ipm-adf-20-hojas-600-dpi-ciclo-4500-paginas-24-bits-color-8-bits-escala-de-grises-duplex-usb-a4-cis\/\",\"url\":\"https:\/\/compuviper.mx\/tienda\/producto\/ricoh-cg01000-297501pa03795-b001-escaner-fi-800r-40-ppm-80-ipm-adf-20-hojas-600-dpi-ciclo-4500-paginas-24-bits-color-8-bits-escala-de-grises-duplex-usb-a4-cis\/\",\"name\":\"[ Ricoh ] &#129351; Cg01000-297501,pa03795-b001 Escaner Fi-800r, 40 Ppm \/ 80 Ipm, Adf 20 Hojas, 600 Dpi, Ciclo 4,500 Paginas, 24 Bits Color, 8 Bits Escala De Grises, Duplex, Usb, A4, Cis\",\"isPartOf\":{\"@id\":\"https:\/\/compuviper.mx\/tienda\/#website\"},\"datePublished\":\"2026-04-28T07:56:39+00:00\",\"dateModified\":\"2026-04-28T07:56:40+00:00\",\"description\":\"Compra Cg01000-297501,pa03795-b001 Escaner Fi-800r, 40 Ppm \/ 80 Ipm, Adf 20 Hojas, 600 Dpi, Ciclo 4,500 Paginas, 24 Bits Color, 8 Bits Escala De Grises, Duplex, Usb, A4, Cis + Env\u00edo a domicilio + Pago seguro + Garant\u00eda\",\"breadcrumb\":{\"@id\":\"https:\/\/compuviper.mx\/tienda\/producto\/ricoh-cg01000-297501pa03795-b001-escaner-fi-800r-40-ppm-80-ipm-adf-20-hojas-600-dpi-ciclo-4500-paginas-24-bits-color-8-bits-escala-de-grises-duplex-usb-a4-cis\/#breadcrumb\"},\"inLanguage\":\"es-MX\",\"potentialAction\":[{\"@type\":\"ReadAction\",\"target\":[\"https:\/\/compuviper.mx\/tienda\/producto\/ricoh-cg01000-297501pa03795-b001-escaner-fi-800r-40-ppm-80-ipm-adf-20-hojas-600-dpi-ciclo-4500-paginas-24-bits-color-8-bits-escala-de-grises-duplex-usb-a4-cis\/\"]}]},{\"@type\":\"BreadcrumbList\",\"@id\":\"https:\/\/compuviper.mx\/tienda\/producto\/ricoh-cg01000-297501pa03795-b001-escaner-fi-800r-40-ppm-80-ipm-adf-20-hojas-600-dpi-ciclo-4500-paginas-24-bits-color-8-bits-escala-de-grises-duplex-usb-a4-cis\/#breadcrumb\",\"itemListElement\":[{\"@type\":\"ListItem\",\"position\":1,\"name\":\"Inicio\",\"item\":\"https:\/\/compuviper.mx\/tienda\/\"},{\"@type\":\"ListItem\",\"position\":2,\"name\":\"Productos\",\"item\":\"https:\/\/compuviper.mx\/tienda\/productos\/\"},{\"@type\":\"ListItem\",\"position\":3,\"name\":\"Scanner\",\"item\":\"https:\/\/compuviper.mx\/tienda\/categoria-producto\/scanner\/\"},{\"@type\":\"ListItem\",\"position\":4,\"name\":\"Scanner Documentos\",\"item\":\"https:\/\/compuviper.mx\/tienda\/categoria-producto\/scanner\/scanner-documentos\/\"},{\"@type\":\"ListItem\",\"position\":5,\"name\":\"Ricoh Cg01000-297501,pa03795-b001 Escaner Fi-800r, 40 Ppm \/ 80 Ipm, Adf 20 Hojas, 600 Dpi, Ciclo 4,500 Paginas, 24 Bits Color, 8 Bits Escala De Grises, Duplex, Usb, A4, Cis\"}]},{\"@type\":\"WebSite\",\"@id\":\"https:\/\/compuviper.mx\/tienda\/#website\",\"url\":\"https:\/\/compuviper.mx\/tienda\/\",\"name\":\"Compuviper\",\"description\":\"Proveedor de Computadoras, Laptops, Servidores, Monitores, Puntos de Venta, Teclados,   Impresoras, T\u00f3ner, C\u00e1maras de Seguridad y m\u00e1s en tu tienda en l\u00ednea\",\"publisher\":{\"@id\":\"https:\/\/compuviper.mx\/tienda\/#organization\"},\"potentialAction\":[{\"@type\":\"SearchAction\",\"target\":{\"@type\":\"EntryPoint\",\"urlTemplate\":\"https:\/\/compuviper.mx\/tienda\/?s={search_term_string}\"},\"query-input\":\"required name=search_term_string\"}],\"inLanguage\":\"es-MX\"},{\"@type\":\"Organization\",\"@id\":\"https:\/\/compuviper.mx\/tienda\/#organization\",\"name\":\"Compuviper\",\"url\":\"https:\/\/compuviper.mx\/tienda\/\",\"logo\":{\"@type\":\"ImageObject\",\"inLanguage\":\"es-MX\",\"@id\":\"https:\/\/compuviper.mx\/tienda\/#\/schema\/logo\/image\/\",\"url\":\"https:\/\/compuviper.mx\/tienda\/wp-content\/uploads\/2021\/08\/Logo-Compuviper-10.png\",\"contentUrl\":\"https:\/\/compuviper.mx\/tienda\/wp-content\/uploads\/2021\/08\/Logo-Compuviper-10.png\",\"width\":1000,\"height\":500,\"caption\":\"Compuviper\"},\"image\":{\"@id\":\"https:\/\/compuviper.mx\/tienda\/#\/schema\/logo\/image\/\"},\"sameAs\":[\"https:\/\/www.facebook.com\/compuviper\",\"https:\/\/www.youtube.com\/channel\/UCf73dERp9Y3cfOq7q8BhLjA?view_as=subscriber\"]}]}<\/script>\n<meta property=\"product:brand\" content=\"Ricoh\" \/>\n<meta property=\"product:price:amount\" content=\"15057\" \/>\n<meta property=\"product:price:currency\" content=\"MXN\" \/>\n<meta property=\"og:availability\" content=\"out of stock\" \/>\n<meta property=\"product:availability\" content=\"out of stock\" \/>\n<meta property=\"product:retailer_item_id\" content=\"CG01000-297501,PA03795-B001\" \/>\n<meta property=\"product:condition\" content=\"new\" \/>\n<!-- \/ Yoast SEO plugin. -->","yoast_head_json":{"title":"[ Ricoh ] &#129351; Cg01000-297501,pa03795-b001 Escaner Fi-800r, 40 Ppm \/ 80 Ipm, Adf 20 Hojas, 600 Dpi, Ciclo 4,500 Paginas, 24 Bits Color, 8 Bits Escala De Grises, Duplex, Usb, A4, Cis","description":"Compra Cg01000-297501,pa03795-b001 Escaner Fi-800r, 40 Ppm \/ 80 Ipm, Adf 20 Hojas, 600 Dpi, Ciclo 4,500 Paginas, 24 Bits Color, 8 Bits Escala De Grises, Duplex, Usb, A4, Cis + Env\u00edo a domicilio + Pago seguro + Garant\u00eda","robots":{"index":"index","follow":"follow","max-snippet":"max-snippet:-1","max-image-preview":"max-image-preview:large","max-video-preview":"max-video-preview:-1"},"canonical":"https:\/\/compuviper.mx\/tienda\/producto\/ricoh-cg01000-297501pa03795-b001-escaner-fi-800r-40-ppm-80-ipm-adf-20-hojas-600-dpi-ciclo-4500-paginas-24-bits-color-8-bits-escala-de-grises-duplex-usb-a4-cis\/","og_locale":"es_MX","og_type":"article","og_title":"[ Ricoh ] &#129351; Cg01000-297501,pa03795-b001 Escaner Fi-800r, 40 Ppm \/ 80 Ipm, Adf 20 Hojas, 600 Dpi, Ciclo 4,500 Paginas, 24 Bits Color, 8 Bits Escala De Grises, Duplex, Usb, A4, Cis","og_description":"Compra Cg01000-297501,pa03795-b001 Escaner Fi-800r, 40 Ppm \/ 80 Ipm, Adf 20 Hojas, 600 Dpi, Ciclo 4,500 Paginas, 24 Bits Color, 8 Bits Escala De Grises, Duplex, Usb, A4, Cis + Env\u00edo a domicilio + Pago seguro + Garant\u00eda","og_url":"https:\/\/compuviper.mx\/tienda\/producto\/ricoh-cg01000-297501pa03795-b001-escaner-fi-800r-40-ppm-80-ipm-adf-20-hojas-600-dpi-ciclo-4500-paginas-24-bits-color-8-bits-escala-de-grises-duplex-usb-a4-cis\/","og_site_name":"Compuviper","article_publisher":"https:\/\/www.facebook.com\/compuviper","article_modified_time":"2026-04-28T07:56:40+00:00","og_image":[{"width":200,"height":200,"url":"https:\/\/compuviper.mx\/tienda\/wp-content\/uploads\/2023\/12\/Escaner-fujitsu-fi-800r-40-ppm80-ipm-600-dpi-usb-24-bits-duplex-adf-cama-plana-a4.jpg","type":"image\/jpeg"}],"twitter_card":"summary_large_image","twitter_misc":{"Precio":"&#36;15,057 con IVA","Availability":"Out of stock"},"schema":{"@context":"https:\/\/schema.org","@graph":[{"@type":"WebPage","@id":"https:\/\/compuviper.mx\/tienda\/producto\/ricoh-cg01000-297501pa03795-b001-escaner-fi-800r-40-ppm-80-ipm-adf-20-hojas-600-dpi-ciclo-4500-paginas-24-bits-color-8-bits-escala-de-grises-duplex-usb-a4-cis\/","url":"https:\/\/compuviper.mx\/tienda\/producto\/ricoh-cg01000-297501pa03795-b001-escaner-fi-800r-40-ppm-80-ipm-adf-20-hojas-600-dpi-ciclo-4500-paginas-24-bits-color-8-bits-escala-de-grises-duplex-usb-a4-cis\/","name":"[ Ricoh ] &#129351; Cg01000-297501,pa03795-b001 Escaner Fi-800r, 40 Ppm \/ 80 Ipm, Adf 20 Hojas, 600 Dpi, Ciclo 4,500 Paginas, 24 Bits Color, 8 Bits Escala De Grises, Duplex, Usb, A4, Cis","isPartOf":{"@id":"https:\/\/compuviper.mx\/tienda\/#website"},"datePublished":"2026-04-28T07:56:39+00:00","dateModified":"2026-04-28T07:56:40+00:00","description":"Compra Cg01000-297501,pa03795-b001 Escaner Fi-800r, 40 Ppm \/ 80 Ipm, Adf 20 Hojas, 600 Dpi, Ciclo 4,500 Paginas, 24 Bits Color, 8 Bits Escala De Grises, Duplex, Usb, A4, Cis + Env\u00edo a domicilio + Pago seguro + Garant\u00eda","breadcrumb":{"@id":"https:\/\/compuviper.mx\/tienda\/producto\/ricoh-cg01000-297501pa03795-b001-escaner-fi-800r-40-ppm-80-ipm-adf-20-hojas-600-dpi-ciclo-4500-paginas-24-bits-color-8-bits-escala-de-grises-duplex-usb-a4-cis\/#breadcrumb"},"inLanguage":"es-MX","potentialAction":[{"@type":"ReadAction","target":["https:\/\/compuviper.mx\/tienda\/producto\/ricoh-cg01000-297501pa03795-b001-escaner-fi-800r-40-ppm-80-ipm-adf-20-hojas-600-dpi-ciclo-4500-paginas-24-bits-color-8-bits-escala-de-grises-duplex-usb-a4-cis\/"]}]},{"@type":"BreadcrumbList","@id":"https:\/\/compuviper.mx\/tienda\/producto\/ricoh-cg01000-297501pa03795-b001-escaner-fi-800r-40-ppm-80-ipm-adf-20-hojas-600-dpi-ciclo-4500-paginas-24-bits-color-8-bits-escala-de-grises-duplex-usb-a4-cis\/#breadcrumb","itemListElement":[{"@type":"ListItem","position":1,"name":"Inicio","item":"https:\/\/compuviper.mx\/tienda\/"},{"@type":"ListItem","position":2,"name":"Productos","item":"https:\/\/compuviper.mx\/tienda\/productos\/"},{"@type":"ListItem","position":3,"name":"Scanner","item":"https:\/\/compuviper.mx\/tienda\/categoria-producto\/scanner\/"},{"@type":"ListItem","position":4,"name":"Scanner Documentos","item":"https:\/\/compuviper.mx\/tienda\/categoria-producto\/scanner\/scanner-documentos\/"},{"@type":"ListItem","position":5,"name":"Ricoh Cg01000-297501,pa03795-b001 Escaner Fi-800r, 40 Ppm \/ 80 Ipm, Adf 20 Hojas, 600 Dpi, Ciclo 4,500 Paginas, 24 Bits Color, 8 Bits Escala De Grises, Duplex, Usb, A4, Cis"}]},{"@type":"WebSite","@id":"https:\/\/compuviper.mx\/tienda\/#website","url":"https:\/\/compuviper.mx\/tienda\/","name":"Compuviper","description":"Proveedor de Computadoras, Laptops, Servidores, Monitores, Puntos de Venta, Teclados,   Impresoras, T\u00f3ner, C\u00e1maras de Seguridad y m\u00e1s en tu tienda en l\u00ednea","publisher":{"@id":"https:\/\/compuviper.mx\/tienda\/#organization"},"potentialAction":[{"@type":"SearchAction","target":{"@type":"EntryPoint","urlTemplate":"https:\/\/compuviper.mx\/tienda\/?s={search_term_string}"},"query-input":"required name=search_term_string"}],"inLanguage":"es-MX"},{"@type":"Organization","@id":"https:\/\/compuviper.mx\/tienda\/#organization","name":"Compuviper","url":"https:\/\/compuviper.mx\/tienda\/","logo":{"@type":"ImageObject","inLanguage":"es-MX","@id":"https:\/\/compuviper.mx\/tienda\/#\/schema\/logo\/image\/","url":"https:\/\/compuviper.mx\/tienda\/wp-content\/uploads\/2021\/08\/Logo-Compuviper-10.png","contentUrl":"https:\/\/compuviper.mx\/tienda\/wp-content\/uploads\/2021\/08\/Logo-Compuviper-10.png","width":1000,"height":500,"caption":"Compuviper"},"image":{"@id":"https:\/\/compuviper.mx\/tienda\/#\/schema\/logo\/image\/"},"sameAs":["https:\/\/www.facebook.com\/compuviper","https:\/\/www.youtube.com\/channel\/UCf73dERp9Y3cfOq7q8BhLjA?view_as=subscriber"]}]},"product_brand":"Ricoh","product_price_amount":"15057","product_price_currency":"MXN","og_availability":"out of stock","product_availability":"out of stock","product_retailer_item_id":"CG01000-297501,PA03795-B001","product_condition":"new"},"_links":{"self":[{"href":"https:\/\/compuviper.mx\/tienda\/wp-json\/wp\/v2\/product\/225234"}],"collection":[{"href":"https:\/\/compuviper.mx\/tienda\/wp-json\/wp\/v2\/product"}],"about":[{"href":"https:\/\/compuviper.mx\/tienda\/wp-json\/wp\/v2\/types\/product"}],"replies":[{"embeddable":true,"href":"https:\/\/compuviper.mx\/tienda\/wp-json\/wp\/v2\/comments?post=225234"}],"wp:featuredmedia":[{"embeddable":true,"href":"https:\/\/compuviper.mx\/tienda\/wp-json\/wp\/v2\/media\/225235"}],"wp:attachment":[{"href":"https:\/\/compuviper.mx\/tienda\/wp-json\/wp\/v2\/media?parent=225234"}],"wp:term":[{"taxonomy":"product_cat","embeddable":true,"href":"https:\/\/compuviper.mx\/tienda\/wp-json\/wp\/v2\/product_cat?post=225234"},{"taxonomy":"product_tag","embeddable":true,"href":"https:\/\/compuviper.mx\/tienda\/wp-json\/wp\/v2\/product_tag?post=225234"}],"curies":[{"name":"wp","href":"https:\/\/api.w.org\/{rel}","templated":true}]}}