{"id":225226,"date":"2026-04-02T01:59:29","date_gmt":"2026-04-02T07:59:29","guid":{"rendered":"https:\/\/compuviper.mx\/tienda\/producto\/epson-b11b251201-scanner-workforce-ds-970-85-ppm-170-ipm-600-dpi-30-bits-usb-adf-duplex\/"},"modified":"2026-04-02T01:59:29","modified_gmt":"2026-04-02T07:59:29","slug":"epson-b11b251201-escaner-workforce-ds-970-85-ppm-170-ipm-600-dpi-30-bits-usb-adf-duplex","status":"publish","type":"product","link":"https:\/\/compuviper.mx\/tienda\/producto\/epson-b11b251201-escaner-workforce-ds-970-85-ppm-170-ipm-600-dpi-30-bits-usb-adf-duplex\/","title":{"rendered":"Epson B11b251201 Escaner  Workforce Ds-970, 85 Ppm\/170 Ipm, 600 Dpi, 30 Bits, Usb, Adf, Duplex"},"content":{"rendered":"<table class=\"descripcion\">\n<tr>\n<td>Especificaciones del escaner:<\/td>\n<\/tr>\n<tr>\n<td>* tipo de escaner: alimentacion vertical, escaner duplex a color de una pasada<\/td>\n<\/tr>\n<tr>\n<td>* sensor: contact image sensor (cis) color<\/td>\n<\/tr>\n<tr>\n<td>* dispositivo fotoelectrico: sensor de imagen por contacto de 1 linea cmos<\/td>\n<\/tr>\n<tr>\n<td>* resolucion optica: 600 dpi<\/td>\n<\/tr>\n<tr>\n<td>* resolucion maxima: 1200 dpi<\/td>\n<\/tr>\n<tr>\n<td>* profundidad del bit de color: rgb: 30 bits de entrada \/ 24 bits de salida<\/td>\n<\/tr>\n<tr>\n<td>* caracteristicas del escaner: carro fijo y documento en movimiento<\/td>\n<\/tr>\n<tr>\n<td>* maxima superficie de digitalizacion: a 200 dpi: max 215.9mm x 6096mm (8.5 x 240); min 50.8mm x 50.8mm (2 x 2)<\/td>\n<\/tr>\n<tr>\n<td>* gramaje de papel: 27 a 413 g\/m2<\/td>\n<\/tr>\n<tr>\n<td>* fuente de luz: led rgb de 3 colores<\/td>\n<\/tr>\n<tr>\n<td>* velocidad de escaneo: blanco y negro, color, escala de grises, 200 y 300 dpi: 85 ppm\/170 ipm<\/td>\n<\/tr>\n<tr>\n<td>Alimentador automatico de documentos:<\/td>\n<\/tr>\n<tr>\n<td>* capacidad: 100 paginas ciclo<\/td>\n<\/tr>\n<tr>\n<td>* diario de trabajo: hasta 9.000 paginas<\/td>\n<\/tr>\n<tr>\n<td>* peso del papel: 27 a 413 g\/m2<\/td>\n<\/tr>\n<tr>\n<td>Carcateristicas del escaner<\/td>\n<\/tr>\n<tr>\n<td>* panel de display: panel lcd a color 1.4&#8243;<\/td>\n<\/tr>\n<tr>\n<td>* fuente de alimentacion: adaptador ca universal 24v<\/td>\n<\/tr>\n<tr>\n<td>* interfaz: usb 3.0 de alta velocidad, modilo de red opcional (rj45, 10 baset\/100base tx)<\/td>\n<\/tr>\n<tr>\n<td>* software incluido: document capture pro, drivers twain e isis, epson scansmart con software ocr (requiere conexion a internet para descargar e instalar)<\/td>\n<\/tr>\n<tr>\n<td>Energia:<\/td>\n<\/tr>\n<tr>\n<td>*voltaje de fuente de poder: adaptador ca universal 24v<\/td>\n<\/tr>\n<tr>\n<td>General<\/td>\n<\/tr>\n<tr>\n<td>* sistemas de operacion: windows 10 (32-bit, 64-bit), windows 8 \/windows 8.1 (32-bit, 64-bit), windows 7 (32-bit, 64-bit) sp1, mac os x 10.11.x \/ mac os 10.14.x<\/td>\n<\/tr>\n<tr>\n<td>* temperatura: funcionamiento: 5\u00b0 a 35\u00b0c (41 \u00b0 to 95 \u00b0f)<\/td>\n<\/tr>\n<tr>\n<td>* humedad: funcionamiento: 15 &#8211; 85% (sin condensaci\u00f3n)<\/td>\n<\/tr>\n<tr>\n<td>* dimensiones: 29,6 x 21,1 x 21,6cm (11.6 x 8.3 x 8.5)<\/td>\n<\/tr>\n<tr>\n<td>* peso: 3,58k (7.9lb)<\/td>\n<\/tr>\n<tr>\n<td>* pais de origen: indonesia<\/td>\n<\/tr>\n<tr>\n<td>* garantia: 12 meses<\/td>\n<\/tr>\n<\/table>\n","protected":false},"excerpt":{"rendered":"<p>Escaner de escritorio ultra rapido, confiable y robusto para grupos de trabajo de alto volumen. Dise\u00f1ado para otorgar un alto rendimiento para su grupo de trabajo con el ultra rapido, confiable y robusto escaner de documentos ds-970. Dise\u00f1ado para espacios que requieren velocidad y productividad, el ds-970 ofrece velocidades de hasta 85 ppm\/170 ipm, un alimentador automatico (adf) de gran volumen (hasta 100 paginas), y un ciclo diario de trabajo de hasta 9,000 paginas. Los drivers twain e isis incluidos proporcionan una integracion sencilla con sistemas de administracion de documentos, mientras que la pantalla lcd y los botones facilitan el escaneo y la seleccion de modos. Especificaciones del escaner. * tipo de escaner: alimentacion vertical, escaner duplex a color de una pasada. * sensor: contact image sensor (cis) color. * dispositivo fotoelectrico: sensor de imagen por contacto de 1 linea cmos. * resolucion optica: 600 dpi. * resolucion maxima: 1200 dpi. * profundidad del bit de color: rgb: 30 bits de entrada \/ 24 bits de salida. * caracteristicas del escaner: carro fijo y documento en movimiento. * maxima superficie de digitalizacion: a 200 dpi: max 215.9mm x 6096mm (8.5 x 240); min 50.8mm x 50.8mm (2 x 2. * gramaje de papel: 27 a 413 g\/m2. * fuente de luz: led rgb de 3 colores. * velocidad de escaneo: blanco y negro, color, escala de grises, 200 y 300 dpi: 85 ppm\/170 ipm. Alimentador automatico de documentos. * capacidad: 100 paginas ciclo. * diario de trabajo: hasta 9.000 paginas. * peso del papel: 27 a 413 g\/m2. Carcateristicas del escaner. * panel de display: panel lcd a color 1.4. * fuente de alimentacion: adaptador ca universal 24v. * interfaz: usb 3.0 de alta velocidad, modilo de red opcional (rj45, 10 baset\/100base tx. * software incluido: document capture pro, drivers twain e isis, epson scansmart con software ocr (requiere conexion a internet para descargar e instalar)<\/p>\n","protected":false},"featured_media":225227,"comment_status":"open","ping_status":"open","template":"","meta":[],"product_cat":[1805,1807],"product_tag":[1624],"acf":[],"yoast_head":"<!-- This site is optimized with the Yoast SEO plugin v21.7 - https:\/\/yoast.com\/wordpress\/plugins\/seo\/ -->\n<title>[ Epson ] &#129351; B11b251201 Escaner Workforce Ds-970, 85 Ppm\/170 Ipm, 600 Dpi, 30 Bits, Usb, Adf, Duplex<\/title>\n<meta name=\"description\" content=\"Compra B11b251201 Escaner Workforce Ds-970, 85 Ppm\/170 Ipm, 600 Dpi, 30 Bits, Usb, Adf, Duplex + Env\u00edo a domicilio + Pago seguro + Garant\u00eda\" \/>\n<meta name=\"robots\" content=\"index, follow, max-snippet:-1, max-image-preview:large, max-video-preview:-1\" \/>\n<link rel=\"canonical\" href=\"https:\/\/compuviper.mx\/tienda\/producto\/epson-b11b251201-escaner-workforce-ds-970-85-ppm-170-ipm-600-dpi-30-bits-usb-adf-duplex\/\" \/>\n<meta property=\"og:locale\" content=\"es_MX\" \/>\n<meta property=\"og:type\" content=\"article\" \/>\n<meta property=\"og:title\" content=\"[ Epson ] &#129351; B11b251201 Escaner Workforce Ds-970, 85 Ppm\/170 Ipm, 600 Dpi, 30 Bits, Usb, Adf, Duplex\" \/>\n<meta property=\"og:description\" content=\"Compra B11b251201 Escaner Workforce Ds-970, 85 Ppm\/170 Ipm, 600 Dpi, 30 Bits, Usb, Adf, Duplex + Env\u00edo a domicilio + Pago seguro + Garant\u00eda\" \/>\n<meta property=\"og:url\" content=\"https:\/\/compuviper.mx\/tienda\/producto\/epson-b11b251201-escaner-workforce-ds-970-85-ppm-170-ipm-600-dpi-30-bits-usb-adf-duplex\/\" \/>\n<meta property=\"og:site_name\" content=\"Compuviper\" \/>\n<meta property=\"article:publisher\" content=\"https:\/\/www.facebook.com\/compuviper\" \/>\n<meta property=\"og:image\" content=\"https:\/\/compuviper.mx\/tienda\/wp-content\/uploads\/2023\/12\/Scanner-epson-workforce-ds-970-85-ppm170-ipm-600-dpi-30-bits-usb-adf-duplex.jpg\" \/>\n\t<meta property=\"og:image:width\" content=\"200\" \/>\n\t<meta property=\"og:image:height\" content=\"200\" \/>\n\t<meta property=\"og:image:type\" content=\"image\/jpeg\" \/>\n<meta name=\"twitter:card\" content=\"summary_large_image\" \/>\n<meta name=\"twitter:label1\" content=\"Precio\" \/>\n\t<meta name=\"twitter:data1\" content=\"&#36;21,605 con IVA\" \/>\n\t<meta name=\"twitter:label2\" content=\"Availability\" \/>\n\t<meta name=\"twitter:data2\" content=\"On backorder\" \/>\n<script type=\"application\/ld+json\" class=\"yoast-schema-graph\">{\"@context\":\"https:\/\/schema.org\",\"@graph\":[{\"@type\":\"WebPage\",\"@id\":\"https:\/\/compuviper.mx\/tienda\/producto\/epson-b11b251201-escaner-workforce-ds-970-85-ppm-170-ipm-600-dpi-30-bits-usb-adf-duplex\/\",\"url\":\"https:\/\/compuviper.mx\/tienda\/producto\/epson-b11b251201-escaner-workforce-ds-970-85-ppm-170-ipm-600-dpi-30-bits-usb-adf-duplex\/\",\"name\":\"[ Epson ] &#129351; B11b251201 Escaner Workforce Ds-970, 85 Ppm\/170 Ipm, 600 Dpi, 30 Bits, Usb, Adf, Duplex\",\"isPartOf\":{\"@id\":\"https:\/\/compuviper.mx\/tienda\/#website\"},\"datePublished\":\"2026-04-02T07:59:29+00:00\",\"dateModified\":\"2026-04-02T07:59:29+00:00\",\"description\":\"Compra B11b251201 Escaner Workforce Ds-970, 85 Ppm\/170 Ipm, 600 Dpi, 30 Bits, Usb, Adf, Duplex + Env\u00edo a domicilio + Pago seguro + Garant\u00eda\",\"breadcrumb\":{\"@id\":\"https:\/\/compuviper.mx\/tienda\/producto\/epson-b11b251201-escaner-workforce-ds-970-85-ppm-170-ipm-600-dpi-30-bits-usb-adf-duplex\/#breadcrumb\"},\"inLanguage\":\"es-MX\",\"potentialAction\":[{\"@type\":\"ReadAction\",\"target\":[\"https:\/\/compuviper.mx\/tienda\/producto\/epson-b11b251201-escaner-workforce-ds-970-85-ppm-170-ipm-600-dpi-30-bits-usb-adf-duplex\/\"]}]},{\"@type\":\"BreadcrumbList\",\"@id\":\"https:\/\/compuviper.mx\/tienda\/producto\/epson-b11b251201-escaner-workforce-ds-970-85-ppm-170-ipm-600-dpi-30-bits-usb-adf-duplex\/#breadcrumb\",\"itemListElement\":[{\"@type\":\"ListItem\",\"position\":1,\"name\":\"Inicio\",\"item\":\"https:\/\/compuviper.mx\/tienda\/\"},{\"@type\":\"ListItem\",\"position\":2,\"name\":\"Productos\",\"item\":\"https:\/\/compuviper.mx\/tienda\/productos\/\"},{\"@type\":\"ListItem\",\"position\":3,\"name\":\"Scanner\",\"item\":\"https:\/\/compuviper.mx\/tienda\/categoria-producto\/scanner\/\"},{\"@type\":\"ListItem\",\"position\":4,\"name\":\"Scanner Documentos\",\"item\":\"https:\/\/compuviper.mx\/tienda\/categoria-producto\/scanner\/scanner-documentos\/\"},{\"@type\":\"ListItem\",\"position\":5,\"name\":\"Epson B11b251201 Escaner Workforce Ds-970, 85 Ppm\/170 Ipm, 600 Dpi, 30 Bits, Usb, Adf, Duplex\"}]},{\"@type\":\"WebSite\",\"@id\":\"https:\/\/compuviper.mx\/tienda\/#website\",\"url\":\"https:\/\/compuviper.mx\/tienda\/\",\"name\":\"Compuviper\",\"description\":\"Proveedor de Computadoras, Laptops, Servidores, Monitores, Puntos de Venta, Teclados,   Impresoras, T\u00f3ner, C\u00e1maras de Seguridad y m\u00e1s en tu tienda en l\u00ednea\",\"publisher\":{\"@id\":\"https:\/\/compuviper.mx\/tienda\/#organization\"},\"potentialAction\":[{\"@type\":\"SearchAction\",\"target\":{\"@type\":\"EntryPoint\",\"urlTemplate\":\"https:\/\/compuviper.mx\/tienda\/?s={search_term_string}\"},\"query-input\":\"required name=search_term_string\"}],\"inLanguage\":\"es-MX\"},{\"@type\":\"Organization\",\"@id\":\"https:\/\/compuviper.mx\/tienda\/#organization\",\"name\":\"Compuviper\",\"url\":\"https:\/\/compuviper.mx\/tienda\/\",\"logo\":{\"@type\":\"ImageObject\",\"inLanguage\":\"es-MX\",\"@id\":\"https:\/\/compuviper.mx\/tienda\/#\/schema\/logo\/image\/\",\"url\":\"https:\/\/compuviper.mx\/tienda\/wp-content\/uploads\/2021\/08\/Logo-Compuviper-10.png\",\"contentUrl\":\"https:\/\/compuviper.mx\/tienda\/wp-content\/uploads\/2021\/08\/Logo-Compuviper-10.png\",\"width\":1000,\"height\":500,\"caption\":\"Compuviper\"},\"image\":{\"@id\":\"https:\/\/compuviper.mx\/tienda\/#\/schema\/logo\/image\/\"},\"sameAs\":[\"https:\/\/www.facebook.com\/compuviper\",\"https:\/\/www.youtube.com\/channel\/UCf73dERp9Y3cfOq7q8BhLjA?view_as=subscriber\"]}]}<\/script>\n<meta property=\"product:brand\" content=\"EPSON\" \/>\n<meta property=\"product:price:amount\" content=\"21605\" \/>\n<meta property=\"product:price:currency\" content=\"MXN\" \/>\n<meta property=\"og:availability\" content=\"backorder\" \/>\n<meta property=\"product:availability\" content=\"available for order\" \/>\n<meta property=\"product:retailer_item_id\" content=\"B11B251201\" \/>\n<meta property=\"product:condition\" content=\"new\" \/>\n<!-- \/ Yoast SEO plugin. -->","yoast_head_json":{"title":"[ Epson ] &#129351; B11b251201 Escaner Workforce Ds-970, 85 Ppm\/170 Ipm, 600 Dpi, 30 Bits, Usb, Adf, Duplex","description":"Compra B11b251201 Escaner Workforce Ds-970, 85 Ppm\/170 Ipm, 600 Dpi, 30 Bits, Usb, Adf, Duplex + Env\u00edo a domicilio + Pago seguro + Garant\u00eda","robots":{"index":"index","follow":"follow","max-snippet":"max-snippet:-1","max-image-preview":"max-image-preview:large","max-video-preview":"max-video-preview:-1"},"canonical":"https:\/\/compuviper.mx\/tienda\/producto\/epson-b11b251201-escaner-workforce-ds-970-85-ppm-170-ipm-600-dpi-30-bits-usb-adf-duplex\/","og_locale":"es_MX","og_type":"article","og_title":"[ Epson ] &#129351; B11b251201 Escaner Workforce Ds-970, 85 Ppm\/170 Ipm, 600 Dpi, 30 Bits, Usb, Adf, Duplex","og_description":"Compra B11b251201 Escaner Workforce Ds-970, 85 Ppm\/170 Ipm, 600 Dpi, 30 Bits, Usb, Adf, Duplex + Env\u00edo a domicilio + Pago seguro + Garant\u00eda","og_url":"https:\/\/compuviper.mx\/tienda\/producto\/epson-b11b251201-escaner-workforce-ds-970-85-ppm-170-ipm-600-dpi-30-bits-usb-adf-duplex\/","og_site_name":"Compuviper","article_publisher":"https:\/\/www.facebook.com\/compuviper","og_image":[{"width":200,"height":200,"url":"https:\/\/compuviper.mx\/tienda\/wp-content\/uploads\/2023\/12\/Scanner-epson-workforce-ds-970-85-ppm170-ipm-600-dpi-30-bits-usb-adf-duplex.jpg","type":"image\/jpeg"}],"twitter_card":"summary_large_image","twitter_misc":{"Precio":"&#36;21,605 con IVA","Availability":"On backorder"},"schema":{"@context":"https:\/\/schema.org","@graph":[{"@type":"WebPage","@id":"https:\/\/compuviper.mx\/tienda\/producto\/epson-b11b251201-escaner-workforce-ds-970-85-ppm-170-ipm-600-dpi-30-bits-usb-adf-duplex\/","url":"https:\/\/compuviper.mx\/tienda\/producto\/epson-b11b251201-escaner-workforce-ds-970-85-ppm-170-ipm-600-dpi-30-bits-usb-adf-duplex\/","name":"[ Epson ] &#129351; B11b251201 Escaner Workforce Ds-970, 85 Ppm\/170 Ipm, 600 Dpi, 30 Bits, Usb, Adf, Duplex","isPartOf":{"@id":"https:\/\/compuviper.mx\/tienda\/#website"},"datePublished":"2026-04-02T07:59:29+00:00","dateModified":"2026-04-02T07:59:29+00:00","description":"Compra B11b251201 Escaner Workforce Ds-970, 85 Ppm\/170 Ipm, 600 Dpi, 30 Bits, Usb, Adf, Duplex + Env\u00edo a domicilio + Pago seguro + Garant\u00eda","breadcrumb":{"@id":"https:\/\/compuviper.mx\/tienda\/producto\/epson-b11b251201-escaner-workforce-ds-970-85-ppm-170-ipm-600-dpi-30-bits-usb-adf-duplex\/#breadcrumb"},"inLanguage":"es-MX","potentialAction":[{"@type":"ReadAction","target":["https:\/\/compuviper.mx\/tienda\/producto\/epson-b11b251201-escaner-workforce-ds-970-85-ppm-170-ipm-600-dpi-30-bits-usb-adf-duplex\/"]}]},{"@type":"BreadcrumbList","@id":"https:\/\/compuviper.mx\/tienda\/producto\/epson-b11b251201-escaner-workforce-ds-970-85-ppm-170-ipm-600-dpi-30-bits-usb-adf-duplex\/#breadcrumb","itemListElement":[{"@type":"ListItem","position":1,"name":"Inicio","item":"https:\/\/compuviper.mx\/tienda\/"},{"@type":"ListItem","position":2,"name":"Productos","item":"https:\/\/compuviper.mx\/tienda\/productos\/"},{"@type":"ListItem","position":3,"name":"Scanner","item":"https:\/\/compuviper.mx\/tienda\/categoria-producto\/scanner\/"},{"@type":"ListItem","position":4,"name":"Scanner Documentos","item":"https:\/\/compuviper.mx\/tienda\/categoria-producto\/scanner\/scanner-documentos\/"},{"@type":"ListItem","position":5,"name":"Epson B11b251201 Escaner Workforce Ds-970, 85 Ppm\/170 Ipm, 600 Dpi, 30 Bits, Usb, Adf, Duplex"}]},{"@type":"WebSite","@id":"https:\/\/compuviper.mx\/tienda\/#website","url":"https:\/\/compuviper.mx\/tienda\/","name":"Compuviper","description":"Proveedor de Computadoras, Laptops, Servidores, Monitores, Puntos de Venta, Teclados,   Impresoras, T\u00f3ner, C\u00e1maras de Seguridad y m\u00e1s en tu tienda en l\u00ednea","publisher":{"@id":"https:\/\/compuviper.mx\/tienda\/#organization"},"potentialAction":[{"@type":"SearchAction","target":{"@type":"EntryPoint","urlTemplate":"https:\/\/compuviper.mx\/tienda\/?s={search_term_string}"},"query-input":"required name=search_term_string"}],"inLanguage":"es-MX"},{"@type":"Organization","@id":"https:\/\/compuviper.mx\/tienda\/#organization","name":"Compuviper","url":"https:\/\/compuviper.mx\/tienda\/","logo":{"@type":"ImageObject","inLanguage":"es-MX","@id":"https:\/\/compuviper.mx\/tienda\/#\/schema\/logo\/image\/","url":"https:\/\/compuviper.mx\/tienda\/wp-content\/uploads\/2021\/08\/Logo-Compuviper-10.png","contentUrl":"https:\/\/compuviper.mx\/tienda\/wp-content\/uploads\/2021\/08\/Logo-Compuviper-10.png","width":1000,"height":500,"caption":"Compuviper"},"image":{"@id":"https:\/\/compuviper.mx\/tienda\/#\/schema\/logo\/image\/"},"sameAs":["https:\/\/www.facebook.com\/compuviper","https:\/\/www.youtube.com\/channel\/UCf73dERp9Y3cfOq7q8BhLjA?view_as=subscriber"]}]},"product_brand":"EPSON","product_price_amount":"21605","product_price_currency":"MXN","og_availability":"backorder","product_availability":"available for order","product_retailer_item_id":"B11B251201","product_condition":"new"},"_links":{"self":[{"href":"https:\/\/compuviper.mx\/tienda\/wp-json\/wp\/v2\/product\/225226"}],"collection":[{"href":"https:\/\/compuviper.mx\/tienda\/wp-json\/wp\/v2\/product"}],"about":[{"href":"https:\/\/compuviper.mx\/tienda\/wp-json\/wp\/v2\/types\/product"}],"replies":[{"embeddable":true,"href":"https:\/\/compuviper.mx\/tienda\/wp-json\/wp\/v2\/comments?post=225226"}],"wp:featuredmedia":[{"embeddable":true,"href":"https:\/\/compuviper.mx\/tienda\/wp-json\/wp\/v2\/media\/225227"}],"wp:attachment":[{"href":"https:\/\/compuviper.mx\/tienda\/wp-json\/wp\/v2\/media?parent=225226"}],"wp:term":[{"taxonomy":"product_cat","embeddable":true,"href":"https:\/\/compuviper.mx\/tienda\/wp-json\/wp\/v2\/product_cat?post=225226"},{"taxonomy":"product_tag","embeddable":true,"href":"https:\/\/compuviper.mx\/tienda\/wp-json\/wp\/v2\/product_tag?post=225226"}],"curies":[{"name":"wp","href":"https:\/\/api.w.org\/{rel}","templated":true}]}}