{"id":225224,"date":"2026-04-28T01:56:37","date_gmt":"2026-04-28T07:56:37","guid":{"rendered":"https:\/\/compuviper.mx\/tienda\/producto\/epson-b11b252201-scanner-workforce-es-50-7-ppm-600-dpi-usb-adf-portatil\/"},"modified":"2026-04-28T01:56:37","modified_gmt":"2026-04-28T07:56:37","slug":"epson-b11b252201-escaner-workforce-es-50-7-ppm-600-dpi-usb-adf-portatil","status":"publish","type":"product","link":"https:\/\/compuviper.mx\/tienda\/producto\/epson-b11b252201-escaner-workforce-es-50-7-ppm-600-dpi-usb-adf-portatil\/","title":{"rendered":"Epson B11b252201 Escaner  Workforce Es-50, 7 Ppm, 600 Dpi, Usb, Adf, Portatil"},"content":{"rendered":"<table class=\"descripcion\">\n<tr>\n<td>Especificaciones del escaner:<\/td>\n<\/tr>\n<tr>\n<td>* tipo de escaner: escaner a una faz, portatil y a color<\/td>\n<\/tr>\n<tr>\n<td>* resolucion optica: 600 dpi<\/td>\n<\/tr>\n<tr>\n<td>* resolucion de hardware: 600 dpi<\/td>\n<\/tr>\n<tr>\n<td>* resolucion maxima: 1200 dpi<\/td>\n<\/tr>\n<tr>\n<td>* profundidad del bit de color: 48 bits de entrada \/ 24 bits de salida<\/td>\n<\/tr>\n<tr>\n<td>* area maxima de escaneo:  216 mm x 1.828,8mm tarjeta plastica \/ con relieve (con 1,2 mm de espesor maximo) (solo escaneo horizontal), a4,a5, a6, b5, a8 (solo escaneo en retrato \/ solo windows) tarjeta comercial, carta, legal y tama\u00f1os especiales<\/td>\n<\/tr>\n<tr>\n<td>* velocidad de escaneo: 5.5 ppm &#8211; en base a escaneo a 300dpi, simple, tama\u00f1o a4 en blanco y negro<\/td>\n<\/tr>\n<tr>\n<td>General:<\/td>\n<\/tr>\n<tr>\n<td>* fuente de alimentacion: interfaz usb (alimentado por bus)<\/td>\n<\/tr>\n<tr>\n<td>* interfaz: usb 2.0<\/td>\n<\/tr>\n<tr>\n<td>* sistemas de operacion: windows 10 (32-bit, 64-bit), windows 8\/8.1 (32-bit, 64-bit), windows 7 (32-bit, 64-bit) sp1 mac os x 10.11.x \u0096 macos 10.14.x<\/td>\n<\/tr>\n<tr>\n<td>* humedad: funcionamiento: 10 \u0096 85% (sin condensation)<\/td>\n<\/tr>\n<tr>\n<td>* temperatura de uso: 5 \u00b0 to 35 \u00b0c (41 \u00b0 to 95 \u00b0f)<\/td>\n<\/tr>\n<tr>\n<td>* dimensiones: 27.2 x 4.7 x 33.8 cm (ancho x profundidad x alto)<\/td>\n<\/tr>\n<tr>\n<td>* peso: 270 g<\/td>\n<\/tr>\n<tr>\n<td>Detalles del escaner:<\/td>\n<\/tr>\n<tr>\n<td>* software incluido: epson scan 2, epson scansmart con software ocr nuance (requiere conexi\u00f3n a internet para descargar e instalar), document capture pro<\/td>\n<\/tr>\n<tr>\n<td>Energia:<\/td>\n<\/tr>\n<tr>\n<td>* consumo de energia: modo operacion \/ usb: 2.1 w<\/td>\n<\/tr>\n<\/table>\n","protected":false},"excerpt":{"rendered":"<p>Escaner de documentos portatil mas peque\u00f1o y ligero de su clase. El escaner movil de documentos con alimentacion de una sola hoja mas rapido y liviano de su clase, el workforce es-50 presenta velocidades rapidas: escanea una sola pagina en tan solo 5,5 segundos. Este peque\u00f1o escaner portatil tiene capacidad para paginas extra largas, tarjetas de identificaci\u00f3n y mas. Epson scansmart software le permite escanear, revisar y guardar facilmente archivos importantes, mientras que el modo de alimentacion automatica facilita la combinacion de escaneados de varias paginas en un solo archivo. Con nuance ocr incluido, puede crear archivos pdf con capacidad de busqueda y archivos editables de word y excel. Compatible con windows y mac, el escaner tambien incluye un controlador twain. Y, no se requieren baterias ni alimentacion externa cuando esta conectada a una computadora a traves del puerto usb. Especificaciones del escaner. * tipo de escaner: escaner a una faz, portatil y a color. * resolucion optica: 600 dpi. * resolucion de hardware: 600 dpi. * resolucion maxima: 1200 dpi. * profundidad del bit de color: 48 bits de entrada \/ 24 bits de salida. * area maxima de escaneo:  216 mm x 1.828,8mm tarjeta plastica \/ con relieve (con 1,2 mm de espesor maximo) (solo escaneo horizontal), a4,a5, a6, b5, a8 (solo escaneo en retrato \/ solo windows) tarjeta comercial, carta, legal y tama\u00f1os especiales. * velocidad de escaneo: 5.5 ppm &#8211; en base a escaneo a 300dpi, simple, tama\u00f1o a4 en blanco y negro. General. * fuente de alimentacion: interfaz usb (alimentado por bus. * interfaz: usb 2.0. * sistemas de operacion: windows 10 (32-bit, 64-bit), windows 8\/8.1 (32-bit, 64-bit), windows 7 (32-bit, 64-bit) sp1 mac os x 10.11.X \u0096 macos 10.14.X. * humedad: funcionamiento: 10 \u0096 85% (sin condensation. * temperatura de uso: 5 \u00b0 to 35 \u00b0c (41 \u00b0 to 95 \u00b0f. * dimensiones: 27.2 x 4.7 x 33.8 cm (ancho x profundidad x alto. * peso: 270 g. Detalles del escaner. * software incluido: epson scan 2, epson scansmart con software ocr nuance (requiere conexi\u00f3n a internet para descargar e instalar), document capture pro. Energia. * consumo de energia: modo operacion \/ usb: 2.1 w<\/p>\n","protected":false},"featured_media":225225,"comment_status":"open","ping_status":"open","template":"","meta":[],"product_cat":[1805,1807],"product_tag":[1624],"acf":[],"yoast_head":"<!-- This site is optimized with the Yoast SEO plugin v21.7 - https:\/\/yoast.com\/wordpress\/plugins\/seo\/ -->\n<title>[ Epson ] &#129351; B11b252201 Escaner Workforce Es-50, 7 Ppm, 600 Dpi, Usb, Adf, Portatil<\/title>\n<meta name=\"description\" content=\"Compra B11b252201 Escaner Workforce Es-50, 7 Ppm, 600 Dpi, Usb, Adf, Portatil + Env\u00edo a domicilio + Pago seguro + Garant\u00eda\" \/>\n<meta name=\"robots\" content=\"index, follow, max-snippet:-1, max-image-preview:large, max-video-preview:-1\" \/>\n<link rel=\"canonical\" href=\"https:\/\/compuviper.mx\/tienda\/producto\/epson-b11b252201-escaner-workforce-es-50-7-ppm-600-dpi-usb-adf-portatil\/\" \/>\n<meta property=\"og:locale\" content=\"es_MX\" \/>\n<meta property=\"og:type\" content=\"article\" \/>\n<meta property=\"og:title\" content=\"[ Epson ] &#129351; B11b252201 Escaner Workforce Es-50, 7 Ppm, 600 Dpi, Usb, Adf, Portatil\" \/>\n<meta property=\"og:description\" content=\"Compra B11b252201 Escaner Workforce Es-50, 7 Ppm, 600 Dpi, Usb, Adf, Portatil + Env\u00edo a domicilio + Pago seguro + Garant\u00eda\" \/>\n<meta property=\"og:url\" content=\"https:\/\/compuviper.mx\/tienda\/producto\/epson-b11b252201-escaner-workforce-es-50-7-ppm-600-dpi-usb-adf-portatil\/\" \/>\n<meta property=\"og:site_name\" content=\"Compuviper\" \/>\n<meta property=\"article:publisher\" content=\"https:\/\/www.facebook.com\/compuviper\" \/>\n<meta property=\"og:image\" content=\"https:\/\/compuviper.mx\/tienda\/wp-content\/uploads\/2023\/12\/Scanner-epson-workforce-es-50-7-ppm-600-dpi-usb-adf-portatil.jpg\" \/>\n\t<meta property=\"og:image:width\" content=\"200\" \/>\n\t<meta property=\"og:image:height\" content=\"200\" \/>\n\t<meta property=\"og:image:type\" content=\"image\/jpeg\" \/>\n<meta name=\"twitter:card\" content=\"summary_large_image\" \/>\n<meta name=\"twitter:label1\" content=\"Precio\" \/>\n\t<meta name=\"twitter:data1\" content=\"&#36;3,870 con IVA\" \/>\n\t<meta name=\"twitter:label2\" content=\"Availability\" \/>\n\t<meta name=\"twitter:data2\" content=\"Out of stock\" \/>\n<script type=\"application\/ld+json\" class=\"yoast-schema-graph\">{\"@context\":\"https:\/\/schema.org\",\"@graph\":[{\"@type\":\"WebPage\",\"@id\":\"https:\/\/compuviper.mx\/tienda\/producto\/epson-b11b252201-escaner-workforce-es-50-7-ppm-600-dpi-usb-adf-portatil\/\",\"url\":\"https:\/\/compuviper.mx\/tienda\/producto\/epson-b11b252201-escaner-workforce-es-50-7-ppm-600-dpi-usb-adf-portatil\/\",\"name\":\"[ Epson ] &#129351; B11b252201 Escaner Workforce Es-50, 7 Ppm, 600 Dpi, Usb, Adf, Portatil\",\"isPartOf\":{\"@id\":\"https:\/\/compuviper.mx\/tienda\/#website\"},\"datePublished\":\"2026-04-28T07:56:37+00:00\",\"dateModified\":\"2026-04-28T07:56:37+00:00\",\"description\":\"Compra B11b252201 Escaner Workforce Es-50, 7 Ppm, 600 Dpi, Usb, Adf, Portatil + Env\u00edo a domicilio + Pago seguro + Garant\u00eda\",\"breadcrumb\":{\"@id\":\"https:\/\/compuviper.mx\/tienda\/producto\/epson-b11b252201-escaner-workforce-es-50-7-ppm-600-dpi-usb-adf-portatil\/#breadcrumb\"},\"inLanguage\":\"es-MX\",\"potentialAction\":[{\"@type\":\"ReadAction\",\"target\":[\"https:\/\/compuviper.mx\/tienda\/producto\/epson-b11b252201-escaner-workforce-es-50-7-ppm-600-dpi-usb-adf-portatil\/\"]}]},{\"@type\":\"BreadcrumbList\",\"@id\":\"https:\/\/compuviper.mx\/tienda\/producto\/epson-b11b252201-escaner-workforce-es-50-7-ppm-600-dpi-usb-adf-portatil\/#breadcrumb\",\"itemListElement\":[{\"@type\":\"ListItem\",\"position\":1,\"name\":\"Inicio\",\"item\":\"https:\/\/compuviper.mx\/tienda\/\"},{\"@type\":\"ListItem\",\"position\":2,\"name\":\"Productos\",\"item\":\"https:\/\/compuviper.mx\/tienda\/productos\/\"},{\"@type\":\"ListItem\",\"position\":3,\"name\":\"Scanner\",\"item\":\"https:\/\/compuviper.mx\/tienda\/categoria-producto\/scanner\/\"},{\"@type\":\"ListItem\",\"position\":4,\"name\":\"Scanner Documentos\",\"item\":\"https:\/\/compuviper.mx\/tienda\/categoria-producto\/scanner\/scanner-documentos\/\"},{\"@type\":\"ListItem\",\"position\":5,\"name\":\"Epson B11b252201 Escaner Workforce Es-50, 7 Ppm, 600 Dpi, Usb, Adf, Portatil\"}]},{\"@type\":\"WebSite\",\"@id\":\"https:\/\/compuviper.mx\/tienda\/#website\",\"url\":\"https:\/\/compuviper.mx\/tienda\/\",\"name\":\"Compuviper\",\"description\":\"Proveedor de Computadoras, Laptops, Servidores, Monitores, Puntos de Venta, Teclados,   Impresoras, T\u00f3ner, C\u00e1maras de Seguridad y m\u00e1s en tu tienda en l\u00ednea\",\"publisher\":{\"@id\":\"https:\/\/compuviper.mx\/tienda\/#organization\"},\"potentialAction\":[{\"@type\":\"SearchAction\",\"target\":{\"@type\":\"EntryPoint\",\"urlTemplate\":\"https:\/\/compuviper.mx\/tienda\/?s={search_term_string}\"},\"query-input\":\"required name=search_term_string\"}],\"inLanguage\":\"es-MX\"},{\"@type\":\"Organization\",\"@id\":\"https:\/\/compuviper.mx\/tienda\/#organization\",\"name\":\"Compuviper\",\"url\":\"https:\/\/compuviper.mx\/tienda\/\",\"logo\":{\"@type\":\"ImageObject\",\"inLanguage\":\"es-MX\",\"@id\":\"https:\/\/compuviper.mx\/tienda\/#\/schema\/logo\/image\/\",\"url\":\"https:\/\/compuviper.mx\/tienda\/wp-content\/uploads\/2021\/08\/Logo-Compuviper-10.png\",\"contentUrl\":\"https:\/\/compuviper.mx\/tienda\/wp-content\/uploads\/2021\/08\/Logo-Compuviper-10.png\",\"width\":1000,\"height\":500,\"caption\":\"Compuviper\"},\"image\":{\"@id\":\"https:\/\/compuviper.mx\/tienda\/#\/schema\/logo\/image\/\"},\"sameAs\":[\"https:\/\/www.facebook.com\/compuviper\",\"https:\/\/www.youtube.com\/channel\/UCf73dERp9Y3cfOq7q8BhLjA?view_as=subscriber\"]}]}<\/script>\n<meta property=\"product:brand\" content=\"EPSON\" \/>\n<meta property=\"product:price:amount\" content=\"3870\" \/>\n<meta property=\"product:price:currency\" content=\"MXN\" \/>\n<meta property=\"og:availability\" content=\"out of stock\" \/>\n<meta property=\"product:availability\" content=\"out of stock\" \/>\n<meta property=\"product:retailer_item_id\" content=\"B11B252201\" \/>\n<meta property=\"product:condition\" content=\"new\" \/>\n<!-- \/ Yoast SEO plugin. -->","yoast_head_json":{"title":"[ Epson ] &#129351; B11b252201 Escaner Workforce Es-50, 7 Ppm, 600 Dpi, Usb, Adf, Portatil","description":"Compra B11b252201 Escaner Workforce Es-50, 7 Ppm, 600 Dpi, Usb, Adf, Portatil + Env\u00edo a domicilio + Pago seguro + Garant\u00eda","robots":{"index":"index","follow":"follow","max-snippet":"max-snippet:-1","max-image-preview":"max-image-preview:large","max-video-preview":"max-video-preview:-1"},"canonical":"https:\/\/compuviper.mx\/tienda\/producto\/epson-b11b252201-escaner-workforce-es-50-7-ppm-600-dpi-usb-adf-portatil\/","og_locale":"es_MX","og_type":"article","og_title":"[ Epson ] &#129351; B11b252201 Escaner Workforce Es-50, 7 Ppm, 600 Dpi, Usb, Adf, Portatil","og_description":"Compra B11b252201 Escaner Workforce Es-50, 7 Ppm, 600 Dpi, Usb, Adf, Portatil + Env\u00edo a domicilio + Pago seguro + Garant\u00eda","og_url":"https:\/\/compuviper.mx\/tienda\/producto\/epson-b11b252201-escaner-workforce-es-50-7-ppm-600-dpi-usb-adf-portatil\/","og_site_name":"Compuviper","article_publisher":"https:\/\/www.facebook.com\/compuviper","og_image":[{"width":200,"height":200,"url":"https:\/\/compuviper.mx\/tienda\/wp-content\/uploads\/2023\/12\/Scanner-epson-workforce-es-50-7-ppm-600-dpi-usb-adf-portatil.jpg","type":"image\/jpeg"}],"twitter_card":"summary_large_image","twitter_misc":{"Precio":"&#36;3,870 con IVA","Availability":"Out of stock"},"schema":{"@context":"https:\/\/schema.org","@graph":[{"@type":"WebPage","@id":"https:\/\/compuviper.mx\/tienda\/producto\/epson-b11b252201-escaner-workforce-es-50-7-ppm-600-dpi-usb-adf-portatil\/","url":"https:\/\/compuviper.mx\/tienda\/producto\/epson-b11b252201-escaner-workforce-es-50-7-ppm-600-dpi-usb-adf-portatil\/","name":"[ Epson ] &#129351; B11b252201 Escaner Workforce Es-50, 7 Ppm, 600 Dpi, Usb, Adf, Portatil","isPartOf":{"@id":"https:\/\/compuviper.mx\/tienda\/#website"},"datePublished":"2026-04-28T07:56:37+00:00","dateModified":"2026-04-28T07:56:37+00:00","description":"Compra B11b252201 Escaner Workforce Es-50, 7 Ppm, 600 Dpi, Usb, Adf, Portatil + Env\u00edo a domicilio + Pago seguro + Garant\u00eda","breadcrumb":{"@id":"https:\/\/compuviper.mx\/tienda\/producto\/epson-b11b252201-escaner-workforce-es-50-7-ppm-600-dpi-usb-adf-portatil\/#breadcrumb"},"inLanguage":"es-MX","potentialAction":[{"@type":"ReadAction","target":["https:\/\/compuviper.mx\/tienda\/producto\/epson-b11b252201-escaner-workforce-es-50-7-ppm-600-dpi-usb-adf-portatil\/"]}]},{"@type":"BreadcrumbList","@id":"https:\/\/compuviper.mx\/tienda\/producto\/epson-b11b252201-escaner-workforce-es-50-7-ppm-600-dpi-usb-adf-portatil\/#breadcrumb","itemListElement":[{"@type":"ListItem","position":1,"name":"Inicio","item":"https:\/\/compuviper.mx\/tienda\/"},{"@type":"ListItem","position":2,"name":"Productos","item":"https:\/\/compuviper.mx\/tienda\/productos\/"},{"@type":"ListItem","position":3,"name":"Scanner","item":"https:\/\/compuviper.mx\/tienda\/categoria-producto\/scanner\/"},{"@type":"ListItem","position":4,"name":"Scanner Documentos","item":"https:\/\/compuviper.mx\/tienda\/categoria-producto\/scanner\/scanner-documentos\/"},{"@type":"ListItem","position":5,"name":"Epson B11b252201 Escaner Workforce Es-50, 7 Ppm, 600 Dpi, Usb, Adf, Portatil"}]},{"@type":"WebSite","@id":"https:\/\/compuviper.mx\/tienda\/#website","url":"https:\/\/compuviper.mx\/tienda\/","name":"Compuviper","description":"Proveedor de Computadoras, Laptops, Servidores, Monitores, Puntos de Venta, Teclados,   Impresoras, T\u00f3ner, C\u00e1maras de Seguridad y m\u00e1s en tu tienda en l\u00ednea","publisher":{"@id":"https:\/\/compuviper.mx\/tienda\/#organization"},"potentialAction":[{"@type":"SearchAction","target":{"@type":"EntryPoint","urlTemplate":"https:\/\/compuviper.mx\/tienda\/?s={search_term_string}"},"query-input":"required name=search_term_string"}],"inLanguage":"es-MX"},{"@type":"Organization","@id":"https:\/\/compuviper.mx\/tienda\/#organization","name":"Compuviper","url":"https:\/\/compuviper.mx\/tienda\/","logo":{"@type":"ImageObject","inLanguage":"es-MX","@id":"https:\/\/compuviper.mx\/tienda\/#\/schema\/logo\/image\/","url":"https:\/\/compuviper.mx\/tienda\/wp-content\/uploads\/2021\/08\/Logo-Compuviper-10.png","contentUrl":"https:\/\/compuviper.mx\/tienda\/wp-content\/uploads\/2021\/08\/Logo-Compuviper-10.png","width":1000,"height":500,"caption":"Compuviper"},"image":{"@id":"https:\/\/compuviper.mx\/tienda\/#\/schema\/logo\/image\/"},"sameAs":["https:\/\/www.facebook.com\/compuviper","https:\/\/www.youtube.com\/channel\/UCf73dERp9Y3cfOq7q8BhLjA?view_as=subscriber"]}]},"product_brand":"EPSON","product_price_amount":"3870","product_price_currency":"MXN","og_availability":"out of stock","product_availability":"out of stock","product_retailer_item_id":"B11B252201","product_condition":"new"},"_links":{"self":[{"href":"https:\/\/compuviper.mx\/tienda\/wp-json\/wp\/v2\/product\/225224"}],"collection":[{"href":"https:\/\/compuviper.mx\/tienda\/wp-json\/wp\/v2\/product"}],"about":[{"href":"https:\/\/compuviper.mx\/tienda\/wp-json\/wp\/v2\/types\/product"}],"replies":[{"embeddable":true,"href":"https:\/\/compuviper.mx\/tienda\/wp-json\/wp\/v2\/comments?post=225224"}],"wp:featuredmedia":[{"embeddable":true,"href":"https:\/\/compuviper.mx\/tienda\/wp-json\/wp\/v2\/media\/225225"}],"wp:attachment":[{"href":"https:\/\/compuviper.mx\/tienda\/wp-json\/wp\/v2\/media?parent=225224"}],"wp:term":[{"taxonomy":"product_cat","embeddable":true,"href":"https:\/\/compuviper.mx\/tienda\/wp-json\/wp\/v2\/product_cat?post=225224"},{"taxonomy":"product_tag","embeddable":true,"href":"https:\/\/compuviper.mx\/tienda\/wp-json\/wp\/v2\/product_tag?post=225224"}],"curies":[{"name":"wp","href":"https:\/\/api.w.org\/{rel}","templated":true}]}}