{"id":225222,"date":"2026-04-02T01:59:28","date_gmt":"2026-04-02T07:59:28","guid":{"rendered":"https:\/\/compuviper.mx\/tienda\/producto\/epson-b11b250201-scanner-workforce-ds-870-65-ppm-130-ipm-600-dpi-30-bits-usb-adf-duplex\/"},"modified":"2026-04-02T01:59:28","modified_gmt":"2026-04-02T07:59:28","slug":"epson-b11b250201-escaner-workforce-ds-870-65-ppm-130-ipm-600-dpi-30-bits-usb-adf-duplex","status":"publish","type":"product","link":"https:\/\/compuviper.mx\/tienda\/producto\/epson-b11b250201-escaner-workforce-ds-870-65-ppm-130-ipm-600-dpi-30-bits-usb-adf-duplex\/","title":{"rendered":"Epson B11b250201 Escaner  Workforce Ds-870, 65 Ppm\/130 Ipm, 600 Dpi, 30 Bits, Usb, Adf, Duplex"},"content":{"rendered":"<table class=\"descripcion\">\n<tr>\n<td>Caracteristicas workforce pro ds-870<\/td>\n<\/tr>\n<tr>\n<td>Codigo: b11b250201<\/td>\n<\/tr>\n<tr>\n<td>Especificaciones<\/td>\n<\/tr>\n<tr>\n<td>* tipo de escaner:  alimentacion vertical, escaner duplex a color de una pasada.<\/td>\n<\/tr>\n<tr>\n<td>* resolucion optica: 600 x 600 dpi<\/td>\n<\/tr>\n<tr>\n<td>* profundidad de color: rgb 30-bit in \/ 24 out<\/td>\n<\/tr>\n<tr>\n<td>* sensor de imagen:contact image sensor (cis) color<\/td>\n<\/tr>\n<tr>\n<td>* fuente de luz: led rgb de 3 colores<\/td>\n<\/tr>\n<tr>\n<td>* duplex: si<\/td>\n<\/tr>\n<tr>\n<td>* velocidad adf: 65 ppm \/ 130 ipm<\/td>\n<\/tr>\n<tr>\n<td>* panel: lcd a color 1.4&#8243;<\/td>\n<\/tr>\n<tr>\n<td>Alimentador<\/td>\n<\/tr>\n<tr>\n<td>* capacidad adf: 100 paginas<\/td>\n<\/tr>\n<tr>\n<td>* tama\u00f1o del documento (max.) a 200 dpi: max 215.9mm x 6096mm (8.5&#8243; x 240&#8243;); min 50.8mm x 50.8mm (2&#8243; x 2&#8243;)<\/td>\n<\/tr>\n<tr>\n<td>* cama plana: n\/a<\/td>\n<\/tr>\n<tr>\n<td>* peso de papel (gramaje): 27 a 413 g\/m2<\/td>\n<\/tr>\n<tr>\n<td>* ciclo de trabajo diario: 7,000 paginas<\/td>\n<\/tr>\n<tr>\n<td>Conectividad<\/td>\n<\/tr>\n<tr>\n<td>* interfaz: usb 3.0<\/td>\n<\/tr>\n<tr>\n<td>* modulo de red opcional con adaptador, se vende por separado<\/td>\n<\/tr>\n<tr>\n<td>General<\/td>\n<\/tr>\n<tr>\n<td>* software incluido: document capture pro, drivers twain e isis, epson scansmart consoftware ocr (requiere conexi\u00f3n a internet para descargar e instalar) compatibilidad de * drivers: twain, isis  and  wia<\/td>\n<\/tr>\n<tr>\n<td>* sistema operativo: windows 10 (32-bit, 64-bit), windows 8 \/ windows 8.1 (32-bit, 64-bit) windows 7 (32-bit, 64-bit) sp1 mac os x 10.11.x \/ macos 10.14.x<\/td>\n<\/tr>\n<tr>\n<td>* dimensiones (largo \/ ancho \/ alto) y peso: 3.58k (7.9lb) 29.6 x 21.1 x 21.6cm (11.6 x 8.3 x 8.5\u0093<\/td>\n<\/tr>\n<tr>\n<td>* recomendable para: oficinas, gobierno, grupos de trabajo<\/td>\n<\/tr>\n<\/table>\n","protected":false},"excerpt":{"rendered":"<p>El digitalizador workforce ds-870 fue dise\u00f1ado para situaciones en las que la velocidad es necesaria y la confiabilidad es indispensable. Digitalizando a una velocidad de hasta 65 ppm, tambien cuenta con tecnologia para deteccion automatica del tama\u00f1o de papel y correccion dinamica de insercion de papel para evitar atascos y tiempo perdido. Robusto y confiable, el digitalizador ds-870 incluye un adf de 100 paginas y un ciclo de trabajo de 7000 paginas por dia. La compatibilidad con twain e isis lo hacen ideal para usarse con sistemas de administracion de documentos profesionales y su capacidad avanzada para imagenes hace el digitalizar cosas dificiles algo simple. El ds-870, incluso digitaliza directamente a los servicios populares de nube.<\/p>\n","protected":false},"featured_media":225223,"comment_status":"open","ping_status":"open","template":"","meta":[],"product_cat":[1805,1807],"product_tag":[1624],"acf":[],"yoast_head":"<!-- This site is optimized with the Yoast SEO plugin v21.7 - https:\/\/yoast.com\/wordpress\/plugins\/seo\/ -->\n<title>[ Epson ] &#129351; B11b250201 Escaner Workforce Ds-870, 65 Ppm\/130 Ipm, 600 Dpi, 30 Bits, Usb, Adf, Duplex<\/title>\n<meta name=\"description\" content=\"Compra B11b250201 Escaner Workforce Ds-870, 65 Ppm\/130 Ipm, 600 Dpi, 30 Bits, Usb, Adf, Duplex + Env\u00edo a domicilio + Pago seguro + Garant\u00eda\" \/>\n<meta name=\"robots\" content=\"index, follow, max-snippet:-1, max-image-preview:large, max-video-preview:-1\" \/>\n<link rel=\"canonical\" href=\"https:\/\/compuviper.mx\/tienda\/producto\/epson-b11b250201-escaner-workforce-ds-870-65-ppm-130-ipm-600-dpi-30-bits-usb-adf-duplex\/\" \/>\n<meta property=\"og:locale\" content=\"es_MX\" \/>\n<meta property=\"og:type\" content=\"article\" \/>\n<meta property=\"og:title\" content=\"[ Epson ] &#129351; B11b250201 Escaner Workforce Ds-870, 65 Ppm\/130 Ipm, 600 Dpi, 30 Bits, Usb, Adf, Duplex\" \/>\n<meta property=\"og:description\" content=\"Compra B11b250201 Escaner Workforce Ds-870, 65 Ppm\/130 Ipm, 600 Dpi, 30 Bits, Usb, Adf, Duplex + Env\u00edo a domicilio + Pago seguro + Garant\u00eda\" \/>\n<meta property=\"og:url\" content=\"https:\/\/compuviper.mx\/tienda\/producto\/epson-b11b250201-escaner-workforce-ds-870-65-ppm-130-ipm-600-dpi-30-bits-usb-adf-duplex\/\" \/>\n<meta property=\"og:site_name\" content=\"Compuviper\" \/>\n<meta property=\"article:publisher\" content=\"https:\/\/www.facebook.com\/compuviper\" \/>\n<meta property=\"og:image\" content=\"https:\/\/compuviper.mx\/tienda\/wp-content\/uploads\/2023\/12\/Scanner-epson-workforce-ds-870-65-ppm130-ipm-600-dpi-30-bits-usb-adf-duplex.jpg\" \/>\n\t<meta property=\"og:image:width\" content=\"200\" \/>\n\t<meta property=\"og:image:height\" content=\"200\" \/>\n\t<meta property=\"og:image:type\" content=\"image\/jpeg\" \/>\n<meta name=\"twitter:card\" content=\"summary_large_image\" \/>\n<meta name=\"twitter:label1\" content=\"Precio\" \/>\n\t<meta name=\"twitter:data1\" content=\"&#36;16,313 con IVA\" \/>\n\t<meta name=\"twitter:label2\" content=\"Availability\" \/>\n\t<meta name=\"twitter:data2\" content=\"Out of stock\" \/>\n<script type=\"application\/ld+json\" class=\"yoast-schema-graph\">{\"@context\":\"https:\/\/schema.org\",\"@graph\":[{\"@type\":\"WebPage\",\"@id\":\"https:\/\/compuviper.mx\/tienda\/producto\/epson-b11b250201-escaner-workforce-ds-870-65-ppm-130-ipm-600-dpi-30-bits-usb-adf-duplex\/\",\"url\":\"https:\/\/compuviper.mx\/tienda\/producto\/epson-b11b250201-escaner-workforce-ds-870-65-ppm-130-ipm-600-dpi-30-bits-usb-adf-duplex\/\",\"name\":\"[ Epson ] &#129351; B11b250201 Escaner Workforce Ds-870, 65 Ppm\/130 Ipm, 600 Dpi, 30 Bits, Usb, Adf, Duplex\",\"isPartOf\":{\"@id\":\"https:\/\/compuviper.mx\/tienda\/#website\"},\"datePublished\":\"2026-04-02T07:59:28+00:00\",\"dateModified\":\"2026-04-02T07:59:28+00:00\",\"description\":\"Compra B11b250201 Escaner Workforce Ds-870, 65 Ppm\/130 Ipm, 600 Dpi, 30 Bits, Usb, Adf, Duplex + Env\u00edo a domicilio + Pago seguro + Garant\u00eda\",\"breadcrumb\":{\"@id\":\"https:\/\/compuviper.mx\/tienda\/producto\/epson-b11b250201-escaner-workforce-ds-870-65-ppm-130-ipm-600-dpi-30-bits-usb-adf-duplex\/#breadcrumb\"},\"inLanguage\":\"es-MX\",\"potentialAction\":[{\"@type\":\"ReadAction\",\"target\":[\"https:\/\/compuviper.mx\/tienda\/producto\/epson-b11b250201-escaner-workforce-ds-870-65-ppm-130-ipm-600-dpi-30-bits-usb-adf-duplex\/\"]}]},{\"@type\":\"BreadcrumbList\",\"@id\":\"https:\/\/compuviper.mx\/tienda\/producto\/epson-b11b250201-escaner-workforce-ds-870-65-ppm-130-ipm-600-dpi-30-bits-usb-adf-duplex\/#breadcrumb\",\"itemListElement\":[{\"@type\":\"ListItem\",\"position\":1,\"name\":\"Inicio\",\"item\":\"https:\/\/compuviper.mx\/tienda\/\"},{\"@type\":\"ListItem\",\"position\":2,\"name\":\"Productos\",\"item\":\"https:\/\/compuviper.mx\/tienda\/productos\/\"},{\"@type\":\"ListItem\",\"position\":3,\"name\":\"Scanner\",\"item\":\"https:\/\/compuviper.mx\/tienda\/categoria-producto\/scanner\/\"},{\"@type\":\"ListItem\",\"position\":4,\"name\":\"Scanner Documentos\",\"item\":\"https:\/\/compuviper.mx\/tienda\/categoria-producto\/scanner\/scanner-documentos\/\"},{\"@type\":\"ListItem\",\"position\":5,\"name\":\"Epson B11b250201 Escaner Workforce Ds-870, 65 Ppm\/130 Ipm, 600 Dpi, 30 Bits, Usb, Adf, Duplex\"}]},{\"@type\":\"WebSite\",\"@id\":\"https:\/\/compuviper.mx\/tienda\/#website\",\"url\":\"https:\/\/compuviper.mx\/tienda\/\",\"name\":\"Compuviper\",\"description\":\"Proveedor de Computadoras, Laptops, Servidores, Monitores, Puntos de Venta, Teclados,   Impresoras, T\u00f3ner, C\u00e1maras de Seguridad y m\u00e1s en tu tienda en l\u00ednea\",\"publisher\":{\"@id\":\"https:\/\/compuviper.mx\/tienda\/#organization\"},\"potentialAction\":[{\"@type\":\"SearchAction\",\"target\":{\"@type\":\"EntryPoint\",\"urlTemplate\":\"https:\/\/compuviper.mx\/tienda\/?s={search_term_string}\"},\"query-input\":\"required name=search_term_string\"}],\"inLanguage\":\"es-MX\"},{\"@type\":\"Organization\",\"@id\":\"https:\/\/compuviper.mx\/tienda\/#organization\",\"name\":\"Compuviper\",\"url\":\"https:\/\/compuviper.mx\/tienda\/\",\"logo\":{\"@type\":\"ImageObject\",\"inLanguage\":\"es-MX\",\"@id\":\"https:\/\/compuviper.mx\/tienda\/#\/schema\/logo\/image\/\",\"url\":\"https:\/\/compuviper.mx\/tienda\/wp-content\/uploads\/2021\/08\/Logo-Compuviper-10.png\",\"contentUrl\":\"https:\/\/compuviper.mx\/tienda\/wp-content\/uploads\/2021\/08\/Logo-Compuviper-10.png\",\"width\":1000,\"height\":500,\"caption\":\"Compuviper\"},\"image\":{\"@id\":\"https:\/\/compuviper.mx\/tienda\/#\/schema\/logo\/image\/\"},\"sameAs\":[\"https:\/\/www.facebook.com\/compuviper\",\"https:\/\/www.youtube.com\/channel\/UCf73dERp9Y3cfOq7q8BhLjA?view_as=subscriber\"]}]}<\/script>\n<meta property=\"product:brand\" content=\"EPSON\" \/>\n<meta property=\"product:price:amount\" content=\"16313\" \/>\n<meta property=\"product:price:currency\" content=\"MXN\" \/>\n<meta property=\"og:availability\" content=\"out of stock\" \/>\n<meta property=\"product:availability\" content=\"out of stock\" \/>\n<meta property=\"product:retailer_item_id\" content=\"B11B250201\" \/>\n<meta property=\"product:condition\" content=\"new\" \/>\n<!-- \/ Yoast SEO plugin. -->","yoast_head_json":{"title":"[ Epson ] &#129351; B11b250201 Escaner Workforce Ds-870, 65 Ppm\/130 Ipm, 600 Dpi, 30 Bits, Usb, Adf, Duplex","description":"Compra B11b250201 Escaner Workforce Ds-870, 65 Ppm\/130 Ipm, 600 Dpi, 30 Bits, Usb, Adf, Duplex + Env\u00edo a domicilio + Pago seguro + Garant\u00eda","robots":{"index":"index","follow":"follow","max-snippet":"max-snippet:-1","max-image-preview":"max-image-preview:large","max-video-preview":"max-video-preview:-1"},"canonical":"https:\/\/compuviper.mx\/tienda\/producto\/epson-b11b250201-escaner-workforce-ds-870-65-ppm-130-ipm-600-dpi-30-bits-usb-adf-duplex\/","og_locale":"es_MX","og_type":"article","og_title":"[ Epson ] &#129351; B11b250201 Escaner Workforce Ds-870, 65 Ppm\/130 Ipm, 600 Dpi, 30 Bits, Usb, Adf, Duplex","og_description":"Compra B11b250201 Escaner Workforce Ds-870, 65 Ppm\/130 Ipm, 600 Dpi, 30 Bits, Usb, Adf, Duplex + Env\u00edo a domicilio + Pago seguro + Garant\u00eda","og_url":"https:\/\/compuviper.mx\/tienda\/producto\/epson-b11b250201-escaner-workforce-ds-870-65-ppm-130-ipm-600-dpi-30-bits-usb-adf-duplex\/","og_site_name":"Compuviper","article_publisher":"https:\/\/www.facebook.com\/compuviper","og_image":[{"width":200,"height":200,"url":"https:\/\/compuviper.mx\/tienda\/wp-content\/uploads\/2023\/12\/Scanner-epson-workforce-ds-870-65-ppm130-ipm-600-dpi-30-bits-usb-adf-duplex.jpg","type":"image\/jpeg"}],"twitter_card":"summary_large_image","twitter_misc":{"Precio":"&#36;16,313 con IVA","Availability":"Out of stock"},"schema":{"@context":"https:\/\/schema.org","@graph":[{"@type":"WebPage","@id":"https:\/\/compuviper.mx\/tienda\/producto\/epson-b11b250201-escaner-workforce-ds-870-65-ppm-130-ipm-600-dpi-30-bits-usb-adf-duplex\/","url":"https:\/\/compuviper.mx\/tienda\/producto\/epson-b11b250201-escaner-workforce-ds-870-65-ppm-130-ipm-600-dpi-30-bits-usb-adf-duplex\/","name":"[ Epson ] &#129351; B11b250201 Escaner Workforce Ds-870, 65 Ppm\/130 Ipm, 600 Dpi, 30 Bits, Usb, Adf, Duplex","isPartOf":{"@id":"https:\/\/compuviper.mx\/tienda\/#website"},"datePublished":"2026-04-02T07:59:28+00:00","dateModified":"2026-04-02T07:59:28+00:00","description":"Compra B11b250201 Escaner Workforce Ds-870, 65 Ppm\/130 Ipm, 600 Dpi, 30 Bits, Usb, Adf, Duplex + Env\u00edo a domicilio + Pago seguro + Garant\u00eda","breadcrumb":{"@id":"https:\/\/compuviper.mx\/tienda\/producto\/epson-b11b250201-escaner-workforce-ds-870-65-ppm-130-ipm-600-dpi-30-bits-usb-adf-duplex\/#breadcrumb"},"inLanguage":"es-MX","potentialAction":[{"@type":"ReadAction","target":["https:\/\/compuviper.mx\/tienda\/producto\/epson-b11b250201-escaner-workforce-ds-870-65-ppm-130-ipm-600-dpi-30-bits-usb-adf-duplex\/"]}]},{"@type":"BreadcrumbList","@id":"https:\/\/compuviper.mx\/tienda\/producto\/epson-b11b250201-escaner-workforce-ds-870-65-ppm-130-ipm-600-dpi-30-bits-usb-adf-duplex\/#breadcrumb","itemListElement":[{"@type":"ListItem","position":1,"name":"Inicio","item":"https:\/\/compuviper.mx\/tienda\/"},{"@type":"ListItem","position":2,"name":"Productos","item":"https:\/\/compuviper.mx\/tienda\/productos\/"},{"@type":"ListItem","position":3,"name":"Scanner","item":"https:\/\/compuviper.mx\/tienda\/categoria-producto\/scanner\/"},{"@type":"ListItem","position":4,"name":"Scanner Documentos","item":"https:\/\/compuviper.mx\/tienda\/categoria-producto\/scanner\/scanner-documentos\/"},{"@type":"ListItem","position":5,"name":"Epson B11b250201 Escaner Workforce Ds-870, 65 Ppm\/130 Ipm, 600 Dpi, 30 Bits, Usb, Adf, Duplex"}]},{"@type":"WebSite","@id":"https:\/\/compuviper.mx\/tienda\/#website","url":"https:\/\/compuviper.mx\/tienda\/","name":"Compuviper","description":"Proveedor de Computadoras, Laptops, Servidores, Monitores, Puntos de Venta, Teclados,   Impresoras, T\u00f3ner, C\u00e1maras de Seguridad y m\u00e1s en tu tienda en l\u00ednea","publisher":{"@id":"https:\/\/compuviper.mx\/tienda\/#organization"},"potentialAction":[{"@type":"SearchAction","target":{"@type":"EntryPoint","urlTemplate":"https:\/\/compuviper.mx\/tienda\/?s={search_term_string}"},"query-input":"required name=search_term_string"}],"inLanguage":"es-MX"},{"@type":"Organization","@id":"https:\/\/compuviper.mx\/tienda\/#organization","name":"Compuviper","url":"https:\/\/compuviper.mx\/tienda\/","logo":{"@type":"ImageObject","inLanguage":"es-MX","@id":"https:\/\/compuviper.mx\/tienda\/#\/schema\/logo\/image\/","url":"https:\/\/compuviper.mx\/tienda\/wp-content\/uploads\/2021\/08\/Logo-Compuviper-10.png","contentUrl":"https:\/\/compuviper.mx\/tienda\/wp-content\/uploads\/2021\/08\/Logo-Compuviper-10.png","width":1000,"height":500,"caption":"Compuviper"},"image":{"@id":"https:\/\/compuviper.mx\/tienda\/#\/schema\/logo\/image\/"},"sameAs":["https:\/\/www.facebook.com\/compuviper","https:\/\/www.youtube.com\/channel\/UCf73dERp9Y3cfOq7q8BhLjA?view_as=subscriber"]}]},"product_brand":"EPSON","product_price_amount":"16313","product_price_currency":"MXN","og_availability":"out of stock","product_availability":"out of stock","product_retailer_item_id":"B11B250201","product_condition":"new"},"_links":{"self":[{"href":"https:\/\/compuviper.mx\/tienda\/wp-json\/wp\/v2\/product\/225222"}],"collection":[{"href":"https:\/\/compuviper.mx\/tienda\/wp-json\/wp\/v2\/product"}],"about":[{"href":"https:\/\/compuviper.mx\/tienda\/wp-json\/wp\/v2\/types\/product"}],"replies":[{"embeddable":true,"href":"https:\/\/compuviper.mx\/tienda\/wp-json\/wp\/v2\/comments?post=225222"}],"wp:featuredmedia":[{"embeddable":true,"href":"https:\/\/compuviper.mx\/tienda\/wp-json\/wp\/v2\/media\/225223"}],"wp:attachment":[{"href":"https:\/\/compuviper.mx\/tienda\/wp-json\/wp\/v2\/media?parent=225222"}],"wp:term":[{"taxonomy":"product_cat","embeddable":true,"href":"https:\/\/compuviper.mx\/tienda\/wp-json\/wp\/v2\/product_cat?post=225222"},{"taxonomy":"product_tag","embeddable":true,"href":"https:\/\/compuviper.mx\/tienda\/wp-json\/wp\/v2\/product_tag?post=225222"}],"curies":[{"name":"wp","href":"https:\/\/api.w.org\/{rel}","templated":true}]}}