{"id":225220,"date":"2026-04-29T01:47:03","date_gmt":"2026-04-29T07:47:03","guid":{"rendered":"https:\/\/compuviper.mx\/tienda\/producto\/canon-2405c002ac-escaner-dr-m260-60-ppm-90-ipm-600-dpi-usb-duplex-adfcompatible-windows-alimentacion-80-hojas-oficio-vertical-escaneo-diario-7500\/"},"modified":"2026-04-29T01:47:03","modified_gmt":"2026-04-29T07:47:03","slug":"canon-2405c002ac0138032581722405c002ad912405c00292ae-escaner-dr-m260-60-ppm-90-ipm-600-dpi-usb-duplex-adf-oficio-7500-escaneos-diarios","status":"publish","type":"product","link":"https:\/\/compuviper.mx\/tienda\/producto\/canon-2405c002ac0138032581722405c002ad912405c00292ae-escaner-dr-m260-60-ppm-90-ipm-600-dpi-usb-duplex-adf-oficio-7500-escaneos-diarios\/","title":{"rendered":"Canon 2405c002ac,013803258172,2405c002ad,912405c00292ae Escaner  Dr-m260, 60 Ppm\/90 Ipm, 600 Dpi, Usb, Duplex, Adf Oficio,  7500 Escaneos Diarios"},"content":{"rendered":"<table class=\"descripcion\">\n<tr>\n<td>Anchura del documento :50 &#8211; 216 mm<\/td>\n<\/tr>\n<tr>\n<td>Cama :vertical<\/td>\n<\/tr>\n<tr>\n<td>Consumo de energia :23 w o menos modo dormir: 1.4 w o menos<\/td>\n<\/tr>\n<tr>\n<td>Tipo :escner de documentos de oficina<\/td>\n<\/tr>\n<tr>\n<td>Longitud del documento :54 &#8211; 356 mm<\/td>\n<\/tr>\n<tr>\n<td>Resolucion ptica :hasta 600 ppp<\/td>\n<\/tr>\n<tr>\n<td>Fuente de iluminacion :led rgb<\/td>\n<\/tr>\n<tr>\n<td>Elemento de escaneo :sensor de imagen por contacto<\/td>\n<\/tr>\n<tr>\n<td>Velocidad de escaneo :31 ppm &#8211; 60 ppm<\/td>\n<\/tr>\n<tr>\n<td>Deteccion automtica de color, deteccion automtica de tama\u00f1o de pagina, configuracin automtica de resolucion, suavizamiento de fondo, enfasis de caracteres, eliminacion\/realce del color, correccion de desviacion, liberacion de alimentacin doble, reintento por alimentacin, modo folio, rotacion de imagen, modo de documento largo, escaneo simple de mltiples imgenes multistream\u0099, escaneo previo, evitar sangrado\/eliminar fondo, reintento de separacion, recorte de sombra, omision de pgina en blanco, realce de texto, reconocimiento de la orientacin del texto, deteccion ultrasnica de alimentacin doble, preferencias del usuario.<\/td>\n<\/tr>\n<tr>\n<td>Notificacion automtica :y<\/td>\n<\/tr>\n<tr>\n<td>Modos de operacin :blanco y negro, difusin de error, escala de grises de 256 niveles, mejoramiento de texto avanzado, mejoramiento de texto avanzado ii, color de 24 bits<\/td>\n<\/tr>\n<\/table>\n","protected":false},"excerpt":{"rendered":"<p>Su diseo fcil de usar, su procesamiento de imagen de alta calidad, su manejo confiable de los originales y su software poderoso ofrecen opciones integrales para la captura, la informacion de negocios y para mejorar la productividad del lugar de trabajo.<\/p>\n","protected":false},"featured_media":225221,"comment_status":"open","ping_status":"open","template":"","meta":[],"product_cat":[1805,1807],"product_tag":[1554],"acf":[],"yoast_head":"<!-- This site is optimized with the Yoast SEO plugin v21.7 - https:\/\/yoast.com\/wordpress\/plugins\/seo\/ -->\n<title>[ Canon ] &#129351; 2405c002ac,013803258172,2405c002ad,912405c00292ae Escaner Dr-m260, 60 Ppm\/90 Ipm, 600 Dpi, Usb, Duplex, Adf Oficio, 7500 Escaneos Diarios<\/title>\n<meta name=\"description\" content=\"Compra 2405c002ac,013803258172,2405c002ad,912405c00292ae Escaner Dr-m260, 60 Ppm\/90 Ipm, 600 Dpi, Usb, Duplex, Adf Oficio, 7500 Escaneos Diarios + Env\u00edo a domicilio + Pago seguro + Garant\u00eda\" \/>\n<meta name=\"robots\" content=\"index, follow, max-snippet:-1, max-image-preview:large, max-video-preview:-1\" \/>\n<link rel=\"canonical\" href=\"https:\/\/compuviper.mx\/tienda\/producto\/canon-2405c002ac0138032581722405c002ad912405c00292ae-escaner-dr-m260-60-ppm-90-ipm-600-dpi-usb-duplex-adf-oficio-7500-escaneos-diarios\/\" \/>\n<meta property=\"og:locale\" content=\"es_MX\" \/>\n<meta property=\"og:type\" content=\"article\" \/>\n<meta property=\"og:title\" content=\"[ Canon ] &#129351; 2405c002ac,013803258172,2405c002ad,912405c00292ae Escaner Dr-m260, 60 Ppm\/90 Ipm, 600 Dpi, Usb, Duplex, Adf Oficio, 7500 Escaneos Diarios\" \/>\n<meta property=\"og:description\" content=\"Compra 2405c002ac,013803258172,2405c002ad,912405c00292ae Escaner Dr-m260, 60 Ppm\/90 Ipm, 600 Dpi, Usb, Duplex, Adf Oficio, 7500 Escaneos Diarios + Env\u00edo a domicilio + Pago seguro + Garant\u00eda\" \/>\n<meta property=\"og:url\" content=\"https:\/\/compuviper.mx\/tienda\/producto\/canon-2405c002ac0138032581722405c002ad912405c00292ae-escaner-dr-m260-60-ppm-90-ipm-600-dpi-usb-duplex-adf-oficio-7500-escaneos-diarios\/\" \/>\n<meta property=\"og:site_name\" content=\"Compuviper\" \/>\n<meta property=\"article:publisher\" content=\"https:\/\/www.facebook.com\/compuviper\" \/>\n<meta property=\"og:image\" content=\"https:\/\/compuviper.mx\/tienda\/wp-content\/uploads\/2023\/12\/Escaner-canon-dr-m260-60-ppm90-ipm-600-dpi-usb-duplex-adfcompatible-windows-alimentacion-80-hojas-oficio-vertical-escaneo-diario-7500.jpg\" \/>\n\t<meta property=\"og:image:width\" content=\"200\" \/>\n\t<meta property=\"og:image:height\" content=\"200\" \/>\n\t<meta property=\"og:image:type\" content=\"image\/jpeg\" \/>\n<meta name=\"twitter:card\" content=\"summary_large_image\" \/>\n<meta name=\"twitter:label1\" content=\"Precio\" \/>\n\t<meta name=\"twitter:data1\" content=\"&#36;24,607 &#36;16,496 con IVA\" \/>\n\t<meta name=\"twitter:label2\" content=\"Availability\" \/>\n\t<meta name=\"twitter:data2\" content=\"Out of stock\" \/>\n<script type=\"application\/ld+json\" class=\"yoast-schema-graph\">{\"@context\":\"https:\/\/schema.org\",\"@graph\":[{\"@type\":\"WebPage\",\"@id\":\"https:\/\/compuviper.mx\/tienda\/producto\/canon-2405c002ac0138032581722405c002ad912405c00292ae-escaner-dr-m260-60-ppm-90-ipm-600-dpi-usb-duplex-adf-oficio-7500-escaneos-diarios\/\",\"url\":\"https:\/\/compuviper.mx\/tienda\/producto\/canon-2405c002ac0138032581722405c002ad912405c00292ae-escaner-dr-m260-60-ppm-90-ipm-600-dpi-usb-duplex-adf-oficio-7500-escaneos-diarios\/\",\"name\":\"[ Canon ] &#129351; 2405c002ac,013803258172,2405c002ad,912405c00292ae Escaner Dr-m260, 60 Ppm\/90 Ipm, 600 Dpi, Usb, Duplex, Adf Oficio, 7500 Escaneos Diarios\",\"isPartOf\":{\"@id\":\"https:\/\/compuviper.mx\/tienda\/#website\"},\"datePublished\":\"2026-04-29T07:47:03+00:00\",\"dateModified\":\"2026-04-29T07:47:03+00:00\",\"description\":\"Compra 2405c002ac,013803258172,2405c002ad,912405c00292ae Escaner Dr-m260, 60 Ppm\/90 Ipm, 600 Dpi, Usb, Duplex, Adf Oficio, 7500 Escaneos Diarios + Env\u00edo a domicilio + Pago seguro + Garant\u00eda\",\"breadcrumb\":{\"@id\":\"https:\/\/compuviper.mx\/tienda\/producto\/canon-2405c002ac0138032581722405c002ad912405c00292ae-escaner-dr-m260-60-ppm-90-ipm-600-dpi-usb-duplex-adf-oficio-7500-escaneos-diarios\/#breadcrumb\"},\"inLanguage\":\"es-MX\",\"potentialAction\":[{\"@type\":\"ReadAction\",\"target\":[\"https:\/\/compuviper.mx\/tienda\/producto\/canon-2405c002ac0138032581722405c002ad912405c00292ae-escaner-dr-m260-60-ppm-90-ipm-600-dpi-usb-duplex-adf-oficio-7500-escaneos-diarios\/\"]}]},{\"@type\":\"BreadcrumbList\",\"@id\":\"https:\/\/compuviper.mx\/tienda\/producto\/canon-2405c002ac0138032581722405c002ad912405c00292ae-escaner-dr-m260-60-ppm-90-ipm-600-dpi-usb-duplex-adf-oficio-7500-escaneos-diarios\/#breadcrumb\",\"itemListElement\":[{\"@type\":\"ListItem\",\"position\":1,\"name\":\"Inicio\",\"item\":\"https:\/\/compuviper.mx\/tienda\/\"},{\"@type\":\"ListItem\",\"position\":2,\"name\":\"Productos\",\"item\":\"https:\/\/compuviper.mx\/tienda\/productos\/\"},{\"@type\":\"ListItem\",\"position\":3,\"name\":\"Scanner\",\"item\":\"https:\/\/compuviper.mx\/tienda\/categoria-producto\/scanner\/\"},{\"@type\":\"ListItem\",\"position\":4,\"name\":\"Scanner Documentos\",\"item\":\"https:\/\/compuviper.mx\/tienda\/categoria-producto\/scanner\/scanner-documentos\/\"},{\"@type\":\"ListItem\",\"position\":5,\"name\":\"Canon 2405c002ac,013803258172,2405c002ad,912405c00292ae Escaner Dr-m260, 60 Ppm\/90 Ipm, 600 Dpi, Usb, Duplex, Adf Oficio, 7500 Escaneos Diarios\"}]},{\"@type\":\"WebSite\",\"@id\":\"https:\/\/compuviper.mx\/tienda\/#website\",\"url\":\"https:\/\/compuviper.mx\/tienda\/\",\"name\":\"Compuviper\",\"description\":\"Proveedor de Computadoras, Laptops, Servidores, Monitores, Puntos de Venta, Teclados,   Impresoras, T\u00f3ner, C\u00e1maras de Seguridad y m\u00e1s en tu tienda en l\u00ednea\",\"publisher\":{\"@id\":\"https:\/\/compuviper.mx\/tienda\/#organization\"},\"potentialAction\":[{\"@type\":\"SearchAction\",\"target\":{\"@type\":\"EntryPoint\",\"urlTemplate\":\"https:\/\/compuviper.mx\/tienda\/?s={search_term_string}\"},\"query-input\":\"required name=search_term_string\"}],\"inLanguage\":\"es-MX\"},{\"@type\":\"Organization\",\"@id\":\"https:\/\/compuviper.mx\/tienda\/#organization\",\"name\":\"Compuviper\",\"url\":\"https:\/\/compuviper.mx\/tienda\/\",\"logo\":{\"@type\":\"ImageObject\",\"inLanguage\":\"es-MX\",\"@id\":\"https:\/\/compuviper.mx\/tienda\/#\/schema\/logo\/image\/\",\"url\":\"https:\/\/compuviper.mx\/tienda\/wp-content\/uploads\/2021\/08\/Logo-Compuviper-10.png\",\"contentUrl\":\"https:\/\/compuviper.mx\/tienda\/wp-content\/uploads\/2021\/08\/Logo-Compuviper-10.png\",\"width\":1000,\"height\":500,\"caption\":\"Compuviper\"},\"image\":{\"@id\":\"https:\/\/compuviper.mx\/tienda\/#\/schema\/logo\/image\/\"},\"sameAs\":[\"https:\/\/www.facebook.com\/compuviper\",\"https:\/\/www.youtube.com\/channel\/UCf73dERp9Y3cfOq7q8BhLjA?view_as=subscriber\"]}]}<\/script>\n<meta property=\"product:brand\" content=\"CANON\" \/>\n<meta property=\"product:price:amount\" content=\"16496\" \/>\n<meta property=\"product:price:currency\" content=\"MXN\" \/>\n<meta property=\"og:availability\" content=\"out of stock\" \/>\n<meta property=\"product:availability\" content=\"out of stock\" \/>\n<meta property=\"product:retailer_item_id\" content=\"2405C002AC,013803258172,2405C002AD,912405C00292AE\" \/>\n<meta property=\"product:condition\" content=\"new\" \/>\n<!-- \/ Yoast SEO plugin. -->","yoast_head_json":{"title":"[ Canon ] &#129351; 2405c002ac,013803258172,2405c002ad,912405c00292ae Escaner Dr-m260, 60 Ppm\/90 Ipm, 600 Dpi, Usb, Duplex, Adf Oficio, 7500 Escaneos Diarios","description":"Compra 2405c002ac,013803258172,2405c002ad,912405c00292ae Escaner Dr-m260, 60 Ppm\/90 Ipm, 600 Dpi, Usb, Duplex, Adf Oficio, 7500 Escaneos Diarios + Env\u00edo a domicilio + Pago seguro + Garant\u00eda","robots":{"index":"index","follow":"follow","max-snippet":"max-snippet:-1","max-image-preview":"max-image-preview:large","max-video-preview":"max-video-preview:-1"},"canonical":"https:\/\/compuviper.mx\/tienda\/producto\/canon-2405c002ac0138032581722405c002ad912405c00292ae-escaner-dr-m260-60-ppm-90-ipm-600-dpi-usb-duplex-adf-oficio-7500-escaneos-diarios\/","og_locale":"es_MX","og_type":"article","og_title":"[ Canon ] &#129351; 2405c002ac,013803258172,2405c002ad,912405c00292ae Escaner Dr-m260, 60 Ppm\/90 Ipm, 600 Dpi, Usb, Duplex, Adf Oficio, 7500 Escaneos Diarios","og_description":"Compra 2405c002ac,013803258172,2405c002ad,912405c00292ae Escaner Dr-m260, 60 Ppm\/90 Ipm, 600 Dpi, Usb, Duplex, Adf Oficio, 7500 Escaneos Diarios + Env\u00edo a domicilio + Pago seguro + Garant\u00eda","og_url":"https:\/\/compuviper.mx\/tienda\/producto\/canon-2405c002ac0138032581722405c002ad912405c00292ae-escaner-dr-m260-60-ppm-90-ipm-600-dpi-usb-duplex-adf-oficio-7500-escaneos-diarios\/","og_site_name":"Compuviper","article_publisher":"https:\/\/www.facebook.com\/compuviper","og_image":[{"width":200,"height":200,"url":"https:\/\/compuviper.mx\/tienda\/wp-content\/uploads\/2023\/12\/Escaner-canon-dr-m260-60-ppm90-ipm-600-dpi-usb-duplex-adfcompatible-windows-alimentacion-80-hojas-oficio-vertical-escaneo-diario-7500.jpg","type":"image\/jpeg"}],"twitter_card":"summary_large_image","twitter_misc":{"Precio":"&#36;24,607 &#36;16,496 con IVA","Availability":"Out of stock"},"schema":{"@context":"https:\/\/schema.org","@graph":[{"@type":"WebPage","@id":"https:\/\/compuviper.mx\/tienda\/producto\/canon-2405c002ac0138032581722405c002ad912405c00292ae-escaner-dr-m260-60-ppm-90-ipm-600-dpi-usb-duplex-adf-oficio-7500-escaneos-diarios\/","url":"https:\/\/compuviper.mx\/tienda\/producto\/canon-2405c002ac0138032581722405c002ad912405c00292ae-escaner-dr-m260-60-ppm-90-ipm-600-dpi-usb-duplex-adf-oficio-7500-escaneos-diarios\/","name":"[ Canon ] &#129351; 2405c002ac,013803258172,2405c002ad,912405c00292ae Escaner Dr-m260, 60 Ppm\/90 Ipm, 600 Dpi, Usb, Duplex, Adf Oficio, 7500 Escaneos Diarios","isPartOf":{"@id":"https:\/\/compuviper.mx\/tienda\/#website"},"datePublished":"2026-04-29T07:47:03+00:00","dateModified":"2026-04-29T07:47:03+00:00","description":"Compra 2405c002ac,013803258172,2405c002ad,912405c00292ae Escaner Dr-m260, 60 Ppm\/90 Ipm, 600 Dpi, Usb, Duplex, Adf Oficio, 7500 Escaneos Diarios + Env\u00edo a domicilio + Pago seguro + Garant\u00eda","breadcrumb":{"@id":"https:\/\/compuviper.mx\/tienda\/producto\/canon-2405c002ac0138032581722405c002ad912405c00292ae-escaner-dr-m260-60-ppm-90-ipm-600-dpi-usb-duplex-adf-oficio-7500-escaneos-diarios\/#breadcrumb"},"inLanguage":"es-MX","potentialAction":[{"@type":"ReadAction","target":["https:\/\/compuviper.mx\/tienda\/producto\/canon-2405c002ac0138032581722405c002ad912405c00292ae-escaner-dr-m260-60-ppm-90-ipm-600-dpi-usb-duplex-adf-oficio-7500-escaneos-diarios\/"]}]},{"@type":"BreadcrumbList","@id":"https:\/\/compuviper.mx\/tienda\/producto\/canon-2405c002ac0138032581722405c002ad912405c00292ae-escaner-dr-m260-60-ppm-90-ipm-600-dpi-usb-duplex-adf-oficio-7500-escaneos-diarios\/#breadcrumb","itemListElement":[{"@type":"ListItem","position":1,"name":"Inicio","item":"https:\/\/compuviper.mx\/tienda\/"},{"@type":"ListItem","position":2,"name":"Productos","item":"https:\/\/compuviper.mx\/tienda\/productos\/"},{"@type":"ListItem","position":3,"name":"Scanner","item":"https:\/\/compuviper.mx\/tienda\/categoria-producto\/scanner\/"},{"@type":"ListItem","position":4,"name":"Scanner Documentos","item":"https:\/\/compuviper.mx\/tienda\/categoria-producto\/scanner\/scanner-documentos\/"},{"@type":"ListItem","position":5,"name":"Canon 2405c002ac,013803258172,2405c002ad,912405c00292ae Escaner Dr-m260, 60 Ppm\/90 Ipm, 600 Dpi, Usb, Duplex, Adf Oficio, 7500 Escaneos Diarios"}]},{"@type":"WebSite","@id":"https:\/\/compuviper.mx\/tienda\/#website","url":"https:\/\/compuviper.mx\/tienda\/","name":"Compuviper","description":"Proveedor de Computadoras, Laptops, Servidores, Monitores, Puntos de Venta, Teclados,   Impresoras, T\u00f3ner, C\u00e1maras de Seguridad y m\u00e1s en tu tienda en l\u00ednea","publisher":{"@id":"https:\/\/compuviper.mx\/tienda\/#organization"},"potentialAction":[{"@type":"SearchAction","target":{"@type":"EntryPoint","urlTemplate":"https:\/\/compuviper.mx\/tienda\/?s={search_term_string}"},"query-input":"required name=search_term_string"}],"inLanguage":"es-MX"},{"@type":"Organization","@id":"https:\/\/compuviper.mx\/tienda\/#organization","name":"Compuviper","url":"https:\/\/compuviper.mx\/tienda\/","logo":{"@type":"ImageObject","inLanguage":"es-MX","@id":"https:\/\/compuviper.mx\/tienda\/#\/schema\/logo\/image\/","url":"https:\/\/compuviper.mx\/tienda\/wp-content\/uploads\/2021\/08\/Logo-Compuviper-10.png","contentUrl":"https:\/\/compuviper.mx\/tienda\/wp-content\/uploads\/2021\/08\/Logo-Compuviper-10.png","width":1000,"height":500,"caption":"Compuviper"},"image":{"@id":"https:\/\/compuviper.mx\/tienda\/#\/schema\/logo\/image\/"},"sameAs":["https:\/\/www.facebook.com\/compuviper","https:\/\/www.youtube.com\/channel\/UCf73dERp9Y3cfOq7q8BhLjA?view_as=subscriber"]}]},"product_brand":"CANON","product_price_amount":"16496","product_price_currency":"MXN","og_availability":"out of stock","product_availability":"out of stock","product_retailer_item_id":"2405C002AC,013803258172,2405C002AD,912405C00292AE","product_condition":"new"},"_links":{"self":[{"href":"https:\/\/compuviper.mx\/tienda\/wp-json\/wp\/v2\/product\/225220"}],"collection":[{"href":"https:\/\/compuviper.mx\/tienda\/wp-json\/wp\/v2\/product"}],"about":[{"href":"https:\/\/compuviper.mx\/tienda\/wp-json\/wp\/v2\/types\/product"}],"replies":[{"embeddable":true,"href":"https:\/\/compuviper.mx\/tienda\/wp-json\/wp\/v2\/comments?post=225220"}],"wp:featuredmedia":[{"embeddable":true,"href":"https:\/\/compuviper.mx\/tienda\/wp-json\/wp\/v2\/media\/225221"}],"wp:attachment":[{"href":"https:\/\/compuviper.mx\/tienda\/wp-json\/wp\/v2\/media?parent=225220"}],"wp:term":[{"taxonomy":"product_cat","embeddable":true,"href":"https:\/\/compuviper.mx\/tienda\/wp-json\/wp\/v2\/product_cat?post=225220"},{"taxonomy":"product_tag","embeddable":true,"href":"https:\/\/compuviper.mx\/tienda\/wp-json\/wp\/v2\/product_tag?post=225220"}],"curies":[{"name":"wp","href":"https:\/\/api.w.org\/{rel}","templated":true}]}}