{"id":225218,"date":"2026-05-05T01:50:34","date_gmt":"2026-05-05T07:50:34","guid":{"rendered":"https:\/\/compuviper.mx\/tienda\/producto\/canon-2646c002aa2646c002ab-escaner-imageformula-dr-c230-30-ppm-60-ipm-600-dpi-24-bits-usb-adf-compatible-windows-mac-alimentacion-60-hojas-oficio-vertical-escaneo-diario-3500\/"},"modified":"2026-05-05T01:50:35","modified_gmt":"2026-05-05T07:50:35","slug":"canon-2646c002ac0138033007102646c002ab-escaner-imageformula-dr-c230-30-ppm-60-ipm-600-dpi-24-bits-usb-adf-oficio-3500-escaneos-diarios","status":"publish","type":"product","link":"https:\/\/compuviper.mx\/tienda\/producto\/canon-2646c002ac0138033007102646c002ab-escaner-imageformula-dr-c230-30-ppm-60-ipm-600-dpi-24-bits-usb-adf-oficio-3500-escaneos-diarios\/","title":{"rendered":"Canon 2646c002ac,013803300710,2646c002ab Escaner  Imageformula Dr-c230, 30 Ppm\/60 Ipm, 600 Dpi, 24 Bits, Usb, Adf Oficio, 3500 Escaneos Diarios"},"content":{"rendered":"<table class=\"descripcion\">\n<tr>\n<td>Tipo esc\u00e1ner de documentos de oficina<\/td>\n<\/tr>\n<tr>\n<td>Alimentaci\u00f3n de documentos autom\u00e1tica o manual<\/td>\n<\/tr>\n<tr>\n<td>Anchura del documento de 50,8 mm a 216 mm (de 2.0 a 8.5)<\/td>\n<\/tr>\n<tr>\n<td>Longitud del documento de 54 a 356 mm (de 2.1 a 14.0)<\/td>\n<\/tr>\n<tr>\n<td>Peso de los documentos: papel bond com\u00fan de 7 a 56 lb<\/td>\n<\/tr>\n<tr>\n<td>Capacidad del alimentador 60 hojas<\/td>\n<\/tr>\n<tr>\n<td>Elemento de escaneo sensor de imagen por contacto (cmos)<\/td>\n<\/tr>\n<tr>\n<td>Fuente de luz led rgb<\/td>\n<\/tr>\n<tr>\n<td>Modos de operaci\u00f3n color, escala de grises, blanco y negro<\/td>\n<\/tr>\n<tr>\n<td>Resoluci\u00f3n \u00f3ptica 600 ppp<\/td>\n<\/tr>\n<tr>\n<td>Resoluci\u00f3n de salida 100\/150\/200\/240\/300\/400\/600 ppp<\/td>\n<\/tr>\n<tr>\n<td>Velocidades de escaneo<\/td>\n<\/tr>\n<tr>\n<td>Consumo de energ\u00eda 19 w o menos (modo dormir: 1.4 w o menos)<\/td>\n<\/tr>\n<tr>\n<td>Informaci\u00f3n general de producto<\/td>\n<\/tr>\n<tr>\n<td>Tipo<\/td>\n<\/tr>\n<tr>\n<td>Esc\u00e1ner de sobremesa con alimentaci\u00f3n de hojas<\/td>\n<\/tr>\n<tr>\n<td>Unidad de sensor de escaneado<\/td>\n<\/tr>\n<tr>\n<td>Sensor cmos cis de 1 l\u00ednea<\/td>\n<\/tr>\n<tr>\n<td>Resoluci\u00f3n \u00f3ptica<\/td>\n<\/tr>\n<tr>\n<td>600 ppp<\/td>\n<\/tr>\n<tr>\n<td>Fuente de iluminaci\u00f3n<\/td>\n<\/tr>\n<tr>\n<td>Led rgb<\/td>\n<\/tr>\n<tr>\n<td>Lado de escaneado<\/td>\n<\/tr>\n<tr>\n<td>Anverso \/ reverso \/ a doble cara<\/td>\n<\/tr>\n<tr>\n<td>Interfaz<\/td>\n<\/tr>\n<tr>\n<td>Usb 2.0 de alta velocidad<\/td>\n<\/tr>\n<tr>\n<td>Dimensiones (an x pr x al)<\/td>\n<\/tr>\n<tr>\n<td>Bandejas cerradas: 291 x 253 x 231 mm<\/td>\n<\/tr>\n<tr>\n<td>Bandejas abiertas: 291 x 603 x 363 mm<\/td>\n<\/tr>\n<tr>\n<td>Peso<\/td>\n<\/tr>\n<tr>\n<td>Aprox. 2,8 kg<\/td>\n<\/tr>\n<tr>\n<td>Requisitos el\u00e9ctricos<\/td>\n<\/tr>\n<tr>\n<td>Ca 100-240 v (50\/60 hz)<\/td>\n<\/tr>\n<tr>\n<td>Consumo de energ\u00eda<\/td>\n<\/tr>\n<tr>\n<td>Escaneo: 19 w o menos<\/td>\n<\/tr>\n<tr>\n<td>Modo de suspensi\u00f3n: 1,4 w o menos<\/td>\n<\/tr>\n<tr>\n<td>Apagado: 0,1 w o menos<\/td>\n<\/tr>\n<tr>\n<td>Entorno de funcionamiento<\/td>\n<\/tr>\n<tr>\n<td>10 &#8211; 32,5 \u00b0c<\/td>\n<\/tr>\n<tr>\n<td>Humedad: 20 &#8211; 80% de humedad relativa<\/td>\n<\/tr>\n<tr>\n<td>Homologaciones medioambientales<\/td>\n<\/tr>\n<tr>\n<td>Rohs y energy star<\/td>\n<\/tr>\n<tr>\n<td>Especificaciones de escaneo<\/td>\n<\/tr>\n<tr>\n<td>Blanco y negro<\/td>\n<\/tr>\n<tr>\n<td>30 ppm \/ 60 ipm<\/td>\n<\/tr>\n<tr>\n<td>Color<\/td>\n<\/tr>\n<tr>\n<td>30 ppm \/ 60 ipm<\/td>\n<\/tr>\n<tr>\n<td>Resoluci\u00f3n de salida<\/td>\n<\/tr>\n<tr>\n<td>150 x 150 ppp, 200 x 200 ppp, 240 x 240 ppp, 300 x 300 ppp, 400 x 400 ppp, 600 x 600 ppp<\/td>\n<\/tr>\n<tr>\n<td>Modo de salida<\/td>\n<\/tr>\n<tr>\n<td>Blanco y negro, difusi\u00f3n de errores, mejora de texto avanzada, mejora de texto avanzada (ii), escala de grises de 8 niveles (256 niveles), color de 24 bits<\/td>\n<\/tr>\n<tr>\n<td>Rendimiento diario sugerido<\/td>\n<\/tr>\n<tr>\n<td>Aprox. 3500 escaneos<\/td>\n<\/tr>\n<tr>\n<td>Especificaciones de documentos<\/td>\n<\/tr>\n<tr>\n<td>Anchura<\/td>\n<\/tr>\n<tr>\n<td>50,8 &#8211; 216 mm<\/td>\n<\/tr>\n<tr>\n<td>Longitud<\/td>\n<\/tr>\n<tr>\n<td>54 &#8211; 356 mm<\/td>\n<\/tr>\n<tr>\n<td>Grosor<\/td>\n<\/tr>\n<tr>\n<td>27 &#8211; 209 g\/m\u00b2 (0,06 &#8211; 0,25 mm)<\/td>\n<\/tr>\n<tr>\n<td>Modo de documentos largos<\/td>\n<\/tr>\n<tr>\n<td>3000 mm m\u00e1x.<\/td>\n<\/tr>\n<tr>\n<td>Escaneo de tarjetas de visita<\/td>\n<\/tr>\n<tr>\n<td>Tama\u00f1o: 50,8 x 85 mm o m\u00e1s<\/td>\n<\/tr>\n<tr>\n<td>Grosor: menos de 0,45 mm<\/td>\n<\/tr>\n<tr>\n<td>Escaneo de tarjetas de pl\u00e1stico<\/td>\n<\/tr>\n<tr>\n<td>Tama\u00f1o: 53,9 x 85,5 mm<\/td>\n<\/tr>\n<tr>\n<td>Grosor: 0,76 mm (se soportan tarjetas con relieve de hasta 1,4 mm de espesor)<\/td>\n<\/tr>\n<tr>\n<td>Escaneo de pasaportes<\/td>\n<\/tr>\n<tr>\n<td>Hasta un m\u00e1ximo de 4 mm de espesor (mediante hoja de soporte)<\/td>\n<\/tr>\n<tr>\n<td>Separaci\u00f3n de papel<\/td>\n<\/tr>\n<tr>\n<td>M\u00e9todo de rodillo de retardo<\/td>\n<\/tr>\n<tr>\n<td>Capacidad del alimentador<\/td>\n<\/tr>\n<tr>\n<td>60 hojas (80 g\/m\u00b2)<\/td>\n<\/tr>\n<tr>\n<td>Software incluido<\/td>\n<\/tr>\n<tr>\n<td>Windows<\/td>\n<\/tr>\n<tr>\n<td>Controlador isis \/twain (windows 7 sp1 \/ 8.1 \/ 10. windows server 2008 r2 sp1\/server 2012 r2\/server 2016)<\/td>\n<\/tr>\n<tr>\n<td>Captureontouch pro<\/td>\n<\/tr>\n<tr>\n<td>Captureperfect<\/td>\n<\/tr>\n<tr>\n<td>Mac<\/td>\n<\/tr>\n<tr>\n<td>Driver twain<\/td>\n<\/tr>\n<tr>\n<td>Otras caracter\u00edsticas  and #65279;detecci\u00f3n autom\u00e1tica de color, detecci\u00f3n autom\u00e1tica de tama\u00f1o de p\u00e1gina, configuraci\u00f3n autom\u00e1tica de resoluci\u00f3n, suavizado de fondos, correcci\u00f3n de desviaci\u00f3n, \u00e9nfasis de borde, reducci\u00f3n del efecto muar\u00e9, eliminaci\u00f3n de fondo\/prevenci\u00f3n de sangrado, recorte del sombreado, omitir p\u00e1gina en blanco, mejoramiento de texto, reconocimiento de la orientaci\u00f3n del texto, correcci\u00f3n de color tridimensional, detecci\u00f3n de alimentaci\u00f3n doble, preferencias del usuario<\/td>\n<\/tr>\n<tr>\n<td>Opciones unidad de esc\u00e1ner plano 102\/201, m\u00f3dulo de c\u00f3digo de barras, m\u00f3dulo de c\u00f3digo 2d, kit del rodillo de intercambio (rodillo de alimentaci\u00f3n y rodillo de retardo), hoja transportadora (pasaporte), hoja transportadora (a4)<\/td>\n<\/tr>\n<\/table>\n","protected":false},"excerpt":{"rendered":"<p>Impulse la eficiencia y la productividad de su oficina con el esc\u00e1ner de documentos de oficina de f\u00e1cil uso imageformula dr-c230 de canon. Gracias a sus poderosas capacidades de captura de documentos y a su din\u00e1mica habilidad para escanear varios tipos de documentos, como pasaportes, este esc\u00e1ner puede f\u00e1cilmente convertir documentos impresos en archivos digitales de alta calidad para cualquier entorno de oficina.<\/p>\n","protected":false},"featured_media":225219,"comment_status":"open","ping_status":"open","template":"","meta":[],"product_cat":[1805,1807],"product_tag":[1554],"acf":[],"yoast_head":"<!-- This site is optimized with the Yoast SEO plugin v21.7 - https:\/\/yoast.com\/wordpress\/plugins\/seo\/ -->\n<title>[ Canon ] &#129351; 2646c002ac,013803300710,2646c002ab Escaner Imageformula Dr-c230, 30 Ppm\/60 Ipm, 600 Dpi, 24 Bits, Usb, Adf Oficio, 3500 Escaneos Diarios<\/title>\n<meta name=\"description\" content=\"Compra 2646c002ac,013803300710,2646c002ab Escaner Imageformula Dr-c230, 30 Ppm\/60 Ipm, 600 Dpi, 24 Bits, Usb, Adf Oficio, 3500 Escaneos Diarios + Env\u00edo a domicilio + Pago seguro + Garant\u00eda\" \/>\n<meta name=\"robots\" content=\"index, follow, max-snippet:-1, max-image-preview:large, max-video-preview:-1\" \/>\n<link rel=\"canonical\" href=\"https:\/\/compuviper.mx\/tienda\/producto\/canon-2646c002ac0138033007102646c002ab-escaner-imageformula-dr-c230-30-ppm-60-ipm-600-dpi-24-bits-usb-adf-oficio-3500-escaneos-diarios\/\" \/>\n<meta property=\"og:locale\" content=\"es_MX\" \/>\n<meta property=\"og:type\" content=\"article\" \/>\n<meta property=\"og:title\" content=\"[ Canon ] &#129351; 2646c002ac,013803300710,2646c002ab Escaner Imageformula Dr-c230, 30 Ppm\/60 Ipm, 600 Dpi, 24 Bits, Usb, Adf Oficio, 3500 Escaneos Diarios\" \/>\n<meta property=\"og:description\" content=\"Compra 2646c002ac,013803300710,2646c002ab Escaner Imageformula Dr-c230, 30 Ppm\/60 Ipm, 600 Dpi, 24 Bits, Usb, Adf Oficio, 3500 Escaneos Diarios + Env\u00edo a domicilio + Pago seguro + Garant\u00eda\" \/>\n<meta property=\"og:url\" content=\"https:\/\/compuviper.mx\/tienda\/producto\/canon-2646c002ac0138033007102646c002ab-escaner-imageformula-dr-c230-30-ppm-60-ipm-600-dpi-24-bits-usb-adf-oficio-3500-escaneos-diarios\/\" \/>\n<meta property=\"og:site_name\" content=\"Compuviper\" \/>\n<meta property=\"article:publisher\" content=\"https:\/\/www.facebook.com\/compuviper\" \/>\n<meta property=\"article:modified_time\" content=\"2026-05-05T07:50:35+00:00\" \/>\n<meta property=\"og:image\" content=\"https:\/\/compuviper.mx\/tienda\/wp-content\/uploads\/2023\/12\/Escaner-canon-imageformula-dr-c230-30-ppm60-ipm-600-dpi-24-bits-usb-adf-compatible-windowsmac-alimentacion-60-hojas-oficio-vertical-escaneo-diario-3500.jpg\" \/>\n\t<meta property=\"og:image:width\" content=\"200\" \/>\n\t<meta property=\"og:image:height\" content=\"200\" \/>\n\t<meta property=\"og:image:type\" content=\"image\/jpeg\" \/>\n<meta name=\"twitter:card\" content=\"summary_large_image\" \/>\n<meta name=\"twitter:label1\" content=\"Precio\" \/>\n\t<meta name=\"twitter:data1\" content=\"&#36;10,028 &#36;8,951 con IVA\" \/>\n\t<meta name=\"twitter:label2\" content=\"Availability\" \/>\n\t<meta name=\"twitter:data2\" content=\"In stock\" \/>\n<script type=\"application\/ld+json\" class=\"yoast-schema-graph\">{\"@context\":\"https:\/\/schema.org\",\"@graph\":[{\"@type\":\"WebPage\",\"@id\":\"https:\/\/compuviper.mx\/tienda\/producto\/canon-2646c002ac0138033007102646c002ab-escaner-imageformula-dr-c230-30-ppm-60-ipm-600-dpi-24-bits-usb-adf-oficio-3500-escaneos-diarios\/\",\"url\":\"https:\/\/compuviper.mx\/tienda\/producto\/canon-2646c002ac0138033007102646c002ab-escaner-imageformula-dr-c230-30-ppm-60-ipm-600-dpi-24-bits-usb-adf-oficio-3500-escaneos-diarios\/\",\"name\":\"[ Canon ] &#129351; 2646c002ac,013803300710,2646c002ab Escaner Imageformula Dr-c230, 30 Ppm\/60 Ipm, 600 Dpi, 24 Bits, Usb, Adf Oficio, 3500 Escaneos Diarios\",\"isPartOf\":{\"@id\":\"https:\/\/compuviper.mx\/tienda\/#website\"},\"datePublished\":\"2026-05-05T07:50:34+00:00\",\"dateModified\":\"2026-05-05T07:50:35+00:00\",\"description\":\"Compra 2646c002ac,013803300710,2646c002ab Escaner Imageformula Dr-c230, 30 Ppm\/60 Ipm, 600 Dpi, 24 Bits, Usb, Adf Oficio, 3500 Escaneos Diarios + Env\u00edo a domicilio + Pago seguro + Garant\u00eda\",\"breadcrumb\":{\"@id\":\"https:\/\/compuviper.mx\/tienda\/producto\/canon-2646c002ac0138033007102646c002ab-escaner-imageformula-dr-c230-30-ppm-60-ipm-600-dpi-24-bits-usb-adf-oficio-3500-escaneos-diarios\/#breadcrumb\"},\"inLanguage\":\"es-MX\",\"potentialAction\":[{\"@type\":\"ReadAction\",\"target\":[\"https:\/\/compuviper.mx\/tienda\/producto\/canon-2646c002ac0138033007102646c002ab-escaner-imageformula-dr-c230-30-ppm-60-ipm-600-dpi-24-bits-usb-adf-oficio-3500-escaneos-diarios\/\"]}]},{\"@type\":\"BreadcrumbList\",\"@id\":\"https:\/\/compuviper.mx\/tienda\/producto\/canon-2646c002ac0138033007102646c002ab-escaner-imageformula-dr-c230-30-ppm-60-ipm-600-dpi-24-bits-usb-adf-oficio-3500-escaneos-diarios\/#breadcrumb\",\"itemListElement\":[{\"@type\":\"ListItem\",\"position\":1,\"name\":\"Inicio\",\"item\":\"https:\/\/compuviper.mx\/tienda\/\"},{\"@type\":\"ListItem\",\"position\":2,\"name\":\"Productos\",\"item\":\"https:\/\/compuviper.mx\/tienda\/productos\/\"},{\"@type\":\"ListItem\",\"position\":3,\"name\":\"Scanner\",\"item\":\"https:\/\/compuviper.mx\/tienda\/categoria-producto\/scanner\/\"},{\"@type\":\"ListItem\",\"position\":4,\"name\":\"Scanner Documentos\",\"item\":\"https:\/\/compuviper.mx\/tienda\/categoria-producto\/scanner\/scanner-documentos\/\"},{\"@type\":\"ListItem\",\"position\":5,\"name\":\"Canon 2646c002ac,013803300710,2646c002ab Escaner Imageformula Dr-c230, 30 Ppm\/60 Ipm, 600 Dpi, 24 Bits, Usb, Adf Oficio, 3500 Escaneos Diarios\"}]},{\"@type\":\"WebSite\",\"@id\":\"https:\/\/compuviper.mx\/tienda\/#website\",\"url\":\"https:\/\/compuviper.mx\/tienda\/\",\"name\":\"Compuviper\",\"description\":\"Proveedor de Computadoras, Laptops, Servidores, Monitores, Puntos de Venta, Teclados,   Impresoras, T\u00f3ner, C\u00e1maras de Seguridad y m\u00e1s en tu tienda en l\u00ednea\",\"publisher\":{\"@id\":\"https:\/\/compuviper.mx\/tienda\/#organization\"},\"potentialAction\":[{\"@type\":\"SearchAction\",\"target\":{\"@type\":\"EntryPoint\",\"urlTemplate\":\"https:\/\/compuviper.mx\/tienda\/?s={search_term_string}\"},\"query-input\":\"required name=search_term_string\"}],\"inLanguage\":\"es-MX\"},{\"@type\":\"Organization\",\"@id\":\"https:\/\/compuviper.mx\/tienda\/#organization\",\"name\":\"Compuviper\",\"url\":\"https:\/\/compuviper.mx\/tienda\/\",\"logo\":{\"@type\":\"ImageObject\",\"inLanguage\":\"es-MX\",\"@id\":\"https:\/\/compuviper.mx\/tienda\/#\/schema\/logo\/image\/\",\"url\":\"https:\/\/compuviper.mx\/tienda\/wp-content\/uploads\/2021\/08\/Logo-Compuviper-10.png\",\"contentUrl\":\"https:\/\/compuviper.mx\/tienda\/wp-content\/uploads\/2021\/08\/Logo-Compuviper-10.png\",\"width\":1000,\"height\":500,\"caption\":\"Compuviper\"},\"image\":{\"@id\":\"https:\/\/compuviper.mx\/tienda\/#\/schema\/logo\/image\/\"},\"sameAs\":[\"https:\/\/www.facebook.com\/compuviper\",\"https:\/\/www.youtube.com\/channel\/UCf73dERp9Y3cfOq7q8BhLjA?view_as=subscriber\"]}]}<\/script>\n<meta property=\"product:brand\" content=\"CANON\" \/>\n<meta property=\"product:price:amount\" content=\"8951\" \/>\n<meta property=\"product:price:currency\" content=\"MXN\" \/>\n<meta property=\"og:availability\" content=\"instock\" \/>\n<meta property=\"product:availability\" content=\"instock\" \/>\n<meta property=\"product:retailer_item_id\" content=\"2646C002AC,013803300710,2646C002AB\" \/>\n<meta property=\"product:condition\" content=\"new\" \/>\n<!-- \/ Yoast SEO plugin. -->","yoast_head_json":{"title":"[ Canon ] &#129351; 2646c002ac,013803300710,2646c002ab Escaner Imageformula Dr-c230, 30 Ppm\/60 Ipm, 600 Dpi, 24 Bits, Usb, Adf Oficio, 3500 Escaneos Diarios","description":"Compra 2646c002ac,013803300710,2646c002ab Escaner Imageformula Dr-c230, 30 Ppm\/60 Ipm, 600 Dpi, 24 Bits, Usb, Adf Oficio, 3500 Escaneos Diarios + Env\u00edo a domicilio + Pago seguro + Garant\u00eda","robots":{"index":"index","follow":"follow","max-snippet":"max-snippet:-1","max-image-preview":"max-image-preview:large","max-video-preview":"max-video-preview:-1"},"canonical":"https:\/\/compuviper.mx\/tienda\/producto\/canon-2646c002ac0138033007102646c002ab-escaner-imageformula-dr-c230-30-ppm-60-ipm-600-dpi-24-bits-usb-adf-oficio-3500-escaneos-diarios\/","og_locale":"es_MX","og_type":"article","og_title":"[ Canon ] &#129351; 2646c002ac,013803300710,2646c002ab Escaner Imageformula Dr-c230, 30 Ppm\/60 Ipm, 600 Dpi, 24 Bits, Usb, Adf Oficio, 3500 Escaneos Diarios","og_description":"Compra 2646c002ac,013803300710,2646c002ab Escaner Imageformula Dr-c230, 30 Ppm\/60 Ipm, 600 Dpi, 24 Bits, Usb, Adf Oficio, 3500 Escaneos Diarios + Env\u00edo a domicilio + Pago seguro + Garant\u00eda","og_url":"https:\/\/compuviper.mx\/tienda\/producto\/canon-2646c002ac0138033007102646c002ab-escaner-imageformula-dr-c230-30-ppm-60-ipm-600-dpi-24-bits-usb-adf-oficio-3500-escaneos-diarios\/","og_site_name":"Compuviper","article_publisher":"https:\/\/www.facebook.com\/compuviper","article_modified_time":"2026-05-05T07:50:35+00:00","og_image":[{"width":200,"height":200,"url":"https:\/\/compuviper.mx\/tienda\/wp-content\/uploads\/2023\/12\/Escaner-canon-imageformula-dr-c230-30-ppm60-ipm-600-dpi-24-bits-usb-adf-compatible-windowsmac-alimentacion-60-hojas-oficio-vertical-escaneo-diario-3500.jpg","type":"image\/jpeg"}],"twitter_card":"summary_large_image","twitter_misc":{"Precio":"&#36;10,028 &#36;8,951 con IVA","Availability":"In stock"},"schema":{"@context":"https:\/\/schema.org","@graph":[{"@type":"WebPage","@id":"https:\/\/compuviper.mx\/tienda\/producto\/canon-2646c002ac0138033007102646c002ab-escaner-imageformula-dr-c230-30-ppm-60-ipm-600-dpi-24-bits-usb-adf-oficio-3500-escaneos-diarios\/","url":"https:\/\/compuviper.mx\/tienda\/producto\/canon-2646c002ac0138033007102646c002ab-escaner-imageformula-dr-c230-30-ppm-60-ipm-600-dpi-24-bits-usb-adf-oficio-3500-escaneos-diarios\/","name":"[ Canon ] &#129351; 2646c002ac,013803300710,2646c002ab Escaner Imageformula Dr-c230, 30 Ppm\/60 Ipm, 600 Dpi, 24 Bits, Usb, Adf Oficio, 3500 Escaneos Diarios","isPartOf":{"@id":"https:\/\/compuviper.mx\/tienda\/#website"},"datePublished":"2026-05-05T07:50:34+00:00","dateModified":"2026-05-05T07:50:35+00:00","description":"Compra 2646c002ac,013803300710,2646c002ab Escaner Imageformula Dr-c230, 30 Ppm\/60 Ipm, 600 Dpi, 24 Bits, Usb, Adf Oficio, 3500 Escaneos Diarios + Env\u00edo a domicilio + Pago seguro + Garant\u00eda","breadcrumb":{"@id":"https:\/\/compuviper.mx\/tienda\/producto\/canon-2646c002ac0138033007102646c002ab-escaner-imageformula-dr-c230-30-ppm-60-ipm-600-dpi-24-bits-usb-adf-oficio-3500-escaneos-diarios\/#breadcrumb"},"inLanguage":"es-MX","potentialAction":[{"@type":"ReadAction","target":["https:\/\/compuviper.mx\/tienda\/producto\/canon-2646c002ac0138033007102646c002ab-escaner-imageformula-dr-c230-30-ppm-60-ipm-600-dpi-24-bits-usb-adf-oficio-3500-escaneos-diarios\/"]}]},{"@type":"BreadcrumbList","@id":"https:\/\/compuviper.mx\/tienda\/producto\/canon-2646c002ac0138033007102646c002ab-escaner-imageformula-dr-c230-30-ppm-60-ipm-600-dpi-24-bits-usb-adf-oficio-3500-escaneos-diarios\/#breadcrumb","itemListElement":[{"@type":"ListItem","position":1,"name":"Inicio","item":"https:\/\/compuviper.mx\/tienda\/"},{"@type":"ListItem","position":2,"name":"Productos","item":"https:\/\/compuviper.mx\/tienda\/productos\/"},{"@type":"ListItem","position":3,"name":"Scanner","item":"https:\/\/compuviper.mx\/tienda\/categoria-producto\/scanner\/"},{"@type":"ListItem","position":4,"name":"Scanner Documentos","item":"https:\/\/compuviper.mx\/tienda\/categoria-producto\/scanner\/scanner-documentos\/"},{"@type":"ListItem","position":5,"name":"Canon 2646c002ac,013803300710,2646c002ab Escaner Imageformula Dr-c230, 30 Ppm\/60 Ipm, 600 Dpi, 24 Bits, Usb, Adf Oficio, 3500 Escaneos Diarios"}]},{"@type":"WebSite","@id":"https:\/\/compuviper.mx\/tienda\/#website","url":"https:\/\/compuviper.mx\/tienda\/","name":"Compuviper","description":"Proveedor de Computadoras, Laptops, Servidores, Monitores, Puntos de Venta, Teclados,   Impresoras, T\u00f3ner, C\u00e1maras de Seguridad y m\u00e1s en tu tienda en l\u00ednea","publisher":{"@id":"https:\/\/compuviper.mx\/tienda\/#organization"},"potentialAction":[{"@type":"SearchAction","target":{"@type":"EntryPoint","urlTemplate":"https:\/\/compuviper.mx\/tienda\/?s={search_term_string}"},"query-input":"required name=search_term_string"}],"inLanguage":"es-MX"},{"@type":"Organization","@id":"https:\/\/compuviper.mx\/tienda\/#organization","name":"Compuviper","url":"https:\/\/compuviper.mx\/tienda\/","logo":{"@type":"ImageObject","inLanguage":"es-MX","@id":"https:\/\/compuviper.mx\/tienda\/#\/schema\/logo\/image\/","url":"https:\/\/compuviper.mx\/tienda\/wp-content\/uploads\/2021\/08\/Logo-Compuviper-10.png","contentUrl":"https:\/\/compuviper.mx\/tienda\/wp-content\/uploads\/2021\/08\/Logo-Compuviper-10.png","width":1000,"height":500,"caption":"Compuviper"},"image":{"@id":"https:\/\/compuviper.mx\/tienda\/#\/schema\/logo\/image\/"},"sameAs":["https:\/\/www.facebook.com\/compuviper","https:\/\/www.youtube.com\/channel\/UCf73dERp9Y3cfOq7q8BhLjA?view_as=subscriber"]}]},"product_brand":"CANON","product_price_amount":"8951","product_price_currency":"MXN","og_availability":"instock","product_availability":"instock","product_retailer_item_id":"2646C002AC,013803300710,2646C002AB","product_condition":"new"},"_links":{"self":[{"href":"https:\/\/compuviper.mx\/tienda\/wp-json\/wp\/v2\/product\/225218"}],"collection":[{"href":"https:\/\/compuviper.mx\/tienda\/wp-json\/wp\/v2\/product"}],"about":[{"href":"https:\/\/compuviper.mx\/tienda\/wp-json\/wp\/v2\/types\/product"}],"replies":[{"embeddable":true,"href":"https:\/\/compuviper.mx\/tienda\/wp-json\/wp\/v2\/comments?post=225218"}],"wp:featuredmedia":[{"embeddable":true,"href":"https:\/\/compuviper.mx\/tienda\/wp-json\/wp\/v2\/media\/225219"}],"wp:attachment":[{"href":"https:\/\/compuviper.mx\/tienda\/wp-json\/wp\/v2\/media?parent=225218"}],"wp:term":[{"taxonomy":"product_cat","embeddable":true,"href":"https:\/\/compuviper.mx\/tienda\/wp-json\/wp\/v2\/product_cat?post=225218"},{"taxonomy":"product_tag","embeddable":true,"href":"https:\/\/compuviper.mx\/tienda\/wp-json\/wp\/v2\/product_tag?post=225218"}],"curies":[{"name":"wp","href":"https:\/\/api.w.org\/{rel}","templated":true}]}}