{"id":225216,"date":"2026-04-28T01:56:35","date_gmt":"2026-04-28T07:56:35","guid":{"rendered":"https:\/\/compuviper.mx\/tienda\/producto\/canon-3258c002aa3258c002ab-escaner-imageformula-dr-c225ii-25-ppm-50-ipm-600-dpi-usb-duplex-adf-compatible-windows-mac-alimentacion-30-hojas-oficio-vertical-escaneo-diario-1500\/"},"modified":"2026-04-28T01:56:35","modified_gmt":"2026-04-28T07:56:35","slug":"canon-3258c002aa0138033102143258c002ab-escaner-imageformula-dr-c225ii-25-ppm-50-ipm-600-dpi-usb-duplex-adf-oficio-1500-escaneos-diarios","status":"publish","type":"product","link":"https:\/\/compuviper.mx\/tienda\/producto\/canon-3258c002aa0138033102143258c002ab-escaner-imageformula-dr-c225ii-25-ppm-50-ipm-600-dpi-usb-duplex-adf-oficio-1500-escaneos-diarios\/","title":{"rendered":"Canon 3258c002aa,013803310214,3258c002ab Escaner  Imageformula Dr-c225ii, 25 Ppm\/50 Ipm, 600 Dpi, Usb, Duplex, Adf Oficio, 1500 Escaneos Diarios"},"content":{"rendered":"<table class=\"descripcion\">\n<tr>\n<td>Velocidad de escaneo (max): 25ppm \/ 50 ipm blanco negro y color a 200dpi<\/td>\n<\/tr>\n<tr>\n<td>Sensor de escaneo: contact image sensor (led)<\/td>\n<\/tr>\n<tr>\n<td>Resoluci\u00f3n m\u00e1xima: 600dpi<\/td>\n<\/tr>\n<tr>\n<td>Adf (capacidad): 30 hojas<\/td>\n<\/tr>\n<tr>\n<td>Interface: usb 2.0<\/td>\n<\/tr>\n<tr>\n<td>Volumen diario sugerido: 1,500 escaneos por d\u00eda<\/td>\n<\/tr>\n<tr>\n<td>Tama\u00f1o (an x p x al):<\/td>\n<\/tr>\n<tr>\n<td>&#8211; con bandeja cerrada: and #12288;30.0&#215;15.6&#215;22.0 cm<\/td>\n<\/tr>\n<tr>\n<td>&#8211; con bandeja abierta: and #12288;30.0\u00d723.5\u00d733.9 cm<\/td>\n<\/tr>\n<tr>\n<td>Peso: aprox 2.7 kg<\/td>\n<\/tr>\n<tr>\n<td>Tama\u00f1o m\u00e1ximo y m\u00ednimo de documentos<\/td>\n<\/tr>\n<tr>\n<td>Ancho: 5.08 \u0096 21cm largo: 5.3 \u0096 35.5 cm<\/td>\n<\/tr>\n<tr>\n<td>2&#215;2.8 \/ 8.5&#215;118 (oficio)<\/td>\n<\/tr>\n<tr>\n<td>Modo documento largo: 300 cm<\/td>\n<\/tr>\n<tr>\n<td>Modo folio: 29.9 x 43.18 cm<\/td>\n<\/tr>\n<tr>\n<td>Escaneo de tarjetas plasticas con relieve<\/td>\n<\/tr>\n<tr>\n<td>Softwares<\/td>\n<\/tr>\n<tr>\n<td>Software incluido para windows:<\/td>\n<\/tr>\n<tr>\n<td>Isis\/twain driver; canon captureontouch,<\/td>\n<\/tr>\n<tr>\n<td>Software descargable para windows:<\/td>\n<\/tr>\n<tr>\n<td>Nuance ecopy pdf pro office, cardiris<\/td>\n<\/tr>\n<tr>\n<td>Software incluido para mac:<\/td>\n<\/tr>\n<tr>\n<td>Twain driver; canon captureontouch<\/td>\n<\/tr>\n<tr>\n<td>Software descargable para mac:<\/td>\n<\/tr>\n<tr>\n<td>Cardiris<\/td>\n<\/tr>\n<tr>\n<td>Otras caracter\u00edsticas:<\/td>\n<\/tr>\n<tr>\n<td>Detecci\u00f3n autom\u00e1tica de color, detecci\u00f3n autom\u00e1tica de tama\u00f1o de p\u00e1gina, configuraci\u00f3n de resoluci\u00f3n autom\u00e1tica, suavizado de fondo, \u00e9nfasis de personaje, mejora de color \/ eliminaci\u00f3n de color rojo, alineaci\u00f3n, d\u00faplex, \u00e9nfasis de borde, alimentaci\u00f3n boca arriba, modo de folio, rotaci\u00f3n de imagen, modo de documento largo, reducci\u00f3n de moir\u00e9, multistream, preescaneo, prevenci\u00f3n de sangrado \/ eliminar fondo, recorte \/ eliminaci\u00f3n de sombras, simplex, omitir p\u00e1gina en blanco, mejora de texto, reconocimiento de orientaci\u00f3n de texto, correcci\u00f3n tridimensional de color, detecci\u00f3n ultras\u00f3nica de doble alimentaci\u00f3n, preferencias de usuario.<\/td>\n<\/tr>\n<tr>\n<td>Contenido de kit<\/td>\n<\/tr>\n<tr>\n<td>\u0095 esc\u00e1ner<\/td>\n<\/tr>\n<tr>\n<td>\u0095 documentaci\u00f3n<\/td>\n<\/tr>\n<tr>\n<td>\u0095 gu\u00eda de instalaci\u00f3n<\/td>\n<\/tr>\n<tr>\n<td>\u0095 adaptador ca<\/td>\n<\/tr>\n<tr>\n<td>\u0095 cable de alimentaci\u00f3n<\/td>\n<\/tr>\n<tr>\n<td>\u0095 disco de instalaci\u00f3n<\/td>\n<\/tr>\n<\/table>\n","protected":false},"excerpt":{"rendered":"<p>El esc\u00e1ner imageformula dr-c225ii su dise\u00f1o vertical, innovador y compacto libera el espacio en el escritorio. En entornos corporativos o de oficinas remotas, este esc\u00e1ner es apropiado para uso individual o para grupos peque\u00f1os, de forma que puedan modernizar sus procesos basados en papel, mejorando la eficiencia y la productividad de los usuarios. Se puede escanear y digitalizar una variedad de tipos y tama\u00f1os de documentos. Al combinarse con el software captureontouch incluido, de canon, los documentos se pueden escanear directamente hacia las aplicaciones en la nube como sharepoint, dropbox, google docs, sugarsync.<\/p>\n","protected":false},"featured_media":225217,"comment_status":"open","ping_status":"open","template":"","meta":[],"product_cat":[1805,1807],"product_tag":[1554],"acf":[],"yoast_head":"<!-- This site is optimized with the Yoast SEO plugin v21.7 - https:\/\/yoast.com\/wordpress\/plugins\/seo\/ -->\n<title>[ Canon ] &#129351; 3258c002aa,013803310214,3258c002ab Escaner Imageformula Dr-c225ii, 25 Ppm\/50 Ipm, 600 Dpi, Usb, Duplex, Adf Oficio, 1500 Escaneos Diarios<\/title>\n<meta name=\"description\" content=\"Compra 3258c002aa,013803310214,3258c002ab Escaner Imageformula Dr-c225ii, 25 Ppm\/50 Ipm, 600 Dpi, Usb, Duplex, Adf Oficio, 1500 Escaneos Diarios + Env\u00edo a domicilio + Pago seguro + Garant\u00eda\" \/>\n<meta name=\"robots\" content=\"index, follow, max-snippet:-1, max-image-preview:large, max-video-preview:-1\" \/>\n<link rel=\"canonical\" href=\"https:\/\/compuviper.mx\/tienda\/producto\/canon-3258c002aa0138033102143258c002ab-escaner-imageformula-dr-c225ii-25-ppm-50-ipm-600-dpi-usb-duplex-adf-oficio-1500-escaneos-diarios\/\" \/>\n<meta property=\"og:locale\" content=\"es_MX\" \/>\n<meta property=\"og:type\" content=\"article\" \/>\n<meta property=\"og:title\" content=\"[ Canon ] &#129351; 3258c002aa,013803310214,3258c002ab Escaner Imageformula Dr-c225ii, 25 Ppm\/50 Ipm, 600 Dpi, Usb, Duplex, Adf Oficio, 1500 Escaneos Diarios\" \/>\n<meta property=\"og:description\" content=\"Compra 3258c002aa,013803310214,3258c002ab Escaner Imageformula Dr-c225ii, 25 Ppm\/50 Ipm, 600 Dpi, Usb, Duplex, Adf Oficio, 1500 Escaneos Diarios + Env\u00edo a domicilio + Pago seguro + Garant\u00eda\" \/>\n<meta property=\"og:url\" content=\"https:\/\/compuviper.mx\/tienda\/producto\/canon-3258c002aa0138033102143258c002ab-escaner-imageformula-dr-c225ii-25-ppm-50-ipm-600-dpi-usb-duplex-adf-oficio-1500-escaneos-diarios\/\" \/>\n<meta property=\"og:site_name\" content=\"Compuviper\" \/>\n<meta property=\"article:publisher\" content=\"https:\/\/www.facebook.com\/compuviper\" \/>\n<meta property=\"og:image\" content=\"https:\/\/compuviper.mx\/tienda\/wp-content\/uploads\/2023\/12\/Escaner-canon-imageformula-dr-c225ii-25-ppm50-ipm-600-dpi-usb-duplex-adf-compatible-windowsmac-alimentacion-30-hojas-oficio-vertical-escaneo-diario-1500.jpg\" \/>\n\t<meta property=\"og:image:width\" content=\"200\" \/>\n\t<meta property=\"og:image:height\" content=\"200\" \/>\n\t<meta property=\"og:image:type\" content=\"image\/jpeg\" \/>\n<meta name=\"twitter:card\" content=\"summary_large_image\" \/>\n<meta name=\"twitter:label1\" content=\"Precio\" \/>\n\t<meta name=\"twitter:data1\" content=\"&#36;11,700 &#36;10,047 con IVA\" \/>\n\t<meta name=\"twitter:label2\" content=\"Availability\" \/>\n\t<meta name=\"twitter:data2\" content=\"In stock\" \/>\n<script type=\"application\/ld+json\" class=\"yoast-schema-graph\">{\"@context\":\"https:\/\/schema.org\",\"@graph\":[{\"@type\":\"WebPage\",\"@id\":\"https:\/\/compuviper.mx\/tienda\/producto\/canon-3258c002aa0138033102143258c002ab-escaner-imageformula-dr-c225ii-25-ppm-50-ipm-600-dpi-usb-duplex-adf-oficio-1500-escaneos-diarios\/\",\"url\":\"https:\/\/compuviper.mx\/tienda\/producto\/canon-3258c002aa0138033102143258c002ab-escaner-imageformula-dr-c225ii-25-ppm-50-ipm-600-dpi-usb-duplex-adf-oficio-1500-escaneos-diarios\/\",\"name\":\"[ Canon ] &#129351; 3258c002aa,013803310214,3258c002ab Escaner Imageformula Dr-c225ii, 25 Ppm\/50 Ipm, 600 Dpi, Usb, Duplex, Adf Oficio, 1500 Escaneos Diarios\",\"isPartOf\":{\"@id\":\"https:\/\/compuviper.mx\/tienda\/#website\"},\"datePublished\":\"2026-04-28T07:56:35+00:00\",\"dateModified\":\"2026-04-28T07:56:35+00:00\",\"description\":\"Compra 3258c002aa,013803310214,3258c002ab Escaner Imageformula Dr-c225ii, 25 Ppm\/50 Ipm, 600 Dpi, Usb, Duplex, Adf Oficio, 1500 Escaneos Diarios + Env\u00edo a domicilio + Pago seguro + Garant\u00eda\",\"breadcrumb\":{\"@id\":\"https:\/\/compuviper.mx\/tienda\/producto\/canon-3258c002aa0138033102143258c002ab-escaner-imageformula-dr-c225ii-25-ppm-50-ipm-600-dpi-usb-duplex-adf-oficio-1500-escaneos-diarios\/#breadcrumb\"},\"inLanguage\":\"es-MX\",\"potentialAction\":[{\"@type\":\"ReadAction\",\"target\":[\"https:\/\/compuviper.mx\/tienda\/producto\/canon-3258c002aa0138033102143258c002ab-escaner-imageformula-dr-c225ii-25-ppm-50-ipm-600-dpi-usb-duplex-adf-oficio-1500-escaneos-diarios\/\"]}]},{\"@type\":\"BreadcrumbList\",\"@id\":\"https:\/\/compuviper.mx\/tienda\/producto\/canon-3258c002aa0138033102143258c002ab-escaner-imageformula-dr-c225ii-25-ppm-50-ipm-600-dpi-usb-duplex-adf-oficio-1500-escaneos-diarios\/#breadcrumb\",\"itemListElement\":[{\"@type\":\"ListItem\",\"position\":1,\"name\":\"Inicio\",\"item\":\"https:\/\/compuviper.mx\/tienda\/\"},{\"@type\":\"ListItem\",\"position\":2,\"name\":\"Productos\",\"item\":\"https:\/\/compuviper.mx\/tienda\/productos\/\"},{\"@type\":\"ListItem\",\"position\":3,\"name\":\"Scanner\",\"item\":\"https:\/\/compuviper.mx\/tienda\/categoria-producto\/scanner\/\"},{\"@type\":\"ListItem\",\"position\":4,\"name\":\"Scanner Documentos\",\"item\":\"https:\/\/compuviper.mx\/tienda\/categoria-producto\/scanner\/scanner-documentos\/\"},{\"@type\":\"ListItem\",\"position\":5,\"name\":\"Canon 3258c002aa,013803310214,3258c002ab Escaner Imageformula Dr-c225ii, 25 Ppm\/50 Ipm, 600 Dpi, Usb, Duplex, Adf Oficio, 1500 Escaneos Diarios\"}]},{\"@type\":\"WebSite\",\"@id\":\"https:\/\/compuviper.mx\/tienda\/#website\",\"url\":\"https:\/\/compuviper.mx\/tienda\/\",\"name\":\"Compuviper\",\"description\":\"Proveedor de Computadoras, Laptops, Servidores, Monitores, Puntos de Venta, Teclados,   Impresoras, T\u00f3ner, C\u00e1maras de Seguridad y m\u00e1s en tu tienda en l\u00ednea\",\"publisher\":{\"@id\":\"https:\/\/compuviper.mx\/tienda\/#organization\"},\"potentialAction\":[{\"@type\":\"SearchAction\",\"target\":{\"@type\":\"EntryPoint\",\"urlTemplate\":\"https:\/\/compuviper.mx\/tienda\/?s={search_term_string}\"},\"query-input\":\"required name=search_term_string\"}],\"inLanguage\":\"es-MX\"},{\"@type\":\"Organization\",\"@id\":\"https:\/\/compuviper.mx\/tienda\/#organization\",\"name\":\"Compuviper\",\"url\":\"https:\/\/compuviper.mx\/tienda\/\",\"logo\":{\"@type\":\"ImageObject\",\"inLanguage\":\"es-MX\",\"@id\":\"https:\/\/compuviper.mx\/tienda\/#\/schema\/logo\/image\/\",\"url\":\"https:\/\/compuviper.mx\/tienda\/wp-content\/uploads\/2021\/08\/Logo-Compuviper-10.png\",\"contentUrl\":\"https:\/\/compuviper.mx\/tienda\/wp-content\/uploads\/2021\/08\/Logo-Compuviper-10.png\",\"width\":1000,\"height\":500,\"caption\":\"Compuviper\"},\"image\":{\"@id\":\"https:\/\/compuviper.mx\/tienda\/#\/schema\/logo\/image\/\"},\"sameAs\":[\"https:\/\/www.facebook.com\/compuviper\",\"https:\/\/www.youtube.com\/channel\/UCf73dERp9Y3cfOq7q8BhLjA?view_as=subscriber\"]}]}<\/script>\n<meta property=\"product:brand\" content=\"CANON\" \/>\n<meta property=\"product:price:amount\" content=\"10047\" \/>\n<meta property=\"product:price:currency\" content=\"MXN\" \/>\n<meta property=\"og:availability\" content=\"instock\" \/>\n<meta property=\"product:availability\" content=\"instock\" \/>\n<meta property=\"product:retailer_item_id\" content=\"3258C002AA,013803310214,3258C002AB\" \/>\n<meta property=\"product:condition\" content=\"new\" \/>\n<!-- \/ Yoast SEO plugin. -->","yoast_head_json":{"title":"[ Canon ] &#129351; 3258c002aa,013803310214,3258c002ab Escaner Imageformula Dr-c225ii, 25 Ppm\/50 Ipm, 600 Dpi, Usb, Duplex, Adf Oficio, 1500 Escaneos Diarios","description":"Compra 3258c002aa,013803310214,3258c002ab Escaner Imageformula Dr-c225ii, 25 Ppm\/50 Ipm, 600 Dpi, Usb, Duplex, Adf Oficio, 1500 Escaneos Diarios + Env\u00edo a domicilio + Pago seguro + Garant\u00eda","robots":{"index":"index","follow":"follow","max-snippet":"max-snippet:-1","max-image-preview":"max-image-preview:large","max-video-preview":"max-video-preview:-1"},"canonical":"https:\/\/compuviper.mx\/tienda\/producto\/canon-3258c002aa0138033102143258c002ab-escaner-imageformula-dr-c225ii-25-ppm-50-ipm-600-dpi-usb-duplex-adf-oficio-1500-escaneos-diarios\/","og_locale":"es_MX","og_type":"article","og_title":"[ Canon ] &#129351; 3258c002aa,013803310214,3258c002ab Escaner Imageformula Dr-c225ii, 25 Ppm\/50 Ipm, 600 Dpi, Usb, Duplex, Adf Oficio, 1500 Escaneos Diarios","og_description":"Compra 3258c002aa,013803310214,3258c002ab Escaner Imageformula Dr-c225ii, 25 Ppm\/50 Ipm, 600 Dpi, Usb, Duplex, Adf Oficio, 1500 Escaneos Diarios + Env\u00edo a domicilio + Pago seguro + Garant\u00eda","og_url":"https:\/\/compuviper.mx\/tienda\/producto\/canon-3258c002aa0138033102143258c002ab-escaner-imageformula-dr-c225ii-25-ppm-50-ipm-600-dpi-usb-duplex-adf-oficio-1500-escaneos-diarios\/","og_site_name":"Compuviper","article_publisher":"https:\/\/www.facebook.com\/compuviper","og_image":[{"width":200,"height":200,"url":"https:\/\/compuviper.mx\/tienda\/wp-content\/uploads\/2023\/12\/Escaner-canon-imageformula-dr-c225ii-25-ppm50-ipm-600-dpi-usb-duplex-adf-compatible-windowsmac-alimentacion-30-hojas-oficio-vertical-escaneo-diario-1500.jpg","type":"image\/jpeg"}],"twitter_card":"summary_large_image","twitter_misc":{"Precio":"&#36;11,700 &#36;10,047 con IVA","Availability":"In stock"},"schema":{"@context":"https:\/\/schema.org","@graph":[{"@type":"WebPage","@id":"https:\/\/compuviper.mx\/tienda\/producto\/canon-3258c002aa0138033102143258c002ab-escaner-imageformula-dr-c225ii-25-ppm-50-ipm-600-dpi-usb-duplex-adf-oficio-1500-escaneos-diarios\/","url":"https:\/\/compuviper.mx\/tienda\/producto\/canon-3258c002aa0138033102143258c002ab-escaner-imageformula-dr-c225ii-25-ppm-50-ipm-600-dpi-usb-duplex-adf-oficio-1500-escaneos-diarios\/","name":"[ Canon ] &#129351; 3258c002aa,013803310214,3258c002ab Escaner Imageformula Dr-c225ii, 25 Ppm\/50 Ipm, 600 Dpi, Usb, Duplex, Adf Oficio, 1500 Escaneos Diarios","isPartOf":{"@id":"https:\/\/compuviper.mx\/tienda\/#website"},"datePublished":"2026-04-28T07:56:35+00:00","dateModified":"2026-04-28T07:56:35+00:00","description":"Compra 3258c002aa,013803310214,3258c002ab Escaner Imageformula Dr-c225ii, 25 Ppm\/50 Ipm, 600 Dpi, Usb, Duplex, Adf Oficio, 1500 Escaneos Diarios + Env\u00edo a domicilio + Pago seguro + Garant\u00eda","breadcrumb":{"@id":"https:\/\/compuviper.mx\/tienda\/producto\/canon-3258c002aa0138033102143258c002ab-escaner-imageformula-dr-c225ii-25-ppm-50-ipm-600-dpi-usb-duplex-adf-oficio-1500-escaneos-diarios\/#breadcrumb"},"inLanguage":"es-MX","potentialAction":[{"@type":"ReadAction","target":["https:\/\/compuviper.mx\/tienda\/producto\/canon-3258c002aa0138033102143258c002ab-escaner-imageformula-dr-c225ii-25-ppm-50-ipm-600-dpi-usb-duplex-adf-oficio-1500-escaneos-diarios\/"]}]},{"@type":"BreadcrumbList","@id":"https:\/\/compuviper.mx\/tienda\/producto\/canon-3258c002aa0138033102143258c002ab-escaner-imageformula-dr-c225ii-25-ppm-50-ipm-600-dpi-usb-duplex-adf-oficio-1500-escaneos-diarios\/#breadcrumb","itemListElement":[{"@type":"ListItem","position":1,"name":"Inicio","item":"https:\/\/compuviper.mx\/tienda\/"},{"@type":"ListItem","position":2,"name":"Productos","item":"https:\/\/compuviper.mx\/tienda\/productos\/"},{"@type":"ListItem","position":3,"name":"Scanner","item":"https:\/\/compuviper.mx\/tienda\/categoria-producto\/scanner\/"},{"@type":"ListItem","position":4,"name":"Scanner Documentos","item":"https:\/\/compuviper.mx\/tienda\/categoria-producto\/scanner\/scanner-documentos\/"},{"@type":"ListItem","position":5,"name":"Canon 3258c002aa,013803310214,3258c002ab Escaner Imageformula Dr-c225ii, 25 Ppm\/50 Ipm, 600 Dpi, Usb, Duplex, Adf Oficio, 1500 Escaneos Diarios"}]},{"@type":"WebSite","@id":"https:\/\/compuviper.mx\/tienda\/#website","url":"https:\/\/compuviper.mx\/tienda\/","name":"Compuviper","description":"Proveedor de Computadoras, Laptops, Servidores, Monitores, Puntos de Venta, Teclados,   Impresoras, T\u00f3ner, C\u00e1maras de Seguridad y m\u00e1s en tu tienda en l\u00ednea","publisher":{"@id":"https:\/\/compuviper.mx\/tienda\/#organization"},"potentialAction":[{"@type":"SearchAction","target":{"@type":"EntryPoint","urlTemplate":"https:\/\/compuviper.mx\/tienda\/?s={search_term_string}"},"query-input":"required name=search_term_string"}],"inLanguage":"es-MX"},{"@type":"Organization","@id":"https:\/\/compuviper.mx\/tienda\/#organization","name":"Compuviper","url":"https:\/\/compuviper.mx\/tienda\/","logo":{"@type":"ImageObject","inLanguage":"es-MX","@id":"https:\/\/compuviper.mx\/tienda\/#\/schema\/logo\/image\/","url":"https:\/\/compuviper.mx\/tienda\/wp-content\/uploads\/2021\/08\/Logo-Compuviper-10.png","contentUrl":"https:\/\/compuviper.mx\/tienda\/wp-content\/uploads\/2021\/08\/Logo-Compuviper-10.png","width":1000,"height":500,"caption":"Compuviper"},"image":{"@id":"https:\/\/compuviper.mx\/tienda\/#\/schema\/logo\/image\/"},"sameAs":["https:\/\/www.facebook.com\/compuviper","https:\/\/www.youtube.com\/channel\/UCf73dERp9Y3cfOq7q8BhLjA?view_as=subscriber"]}]},"product_brand":"CANON","product_price_amount":"10047","product_price_currency":"MXN","og_availability":"instock","product_availability":"instock","product_retailer_item_id":"3258C002AA,013803310214,3258C002AB","product_condition":"new"},"_links":{"self":[{"href":"https:\/\/compuviper.mx\/tienda\/wp-json\/wp\/v2\/product\/225216"}],"collection":[{"href":"https:\/\/compuviper.mx\/tienda\/wp-json\/wp\/v2\/product"}],"about":[{"href":"https:\/\/compuviper.mx\/tienda\/wp-json\/wp\/v2\/types\/product"}],"replies":[{"embeddable":true,"href":"https:\/\/compuviper.mx\/tienda\/wp-json\/wp\/v2\/comments?post=225216"}],"wp:featuredmedia":[{"embeddable":true,"href":"https:\/\/compuviper.mx\/tienda\/wp-json\/wp\/v2\/media\/225217"}],"wp:attachment":[{"href":"https:\/\/compuviper.mx\/tienda\/wp-json\/wp\/v2\/media?parent=225216"}],"wp:term":[{"taxonomy":"product_cat","embeddable":true,"href":"https:\/\/compuviper.mx\/tienda\/wp-json\/wp\/v2\/product_cat?post=225216"},{"taxonomy":"product_tag","embeddable":true,"href":"https:\/\/compuviper.mx\/tienda\/wp-json\/wp\/v2\/product_tag?post=225216"}],"curies":[{"name":"wp","href":"https:\/\/api.w.org\/{rel}","templated":true}]}}