{"id":225210,"date":"2026-04-07T01:52:33","date_gmt":"2026-04-07T07:52:33","guid":{"rendered":"https:\/\/compuviper.mx\/tienda\/producto\/canon-2996c003aa-escaner-lide-400-4800-x-4800-dpi-48-bits-usb-cama-plana\/"},"modified":"2026-04-07T01:52:34","modified_gmt":"2026-04-07T07:52:34","slug":"canon-2996c003aa-escaner-lide-400-4800-x-4800-dpi-48-bits-usb-cama-plana","status":"publish","type":"product","link":"https:\/\/compuviper.mx\/tienda\/producto\/canon-2996c003aa-escaner-lide-400-4800-x-4800-dpi-48-bits-usb-cama-plana\/","title":{"rendered":"Canon 2996c003aa Escaner  Lide 400, 4800 X 4800 Dpi, 48 Bits, Usb, Cama Plana"},"content":{"rendered":"<table class=\"descripcion\">\n<tr>\n<td>Esc\u00e1ner de cama plana de alta resoluci\u00f3n<\/td>\n<\/tr>\n<tr>\n<td>Sensor de imagen por contacto cis<\/td>\n<\/tr>\n<tr>\n<td>Dise\u00f1ado para el ahorro de energ\u00eda con led de 3 colores<\/td>\n<\/tr>\n<tr>\n<td>Resoluci\u00f3n \u00f3ptica de 4800 x 4800 dpi<\/td>\n<\/tr>\n<tr>\n<td>Velocidad de escaneo de documentos a4 8 segundos aprox. y fotograf\u00edas 4\u0094x6\u0094: 4 segundos aprox.<\/td>\n<\/tr>\n<tr>\n<td>5 botones de uso f\u00e1cil: pdf (x2), escaneo autom\u00e1tico, copia, env\u00edo<\/td>\n<\/tr>\n<tr>\n<td>Compatibilidad con windows y mac<\/td>\n<\/tr>\n<tr>\n<td>Escaneo desde la nube<\/td>\n<\/tr>\n<tr>\n<td>Utiliza un \u00fanico cable usb 2.0 de alta velocidad para la alimentaci\u00f3n y conexi\u00f3n<\/td>\n<\/tr>\n<tr>\n<td>Escaneo vertical<\/td>\n<\/tr>\n<\/table>\n","protected":false},"excerpt":{"rendered":"<p>Adem\u00e1s de ofrecer un dise\u00f1o funcional, compacto y elegante, este ligero esc\u00e1ner plano a4 cuenta con 4 botones de funcionamiento de ez para escanear de forma sencilla y sin complicaciones. Es perfecto para el escaneo de alta resoluci\u00f3n en casa o en la oficina.<\/p>\n","protected":false},"featured_media":225211,"comment_status":"open","ping_status":"open","template":"","meta":[],"product_cat":[1805,1807],"product_tag":[1554],"acf":[],"yoast_head":"<!-- This site is optimized with the Yoast SEO plugin v21.7 - https:\/\/yoast.com\/wordpress\/plugins\/seo\/ -->\n<title>[ Canon ] &#129351; 2996c003aa Escaner Lide 400, 4800 X 4800 Dpi, 48 Bits, Usb, Cama Plana<\/title>\n<meta name=\"description\" content=\"Compra 2996c003aa Escaner Lide 400, 4800 X 4800 Dpi, 48 Bits, Usb, Cama Plana + Env\u00edo a domicilio + Pago seguro + Garant\u00eda\" \/>\n<meta name=\"robots\" content=\"index, follow, max-snippet:-1, max-image-preview:large, max-video-preview:-1\" \/>\n<link rel=\"canonical\" href=\"https:\/\/compuviper.mx\/tienda\/producto\/canon-2996c003aa-escaner-lide-400-4800-x-4800-dpi-48-bits-usb-cama-plana\/\" \/>\n<meta property=\"og:locale\" content=\"es_MX\" \/>\n<meta property=\"og:type\" content=\"article\" \/>\n<meta property=\"og:title\" content=\"[ Canon ] &#129351; 2996c003aa Escaner Lide 400, 4800 X 4800 Dpi, 48 Bits, Usb, Cama Plana\" \/>\n<meta property=\"og:description\" content=\"Compra 2996c003aa Escaner Lide 400, 4800 X 4800 Dpi, 48 Bits, Usb, Cama Plana + Env\u00edo a domicilio + Pago seguro + Garant\u00eda\" \/>\n<meta property=\"og:url\" content=\"https:\/\/compuviper.mx\/tienda\/producto\/canon-2996c003aa-escaner-lide-400-4800-x-4800-dpi-48-bits-usb-cama-plana\/\" \/>\n<meta property=\"og:site_name\" content=\"Compuviper\" \/>\n<meta property=\"article:publisher\" content=\"https:\/\/www.facebook.com\/compuviper\" \/>\n<meta property=\"article:modified_time\" content=\"2026-04-07T07:52:34+00:00\" \/>\n<meta property=\"og:image\" content=\"https:\/\/compuviper.mx\/tienda\/wp-content\/uploads\/2023\/12\/Escaner-canon-lide-400-4800-x-4800-dpi-48-bits-usb-cama-plana.jpg\" \/>\n\t<meta property=\"og:image:width\" content=\"200\" \/>\n\t<meta property=\"og:image:height\" content=\"200\" \/>\n\t<meta property=\"og:image:type\" content=\"image\/jpeg\" \/>\n<meta name=\"twitter:card\" content=\"summary_large_image\" \/>\n<meta name=\"twitter:label1\" content=\"Precio\" \/>\n\t<meta name=\"twitter:data1\" content=\"&#36;2,185 con IVA\" \/>\n\t<meta name=\"twitter:label2\" content=\"Availability\" \/>\n\t<meta name=\"twitter:data2\" content=\"Out of stock\" \/>\n<script type=\"application\/ld+json\" class=\"yoast-schema-graph\">{\"@context\":\"https:\/\/schema.org\",\"@graph\":[{\"@type\":\"WebPage\",\"@id\":\"https:\/\/compuviper.mx\/tienda\/producto\/canon-2996c003aa-escaner-lide-400-4800-x-4800-dpi-48-bits-usb-cama-plana\/\",\"url\":\"https:\/\/compuviper.mx\/tienda\/producto\/canon-2996c003aa-escaner-lide-400-4800-x-4800-dpi-48-bits-usb-cama-plana\/\",\"name\":\"[ Canon ] &#129351; 2996c003aa Escaner Lide 400, 4800 X 4800 Dpi, 48 Bits, Usb, Cama Plana\",\"isPartOf\":{\"@id\":\"https:\/\/compuviper.mx\/tienda\/#website\"},\"datePublished\":\"2026-04-07T07:52:33+00:00\",\"dateModified\":\"2026-04-07T07:52:34+00:00\",\"description\":\"Compra 2996c003aa Escaner Lide 400, 4800 X 4800 Dpi, 48 Bits, Usb, Cama Plana + Env\u00edo a domicilio + Pago seguro + Garant\u00eda\",\"breadcrumb\":{\"@id\":\"https:\/\/compuviper.mx\/tienda\/producto\/canon-2996c003aa-escaner-lide-400-4800-x-4800-dpi-48-bits-usb-cama-plana\/#breadcrumb\"},\"inLanguage\":\"es-MX\",\"potentialAction\":[{\"@type\":\"ReadAction\",\"target\":[\"https:\/\/compuviper.mx\/tienda\/producto\/canon-2996c003aa-escaner-lide-400-4800-x-4800-dpi-48-bits-usb-cama-plana\/\"]}]},{\"@type\":\"BreadcrumbList\",\"@id\":\"https:\/\/compuviper.mx\/tienda\/producto\/canon-2996c003aa-escaner-lide-400-4800-x-4800-dpi-48-bits-usb-cama-plana\/#breadcrumb\",\"itemListElement\":[{\"@type\":\"ListItem\",\"position\":1,\"name\":\"Inicio\",\"item\":\"https:\/\/compuviper.mx\/tienda\/\"},{\"@type\":\"ListItem\",\"position\":2,\"name\":\"Productos\",\"item\":\"https:\/\/compuviper.mx\/tienda\/productos\/\"},{\"@type\":\"ListItem\",\"position\":3,\"name\":\"Scanner\",\"item\":\"https:\/\/compuviper.mx\/tienda\/categoria-producto\/scanner\/\"},{\"@type\":\"ListItem\",\"position\":4,\"name\":\"Scanner Documentos\",\"item\":\"https:\/\/compuviper.mx\/tienda\/categoria-producto\/scanner\/scanner-documentos\/\"},{\"@type\":\"ListItem\",\"position\":5,\"name\":\"Canon 2996c003aa Escaner Lide 400, 4800 X 4800 Dpi, 48 Bits, Usb, Cama Plana\"}]},{\"@type\":\"WebSite\",\"@id\":\"https:\/\/compuviper.mx\/tienda\/#website\",\"url\":\"https:\/\/compuviper.mx\/tienda\/\",\"name\":\"Compuviper\",\"description\":\"Proveedor de Computadoras, Laptops, Servidores, Monitores, Puntos de Venta, Teclados,   Impresoras, T\u00f3ner, C\u00e1maras de Seguridad y m\u00e1s en tu tienda en l\u00ednea\",\"publisher\":{\"@id\":\"https:\/\/compuviper.mx\/tienda\/#organization\"},\"potentialAction\":[{\"@type\":\"SearchAction\",\"target\":{\"@type\":\"EntryPoint\",\"urlTemplate\":\"https:\/\/compuviper.mx\/tienda\/?s={search_term_string}\"},\"query-input\":\"required name=search_term_string\"}],\"inLanguage\":\"es-MX\"},{\"@type\":\"Organization\",\"@id\":\"https:\/\/compuviper.mx\/tienda\/#organization\",\"name\":\"Compuviper\",\"url\":\"https:\/\/compuviper.mx\/tienda\/\",\"logo\":{\"@type\":\"ImageObject\",\"inLanguage\":\"es-MX\",\"@id\":\"https:\/\/compuviper.mx\/tienda\/#\/schema\/logo\/image\/\",\"url\":\"https:\/\/compuviper.mx\/tienda\/wp-content\/uploads\/2021\/08\/Logo-Compuviper-10.png\",\"contentUrl\":\"https:\/\/compuviper.mx\/tienda\/wp-content\/uploads\/2021\/08\/Logo-Compuviper-10.png\",\"width\":1000,\"height\":500,\"caption\":\"Compuviper\"},\"image\":{\"@id\":\"https:\/\/compuviper.mx\/tienda\/#\/schema\/logo\/image\/\"},\"sameAs\":[\"https:\/\/www.facebook.com\/compuviper\",\"https:\/\/www.youtube.com\/channel\/UCf73dERp9Y3cfOq7q8BhLjA?view_as=subscriber\"]}]}<\/script>\n<meta property=\"product:brand\" content=\"CANON\" \/>\n<meta property=\"product:price:amount\" content=\"2185\" \/>\n<meta property=\"product:price:currency\" content=\"MXN\" \/>\n<meta property=\"og:availability\" content=\"out of stock\" \/>\n<meta property=\"product:availability\" content=\"out of stock\" \/>\n<meta property=\"product:retailer_item_id\" content=\"2996C003AA\" \/>\n<meta property=\"product:condition\" content=\"new\" \/>\n<!-- \/ Yoast SEO plugin. -->","yoast_head_json":{"title":"[ Canon ] &#129351; 2996c003aa Escaner Lide 400, 4800 X 4800 Dpi, 48 Bits, Usb, Cama Plana","description":"Compra 2996c003aa Escaner Lide 400, 4800 X 4800 Dpi, 48 Bits, Usb, Cama Plana + Env\u00edo a domicilio + Pago seguro + Garant\u00eda","robots":{"index":"index","follow":"follow","max-snippet":"max-snippet:-1","max-image-preview":"max-image-preview:large","max-video-preview":"max-video-preview:-1"},"canonical":"https:\/\/compuviper.mx\/tienda\/producto\/canon-2996c003aa-escaner-lide-400-4800-x-4800-dpi-48-bits-usb-cama-plana\/","og_locale":"es_MX","og_type":"article","og_title":"[ Canon ] &#129351; 2996c003aa Escaner Lide 400, 4800 X 4800 Dpi, 48 Bits, Usb, Cama Plana","og_description":"Compra 2996c003aa Escaner Lide 400, 4800 X 4800 Dpi, 48 Bits, Usb, Cama Plana + Env\u00edo a domicilio + Pago seguro + Garant\u00eda","og_url":"https:\/\/compuviper.mx\/tienda\/producto\/canon-2996c003aa-escaner-lide-400-4800-x-4800-dpi-48-bits-usb-cama-plana\/","og_site_name":"Compuviper","article_publisher":"https:\/\/www.facebook.com\/compuviper","article_modified_time":"2026-04-07T07:52:34+00:00","og_image":[{"width":200,"height":200,"url":"https:\/\/compuviper.mx\/tienda\/wp-content\/uploads\/2023\/12\/Escaner-canon-lide-400-4800-x-4800-dpi-48-bits-usb-cama-plana.jpg","type":"image\/jpeg"}],"twitter_card":"summary_large_image","twitter_misc":{"Precio":"&#36;2,185 con IVA","Availability":"Out of stock"},"schema":{"@context":"https:\/\/schema.org","@graph":[{"@type":"WebPage","@id":"https:\/\/compuviper.mx\/tienda\/producto\/canon-2996c003aa-escaner-lide-400-4800-x-4800-dpi-48-bits-usb-cama-plana\/","url":"https:\/\/compuviper.mx\/tienda\/producto\/canon-2996c003aa-escaner-lide-400-4800-x-4800-dpi-48-bits-usb-cama-plana\/","name":"[ Canon ] &#129351; 2996c003aa Escaner Lide 400, 4800 X 4800 Dpi, 48 Bits, Usb, Cama Plana","isPartOf":{"@id":"https:\/\/compuviper.mx\/tienda\/#website"},"datePublished":"2026-04-07T07:52:33+00:00","dateModified":"2026-04-07T07:52:34+00:00","description":"Compra 2996c003aa Escaner Lide 400, 4800 X 4800 Dpi, 48 Bits, Usb, Cama Plana + Env\u00edo a domicilio + Pago seguro + Garant\u00eda","breadcrumb":{"@id":"https:\/\/compuviper.mx\/tienda\/producto\/canon-2996c003aa-escaner-lide-400-4800-x-4800-dpi-48-bits-usb-cama-plana\/#breadcrumb"},"inLanguage":"es-MX","potentialAction":[{"@type":"ReadAction","target":["https:\/\/compuviper.mx\/tienda\/producto\/canon-2996c003aa-escaner-lide-400-4800-x-4800-dpi-48-bits-usb-cama-plana\/"]}]},{"@type":"BreadcrumbList","@id":"https:\/\/compuviper.mx\/tienda\/producto\/canon-2996c003aa-escaner-lide-400-4800-x-4800-dpi-48-bits-usb-cama-plana\/#breadcrumb","itemListElement":[{"@type":"ListItem","position":1,"name":"Inicio","item":"https:\/\/compuviper.mx\/tienda\/"},{"@type":"ListItem","position":2,"name":"Productos","item":"https:\/\/compuviper.mx\/tienda\/productos\/"},{"@type":"ListItem","position":3,"name":"Scanner","item":"https:\/\/compuviper.mx\/tienda\/categoria-producto\/scanner\/"},{"@type":"ListItem","position":4,"name":"Scanner Documentos","item":"https:\/\/compuviper.mx\/tienda\/categoria-producto\/scanner\/scanner-documentos\/"},{"@type":"ListItem","position":5,"name":"Canon 2996c003aa Escaner Lide 400, 4800 X 4800 Dpi, 48 Bits, Usb, Cama Plana"}]},{"@type":"WebSite","@id":"https:\/\/compuviper.mx\/tienda\/#website","url":"https:\/\/compuviper.mx\/tienda\/","name":"Compuviper","description":"Proveedor de Computadoras, Laptops, Servidores, Monitores, Puntos de Venta, Teclados,   Impresoras, T\u00f3ner, C\u00e1maras de Seguridad y m\u00e1s en tu tienda en l\u00ednea","publisher":{"@id":"https:\/\/compuviper.mx\/tienda\/#organization"},"potentialAction":[{"@type":"SearchAction","target":{"@type":"EntryPoint","urlTemplate":"https:\/\/compuviper.mx\/tienda\/?s={search_term_string}"},"query-input":"required name=search_term_string"}],"inLanguage":"es-MX"},{"@type":"Organization","@id":"https:\/\/compuviper.mx\/tienda\/#organization","name":"Compuviper","url":"https:\/\/compuviper.mx\/tienda\/","logo":{"@type":"ImageObject","inLanguage":"es-MX","@id":"https:\/\/compuviper.mx\/tienda\/#\/schema\/logo\/image\/","url":"https:\/\/compuviper.mx\/tienda\/wp-content\/uploads\/2021\/08\/Logo-Compuviper-10.png","contentUrl":"https:\/\/compuviper.mx\/tienda\/wp-content\/uploads\/2021\/08\/Logo-Compuviper-10.png","width":1000,"height":500,"caption":"Compuviper"},"image":{"@id":"https:\/\/compuviper.mx\/tienda\/#\/schema\/logo\/image\/"},"sameAs":["https:\/\/www.facebook.com\/compuviper","https:\/\/www.youtube.com\/channel\/UCf73dERp9Y3cfOq7q8BhLjA?view_as=subscriber"]}]},"product_brand":"CANON","product_price_amount":"2185","product_price_currency":"MXN","og_availability":"out of stock","product_availability":"out of stock","product_retailer_item_id":"2996C003AA","product_condition":"new"},"_links":{"self":[{"href":"https:\/\/compuviper.mx\/tienda\/wp-json\/wp\/v2\/product\/225210"}],"collection":[{"href":"https:\/\/compuviper.mx\/tienda\/wp-json\/wp\/v2\/product"}],"about":[{"href":"https:\/\/compuviper.mx\/tienda\/wp-json\/wp\/v2\/types\/product"}],"replies":[{"embeddable":true,"href":"https:\/\/compuviper.mx\/tienda\/wp-json\/wp\/v2\/comments?post=225210"}],"wp:featuredmedia":[{"embeddable":true,"href":"https:\/\/compuviper.mx\/tienda\/wp-json\/wp\/v2\/media\/225211"}],"wp:attachment":[{"href":"https:\/\/compuviper.mx\/tienda\/wp-json\/wp\/v2\/media?parent=225210"}],"wp:term":[{"taxonomy":"product_cat","embeddable":true,"href":"https:\/\/compuviper.mx\/tienda\/wp-json\/wp\/v2\/product_cat?post=225210"},{"taxonomy":"product_tag","embeddable":true,"href":"https:\/\/compuviper.mx\/tienda\/wp-json\/wp\/v2\/product_tag?post=225210"}],"curies":[{"name":"wp","href":"https:\/\/api.w.org\/{rel}","templated":true}]}}