{"id":225208,"date":"2026-04-28T01:56:34","date_gmt":"2026-04-28T07:56:34","guid":{"rendered":"https:\/\/compuviper.mx\/tienda\/producto\/canon-2995c003aa-escaner-lide-300-2400-x-4800-dpi-48-bits-usb-cama-plana\/"},"modified":"2026-04-28T01:56:34","modified_gmt":"2026-04-28T07:56:34","slug":"canon-2995c003aa-escaner-lide-300-2400-x-4800-dpi-48-bits-usb-cama-plana","status":"publish","type":"product","link":"https:\/\/compuviper.mx\/tienda\/producto\/canon-2995c003aa-escaner-lide-300-2400-x-4800-dpi-48-bits-usb-cama-plana\/","title":{"rendered":"Canon 2995c003aa Escaner  Lide 300, 2400 X 4800 Dpi, 48 Bits, Usb, Cama Plana"},"content":{"rendered":"<table class=\"descripcion\">\n<tr>\n<td>Especificaciones en detalle<\/td>\n<\/tr>\n<tr>\n<td>Especificaciones t\u00e9cnicas<\/td>\n<\/tr>\n<tr>\n<td>Tipo<\/td>\n<\/tr>\n<tr>\n<td>Esc\u00e1ner plano<\/td>\n<\/tr>\n<tr>\n<td>Elemento de escaneo<\/td>\n<\/tr>\n<tr>\n<td>Cis<\/td>\n<\/tr>\n<tr>\n<td>Fuente de iluminaci\u00f3n<\/td>\n<\/tr>\n<tr>\n<td>Led (rgb) de 3 colores<\/td>\n<\/tr>\n<tr>\n<td>Resoluci\u00f3n \u00f3ptica<\/td>\n<\/tr>\n<tr>\n<td>2400 x 4800 ppp1<\/td>\n<\/tr>\n<tr>\n<td>Resoluci\u00f3n seleccionable<\/td>\n<\/tr>\n<tr>\n<td>25 &#8211; 19 200 ppp2<\/td>\n<\/tr>\n<tr>\n<td>Interfaz<\/td>\n<\/tr>\n<tr>\n<td>Usb2.0 high-speed mini-b<\/td>\n<\/tr>\n<tr>\n<td>Profundidad de escaneo (color)<\/td>\n<\/tr>\n<tr>\n<td>Entrada de 48 bits &#8211;  salida de 48\/24 bits<\/td>\n<\/tr>\n<tr>\n<td>Profundidad de escaneo (escala grises)<\/td>\n<\/tr>\n<tr>\n<td>Entrada de 16 bits &#8211;  salida de 8 bits<\/td>\n<\/tr>\n<tr>\n<td>Tama\u00f1o m\u00e1ximo del documento<\/td>\n<\/tr>\n<tr>\n<td>A4 \/ carta (216 x 297 mm)<\/td>\n<\/tr>\n<tr>\n<td>Botones de escaneo ez<\/td>\n<\/tr>\n<tr>\n<td>4 botones (pdf, escaneo autom\u00e1tico, copia, env\u00edo)<\/td>\n<\/tr>\n<tr>\n<td>Velocidad de escaneado<\/td>\n<\/tr>\n<tr>\n<td>(color)<\/td>\n<\/tr>\n<tr>\n<td>(reflectante)<\/td>\n<\/tr>\n<tr>\n<td>14,8 ms\/l\u00ednea (2400 ppp)<\/td>\n<\/tr>\n<tr>\n<td>6,6 ms\/l\u00ednea (1200 ppp)<\/td>\n<\/tr>\n<tr>\n<td>3,8 ms\/l\u00ednea (600 ppp)<\/td>\n<\/tr>\n<tr>\n<td>2,2 ms\/l\u00ednea (300 ppp)3<\/td>\n<\/tr>\n<tr>\n<td>(escala de grises, blanco y negro)<\/td>\n<\/tr>\n<tr>\n<td>(reflectante and #65289;<\/td>\n<\/tr>\n<tr>\n<td>4,3 ms\/l\u00ednea (2400 ppp)<\/td>\n<\/tr>\n<tr>\n<td>2,2 ms\/l\u00ednea (1200 ppp)<\/td>\n<\/tr>\n<tr>\n<td>1,3 ms\/l\u00ednea (600 ppp)<\/td>\n<\/tr>\n<tr>\n<td>2,2 ms\/l\u00ednea (300 ppp)4<\/td>\n<\/tr>\n<tr>\n<td>Velocidad de escaneo (a4, 300 ppp, color)<\/td>\n<\/tr>\n<tr>\n<td>Aprox. 10 segundos5<\/td>\n<\/tr>\n<tr>\n<td>Velocidad de escaneo (10 x 15 cm, 300 ppp, color)<\/td>\n<\/tr>\n<tr>\n<td>Aprox. 5 segundos6<\/td>\n<\/tr>\n<tr>\n<td>Velocidad de vista preliminar<\/td>\n<\/tr>\n<tr>\n<td>Aprox. 9 segundos7<\/td>\n<\/tr>\n<tr>\n<td>Software incluido<\/td>\n<\/tr>\n<tr>\n<td>Scan gear para windows<\/td>\n<\/tr>\n<tr>\n<td>Scan utility para windows<\/td>\n<\/tr>\n<tr>\n<td>Alimentaci\u00f3n el\u00e9ctrica<\/td>\n<\/tr>\n<tr>\n<td>Alimentaci\u00f3n mediante puerto usb<\/td>\n<\/tr>\n<tr>\n<td>Consumo de energ\u00eda<\/td>\n<\/tr>\n<tr>\n<td>Aprox. 4,5 w (en funcionamiento, m\u00e1ximo)<\/td>\n<\/tr>\n<tr>\n<td>Aprox. 0,3 w (en espera)<\/td>\n<\/tr>\n<tr>\n<td>Dimensiones<\/td>\n<\/tr>\n<tr>\n<td>250 \u00d7 367 \u00d7 42 mm<\/td>\n<\/tr>\n<tr>\n<td>Peso<\/td>\n<\/tr>\n<tr>\n<td>1,7 kg<\/td>\n<\/tr>\n<tr>\n<td>Rango de temperaturas de funcionamiento<\/td>\n<\/tr>\n<tr>\n<td>5 &#8211; 35 \u00b0c<\/td>\n<\/tr>\n<tr>\n<td>Rango de humedad de funcionamiento<\/td>\n<\/tr>\n<tr>\n<td>10 &#8211; 90% hr, sin formaci\u00f3n de condensaci\u00f3n<\/td>\n<\/tr>\n<tr>\n<td>Sistemas operativos soportados<\/td>\n<\/tr>\n<tr>\n<td>Windows 10, windows 8.1, windows 7 sp189<\/td>\n<\/tr>\n<tr>\n<td>Solo se garantiza el funcionamiento en un pc con windows 7 o posterior instalado.<\/td>\n<\/tr>\n<tr>\n<td>Os x 10.11.6, macos 10.12 and #12316;macos 10.13<\/td>\n<\/tr>\n<tr>\n<td>Requisitos m\u00ednimos del sistema<\/td>\n<\/tr>\n<tr>\n<td>Pantalla: 1024 x 768 xga<\/td>\n<\/tr>\n<\/table>\n","protected":false},"excerpt":{"rendered":"<p>Esc\u00e1ner compacto, elegante y asequible para el hogar o la oficina. Adem\u00e1s de ofrecer un dise\u00f1o funcional, compacto y elegante, este ligero esc\u00e1ner plano a4 cuenta con 4 botones de funcionamiento de ez para escanear de forma sencilla y sin complicaciones. Es perfecto para el escaneo de alta resoluci\u00f3n en casa o en la oficina.<\/p>\n","protected":false},"featured_media":225209,"comment_status":"open","ping_status":"open","template":"","meta":[],"product_cat":[1805,1806],"product_tag":[1554],"acf":[],"yoast_head":"<!-- This site is optimized with the Yoast SEO plugin v21.7 - https:\/\/yoast.com\/wordpress\/plugins\/seo\/ -->\n<title>[ Canon ] &#129351; 2995c003aa Escaner Lide 300, 2400 X 4800 Dpi, 48 Bits, Usb, Cama Plana<\/title>\n<meta name=\"description\" content=\"Compra 2995c003aa Escaner Lide 300, 2400 X 4800 Dpi, 48 Bits, Usb, Cama Plana + Env\u00edo a domicilio + Pago seguro + Garant\u00eda\" \/>\n<meta name=\"robots\" content=\"index, follow, max-snippet:-1, max-image-preview:large, max-video-preview:-1\" \/>\n<link rel=\"canonical\" href=\"https:\/\/compuviper.mx\/tienda\/producto\/canon-2995c003aa-escaner-lide-300-2400-x-4800-dpi-48-bits-usb-cama-plana\/\" \/>\n<meta property=\"og:locale\" content=\"es_MX\" \/>\n<meta property=\"og:type\" content=\"article\" \/>\n<meta property=\"og:title\" content=\"[ Canon ] &#129351; 2995c003aa Escaner Lide 300, 2400 X 4800 Dpi, 48 Bits, Usb, Cama Plana\" \/>\n<meta property=\"og:description\" content=\"Compra 2995c003aa Escaner Lide 300, 2400 X 4800 Dpi, 48 Bits, Usb, Cama Plana + Env\u00edo a domicilio + Pago seguro + Garant\u00eda\" \/>\n<meta property=\"og:url\" content=\"https:\/\/compuviper.mx\/tienda\/producto\/canon-2995c003aa-escaner-lide-300-2400-x-4800-dpi-48-bits-usb-cama-plana\/\" \/>\n<meta property=\"og:site_name\" content=\"Compuviper\" \/>\n<meta property=\"article:publisher\" content=\"https:\/\/www.facebook.com\/compuviper\" \/>\n<meta property=\"og:image\" content=\"https:\/\/compuviper.mx\/tienda\/wp-content\/uploads\/2023\/12\/Escaner-canon-lide-300-2400-x-4800-dpi-48-bits-usb-cama-plana.jpg\" \/>\n\t<meta property=\"og:image:width\" content=\"200\" \/>\n\t<meta property=\"og:image:height\" content=\"200\" \/>\n\t<meta property=\"og:image:type\" content=\"image\/jpeg\" \/>\n<meta name=\"twitter:card\" content=\"summary_large_image\" \/>\n<meta name=\"twitter:label1\" content=\"Precio\" \/>\n\t<meta name=\"twitter:data1\" content=\"&#36;2,162 con IVA\" \/>\n\t<meta name=\"twitter:label2\" content=\"Availability\" \/>\n\t<meta name=\"twitter:data2\" content=\"Out of stock\" \/>\n<script type=\"application\/ld+json\" class=\"yoast-schema-graph\">{\"@context\":\"https:\/\/schema.org\",\"@graph\":[{\"@type\":\"WebPage\",\"@id\":\"https:\/\/compuviper.mx\/tienda\/producto\/canon-2995c003aa-escaner-lide-300-2400-x-4800-dpi-48-bits-usb-cama-plana\/\",\"url\":\"https:\/\/compuviper.mx\/tienda\/producto\/canon-2995c003aa-escaner-lide-300-2400-x-4800-dpi-48-bits-usb-cama-plana\/\",\"name\":\"[ Canon ] &#129351; 2995c003aa Escaner Lide 300, 2400 X 4800 Dpi, 48 Bits, Usb, Cama Plana\",\"isPartOf\":{\"@id\":\"https:\/\/compuviper.mx\/tienda\/#website\"},\"datePublished\":\"2026-04-28T07:56:34+00:00\",\"dateModified\":\"2026-04-28T07:56:34+00:00\",\"description\":\"Compra 2995c003aa Escaner Lide 300, 2400 X 4800 Dpi, 48 Bits, Usb, Cama Plana + Env\u00edo a domicilio + Pago seguro + Garant\u00eda\",\"breadcrumb\":{\"@id\":\"https:\/\/compuviper.mx\/tienda\/producto\/canon-2995c003aa-escaner-lide-300-2400-x-4800-dpi-48-bits-usb-cama-plana\/#breadcrumb\"},\"inLanguage\":\"es-MX\",\"potentialAction\":[{\"@type\":\"ReadAction\",\"target\":[\"https:\/\/compuviper.mx\/tienda\/producto\/canon-2995c003aa-escaner-lide-300-2400-x-4800-dpi-48-bits-usb-cama-plana\/\"]}]},{\"@type\":\"BreadcrumbList\",\"@id\":\"https:\/\/compuviper.mx\/tienda\/producto\/canon-2995c003aa-escaner-lide-300-2400-x-4800-dpi-48-bits-usb-cama-plana\/#breadcrumb\",\"itemListElement\":[{\"@type\":\"ListItem\",\"position\":1,\"name\":\"Inicio\",\"item\":\"https:\/\/compuviper.mx\/tienda\/\"},{\"@type\":\"ListItem\",\"position\":2,\"name\":\"Productos\",\"item\":\"https:\/\/compuviper.mx\/tienda\/productos\/\"},{\"@type\":\"ListItem\",\"position\":3,\"name\":\"Scanner\",\"item\":\"https:\/\/compuviper.mx\/tienda\/categoria-producto\/scanner\/\"},{\"@type\":\"ListItem\",\"position\":4,\"name\":\"Scanner Fotografia\",\"item\":\"https:\/\/compuviper.mx\/tienda\/categoria-producto\/scanner\/scanner-fotografia\/\"},{\"@type\":\"ListItem\",\"position\":5,\"name\":\"Canon 2995c003aa Escaner Lide 300, 2400 X 4800 Dpi, 48 Bits, Usb, Cama Plana\"}]},{\"@type\":\"WebSite\",\"@id\":\"https:\/\/compuviper.mx\/tienda\/#website\",\"url\":\"https:\/\/compuviper.mx\/tienda\/\",\"name\":\"Compuviper\",\"description\":\"Proveedor de Computadoras, Laptops, Servidores, Monitores, Puntos de Venta, Teclados,   Impresoras, T\u00f3ner, C\u00e1maras de Seguridad y m\u00e1s en tu tienda en l\u00ednea\",\"publisher\":{\"@id\":\"https:\/\/compuviper.mx\/tienda\/#organization\"},\"potentialAction\":[{\"@type\":\"SearchAction\",\"target\":{\"@type\":\"EntryPoint\",\"urlTemplate\":\"https:\/\/compuviper.mx\/tienda\/?s={search_term_string}\"},\"query-input\":\"required name=search_term_string\"}],\"inLanguage\":\"es-MX\"},{\"@type\":\"Organization\",\"@id\":\"https:\/\/compuviper.mx\/tienda\/#organization\",\"name\":\"Compuviper\",\"url\":\"https:\/\/compuviper.mx\/tienda\/\",\"logo\":{\"@type\":\"ImageObject\",\"inLanguage\":\"es-MX\",\"@id\":\"https:\/\/compuviper.mx\/tienda\/#\/schema\/logo\/image\/\",\"url\":\"https:\/\/compuviper.mx\/tienda\/wp-content\/uploads\/2021\/08\/Logo-Compuviper-10.png\",\"contentUrl\":\"https:\/\/compuviper.mx\/tienda\/wp-content\/uploads\/2021\/08\/Logo-Compuviper-10.png\",\"width\":1000,\"height\":500,\"caption\":\"Compuviper\"},\"image\":{\"@id\":\"https:\/\/compuviper.mx\/tienda\/#\/schema\/logo\/image\/\"},\"sameAs\":[\"https:\/\/www.facebook.com\/compuviper\",\"https:\/\/www.youtube.com\/channel\/UCf73dERp9Y3cfOq7q8BhLjA?view_as=subscriber\"]}]}<\/script>\n<meta property=\"product:brand\" content=\"CANON\" \/>\n<meta property=\"product:price:amount\" content=\"2162\" \/>\n<meta property=\"product:price:currency\" content=\"MXN\" \/>\n<meta property=\"og:availability\" content=\"out of stock\" \/>\n<meta property=\"product:availability\" content=\"out of stock\" \/>\n<meta property=\"product:retailer_item_id\" content=\"2995C003AA\" \/>\n<meta property=\"product:condition\" content=\"new\" \/>\n<!-- \/ Yoast SEO plugin. -->","yoast_head_json":{"title":"[ Canon ] &#129351; 2995c003aa Escaner Lide 300, 2400 X 4800 Dpi, 48 Bits, Usb, Cama Plana","description":"Compra 2995c003aa Escaner Lide 300, 2400 X 4800 Dpi, 48 Bits, Usb, Cama Plana + Env\u00edo a domicilio + Pago seguro + Garant\u00eda","robots":{"index":"index","follow":"follow","max-snippet":"max-snippet:-1","max-image-preview":"max-image-preview:large","max-video-preview":"max-video-preview:-1"},"canonical":"https:\/\/compuviper.mx\/tienda\/producto\/canon-2995c003aa-escaner-lide-300-2400-x-4800-dpi-48-bits-usb-cama-plana\/","og_locale":"es_MX","og_type":"article","og_title":"[ Canon ] &#129351; 2995c003aa Escaner Lide 300, 2400 X 4800 Dpi, 48 Bits, Usb, Cama Plana","og_description":"Compra 2995c003aa Escaner Lide 300, 2400 X 4800 Dpi, 48 Bits, Usb, Cama Plana + Env\u00edo a domicilio + Pago seguro + Garant\u00eda","og_url":"https:\/\/compuviper.mx\/tienda\/producto\/canon-2995c003aa-escaner-lide-300-2400-x-4800-dpi-48-bits-usb-cama-plana\/","og_site_name":"Compuviper","article_publisher":"https:\/\/www.facebook.com\/compuviper","og_image":[{"width":200,"height":200,"url":"https:\/\/compuviper.mx\/tienda\/wp-content\/uploads\/2023\/12\/Escaner-canon-lide-300-2400-x-4800-dpi-48-bits-usb-cama-plana.jpg","type":"image\/jpeg"}],"twitter_card":"summary_large_image","twitter_misc":{"Precio":"&#36;2,162 con IVA","Availability":"Out of stock"},"schema":{"@context":"https:\/\/schema.org","@graph":[{"@type":"WebPage","@id":"https:\/\/compuviper.mx\/tienda\/producto\/canon-2995c003aa-escaner-lide-300-2400-x-4800-dpi-48-bits-usb-cama-plana\/","url":"https:\/\/compuviper.mx\/tienda\/producto\/canon-2995c003aa-escaner-lide-300-2400-x-4800-dpi-48-bits-usb-cama-plana\/","name":"[ Canon ] &#129351; 2995c003aa Escaner Lide 300, 2400 X 4800 Dpi, 48 Bits, Usb, Cama Plana","isPartOf":{"@id":"https:\/\/compuviper.mx\/tienda\/#website"},"datePublished":"2026-04-28T07:56:34+00:00","dateModified":"2026-04-28T07:56:34+00:00","description":"Compra 2995c003aa Escaner Lide 300, 2400 X 4800 Dpi, 48 Bits, Usb, Cama Plana + Env\u00edo a domicilio + Pago seguro + Garant\u00eda","breadcrumb":{"@id":"https:\/\/compuviper.mx\/tienda\/producto\/canon-2995c003aa-escaner-lide-300-2400-x-4800-dpi-48-bits-usb-cama-plana\/#breadcrumb"},"inLanguage":"es-MX","potentialAction":[{"@type":"ReadAction","target":["https:\/\/compuviper.mx\/tienda\/producto\/canon-2995c003aa-escaner-lide-300-2400-x-4800-dpi-48-bits-usb-cama-plana\/"]}]},{"@type":"BreadcrumbList","@id":"https:\/\/compuviper.mx\/tienda\/producto\/canon-2995c003aa-escaner-lide-300-2400-x-4800-dpi-48-bits-usb-cama-plana\/#breadcrumb","itemListElement":[{"@type":"ListItem","position":1,"name":"Inicio","item":"https:\/\/compuviper.mx\/tienda\/"},{"@type":"ListItem","position":2,"name":"Productos","item":"https:\/\/compuviper.mx\/tienda\/productos\/"},{"@type":"ListItem","position":3,"name":"Scanner","item":"https:\/\/compuviper.mx\/tienda\/categoria-producto\/scanner\/"},{"@type":"ListItem","position":4,"name":"Scanner Fotografia","item":"https:\/\/compuviper.mx\/tienda\/categoria-producto\/scanner\/scanner-fotografia\/"},{"@type":"ListItem","position":5,"name":"Canon 2995c003aa Escaner Lide 300, 2400 X 4800 Dpi, 48 Bits, Usb, Cama Plana"}]},{"@type":"WebSite","@id":"https:\/\/compuviper.mx\/tienda\/#website","url":"https:\/\/compuviper.mx\/tienda\/","name":"Compuviper","description":"Proveedor de Computadoras, Laptops, Servidores, Monitores, Puntos de Venta, Teclados,   Impresoras, T\u00f3ner, C\u00e1maras de Seguridad y m\u00e1s en tu tienda en l\u00ednea","publisher":{"@id":"https:\/\/compuviper.mx\/tienda\/#organization"},"potentialAction":[{"@type":"SearchAction","target":{"@type":"EntryPoint","urlTemplate":"https:\/\/compuviper.mx\/tienda\/?s={search_term_string}"},"query-input":"required name=search_term_string"}],"inLanguage":"es-MX"},{"@type":"Organization","@id":"https:\/\/compuviper.mx\/tienda\/#organization","name":"Compuviper","url":"https:\/\/compuviper.mx\/tienda\/","logo":{"@type":"ImageObject","inLanguage":"es-MX","@id":"https:\/\/compuviper.mx\/tienda\/#\/schema\/logo\/image\/","url":"https:\/\/compuviper.mx\/tienda\/wp-content\/uploads\/2021\/08\/Logo-Compuviper-10.png","contentUrl":"https:\/\/compuviper.mx\/tienda\/wp-content\/uploads\/2021\/08\/Logo-Compuviper-10.png","width":1000,"height":500,"caption":"Compuviper"},"image":{"@id":"https:\/\/compuviper.mx\/tienda\/#\/schema\/logo\/image\/"},"sameAs":["https:\/\/www.facebook.com\/compuviper","https:\/\/www.youtube.com\/channel\/UCf73dERp9Y3cfOq7q8BhLjA?view_as=subscriber"]}]},"product_brand":"CANON","product_price_amount":"2162","product_price_currency":"MXN","og_availability":"out of stock","product_availability":"out of stock","product_retailer_item_id":"2995C003AA","product_condition":"new"},"_links":{"self":[{"href":"https:\/\/compuviper.mx\/tienda\/wp-json\/wp\/v2\/product\/225208"}],"collection":[{"href":"https:\/\/compuviper.mx\/tienda\/wp-json\/wp\/v2\/product"}],"about":[{"href":"https:\/\/compuviper.mx\/tienda\/wp-json\/wp\/v2\/types\/product"}],"replies":[{"embeddable":true,"href":"https:\/\/compuviper.mx\/tienda\/wp-json\/wp\/v2\/comments?post=225208"}],"wp:featuredmedia":[{"embeddable":true,"href":"https:\/\/compuviper.mx\/tienda\/wp-json\/wp\/v2\/media\/225209"}],"wp:attachment":[{"href":"https:\/\/compuviper.mx\/tienda\/wp-json\/wp\/v2\/media?parent=225208"}],"wp:term":[{"taxonomy":"product_cat","embeddable":true,"href":"https:\/\/compuviper.mx\/tienda\/wp-json\/wp\/v2\/product_cat?post=225208"},{"taxonomy":"product_tag","embeddable":true,"href":"https:\/\/compuviper.mx\/tienda\/wp-json\/wp\/v2\/product_tag?post=225208"}],"curies":[{"name":"wp","href":"https:\/\/api.w.org\/{rel}","templated":true}]}}