{"id":225188,"date":"2026-04-02T01:59:23","date_gmt":"2026-04-02T07:59:23","guid":{"rendered":"https:\/\/compuviper.mx\/tienda\/producto\/epson-b11b239201-scanner-workforce-ds-1630-25-ppm-10-ipm-1200-dpi-48-bits-cama-plana-usb-adf-duplex\/"},"modified":"2026-04-02T01:59:23","modified_gmt":"2026-04-02T07:59:23","slug":"epson-b11b239201010343924758-escaner-workforce-ds-1630-25-ppm-10-ipm-1200-dpi-48-bits-cama-plana-usb-adf-duplex","status":"publish","type":"product","link":"https:\/\/compuviper.mx\/tienda\/producto\/epson-b11b239201010343924758-escaner-workforce-ds-1630-25-ppm-10-ipm-1200-dpi-48-bits-cama-plana-usb-adf-duplex\/","title":{"rendered":"Epson B11b239201,010343924758 Escaner  Workforce Ds-1630, 25 Ppm\/10 Ipm, 1200 Dpi, 48 Bits, Cama Plana, Usb, Adf, Duplex"},"content":{"rendered":"<table class=\"descripcion\">\n<tr>\n<td>***** tecnologia *****<\/td>\n<\/tr>\n<tr>\n<td>*  tipo de escaner  :  escaner plano<\/td>\n<\/tr>\n<tr>\n<td>*  resolucion optica (adf)  :  600 ppp x 600 ppp (horizontal \u00d7 vertical)<\/td>\n<\/tr>\n<tr>\n<td>*  resolucion de escaneado  :  1.200 ppp x 1.200 ppp (horizontal \u00d7 vertical)<\/td>\n<\/tr>\n<tr>\n<td>*  intervalo de escaneado  :  210 mm x 297 mm (horizontal \u00d7 vertical)<\/td>\n<\/tr>\n<tr>\n<td>*  tama\u00f1o minimo de documento para adf  :  89 mm x 127 mm (horizontal \u00d7 vertical)<\/td>\n<\/tr>\n<tr>\n<td>*  tama\u00f1o maximo del documento-adf  :  210 mm x 3.048 mm (horizontal \u00d7 vertical)<\/td>\n<\/tr>\n<tr>\n<td>*  formatos papel  :  a4, a5, a6, b5, carta, carta legal<\/td>\n<\/tr>\n<tr>\n<td>*  sensor ultrasonico<\/td>\n<\/tr>\n<tr>\n<td>***** escaner *****<\/td>\n<\/tr>\n<tr>\n<td>*  fuente luminosa  :  tecnologia readyscan led<\/td>\n<\/tr>\n<tr>\n<td>***** velocidad de escaneado *****<\/td>\n<\/tr>\n<tr>\n<td>*  velocidad de escaneado  monocromo  :  25 paginas\/minuto &#8211; color: 25 paginas\/minuto medido con tama\u00f1o: a4 , resolucion: 200 \/ 300 ppp, monocromo  :  10 imagen\/min. &#8211; color: 10 imagen\/min. medido con tama\u00f1o: a4 , resolucion: 200 \/ 300 ppp<\/td>\n<\/tr>\n<tr>\n<td>***** manejo de papel y sustratos *****<\/td>\n<\/tr>\n<tr>\n<td>*  capacidad de papel  :  adf  50 hojas<\/td>\n<\/tr>\n<tr>\n<td>*  peso del papel adf  :  carga automatica: 50  &#8211;  120 g\/m\u00b2<\/td>\n<\/tr>\n<tr>\n<td>*  ciclo de  trabajo diario  :  1.500 paginas<\/td>\n<\/tr>\n<tr>\n<td>*  escaneado duplex  :   si<\/td>\n<\/tr>\n<tr>\n<td>*****  funciones de escaneado *****<\/td>\n<\/tr>\n<tr>\n<td>*  caracteristicas :  saltar paginas vacias, edicion avanzada, correccion automatica de posicion inclinada, rotacion automatica, mejora del texto, destramado, zona ocr completa<\/td>\n<\/tr>\n<tr>\n<td>*  formatos de salida :  jpeg, tiff, tiff multiple, pdf, pdf \/ lote, pdf con opcion de busqueda<\/td>\n<\/tr>\n<tr>\n<td>*  volumen de escaneado :  1.500 paginas al dia<\/td>\n<\/tr>\n<tr>\n<td>*****  conectividad *****<\/td>\n<\/tr>\n<tr>\n<td>*  interfaces  :  usb 3.0<\/td>\n<\/tr>\n<tr>\n<td>*  tipo de panel  :  lcd de 5 lineas con funciones de escaneado directo<\/td>\n<\/tr>\n<tr>\n<td>*  protocolo compatible  tcp\/ip, dhcp, dns, snmp, slp, http<\/td>\n<\/tr>\n<tr>\n<td>*  compatible con ipv6<\/td>\n<\/tr>\n<tr>\n<td>*  funciones de escaneado directo  :  si (con document capture suite)<\/td>\n<\/tr>\n<tr>\n<td>*  bloqueo del panel con contrase\u00f1a  :  si (con document capture suite)<\/td>\n<\/tr>\n<tr>\n<td>*****  general *****<\/td>\n<\/tr>\n<tr>\n<td>*  dimensiones del producto  :  451 and #8206; x 315 x 120 mm (ancho x profundidad x altura)  \/ peso  3,7 kg<\/td>\n<\/tr>\n<tr>\n<td>*  controladores  :  twain, isis<\/td>\n<\/tr>\n<tr>\n<td>*  software incluido  :  epson document capture (solo mac), epson document capture pro (solo windows), epson document capture pro server (en descarga gratuita), epson scan<\/td>\n<\/tr>\n<tr>\n<td>*  sistemas operativos compatibles  mac os 10.7.x, mac os 10.8.x, mac os 10.9.x, mac os x, mac os x 10.6.8, windows 10, windows 7, windows 7 x64, windows 8, windows 8 (32\/64 bits), windows 8.1, windows 8.1 x64 edition, windows vista, windows vista x64<\/td>\n<\/tr>\n<tr>\n<td>*  estandares electricos  :  compatible con energy star<\/td>\n<\/tr>\n<tr>\n<td>*  nivel de ruido  operacion  :  55 db (a)<\/td>\n<\/tr>\n<tr>\n<td>*  humedad del aire  operacion 20% &#8211; 80%, almacenamiento 20% &#8211; 80%<\/td>\n<\/tr>\n<tr>\n<td>*  temperatura  operacion 10\u00b0c &#8211; 35\u00b0c, almacenamiento -20\u00b0c &#8211; 60\u00b0c<\/td>\n<\/tr>\n<tr>\n<td>*  incluye equipo, cable de alimentacion, instrucciones de instalacion, software (cd), cable usb, documentos de garantia<\/td>\n<\/tr>\n<\/table>\n","protected":false},"excerpt":{"rendered":"<p>Versatil y rapido con el tama\u00f1o mas reducido de su categoria y un alimentador automatico de documentos a alta velocidad para mejorar la productividad. Combina un escaner plano con la comodidad de un alimentador automatico de documentos de 50 paginas lo que permite escanear una amplia gama de documentos complicados, incluidos libros, documentos encuadernados, pasaportes y productos delicados a la vez que escanea sencilla y rapidamente montones de documentos de oficina. Su reducido tama\u00f1o facilita su colocacion en entornos de oficina y atencion al cliente, asi como grupos de trabajo de servicios administrativos.<\/p>\n","protected":false},"featured_media":225189,"comment_status":"open","ping_status":"open","template":"","meta":[],"product_cat":[1805,1807],"product_tag":[1624],"acf":[],"yoast_head":"<!-- This site is optimized with the Yoast SEO plugin v21.7 - https:\/\/yoast.com\/wordpress\/plugins\/seo\/ -->\n<title>[ Epson ] &#129351; B11b239201,010343924758 Escaner Workforce Ds-1630, 25 Ppm\/10 Ipm, 1200 Dpi, 48 Bits, Cama Plana, Usb, Adf, Duplex<\/title>\n<meta name=\"description\" content=\"Compra B11b239201,010343924758 Escaner Workforce Ds-1630, 25 Ppm\/10 Ipm, 1200 Dpi, 48 Bits, Cama Plana, Usb, Adf, Duplex + Env\u00edo a domicilio + Pago seguro + Garant\u00eda\" \/>\n<meta name=\"robots\" content=\"index, follow, max-snippet:-1, max-image-preview:large, max-video-preview:-1\" \/>\n<link rel=\"canonical\" href=\"https:\/\/compuviper.mx\/tienda\/producto\/epson-b11b239201010343924758-escaner-workforce-ds-1630-25-ppm-10-ipm-1200-dpi-48-bits-cama-plana-usb-adf-duplex\/\" \/>\n<meta property=\"og:locale\" content=\"es_MX\" \/>\n<meta property=\"og:type\" content=\"article\" \/>\n<meta property=\"og:title\" content=\"[ Epson ] &#129351; B11b239201,010343924758 Escaner Workforce Ds-1630, 25 Ppm\/10 Ipm, 1200 Dpi, 48 Bits, Cama Plana, Usb, Adf, Duplex\" \/>\n<meta property=\"og:description\" content=\"Compra B11b239201,010343924758 Escaner Workforce Ds-1630, 25 Ppm\/10 Ipm, 1200 Dpi, 48 Bits, Cama Plana, Usb, Adf, Duplex + Env\u00edo a domicilio + Pago seguro + Garant\u00eda\" \/>\n<meta property=\"og:url\" content=\"https:\/\/compuviper.mx\/tienda\/producto\/epson-b11b239201010343924758-escaner-workforce-ds-1630-25-ppm-10-ipm-1200-dpi-48-bits-cama-plana-usb-adf-duplex\/\" \/>\n<meta property=\"og:site_name\" content=\"Compuviper\" \/>\n<meta property=\"article:publisher\" content=\"https:\/\/www.facebook.com\/compuviper\" \/>\n<meta property=\"og:image\" content=\"https:\/\/compuviper.mx\/tienda\/wp-content\/uploads\/2023\/12\/Scanner-epson-workforce-ds-1630-25-ppm10-ipm-1200-dpi-48-bits-cama-plana-usb-adf-duplex.jpg\" \/>\n\t<meta property=\"og:image:width\" content=\"200\" \/>\n\t<meta property=\"og:image:height\" content=\"200\" \/>\n\t<meta property=\"og:image:type\" content=\"image\/jpeg\" \/>\n<meta name=\"twitter:card\" content=\"summary_large_image\" \/>\n<meta name=\"twitter:label1\" content=\"Precio\" \/>\n\t<meta name=\"twitter:data1\" content=\"&#36;7,125 con IVA\" \/>\n\t<meta name=\"twitter:label2\" content=\"Availability\" \/>\n\t<meta name=\"twitter:data2\" content=\"Out of stock\" \/>\n<script type=\"application\/ld+json\" class=\"yoast-schema-graph\">{\"@context\":\"https:\/\/schema.org\",\"@graph\":[{\"@type\":\"WebPage\",\"@id\":\"https:\/\/compuviper.mx\/tienda\/producto\/epson-b11b239201010343924758-escaner-workforce-ds-1630-25-ppm-10-ipm-1200-dpi-48-bits-cama-plana-usb-adf-duplex\/\",\"url\":\"https:\/\/compuviper.mx\/tienda\/producto\/epson-b11b239201010343924758-escaner-workforce-ds-1630-25-ppm-10-ipm-1200-dpi-48-bits-cama-plana-usb-adf-duplex\/\",\"name\":\"[ Epson ] &#129351; B11b239201,010343924758 Escaner Workforce Ds-1630, 25 Ppm\/10 Ipm, 1200 Dpi, 48 Bits, Cama Plana, Usb, Adf, Duplex\",\"isPartOf\":{\"@id\":\"https:\/\/compuviper.mx\/tienda\/#website\"},\"datePublished\":\"2026-04-02T07:59:23+00:00\",\"dateModified\":\"2026-04-02T07:59:23+00:00\",\"description\":\"Compra B11b239201,010343924758 Escaner Workforce Ds-1630, 25 Ppm\/10 Ipm, 1200 Dpi, 48 Bits, Cama Plana, Usb, Adf, Duplex + Env\u00edo a domicilio + Pago seguro + Garant\u00eda\",\"breadcrumb\":{\"@id\":\"https:\/\/compuviper.mx\/tienda\/producto\/epson-b11b239201010343924758-escaner-workforce-ds-1630-25-ppm-10-ipm-1200-dpi-48-bits-cama-plana-usb-adf-duplex\/#breadcrumb\"},\"inLanguage\":\"es-MX\",\"potentialAction\":[{\"@type\":\"ReadAction\",\"target\":[\"https:\/\/compuviper.mx\/tienda\/producto\/epson-b11b239201010343924758-escaner-workforce-ds-1630-25-ppm-10-ipm-1200-dpi-48-bits-cama-plana-usb-adf-duplex\/\"]}]},{\"@type\":\"BreadcrumbList\",\"@id\":\"https:\/\/compuviper.mx\/tienda\/producto\/epson-b11b239201010343924758-escaner-workforce-ds-1630-25-ppm-10-ipm-1200-dpi-48-bits-cama-plana-usb-adf-duplex\/#breadcrumb\",\"itemListElement\":[{\"@type\":\"ListItem\",\"position\":1,\"name\":\"Inicio\",\"item\":\"https:\/\/compuviper.mx\/tienda\/\"},{\"@type\":\"ListItem\",\"position\":2,\"name\":\"Productos\",\"item\":\"https:\/\/compuviper.mx\/tienda\/productos\/\"},{\"@type\":\"ListItem\",\"position\":3,\"name\":\"Scanner\",\"item\":\"https:\/\/compuviper.mx\/tienda\/categoria-producto\/scanner\/\"},{\"@type\":\"ListItem\",\"position\":4,\"name\":\"Scanner Documentos\",\"item\":\"https:\/\/compuviper.mx\/tienda\/categoria-producto\/scanner\/scanner-documentos\/\"},{\"@type\":\"ListItem\",\"position\":5,\"name\":\"Epson B11b239201,010343924758 Escaner Workforce Ds-1630, 25 Ppm\/10 Ipm, 1200 Dpi, 48 Bits, Cama Plana, Usb, Adf, Duplex\"}]},{\"@type\":\"WebSite\",\"@id\":\"https:\/\/compuviper.mx\/tienda\/#website\",\"url\":\"https:\/\/compuviper.mx\/tienda\/\",\"name\":\"Compuviper\",\"description\":\"Proveedor de Computadoras, Laptops, Servidores, Monitores, Puntos de Venta, Teclados,   Impresoras, T\u00f3ner, C\u00e1maras de Seguridad y m\u00e1s en tu tienda en l\u00ednea\",\"publisher\":{\"@id\":\"https:\/\/compuviper.mx\/tienda\/#organization\"},\"potentialAction\":[{\"@type\":\"SearchAction\",\"target\":{\"@type\":\"EntryPoint\",\"urlTemplate\":\"https:\/\/compuviper.mx\/tienda\/?s={search_term_string}\"},\"query-input\":\"required name=search_term_string\"}],\"inLanguage\":\"es-MX\"},{\"@type\":\"Organization\",\"@id\":\"https:\/\/compuviper.mx\/tienda\/#organization\",\"name\":\"Compuviper\",\"url\":\"https:\/\/compuviper.mx\/tienda\/\",\"logo\":{\"@type\":\"ImageObject\",\"inLanguage\":\"es-MX\",\"@id\":\"https:\/\/compuviper.mx\/tienda\/#\/schema\/logo\/image\/\",\"url\":\"https:\/\/compuviper.mx\/tienda\/wp-content\/uploads\/2021\/08\/Logo-Compuviper-10.png\",\"contentUrl\":\"https:\/\/compuviper.mx\/tienda\/wp-content\/uploads\/2021\/08\/Logo-Compuviper-10.png\",\"width\":1000,\"height\":500,\"caption\":\"Compuviper\"},\"image\":{\"@id\":\"https:\/\/compuviper.mx\/tienda\/#\/schema\/logo\/image\/\"},\"sameAs\":[\"https:\/\/www.facebook.com\/compuviper\",\"https:\/\/www.youtube.com\/channel\/UCf73dERp9Y3cfOq7q8BhLjA?view_as=subscriber\"]}]}<\/script>\n<meta property=\"product:brand\" content=\"EPSON\" \/>\n<meta property=\"product:price:amount\" content=\"7125\" \/>\n<meta property=\"product:price:currency\" content=\"MXN\" \/>\n<meta property=\"og:availability\" content=\"out of stock\" \/>\n<meta property=\"product:availability\" content=\"out of stock\" \/>\n<meta property=\"product:retailer_item_id\" content=\"B11B239201,010343924758\" \/>\n<meta property=\"product:condition\" content=\"new\" \/>\n<!-- \/ Yoast SEO plugin. -->","yoast_head_json":{"title":"[ Epson ] &#129351; B11b239201,010343924758 Escaner Workforce Ds-1630, 25 Ppm\/10 Ipm, 1200 Dpi, 48 Bits, Cama Plana, Usb, Adf, Duplex","description":"Compra B11b239201,010343924758 Escaner Workforce Ds-1630, 25 Ppm\/10 Ipm, 1200 Dpi, 48 Bits, Cama Plana, Usb, Adf, Duplex + Env\u00edo a domicilio + Pago seguro + Garant\u00eda","robots":{"index":"index","follow":"follow","max-snippet":"max-snippet:-1","max-image-preview":"max-image-preview:large","max-video-preview":"max-video-preview:-1"},"canonical":"https:\/\/compuviper.mx\/tienda\/producto\/epson-b11b239201010343924758-escaner-workforce-ds-1630-25-ppm-10-ipm-1200-dpi-48-bits-cama-plana-usb-adf-duplex\/","og_locale":"es_MX","og_type":"article","og_title":"[ Epson ] &#129351; B11b239201,010343924758 Escaner Workforce Ds-1630, 25 Ppm\/10 Ipm, 1200 Dpi, 48 Bits, Cama Plana, Usb, Adf, Duplex","og_description":"Compra B11b239201,010343924758 Escaner Workforce Ds-1630, 25 Ppm\/10 Ipm, 1200 Dpi, 48 Bits, Cama Plana, Usb, Adf, Duplex + Env\u00edo a domicilio + Pago seguro + Garant\u00eda","og_url":"https:\/\/compuviper.mx\/tienda\/producto\/epson-b11b239201010343924758-escaner-workforce-ds-1630-25-ppm-10-ipm-1200-dpi-48-bits-cama-plana-usb-adf-duplex\/","og_site_name":"Compuviper","article_publisher":"https:\/\/www.facebook.com\/compuviper","og_image":[{"width":200,"height":200,"url":"https:\/\/compuviper.mx\/tienda\/wp-content\/uploads\/2023\/12\/Scanner-epson-workforce-ds-1630-25-ppm10-ipm-1200-dpi-48-bits-cama-plana-usb-adf-duplex.jpg","type":"image\/jpeg"}],"twitter_card":"summary_large_image","twitter_misc":{"Precio":"&#36;7,125 con IVA","Availability":"Out of stock"},"schema":{"@context":"https:\/\/schema.org","@graph":[{"@type":"WebPage","@id":"https:\/\/compuviper.mx\/tienda\/producto\/epson-b11b239201010343924758-escaner-workforce-ds-1630-25-ppm-10-ipm-1200-dpi-48-bits-cama-plana-usb-adf-duplex\/","url":"https:\/\/compuviper.mx\/tienda\/producto\/epson-b11b239201010343924758-escaner-workforce-ds-1630-25-ppm-10-ipm-1200-dpi-48-bits-cama-plana-usb-adf-duplex\/","name":"[ Epson ] &#129351; B11b239201,010343924758 Escaner Workforce Ds-1630, 25 Ppm\/10 Ipm, 1200 Dpi, 48 Bits, Cama Plana, Usb, Adf, Duplex","isPartOf":{"@id":"https:\/\/compuviper.mx\/tienda\/#website"},"datePublished":"2026-04-02T07:59:23+00:00","dateModified":"2026-04-02T07:59:23+00:00","description":"Compra B11b239201,010343924758 Escaner Workforce Ds-1630, 25 Ppm\/10 Ipm, 1200 Dpi, 48 Bits, Cama Plana, Usb, Adf, Duplex + Env\u00edo a domicilio + Pago seguro + Garant\u00eda","breadcrumb":{"@id":"https:\/\/compuviper.mx\/tienda\/producto\/epson-b11b239201010343924758-escaner-workforce-ds-1630-25-ppm-10-ipm-1200-dpi-48-bits-cama-plana-usb-adf-duplex\/#breadcrumb"},"inLanguage":"es-MX","potentialAction":[{"@type":"ReadAction","target":["https:\/\/compuviper.mx\/tienda\/producto\/epson-b11b239201010343924758-escaner-workforce-ds-1630-25-ppm-10-ipm-1200-dpi-48-bits-cama-plana-usb-adf-duplex\/"]}]},{"@type":"BreadcrumbList","@id":"https:\/\/compuviper.mx\/tienda\/producto\/epson-b11b239201010343924758-escaner-workforce-ds-1630-25-ppm-10-ipm-1200-dpi-48-bits-cama-plana-usb-adf-duplex\/#breadcrumb","itemListElement":[{"@type":"ListItem","position":1,"name":"Inicio","item":"https:\/\/compuviper.mx\/tienda\/"},{"@type":"ListItem","position":2,"name":"Productos","item":"https:\/\/compuviper.mx\/tienda\/productos\/"},{"@type":"ListItem","position":3,"name":"Scanner","item":"https:\/\/compuviper.mx\/tienda\/categoria-producto\/scanner\/"},{"@type":"ListItem","position":4,"name":"Scanner Documentos","item":"https:\/\/compuviper.mx\/tienda\/categoria-producto\/scanner\/scanner-documentos\/"},{"@type":"ListItem","position":5,"name":"Epson B11b239201,010343924758 Escaner Workforce Ds-1630, 25 Ppm\/10 Ipm, 1200 Dpi, 48 Bits, Cama Plana, Usb, Adf, Duplex"}]},{"@type":"WebSite","@id":"https:\/\/compuviper.mx\/tienda\/#website","url":"https:\/\/compuviper.mx\/tienda\/","name":"Compuviper","description":"Proveedor de Computadoras, Laptops, Servidores, Monitores, Puntos de Venta, Teclados,   Impresoras, T\u00f3ner, C\u00e1maras de Seguridad y m\u00e1s en tu tienda en l\u00ednea","publisher":{"@id":"https:\/\/compuviper.mx\/tienda\/#organization"},"potentialAction":[{"@type":"SearchAction","target":{"@type":"EntryPoint","urlTemplate":"https:\/\/compuviper.mx\/tienda\/?s={search_term_string}"},"query-input":"required name=search_term_string"}],"inLanguage":"es-MX"},{"@type":"Organization","@id":"https:\/\/compuviper.mx\/tienda\/#organization","name":"Compuviper","url":"https:\/\/compuviper.mx\/tienda\/","logo":{"@type":"ImageObject","inLanguage":"es-MX","@id":"https:\/\/compuviper.mx\/tienda\/#\/schema\/logo\/image\/","url":"https:\/\/compuviper.mx\/tienda\/wp-content\/uploads\/2021\/08\/Logo-Compuviper-10.png","contentUrl":"https:\/\/compuviper.mx\/tienda\/wp-content\/uploads\/2021\/08\/Logo-Compuviper-10.png","width":1000,"height":500,"caption":"Compuviper"},"image":{"@id":"https:\/\/compuviper.mx\/tienda\/#\/schema\/logo\/image\/"},"sameAs":["https:\/\/www.facebook.com\/compuviper","https:\/\/www.youtube.com\/channel\/UCf73dERp9Y3cfOq7q8BhLjA?view_as=subscriber"]}]},"product_brand":"EPSON","product_price_amount":"7125","product_price_currency":"MXN","og_availability":"out of stock","product_availability":"out of stock","product_retailer_item_id":"B11B239201,010343924758","product_condition":"new"},"_links":{"self":[{"href":"https:\/\/compuviper.mx\/tienda\/wp-json\/wp\/v2\/product\/225188"}],"collection":[{"href":"https:\/\/compuviper.mx\/tienda\/wp-json\/wp\/v2\/product"}],"about":[{"href":"https:\/\/compuviper.mx\/tienda\/wp-json\/wp\/v2\/types\/product"}],"replies":[{"embeddable":true,"href":"https:\/\/compuviper.mx\/tienda\/wp-json\/wp\/v2\/comments?post=225188"}],"wp:featuredmedia":[{"embeddable":true,"href":"https:\/\/compuviper.mx\/tienda\/wp-json\/wp\/v2\/media\/225189"}],"wp:attachment":[{"href":"https:\/\/compuviper.mx\/tienda\/wp-json\/wp\/v2\/media?parent=225188"}],"wp:term":[{"taxonomy":"product_cat","embeddable":true,"href":"https:\/\/compuviper.mx\/tienda\/wp-json\/wp\/v2\/product_cat?post=225188"},{"taxonomy":"product_tag","embeddable":true,"href":"https:\/\/compuviper.mx\/tienda\/wp-json\/wp\/v2\/product_tag?post=225188"}],"curies":[{"name":"wp","href":"https:\/\/api.w.org\/{rel}","templated":true}]}}