{"id":225180,"date":"2026-04-28T01:56:31","date_gmt":"2026-04-28T07:56:31","guid":{"rendered":"https:\/\/compuviper.mx\/tienda\/producto\/epson-b11b205221-scanner-workforce-ds-6500-25-ppm-50-ipm-1200-dpi-48-bits-cama-plana-usb-adf-duplex\/"},"modified":"2026-04-28T01:56:32","modified_gmt":"2026-04-28T07:56:32","slug":"epson-b11b205221-escaner-workforce-ds-6500-25-ppm-50-ipm-1200-dpi-48-bits-cama-plana-usb-adf-duplex","status":"publish","type":"product","link":"https:\/\/compuviper.mx\/tienda\/producto\/epson-b11b205221-escaner-workforce-ds-6500-25-ppm-50-ipm-1200-dpi-48-bits-cama-plana-usb-adf-duplex\/","title":{"rendered":"Epson B11b205221 Escaner  Workforce Ds-6500, 25 Ppm\/50 Ipm, 1200 Dpi, 48 Bits, Cama Plana, Usb, Adf, Duplex"},"content":{"rendered":"<table class=\"descripcion\">\n<tr>\n<td>Tipo:  esc\u00e1ner de im\u00e1genes en color, de cama plana y adf<\/td>\n<\/tr>\n<tr>\n<td>Dispositivo fotoel\u00e9ctrico : sensor ccd de cuatro l\u00edneas de 1200 dpi a color (rbg y negro)<\/td>\n<\/tr>\n<tr>\n<td>\u00e1rea de escaneo:<\/td>\n<\/tr>\n<tr>\n<td>Cama plana de 21,5 x 29,7 cm y adf de 21,5 x 101,6 cm<\/td>\n<\/tr>\n<tr>\n<td>Fuente de luz led readyscan<\/td>\n<\/tr>\n<tr>\n<td>Resoluci\u00f3n \u00f3ptica:  cama plana de 1200 dpi y adf de 600 dpi<\/td>\n<\/tr>\n<tr>\n<td>Resoluci\u00f3n del hardware : cama plana de 1200 x 1200 dpi y adf de 600 x 600 dpi con tecnolog\u00eda micro step drive\u0099<\/td>\n<\/tr>\n<tr>\n<td>Profundidad de pixel color: 48 bits por pixel interno\/externo, escala de grises: 16 bits por pixel interno\/externo<\/td>\n<\/tr>\n<tr>\n<td>Tama\u00f1o del documento a4, carta, legal, b5, a5<\/td>\n<\/tr>\n<tr>\n<td>Tam. m\u00e1x. 21,5 x 101,6 cm<\/td>\n<\/tr>\n<tr>\n<td>Tam. m\u00edn. 10 x 14,8 cm<\/td>\n<\/tr>\n<tr>\n<td>Velocidad de escaneo :<\/td>\n<\/tr>\n<tr>\n<td>Con adf<\/td>\n<\/tr>\n<tr>\n<td>200 dpi b\/n  and  color 25 ppm\/50 ipm<\/td>\n<\/tr>\n<tr>\n<td>300 dpi b\/n  and  color 25 ppm\/50 ipm<\/td>\n<\/tr>\n<tr>\n<td>Ciclo de trabajo diario 3000 p\u00e1ginas por d\u00eda<\/td>\n<\/tr>\n<tr>\n<td>Interfaz de escaneo usb 2.0 de alta velocidad y m\u00f3dulo de red (opcional) rj-45, 10baset\/100basetx<\/td>\n<\/tr>\n<tr>\n<td>Requisitos de sistema windows\u00ae 8, windows\u00ae 7, windows vista\u00ae, windows xp, windows xp professional x64 edition, mac os\u00ae x 10.5.x, 10.6.x, 10.7.x, 10.8.x<\/td>\n<\/tr>\n<tr>\n<td>Software incluido :<\/td>\n<\/tr>\n<tr>\n<td>Epson scan, isis driver (descargas web), epson event manager (s\u00f3lo para mac), abbyy finereader sprint, document capture pro (s\u00f3lo para windows)<\/td>\n<\/tr>\n<tr>\n<td>Condiciones ambientales temperatura: 5 \u00b0c \u0096 35 \u00b0c (operativa), -25 \u00b0c \u0096 60 \u00b0c (almacenamiento),<\/td>\n<\/tr>\n<tr>\n<td>Humedad: 10 % a 80 % sin condensaci\u00f3n (operativa), 10 % a 85 % sin condensaci\u00f3n (almacenamiento)<\/td>\n<\/tr>\n<tr>\n<td>Requisitos el\u00e9ctricos voltaje: ca 100 v \u0096 120 v o ca 220 v, 220 v-240 v, frecuencia: 50 \u0096 60 hz<\/td>\n<\/tr>\n<tr>\n<td>Consumo de energ\u00eda operativa: 45 w (con adf), lista: 12 w, en espera: 1,6 w<\/td>\n<\/tr>\n<tr>\n<td>Tipo de adf<\/td>\n<\/tr>\n<tr>\n<td>Escaneo a doble faz con un pase de hojas alimentadas<\/td>\n<\/tr>\n<tr>\n<td>Alimentaci\u00f3n del papel carga con cara hacia arriba, salida con cara hacia abajo<\/td>\n<\/tr>\n<tr>\n<td>Capacidad de papel 100 p\u00e1ginas (80 g\/m2)<\/td>\n<\/tr>\n<tr>\n<td>Peso correspondiente del papel espesor 50 \u0096 128 g\/m<\/td>\n<\/tr>\n<tr>\n<td>Funciones de escaneado<\/td>\n<\/tr>\n<tr>\n<td>Caracter\u00edsticas : saltar p\u00e1ginas vac\u00edas, ajustes predefinidos, correcci\u00f3n autom\u00e1tica de la posici\u00f3n inclinada, reconocimiento autom\u00e1tico multi-documento, reconocimiento autom\u00e1tico de blanco-negro\/color, salida de imagen duplicada (solo para windows), rotaci\u00f3n autom\u00e1tica de imagen, mejora del texto, suavizado de bordes, m\u00e1scara de enfoque, correcci\u00f3n de encuadernaci\u00f3n, creaci\u00f3n autom\u00e1tica de carpetas, reconocimiento de c\u00f3digos de barras, compatible con zona ocr-a y b, separaci\u00f3n de tareas manueal \/ autom\u00e1tica<\/td>\n<\/tr>\n<tr>\n<td>Formatos de salida  : guardar documento escaneado jpeg, guardar documento escaneado en tiff, guardar documento escaneado tiff m\u00faltiple, guardar documento escaneado en pdf, guardar documento escaneado en pdf \/ lote, guardar documento escaneado en pdf con capacidad de b\u00fasqueda, guardar documento escaneado en pdf seguro, escanear a pdf\/a<\/td>\n<\/tr>\n<tr>\n<td>Funciones de compresi\u00f3n de archivos : hardware de compresi\u00f3n jpeg, compresi\u00f3n de tiff (jpeg(7), citt g4, lzw), compresi\u00f3n de pdf<\/td>\n<\/tr>\n<tr>\n<td>Advanced document integration: enviar documento escaneado por correo electr\u00f3nico, enviar documento escaneado a ftp, enviar documento escaneado a microsoft sharepoint\u00ae, enviar documento escaneado a impresora, enviar documento escaneado a carpeta web, enviar documento escaneado a carpeta de red ( cuando se tiene el modulo de red opcional )<\/td>\n<\/tr>\n<tr>\n<td>Contenido de la caja<\/td>\n<\/tr>\n<tr>\n<td>Esc\u00e1ner workforce , hoja de configuraci\u00f3n, cable usb, cd-rom con software, adaptador de ca y cable el\u00e9ctrico<\/td>\n<\/tr>\n<tr>\n<td>Garant\u00eda limitada de un a\u00f1o<\/td>\n<\/tr>\n<tr>\n<td>Confiabilidad<\/td>\n<\/tr>\n<tr>\n<td>Cama plana: ciclo promedio entre fallas de 100,000 ciclos<\/td>\n<\/tr>\n<tr>\n<td>Peso 9,8 kg<\/td>\n<\/tr>\n<tr>\n<td>Tama\u00f1o (a x p x h) 49,2 x 36 x 21,7 cm<\/td>\n<\/tr>\n<tr>\n<td>Mayor informacion<\/td>\n<\/tr>\n<tr>\n<td>Http:\/\/global.latin.epson.com\/data\/pais\/gl\/archivos\/b11b205221_pdffile.pdf<\/td>\n<\/tr>\n<\/table>\n","protected":false},"excerpt":{"rendered":"<p>El r\u00e1pido y econ\u00f3mico workforce ds-6500 brinda escaneo de alta velocidad a doble faz para agilizar las necesidades de escaneo en la empresa. Cuenta con una resoluci\u00f3n de escaneo de 1200 dpi, velocidad de 50 ipm (25 ppm) y escaneo de documentos de hasta 21,5 x 101,6 cm. Este vers\u00e1til esc\u00e1ner es compatible con pc y mac, y fue dise\u00f1ado para facilitar las tareas de digitalizacion en grandes formatos a4. Escaneo a doble faz con una pasada a velocidades de 25 ppm\/50 ipm. Tama\u00f1os de escaneo van desde 10 x 14,8 cm hasta 21,5 x 101, 6 cm por medio del adf y 21,5 x 29, 7 cm a trav\u00e9s de la cama plana. Captura documentos a doble faz en un solo escaneo. Escaneo directo a servicios de e-mail o de nube evernote\u00ae, google docs\u0099 o sharepoint\u00ae, con el software document capture pro que facilita el manejo de archivos digitales. Detecci\u00f3n ultras\u00f3nica de doble alimentaci\u00f3n \u0097 detiene autom\u00e1ticamente el escaneo si dos hojas est\u00e1n pegadas. Panel de red opcional, permitiendo compartir documentos a diversos equipos de trabajo. Resoluci\u00f3n de hasta 1200 dpi permite obtener colores v\u00edvidos y texto n\u00edtido y preciso<\/p>\n","protected":false},"featured_media":225181,"comment_status":"open","ping_status":"open","template":"","meta":[],"product_cat":[1805,1807],"product_tag":[1624],"acf":[],"yoast_head":"<!-- This site is optimized with the Yoast SEO plugin v21.7 - https:\/\/yoast.com\/wordpress\/plugins\/seo\/ -->\n<title>[ Epson ] &#129351; B11b205221 Escaner Workforce Ds-6500, 25 Ppm\/50 Ipm, 1200 Dpi, 48 Bits, Cama Plana, Usb, Adf, Duplex<\/title>\n<meta name=\"description\" content=\"Compra B11b205221 Escaner Workforce Ds-6500, 25 Ppm\/50 Ipm, 1200 Dpi, 48 Bits, Cama Plana, Usb, Adf, Duplex + Env\u00edo a domicilio + Pago seguro + Garant\u00eda\" \/>\n<meta name=\"robots\" content=\"index, follow, max-snippet:-1, max-image-preview:large, max-video-preview:-1\" \/>\n<link rel=\"canonical\" href=\"https:\/\/compuviper.mx\/tienda\/producto\/epson-b11b205221-escaner-workforce-ds-6500-25-ppm-50-ipm-1200-dpi-48-bits-cama-plana-usb-adf-duplex\/\" \/>\n<meta property=\"og:locale\" content=\"es_MX\" \/>\n<meta property=\"og:type\" content=\"article\" \/>\n<meta property=\"og:title\" content=\"[ Epson ] &#129351; B11b205221 Escaner Workforce Ds-6500, 25 Ppm\/50 Ipm, 1200 Dpi, 48 Bits, Cama Plana, Usb, Adf, Duplex\" \/>\n<meta property=\"og:description\" content=\"Compra B11b205221 Escaner Workforce Ds-6500, 25 Ppm\/50 Ipm, 1200 Dpi, 48 Bits, Cama Plana, Usb, Adf, Duplex + Env\u00edo a domicilio + Pago seguro + Garant\u00eda\" \/>\n<meta property=\"og:url\" content=\"https:\/\/compuviper.mx\/tienda\/producto\/epson-b11b205221-escaner-workforce-ds-6500-25-ppm-50-ipm-1200-dpi-48-bits-cama-plana-usb-adf-duplex\/\" \/>\n<meta property=\"og:site_name\" content=\"Compuviper\" \/>\n<meta property=\"article:publisher\" content=\"https:\/\/www.facebook.com\/compuviper\" \/>\n<meta property=\"article:modified_time\" content=\"2026-04-28T07:56:32+00:00\" \/>\n<meta property=\"og:image\" content=\"https:\/\/compuviper.mx\/tienda\/wp-content\/uploads\/2023\/12\/Scanner-epson-workforce-ds-6500-25-ppm50-ipm-1200-dpi-48-bits-cama-plana-usb-adf-duplex.jpg\" \/>\n\t<meta property=\"og:image:width\" content=\"200\" \/>\n\t<meta property=\"og:image:height\" content=\"200\" \/>\n\t<meta property=\"og:image:type\" content=\"image\/jpeg\" \/>\n<meta name=\"twitter:card\" content=\"summary_large_image\" \/>\n<meta name=\"twitter:label1\" content=\"Precio\" \/>\n\t<meta name=\"twitter:data1\" content=\"&#36;20,164 con IVA\" \/>\n\t<meta name=\"twitter:label2\" content=\"Availability\" \/>\n\t<meta name=\"twitter:data2\" content=\"In stock\" \/>\n<script type=\"application\/ld+json\" class=\"yoast-schema-graph\">{\"@context\":\"https:\/\/schema.org\",\"@graph\":[{\"@type\":\"WebPage\",\"@id\":\"https:\/\/compuviper.mx\/tienda\/producto\/epson-b11b205221-escaner-workforce-ds-6500-25-ppm-50-ipm-1200-dpi-48-bits-cama-plana-usb-adf-duplex\/\",\"url\":\"https:\/\/compuviper.mx\/tienda\/producto\/epson-b11b205221-escaner-workforce-ds-6500-25-ppm-50-ipm-1200-dpi-48-bits-cama-plana-usb-adf-duplex\/\",\"name\":\"[ Epson ] &#129351; B11b205221 Escaner Workforce Ds-6500, 25 Ppm\/50 Ipm, 1200 Dpi, 48 Bits, Cama Plana, Usb, Adf, Duplex\",\"isPartOf\":{\"@id\":\"https:\/\/compuviper.mx\/tienda\/#website\"},\"datePublished\":\"2026-04-28T07:56:31+00:00\",\"dateModified\":\"2026-04-28T07:56:32+00:00\",\"description\":\"Compra B11b205221 Escaner Workforce Ds-6500, 25 Ppm\/50 Ipm, 1200 Dpi, 48 Bits, Cama Plana, Usb, Adf, Duplex + Env\u00edo a domicilio + Pago seguro + Garant\u00eda\",\"breadcrumb\":{\"@id\":\"https:\/\/compuviper.mx\/tienda\/producto\/epson-b11b205221-escaner-workforce-ds-6500-25-ppm-50-ipm-1200-dpi-48-bits-cama-plana-usb-adf-duplex\/#breadcrumb\"},\"inLanguage\":\"es-MX\",\"potentialAction\":[{\"@type\":\"ReadAction\",\"target\":[\"https:\/\/compuviper.mx\/tienda\/producto\/epson-b11b205221-escaner-workforce-ds-6500-25-ppm-50-ipm-1200-dpi-48-bits-cama-plana-usb-adf-duplex\/\"]}]},{\"@type\":\"BreadcrumbList\",\"@id\":\"https:\/\/compuviper.mx\/tienda\/producto\/epson-b11b205221-escaner-workforce-ds-6500-25-ppm-50-ipm-1200-dpi-48-bits-cama-plana-usb-adf-duplex\/#breadcrumb\",\"itemListElement\":[{\"@type\":\"ListItem\",\"position\":1,\"name\":\"Inicio\",\"item\":\"https:\/\/compuviper.mx\/tienda\/\"},{\"@type\":\"ListItem\",\"position\":2,\"name\":\"Productos\",\"item\":\"https:\/\/compuviper.mx\/tienda\/productos\/\"},{\"@type\":\"ListItem\",\"position\":3,\"name\":\"Scanner\",\"item\":\"https:\/\/compuviper.mx\/tienda\/categoria-producto\/scanner\/\"},{\"@type\":\"ListItem\",\"position\":4,\"name\":\"Scanner Documentos\",\"item\":\"https:\/\/compuviper.mx\/tienda\/categoria-producto\/scanner\/scanner-documentos\/\"},{\"@type\":\"ListItem\",\"position\":5,\"name\":\"Epson B11b205221 Escaner Workforce Ds-6500, 25 Ppm\/50 Ipm, 1200 Dpi, 48 Bits, Cama Plana, Usb, Adf, Duplex\"}]},{\"@type\":\"WebSite\",\"@id\":\"https:\/\/compuviper.mx\/tienda\/#website\",\"url\":\"https:\/\/compuviper.mx\/tienda\/\",\"name\":\"Compuviper\",\"description\":\"Proveedor de Computadoras, Laptops, Servidores, Monitores, Puntos de Venta, Teclados,   Impresoras, T\u00f3ner, C\u00e1maras de Seguridad y m\u00e1s en tu tienda en l\u00ednea\",\"publisher\":{\"@id\":\"https:\/\/compuviper.mx\/tienda\/#organization\"},\"potentialAction\":[{\"@type\":\"SearchAction\",\"target\":{\"@type\":\"EntryPoint\",\"urlTemplate\":\"https:\/\/compuviper.mx\/tienda\/?s={search_term_string}\"},\"query-input\":\"required name=search_term_string\"}],\"inLanguage\":\"es-MX\"},{\"@type\":\"Organization\",\"@id\":\"https:\/\/compuviper.mx\/tienda\/#organization\",\"name\":\"Compuviper\",\"url\":\"https:\/\/compuviper.mx\/tienda\/\",\"logo\":{\"@type\":\"ImageObject\",\"inLanguage\":\"es-MX\",\"@id\":\"https:\/\/compuviper.mx\/tienda\/#\/schema\/logo\/image\/\",\"url\":\"https:\/\/compuviper.mx\/tienda\/wp-content\/uploads\/2021\/08\/Logo-Compuviper-10.png\",\"contentUrl\":\"https:\/\/compuviper.mx\/tienda\/wp-content\/uploads\/2021\/08\/Logo-Compuviper-10.png\",\"width\":1000,\"height\":500,\"caption\":\"Compuviper\"},\"image\":{\"@id\":\"https:\/\/compuviper.mx\/tienda\/#\/schema\/logo\/image\/\"},\"sameAs\":[\"https:\/\/www.facebook.com\/compuviper\",\"https:\/\/www.youtube.com\/channel\/UCf73dERp9Y3cfOq7q8BhLjA?view_as=subscriber\"]}]}<\/script>\n<meta property=\"product:brand\" content=\"EPSON\" \/>\n<meta property=\"product:price:amount\" content=\"20164\" \/>\n<meta property=\"product:price:currency\" content=\"MXN\" \/>\n<meta property=\"og:availability\" content=\"instock\" \/>\n<meta property=\"product:availability\" content=\"instock\" \/>\n<meta property=\"product:retailer_item_id\" content=\"B11B205221\" \/>\n<meta property=\"product:condition\" content=\"new\" \/>\n<!-- \/ Yoast SEO plugin. -->","yoast_head_json":{"title":"[ Epson ] &#129351; B11b205221 Escaner Workforce Ds-6500, 25 Ppm\/50 Ipm, 1200 Dpi, 48 Bits, Cama Plana, Usb, Adf, Duplex","description":"Compra B11b205221 Escaner Workforce Ds-6500, 25 Ppm\/50 Ipm, 1200 Dpi, 48 Bits, Cama Plana, Usb, Adf, Duplex + Env\u00edo a domicilio + Pago seguro + Garant\u00eda","robots":{"index":"index","follow":"follow","max-snippet":"max-snippet:-1","max-image-preview":"max-image-preview:large","max-video-preview":"max-video-preview:-1"},"canonical":"https:\/\/compuviper.mx\/tienda\/producto\/epson-b11b205221-escaner-workforce-ds-6500-25-ppm-50-ipm-1200-dpi-48-bits-cama-plana-usb-adf-duplex\/","og_locale":"es_MX","og_type":"article","og_title":"[ Epson ] &#129351; B11b205221 Escaner Workforce Ds-6500, 25 Ppm\/50 Ipm, 1200 Dpi, 48 Bits, Cama Plana, Usb, Adf, Duplex","og_description":"Compra B11b205221 Escaner Workforce Ds-6500, 25 Ppm\/50 Ipm, 1200 Dpi, 48 Bits, Cama Plana, Usb, Adf, Duplex + Env\u00edo a domicilio + Pago seguro + Garant\u00eda","og_url":"https:\/\/compuviper.mx\/tienda\/producto\/epson-b11b205221-escaner-workforce-ds-6500-25-ppm-50-ipm-1200-dpi-48-bits-cama-plana-usb-adf-duplex\/","og_site_name":"Compuviper","article_publisher":"https:\/\/www.facebook.com\/compuviper","article_modified_time":"2026-04-28T07:56:32+00:00","og_image":[{"width":200,"height":200,"url":"https:\/\/compuviper.mx\/tienda\/wp-content\/uploads\/2023\/12\/Scanner-epson-workforce-ds-6500-25-ppm50-ipm-1200-dpi-48-bits-cama-plana-usb-adf-duplex.jpg","type":"image\/jpeg"}],"twitter_card":"summary_large_image","twitter_misc":{"Precio":"&#36;20,164 con IVA","Availability":"In stock"},"schema":{"@context":"https:\/\/schema.org","@graph":[{"@type":"WebPage","@id":"https:\/\/compuviper.mx\/tienda\/producto\/epson-b11b205221-escaner-workforce-ds-6500-25-ppm-50-ipm-1200-dpi-48-bits-cama-plana-usb-adf-duplex\/","url":"https:\/\/compuviper.mx\/tienda\/producto\/epson-b11b205221-escaner-workforce-ds-6500-25-ppm-50-ipm-1200-dpi-48-bits-cama-plana-usb-adf-duplex\/","name":"[ Epson ] &#129351; B11b205221 Escaner Workforce Ds-6500, 25 Ppm\/50 Ipm, 1200 Dpi, 48 Bits, Cama Plana, Usb, Adf, Duplex","isPartOf":{"@id":"https:\/\/compuviper.mx\/tienda\/#website"},"datePublished":"2026-04-28T07:56:31+00:00","dateModified":"2026-04-28T07:56:32+00:00","description":"Compra B11b205221 Escaner Workforce Ds-6500, 25 Ppm\/50 Ipm, 1200 Dpi, 48 Bits, Cama Plana, Usb, Adf, Duplex + Env\u00edo a domicilio + Pago seguro + Garant\u00eda","breadcrumb":{"@id":"https:\/\/compuviper.mx\/tienda\/producto\/epson-b11b205221-escaner-workforce-ds-6500-25-ppm-50-ipm-1200-dpi-48-bits-cama-plana-usb-adf-duplex\/#breadcrumb"},"inLanguage":"es-MX","potentialAction":[{"@type":"ReadAction","target":["https:\/\/compuviper.mx\/tienda\/producto\/epson-b11b205221-escaner-workforce-ds-6500-25-ppm-50-ipm-1200-dpi-48-bits-cama-plana-usb-adf-duplex\/"]}]},{"@type":"BreadcrumbList","@id":"https:\/\/compuviper.mx\/tienda\/producto\/epson-b11b205221-escaner-workforce-ds-6500-25-ppm-50-ipm-1200-dpi-48-bits-cama-plana-usb-adf-duplex\/#breadcrumb","itemListElement":[{"@type":"ListItem","position":1,"name":"Inicio","item":"https:\/\/compuviper.mx\/tienda\/"},{"@type":"ListItem","position":2,"name":"Productos","item":"https:\/\/compuviper.mx\/tienda\/productos\/"},{"@type":"ListItem","position":3,"name":"Scanner","item":"https:\/\/compuviper.mx\/tienda\/categoria-producto\/scanner\/"},{"@type":"ListItem","position":4,"name":"Scanner Documentos","item":"https:\/\/compuviper.mx\/tienda\/categoria-producto\/scanner\/scanner-documentos\/"},{"@type":"ListItem","position":5,"name":"Epson B11b205221 Escaner Workforce Ds-6500, 25 Ppm\/50 Ipm, 1200 Dpi, 48 Bits, Cama Plana, Usb, Adf, Duplex"}]},{"@type":"WebSite","@id":"https:\/\/compuviper.mx\/tienda\/#website","url":"https:\/\/compuviper.mx\/tienda\/","name":"Compuviper","description":"Proveedor de Computadoras, Laptops, Servidores, Monitores, Puntos de Venta, Teclados,   Impresoras, T\u00f3ner, C\u00e1maras de Seguridad y m\u00e1s en tu tienda en l\u00ednea","publisher":{"@id":"https:\/\/compuviper.mx\/tienda\/#organization"},"potentialAction":[{"@type":"SearchAction","target":{"@type":"EntryPoint","urlTemplate":"https:\/\/compuviper.mx\/tienda\/?s={search_term_string}"},"query-input":"required name=search_term_string"}],"inLanguage":"es-MX"},{"@type":"Organization","@id":"https:\/\/compuviper.mx\/tienda\/#organization","name":"Compuviper","url":"https:\/\/compuviper.mx\/tienda\/","logo":{"@type":"ImageObject","inLanguage":"es-MX","@id":"https:\/\/compuviper.mx\/tienda\/#\/schema\/logo\/image\/","url":"https:\/\/compuviper.mx\/tienda\/wp-content\/uploads\/2021\/08\/Logo-Compuviper-10.png","contentUrl":"https:\/\/compuviper.mx\/tienda\/wp-content\/uploads\/2021\/08\/Logo-Compuviper-10.png","width":1000,"height":500,"caption":"Compuviper"},"image":{"@id":"https:\/\/compuviper.mx\/tienda\/#\/schema\/logo\/image\/"},"sameAs":["https:\/\/www.facebook.com\/compuviper","https:\/\/www.youtube.com\/channel\/UCf73dERp9Y3cfOq7q8BhLjA?view_as=subscriber"]}]},"product_brand":"EPSON","product_price_amount":"20164","product_price_currency":"MXN","og_availability":"instock","product_availability":"instock","product_retailer_item_id":"B11B205221","product_condition":"new"},"_links":{"self":[{"href":"https:\/\/compuviper.mx\/tienda\/wp-json\/wp\/v2\/product\/225180"}],"collection":[{"href":"https:\/\/compuviper.mx\/tienda\/wp-json\/wp\/v2\/product"}],"about":[{"href":"https:\/\/compuviper.mx\/tienda\/wp-json\/wp\/v2\/types\/product"}],"replies":[{"embeddable":true,"href":"https:\/\/compuviper.mx\/tienda\/wp-json\/wp\/v2\/comments?post=225180"}],"wp:featuredmedia":[{"embeddable":true,"href":"https:\/\/compuviper.mx\/tienda\/wp-json\/wp\/v2\/media\/225181"}],"wp:attachment":[{"href":"https:\/\/compuviper.mx\/tienda\/wp-json\/wp\/v2\/media?parent=225180"}],"wp:term":[{"taxonomy":"product_cat","embeddable":true,"href":"https:\/\/compuviper.mx\/tienda\/wp-json\/wp\/v2\/product_cat?post=225180"},{"taxonomy":"product_tag","embeddable":true,"href":"https:\/\/compuviper.mx\/tienda\/wp-json\/wp\/v2\/product_tag?post=225180"}],"curies":[{"name":"wp","href":"https:\/\/api.w.org\/{rel}","templated":true}]}}