{"id":225174,"date":"2026-04-17T02:01:37","date_gmt":"2026-04-17T08:01:37","guid":{"rendered":"https:\/\/compuviper.mx\/tienda\/producto\/synology-sa3610-nas-12-bahias-12-nucleos-2-1-base-2-7turbo-ghz-16gb-ddr4-ecc-lan-gbe-x4-y-lan-10gbe-x2-usb-3-2-x-2-hasta-216-tb-y-con-expansin-hasta-1728-pt-hot-swap-intel-xeon-d-1567\/"},"modified":"2026-04-17T02:01:38","modified_gmt":"2026-04-17T08:01:38","slug":"synology-sa3610-nas-12-bahias-12-nucleos-2-1-base-2-7turbo-ghz-16gb-ddr4-ecc-lan-gbe-x4-y-lan-10gbe-x2-usb-3-2-x-2-hasta-216-tb-y-con-expansin-hasta-1728-pt-hot-swap-intel-xeon-d-1567","status":"publish","type":"product","link":"https:\/\/compuviper.mx\/tienda\/producto\/synology-sa3610-nas-12-bahias-12-nucleos-2-1-base-2-7turbo-ghz-16gb-ddr4-ecc-lan-gbe-x4-y-lan-10gbe-x2-usb-3-2-x-2-hasta-216-tb-y-con-expansin-hasta-1728-pt-hot-swap-intel-xeon-d-1567\/","title":{"rendered":"Synology Sa3610 Nas   12 Bahias\/12 Nucleos 2.1 Base 2.7turbo Ghz\/16gb Ddr4 Ecc \/lan Gbe X4 Y Lan 10gbe X2\/usb 3.2 X 2\/hasta 216 Tb Y Con Expansin Hasta 1728 Pt \/hot-swap \/intel Xeon D-1567"},"content":{"rendered":"<table class=\"descripcion\">\n<tr>\n<td>Descripcion tecnica<\/td>\n<\/tr>\n<tr>\n<td>Modelo de cpu<\/td>\n<\/tr>\n<tr>\n<td>Intel xeon d-1567<\/td>\n<\/tr>\n<tr>\n<td>Cantidad de cpu 1<\/td>\n<\/tr>\n<tr>\n<td>Arquitectura de cpu 64-bit<\/td>\n<\/tr>\n<tr>\n<td>Frecuencia de cpu 12-core 2.1 (base) \/ 2.7 (turbo) ghz<\/td>\n<\/tr>\n<tr>\n<td>Motor de cifrado de hardware (aes-ni):       si<\/td>\n<\/tr>\n<tr>\n<td>Memoria<\/td>\n<\/tr>\n<tr>\n<td>Memoria del sistema 16 gb ddr4 ecc rdimm<\/td>\n<\/tr>\n<tr>\n<td>M\u00f3dulo de memoria preinstalado 16 gb (16 gb x 1)<\/td>\n<\/tr>\n<tr>\n<td>Ranuras de memoria totales 4<\/td>\n<\/tr>\n<tr>\n<td>Capacidad de memoria m\u00e1xima 128 gb (32 gb x 4)<\/td>\n<\/tr>\n<tr>\n<td>Almacenamiento<\/td>\n<\/tr>\n<tr>\n<td>Recept\u00e1culo(s) de unidad 12<\/td>\n<\/tr>\n<tr>\n<td>Recept\u00e1culos de unidad m\u00e1x. con la unidad de expansi\u00f3n 96 (rx1222sas x 7)<\/td>\n<\/tr>\n<tr>\n<td>Tipo de unidad compatible*<\/td>\n<\/tr>\n<tr>\n<td>Unidad de disco duro sas de 3,5<\/td>\n<\/tr>\n<tr>\n<td>Ssd sas de 2,5<\/td>\n<\/tr>\n<tr>\n<td>3.5 sata hdd<\/td>\n<\/tr>\n<tr>\n<td>2.5 sata ssd<\/td>\n<\/tr>\n<tr>\n<td>Unidad de intercambio en caliente*:       si<\/td>\n<\/tr>\n<tr>\n<td>Notas<\/td>\n<\/tr>\n<tr>\n<td>Synology solo garantiza la funcionalidad, la fiabilidad y el rendimiento completos de las unidades synology enumeradas en la lista de compatibilidad. el uso de componentes no validados puede limitar ciertas funciones y provocar la p\u00e9rdida de datos y la inestabilidad del sistema.<\/td>\n<\/tr>\n<tr>\n<td>Puertos externos<\/td>\n<\/tr>\n<tr>\n<td>Puerto rj-45 1gbe lan 4 (con soporte de conmutaci\u00f3n por error \/ link aggregation)<\/td>\n<\/tr>\n<tr>\n<td>Puerto rj-45 10gbe lan 2 (con soporte de conmutaci\u00f3n por error \/ link aggregation)<\/td>\n<\/tr>\n<tr>\n<td>Puerto lan de gesti\u00f3n fuera de banda 1<\/td>\n<\/tr>\n<tr>\n<td>N\u00famero m\u00e1x. de puertos lan 15<\/td>\n<\/tr>\n<tr>\n<td>Puerto usb 3.2 gen 1* 2<\/td>\n<\/tr>\n<tr>\n<td>Puerto de expansi\u00f3n 1<\/td>\n<\/tr>\n<tr>\n<td>Notas<\/td>\n<\/tr>\n<tr>\n<td>Los puertos lan de 1 gbe de este dispositivo tienen un tama\u00f1o de unidad de transmisi\u00f3n m\u00e1xima (mtu) de 1500 bytes.<\/td>\n<\/tr>\n<tr>\n<td>Usb implementers forum (usb-if) cambi\u00f3 de nombre del est\u00e1ndar usb 3.0 a usb 3.2 gen 1 en 2019.<\/td>\n<\/tr>\n<tr>\n<td>Pcie<\/td>\n<\/tr>\n<tr>\n<td>Expansi\u00f3n pcie 2 x gen3 x8 slots (x8 link)<\/td>\n<\/tr>\n<tr>\n<td>Sistema de archivos<\/td>\n<\/tr>\n<tr>\n<td>Unidades internas<\/td>\n<\/tr>\n<tr>\n<td>Btrfs<\/td>\n<\/tr>\n<tr>\n<td>Ext4<\/td>\n<\/tr>\n<tr>\n<td>Unidades externas<\/td>\n<\/tr>\n<tr>\n<td>Btrfs<\/td>\n<\/tr>\n<tr>\n<td>Ext4<\/td>\n<\/tr>\n<tr>\n<td>Ext3<\/td>\n<\/tr>\n<tr>\n<td>Fat<\/td>\n<\/tr>\n<tr>\n<td>Ntfs<\/td>\n<\/tr>\n<tr>\n<td>Hfs+<\/td>\n<\/tr>\n<tr>\n<td>Exfat<\/td>\n<\/tr>\n<tr>\n<td>Apariencia factor de forma (ru) 2u<\/td>\n<\/tr>\n<tr>\n<td>Tama\u00f1o (altura x anchura x profundidad)<\/td>\n<\/tr>\n<tr>\n<td>88 mm x 482 mm x 724 mm<\/td>\n<\/tr>\n<tr>\n<td>Peso 14.5 kg<\/td>\n<\/tr>\n<tr>\n<td>Soporte para instalaci\u00f3n en bastidor* bastidor de 4 postes de 19 (synology rail kit: rks-02)<\/td>\n<\/tr>\n<tr>\n<td>Notas el kit de ra\u00edles se vende por separado<\/td>\n<\/tr>\n<tr>\n<td>Otros<\/td>\n<\/tr>\n<tr>\n<td>Ventilador del sistema<\/td>\n<\/tr>\n<tr>\n<td>80 mm x 80 mm x 4 pcs<\/td>\n<\/tr>\n<tr>\n<td>Modo de velocidad de ventilador<\/td>\n<\/tr>\n<tr>\n<td>Modo velocidad completa<\/td>\n<\/tr>\n<tr>\n<td>Modo fresco<\/td>\n<\/tr>\n<tr>\n<td>Modo silencioso<\/td>\n<\/tr>\n<tr>\n<td>F\u00e1cil sustituci\u00f3n de ventilador del sistema:     si<\/td>\n<\/tr>\n<tr>\n<td>Recuperaci\u00f3n de energ\u00eda:      si<\/td>\n<\/tr>\n<tr>\n<td>Nivel de ruido* 49.8 db(a)<\/td>\n<\/tr>\n<tr>\n<td>Encendido y apagado programado:       si<\/td>\n<\/tr>\n<tr>\n<td>Despertar con lan \/ wan:       si<\/td>\n<\/tr>\n<tr>\n<td>Fuente \/ adaptador de alimentaci\u00f3n 550 w<\/td>\n<\/tr>\n<tr>\n<td>Fuente de alimentaci\u00f3n redundante:       si<\/td>\n<\/tr>\n<tr>\n<td>Voltaje de alimentaci\u00f3n de entrada ca 100v to 240v ac<\/td>\n<\/tr>\n<tr>\n<td>Frecuencia de alimentaci\u00f3n 50\/60 hz, monof\u00e1sico<\/td>\n<\/tr>\n<tr>\n<td>Consumo de energ\u00eda<\/td>\n<\/tr>\n<tr>\n<td>137.54 w (acceso)<\/td>\n<\/tr>\n<tr>\n<td>58.23 w (hibernaci\u00f3n de unidad de disco duro)<\/td>\n<\/tr>\n<tr>\n<td>British thermal unit<\/td>\n<\/tr>\n<tr>\n<td>469.30 btu\/hr (acceso)<\/td>\n<\/tr>\n<tr>\n<td>198.68 btu\/hr (hibernaci\u00f3n de unidad de disco duro)<\/td>\n<\/tr>\n<tr>\n<td>Temperatura<\/td>\n<\/tr>\n<tr>\n<td>Temperatura operativa 0\u00b0c a 35\u00b0c (32\u00b0f a 95\u00b0f) 0\u00b0c a 35\u00b0c (32\u00b0f a 95\u00b0f)<\/td>\n<\/tr>\n<tr>\n<td>Temperatura de almacenamiento -20\u00b0c a 60\u00b0c (-5\u00b0f a 140\u00b0f) -20\u00b0c a 60\u00b0c (-5\u00b0f a 140\u00b0f)<\/td>\n<\/tr>\n<tr>\n<td>Humedad relativa 5% a 95% rh 5% a 95% rh<\/td>\n<\/tr>\n<tr>\n<td>Certificaci\u00f3n<\/td>\n<\/tr>\n<tr>\n<td>Fcc<\/td>\n<\/tr>\n<tr>\n<td>Ce<\/td>\n<\/tr>\n<tr>\n<td>Bsmi<\/td>\n<\/tr>\n<tr>\n<td>Vcci<\/td>\n<\/tr>\n<tr>\n<td>Rcm<\/td>\n<\/tr>\n<tr>\n<td>Ukca<\/td>\n<\/tr>\n<tr>\n<td>Eac<\/td>\n<\/tr>\n<tr>\n<td>Ccc<\/td>\n<\/tr>\n<tr>\n<td>Kc<\/td>\n<\/tr>\n<tr>\n<td>Ul<\/td>\n<\/tr>\n<tr>\n<td>Entorno  conforme con rohs<\/td>\n<\/tr>\n<tr>\n<td>Contenido del paquete<\/td>\n<\/tr>\n<tr>\n<td>Unidad principal x 1<\/td>\n<\/tr>\n<tr>\n<td>Paquete de accesorios x 1<\/td>\n<\/tr>\n<tr>\n<td>Cable de alimentaci\u00f3n ca x 2<\/td>\n<\/tr>\n<tr>\n<td>Gu\u00eda de instalaci\u00f3n r\u00e1pida x 1<\/td>\n<\/tr>\n<tr>\n<td>Accesorios opcionales<\/td>\n<\/tr>\n<tr>\n<td>Ddr4 ecc rdimm: d4er01-16g*\/d4er01-32g<\/td>\n<\/tr>\n<tr>\n<td>Unidades de expansi\u00f3n: rx1222sas<\/td>\n<\/tr>\n<tr>\n<td>3.5 sas hdd: has5300<\/td>\n<\/tr>\n<tr>\n<td>3.5 sata hdd: hat5300<\/td>\n<\/tr>\n<tr>\n<td>2.5 sata ssd: sat5210<\/td>\n<\/tr>\n<tr>\n<td>Tarjeta adaptadora ssd m.2 y 10 gbe: e10m20-t1<\/td>\n<\/tr>\n<tr>\n<td>Tarjeta adaptadora ssd m.2: m2d20<\/td>\n<\/tr>\n<tr>\n<td>25gbe tarjeta de interfaz de red: e25g21-f2<\/td>\n<\/tr>\n<tr>\n<td>10gbe tarjeta de interfaz de red: e10g21-f2\/e10g18-t2\/e10g18-t1<\/td>\n<\/tr>\n<tr>\n<td>Kit de ra\u00edles deslizantes: rks-02<\/td>\n<\/tr>\n<tr>\n<td>Surveillance device license pack<\/td>\n<\/tr>\n<tr>\n<td>Ddr4 ecc rdimm: d4er01-16g*\/d4er01-32g<\/td>\n<\/tr>\n<tr>\n<td>Notas no se recomienda instalar m\u00f3dulos de memoria con diferentes capacidades. consulte la gu\u00eda de instalaci\u00f3n de hardware de su producto synology para saber cu\u00e1les son las configuraciones de memoria recomendadas.<\/td>\n<\/tr>\n<\/table>\n","protected":false},"excerpt":{"rendered":"<p>Descripcion comercial. La serie sa3600  de synology est\u00e1 dise\u00f1ada para proporcionar a grandes empresas y estudios un almacenamiento de datos escalable y fiable. Con capacidad de almacenamiento en bruto de hasta 1,728 pb1 y diferentes configuraciones de red, estos servidores con 12 bah\u00edas de montaje en bastidor son perfectos para empresas que necesitan almacenar grandes vol\u00famenes de datos sin sacrificar el rendimiento y la fiabilidad. Las soluciones avanzadas de gesti\u00f3n, alta disponibilidad y protecci\u00f3n de datos est\u00e1n disponibles en el sistema operativo synology diskstation manager (dsm).<\/p>\n","protected":false},"featured_media":225175,"comment_status":"open","ping_status":"open","template":"","meta":[],"product_cat":[1803,1804],"product_tag":[1561],"acf":[],"yoast_head":"<!-- This site is optimized with the Yoast SEO plugin v21.7 - https:\/\/yoast.com\/wordpress\/plugins\/seo\/ -->\n<title>[ Synology ] &#129351; Sa3610 Nas 12 Bahias\/12 Nucleos 2.1 Base 2.7turbo Ghz\/16gb Ddr4 Ecc \/lan Gbe X4 Y Lan 10gbe X2\/usb 3.2 X 2\/hasta 216 Tb Y Con Expansin Hasta 1728 Pt \/hot-swap \/intel Xeon D-1567<\/title>\n<meta name=\"description\" content=\"Compra Sa3610 Nas 12 Bahias\/12 Nucleos 2.1 Base 2.7turbo Ghz\/16gb Ddr4 Ecc \/lan Gbe X4 Y Lan 10gbe X2\/usb 3.2 X 2\/hasta 216 Tb Y Con Expansin Hasta 1728 Pt \/hot-swap \/intel Xeon D-1567 + Env\u00edo a domicilio + Pago seguro + Garant\u00eda\" \/>\n<meta name=\"robots\" content=\"index, follow, max-snippet:-1, max-image-preview:large, max-video-preview:-1\" \/>\n<link rel=\"canonical\" href=\"https:\/\/compuviper.mx\/tienda\/producto\/synology-sa3610-nas-12-bahias-12-nucleos-2-1-base-2-7turbo-ghz-16gb-ddr4-ecc-lan-gbe-x4-y-lan-10gbe-x2-usb-3-2-x-2-hasta-216-tb-y-con-expansin-hasta-1728-pt-hot-swap-intel-xeon-d-1567\/\" \/>\n<meta property=\"og:locale\" content=\"es_MX\" \/>\n<meta property=\"og:type\" content=\"article\" \/>\n<meta property=\"og:title\" content=\"[ Synology ] &#129351; Sa3610 Nas 12 Bahias\/12 Nucleos 2.1 Base 2.7turbo Ghz\/16gb Ddr4 Ecc \/lan Gbe X4 Y Lan 10gbe X2\/usb 3.2 X 2\/hasta 216 Tb Y Con Expansin Hasta 1728 Pt \/hot-swap \/intel Xeon D-1567\" \/>\n<meta property=\"og:description\" content=\"Compra Sa3610 Nas 12 Bahias\/12 Nucleos 2.1 Base 2.7turbo Ghz\/16gb Ddr4 Ecc \/lan Gbe X4 Y Lan 10gbe X2\/usb 3.2 X 2\/hasta 216 Tb Y Con Expansin Hasta 1728 Pt \/hot-swap \/intel Xeon D-1567 + Env\u00edo a domicilio + Pago seguro + Garant\u00eda\" \/>\n<meta property=\"og:url\" content=\"https:\/\/compuviper.mx\/tienda\/producto\/synology-sa3610-nas-12-bahias-12-nucleos-2-1-base-2-7turbo-ghz-16gb-ddr4-ecc-lan-gbe-x4-y-lan-10gbe-x2-usb-3-2-x-2-hasta-216-tb-y-con-expansin-hasta-1728-pt-hot-swap-intel-xeon-d-1567\/\" \/>\n<meta property=\"og:site_name\" content=\"Compuviper\" \/>\n<meta property=\"article:publisher\" content=\"https:\/\/www.facebook.com\/compuviper\" \/>\n<meta property=\"article:modified_time\" content=\"2026-04-17T08:01:38+00:00\" \/>\n<meta property=\"og:image\" content=\"https:\/\/compuviper.mx\/tienda\/wp-content\/uploads\/2023\/12\/Nas-synology-sa3610-12-bahias12-nucleos-2.1-base-2.7turbo-ghz16gb-ddr4-ecc-lan-gbe-x4-y-lan-10gbe-x2usb-3.2-x-2hasta-216-tb-y-con-expansin-hasta-1728-pt-hot-swap-intel-xeon-d-1567.jpg\" \/>\n\t<meta property=\"og:image:width\" content=\"200\" \/>\n\t<meta property=\"og:image:height\" content=\"200\" \/>\n\t<meta property=\"og:image:type\" content=\"image\/jpeg\" \/>\n<meta name=\"twitter:card\" content=\"summary_large_image\" \/>\n<meta name=\"twitter:label1\" content=\"Precio\" \/>\n\t<meta name=\"twitter:data1\" content=\"&#36;177,405 con IVA\" \/>\n\t<meta name=\"twitter:label2\" content=\"Availability\" \/>\n\t<meta name=\"twitter:data2\" content=\"On backorder\" \/>\n<script type=\"application\/ld+json\" class=\"yoast-schema-graph\">{\"@context\":\"https:\/\/schema.org\",\"@graph\":[{\"@type\":\"WebPage\",\"@id\":\"https:\/\/compuviper.mx\/tienda\/producto\/synology-sa3610-nas-12-bahias-12-nucleos-2-1-base-2-7turbo-ghz-16gb-ddr4-ecc-lan-gbe-x4-y-lan-10gbe-x2-usb-3-2-x-2-hasta-216-tb-y-con-expansin-hasta-1728-pt-hot-swap-intel-xeon-d-1567\/\",\"url\":\"https:\/\/compuviper.mx\/tienda\/producto\/synology-sa3610-nas-12-bahias-12-nucleos-2-1-base-2-7turbo-ghz-16gb-ddr4-ecc-lan-gbe-x4-y-lan-10gbe-x2-usb-3-2-x-2-hasta-216-tb-y-con-expansin-hasta-1728-pt-hot-swap-intel-xeon-d-1567\/\",\"name\":\"[ Synology ] &#129351; Sa3610 Nas 12 Bahias\/12 Nucleos 2.1 Base 2.7turbo Ghz\/16gb Ddr4 Ecc \/lan Gbe X4 Y Lan 10gbe X2\/usb 3.2 X 2\/hasta 216 Tb Y Con Expansin Hasta 1728 Pt \/hot-swap \/intel Xeon D-1567\",\"isPartOf\":{\"@id\":\"https:\/\/compuviper.mx\/tienda\/#website\"},\"datePublished\":\"2026-04-17T08:01:37+00:00\",\"dateModified\":\"2026-04-17T08:01:38+00:00\",\"description\":\"Compra Sa3610 Nas 12 Bahias\/12 Nucleos 2.1 Base 2.7turbo Ghz\/16gb Ddr4 Ecc \/lan Gbe X4 Y Lan 10gbe X2\/usb 3.2 X 2\/hasta 216 Tb Y Con Expansin Hasta 1728 Pt \/hot-swap \/intel Xeon D-1567 + Env\u00edo a domicilio + Pago seguro + Garant\u00eda\",\"breadcrumb\":{\"@id\":\"https:\/\/compuviper.mx\/tienda\/producto\/synology-sa3610-nas-12-bahias-12-nucleos-2-1-base-2-7turbo-ghz-16gb-ddr4-ecc-lan-gbe-x4-y-lan-10gbe-x2-usb-3-2-x-2-hasta-216-tb-y-con-expansin-hasta-1728-pt-hot-swap-intel-xeon-d-1567\/#breadcrumb\"},\"inLanguage\":\"es-MX\",\"potentialAction\":[{\"@type\":\"ReadAction\",\"target\":[\"https:\/\/compuviper.mx\/tienda\/producto\/synology-sa3610-nas-12-bahias-12-nucleos-2-1-base-2-7turbo-ghz-16gb-ddr4-ecc-lan-gbe-x4-y-lan-10gbe-x2-usb-3-2-x-2-hasta-216-tb-y-con-expansin-hasta-1728-pt-hot-swap-intel-xeon-d-1567\/\"]}]},{\"@type\":\"BreadcrumbList\",\"@id\":\"https:\/\/compuviper.mx\/tienda\/producto\/synology-sa3610-nas-12-bahias-12-nucleos-2-1-base-2-7turbo-ghz-16gb-ddr4-ecc-lan-gbe-x4-y-lan-10gbe-x2-usb-3-2-x-2-hasta-216-tb-y-con-expansin-hasta-1728-pt-hot-swap-intel-xeon-d-1567\/#breadcrumb\",\"itemListElement\":[{\"@type\":\"ListItem\",\"position\":1,\"name\":\"Inicio\",\"item\":\"https:\/\/compuviper.mx\/tienda\/\"},{\"@type\":\"ListItem\",\"position\":2,\"name\":\"Productos\",\"item\":\"https:\/\/compuviper.mx\/tienda\/productos\/\"},{\"@type\":\"ListItem\",\"position\":3,\"name\":\"Almacenamiento\",\"item\":\"https:\/\/compuviper.mx\/tienda\/categoria-producto\/almacenamiento\/\"},{\"@type\":\"ListItem\",\"position\":4,\"name\":\"Sistema De Almacenamiento\",\"item\":\"https:\/\/compuviper.mx\/tienda\/categoria-producto\/almacenamiento\/sistema-de-almacenamiento\/\"},{\"@type\":\"ListItem\",\"position\":5,\"name\":\"Synology Sa3610 Nas 12 Bahias\/12 Nucleos 2.1 Base 2.7turbo Ghz\/16gb Ddr4 Ecc \/lan Gbe X4 Y Lan 10gbe X2\/usb 3.2 X 2\/hasta 216 Tb Y Con Expansin Hasta 1728 Pt \/hot-swap \/intel Xeon D-1567\"}]},{\"@type\":\"WebSite\",\"@id\":\"https:\/\/compuviper.mx\/tienda\/#website\",\"url\":\"https:\/\/compuviper.mx\/tienda\/\",\"name\":\"Compuviper\",\"description\":\"Proveedor de Computadoras, Laptops, Servidores, Monitores, Puntos de Venta, Teclados,   Impresoras, T\u00f3ner, C\u00e1maras de Seguridad y m\u00e1s en tu tienda en l\u00ednea\",\"publisher\":{\"@id\":\"https:\/\/compuviper.mx\/tienda\/#organization\"},\"potentialAction\":[{\"@type\":\"SearchAction\",\"target\":{\"@type\":\"EntryPoint\",\"urlTemplate\":\"https:\/\/compuviper.mx\/tienda\/?s={search_term_string}\"},\"query-input\":\"required name=search_term_string\"}],\"inLanguage\":\"es-MX\"},{\"@type\":\"Organization\",\"@id\":\"https:\/\/compuviper.mx\/tienda\/#organization\",\"name\":\"Compuviper\",\"url\":\"https:\/\/compuviper.mx\/tienda\/\",\"logo\":{\"@type\":\"ImageObject\",\"inLanguage\":\"es-MX\",\"@id\":\"https:\/\/compuviper.mx\/tienda\/#\/schema\/logo\/image\/\",\"url\":\"https:\/\/compuviper.mx\/tienda\/wp-content\/uploads\/2021\/08\/Logo-Compuviper-10.png\",\"contentUrl\":\"https:\/\/compuviper.mx\/tienda\/wp-content\/uploads\/2021\/08\/Logo-Compuviper-10.png\",\"width\":1000,\"height\":500,\"caption\":\"Compuviper\"},\"image\":{\"@id\":\"https:\/\/compuviper.mx\/tienda\/#\/schema\/logo\/image\/\"},\"sameAs\":[\"https:\/\/www.facebook.com\/compuviper\",\"https:\/\/www.youtube.com\/channel\/UCf73dERp9Y3cfOq7q8BhLjA?view_as=subscriber\"]}]}<\/script>\n<meta property=\"product:brand\" content=\"SYNOLOGY\" \/>\n<meta property=\"product:price:amount\" content=\"177405\" \/>\n<meta property=\"product:price:currency\" content=\"MXN\" \/>\n<meta property=\"og:availability\" content=\"backorder\" \/>\n<meta property=\"product:availability\" content=\"available for order\" \/>\n<meta property=\"product:retailer_item_id\" content=\"SA3610\" \/>\n<meta property=\"product:condition\" content=\"new\" \/>\n<!-- \/ Yoast SEO plugin. -->","yoast_head_json":{"title":"[ Synology ] &#129351; Sa3610 Nas 12 Bahias\/12 Nucleos 2.1 Base 2.7turbo Ghz\/16gb Ddr4 Ecc \/lan Gbe X4 Y Lan 10gbe X2\/usb 3.2 X 2\/hasta 216 Tb Y Con Expansin Hasta 1728 Pt \/hot-swap \/intel Xeon D-1567","description":"Compra Sa3610 Nas 12 Bahias\/12 Nucleos 2.1 Base 2.7turbo Ghz\/16gb Ddr4 Ecc \/lan Gbe X4 Y Lan 10gbe X2\/usb 3.2 X 2\/hasta 216 Tb Y Con Expansin Hasta 1728 Pt \/hot-swap \/intel Xeon D-1567 + Env\u00edo a domicilio + Pago seguro + Garant\u00eda","robots":{"index":"index","follow":"follow","max-snippet":"max-snippet:-1","max-image-preview":"max-image-preview:large","max-video-preview":"max-video-preview:-1"},"canonical":"https:\/\/compuviper.mx\/tienda\/producto\/synology-sa3610-nas-12-bahias-12-nucleos-2-1-base-2-7turbo-ghz-16gb-ddr4-ecc-lan-gbe-x4-y-lan-10gbe-x2-usb-3-2-x-2-hasta-216-tb-y-con-expansin-hasta-1728-pt-hot-swap-intel-xeon-d-1567\/","og_locale":"es_MX","og_type":"article","og_title":"[ Synology ] &#129351; Sa3610 Nas 12 Bahias\/12 Nucleos 2.1 Base 2.7turbo Ghz\/16gb Ddr4 Ecc \/lan Gbe X4 Y Lan 10gbe X2\/usb 3.2 X 2\/hasta 216 Tb Y Con Expansin Hasta 1728 Pt \/hot-swap \/intel Xeon D-1567","og_description":"Compra Sa3610 Nas 12 Bahias\/12 Nucleos 2.1 Base 2.7turbo Ghz\/16gb Ddr4 Ecc \/lan Gbe X4 Y Lan 10gbe X2\/usb 3.2 X 2\/hasta 216 Tb Y Con Expansin Hasta 1728 Pt \/hot-swap \/intel Xeon D-1567 + Env\u00edo a domicilio + Pago seguro + Garant\u00eda","og_url":"https:\/\/compuviper.mx\/tienda\/producto\/synology-sa3610-nas-12-bahias-12-nucleos-2-1-base-2-7turbo-ghz-16gb-ddr4-ecc-lan-gbe-x4-y-lan-10gbe-x2-usb-3-2-x-2-hasta-216-tb-y-con-expansin-hasta-1728-pt-hot-swap-intel-xeon-d-1567\/","og_site_name":"Compuviper","article_publisher":"https:\/\/www.facebook.com\/compuviper","article_modified_time":"2026-04-17T08:01:38+00:00","og_image":[{"width":200,"height":200,"url":"https:\/\/compuviper.mx\/tienda\/wp-content\/uploads\/2023\/12\/Nas-synology-sa3610-12-bahias12-nucleos-2.1-base-2.7turbo-ghz16gb-ddr4-ecc-lan-gbe-x4-y-lan-10gbe-x2usb-3.2-x-2hasta-216-tb-y-con-expansin-hasta-1728-pt-hot-swap-intel-xeon-d-1567.jpg","type":"image\/jpeg"}],"twitter_card":"summary_large_image","twitter_misc":{"Precio":"&#36;177,405 con IVA","Availability":"On backorder"},"schema":{"@context":"https:\/\/schema.org","@graph":[{"@type":"WebPage","@id":"https:\/\/compuviper.mx\/tienda\/producto\/synology-sa3610-nas-12-bahias-12-nucleos-2-1-base-2-7turbo-ghz-16gb-ddr4-ecc-lan-gbe-x4-y-lan-10gbe-x2-usb-3-2-x-2-hasta-216-tb-y-con-expansin-hasta-1728-pt-hot-swap-intel-xeon-d-1567\/","url":"https:\/\/compuviper.mx\/tienda\/producto\/synology-sa3610-nas-12-bahias-12-nucleos-2-1-base-2-7turbo-ghz-16gb-ddr4-ecc-lan-gbe-x4-y-lan-10gbe-x2-usb-3-2-x-2-hasta-216-tb-y-con-expansin-hasta-1728-pt-hot-swap-intel-xeon-d-1567\/","name":"[ Synology ] &#129351; Sa3610 Nas 12 Bahias\/12 Nucleos 2.1 Base 2.7turbo Ghz\/16gb Ddr4 Ecc \/lan Gbe X4 Y Lan 10gbe X2\/usb 3.2 X 2\/hasta 216 Tb Y Con Expansin Hasta 1728 Pt \/hot-swap \/intel Xeon D-1567","isPartOf":{"@id":"https:\/\/compuviper.mx\/tienda\/#website"},"datePublished":"2026-04-17T08:01:37+00:00","dateModified":"2026-04-17T08:01:38+00:00","description":"Compra Sa3610 Nas 12 Bahias\/12 Nucleos 2.1 Base 2.7turbo Ghz\/16gb Ddr4 Ecc \/lan Gbe X4 Y Lan 10gbe X2\/usb 3.2 X 2\/hasta 216 Tb Y Con Expansin Hasta 1728 Pt \/hot-swap \/intel Xeon D-1567 + Env\u00edo a domicilio + Pago seguro + Garant\u00eda","breadcrumb":{"@id":"https:\/\/compuviper.mx\/tienda\/producto\/synology-sa3610-nas-12-bahias-12-nucleos-2-1-base-2-7turbo-ghz-16gb-ddr4-ecc-lan-gbe-x4-y-lan-10gbe-x2-usb-3-2-x-2-hasta-216-tb-y-con-expansin-hasta-1728-pt-hot-swap-intel-xeon-d-1567\/#breadcrumb"},"inLanguage":"es-MX","potentialAction":[{"@type":"ReadAction","target":["https:\/\/compuviper.mx\/tienda\/producto\/synology-sa3610-nas-12-bahias-12-nucleos-2-1-base-2-7turbo-ghz-16gb-ddr4-ecc-lan-gbe-x4-y-lan-10gbe-x2-usb-3-2-x-2-hasta-216-tb-y-con-expansin-hasta-1728-pt-hot-swap-intel-xeon-d-1567\/"]}]},{"@type":"BreadcrumbList","@id":"https:\/\/compuviper.mx\/tienda\/producto\/synology-sa3610-nas-12-bahias-12-nucleos-2-1-base-2-7turbo-ghz-16gb-ddr4-ecc-lan-gbe-x4-y-lan-10gbe-x2-usb-3-2-x-2-hasta-216-tb-y-con-expansin-hasta-1728-pt-hot-swap-intel-xeon-d-1567\/#breadcrumb","itemListElement":[{"@type":"ListItem","position":1,"name":"Inicio","item":"https:\/\/compuviper.mx\/tienda\/"},{"@type":"ListItem","position":2,"name":"Productos","item":"https:\/\/compuviper.mx\/tienda\/productos\/"},{"@type":"ListItem","position":3,"name":"Almacenamiento","item":"https:\/\/compuviper.mx\/tienda\/categoria-producto\/almacenamiento\/"},{"@type":"ListItem","position":4,"name":"Sistema De Almacenamiento","item":"https:\/\/compuviper.mx\/tienda\/categoria-producto\/almacenamiento\/sistema-de-almacenamiento\/"},{"@type":"ListItem","position":5,"name":"Synology Sa3610 Nas 12 Bahias\/12 Nucleos 2.1 Base 2.7turbo Ghz\/16gb Ddr4 Ecc \/lan Gbe X4 Y Lan 10gbe X2\/usb 3.2 X 2\/hasta 216 Tb Y Con Expansin Hasta 1728 Pt \/hot-swap \/intel Xeon D-1567"}]},{"@type":"WebSite","@id":"https:\/\/compuviper.mx\/tienda\/#website","url":"https:\/\/compuviper.mx\/tienda\/","name":"Compuviper","description":"Proveedor de Computadoras, Laptops, Servidores, Monitores, Puntos de Venta, Teclados,   Impresoras, T\u00f3ner, C\u00e1maras de Seguridad y m\u00e1s en tu tienda en l\u00ednea","publisher":{"@id":"https:\/\/compuviper.mx\/tienda\/#organization"},"potentialAction":[{"@type":"SearchAction","target":{"@type":"EntryPoint","urlTemplate":"https:\/\/compuviper.mx\/tienda\/?s={search_term_string}"},"query-input":"required name=search_term_string"}],"inLanguage":"es-MX"},{"@type":"Organization","@id":"https:\/\/compuviper.mx\/tienda\/#organization","name":"Compuviper","url":"https:\/\/compuviper.mx\/tienda\/","logo":{"@type":"ImageObject","inLanguage":"es-MX","@id":"https:\/\/compuviper.mx\/tienda\/#\/schema\/logo\/image\/","url":"https:\/\/compuviper.mx\/tienda\/wp-content\/uploads\/2021\/08\/Logo-Compuviper-10.png","contentUrl":"https:\/\/compuviper.mx\/tienda\/wp-content\/uploads\/2021\/08\/Logo-Compuviper-10.png","width":1000,"height":500,"caption":"Compuviper"},"image":{"@id":"https:\/\/compuviper.mx\/tienda\/#\/schema\/logo\/image\/"},"sameAs":["https:\/\/www.facebook.com\/compuviper","https:\/\/www.youtube.com\/channel\/UCf73dERp9Y3cfOq7q8BhLjA?view_as=subscriber"]}]},"product_brand":"SYNOLOGY","product_price_amount":"177405","product_price_currency":"MXN","og_availability":"backorder","product_availability":"available for order","product_retailer_item_id":"SA3610","product_condition":"new"},"_links":{"self":[{"href":"https:\/\/compuviper.mx\/tienda\/wp-json\/wp\/v2\/product\/225174"}],"collection":[{"href":"https:\/\/compuviper.mx\/tienda\/wp-json\/wp\/v2\/product"}],"about":[{"href":"https:\/\/compuviper.mx\/tienda\/wp-json\/wp\/v2\/types\/product"}],"replies":[{"embeddable":true,"href":"https:\/\/compuviper.mx\/tienda\/wp-json\/wp\/v2\/comments?post=225174"}],"wp:featuredmedia":[{"embeddable":true,"href":"https:\/\/compuviper.mx\/tienda\/wp-json\/wp\/v2\/media\/225175"}],"wp:attachment":[{"href":"https:\/\/compuviper.mx\/tienda\/wp-json\/wp\/v2\/media?parent=225174"}],"wp:term":[{"taxonomy":"product_cat","embeddable":true,"href":"https:\/\/compuviper.mx\/tienda\/wp-json\/wp\/v2\/product_cat?post=225174"},{"taxonomy":"product_tag","embeddable":true,"href":"https:\/\/compuviper.mx\/tienda\/wp-json\/wp\/v2\/product_tag?post=225174"}],"curies":[{"name":"wp","href":"https:\/\/api.w.org\/{rel}","templated":true}]}}