{"id":225170,"date":"2026-04-17T02:01:37","date_gmt":"2026-04-17T08:01:37","guid":{"rendered":"https:\/\/compuviper.mx\/tienda\/producto\/qnap-ts-h2490fu-7302p-128g-us-nas-all-flash-24-bahias-formato-rack-fuente-redundante-procesador-amd-epyc-7302p-16nucleos-hasta-3-3-ghz-128gb-ram-2-5gbe2-25-gbe4-usb-3-22-hotswap-sin-discosduro\/"},"modified":"2026-04-17T02:01:37","modified_gmt":"2026-04-17T08:01:37","slug":"qnap-ts-h2490fu-7302p-128g-us-nas-all-flash-24-bahias-formato-rack-fuente-redundante-procesador-amd-epyc-7302p-16nucleos-hasta-3-3-ghz-128gb-ram-2-5gbe2-25-gbe4-usb-3-22-hotswap-sin-discosduro","status":"publish","type":"product","link":"https:\/\/compuviper.mx\/tienda\/producto\/qnap-ts-h2490fu-7302p-128g-us-nas-all-flash-24-bahias-formato-rack-fuente-redundante-procesador-amd-epyc-7302p-16nucleos-hasta-3-3-ghz-128gb-ram-2-5gbe2-25-gbe4-usb-3-22-hotswap-sin-discosduro\/","title":{"rendered":"Qnap Ts-h2490fu-7302p-128g-us Nas  \/all-flash\/24 Bahias\/formato Rack\/fuente Redundante\/procesador Amd Epyc 7302p 16nucleos Hasta 3.3 Ghz\/128gb Ram\/2.5gbe(2)\/25 Gbe(4) Usb 3.2(2)\/hotswap\/sin Discosduros"},"content":{"rendered":"<table class=\"descripcion\">\n<tr>\n<td>Ts-h2490fu-7302p-128g<\/td>\n<\/tr>\n<tr>\n<td>Cpu: procesador amd epyc 7302p de 16 n\u00facleos y 32 hilos (con potencia de hasta 3,3 ghz)arquitectura de cpu: x86 de 64 bits<\/td>\n<\/tr>\n<tr>\n<td>Motor de cifrado: si (aes-ni)<\/td>\n<\/tr>\n<tr>\n<td>Memoria del sistema: 128 gb de memoria ddr4 ecc rdimm (8 m\u00f3dulos de 16 gb)<\/td>\n<\/tr>\n<tr>\n<td>Memoria m\u00e1xima: 4 tb (16 m\u00f3dulos de 256 gb)<\/td>\n<\/tr>\n<tr>\n<td>Ranura para memoria:  16 m\u00f3dulos de memoria ddr4 ldimm<\/td>\n<\/tr>\n<tr>\n<td>Memoria flash:  5 gb (protecci\u00f3n del sistema operativo de doble arranque)<\/td>\n<\/tr>\n<tr>\n<td>Bah\u00eda de unidades: 24 unidades nvme pcie u.2 de 2,5 (el sistema se env\u00eda sin ssd)<\/td>\n<\/tr>\n<tr>\n<td>Para ver la lista de compatibilidad de ssd, visite https:\/\/www.qnap.com\/compatibility\/<\/td>\n<\/tr>\n<tr>\n<td>Compatibilidad de unidades: unidades de estado s\u00f3lido u.2 nvme gen 3 x4 de 2,5<\/td>\n<\/tr>\n<tr>\n<td>Intercambiable en caliente: si<\/td>\n<\/tr>\n<tr>\n<td>Compatibilidad con aceleraci\u00f3n de cach\u00e9 ssd: si<\/td>\n<\/tr>\n<tr>\n<td>Sr-iov: si<\/td>\n<\/tr>\n<tr>\n<td>Puerto 2,5 gbe (2,5g\/1g\/100m): 2 (2,5g\/1g\/100m\/10m)<\/td>\n<\/tr>\n<tr>\n<td>Puerto 25 gbe: 4 puertos smartnic sfp28 25gbe<\/td>\n<\/tr>\n<tr>\n<td>Wake-on-lan (wol): si (solo el puerto 2,5gbe)<\/td>\n<\/tr>\n<tr>\n<td>Jumbo frame: si<\/td>\n<\/tr>\n<tr>\n<td>Ranura pcie: 5<\/td>\n<\/tr>\n<tr>\n<td>Ranura 1: pcie gen4 x4<\/td>\n<\/tr>\n<tr>\n<td>Ranura 2: pcie gen4 x8 o x4<\/td>\n<\/tr>\n<tr>\n<td>Ranura 3: pcie gen4 x4<\/td>\n<\/tr>\n<tr>\n<td>Ranura 4: pcie gen4 x8<\/td>\n<\/tr>\n<tr>\n<td>Ranura 5: pcie gen4 x16 o x8<\/td>\n<\/tr>\n<tr>\n<td>*la ranura 4 y la ranura 5 tienen preinstalados adaptadores de red 25gbe. reserve estas ranuras para los adaptadores de 25gbe para optimizar el rendimiento.<\/td>\n<\/tr>\n<tr>\n<td>**la ranura 2 ofrece el ancho de pcie gen4 x8 cuando la ranura 3 no se est\u00e1 utilizando y proporciona el ancho de pcie gen4 x4 cuando se est\u00e1 utilizando la ranura 3.<\/td>\n<\/tr>\n<tr>\n<td>***la ranura 5 ofrece el ancho de pcie gen4 x16 cuando la ranura 4 no se est\u00e1 utilizando y proporciona el ancho de pcie gen4 x8<\/td>\n<\/tr>\n<tr>\n<td>Cuando se est\u00e1 utilizando la ranura 4.<\/td>\n<\/tr>\n<tr>\n<td>Dimensiones de la tarjeta para la ranura pcie 1: 225 x 68,9 x 28,76 mm \/ 8,86 x 2,71 x 1,13 pulgadas.<\/td>\n<\/tr>\n<tr>\n<td>Dimensiones de la tarjeta para la ranura pcie 2: 225 x 68,9 x 18,76 mm \/ 8,86 x 2,71 x 0,74 pulgadas.<\/td>\n<\/tr>\n<tr>\n<td>Dimensiones de la tarjeta para la ranura pcie 3: 225 x 68,9 x 18,76 mm \/ 8,86 x 2,71 x 0,74 pulgadas.<\/td>\n<\/tr>\n<tr>\n<td>Dimensiones de la tarjeta para la ranura pcie 4: 225 x 68,9 x 39,08 mm \/ 8,86 x 2,71 x 1,54 pulgadas.<\/td>\n<\/tr>\n<tr>\n<td>Dimensiones de la tarjeta para la ranura pcie 5: 225 x 68,9 x 18,76 mm \/ 8,86 x 2,71 x 0,74 pulgadas.<\/td>\n<\/tr>\n<tr>\n<td>Se pueden instalar tarjetas m\u00e1s anchas si la siguiente ranura pcie no se va a utilizar.<\/td>\n<\/tr>\n<tr>\n<td>Puerto usb 3.2 gen 1 2<\/td>\n<\/tr>\n<tr>\n<td>Factor de forma: montaje en rack<\/td>\n<\/tr>\n<tr>\n<td>Indicadores led: unidad de disco duro, estado, 10 gbe, lan, estado del puerto de expansi\u00f3n de almacenamiento<\/td>\n<\/tr>\n<tr>\n<td>Botones: encendido, reinicio<\/td>\n<\/tr>\n<tr>\n<td>Dimensiones (altura x anchura x profundidad): 88.3 \u00d7 480.97 \u00d7 510.23 mm<\/td>\n<\/tr>\n<tr>\n<td>Peso (neto): 15,2 kg<\/td>\n<\/tr>\n<tr>\n<td>Peso (bruto): 21,86 kg<\/td>\n<\/tr>\n<tr>\n<td>Temperatura operativa: 0 &#8211; 40 \u00b0c (32 \u00b0f &#8211; 104 \u00b0f)<\/td>\n<\/tr>\n<tr>\n<td>Temperatura de almacenamiento -20 &#8211; 70\u00b0c (-4\u00b0f &#8211; 158\u00b0f)<\/td>\n<\/tr>\n<tr>\n<td>Humedad relativa: 5 ~ 95 % de humedad relativa sin condensaci\u00f3n, bulbo h\u00famedo: 27  and #730;c (80,6  and #730;f)<\/td>\n<\/tr>\n<tr>\n<td>Unidad de alimentaci\u00f3n el\u00e9ctrica: 1100w psu (x2), 100-240 v de ca<\/td>\n<\/tr>\n<tr>\n<td>Potencia m\u00e1x. en vatios: 1100 w a 200-240 v de ca<\/td>\n<\/tr>\n<tr>\n<td>850 w a 100-240 v de ca<\/td>\n<\/tr>\n<tr>\n<td>Consumo de energ\u00eda: modo de funcionamiento, t\u00edpico: 277,64 w (probado con unidades totalmente llenas)<\/td>\n<\/tr>\n<tr>\n<td>Ventilador: 4 de 60 mm, 12 v de cc<\/td>\n<\/tr>\n<tr>\n<td>Advertencia del sistema: timbre<\/td>\n<\/tr>\n<tr>\n<td>N.\u00ba m\u00e1x. de conexiones simult\u00e1neas (cifs): con memoria m\u00e1x: 10.000<\/td>\n<\/tr>\n<\/table>\n","protected":false},"excerpt":{"rendered":"<p>El ts-h2490fu all-flash nvme est\u00e1 dise\u00f1ado para ofrecer un rendimiento extremo con una alta rentabilidad. Con 24 bah\u00edas ssd u.2 nvme gen 3 x4, el ts-h2490fu ofrece hasta 661.000 \/ 245.000 iops de lectura\/escritura aleatoria con una latencia ultrabaja. El sistema operativo quts hero basado en zfs admite la compresi\u00f3n y deduplicaci\u00f3n de datos en l\u00ednea para reducir el consumo de almacenamiento de la ssd y la e\/s, lo cual alarga significativamente el ciclo de vida de la ssd con una mejor relaci\u00f3n precio-rendimiento para matrices de almacenamiento all-flash. En combinaci\u00f3n con las instant\u00e1neas casi ilimitadas, snapsync en tiempo real y las capacidades de expansi\u00f3n de almacenamiento de escala petabyte, el ts-h2490fu es ideal para aplicaciones con un uso intensivo de la e\/s y aplicaciones sensibles a la latencia y elimina los cuellos de botella en la productividad en centros de datos modernos, virtualizaci\u00f3n y tareas cr\u00edticas de copia de seguridad y restauraci\u00f3n.<\/p>\n","protected":false},"featured_media":225171,"comment_status":"open","ping_status":"open","template":"","meta":[],"product_cat":[1803,1804],"product_tag":[2110],"acf":[],"yoast_head":"<!-- This site is optimized with the Yoast SEO plugin v21.7 - https:\/\/yoast.com\/wordpress\/plugins\/seo\/ -->\n<title>[ Qnap ] &#129351; Ts-h2490fu-7302p-128g-us Nas \/all-flash\/24 Bahias\/formato Rack\/fuente Redundante\/procesador Amd Epyc 7302p 16nucleos Hasta 3.3 Ghz\/128gb Ram\/2.5gbe(2)\/25 Gbe(4) Usb 3.2(2)\/hotswap\/sin Discosduros<\/title>\n<meta name=\"description\" content=\"Compra Ts-h2490fu-7302p-128g-us Nas \/all-flash\/24 Bahias\/formato Rack\/fuente Redundante\/procesador Amd Epyc 7302p 16nucleos Hasta 3.3 Ghz\/128gb Ram\/2.5gbe(2)\/25 Gbe(4) Usb 3.2(2)\/hotswap\/sin Discosduros + Env\u00edo a domicilio + Pago seguro + Garant\u00eda\" \/>\n<meta name=\"robots\" content=\"index, follow, max-snippet:-1, max-image-preview:large, max-video-preview:-1\" \/>\n<link rel=\"canonical\" href=\"https:\/\/compuviper.mx\/tienda\/producto\/qnap-ts-h2490fu-7302p-128g-us-nas-all-flash-24-bahias-formato-rack-fuente-redundante-procesador-amd-epyc-7302p-16nucleos-hasta-3-3-ghz-128gb-ram-2-5gbe2-25-gbe4-usb-3-22-hotswap-sin-discosduro\/\" \/>\n<meta property=\"og:locale\" content=\"es_MX\" \/>\n<meta property=\"og:type\" content=\"article\" \/>\n<meta property=\"og:title\" content=\"[ Qnap ] &#129351; Ts-h2490fu-7302p-128g-us Nas \/all-flash\/24 Bahias\/formato Rack\/fuente Redundante\/procesador Amd Epyc 7302p 16nucleos Hasta 3.3 Ghz\/128gb Ram\/2.5gbe(2)\/25 Gbe(4) Usb 3.2(2)\/hotswap\/sin Discosduros\" \/>\n<meta property=\"og:description\" content=\"Compra Ts-h2490fu-7302p-128g-us Nas \/all-flash\/24 Bahias\/formato Rack\/fuente Redundante\/procesador Amd Epyc 7302p 16nucleos Hasta 3.3 Ghz\/128gb Ram\/2.5gbe(2)\/25 Gbe(4) Usb 3.2(2)\/hotswap\/sin Discosduros + Env\u00edo a domicilio + Pago seguro + Garant\u00eda\" \/>\n<meta property=\"og:url\" content=\"https:\/\/compuviper.mx\/tienda\/producto\/qnap-ts-h2490fu-7302p-128g-us-nas-all-flash-24-bahias-formato-rack-fuente-redundante-procesador-amd-epyc-7302p-16nucleos-hasta-3-3-ghz-128gb-ram-2-5gbe2-25-gbe4-usb-3-22-hotswap-sin-discosduro\/\" \/>\n<meta property=\"og:site_name\" content=\"Compuviper\" \/>\n<meta property=\"article:publisher\" content=\"https:\/\/www.facebook.com\/compuviper\" \/>\n<meta property=\"og:image\" content=\"https:\/\/compuviper.mx\/tienda\/wp-content\/uploads\/2023\/12\/Nas-qnap-ts-h2490fu-7302p-128g-usall-flash24-bahiasformato-rackfuente-redundanteprocesador-amd-epyc-7302p-16nucleos-hasta-3.3-ghz128gb-ram2.5gbe225-gbe4-usb-3.22hotswapsin-discosduros.jpg\" \/>\n\t<meta property=\"og:image:width\" content=\"200\" \/>\n\t<meta property=\"og:image:height\" content=\"200\" \/>\n\t<meta property=\"og:image:type\" content=\"image\/jpeg\" \/>\n<meta name=\"twitter:card\" content=\"summary_large_image\" \/>\n<meta name=\"twitter:label1\" content=\"Precio\" \/>\n\t<meta name=\"twitter:data1\" content=\"&#36;290,249 con IVA\" \/>\n\t<meta name=\"twitter:label2\" content=\"Availability\" \/>\n\t<meta name=\"twitter:data2\" content=\"On backorder\" \/>\n<script type=\"application\/ld+json\" class=\"yoast-schema-graph\">{\"@context\":\"https:\/\/schema.org\",\"@graph\":[{\"@type\":\"WebPage\",\"@id\":\"https:\/\/compuviper.mx\/tienda\/producto\/qnap-ts-h2490fu-7302p-128g-us-nas-all-flash-24-bahias-formato-rack-fuente-redundante-procesador-amd-epyc-7302p-16nucleos-hasta-3-3-ghz-128gb-ram-2-5gbe2-25-gbe4-usb-3-22-hotswap-sin-discosduro\/\",\"url\":\"https:\/\/compuviper.mx\/tienda\/producto\/qnap-ts-h2490fu-7302p-128g-us-nas-all-flash-24-bahias-formato-rack-fuente-redundante-procesador-amd-epyc-7302p-16nucleos-hasta-3-3-ghz-128gb-ram-2-5gbe2-25-gbe4-usb-3-22-hotswap-sin-discosduro\/\",\"name\":\"[ Qnap ] &#129351; Ts-h2490fu-7302p-128g-us Nas \/all-flash\/24 Bahias\/formato Rack\/fuente Redundante\/procesador Amd Epyc 7302p 16nucleos Hasta 3.3 Ghz\/128gb Ram\/2.5gbe(2)\/25 Gbe(4) Usb 3.2(2)\/hotswap\/sin Discosduros\",\"isPartOf\":{\"@id\":\"https:\/\/compuviper.mx\/tienda\/#website\"},\"datePublished\":\"2026-04-17T08:01:37+00:00\",\"dateModified\":\"2026-04-17T08:01:37+00:00\",\"description\":\"Compra Ts-h2490fu-7302p-128g-us Nas \/all-flash\/24 Bahias\/formato Rack\/fuente Redundante\/procesador Amd Epyc 7302p 16nucleos Hasta 3.3 Ghz\/128gb Ram\/2.5gbe(2)\/25 Gbe(4) Usb 3.2(2)\/hotswap\/sin Discosduros + Env\u00edo a domicilio + Pago seguro + Garant\u00eda\",\"breadcrumb\":{\"@id\":\"https:\/\/compuviper.mx\/tienda\/producto\/qnap-ts-h2490fu-7302p-128g-us-nas-all-flash-24-bahias-formato-rack-fuente-redundante-procesador-amd-epyc-7302p-16nucleos-hasta-3-3-ghz-128gb-ram-2-5gbe2-25-gbe4-usb-3-22-hotswap-sin-discosduro\/#breadcrumb\"},\"inLanguage\":\"es-MX\",\"potentialAction\":[{\"@type\":\"ReadAction\",\"target\":[\"https:\/\/compuviper.mx\/tienda\/producto\/qnap-ts-h2490fu-7302p-128g-us-nas-all-flash-24-bahias-formato-rack-fuente-redundante-procesador-amd-epyc-7302p-16nucleos-hasta-3-3-ghz-128gb-ram-2-5gbe2-25-gbe4-usb-3-22-hotswap-sin-discosduro\/\"]}]},{\"@type\":\"BreadcrumbList\",\"@id\":\"https:\/\/compuviper.mx\/tienda\/producto\/qnap-ts-h2490fu-7302p-128g-us-nas-all-flash-24-bahias-formato-rack-fuente-redundante-procesador-amd-epyc-7302p-16nucleos-hasta-3-3-ghz-128gb-ram-2-5gbe2-25-gbe4-usb-3-22-hotswap-sin-discosduro\/#breadcrumb\",\"itemListElement\":[{\"@type\":\"ListItem\",\"position\":1,\"name\":\"Inicio\",\"item\":\"https:\/\/compuviper.mx\/tienda\/\"},{\"@type\":\"ListItem\",\"position\":2,\"name\":\"Productos\",\"item\":\"https:\/\/compuviper.mx\/tienda\/productos\/\"},{\"@type\":\"ListItem\",\"position\":3,\"name\":\"Almacenamiento\",\"item\":\"https:\/\/compuviper.mx\/tienda\/categoria-producto\/almacenamiento\/\"},{\"@type\":\"ListItem\",\"position\":4,\"name\":\"Sistema De Almacenamiento\",\"item\":\"https:\/\/compuviper.mx\/tienda\/categoria-producto\/almacenamiento\/sistema-de-almacenamiento\/\"},{\"@type\":\"ListItem\",\"position\":5,\"name\":\"Qnap Ts-h2490fu-7302p-128g-us Nas \/all-flash\/24 Bahias\/formato Rack\/fuente Redundante\/procesador Amd Epyc 7302p 16nucleos Hasta 3.3 Ghz\/128gb Ram\/2.5gbe(2)\/25 Gbe(4) Usb 3.2(2)\/hotswap\/sin Discosduros\"}]},{\"@type\":\"WebSite\",\"@id\":\"https:\/\/compuviper.mx\/tienda\/#website\",\"url\":\"https:\/\/compuviper.mx\/tienda\/\",\"name\":\"Compuviper\",\"description\":\"Proveedor de Computadoras, Laptops, Servidores, Monitores, Puntos de Venta, Teclados,   Impresoras, T\u00f3ner, C\u00e1maras de Seguridad y m\u00e1s en tu tienda en l\u00ednea\",\"publisher\":{\"@id\":\"https:\/\/compuviper.mx\/tienda\/#organization\"},\"potentialAction\":[{\"@type\":\"SearchAction\",\"target\":{\"@type\":\"EntryPoint\",\"urlTemplate\":\"https:\/\/compuviper.mx\/tienda\/?s={search_term_string}\"},\"query-input\":\"required name=search_term_string\"}],\"inLanguage\":\"es-MX\"},{\"@type\":\"Organization\",\"@id\":\"https:\/\/compuviper.mx\/tienda\/#organization\",\"name\":\"Compuviper\",\"url\":\"https:\/\/compuviper.mx\/tienda\/\",\"logo\":{\"@type\":\"ImageObject\",\"inLanguage\":\"es-MX\",\"@id\":\"https:\/\/compuviper.mx\/tienda\/#\/schema\/logo\/image\/\",\"url\":\"https:\/\/compuviper.mx\/tienda\/wp-content\/uploads\/2021\/08\/Logo-Compuviper-10.png\",\"contentUrl\":\"https:\/\/compuviper.mx\/tienda\/wp-content\/uploads\/2021\/08\/Logo-Compuviper-10.png\",\"width\":1000,\"height\":500,\"caption\":\"Compuviper\"},\"image\":{\"@id\":\"https:\/\/compuviper.mx\/tienda\/#\/schema\/logo\/image\/\"},\"sameAs\":[\"https:\/\/www.facebook.com\/compuviper\",\"https:\/\/www.youtube.com\/channel\/UCf73dERp9Y3cfOq7q8BhLjA?view_as=subscriber\"]}]}<\/script>\n<meta property=\"product:brand\" content=\"Qnap\" \/>\n<meta property=\"product:price:amount\" content=\"290249\" \/>\n<meta property=\"product:price:currency\" content=\"MXN\" \/>\n<meta property=\"og:availability\" content=\"backorder\" \/>\n<meta property=\"product:availability\" content=\"available for order\" \/>\n<meta property=\"product:retailer_item_id\" content=\"TS-H2490FU-7302P-128G-US\" \/>\n<meta property=\"product:condition\" content=\"new\" \/>\n<!-- \/ Yoast SEO plugin. -->","yoast_head_json":{"title":"[ Qnap ] &#129351; Ts-h2490fu-7302p-128g-us Nas \/all-flash\/24 Bahias\/formato Rack\/fuente Redundante\/procesador Amd Epyc 7302p 16nucleos Hasta 3.3 Ghz\/128gb Ram\/2.5gbe(2)\/25 Gbe(4) Usb 3.2(2)\/hotswap\/sin Discosduros","description":"Compra Ts-h2490fu-7302p-128g-us Nas \/all-flash\/24 Bahias\/formato Rack\/fuente Redundante\/procesador Amd Epyc 7302p 16nucleos Hasta 3.3 Ghz\/128gb Ram\/2.5gbe(2)\/25 Gbe(4) Usb 3.2(2)\/hotswap\/sin Discosduros + Env\u00edo a domicilio + Pago seguro + Garant\u00eda","robots":{"index":"index","follow":"follow","max-snippet":"max-snippet:-1","max-image-preview":"max-image-preview:large","max-video-preview":"max-video-preview:-1"},"canonical":"https:\/\/compuviper.mx\/tienda\/producto\/qnap-ts-h2490fu-7302p-128g-us-nas-all-flash-24-bahias-formato-rack-fuente-redundante-procesador-amd-epyc-7302p-16nucleos-hasta-3-3-ghz-128gb-ram-2-5gbe2-25-gbe4-usb-3-22-hotswap-sin-discosduro\/","og_locale":"es_MX","og_type":"article","og_title":"[ Qnap ] &#129351; Ts-h2490fu-7302p-128g-us Nas \/all-flash\/24 Bahias\/formato Rack\/fuente Redundante\/procesador Amd Epyc 7302p 16nucleos Hasta 3.3 Ghz\/128gb Ram\/2.5gbe(2)\/25 Gbe(4) Usb 3.2(2)\/hotswap\/sin Discosduros","og_description":"Compra Ts-h2490fu-7302p-128g-us Nas \/all-flash\/24 Bahias\/formato Rack\/fuente Redundante\/procesador Amd Epyc 7302p 16nucleos Hasta 3.3 Ghz\/128gb Ram\/2.5gbe(2)\/25 Gbe(4) Usb 3.2(2)\/hotswap\/sin Discosduros + Env\u00edo a domicilio + Pago seguro + Garant\u00eda","og_url":"https:\/\/compuviper.mx\/tienda\/producto\/qnap-ts-h2490fu-7302p-128g-us-nas-all-flash-24-bahias-formato-rack-fuente-redundante-procesador-amd-epyc-7302p-16nucleos-hasta-3-3-ghz-128gb-ram-2-5gbe2-25-gbe4-usb-3-22-hotswap-sin-discosduro\/","og_site_name":"Compuviper","article_publisher":"https:\/\/www.facebook.com\/compuviper","og_image":[{"width":200,"height":200,"url":"https:\/\/compuviper.mx\/tienda\/wp-content\/uploads\/2023\/12\/Nas-qnap-ts-h2490fu-7302p-128g-usall-flash24-bahiasformato-rackfuente-redundanteprocesador-amd-epyc-7302p-16nucleos-hasta-3.3-ghz128gb-ram2.5gbe225-gbe4-usb-3.22hotswapsin-discosduros.jpg","type":"image\/jpeg"}],"twitter_card":"summary_large_image","twitter_misc":{"Precio":"&#36;290,249 con IVA","Availability":"On backorder"},"schema":{"@context":"https:\/\/schema.org","@graph":[{"@type":"WebPage","@id":"https:\/\/compuviper.mx\/tienda\/producto\/qnap-ts-h2490fu-7302p-128g-us-nas-all-flash-24-bahias-formato-rack-fuente-redundante-procesador-amd-epyc-7302p-16nucleos-hasta-3-3-ghz-128gb-ram-2-5gbe2-25-gbe4-usb-3-22-hotswap-sin-discosduro\/","url":"https:\/\/compuviper.mx\/tienda\/producto\/qnap-ts-h2490fu-7302p-128g-us-nas-all-flash-24-bahias-formato-rack-fuente-redundante-procesador-amd-epyc-7302p-16nucleos-hasta-3-3-ghz-128gb-ram-2-5gbe2-25-gbe4-usb-3-22-hotswap-sin-discosduro\/","name":"[ Qnap ] &#129351; Ts-h2490fu-7302p-128g-us Nas \/all-flash\/24 Bahias\/formato Rack\/fuente Redundante\/procesador Amd Epyc 7302p 16nucleos Hasta 3.3 Ghz\/128gb Ram\/2.5gbe(2)\/25 Gbe(4) Usb 3.2(2)\/hotswap\/sin Discosduros","isPartOf":{"@id":"https:\/\/compuviper.mx\/tienda\/#website"},"datePublished":"2026-04-17T08:01:37+00:00","dateModified":"2026-04-17T08:01:37+00:00","description":"Compra Ts-h2490fu-7302p-128g-us Nas \/all-flash\/24 Bahias\/formato Rack\/fuente Redundante\/procesador Amd Epyc 7302p 16nucleos Hasta 3.3 Ghz\/128gb Ram\/2.5gbe(2)\/25 Gbe(4) Usb 3.2(2)\/hotswap\/sin Discosduros + Env\u00edo a domicilio + Pago seguro + Garant\u00eda","breadcrumb":{"@id":"https:\/\/compuviper.mx\/tienda\/producto\/qnap-ts-h2490fu-7302p-128g-us-nas-all-flash-24-bahias-formato-rack-fuente-redundante-procesador-amd-epyc-7302p-16nucleos-hasta-3-3-ghz-128gb-ram-2-5gbe2-25-gbe4-usb-3-22-hotswap-sin-discosduro\/#breadcrumb"},"inLanguage":"es-MX","potentialAction":[{"@type":"ReadAction","target":["https:\/\/compuviper.mx\/tienda\/producto\/qnap-ts-h2490fu-7302p-128g-us-nas-all-flash-24-bahias-formato-rack-fuente-redundante-procesador-amd-epyc-7302p-16nucleos-hasta-3-3-ghz-128gb-ram-2-5gbe2-25-gbe4-usb-3-22-hotswap-sin-discosduro\/"]}]},{"@type":"BreadcrumbList","@id":"https:\/\/compuviper.mx\/tienda\/producto\/qnap-ts-h2490fu-7302p-128g-us-nas-all-flash-24-bahias-formato-rack-fuente-redundante-procesador-amd-epyc-7302p-16nucleos-hasta-3-3-ghz-128gb-ram-2-5gbe2-25-gbe4-usb-3-22-hotswap-sin-discosduro\/#breadcrumb","itemListElement":[{"@type":"ListItem","position":1,"name":"Inicio","item":"https:\/\/compuviper.mx\/tienda\/"},{"@type":"ListItem","position":2,"name":"Productos","item":"https:\/\/compuviper.mx\/tienda\/productos\/"},{"@type":"ListItem","position":3,"name":"Almacenamiento","item":"https:\/\/compuviper.mx\/tienda\/categoria-producto\/almacenamiento\/"},{"@type":"ListItem","position":4,"name":"Sistema De Almacenamiento","item":"https:\/\/compuviper.mx\/tienda\/categoria-producto\/almacenamiento\/sistema-de-almacenamiento\/"},{"@type":"ListItem","position":5,"name":"Qnap Ts-h2490fu-7302p-128g-us Nas \/all-flash\/24 Bahias\/formato Rack\/fuente Redundante\/procesador Amd Epyc 7302p 16nucleos Hasta 3.3 Ghz\/128gb Ram\/2.5gbe(2)\/25 Gbe(4) Usb 3.2(2)\/hotswap\/sin Discosduros"}]},{"@type":"WebSite","@id":"https:\/\/compuviper.mx\/tienda\/#website","url":"https:\/\/compuviper.mx\/tienda\/","name":"Compuviper","description":"Proveedor de Computadoras, Laptops, Servidores, Monitores, Puntos de Venta, Teclados,   Impresoras, T\u00f3ner, C\u00e1maras de Seguridad y m\u00e1s en tu tienda en l\u00ednea","publisher":{"@id":"https:\/\/compuviper.mx\/tienda\/#organization"},"potentialAction":[{"@type":"SearchAction","target":{"@type":"EntryPoint","urlTemplate":"https:\/\/compuviper.mx\/tienda\/?s={search_term_string}"},"query-input":"required name=search_term_string"}],"inLanguage":"es-MX"},{"@type":"Organization","@id":"https:\/\/compuviper.mx\/tienda\/#organization","name":"Compuviper","url":"https:\/\/compuviper.mx\/tienda\/","logo":{"@type":"ImageObject","inLanguage":"es-MX","@id":"https:\/\/compuviper.mx\/tienda\/#\/schema\/logo\/image\/","url":"https:\/\/compuviper.mx\/tienda\/wp-content\/uploads\/2021\/08\/Logo-Compuviper-10.png","contentUrl":"https:\/\/compuviper.mx\/tienda\/wp-content\/uploads\/2021\/08\/Logo-Compuviper-10.png","width":1000,"height":500,"caption":"Compuviper"},"image":{"@id":"https:\/\/compuviper.mx\/tienda\/#\/schema\/logo\/image\/"},"sameAs":["https:\/\/www.facebook.com\/compuviper","https:\/\/www.youtube.com\/channel\/UCf73dERp9Y3cfOq7q8BhLjA?view_as=subscriber"]}]},"product_brand":"Qnap","product_price_amount":"290249","product_price_currency":"MXN","og_availability":"backorder","product_availability":"available for order","product_retailer_item_id":"TS-H2490FU-7302P-128G-US","product_condition":"new"},"_links":{"self":[{"href":"https:\/\/compuviper.mx\/tienda\/wp-json\/wp\/v2\/product\/225170"}],"collection":[{"href":"https:\/\/compuviper.mx\/tienda\/wp-json\/wp\/v2\/product"}],"about":[{"href":"https:\/\/compuviper.mx\/tienda\/wp-json\/wp\/v2\/types\/product"}],"replies":[{"embeddable":true,"href":"https:\/\/compuviper.mx\/tienda\/wp-json\/wp\/v2\/comments?post=225170"}],"wp:featuredmedia":[{"embeddable":true,"href":"https:\/\/compuviper.mx\/tienda\/wp-json\/wp\/v2\/media\/225171"}],"wp:attachment":[{"href":"https:\/\/compuviper.mx\/tienda\/wp-json\/wp\/v2\/media?parent=225170"}],"wp:term":[{"taxonomy":"product_cat","embeddable":true,"href":"https:\/\/compuviper.mx\/tienda\/wp-json\/wp\/v2\/product_cat?post=225170"},{"taxonomy":"product_tag","embeddable":true,"href":"https:\/\/compuviper.mx\/tienda\/wp-json\/wp\/v2\/product_tag?post=225170"}],"curies":[{"name":"wp","href":"https:\/\/api.w.org\/{rel}","templated":true}]}}