{"id":225154,"date":"2026-04-16T01:55:28","date_gmt":"2026-04-16T07:55:28","guid":{"rendered":"https:\/\/compuviper.mx\/tienda\/producto\/hewlett-packard-enterprise-r0q80b-unidad-de-almacenamiento-san-hpe-msa-2062-16gb-fc-sff-storage\/"},"modified":"2026-04-16T01:55:28","modified_gmt":"2026-04-16T07:55:28","slug":"hewlett-packard-enterprise-r0q80b-unidad-de-almacenamiento-san-hpe-msa-2062-16gb-fc-sff-storage","status":"publish","type":"product","link":"https:\/\/compuviper.mx\/tienda\/producto\/hewlett-packard-enterprise-r0q80b-unidad-de-almacenamiento-san-hpe-msa-2062-16gb-fc-sff-storage\/","title":{"rendered":"Hewlett Packard Enterprise R0q80b Unidad De Almacenamiento San Hpe Msa 2062 16gb Fc Sff Storage"},"content":{"rendered":"<table class=\"descripcion\">\n<tr>\n<td>Almacenamiento hpe msa 2062 16 gb fc sff<\/td>\n<\/tr>\n<\/table>\n","protected":false},"excerpt":{"rendered":"<p>\u00bfbuscas un almacenamiento flash realmente sencillo y asequible? el almacenamiento hpe msa 2062 es un sistema preparado para flash dise\u00f1ado para brindar aceleraci\u00f3n de las aplicaciones asequible en implementaciones de oficinas peque\u00f1as y remotas. No dejes que el bajo coste te enga\u00f1e. Hpe msa 2062 proporciona una combinaci\u00f3n de simplicidad, flexibilidad y caracter\u00edsticas avanzadas que no esperar\u00edas en una cabina de precio econ\u00f3mico. Con una capacidad flash integrada inicial de 3,84 tb, puedes escalar el sistema desde ese punto con cualquier combinaci\u00f3n de discos de estado s\u00f3lido (sdd), hdd enterprise sas de alto rendimiento o hdd midline sas de menor coste. Capaz de proporcionar hasta 395 000 e\/s por segundo, el hpe msa 2062 puede ahorrarte hasta un 25 % con un paquete de software completo y una capacidad flash incluida de 3,84 tb. Se trata de un almacenamiento flash realmente sencillo y asequible que te ayuda a conseguir un alto rendimiento al tiempo que se ci\u00f1e a los presupuestos m\u00e1s exigentes. Novedades. \u0095 modelos actualizados de cabina de almacenamiento hpe msa gen6 2062 y opciones de gabinete de unidades de hpe msa 2060 con fuentes de alimentaci\u00f3n que presentan una eficiencia del 94 % en cumplimiento de los requisitos de eficiencia energ\u00e9tica de la normativa ue lot9 2023. \u0095 incremento de hasta el 34 % en el rendimiento (iops) con la \u00faltima versi\u00f3n de in110 firmware para los modelos de cabina hpe msa gen6 2060 y 2062. \u0095 disco duro sas 7 200 rpm lff de 18 tb de capacidad, opciones de unidad \u00fanica y paquete de seis, disponible para los modelos de cabina hpe msa 2062 lff y las carcasas de unidad de expansi\u00f3n hpe msa 2060 lff. \u0095 nuevo tipo de disco de grupo (msa dp+) que incrementa la disponibilidad, reduce dr\u00e1sticamente los tiempos de recuperaci\u00f3n raid, mejora el rendimiento, simplifica la configuraci\u00f3n y proporciona una mayor expansi\u00f3n granular de los pool de discos. \u0095 nuevo disco duro sas 7200 rpm lff de 18 tb de capacidad, opciones de unidad \u00fanica y paquete de seis, disponible para modelos de cabina 2062 lff y carcasas de unidad de expansi\u00f3n 2060 lff. Solo ventajas. Aceleraci\u00f3n asequible de las aplicaciones. \u0095 el almacenamiento hpe msa 2062 es capaz de proporcionar hasta 395 000 e\/s por segundo, lo que permite a las pymes acelerar sus aplicaciones de forma asequible. \u0095 ahorra un 25 % en el hpe msa 2062 con el software completo y una capacidad incluida del ssd (unidad de estado s\u00f3lido) de 3,84 tb. Los servicios de datos \u00abset and forget\u00bb de hpe msa no requieren un administrador de almacenamiento dedicado. \u0095 el almacenamiento hpe msa 2062 es f\u00e1cil de instalar, usar y mantener, incluso para un generalista de ti. Los administradores encontrar\u00e1n la nueva utilidad de gesti\u00f3n del almacenamiento de hpe msa 2062 intuitiva y f\u00e1cil de navegar. \u0095 el motor autom\u00e1tico de clasificaci\u00f3n por niveles de hpe msa responde de forma din\u00e1mica a los cambios en las cargas de trabajo para que no tengas que ocuparte de ello, y garantiza de este modo que los datos m\u00e1s recientes sean trasladados a los medios m\u00e1s r\u00e1pidos autom\u00e1ticamente y en tiempo real. Aprovecha las funciones de protecci\u00f3n de datos para mantener a tu empresa funcionando en caso de desastre. \u0095 el almacenamiento hpe msa 2062 proporciona tecnolog\u00eda de snapshot virtualizada, lo que simplifica la protecci\u00f3n de datos y la recuperaci\u00f3n instant\u00e1nea. \u0095 la replicaci\u00f3n remota a trav\u00e9s de canal de fibra (fc) o iscsi facilita una soluci\u00f3n de recuperaci\u00f3n ante desastres asequible. \u0095 los ssd y hdd cifrados con gesti\u00f3n de claves local pueden implementarse para ofrecer una cabina flash h\u00edbrida cifrada y segura. Arquitectura modular y flexible que facilita el crecimiento futuro. \u0095 la soluci\u00f3n de almacenamiento hpe msa 2062 admite una combinaci\u00f3n de carcasas de disco de expansi\u00f3n 2060 lff (3,5 pulg.) y sff (2,5 pulg.) para ofrecer un m\u00e1ximo de 9 carcasas (10 si se incluye la cabina). \u0095 empieza poco a poco y escala seg\u00fan tus necesidades con cualquier combinaci\u00f3n de ssd o hdd enterprise sas o midline sas.<\/p>\n","protected":false},"featured_media":225155,"comment_status":"open","ping_status":"open","template":"","meta":[],"product_cat":[1803,1804],"product_tag":[1568],"acf":[],"yoast_head":"<!-- This site is optimized with the Yoast SEO plugin v21.7 - https:\/\/yoast.com\/wordpress\/plugins\/seo\/ -->\n<title>[ Hewlett Packard Enterprise ] &#129351; R0q80b Unidad De Almacenamiento San Hpe Msa 2062 16gb Fc Sff Storage<\/title>\n<meta name=\"description\" content=\"Compra R0q80b Unidad De Almacenamiento San Hpe Msa 2062 16gb Fc Sff Storage + Env\u00edo a domicilio + Pago seguro + Garant\u00eda\" \/>\n<meta name=\"robots\" content=\"index, follow, max-snippet:-1, max-image-preview:large, max-video-preview:-1\" \/>\n<link rel=\"canonical\" href=\"https:\/\/compuviper.mx\/tienda\/producto\/hewlett-packard-enterprise-r0q80b-unidad-de-almacenamiento-san-hpe-msa-2062-16gb-fc-sff-storage\/\" \/>\n<meta property=\"og:locale\" content=\"es_MX\" \/>\n<meta property=\"og:type\" content=\"article\" \/>\n<meta property=\"og:title\" content=\"[ Hewlett Packard Enterprise ] &#129351; R0q80b Unidad De Almacenamiento San Hpe Msa 2062 16gb Fc Sff Storage\" \/>\n<meta property=\"og:description\" content=\"Compra R0q80b Unidad De Almacenamiento San Hpe Msa 2062 16gb Fc Sff Storage + Env\u00edo a domicilio + Pago seguro + Garant\u00eda\" \/>\n<meta property=\"og:url\" content=\"https:\/\/compuviper.mx\/tienda\/producto\/hewlett-packard-enterprise-r0q80b-unidad-de-almacenamiento-san-hpe-msa-2062-16gb-fc-sff-storage\/\" \/>\n<meta property=\"og:site_name\" content=\"Compuviper\" \/>\n<meta property=\"article:publisher\" content=\"https:\/\/www.facebook.com\/compuviper\" \/>\n<meta property=\"og:image\" content=\"https:\/\/compuviper.mx\/tienda\/wp-content\/uploads\/2023\/12\/Unidad-de-almacenamiento-san-hpe-msa-2062-16gb-fc-sff-storage.jpg\" \/>\n\t<meta property=\"og:image:width\" content=\"200\" \/>\n\t<meta property=\"og:image:height\" content=\"200\" \/>\n\t<meta property=\"og:image:type\" content=\"image\/jpeg\" \/>\n<meta name=\"twitter:card\" content=\"summary_large_image\" \/>\n<meta name=\"twitter:label1\" content=\"Precio\" \/>\n\t<meta name=\"twitter:data1\" content=\"&#36;215,169 con IVA\" \/>\n\t<meta name=\"twitter:label2\" content=\"Availability\" \/>\n\t<meta name=\"twitter:data2\" content=\"On backorder\" \/>\n<script type=\"application\/ld+json\" class=\"yoast-schema-graph\">{\"@context\":\"https:\/\/schema.org\",\"@graph\":[{\"@type\":\"WebPage\",\"@id\":\"https:\/\/compuviper.mx\/tienda\/producto\/hewlett-packard-enterprise-r0q80b-unidad-de-almacenamiento-san-hpe-msa-2062-16gb-fc-sff-storage\/\",\"url\":\"https:\/\/compuviper.mx\/tienda\/producto\/hewlett-packard-enterprise-r0q80b-unidad-de-almacenamiento-san-hpe-msa-2062-16gb-fc-sff-storage\/\",\"name\":\"[ Hewlett Packard Enterprise ] &#129351; R0q80b Unidad De Almacenamiento San Hpe Msa 2062 16gb Fc Sff Storage\",\"isPartOf\":{\"@id\":\"https:\/\/compuviper.mx\/tienda\/#website\"},\"datePublished\":\"2026-04-16T07:55:28+00:00\",\"dateModified\":\"2026-04-16T07:55:28+00:00\",\"description\":\"Compra R0q80b Unidad De Almacenamiento San Hpe Msa 2062 16gb Fc Sff Storage + Env\u00edo a domicilio + Pago seguro + Garant\u00eda\",\"breadcrumb\":{\"@id\":\"https:\/\/compuviper.mx\/tienda\/producto\/hewlett-packard-enterprise-r0q80b-unidad-de-almacenamiento-san-hpe-msa-2062-16gb-fc-sff-storage\/#breadcrumb\"},\"inLanguage\":\"es-MX\",\"potentialAction\":[{\"@type\":\"ReadAction\",\"target\":[\"https:\/\/compuviper.mx\/tienda\/producto\/hewlett-packard-enterprise-r0q80b-unidad-de-almacenamiento-san-hpe-msa-2062-16gb-fc-sff-storage\/\"]}]},{\"@type\":\"BreadcrumbList\",\"@id\":\"https:\/\/compuviper.mx\/tienda\/producto\/hewlett-packard-enterprise-r0q80b-unidad-de-almacenamiento-san-hpe-msa-2062-16gb-fc-sff-storage\/#breadcrumb\",\"itemListElement\":[{\"@type\":\"ListItem\",\"position\":1,\"name\":\"Inicio\",\"item\":\"https:\/\/compuviper.mx\/tienda\/\"},{\"@type\":\"ListItem\",\"position\":2,\"name\":\"Productos\",\"item\":\"https:\/\/compuviper.mx\/tienda\/productos\/\"},{\"@type\":\"ListItem\",\"position\":3,\"name\":\"Almacenamiento\",\"item\":\"https:\/\/compuviper.mx\/tienda\/categoria-producto\/almacenamiento\/\"},{\"@type\":\"ListItem\",\"position\":4,\"name\":\"Sistema De Almacenamiento\",\"item\":\"https:\/\/compuviper.mx\/tienda\/categoria-producto\/almacenamiento\/sistema-de-almacenamiento\/\"},{\"@type\":\"ListItem\",\"position\":5,\"name\":\"Hewlett Packard Enterprise R0q80b Unidad De Almacenamiento San Hpe Msa 2062 16gb Fc Sff Storage\"}]},{\"@type\":\"WebSite\",\"@id\":\"https:\/\/compuviper.mx\/tienda\/#website\",\"url\":\"https:\/\/compuviper.mx\/tienda\/\",\"name\":\"Compuviper\",\"description\":\"Proveedor de Computadoras, Laptops, Servidores, Monitores, Puntos de Venta, Teclados,   Impresoras, T\u00f3ner, C\u00e1maras de Seguridad y m\u00e1s en tu tienda en l\u00ednea\",\"publisher\":{\"@id\":\"https:\/\/compuviper.mx\/tienda\/#organization\"},\"potentialAction\":[{\"@type\":\"SearchAction\",\"target\":{\"@type\":\"EntryPoint\",\"urlTemplate\":\"https:\/\/compuviper.mx\/tienda\/?s={search_term_string}\"},\"query-input\":\"required name=search_term_string\"}],\"inLanguage\":\"es-MX\"},{\"@type\":\"Organization\",\"@id\":\"https:\/\/compuviper.mx\/tienda\/#organization\",\"name\":\"Compuviper\",\"url\":\"https:\/\/compuviper.mx\/tienda\/\",\"logo\":{\"@type\":\"ImageObject\",\"inLanguage\":\"es-MX\",\"@id\":\"https:\/\/compuviper.mx\/tienda\/#\/schema\/logo\/image\/\",\"url\":\"https:\/\/compuviper.mx\/tienda\/wp-content\/uploads\/2021\/08\/Logo-Compuviper-10.png\",\"contentUrl\":\"https:\/\/compuviper.mx\/tienda\/wp-content\/uploads\/2021\/08\/Logo-Compuviper-10.png\",\"width\":1000,\"height\":500,\"caption\":\"Compuviper\"},\"image\":{\"@id\":\"https:\/\/compuviper.mx\/tienda\/#\/schema\/logo\/image\/\"},\"sameAs\":[\"https:\/\/www.facebook.com\/compuviper\",\"https:\/\/www.youtube.com\/channel\/UCf73dERp9Y3cfOq7q8BhLjA?view_as=subscriber\"]}]}<\/script>\n<meta property=\"product:brand\" content=\"HEWLETT PACKARD ENTERPRISE\" \/>\n<meta property=\"product:price:amount\" content=\"215169\" \/>\n<meta property=\"product:price:currency\" content=\"MXN\" \/>\n<meta property=\"og:availability\" content=\"backorder\" \/>\n<meta property=\"product:availability\" content=\"available for order\" \/>\n<meta property=\"product:retailer_item_id\" content=\"R0Q80B\" \/>\n<meta property=\"product:condition\" content=\"new\" \/>\n<!-- \/ Yoast SEO plugin. -->","yoast_head_json":{"title":"[ Hewlett Packard Enterprise ] &#129351; R0q80b Unidad De Almacenamiento San Hpe Msa 2062 16gb Fc Sff Storage","description":"Compra R0q80b Unidad De Almacenamiento San Hpe Msa 2062 16gb Fc Sff Storage + Env\u00edo a domicilio + Pago seguro + Garant\u00eda","robots":{"index":"index","follow":"follow","max-snippet":"max-snippet:-1","max-image-preview":"max-image-preview:large","max-video-preview":"max-video-preview:-1"},"canonical":"https:\/\/compuviper.mx\/tienda\/producto\/hewlett-packard-enterprise-r0q80b-unidad-de-almacenamiento-san-hpe-msa-2062-16gb-fc-sff-storage\/","og_locale":"es_MX","og_type":"article","og_title":"[ Hewlett Packard Enterprise ] &#129351; R0q80b Unidad De Almacenamiento San Hpe Msa 2062 16gb Fc Sff Storage","og_description":"Compra R0q80b Unidad De Almacenamiento San Hpe Msa 2062 16gb Fc Sff Storage + Env\u00edo a domicilio + Pago seguro + Garant\u00eda","og_url":"https:\/\/compuviper.mx\/tienda\/producto\/hewlett-packard-enterprise-r0q80b-unidad-de-almacenamiento-san-hpe-msa-2062-16gb-fc-sff-storage\/","og_site_name":"Compuviper","article_publisher":"https:\/\/www.facebook.com\/compuviper","og_image":[{"width":200,"height":200,"url":"https:\/\/compuviper.mx\/tienda\/wp-content\/uploads\/2023\/12\/Unidad-de-almacenamiento-san-hpe-msa-2062-16gb-fc-sff-storage.jpg","type":"image\/jpeg"}],"twitter_card":"summary_large_image","twitter_misc":{"Precio":"&#36;215,169 con IVA","Availability":"On backorder"},"schema":{"@context":"https:\/\/schema.org","@graph":[{"@type":"WebPage","@id":"https:\/\/compuviper.mx\/tienda\/producto\/hewlett-packard-enterprise-r0q80b-unidad-de-almacenamiento-san-hpe-msa-2062-16gb-fc-sff-storage\/","url":"https:\/\/compuviper.mx\/tienda\/producto\/hewlett-packard-enterprise-r0q80b-unidad-de-almacenamiento-san-hpe-msa-2062-16gb-fc-sff-storage\/","name":"[ Hewlett Packard Enterprise ] &#129351; R0q80b Unidad De Almacenamiento San Hpe Msa 2062 16gb Fc Sff Storage","isPartOf":{"@id":"https:\/\/compuviper.mx\/tienda\/#website"},"datePublished":"2026-04-16T07:55:28+00:00","dateModified":"2026-04-16T07:55:28+00:00","description":"Compra R0q80b Unidad De Almacenamiento San Hpe Msa 2062 16gb Fc Sff Storage + Env\u00edo a domicilio + Pago seguro + Garant\u00eda","breadcrumb":{"@id":"https:\/\/compuviper.mx\/tienda\/producto\/hewlett-packard-enterprise-r0q80b-unidad-de-almacenamiento-san-hpe-msa-2062-16gb-fc-sff-storage\/#breadcrumb"},"inLanguage":"es-MX","potentialAction":[{"@type":"ReadAction","target":["https:\/\/compuviper.mx\/tienda\/producto\/hewlett-packard-enterprise-r0q80b-unidad-de-almacenamiento-san-hpe-msa-2062-16gb-fc-sff-storage\/"]}]},{"@type":"BreadcrumbList","@id":"https:\/\/compuviper.mx\/tienda\/producto\/hewlett-packard-enterprise-r0q80b-unidad-de-almacenamiento-san-hpe-msa-2062-16gb-fc-sff-storage\/#breadcrumb","itemListElement":[{"@type":"ListItem","position":1,"name":"Inicio","item":"https:\/\/compuviper.mx\/tienda\/"},{"@type":"ListItem","position":2,"name":"Productos","item":"https:\/\/compuviper.mx\/tienda\/productos\/"},{"@type":"ListItem","position":3,"name":"Almacenamiento","item":"https:\/\/compuviper.mx\/tienda\/categoria-producto\/almacenamiento\/"},{"@type":"ListItem","position":4,"name":"Sistema De Almacenamiento","item":"https:\/\/compuviper.mx\/tienda\/categoria-producto\/almacenamiento\/sistema-de-almacenamiento\/"},{"@type":"ListItem","position":5,"name":"Hewlett Packard Enterprise R0q80b Unidad De Almacenamiento San Hpe Msa 2062 16gb Fc Sff Storage"}]},{"@type":"WebSite","@id":"https:\/\/compuviper.mx\/tienda\/#website","url":"https:\/\/compuviper.mx\/tienda\/","name":"Compuviper","description":"Proveedor de Computadoras, Laptops, Servidores, Monitores, Puntos de Venta, Teclados,   Impresoras, T\u00f3ner, C\u00e1maras de Seguridad y m\u00e1s en tu tienda en l\u00ednea","publisher":{"@id":"https:\/\/compuviper.mx\/tienda\/#organization"},"potentialAction":[{"@type":"SearchAction","target":{"@type":"EntryPoint","urlTemplate":"https:\/\/compuviper.mx\/tienda\/?s={search_term_string}"},"query-input":"required name=search_term_string"}],"inLanguage":"es-MX"},{"@type":"Organization","@id":"https:\/\/compuviper.mx\/tienda\/#organization","name":"Compuviper","url":"https:\/\/compuviper.mx\/tienda\/","logo":{"@type":"ImageObject","inLanguage":"es-MX","@id":"https:\/\/compuviper.mx\/tienda\/#\/schema\/logo\/image\/","url":"https:\/\/compuviper.mx\/tienda\/wp-content\/uploads\/2021\/08\/Logo-Compuviper-10.png","contentUrl":"https:\/\/compuviper.mx\/tienda\/wp-content\/uploads\/2021\/08\/Logo-Compuviper-10.png","width":1000,"height":500,"caption":"Compuviper"},"image":{"@id":"https:\/\/compuviper.mx\/tienda\/#\/schema\/logo\/image\/"},"sameAs":["https:\/\/www.facebook.com\/compuviper","https:\/\/www.youtube.com\/channel\/UCf73dERp9Y3cfOq7q8BhLjA?view_as=subscriber"]}]},"product_brand":"HEWLETT PACKARD ENTERPRISE","product_price_amount":"215169","product_price_currency":"MXN","og_availability":"backorder","product_availability":"available for order","product_retailer_item_id":"R0Q80B","product_condition":"new"},"_links":{"self":[{"href":"https:\/\/compuviper.mx\/tienda\/wp-json\/wp\/v2\/product\/225154"}],"collection":[{"href":"https:\/\/compuviper.mx\/tienda\/wp-json\/wp\/v2\/product"}],"about":[{"href":"https:\/\/compuviper.mx\/tienda\/wp-json\/wp\/v2\/types\/product"}],"replies":[{"embeddable":true,"href":"https:\/\/compuviper.mx\/tienda\/wp-json\/wp\/v2\/comments?post=225154"}],"wp:featuredmedia":[{"embeddable":true,"href":"https:\/\/compuviper.mx\/tienda\/wp-json\/wp\/v2\/media\/225155"}],"wp:attachment":[{"href":"https:\/\/compuviper.mx\/tienda\/wp-json\/wp\/v2\/media?parent=225154"}],"wp:term":[{"taxonomy":"product_cat","embeddable":true,"href":"https:\/\/compuviper.mx\/tienda\/wp-json\/wp\/v2\/product_cat?post=225154"},{"taxonomy":"product_tag","embeddable":true,"href":"https:\/\/compuviper.mx\/tienda\/wp-json\/wp\/v2\/product_tag?post=225154"}],"curies":[{"name":"wp","href":"https:\/\/api.w.org\/{rel}","templated":true}]}}