{"id":225144,"date":"2026-04-17T02:01:31","date_gmt":"2026-04-17T08:01:31","guid":{"rendered":"https:\/\/compuviper.mx\/tienda\/producto\/hewlett-packard-enterprise-r0q76b-unidad-de-almacenamiento-san-hpe-msa-2060-10gbe-iscsi-sff-storage\/"},"modified":"2026-04-17T02:01:32","modified_gmt":"2026-04-17T08:01:32","slug":"hewlett-packard-enterprise-r0q76b-unidad-de-almacenamiento-san-hpe-msa-2060-10gbe-iscsi-sff-storage","status":"publish","type":"product","link":"https:\/\/compuviper.mx\/tienda\/producto\/hewlett-packard-enterprise-r0q76b-unidad-de-almacenamiento-san-hpe-msa-2060-10gbe-iscsi-sff-storage\/","title":{"rendered":"Hewlett Packard Enterprise R0q76b Unidad De Almacenamiento San Hpe Msa 2060 10gbe Iscsi Sff Storage"},"content":{"rendered":"<table class=\"descripcion\">\n<tr>\n<td>Almacenamiento hpe msa 2060 10gbe iscsi sff<\/td>\n<\/tr>\n<\/table>\n","protected":false},"excerpt":{"rendered":"<p>\u00bftu empresa busca un almacenamiento compartido de alto rendimiento, asequible y f\u00e1cil de usar? el almacenamiento hpe msa 2060 constituye un sistema de almacenamiento h\u00edbrido preparado para flash y dise\u00f1ado para brindar aceleraci\u00f3n de aplicaciones asequible sin intervenci\u00f3n manual en implementaciones de oficinas peque\u00f1as y remotas. No dejes que el bajo coste te enga\u00f1e. Te proporciona una combinaci\u00f3n de simplicidad, flexibilidad y caracter\u00edsticas avanzadas que no esperar\u00edas en una cabina de precio econ\u00f3mico. Empieza poco a poco y escala seg\u00fan lo necesites con cualquier combinaci\u00f3n de unidades de estado s\u00f3lido (ssd), hdd enterprise sas de alto rendimiento o hdd midline sas de menor coste. Gracias a su capacidad para proporcionar hasta 395 000 e\/s por segundo, el nuevo almacenamiento hpe msa 2060 resulta un 80 % m\u00e1s r\u00e1pido que la generaci\u00f3n anterior y cuenta con mayor potencia para las cargas de trabajo m\u00e1s exigentes. Novedades. \u0095 modelos actualizados de cabina de almacenamiento hpe msa gen6 2060 y opciones de gabinete de unidades de hpe msa 2060 con fuentes de alimentaci\u00f3n que presentan una eficiencia del 94 % en cumplimiento de los requisitos de eficiencia energ\u00e9tica de la normativa ue lot9 2023. \u0095 los modelos de cabina de almacenamiento hpe msa 2060 conformes a taa brindan compatibilidad con conectividad host de 16 gb fc lff y sff, 10gbe iscsi sff y 12 gb sas sff. \u0095 opciones de carcasas de disco hpe msa 2060 conforme a taa tanto para modelos lff como sff. \u0095 nuevo tipo de disco de grupo (msa dp+) que incrementa la disponibilidad, reduce dr\u00e1sticamente los tiempos de recuperaci\u00f3n raid, mejora el rendimiento, simplifica la configuraci\u00f3n y proporciona una mayor expansi\u00f3n granular de los pool de discos. \u0095 nuevo disco duro sas 7200 rpm lff de 18 tb de capacidad, opciones de unidad \u00fanica y paquete de seis, disponible para la cabina msa 2060 lff y la carcasa de unidad de expansi\u00f3n msa 2060 lff. Solo ventajas. Acelera las aplicaciones de forma asequible. \u0095 hpe msa 2060 es capaz de proporcionar hasta 395 000 e\/s por segundo, lo que permite a las pymes acelerar sus aplicaciones de forma asequible. \u0095 hpe msa 2060 permite a los usuarios definir e implementar configuraciones de almacenamiento flash o h\u00edbrido desde el primer momento y crecer seg\u00fan sea necesario. Los servicios de datos \u00abset and forget\u00bb de hpe msa no requieren un administrador de almacenamiento dedicado. \u0095 el almacenamiento hpe msa 2060 resulta f\u00e1cil de instalar, usar y mantener, incluso para un generalista de ti. Los administradores encontrar\u00e1n la nueva utilidad de gesti\u00f3n del almacenamiento de hpe msa 2060 intuitiva y f\u00e1cil de navegar. \u0095 el motor autom\u00e1tico de clasificaci\u00f3n por niveles de hpe msa responde de forma din\u00e1mica a los cambios en las cargas de trabajo para que no tengas que ocuparte de ello, y garantiza de este modo que los datos m\u00e1s recientes sean trasladados a los medios m\u00e1s r\u00e1pidos autom\u00e1ticamente y en tiempo real. Aprovecha las caracter\u00edsticas de protecci\u00f3n de datos para mantener a tu empresa funcionando en caso de desastre. \u0095 el almacenamiento hpe msa 2060 proporciona tecnolog\u00eda de snapshot virtualizada haciendo que la protecci\u00f3n de datos y la recuperaci\u00f3n instant\u00e1nea sean muy sencillas. \u0095 la replicaci\u00f3n remota a trav\u00e9s de canal de fibra (fc) o iscsi facilita una soluci\u00f3n de recuperaci\u00f3n ante desastres asequible. \u0095 los ssd y hdd cifrados con gesti\u00f3n de claves local pueden implementarse para ofrecer una cabina flash h\u00edbrida cifrada y segura. Arquitectura modular y flexible que facilita el crecimiento hacia el futuro. \u0095 la soluci\u00f3n de almacenamiento hpe msa 2060 admite una combinaci\u00f3n de carcasas de expansi\u00f3n lff (3,5 pulg.) y sff (2,5 pulg.) para ofrecer un m\u00e1ximo de 9 carcasas (10 si se incluye la cabina). \u0095 empieza poco a poco y escala seg\u00fan tus necesidades con cualquier combinaci\u00f3n de ssd o hdd enterprise sas o midline sas.<\/p>\n","protected":false},"featured_media":225145,"comment_status":"open","ping_status":"open","template":"","meta":[],"product_cat":[1803,1804],"product_tag":[1568],"acf":[],"yoast_head":"<!-- This site is optimized with the Yoast SEO plugin v21.7 - https:\/\/yoast.com\/wordpress\/plugins\/seo\/ -->\n<title>[ Hewlett Packard Enterprise ] &#129351; R0q76b Unidad De Almacenamiento San Hpe Msa 2060 10gbe Iscsi Sff Storage<\/title>\n<meta name=\"description\" content=\"Compra R0q76b Unidad De Almacenamiento San Hpe Msa 2060 10gbe Iscsi Sff Storage + Env\u00edo a domicilio + Pago seguro + Garant\u00eda\" \/>\n<meta name=\"robots\" content=\"index, follow, max-snippet:-1, max-image-preview:large, max-video-preview:-1\" \/>\n<link rel=\"canonical\" href=\"https:\/\/compuviper.mx\/tienda\/producto\/hewlett-packard-enterprise-r0q76b-unidad-de-almacenamiento-san-hpe-msa-2060-10gbe-iscsi-sff-storage\/\" \/>\n<meta property=\"og:locale\" content=\"es_MX\" \/>\n<meta property=\"og:type\" content=\"article\" \/>\n<meta property=\"og:title\" content=\"[ Hewlett Packard Enterprise ] &#129351; R0q76b Unidad De Almacenamiento San Hpe Msa 2060 10gbe Iscsi Sff Storage\" \/>\n<meta property=\"og:description\" content=\"Compra R0q76b Unidad De Almacenamiento San Hpe Msa 2060 10gbe Iscsi Sff Storage + Env\u00edo a domicilio + Pago seguro + Garant\u00eda\" \/>\n<meta property=\"og:url\" content=\"https:\/\/compuviper.mx\/tienda\/producto\/hewlett-packard-enterprise-r0q76b-unidad-de-almacenamiento-san-hpe-msa-2060-10gbe-iscsi-sff-storage\/\" \/>\n<meta property=\"og:site_name\" content=\"Compuviper\" \/>\n<meta property=\"article:publisher\" content=\"https:\/\/www.facebook.com\/compuviper\" \/>\n<meta property=\"article:modified_time\" content=\"2026-04-17T08:01:32+00:00\" \/>\n<meta property=\"og:image\" content=\"https:\/\/compuviper.mx\/tienda\/wp-content\/uploads\/2023\/12\/Unidad-de-almacenamiento-san-hpe-msa-2060-10gbe-iscsi-sff-storage.jpg\" \/>\n\t<meta property=\"og:image:width\" content=\"200\" \/>\n\t<meta property=\"og:image:height\" content=\"200\" \/>\n\t<meta property=\"og:image:type\" content=\"image\/jpeg\" \/>\n<meta name=\"twitter:card\" content=\"summary_large_image\" \/>\n<meta name=\"twitter:label1\" content=\"Precio\" \/>\n\t<meta name=\"twitter:data1\" content=\"&#36;140,815 con IVA\" \/>\n\t<meta name=\"twitter:label2\" content=\"Availability\" \/>\n\t<meta name=\"twitter:data2\" content=\"On backorder\" \/>\n<script type=\"application\/ld+json\" class=\"yoast-schema-graph\">{\"@context\":\"https:\/\/schema.org\",\"@graph\":[{\"@type\":\"WebPage\",\"@id\":\"https:\/\/compuviper.mx\/tienda\/producto\/hewlett-packard-enterprise-r0q76b-unidad-de-almacenamiento-san-hpe-msa-2060-10gbe-iscsi-sff-storage\/\",\"url\":\"https:\/\/compuviper.mx\/tienda\/producto\/hewlett-packard-enterprise-r0q76b-unidad-de-almacenamiento-san-hpe-msa-2060-10gbe-iscsi-sff-storage\/\",\"name\":\"[ Hewlett Packard Enterprise ] &#129351; R0q76b Unidad De Almacenamiento San Hpe Msa 2060 10gbe Iscsi Sff Storage\",\"isPartOf\":{\"@id\":\"https:\/\/compuviper.mx\/tienda\/#website\"},\"datePublished\":\"2026-04-17T08:01:31+00:00\",\"dateModified\":\"2026-04-17T08:01:32+00:00\",\"description\":\"Compra R0q76b Unidad De Almacenamiento San Hpe Msa 2060 10gbe Iscsi Sff Storage + Env\u00edo a domicilio + Pago seguro + Garant\u00eda\",\"breadcrumb\":{\"@id\":\"https:\/\/compuviper.mx\/tienda\/producto\/hewlett-packard-enterprise-r0q76b-unidad-de-almacenamiento-san-hpe-msa-2060-10gbe-iscsi-sff-storage\/#breadcrumb\"},\"inLanguage\":\"es-MX\",\"potentialAction\":[{\"@type\":\"ReadAction\",\"target\":[\"https:\/\/compuviper.mx\/tienda\/producto\/hewlett-packard-enterprise-r0q76b-unidad-de-almacenamiento-san-hpe-msa-2060-10gbe-iscsi-sff-storage\/\"]}]},{\"@type\":\"BreadcrumbList\",\"@id\":\"https:\/\/compuviper.mx\/tienda\/producto\/hewlett-packard-enterprise-r0q76b-unidad-de-almacenamiento-san-hpe-msa-2060-10gbe-iscsi-sff-storage\/#breadcrumb\",\"itemListElement\":[{\"@type\":\"ListItem\",\"position\":1,\"name\":\"Inicio\",\"item\":\"https:\/\/compuviper.mx\/tienda\/\"},{\"@type\":\"ListItem\",\"position\":2,\"name\":\"Productos\",\"item\":\"https:\/\/compuviper.mx\/tienda\/productos\/\"},{\"@type\":\"ListItem\",\"position\":3,\"name\":\"Almacenamiento\",\"item\":\"https:\/\/compuviper.mx\/tienda\/categoria-producto\/almacenamiento\/\"},{\"@type\":\"ListItem\",\"position\":4,\"name\":\"Sistema De Almacenamiento\",\"item\":\"https:\/\/compuviper.mx\/tienda\/categoria-producto\/almacenamiento\/sistema-de-almacenamiento\/\"},{\"@type\":\"ListItem\",\"position\":5,\"name\":\"Hewlett Packard Enterprise R0q76b Unidad De Almacenamiento San Hpe Msa 2060 10gbe Iscsi Sff Storage\"}]},{\"@type\":\"WebSite\",\"@id\":\"https:\/\/compuviper.mx\/tienda\/#website\",\"url\":\"https:\/\/compuviper.mx\/tienda\/\",\"name\":\"Compuviper\",\"description\":\"Proveedor de Computadoras, Laptops, Servidores, Monitores, Puntos de Venta, Teclados,   Impresoras, T\u00f3ner, C\u00e1maras de Seguridad y m\u00e1s en tu tienda en l\u00ednea\",\"publisher\":{\"@id\":\"https:\/\/compuviper.mx\/tienda\/#organization\"},\"potentialAction\":[{\"@type\":\"SearchAction\",\"target\":{\"@type\":\"EntryPoint\",\"urlTemplate\":\"https:\/\/compuviper.mx\/tienda\/?s={search_term_string}\"},\"query-input\":\"required name=search_term_string\"}],\"inLanguage\":\"es-MX\"},{\"@type\":\"Organization\",\"@id\":\"https:\/\/compuviper.mx\/tienda\/#organization\",\"name\":\"Compuviper\",\"url\":\"https:\/\/compuviper.mx\/tienda\/\",\"logo\":{\"@type\":\"ImageObject\",\"inLanguage\":\"es-MX\",\"@id\":\"https:\/\/compuviper.mx\/tienda\/#\/schema\/logo\/image\/\",\"url\":\"https:\/\/compuviper.mx\/tienda\/wp-content\/uploads\/2021\/08\/Logo-Compuviper-10.png\",\"contentUrl\":\"https:\/\/compuviper.mx\/tienda\/wp-content\/uploads\/2021\/08\/Logo-Compuviper-10.png\",\"width\":1000,\"height\":500,\"caption\":\"Compuviper\"},\"image\":{\"@id\":\"https:\/\/compuviper.mx\/tienda\/#\/schema\/logo\/image\/\"},\"sameAs\":[\"https:\/\/www.facebook.com\/compuviper\",\"https:\/\/www.youtube.com\/channel\/UCf73dERp9Y3cfOq7q8BhLjA?view_as=subscriber\"]}]}<\/script>\n<meta property=\"product:brand\" content=\"HEWLETT PACKARD ENTERPRISE\" \/>\n<meta property=\"product:price:amount\" content=\"140815\" \/>\n<meta property=\"product:price:currency\" content=\"MXN\" \/>\n<meta property=\"og:availability\" content=\"backorder\" \/>\n<meta property=\"product:availability\" content=\"available for order\" \/>\n<meta property=\"product:retailer_item_id\" content=\"R0Q76B\" \/>\n<meta property=\"product:condition\" content=\"new\" \/>\n<!-- \/ Yoast SEO plugin. -->","yoast_head_json":{"title":"[ Hewlett Packard Enterprise ] &#129351; R0q76b Unidad De Almacenamiento San Hpe Msa 2060 10gbe Iscsi Sff Storage","description":"Compra R0q76b Unidad De Almacenamiento San Hpe Msa 2060 10gbe Iscsi Sff Storage + Env\u00edo a domicilio + Pago seguro + Garant\u00eda","robots":{"index":"index","follow":"follow","max-snippet":"max-snippet:-1","max-image-preview":"max-image-preview:large","max-video-preview":"max-video-preview:-1"},"canonical":"https:\/\/compuviper.mx\/tienda\/producto\/hewlett-packard-enterprise-r0q76b-unidad-de-almacenamiento-san-hpe-msa-2060-10gbe-iscsi-sff-storage\/","og_locale":"es_MX","og_type":"article","og_title":"[ Hewlett Packard Enterprise ] &#129351; R0q76b Unidad De Almacenamiento San Hpe Msa 2060 10gbe Iscsi Sff Storage","og_description":"Compra R0q76b Unidad De Almacenamiento San Hpe Msa 2060 10gbe Iscsi Sff Storage + Env\u00edo a domicilio + Pago seguro + Garant\u00eda","og_url":"https:\/\/compuviper.mx\/tienda\/producto\/hewlett-packard-enterprise-r0q76b-unidad-de-almacenamiento-san-hpe-msa-2060-10gbe-iscsi-sff-storage\/","og_site_name":"Compuviper","article_publisher":"https:\/\/www.facebook.com\/compuviper","article_modified_time":"2026-04-17T08:01:32+00:00","og_image":[{"width":200,"height":200,"url":"https:\/\/compuviper.mx\/tienda\/wp-content\/uploads\/2023\/12\/Unidad-de-almacenamiento-san-hpe-msa-2060-10gbe-iscsi-sff-storage.jpg","type":"image\/jpeg"}],"twitter_card":"summary_large_image","twitter_misc":{"Precio":"&#36;140,815 con IVA","Availability":"On backorder"},"schema":{"@context":"https:\/\/schema.org","@graph":[{"@type":"WebPage","@id":"https:\/\/compuviper.mx\/tienda\/producto\/hewlett-packard-enterprise-r0q76b-unidad-de-almacenamiento-san-hpe-msa-2060-10gbe-iscsi-sff-storage\/","url":"https:\/\/compuviper.mx\/tienda\/producto\/hewlett-packard-enterprise-r0q76b-unidad-de-almacenamiento-san-hpe-msa-2060-10gbe-iscsi-sff-storage\/","name":"[ Hewlett Packard Enterprise ] &#129351; R0q76b Unidad De Almacenamiento San Hpe Msa 2060 10gbe Iscsi Sff Storage","isPartOf":{"@id":"https:\/\/compuviper.mx\/tienda\/#website"},"datePublished":"2026-04-17T08:01:31+00:00","dateModified":"2026-04-17T08:01:32+00:00","description":"Compra R0q76b Unidad De Almacenamiento San Hpe Msa 2060 10gbe Iscsi Sff Storage + Env\u00edo a domicilio + Pago seguro + Garant\u00eda","breadcrumb":{"@id":"https:\/\/compuviper.mx\/tienda\/producto\/hewlett-packard-enterprise-r0q76b-unidad-de-almacenamiento-san-hpe-msa-2060-10gbe-iscsi-sff-storage\/#breadcrumb"},"inLanguage":"es-MX","potentialAction":[{"@type":"ReadAction","target":["https:\/\/compuviper.mx\/tienda\/producto\/hewlett-packard-enterprise-r0q76b-unidad-de-almacenamiento-san-hpe-msa-2060-10gbe-iscsi-sff-storage\/"]}]},{"@type":"BreadcrumbList","@id":"https:\/\/compuviper.mx\/tienda\/producto\/hewlett-packard-enterprise-r0q76b-unidad-de-almacenamiento-san-hpe-msa-2060-10gbe-iscsi-sff-storage\/#breadcrumb","itemListElement":[{"@type":"ListItem","position":1,"name":"Inicio","item":"https:\/\/compuviper.mx\/tienda\/"},{"@type":"ListItem","position":2,"name":"Productos","item":"https:\/\/compuviper.mx\/tienda\/productos\/"},{"@type":"ListItem","position":3,"name":"Almacenamiento","item":"https:\/\/compuviper.mx\/tienda\/categoria-producto\/almacenamiento\/"},{"@type":"ListItem","position":4,"name":"Sistema De Almacenamiento","item":"https:\/\/compuviper.mx\/tienda\/categoria-producto\/almacenamiento\/sistema-de-almacenamiento\/"},{"@type":"ListItem","position":5,"name":"Hewlett Packard Enterprise R0q76b Unidad De Almacenamiento San Hpe Msa 2060 10gbe Iscsi Sff Storage"}]},{"@type":"WebSite","@id":"https:\/\/compuviper.mx\/tienda\/#website","url":"https:\/\/compuviper.mx\/tienda\/","name":"Compuviper","description":"Proveedor de Computadoras, Laptops, Servidores, Monitores, Puntos de Venta, Teclados,   Impresoras, T\u00f3ner, C\u00e1maras de Seguridad y m\u00e1s en tu tienda en l\u00ednea","publisher":{"@id":"https:\/\/compuviper.mx\/tienda\/#organization"},"potentialAction":[{"@type":"SearchAction","target":{"@type":"EntryPoint","urlTemplate":"https:\/\/compuviper.mx\/tienda\/?s={search_term_string}"},"query-input":"required name=search_term_string"}],"inLanguage":"es-MX"},{"@type":"Organization","@id":"https:\/\/compuviper.mx\/tienda\/#organization","name":"Compuviper","url":"https:\/\/compuviper.mx\/tienda\/","logo":{"@type":"ImageObject","inLanguage":"es-MX","@id":"https:\/\/compuviper.mx\/tienda\/#\/schema\/logo\/image\/","url":"https:\/\/compuviper.mx\/tienda\/wp-content\/uploads\/2021\/08\/Logo-Compuviper-10.png","contentUrl":"https:\/\/compuviper.mx\/tienda\/wp-content\/uploads\/2021\/08\/Logo-Compuviper-10.png","width":1000,"height":500,"caption":"Compuviper"},"image":{"@id":"https:\/\/compuviper.mx\/tienda\/#\/schema\/logo\/image\/"},"sameAs":["https:\/\/www.facebook.com\/compuviper","https:\/\/www.youtube.com\/channel\/UCf73dERp9Y3cfOq7q8BhLjA?view_as=subscriber"]}]},"product_brand":"HEWLETT PACKARD ENTERPRISE","product_price_amount":"140815","product_price_currency":"MXN","og_availability":"backorder","product_availability":"available for order","product_retailer_item_id":"R0Q76B","product_condition":"new"},"_links":{"self":[{"href":"https:\/\/compuviper.mx\/tienda\/wp-json\/wp\/v2\/product\/225144"}],"collection":[{"href":"https:\/\/compuviper.mx\/tienda\/wp-json\/wp\/v2\/product"}],"about":[{"href":"https:\/\/compuviper.mx\/tienda\/wp-json\/wp\/v2\/types\/product"}],"replies":[{"embeddable":true,"href":"https:\/\/compuviper.mx\/tienda\/wp-json\/wp\/v2\/comments?post=225144"}],"wp:featuredmedia":[{"embeddable":true,"href":"https:\/\/compuviper.mx\/tienda\/wp-json\/wp\/v2\/media\/225145"}],"wp:attachment":[{"href":"https:\/\/compuviper.mx\/tienda\/wp-json\/wp\/v2\/media?parent=225144"}],"wp:term":[{"taxonomy":"product_cat","embeddable":true,"href":"https:\/\/compuviper.mx\/tienda\/wp-json\/wp\/v2\/product_cat?post=225144"},{"taxonomy":"product_tag","embeddable":true,"href":"https:\/\/compuviper.mx\/tienda\/wp-json\/wp\/v2\/product_tag?post=225144"}],"curies":[{"name":"wp","href":"https:\/\/api.w.org\/{rel}","templated":true}]}}