{"id":225132,"date":"2026-04-14T01:56:46","date_gmt":"2026-04-14T07:56:46","guid":{"rendered":"https:\/\/compuviper.mx\/tienda\/producto\/synology-ds223-nas-2-bahias-nucleo-cudruple-1-7-ghz-2gb-ddr4-lan-gigabit-x1-usb-3-2-x3-sata-hot-swap-sin-discos-realtek-rtd1619b-hasta-36-tb\/"},"modified":"2026-04-14T01:56:46","modified_gmt":"2026-04-14T07:56:46","slug":"synology-ds223-nas-2-bahias-nucleo-cudruple-1-7-ghz-2gb-ddr4-lan-gigabit-x1-usb-3-2-x3-sata-hot-swap-sin-discos-realtek-rtd1619b-hasta-36-tb","status":"publish","type":"product","link":"https:\/\/compuviper.mx\/tienda\/producto\/synology-ds223-nas-2-bahias-nucleo-cudruple-1-7-ghz-2gb-ddr4-lan-gigabit-x1-usb-3-2-x3-sata-hot-swap-sin-discos-realtek-rtd1619b-hasta-36-tb\/","title":{"rendered":"Synology Ds223 Nas   \/2 Bahias Nucleo Cudruple 1.7 Ghz \/2gb Ddr4\/ Lan Gigabit X1\/usb 3.2 X3\/sata\/hot-swap\/ Sin Discos\/ Realtek Rtd1619b\/hasta 36 Tb"},"content":{"rendered":"<table class=\"descripcion\">\n<tr>\n<td>Descripcion tecnica<\/td>\n<\/tr>\n<tr>\n<td>Especificaciones de hardware<\/td>\n<\/tr>\n<tr>\n<td>Cpu<\/td>\n<\/tr>\n<tr>\n<td>Modelo de cpu realtek rtd1619b<\/td>\n<\/tr>\n<tr>\n<td>Cantidad de cpu 1<\/td>\n<\/tr>\n<tr>\n<td>Arquitectura de cpu 64-bit<\/td>\n<\/tr>\n<tr>\n<td>Frecuencia de cpu 4-core 1.7 ghz<\/td>\n<\/tr>\n<tr>\n<td>Motor de cifrado de hardware:     si<\/td>\n<\/tr>\n<tr>\n<td>Memoria<\/td>\n<\/tr>\n<tr>\n<td>Memoria del sistema 2 gb ddr4 non-ecc<\/td>\n<\/tr>\n<tr>\n<td>Notas synology se reserva el derecho a sustituir m\u00f3dulos de memoria con la misma frecuencia o una frecuencia mayor, en funci\u00f3n del estado del ciclo de vida del producto del proveedor. aseg\u00farese de que la compatibilidad y la estabilidad se han comprobado rigurosamente con los mismos criterios para garantizar que el rendimiento sea id\u00e9ntico.<\/td>\n<\/tr>\n<tr>\n<td>Almacenamiento<\/td>\n<\/tr>\n<tr>\n<td>Recept\u00e1culo(s) de unidad 2<\/td>\n<\/tr>\n<tr>\n<td>Tipo de unidad compatible* (ver todas las unidades de disco duro compatibles)<\/td>\n<\/tr>\n<tr>\n<td>3.5 sata hdd<\/td>\n<\/tr>\n<tr>\n<td>2.5 sata ssd<\/td>\n<\/tr>\n<tr>\n<td>Unidad de intercambio en caliente*:      si<\/td>\n<\/tr>\n<tr>\n<td>Notas tipo de unidad compatible indica las unidades cuya compatibilidad con los productos synology ha sido probada. este t\u00e9rmino no indica la velocidad de conexi\u00f3n m\u00e1xima para cada bah\u00eda de unidad.<\/td>\n<\/tr>\n<tr>\n<td>Puertos externos<\/td>\n<\/tr>\n<tr>\n<td>Puerto rj-45 1gbe lan* 1<\/td>\n<\/tr>\n<tr>\n<td>Puerto usb 3.2 gen 1* 3<\/td>\n<\/tr>\n<tr>\n<td>Usb \/ sd copy:      si<\/td>\n<\/tr>\n<tr>\n<td>Notas<\/td>\n<\/tr>\n<tr>\n<td>Los puertos lan de 1 gbe de este dispositivo tienen un tama\u00f1o de unidad de transmisi\u00f3n m\u00e1xima (mtu) de 1500 bytes.<\/td>\n<\/tr>\n<tr>\n<td>Usb implementers forum (usb-if) cambi\u00f3 de nombre del est\u00e1ndar usb 3.0 a usb 3.2 gen 1 en 2019.<\/td>\n<\/tr>\n<tr>\n<td>Sistema de archivos<\/td>\n<\/tr>\n<tr>\n<td>Unidades internas<\/td>\n<\/tr>\n<tr>\n<td>Btrfs<\/td>\n<\/tr>\n<tr>\n<td>Ext4<\/td>\n<\/tr>\n<tr>\n<td>Unidades externas<\/td>\n<\/tr>\n<tr>\n<td>Btrfs<\/td>\n<\/tr>\n<tr>\n<td>Ext4<\/td>\n<\/tr>\n<tr>\n<td>Ext3<\/td>\n<\/tr>\n<tr>\n<td>Fat<\/td>\n<\/tr>\n<tr>\n<td>Ntfs<\/td>\n<\/tr>\n<tr>\n<td>Hfs+<\/td>\n<\/tr>\n<tr>\n<td>Exfat<\/td>\n<\/tr>\n<tr>\n<td>Apariencia<\/td>\n<\/tr>\n<tr>\n<td>Tama\u00f1o (altura x anchura x profundidad) 165 mm x 108 mm x 232.7 mm<\/td>\n<\/tr>\n<tr>\n<td>Peso 1.28 kg<\/td>\n<\/tr>\n<tr>\n<td>Otros<\/td>\n<\/tr>\n<tr>\n<td>Ventilador del sistema 92 mm x 92 mm x 1 pcs<\/td>\n<\/tr>\n<tr>\n<td>Modo de velocidad de ventilador<\/td>\n<\/tr>\n<tr>\n<td>Modo velocidad completa<\/td>\n<\/tr>\n<tr>\n<td>Modo fresco<\/td>\n<\/tr>\n<tr>\n<td>Modo silencioso<\/td>\n<\/tr>\n<tr>\n<td>Indicadores led delanteros con brillo regulable:       si<\/td>\n<\/tr>\n<tr>\n<td>Recuperaci\u00f3n de energ\u00eda:       si<\/td>\n<\/tr>\n<tr>\n<td>Nivel de ruido* 14.6 db(a)<\/td>\n<\/tr>\n<tr>\n<td>Encendido y apagado programado:      si<\/td>\n<\/tr>\n<tr>\n<td>Despertar con lan \/ wan:       si<\/td>\n<\/tr>\n<tr>\n<td>Fuente \/ adaptador de alimentaci\u00f3n 60 w<\/td>\n<\/tr>\n<tr>\n<td>Voltaje de alimentaci\u00f3n de entrada ca 100v to 240v ac<\/td>\n<\/tr>\n<tr>\n<td>Frecuencia de alimentaci\u00f3n 50\/60 hz, monof\u00e1sico<\/td>\n<\/tr>\n<tr>\n<td>Consumo de energ\u00eda<\/td>\n<\/tr>\n<tr>\n<td>17.343 w (acceso)<\/td>\n<\/tr>\n<tr>\n<td>4.08 w (hibernaci\u00f3n de unidad de disco duro)<\/td>\n<\/tr>\n<tr>\n<td>British thermal unit<\/td>\n<\/tr>\n<tr>\n<td>59.19 btu\/hr (acceso)<\/td>\n<\/tr>\n<tr>\n<td>13.92 btu\/hr (hibernaci\u00f3n de unidad de disco duro)<\/td>\n<\/tr>\n<tr>\n<td>Notas<\/td>\n<\/tr>\n<tr>\n<td>Para obtener m\u00e1s informaci\u00f3n sobre c\u00f3mo se mide el consumo el\u00e9ctrico, consulte este art\u00edculo.<\/td>\n<\/tr>\n<tr>\n<td>Las pruebas de ruido se realizaron con el sistema synology completamente instalado con las unidades ssd sata de synology y en estado inactivo. se colocaron dos micr\u00f3fono g.r.a.s. tipo 40ae a una distancia de 1 m de la parte frontal y posterior del dispositivo. ruido de fondo: 16,49-17,51 db(a); temperatura: 24,25-25,75 and #730;c; humedad: 58,2-61,8 %.<\/td>\n<\/tr>\n<tr>\n<td>Temperatura<\/td>\n<\/tr>\n<tr>\n<td>Temperatura operativa 0\u00b0c a 40\u00b0c (32\u00b0f a 104\u00b0f)<\/td>\n<\/tr>\n<tr>\n<td>Temperatura de almacenamiento -20\u00b0c a 60\u00b0c (-5\u00b0f a 140\u00b0f)<\/td>\n<\/tr>\n<tr>\n<td>Humedad relativa 5% a 95% rh<\/td>\n<\/tr>\n<tr>\n<td>Certificaci\u00f3n<\/td>\n<\/tr>\n<tr>\n<td>Fcc<\/td>\n<\/tr>\n<tr>\n<td>Ce<\/td>\n<\/tr>\n<tr>\n<td>Bsmi<\/td>\n<\/tr>\n<tr>\n<td>Vcci<\/td>\n<\/tr>\n<tr>\n<td>Rcm<\/td>\n<\/tr>\n<tr>\n<td>Ukca<\/td>\n<\/tr>\n<tr>\n<td>Eac<\/td>\n<\/tr>\n<tr>\n<td>Ccc<\/td>\n<\/tr>\n<tr>\n<td>Kc<\/td>\n<\/tr>\n<tr>\n<td>Garant\u00eda<\/td>\n<\/tr>\n<tr>\n<td>Garant\u00eda de hardware de 2 a\u00f1os, ampliable a 4 a\u00f1os con lagarant\u00eda ampliada plus<\/td>\n<\/tr>\n<tr>\n<td>Entorno<\/td>\n<\/tr>\n<tr>\n<td>Conforme con rohs<\/td>\n<\/tr>\n<tr>\n<td>Contenido del paquete<\/td>\n<\/tr>\n<tr>\n<td>Unidad principal x 1<\/td>\n<\/tr>\n<tr>\n<td>Paquete de accesorios x 1<\/td>\n<\/tr>\n<tr>\n<td>Adaptador de alimentaci\u00f3n ca x 1<\/td>\n<\/tr>\n<tr>\n<td>Cable de alimentaci\u00f3n ca x 1<\/td>\n<\/tr>\n<tr>\n<td>Cable rj-45 lan x 1<\/td>\n<\/tr>\n<tr>\n<td>Gu\u00eda de instalaci\u00f3n r\u00e1pida x 1<\/td>\n<\/tr>\n<tr>\n<td>Accesorios opcionales<\/td>\n<\/tr>\n<tr>\n<td>3.5 sata hdd: hat5300<\/td>\n<\/tr>\n<tr>\n<td>2.5 sata ssd: sat5210<\/td>\n<\/tr>\n<tr>\n<td>Visualstation: vs360hd<\/td>\n<\/tr>\n<tr>\n<td>Surveillance device license pack<\/td>\n<\/tr>\n<\/table>\n","protected":false},"excerpt":{"rendered":"<p>Descripcion comercial. Especificaciones del software. Especificaciones de dsm. Gesti\u00f3n de almacenamiento. Tama\u00f1o m\u00e1ximo de volumen individual* 108 tb. N\u00famero m\u00e1x. De volumen interno 64. Ssd trim:      si. Tipo de raid compatible. Synology hybrid raid. Basic. Jbod. Raid 0. Raid 1. Migraci\u00f3n de raid basic to raid 1. Expansi\u00f3n de volumen con unidades de disco duro m\u00e1s grandes. Synology hybrid raid. Raid 1. Expansi\u00f3n de volumen a\u00f1adiendo una unidad de disco duro synology hybrid raid. Notas. La capacidad utilizable para cada volumen ser\u00e1 inferior al tama\u00f1o m\u00e1ximo del volumen y depender\u00e1 del sistema de archivos y de la cantidad de metadatos del sistema almacenados. Los tama\u00f1os m\u00e1ximos reales de pool y volumen de almacenamiento dependen de los tama\u00f1os de unidad utilizados, el n\u00famero de bah\u00edas de unidad disponibles y la configuraci\u00f3n raid. Servicios de archivos. Protocolo de archivos smb\/afp\/nfs\/ftp\/webdav. N\u00famero m\u00e1x. De conexiones smb\/afp\/ftp simult\u00e1neas 200. Integraci\u00f3n con lista de control de acceso de windows (acl):       si. Autenticaci\u00f3n kerberos de nfs:      si. Notas el est\u00e1ndar de prueba se basaba en el n\u00famero m\u00e1ximo de conexiones simult\u00e1neas admitidas por este modelo. Durante la prueba, el 25 % de las conexiones se utilizaron para transferir archivos simult\u00e1neamente. El proceso de transferencia garantiz\u00f3 que las conexiones no se interrumpieron; no se garantiz\u00f3 la velocidad m\u00ednima de transferencia. Cuenta y carpeta compartida. N\u00fam. M\u00e1ximo de cuentas de usuario local 1,024. N\u00fam. M\u00e1ximo de grupos locales 256. N\u00famero m\u00e1x. De carpetas compartidas 256. N\u00famero m\u00e1x. De tareas de sincronizaci\u00f3n de carpetas compartidas 4. Hybrid share. Hybrid share folder number 5. Centro de registros. Eventos syslog por segundo 400. Especificaciones generales. Protocolos de red smb1 (cifs), smb2, smb3, nfsv3, nfsv4, nfsv4.1, nfs kerberized sessions, iscsi, http, https, ftp, snmp, ldap, caldav. Exploradores compatibles. Google chrome. Firefox. Microsoft edge. Safari. Idioma compatible.   English, deutsch, fran\u00e7ais, italiano, espa\u00f1ol, dansk, norsk, svenska, nederlands,  and #1056; and #1059; and #1057; and #1057; and #1050; and #1048; and #1049;, polski, magyar, portugu\u00eas do brasil, portugu\u00eas europeu, t\u00fcrk\u00e7e,  and #268;esk\u00fd,  and #3616; and #3634; and #3625; and #3634; and #3652; and #3607; and #3618;,  and #26085; and #26412; and #35486;,  and #54620; and #44397; and #50612;,  and #32321; and #39636; and #20013; and #25991;,  and #31616; and #20307; and #20013; and #25991. Notas para obtener m\u00e1s informaci\u00f3n sobre las versiones de navegador compatibles, consulte los requisitos del sistema dsm. Paquetes de complementos ver la lista de paquetes completa. Synology chat:      si. Download station. N\u00famero m\u00e1x. De tareas de descarga simult\u00e1neas 80. San manager. N\u00famero m\u00e1x. De iscsi target 10. N\u00famero m\u00e1x. De lun 10. Clon\/instant\u00e1nea de lun, windows odx (las transferencias de datos descargados):      si. Media server. Cumplimiento de dlna:     si. Synology photos. Reconocimiento facial:        si. Snapshot replication. N\u00famero m\u00e1ximo de instant\u00e1neas por carpeta compartida 256. M\u00e1ximo de instant\u00e1neas del sistema 4,096. Surveillance station. N\u00famero m\u00e1x. De c\u00e1maras ip (licencias necesarias) 20 (incluida 2 licencia gratis) (ver todas las c\u00e1maras ip compatibles. Fps total (h.264. 600 fps @ 720p (1280&#215;720. 460 fps @ 1080p (1920&#215;1080. 300 fps @ 3m (2048&#215;1536. 150 fps @ 5m (2591&#215;1944. 110 fps @ 4k (3840&#215;2160. Fps total (h.265. 600 fps @ 720p (1280&#215;720. 500 fps @ 1080p (1920&#215;1080. 400 fps @ 3m (2048&#215;1536. 350 fps @ 5m (2591&#215;1944. 200 fps @ 4k (3840&#215;2160. Notas. Las cifras m\u00e1ximas de c\u00e1maras ip y fps se han probado con el dispositivo completamente cargado con unidades y bajo una configuraci\u00f3n de grabaci\u00f3n continua. Las capacidades reales del sistema pueden variar seg\u00fan la configuraci\u00f3n del sistema, el rendimiento de la unidad, la cantidad de funciones habilitadas y la existencia de cargas de trabajo adicionales. Synology drive. N\u00famero recomendado de clientes de sincronizaci\u00f3n simult\u00e1neos 200 (el n\u00famero de conexiones que se puede mantener cuando se alcanza el n\u00famero recomendado de archivos alojados. N\u00famero recomendado de archivos alojados 500,000 (se aplica a los archivos indexados o alojados por synology drive. Para el acceso a archivos mediante otros protocolos est\u00e1ndar, consulte la secci\u00f3n servicios de archivos anterior. Notas. Si se superan los n\u00fameros recomendados anteriormente, no se bloquear\u00e1n las operaciones de la aplicaci\u00f3n, pero es posible que el tiempo de respuesta sea m\u00e1s prolongado. Durante la prueba mencionada anteriormente, se utilizaron carpetas compartidas no cifradas y el sistema de archivos btrfs. Synology office. N\u00famero m\u00e1ximo de usuarios 200. Notas. Se han abierto varios archivos para realizar pruebas y cada uno de ellos fue editado por 30 usuarios simult\u00e1neamente. El rendimiento del cliente puede afectar al n\u00famero m\u00e1ximo de usuarios de edici\u00f3n simult\u00e1nea. Los pc de cliente utilizados para las pruebas: intel core i3-3220 \/ 8 gb ram. Video station. Vpn server. Conexiones m\u00e1ximas 20<\/p>\n","protected":false},"featured_media":225133,"comment_status":"open","ping_status":"open","template":"","meta":[],"product_cat":[1803,1804],"product_tag":[1561],"acf":[],"yoast_head":"<!-- This site is optimized with the Yoast SEO plugin v21.7 - https:\/\/yoast.com\/wordpress\/plugins\/seo\/ -->\n<title>[ Synology ] &#129351; Ds223 Nas \/2 Bahias Nucleo Cudruple 1.7 Ghz \/2gb Ddr4\/ Lan Gigabit X1\/usb 3.2 X3\/sata\/hot-swap\/ Sin Discos\/ Realtek Rtd1619b\/hasta 36 Tb<\/title>\n<meta name=\"description\" content=\"Compra Ds223 Nas \/2 Bahias Nucleo Cudruple 1.7 Ghz \/2gb Ddr4\/ Lan Gigabit X1\/usb 3.2 X3\/sata\/hot-swap\/ Sin Discos\/ Realtek Rtd1619b\/hasta 36 Tb + Env\u00edo a domicilio + Pago seguro + Garant\u00eda\" \/>\n<meta name=\"robots\" content=\"index, follow, max-snippet:-1, max-image-preview:large, max-video-preview:-1\" \/>\n<link rel=\"canonical\" href=\"https:\/\/compuviper.mx\/tienda\/producto\/synology-ds223-nas-2-bahias-nucleo-cudruple-1-7-ghz-2gb-ddr4-lan-gigabit-x1-usb-3-2-x3-sata-hot-swap-sin-discos-realtek-rtd1619b-hasta-36-tb\/\" \/>\n<meta property=\"og:locale\" content=\"es_MX\" \/>\n<meta property=\"og:type\" content=\"article\" \/>\n<meta property=\"og:title\" content=\"[ Synology ] &#129351; Ds223 Nas \/2 Bahias Nucleo Cudruple 1.7 Ghz \/2gb Ddr4\/ Lan Gigabit X1\/usb 3.2 X3\/sata\/hot-swap\/ Sin Discos\/ Realtek Rtd1619b\/hasta 36 Tb\" \/>\n<meta property=\"og:description\" content=\"Compra Ds223 Nas \/2 Bahias Nucleo Cudruple 1.7 Ghz \/2gb Ddr4\/ Lan Gigabit X1\/usb 3.2 X3\/sata\/hot-swap\/ Sin Discos\/ Realtek Rtd1619b\/hasta 36 Tb + Env\u00edo a domicilio + Pago seguro + Garant\u00eda\" \/>\n<meta property=\"og:url\" content=\"https:\/\/compuviper.mx\/tienda\/producto\/synology-ds223-nas-2-bahias-nucleo-cudruple-1-7-ghz-2gb-ddr4-lan-gigabit-x1-usb-3-2-x3-sata-hot-swap-sin-discos-realtek-rtd1619b-hasta-36-tb\/\" \/>\n<meta property=\"og:site_name\" content=\"Compuviper\" \/>\n<meta property=\"article:publisher\" content=\"https:\/\/www.facebook.com\/compuviper\" \/>\n<meta property=\"og:image\" content=\"https:\/\/compuviper.mx\/tienda\/wp-content\/uploads\/2023\/12\/Nas-synology-ds223-2-bahias-nucleo-cuadruple-1.7-ghz-2gb-ddr4-lan-gigabit-x1usb-3.2-x3satahot-swap-sin-discos-realtek-rtd1619bhasta-36-tb.jpg\" \/>\n\t<meta property=\"og:image:width\" content=\"200\" \/>\n\t<meta property=\"og:image:height\" content=\"200\" \/>\n\t<meta property=\"og:image:type\" content=\"image\/jpeg\" \/>\n<meta name=\"twitter:card\" content=\"summary_large_image\" \/>\n<meta name=\"twitter:label1\" content=\"Precio\" \/>\n\t<meta name=\"twitter:data1\" content=\"&#36;5,920 &#36;5,411 con IVA\" \/>\n\t<meta name=\"twitter:label2\" content=\"Availability\" \/>\n\t<meta name=\"twitter:data2\" content=\"In stock\" \/>\n<script type=\"application\/ld+json\" class=\"yoast-schema-graph\">{\"@context\":\"https:\/\/schema.org\",\"@graph\":[{\"@type\":\"WebPage\",\"@id\":\"https:\/\/compuviper.mx\/tienda\/producto\/synology-ds223-nas-2-bahias-nucleo-cudruple-1-7-ghz-2gb-ddr4-lan-gigabit-x1-usb-3-2-x3-sata-hot-swap-sin-discos-realtek-rtd1619b-hasta-36-tb\/\",\"url\":\"https:\/\/compuviper.mx\/tienda\/producto\/synology-ds223-nas-2-bahias-nucleo-cudruple-1-7-ghz-2gb-ddr4-lan-gigabit-x1-usb-3-2-x3-sata-hot-swap-sin-discos-realtek-rtd1619b-hasta-36-tb\/\",\"name\":\"[ Synology ] &#129351; Ds223 Nas \/2 Bahias Nucleo Cudruple 1.7 Ghz \/2gb Ddr4\/ Lan Gigabit X1\/usb 3.2 X3\/sata\/hot-swap\/ Sin Discos\/ Realtek Rtd1619b\/hasta 36 Tb\",\"isPartOf\":{\"@id\":\"https:\/\/compuviper.mx\/tienda\/#website\"},\"datePublished\":\"2026-04-14T07:56:46+00:00\",\"dateModified\":\"2026-04-14T07:56:46+00:00\",\"description\":\"Compra Ds223 Nas \/2 Bahias Nucleo Cudruple 1.7 Ghz \/2gb Ddr4\/ Lan Gigabit X1\/usb 3.2 X3\/sata\/hot-swap\/ Sin Discos\/ Realtek Rtd1619b\/hasta 36 Tb + Env\u00edo a domicilio + Pago seguro + Garant\u00eda\",\"breadcrumb\":{\"@id\":\"https:\/\/compuviper.mx\/tienda\/producto\/synology-ds223-nas-2-bahias-nucleo-cudruple-1-7-ghz-2gb-ddr4-lan-gigabit-x1-usb-3-2-x3-sata-hot-swap-sin-discos-realtek-rtd1619b-hasta-36-tb\/#breadcrumb\"},\"inLanguage\":\"es-MX\",\"potentialAction\":[{\"@type\":\"ReadAction\",\"target\":[\"https:\/\/compuviper.mx\/tienda\/producto\/synology-ds223-nas-2-bahias-nucleo-cudruple-1-7-ghz-2gb-ddr4-lan-gigabit-x1-usb-3-2-x3-sata-hot-swap-sin-discos-realtek-rtd1619b-hasta-36-tb\/\"]}]},{\"@type\":\"BreadcrumbList\",\"@id\":\"https:\/\/compuviper.mx\/tienda\/producto\/synology-ds223-nas-2-bahias-nucleo-cudruple-1-7-ghz-2gb-ddr4-lan-gigabit-x1-usb-3-2-x3-sata-hot-swap-sin-discos-realtek-rtd1619b-hasta-36-tb\/#breadcrumb\",\"itemListElement\":[{\"@type\":\"ListItem\",\"position\":1,\"name\":\"Inicio\",\"item\":\"https:\/\/compuviper.mx\/tienda\/\"},{\"@type\":\"ListItem\",\"position\":2,\"name\":\"Productos\",\"item\":\"https:\/\/compuviper.mx\/tienda\/productos\/\"},{\"@type\":\"ListItem\",\"position\":3,\"name\":\"Almacenamiento\",\"item\":\"https:\/\/compuviper.mx\/tienda\/categoria-producto\/almacenamiento\/\"},{\"@type\":\"ListItem\",\"position\":4,\"name\":\"Sistema De Almacenamiento\",\"item\":\"https:\/\/compuviper.mx\/tienda\/categoria-producto\/almacenamiento\/sistema-de-almacenamiento\/\"},{\"@type\":\"ListItem\",\"position\":5,\"name\":\"Synology Ds223 Nas \/2 Bahias Nucleo Cudruple 1.7 Ghz \/2gb Ddr4\/ Lan Gigabit X1\/usb 3.2 X3\/sata\/hot-swap\/ Sin Discos\/ Realtek Rtd1619b\/hasta 36 Tb\"}]},{\"@type\":\"WebSite\",\"@id\":\"https:\/\/compuviper.mx\/tienda\/#website\",\"url\":\"https:\/\/compuviper.mx\/tienda\/\",\"name\":\"Compuviper\",\"description\":\"Proveedor de Computadoras, Laptops, Servidores, Monitores, Puntos de Venta, Teclados,   Impresoras, T\u00f3ner, C\u00e1maras de Seguridad y m\u00e1s en tu tienda en l\u00ednea\",\"publisher\":{\"@id\":\"https:\/\/compuviper.mx\/tienda\/#organization\"},\"potentialAction\":[{\"@type\":\"SearchAction\",\"target\":{\"@type\":\"EntryPoint\",\"urlTemplate\":\"https:\/\/compuviper.mx\/tienda\/?s={search_term_string}\"},\"query-input\":\"required name=search_term_string\"}],\"inLanguage\":\"es-MX\"},{\"@type\":\"Organization\",\"@id\":\"https:\/\/compuviper.mx\/tienda\/#organization\",\"name\":\"Compuviper\",\"url\":\"https:\/\/compuviper.mx\/tienda\/\",\"logo\":{\"@type\":\"ImageObject\",\"inLanguage\":\"es-MX\",\"@id\":\"https:\/\/compuviper.mx\/tienda\/#\/schema\/logo\/image\/\",\"url\":\"https:\/\/compuviper.mx\/tienda\/wp-content\/uploads\/2021\/08\/Logo-Compuviper-10.png\",\"contentUrl\":\"https:\/\/compuviper.mx\/tienda\/wp-content\/uploads\/2021\/08\/Logo-Compuviper-10.png\",\"width\":1000,\"height\":500,\"caption\":\"Compuviper\"},\"image\":{\"@id\":\"https:\/\/compuviper.mx\/tienda\/#\/schema\/logo\/image\/\"},\"sameAs\":[\"https:\/\/www.facebook.com\/compuviper\",\"https:\/\/www.youtube.com\/channel\/UCf73dERp9Y3cfOq7q8BhLjA?view_as=subscriber\"]}]}<\/script>\n<meta property=\"product:brand\" content=\"SYNOLOGY\" \/>\n<meta property=\"product:price:amount\" content=\"5411\" \/>\n<meta property=\"product:price:currency\" content=\"MXN\" \/>\n<meta property=\"og:availability\" content=\"instock\" \/>\n<meta property=\"product:availability\" content=\"instock\" \/>\n<meta property=\"product:retailer_item_id\" content=\"DS223\" \/>\n<meta property=\"product:condition\" content=\"new\" \/>\n<!-- \/ Yoast SEO plugin. -->","yoast_head_json":{"title":"[ Synology ] &#129351; Ds223 Nas \/2 Bahias Nucleo Cudruple 1.7 Ghz \/2gb Ddr4\/ Lan Gigabit X1\/usb 3.2 X3\/sata\/hot-swap\/ Sin Discos\/ Realtek Rtd1619b\/hasta 36 Tb","description":"Compra Ds223 Nas \/2 Bahias Nucleo Cudruple 1.7 Ghz \/2gb Ddr4\/ Lan Gigabit X1\/usb 3.2 X3\/sata\/hot-swap\/ Sin Discos\/ Realtek Rtd1619b\/hasta 36 Tb + Env\u00edo a domicilio + Pago seguro + Garant\u00eda","robots":{"index":"index","follow":"follow","max-snippet":"max-snippet:-1","max-image-preview":"max-image-preview:large","max-video-preview":"max-video-preview:-1"},"canonical":"https:\/\/compuviper.mx\/tienda\/producto\/synology-ds223-nas-2-bahias-nucleo-cudruple-1-7-ghz-2gb-ddr4-lan-gigabit-x1-usb-3-2-x3-sata-hot-swap-sin-discos-realtek-rtd1619b-hasta-36-tb\/","og_locale":"es_MX","og_type":"article","og_title":"[ Synology ] &#129351; Ds223 Nas \/2 Bahias Nucleo Cudruple 1.7 Ghz \/2gb Ddr4\/ Lan Gigabit X1\/usb 3.2 X3\/sata\/hot-swap\/ Sin Discos\/ Realtek Rtd1619b\/hasta 36 Tb","og_description":"Compra Ds223 Nas \/2 Bahias Nucleo Cudruple 1.7 Ghz \/2gb Ddr4\/ Lan Gigabit X1\/usb 3.2 X3\/sata\/hot-swap\/ Sin Discos\/ Realtek Rtd1619b\/hasta 36 Tb + Env\u00edo a domicilio + Pago seguro + Garant\u00eda","og_url":"https:\/\/compuviper.mx\/tienda\/producto\/synology-ds223-nas-2-bahias-nucleo-cudruple-1-7-ghz-2gb-ddr4-lan-gigabit-x1-usb-3-2-x3-sata-hot-swap-sin-discos-realtek-rtd1619b-hasta-36-tb\/","og_site_name":"Compuviper","article_publisher":"https:\/\/www.facebook.com\/compuviper","og_image":[{"width":200,"height":200,"url":"https:\/\/compuviper.mx\/tienda\/wp-content\/uploads\/2023\/12\/Nas-synology-ds223-2-bahias-nucleo-cuadruple-1.7-ghz-2gb-ddr4-lan-gigabit-x1usb-3.2-x3satahot-swap-sin-discos-realtek-rtd1619bhasta-36-tb.jpg","type":"image\/jpeg"}],"twitter_card":"summary_large_image","twitter_misc":{"Precio":"&#36;5,920 &#36;5,411 con IVA","Availability":"In stock"},"schema":{"@context":"https:\/\/schema.org","@graph":[{"@type":"WebPage","@id":"https:\/\/compuviper.mx\/tienda\/producto\/synology-ds223-nas-2-bahias-nucleo-cudruple-1-7-ghz-2gb-ddr4-lan-gigabit-x1-usb-3-2-x3-sata-hot-swap-sin-discos-realtek-rtd1619b-hasta-36-tb\/","url":"https:\/\/compuviper.mx\/tienda\/producto\/synology-ds223-nas-2-bahias-nucleo-cudruple-1-7-ghz-2gb-ddr4-lan-gigabit-x1-usb-3-2-x3-sata-hot-swap-sin-discos-realtek-rtd1619b-hasta-36-tb\/","name":"[ Synology ] &#129351; Ds223 Nas \/2 Bahias Nucleo Cudruple 1.7 Ghz \/2gb Ddr4\/ Lan Gigabit X1\/usb 3.2 X3\/sata\/hot-swap\/ Sin Discos\/ Realtek Rtd1619b\/hasta 36 Tb","isPartOf":{"@id":"https:\/\/compuviper.mx\/tienda\/#website"},"datePublished":"2026-04-14T07:56:46+00:00","dateModified":"2026-04-14T07:56:46+00:00","description":"Compra Ds223 Nas \/2 Bahias Nucleo Cudruple 1.7 Ghz \/2gb Ddr4\/ Lan Gigabit X1\/usb 3.2 X3\/sata\/hot-swap\/ Sin Discos\/ Realtek Rtd1619b\/hasta 36 Tb + Env\u00edo a domicilio + Pago seguro + Garant\u00eda","breadcrumb":{"@id":"https:\/\/compuviper.mx\/tienda\/producto\/synology-ds223-nas-2-bahias-nucleo-cudruple-1-7-ghz-2gb-ddr4-lan-gigabit-x1-usb-3-2-x3-sata-hot-swap-sin-discos-realtek-rtd1619b-hasta-36-tb\/#breadcrumb"},"inLanguage":"es-MX","potentialAction":[{"@type":"ReadAction","target":["https:\/\/compuviper.mx\/tienda\/producto\/synology-ds223-nas-2-bahias-nucleo-cudruple-1-7-ghz-2gb-ddr4-lan-gigabit-x1-usb-3-2-x3-sata-hot-swap-sin-discos-realtek-rtd1619b-hasta-36-tb\/"]}]},{"@type":"BreadcrumbList","@id":"https:\/\/compuviper.mx\/tienda\/producto\/synology-ds223-nas-2-bahias-nucleo-cudruple-1-7-ghz-2gb-ddr4-lan-gigabit-x1-usb-3-2-x3-sata-hot-swap-sin-discos-realtek-rtd1619b-hasta-36-tb\/#breadcrumb","itemListElement":[{"@type":"ListItem","position":1,"name":"Inicio","item":"https:\/\/compuviper.mx\/tienda\/"},{"@type":"ListItem","position":2,"name":"Productos","item":"https:\/\/compuviper.mx\/tienda\/productos\/"},{"@type":"ListItem","position":3,"name":"Almacenamiento","item":"https:\/\/compuviper.mx\/tienda\/categoria-producto\/almacenamiento\/"},{"@type":"ListItem","position":4,"name":"Sistema De Almacenamiento","item":"https:\/\/compuviper.mx\/tienda\/categoria-producto\/almacenamiento\/sistema-de-almacenamiento\/"},{"@type":"ListItem","position":5,"name":"Synology Ds223 Nas \/2 Bahias Nucleo Cudruple 1.7 Ghz \/2gb Ddr4\/ Lan Gigabit X1\/usb 3.2 X3\/sata\/hot-swap\/ Sin Discos\/ Realtek Rtd1619b\/hasta 36 Tb"}]},{"@type":"WebSite","@id":"https:\/\/compuviper.mx\/tienda\/#website","url":"https:\/\/compuviper.mx\/tienda\/","name":"Compuviper","description":"Proveedor de Computadoras, Laptops, Servidores, Monitores, Puntos de Venta, Teclados,   Impresoras, T\u00f3ner, C\u00e1maras de Seguridad y m\u00e1s en tu tienda en l\u00ednea","publisher":{"@id":"https:\/\/compuviper.mx\/tienda\/#organization"},"potentialAction":[{"@type":"SearchAction","target":{"@type":"EntryPoint","urlTemplate":"https:\/\/compuviper.mx\/tienda\/?s={search_term_string}"},"query-input":"required name=search_term_string"}],"inLanguage":"es-MX"},{"@type":"Organization","@id":"https:\/\/compuviper.mx\/tienda\/#organization","name":"Compuviper","url":"https:\/\/compuviper.mx\/tienda\/","logo":{"@type":"ImageObject","inLanguage":"es-MX","@id":"https:\/\/compuviper.mx\/tienda\/#\/schema\/logo\/image\/","url":"https:\/\/compuviper.mx\/tienda\/wp-content\/uploads\/2021\/08\/Logo-Compuviper-10.png","contentUrl":"https:\/\/compuviper.mx\/tienda\/wp-content\/uploads\/2021\/08\/Logo-Compuviper-10.png","width":1000,"height":500,"caption":"Compuviper"},"image":{"@id":"https:\/\/compuviper.mx\/tienda\/#\/schema\/logo\/image\/"},"sameAs":["https:\/\/www.facebook.com\/compuviper","https:\/\/www.youtube.com\/channel\/UCf73dERp9Y3cfOq7q8BhLjA?view_as=subscriber"]}]},"product_brand":"SYNOLOGY","product_price_amount":"5411","product_price_currency":"MXN","og_availability":"instock","product_availability":"instock","product_retailer_item_id":"DS223","product_condition":"new"},"_links":{"self":[{"href":"https:\/\/compuviper.mx\/tienda\/wp-json\/wp\/v2\/product\/225132"}],"collection":[{"href":"https:\/\/compuviper.mx\/tienda\/wp-json\/wp\/v2\/product"}],"about":[{"href":"https:\/\/compuviper.mx\/tienda\/wp-json\/wp\/v2\/types\/product"}],"replies":[{"embeddable":true,"href":"https:\/\/compuviper.mx\/tienda\/wp-json\/wp\/v2\/comments?post=225132"}],"wp:featuredmedia":[{"embeddable":true,"href":"https:\/\/compuviper.mx\/tienda\/wp-json\/wp\/v2\/media\/225133"}],"wp:attachment":[{"href":"https:\/\/compuviper.mx\/tienda\/wp-json\/wp\/v2\/media?parent=225132"}],"wp:term":[{"taxonomy":"product_cat","embeddable":true,"href":"https:\/\/compuviper.mx\/tienda\/wp-json\/wp\/v2\/product_cat?post=225132"},{"taxonomy":"product_tag","embeddable":true,"href":"https:\/\/compuviper.mx\/tienda\/wp-json\/wp\/v2\/product_tag?post=225132"}],"curies":[{"name":"wp","href":"https:\/\/api.w.org\/{rel}","templated":true}]}}