{"id":225130,"date":"2026-04-16T01:55:22","date_gmt":"2026-04-16T07:55:22","guid":{"rendered":"https:\/\/compuviper.mx\/tienda\/producto\/qnap-tvs-h874-i5-32g-us-nas-tvs-h874-i5-32g-8-bahias-seis-nucleos-2-5ghz-32gb-ddr4-hasta-64gb-2-pto-25-gbe-usb-3-2-x2-hotswap-no-incluye-discos-hdmi-1-4b-intel-core-i5-12400-torre\/"},"modified":"2026-04-16T01:55:22","modified_gmt":"2026-04-16T07:55:22","slug":"qnap-tvs-h874-i5-32g-us-nas-tvs-h874-i5-32g-8-bahias-seis-nucleos-2-5ghz-32gb-ddr4-hasta-64gb-2-pto-25-gbe-usb-3-2-x2-hotswap-no-incluye-discos-hdmi-1-4b-intel-core-i5-12400-torre","status":"publish","type":"product","link":"https:\/\/compuviper.mx\/tienda\/producto\/qnap-tvs-h874-i5-32g-us-nas-tvs-h874-i5-32g-8-bahias-seis-nucleos-2-5ghz-32gb-ddr4-hasta-64gb-2-pto-25-gbe-usb-3-2-x2-hotswap-no-incluye-discos-hdmi-1-4b-intel-core-i5-12400-torre\/","title":{"rendered":"Qnap Tvs-h874-i5-32g-us Nas  Tvs-h874-i5-32g\/ 8 Bahias Seis Nucleos 2.5ghz\/32gb Ddr4 Hasta 64gb\/2 Pto 2,5 Gbe\/usb 3.2 X2\/ Hotswap\/ No Incluye Discos\/ Hdmi 1.4b\/ Intel Core I5-12400\/ Torre"},"content":{"rendered":"<table class=\"descripcion\">\n<tr>\n<td>Descripcion tecnica<\/td>\n<\/tr>\n<tr>\n<td>Tvs-h874-i5-32g<\/td>\n<\/tr>\n<tr>\n<td>Cpu procesador intel\u00ae core\u0099 i5-12400 de 6 n\u00facleos y 12 hilos (con potencia de hasta 4,4 ghz)<\/td>\n<\/tr>\n<tr>\n<td>Arquitectura de cpu x86 de 64 bits<\/td>\n<\/tr>\n<tr>\n<td>Procesadores gr\u00e1ficos intel\u00ae uhd graphics 730<\/td>\n<\/tr>\n<tr>\n<td>Unidad de coma flotante:      si<\/td>\n<\/tr>\n<tr>\n<td>Motor de cifrado  (aes-ni):     si<\/td>\n<\/tr>\n<tr>\n<td>Transcodificaci\u00f3n acelerada de hardware:     si<\/td>\n<\/tr>\n<tr>\n<td>Memoria del sistema 32 gb de memoria ddr4 sodimm (2 m\u00f3dulos de 16 gb)<\/td>\n<\/tr>\n<tr>\n<td>Memoria m\u00e1xima 64 gb (2 m\u00f3dulos de 32 gb)<\/td>\n<\/tr>\n<tr>\n<td>Ranura para memoria 2 m\u00f3dulos de memoria ddr4 sodimm<\/td>\n<\/tr>\n<tr>\n<td>Memoria flash 5 gb (protecci\u00f3n del sistema operativo de doble arranque)<\/td>\n<\/tr>\n<tr>\n<td>Bah\u00eda de unidades 8 unidades sata de 3,5 a 6gb\/s, 3gb\/s<\/td>\n<\/tr>\n<tr>\n<td>Compatibilidad de unidades<\/td>\n<\/tr>\n<tr>\n<td>3.5-inch bays:<\/td>\n<\/tr>\n<tr>\n<td>3.5-inch sata hard disk drives<\/td>\n<\/tr>\n<tr>\n<td>2.5-inch sata solid state drives<\/td>\n<\/tr>\n<tr>\n<td>Intercambiable en caliente:     si<\/td>\n<\/tr>\n<tr>\n<td>Ranura m.2 2 ranuras para m.2 2280 pcie gen4 x4<\/td>\n<\/tr>\n<tr>\n<td>Compatibilidad con aceleraci\u00f3n de cach\u00e9 ssd:      si<\/td>\n<\/tr>\n<tr>\n<td>Salida directa de gpu:      si<\/td>\n<\/tr>\n<tr>\n<td>Puerto 2,5 gbe (2,5g\/1g\/100m) 2 (2,5g\/1g\/100m\/10m)<\/td>\n<\/tr>\n<tr>\n<td>Puerto 5 gbe (5g\/2,5g\/1g\/100m) opcional a trav\u00e9s de la tarjeta de expansi\u00f3n pcie<\/td>\n<\/tr>\n<tr>\n<td>Puerto 10 gbe opcional a trav\u00e9s de la tarjeta de expansi\u00f3n pcie<\/td>\n<\/tr>\n<tr>\n<td>Opcional a trav\u00e9s de la tarjeta de expansi\u00f3n pcie<\/td>\n<\/tr>\n<tr>\n<td>Wake-on-lan (wol):      si<\/td>\n<\/tr>\n<tr>\n<td>Jumbo frame:      si<\/td>\n<\/tr>\n<tr>\n<td>Ranura pcie 2<\/td>\n<\/tr>\n<tr>\n<td>Ranura 1: pcie gen 4 x16<\/td>\n<\/tr>\n<tr>\n<td>Ranura 2: pcie gen 4 x4<\/td>\n<\/tr>\n<tr>\n<td>Dimensiones de la tarjeta para la ranura pcie 1~2: 185 x 131,15 x 18,76 mm \/ 7,28 x 5,16 x 0,74 pulgadas.<\/td>\n<\/tr>\n<tr>\n<td>Se pueden instalar tarjetas m\u00e1s anchas si la siguiente ranura pcie no se va a utilizar.<\/td>\n<\/tr>\n<tr>\n<td>Puerto usb 3.2 gen 2 (10 gbps)<\/td>\n<\/tr>\n<tr>\n<td>1 puerto usb 3.2 gen 2 tipo-c 10gbps<\/td>\n<\/tr>\n<tr>\n<td>2 puertos usb 3.2 gen 2 tipo-a 10gbps<\/td>\n<\/tr>\n<tr>\n<td>Salida hdmi 1, hdmi 1.4b (hasta 4096 x 2160 a 30 hz)<\/td>\n<\/tr>\n<tr>\n<td>Factor de forma torre<\/td>\n<\/tr>\n<tr>\n<td>Indicadores led unidad de disco duro 1-8, estado, lan, puerto usb, puerto m.2<\/td>\n<\/tr>\n<tr>\n<td>Pantalla\/bot\u00f3n lcd:      si<\/td>\n<\/tr>\n<tr>\n<td>Botones encendido, restablecimiento, copia usb<\/td>\n<\/tr>\n<tr>\n<td>Dimensiones (altura x anchura x profundidad) 188.2 \u00d7 329.3 \u00d7 280.8 mm<\/td>\n<\/tr>\n<tr>\n<td>Peso (neto) 7.14 kg<\/td>\n<\/tr>\n<tr>\n<td>Peso (bruto) 8,95 kg<\/td>\n<\/tr>\n<tr>\n<td>Temperatura operativa 0 &#8211; 40 \u00b0c (32 \u00b0f &#8211; 104 \u00b0f)<\/td>\n<\/tr>\n<tr>\n<td>Temperatura de almacenamiento -20 &#8211; 70\u00b0c (-4\u00b0f &#8211; 158\u00b0f)<\/td>\n<\/tr>\n<tr>\n<td>Humedad relativa 5 ~ 95 % de humedad relativa sin condensaci\u00f3n, bulbo h\u00famedo: 27  and #730;c (80,6  and #730;f)<\/td>\n<\/tr>\n<tr>\n<td>Unidad de alimentaci\u00f3n el\u00e9ctrica 250 w, 100-240 v<\/td>\n<\/tr>\n<tr>\n<td>Consumo de energ\u00eda: modo suspensi\u00f3n de disco duro: 58.127 w<\/td>\n<\/tr>\n<tr>\n<td>Consumo de energ\u00eda: modo de funcionamiento, t\u00edpico 81.865 w<\/td>\n<\/tr>\n<tr>\n<td>Probado lleno de unidades con unidades de disco duro wd10efrx<\/td>\n<\/tr>\n<tr>\n<td>Ventilador ventilador del sistema: 2 de 120 mm, 12 v de cc<\/td>\n<\/tr>\n<tr>\n<td>Ventilador de cpu: 1 de 60 mm, 12 v de cc<\/td>\n<\/tr>\n<tr>\n<td>Advertencia del sistema timbre<\/td>\n<\/tr>\n<tr>\n<td>Ranura de seguridad kensington<\/td>\n<\/tr>\n<tr>\n<td>N.\u00ba m\u00e1x. de conexiones simult\u00e1neas (cifs): con memoria m\u00e1x. 3500<\/td>\n<\/tr>\n<\/table>\n","protected":false},"excerpt":{"rendered":"<p>Descripcion comercial. Con un procesador intel core i5 de seis n\u00facleos compatible con el sistema operativo quts hero basado en zfs, el tvs-h874 smb nas garantiza la integridad de los datos y admite la deduplicaci\u00f3n de datos en l\u00ednea a nivel de bloque y compresi\u00f3n, instant\u00e1neas casi ilimitadas, snapsync en tiempo real y optimizaci\u00f3n de ssd. Ya se trate de servidores de archivos de misi\u00f3n cr\u00edtica, servidores de virtualizaci\u00f3n, edici\u00f3n de v\u00eddeo colaborativa o eficaces aplicaciones de copia de seguridad y recuperaci\u00f3n de datos, el tvs-h874 ofrece una soluci\u00f3n nas ideal. El tvs-h874 de alto rendimiento proporciona capacidad de ampliaci\u00f3n pcie gen 4 (hasta el doble de la velocidad de transmisi\u00f3n de gen 3), almacenamiento en cach\u00e9 para ssd m.2 nvme y conectividad de 2,5 gbe\/10gbe para entornos de red de virtualizaci\u00f3n de alta velocidad.<\/p>\n","protected":false},"featured_media":225131,"comment_status":"open","ping_status":"open","template":"","meta":[],"product_cat":[1803,1804],"product_tag":[2110],"acf":[],"yoast_head":"<!-- This site is optimized with the Yoast SEO plugin v21.7 - https:\/\/yoast.com\/wordpress\/plugins\/seo\/ -->\n<title>[ Qnap ] &#129351; Tvs-h874-i5-32g-us Nas Tvs-h874-i5-32g\/ 8 Bahias Seis Nucleos 2.5ghz\/32gb Ddr4 Hasta 64gb\/2 Pto 2,5 Gbe\/usb 3.2 X2\/ Hotswap\/ No Incluye Discos\/ Hdmi 1.4b\/ Intel Core I5-12400\/ Torre<\/title>\n<meta name=\"description\" content=\"Compra Tvs-h874-i5-32g-us Nas Tvs-h874-i5-32g\/ 8 Bahias Seis Nucleos 2.5ghz\/32gb Ddr4 Hasta 64gb\/2 Pto 2,5 Gbe\/usb 3.2 X2\/ Hotswap\/ No Incluye Discos\/ Hdmi 1.4b\/ Intel Core I5-12400\/ Torre + Env\u00edo a domicilio + Pago seguro + Garant\u00eda\" \/>\n<meta name=\"robots\" content=\"index, follow, max-snippet:-1, max-image-preview:large, max-video-preview:-1\" \/>\n<link rel=\"canonical\" href=\"https:\/\/compuviper.mx\/tienda\/producto\/qnap-tvs-h874-i5-32g-us-nas-tvs-h874-i5-32g-8-bahias-seis-nucleos-2-5ghz-32gb-ddr4-hasta-64gb-2-pto-25-gbe-usb-3-2-x2-hotswap-no-incluye-discos-hdmi-1-4b-intel-core-i5-12400-torre\/\" \/>\n<meta property=\"og:locale\" content=\"es_MX\" \/>\n<meta property=\"og:type\" content=\"article\" \/>\n<meta property=\"og:title\" content=\"[ Qnap ] &#129351; Tvs-h874-i5-32g-us Nas Tvs-h874-i5-32g\/ 8 Bahias Seis Nucleos 2.5ghz\/32gb Ddr4 Hasta 64gb\/2 Pto 2,5 Gbe\/usb 3.2 X2\/ Hotswap\/ No Incluye Discos\/ Hdmi 1.4b\/ Intel Core I5-12400\/ Torre\" \/>\n<meta property=\"og:description\" content=\"Compra Tvs-h874-i5-32g-us Nas Tvs-h874-i5-32g\/ 8 Bahias Seis Nucleos 2.5ghz\/32gb Ddr4 Hasta 64gb\/2 Pto 2,5 Gbe\/usb 3.2 X2\/ Hotswap\/ No Incluye Discos\/ Hdmi 1.4b\/ Intel Core I5-12400\/ Torre + Env\u00edo a domicilio + Pago seguro + Garant\u00eda\" \/>\n<meta property=\"og:url\" content=\"https:\/\/compuviper.mx\/tienda\/producto\/qnap-tvs-h874-i5-32g-us-nas-tvs-h874-i5-32g-8-bahias-seis-nucleos-2-5ghz-32gb-ddr4-hasta-64gb-2-pto-25-gbe-usb-3-2-x2-hotswap-no-incluye-discos-hdmi-1-4b-intel-core-i5-12400-torre\/\" \/>\n<meta property=\"og:site_name\" content=\"Compuviper\" \/>\n<meta property=\"article:publisher\" content=\"https:\/\/www.facebook.com\/compuviper\" \/>\n<meta property=\"og:image\" content=\"https:\/\/compuviper.mx\/tienda\/wp-content\/uploads\/2023\/12\/Nas-qnap-tvs-h874-i5-32g-8-bahias-seis-nucleos-2.5ghz32gb-ddr4-hasta-64gb2-pto-25-gbeusb-3.2-x2-hotswap-no-incluye-discos-hdmi-1.4b-intel-core-i5-12400-torre.jpg\" \/>\n\t<meta property=\"og:image:width\" content=\"200\" \/>\n\t<meta property=\"og:image:height\" content=\"200\" \/>\n\t<meta property=\"og:image:type\" content=\"image\/jpeg\" \/>\n<meta name=\"twitter:card\" content=\"summary_large_image\" \/>\n<meta name=\"twitter:label1\" content=\"Precio\" \/>\n\t<meta name=\"twitter:data1\" content=\"&#36;43,973 con IVA\" \/>\n\t<meta name=\"twitter:label2\" content=\"Availability\" \/>\n\t<meta name=\"twitter:data2\" content=\"On backorder\" \/>\n<script type=\"application\/ld+json\" class=\"yoast-schema-graph\">{\"@context\":\"https:\/\/schema.org\",\"@graph\":[{\"@type\":\"WebPage\",\"@id\":\"https:\/\/compuviper.mx\/tienda\/producto\/qnap-tvs-h874-i5-32g-us-nas-tvs-h874-i5-32g-8-bahias-seis-nucleos-2-5ghz-32gb-ddr4-hasta-64gb-2-pto-25-gbe-usb-3-2-x2-hotswap-no-incluye-discos-hdmi-1-4b-intel-core-i5-12400-torre\/\",\"url\":\"https:\/\/compuviper.mx\/tienda\/producto\/qnap-tvs-h874-i5-32g-us-nas-tvs-h874-i5-32g-8-bahias-seis-nucleos-2-5ghz-32gb-ddr4-hasta-64gb-2-pto-25-gbe-usb-3-2-x2-hotswap-no-incluye-discos-hdmi-1-4b-intel-core-i5-12400-torre\/\",\"name\":\"[ Qnap ] &#129351; Tvs-h874-i5-32g-us Nas Tvs-h874-i5-32g\/ 8 Bahias Seis Nucleos 2.5ghz\/32gb Ddr4 Hasta 64gb\/2 Pto 2,5 Gbe\/usb 3.2 X2\/ Hotswap\/ No Incluye Discos\/ Hdmi 1.4b\/ Intel Core I5-12400\/ Torre\",\"isPartOf\":{\"@id\":\"https:\/\/compuviper.mx\/tienda\/#website\"},\"datePublished\":\"2026-04-16T07:55:22+00:00\",\"dateModified\":\"2026-04-16T07:55:22+00:00\",\"description\":\"Compra Tvs-h874-i5-32g-us Nas Tvs-h874-i5-32g\/ 8 Bahias Seis Nucleos 2.5ghz\/32gb Ddr4 Hasta 64gb\/2 Pto 2,5 Gbe\/usb 3.2 X2\/ Hotswap\/ No Incluye Discos\/ Hdmi 1.4b\/ Intel Core I5-12400\/ Torre + Env\u00edo a domicilio + Pago seguro + Garant\u00eda\",\"breadcrumb\":{\"@id\":\"https:\/\/compuviper.mx\/tienda\/producto\/qnap-tvs-h874-i5-32g-us-nas-tvs-h874-i5-32g-8-bahias-seis-nucleos-2-5ghz-32gb-ddr4-hasta-64gb-2-pto-25-gbe-usb-3-2-x2-hotswap-no-incluye-discos-hdmi-1-4b-intel-core-i5-12400-torre\/#breadcrumb\"},\"inLanguage\":\"es-MX\",\"potentialAction\":[{\"@type\":\"ReadAction\",\"target\":[\"https:\/\/compuviper.mx\/tienda\/producto\/qnap-tvs-h874-i5-32g-us-nas-tvs-h874-i5-32g-8-bahias-seis-nucleos-2-5ghz-32gb-ddr4-hasta-64gb-2-pto-25-gbe-usb-3-2-x2-hotswap-no-incluye-discos-hdmi-1-4b-intel-core-i5-12400-torre\/\"]}]},{\"@type\":\"BreadcrumbList\",\"@id\":\"https:\/\/compuviper.mx\/tienda\/producto\/qnap-tvs-h874-i5-32g-us-nas-tvs-h874-i5-32g-8-bahias-seis-nucleos-2-5ghz-32gb-ddr4-hasta-64gb-2-pto-25-gbe-usb-3-2-x2-hotswap-no-incluye-discos-hdmi-1-4b-intel-core-i5-12400-torre\/#breadcrumb\",\"itemListElement\":[{\"@type\":\"ListItem\",\"position\":1,\"name\":\"Inicio\",\"item\":\"https:\/\/compuviper.mx\/tienda\/\"},{\"@type\":\"ListItem\",\"position\":2,\"name\":\"Productos\",\"item\":\"https:\/\/compuviper.mx\/tienda\/productos\/\"},{\"@type\":\"ListItem\",\"position\":3,\"name\":\"Almacenamiento\",\"item\":\"https:\/\/compuviper.mx\/tienda\/categoria-producto\/almacenamiento\/\"},{\"@type\":\"ListItem\",\"position\":4,\"name\":\"Sistema De Almacenamiento\",\"item\":\"https:\/\/compuviper.mx\/tienda\/categoria-producto\/almacenamiento\/sistema-de-almacenamiento\/\"},{\"@type\":\"ListItem\",\"position\":5,\"name\":\"Qnap Tvs-h874-i5-32g-us Nas Tvs-h874-i5-32g\/ 8 Bahias Seis Nucleos 2.5ghz\/32gb Ddr4 Hasta 64gb\/2 Pto 2,5 Gbe\/usb 3.2 X2\/ Hotswap\/ No Incluye Discos\/ Hdmi 1.4b\/ Intel Core I5-12400\/ Torre\"}]},{\"@type\":\"WebSite\",\"@id\":\"https:\/\/compuviper.mx\/tienda\/#website\",\"url\":\"https:\/\/compuviper.mx\/tienda\/\",\"name\":\"Compuviper\",\"description\":\"Proveedor de Computadoras, Laptops, Servidores, Monitores, Puntos de Venta, Teclados,   Impresoras, T\u00f3ner, C\u00e1maras de Seguridad y m\u00e1s en tu tienda en l\u00ednea\",\"publisher\":{\"@id\":\"https:\/\/compuviper.mx\/tienda\/#organization\"},\"potentialAction\":[{\"@type\":\"SearchAction\",\"target\":{\"@type\":\"EntryPoint\",\"urlTemplate\":\"https:\/\/compuviper.mx\/tienda\/?s={search_term_string}\"},\"query-input\":\"required name=search_term_string\"}],\"inLanguage\":\"es-MX\"},{\"@type\":\"Organization\",\"@id\":\"https:\/\/compuviper.mx\/tienda\/#organization\",\"name\":\"Compuviper\",\"url\":\"https:\/\/compuviper.mx\/tienda\/\",\"logo\":{\"@type\":\"ImageObject\",\"inLanguage\":\"es-MX\",\"@id\":\"https:\/\/compuviper.mx\/tienda\/#\/schema\/logo\/image\/\",\"url\":\"https:\/\/compuviper.mx\/tienda\/wp-content\/uploads\/2021\/08\/Logo-Compuviper-10.png\",\"contentUrl\":\"https:\/\/compuviper.mx\/tienda\/wp-content\/uploads\/2021\/08\/Logo-Compuviper-10.png\",\"width\":1000,\"height\":500,\"caption\":\"Compuviper\"},\"image\":{\"@id\":\"https:\/\/compuviper.mx\/tienda\/#\/schema\/logo\/image\/\"},\"sameAs\":[\"https:\/\/www.facebook.com\/compuviper\",\"https:\/\/www.youtube.com\/channel\/UCf73dERp9Y3cfOq7q8BhLjA?view_as=subscriber\"]}]}<\/script>\n<meta property=\"product:brand\" content=\"Qnap\" \/>\n<meta property=\"product:price:amount\" content=\"43973\" \/>\n<meta property=\"product:price:currency\" content=\"MXN\" \/>\n<meta property=\"og:availability\" content=\"backorder\" \/>\n<meta property=\"product:availability\" content=\"available for order\" \/>\n<meta property=\"product:retailer_item_id\" content=\"TVS-H874-I5-32G-US\" \/>\n<meta property=\"product:condition\" content=\"new\" \/>\n<!-- \/ Yoast SEO plugin. -->","yoast_head_json":{"title":"[ Qnap ] &#129351; Tvs-h874-i5-32g-us Nas Tvs-h874-i5-32g\/ 8 Bahias Seis Nucleos 2.5ghz\/32gb Ddr4 Hasta 64gb\/2 Pto 2,5 Gbe\/usb 3.2 X2\/ Hotswap\/ No Incluye Discos\/ Hdmi 1.4b\/ Intel Core I5-12400\/ Torre","description":"Compra Tvs-h874-i5-32g-us Nas Tvs-h874-i5-32g\/ 8 Bahias Seis Nucleos 2.5ghz\/32gb Ddr4 Hasta 64gb\/2 Pto 2,5 Gbe\/usb 3.2 X2\/ Hotswap\/ No Incluye Discos\/ Hdmi 1.4b\/ Intel Core I5-12400\/ Torre + Env\u00edo a domicilio + Pago seguro + Garant\u00eda","robots":{"index":"index","follow":"follow","max-snippet":"max-snippet:-1","max-image-preview":"max-image-preview:large","max-video-preview":"max-video-preview:-1"},"canonical":"https:\/\/compuviper.mx\/tienda\/producto\/qnap-tvs-h874-i5-32g-us-nas-tvs-h874-i5-32g-8-bahias-seis-nucleos-2-5ghz-32gb-ddr4-hasta-64gb-2-pto-25-gbe-usb-3-2-x2-hotswap-no-incluye-discos-hdmi-1-4b-intel-core-i5-12400-torre\/","og_locale":"es_MX","og_type":"article","og_title":"[ Qnap ] &#129351; Tvs-h874-i5-32g-us Nas Tvs-h874-i5-32g\/ 8 Bahias Seis Nucleos 2.5ghz\/32gb Ddr4 Hasta 64gb\/2 Pto 2,5 Gbe\/usb 3.2 X2\/ Hotswap\/ No Incluye Discos\/ Hdmi 1.4b\/ Intel Core I5-12400\/ Torre","og_description":"Compra Tvs-h874-i5-32g-us Nas Tvs-h874-i5-32g\/ 8 Bahias Seis Nucleos 2.5ghz\/32gb Ddr4 Hasta 64gb\/2 Pto 2,5 Gbe\/usb 3.2 X2\/ Hotswap\/ No Incluye Discos\/ Hdmi 1.4b\/ Intel Core I5-12400\/ Torre + Env\u00edo a domicilio + Pago seguro + Garant\u00eda","og_url":"https:\/\/compuviper.mx\/tienda\/producto\/qnap-tvs-h874-i5-32g-us-nas-tvs-h874-i5-32g-8-bahias-seis-nucleos-2-5ghz-32gb-ddr4-hasta-64gb-2-pto-25-gbe-usb-3-2-x2-hotswap-no-incluye-discos-hdmi-1-4b-intel-core-i5-12400-torre\/","og_site_name":"Compuviper","article_publisher":"https:\/\/www.facebook.com\/compuviper","og_image":[{"width":200,"height":200,"url":"https:\/\/compuviper.mx\/tienda\/wp-content\/uploads\/2023\/12\/Nas-qnap-tvs-h874-i5-32g-8-bahias-seis-nucleos-2.5ghz32gb-ddr4-hasta-64gb2-pto-25-gbeusb-3.2-x2-hotswap-no-incluye-discos-hdmi-1.4b-intel-core-i5-12400-torre.jpg","type":"image\/jpeg"}],"twitter_card":"summary_large_image","twitter_misc":{"Precio":"&#36;43,973 con IVA","Availability":"On backorder"},"schema":{"@context":"https:\/\/schema.org","@graph":[{"@type":"WebPage","@id":"https:\/\/compuviper.mx\/tienda\/producto\/qnap-tvs-h874-i5-32g-us-nas-tvs-h874-i5-32g-8-bahias-seis-nucleos-2-5ghz-32gb-ddr4-hasta-64gb-2-pto-25-gbe-usb-3-2-x2-hotswap-no-incluye-discos-hdmi-1-4b-intel-core-i5-12400-torre\/","url":"https:\/\/compuviper.mx\/tienda\/producto\/qnap-tvs-h874-i5-32g-us-nas-tvs-h874-i5-32g-8-bahias-seis-nucleos-2-5ghz-32gb-ddr4-hasta-64gb-2-pto-25-gbe-usb-3-2-x2-hotswap-no-incluye-discos-hdmi-1-4b-intel-core-i5-12400-torre\/","name":"[ Qnap ] &#129351; Tvs-h874-i5-32g-us Nas Tvs-h874-i5-32g\/ 8 Bahias Seis Nucleos 2.5ghz\/32gb Ddr4 Hasta 64gb\/2 Pto 2,5 Gbe\/usb 3.2 X2\/ Hotswap\/ No Incluye Discos\/ Hdmi 1.4b\/ Intel Core I5-12400\/ Torre","isPartOf":{"@id":"https:\/\/compuviper.mx\/tienda\/#website"},"datePublished":"2026-04-16T07:55:22+00:00","dateModified":"2026-04-16T07:55:22+00:00","description":"Compra Tvs-h874-i5-32g-us Nas Tvs-h874-i5-32g\/ 8 Bahias Seis Nucleos 2.5ghz\/32gb Ddr4 Hasta 64gb\/2 Pto 2,5 Gbe\/usb 3.2 X2\/ Hotswap\/ No Incluye Discos\/ Hdmi 1.4b\/ Intel Core I5-12400\/ Torre + Env\u00edo a domicilio + Pago seguro + Garant\u00eda","breadcrumb":{"@id":"https:\/\/compuviper.mx\/tienda\/producto\/qnap-tvs-h874-i5-32g-us-nas-tvs-h874-i5-32g-8-bahias-seis-nucleos-2-5ghz-32gb-ddr4-hasta-64gb-2-pto-25-gbe-usb-3-2-x2-hotswap-no-incluye-discos-hdmi-1-4b-intel-core-i5-12400-torre\/#breadcrumb"},"inLanguage":"es-MX","potentialAction":[{"@type":"ReadAction","target":["https:\/\/compuviper.mx\/tienda\/producto\/qnap-tvs-h874-i5-32g-us-nas-tvs-h874-i5-32g-8-bahias-seis-nucleos-2-5ghz-32gb-ddr4-hasta-64gb-2-pto-25-gbe-usb-3-2-x2-hotswap-no-incluye-discos-hdmi-1-4b-intel-core-i5-12400-torre\/"]}]},{"@type":"BreadcrumbList","@id":"https:\/\/compuviper.mx\/tienda\/producto\/qnap-tvs-h874-i5-32g-us-nas-tvs-h874-i5-32g-8-bahias-seis-nucleos-2-5ghz-32gb-ddr4-hasta-64gb-2-pto-25-gbe-usb-3-2-x2-hotswap-no-incluye-discos-hdmi-1-4b-intel-core-i5-12400-torre\/#breadcrumb","itemListElement":[{"@type":"ListItem","position":1,"name":"Inicio","item":"https:\/\/compuviper.mx\/tienda\/"},{"@type":"ListItem","position":2,"name":"Productos","item":"https:\/\/compuviper.mx\/tienda\/productos\/"},{"@type":"ListItem","position":3,"name":"Almacenamiento","item":"https:\/\/compuviper.mx\/tienda\/categoria-producto\/almacenamiento\/"},{"@type":"ListItem","position":4,"name":"Sistema De Almacenamiento","item":"https:\/\/compuviper.mx\/tienda\/categoria-producto\/almacenamiento\/sistema-de-almacenamiento\/"},{"@type":"ListItem","position":5,"name":"Qnap Tvs-h874-i5-32g-us Nas Tvs-h874-i5-32g\/ 8 Bahias Seis Nucleos 2.5ghz\/32gb Ddr4 Hasta 64gb\/2 Pto 2,5 Gbe\/usb 3.2 X2\/ Hotswap\/ No Incluye Discos\/ Hdmi 1.4b\/ Intel Core I5-12400\/ Torre"}]},{"@type":"WebSite","@id":"https:\/\/compuviper.mx\/tienda\/#website","url":"https:\/\/compuviper.mx\/tienda\/","name":"Compuviper","description":"Proveedor de Computadoras, Laptops, Servidores, Monitores, Puntos de Venta, Teclados,   Impresoras, T\u00f3ner, C\u00e1maras de Seguridad y m\u00e1s en tu tienda en l\u00ednea","publisher":{"@id":"https:\/\/compuviper.mx\/tienda\/#organization"},"potentialAction":[{"@type":"SearchAction","target":{"@type":"EntryPoint","urlTemplate":"https:\/\/compuviper.mx\/tienda\/?s={search_term_string}"},"query-input":"required name=search_term_string"}],"inLanguage":"es-MX"},{"@type":"Organization","@id":"https:\/\/compuviper.mx\/tienda\/#organization","name":"Compuviper","url":"https:\/\/compuviper.mx\/tienda\/","logo":{"@type":"ImageObject","inLanguage":"es-MX","@id":"https:\/\/compuviper.mx\/tienda\/#\/schema\/logo\/image\/","url":"https:\/\/compuviper.mx\/tienda\/wp-content\/uploads\/2021\/08\/Logo-Compuviper-10.png","contentUrl":"https:\/\/compuviper.mx\/tienda\/wp-content\/uploads\/2021\/08\/Logo-Compuviper-10.png","width":1000,"height":500,"caption":"Compuviper"},"image":{"@id":"https:\/\/compuviper.mx\/tienda\/#\/schema\/logo\/image\/"},"sameAs":["https:\/\/www.facebook.com\/compuviper","https:\/\/www.youtube.com\/channel\/UCf73dERp9Y3cfOq7q8BhLjA?view_as=subscriber"]}]},"product_brand":"Qnap","product_price_amount":"43973","product_price_currency":"MXN","og_availability":"backorder","product_availability":"available for order","product_retailer_item_id":"TVS-H874-I5-32G-US","product_condition":"new"},"_links":{"self":[{"href":"https:\/\/compuviper.mx\/tienda\/wp-json\/wp\/v2\/product\/225130"}],"collection":[{"href":"https:\/\/compuviper.mx\/tienda\/wp-json\/wp\/v2\/product"}],"about":[{"href":"https:\/\/compuviper.mx\/tienda\/wp-json\/wp\/v2\/types\/product"}],"replies":[{"embeddable":true,"href":"https:\/\/compuviper.mx\/tienda\/wp-json\/wp\/v2\/comments?post=225130"}],"wp:featuredmedia":[{"embeddable":true,"href":"https:\/\/compuviper.mx\/tienda\/wp-json\/wp\/v2\/media\/225131"}],"wp:attachment":[{"href":"https:\/\/compuviper.mx\/tienda\/wp-json\/wp\/v2\/media?parent=225130"}],"wp:term":[{"taxonomy":"product_cat","embeddable":true,"href":"https:\/\/compuviper.mx\/tienda\/wp-json\/wp\/v2\/product_cat?post=225130"},{"taxonomy":"product_tag","embeddable":true,"href":"https:\/\/compuviper.mx\/tienda\/wp-json\/wp\/v2\/product_tag?post=225130"}],"curies":[{"name":"wp","href":"https:\/\/api.w.org\/{rel}","templated":true}]}}