{"id":225124,"date":"2026-04-16T01:55:20","date_gmt":"2026-04-16T07:55:20","guid":{"rendered":"https:\/\/compuviper.mx\/tienda\/producto\/qnap-ts-253e-8g-us-nas-ts-253e-8g-2-bahias-torre-intel-celeron-4nucleos-2-6ghz-8gb-ram-ddr4-lan-25gbe2-wake-on-lan-hdmi2-usb-3-22-usb-2-0-2-soporta-m-2-22802-no-inclu\/"},"modified":"2026-04-16T01:55:20","modified_gmt":"2026-04-16T07:55:20","slug":"qnap-ts-253e-8g-us-nas-ts-253e-8g-2-bahias-torre-intel-celeron-4nucleos-2-6ghz-8gb-ram-ddr4-lan-25gbe2-wake-on-lan-hdmi2-usb-3-22-usb-2-0-2-soporta-m-2-22802-no-incluye-discos","status":"publish","type":"product","link":"https:\/\/compuviper.mx\/tienda\/producto\/qnap-ts-253e-8g-us-nas-ts-253e-8g-2-bahias-torre-intel-celeron-4nucleos-2-6ghz-8gb-ram-ddr4-lan-25gbe2-wake-on-lan-hdmi2-usb-3-22-usb-2-0-2-soporta-m-2-22802-no-incluye-discos\/","title":{"rendered":"Qnap Ts-253e-8g-us Nas  Ts-253e-8g \/ 2 Bahias \/ Torre \/ Intel Celeron 4nucleos 2.6ghz \/ 8gb Ram Ddr4 \/ Lan 2,5gbe2 \/ Wake On Lan \/ Hdmi2 \/ Usb 3.22 \/ Usb 2.0 2 \/ Soporta M.2 22802 \/ No Incluye Discos"},"content":{"rendered":"<table class=\"descripcion\">\n<tr>\n<td>Ts-253e-8g<\/td>\n<\/tr>\n<tr>\n<td>Cpu:     procesador intel celeron j6412 de cuatro n\u00facleos y cuatro hilos, con potencia de hasta 2,6 ghz<\/td>\n<\/tr>\n<tr>\n<td>Arquitectura de cpu:     x86 de 64 bits<\/td>\n<\/tr>\n<tr>\n<td>Procesadores gr\u00e1ficos:     intel uhd graphics<\/td>\n<\/tr>\n<tr>\n<td>Unidad de coma flotante:     si<\/td>\n<\/tr>\n<tr>\n<td>Motor de cifrado:     (aes-ni)<\/td>\n<\/tr>\n<tr>\n<td>Transcodificaci\u00f3n acelerada de hardware:      si<\/td>\n<\/tr>\n<tr>\n<td>Memoria del sistema:     8 gb de memoria integrada (no ampliable)<\/td>\n<\/tr>\n<tr>\n<td>Memoria m\u00e1xima:     8 gb<\/td>\n<\/tr>\n<tr>\n<td>Memoria flash:     4 gb (protecci\u00f3n del sistema operativo de doble arranque)<\/td>\n<\/tr>\n<tr>\n<td>Bah\u00eda de unidades:     2 unidades sata de 3,5 a 6gb\/s<\/td>\n<\/tr>\n<tr>\n<td>(el sistema se env\u00eda sin unidad de disco duro.)<\/td>\n<\/tr>\n<tr>\n<td>Para ver la lista de compatibilidad de discos duros, visite: https:\/\/www.qnap.com\/compatibility\/<\/td>\n<\/tr>\n<tr>\n<td>Compatibilidad de unidades: 3.5-inch sata hard disk drives \/ 2.5-inch sata solid state drives<\/td>\n<\/tr>\n<tr>\n<td>Intercambiable en caliente:     si<\/td>\n<\/tr>\n<tr>\n<td>Ranura m.2:     2 ranuras pcie m.2 2280 gen 3 x2<\/td>\n<\/tr>\n<tr>\n<td>Compatibilidad con aceleraci\u00f3n de cach\u00e9 ssd:     si<\/td>\n<\/tr>\n<tr>\n<td>Puerto 2,5 gbe (2,5g\/1g\/100m):     2 (2,5g\/1g\/100m\/10m)<\/td>\n<\/tr>\n<tr>\n<td>Wake-on-lan (wol):     si<\/td>\n<\/tr>\n<tr>\n<td>Jumbo frame:      si<\/td>\n<\/tr>\n<tr>\n<td>Puerto usb 2.0:     2<\/td>\n<\/tr>\n<tr>\n<td>Puerto usb 3.2 gen 2 (10 gbps):     2 puertos tipo-a<\/td>\n<\/tr>\n<tr>\n<td>Salida hdmi:     2 puertos hdmi 1.4b (hasta 3840 x 2160 a 30 hz)<\/td>\n<\/tr>\n<tr>\n<td>Factor de forma:     torre<\/td>\n<\/tr>\n<tr>\n<td>Indicadores led:     alimentaci\u00f3n\/estado, lan, usb, unidad de disco duro 1-2<\/td>\n<\/tr>\n<tr>\n<td>Botones:     encendido, restablecimiento, copia de un toque usb<\/td>\n<\/tr>\n<tr>\n<td>Dimensiones:     (altura x anchura x profundidad):     168.5 \u00d7 102 \u00d7 225 mm<\/td>\n<\/tr>\n<tr>\n<td>Peso (neto):     1,28 kg<\/td>\n<\/tr>\n<tr>\n<td>Peso (bruto):     2,32 kg<\/td>\n<\/tr>\n<tr>\n<td>Temperatura operativa:     0 &#8211; 40 \u00b0c (32 \u00b0f &#8211; 104 \u00b0f)<\/td>\n<\/tr>\n<tr>\n<td>Temperatura de almacenamiento:     -20 &#8211; 70\u00b0c (-4\u00b0f &#8211; 158\u00b0f)<\/td>\n<\/tr>\n<tr>\n<td>Humedad relativa:     5 ~ 95 % de humedad relativa sin condensaci\u00f3n, bulbo h\u00famedo: 27  and #730;c (80,6  and #730;f)<\/td>\n<\/tr>\n<tr>\n<td>Unidad de alimentaci\u00f3n el\u00e9ctrica:     adaptador de 60 w\/65 w, 100-240 v<\/td>\n<\/tr>\n<tr>\n<td>Consumo de energ\u00eda: modo suspensi\u00f3n de disco duro:     10,56 w<\/td>\n<\/tr>\n<tr>\n<td>Consumo de energ\u00eda: modo de funcionamiento, t\u00edpico:     18,09 w<\/td>\n<\/tr>\n<tr>\n<td>Ventilador:     1 de 70 mm, 12 v de cc<\/td>\n<\/tr>\n<tr>\n<td>Advertencia del sistema:     timbre<\/td>\n<\/tr>\n<tr>\n<td>Ranura de seguridad kensington:     si<\/td>\n<\/tr>\n<tr>\n<td>N.\u00ba m\u00e1x. de conexiones simult\u00e1neas (cifs): con memoria m\u00e1x:     1500<\/td>\n<\/tr>\n<\/table>\n","protected":false},"excerpt":{"rendered":"<p>El ts-253e incluye conectividad de 2,5gbe, 8 gb de ram y ranuras m.2 para cach\u00e9 ssd nvme para ofrecer un alto rendimiento para aplicaciones como sistemas de vigilancia, m\u00e1quinas virtuales, servidores de archivos o servidores de copia de seguridad. Las dos salidas hdmi tambi\u00e9n ofrecen reproducci\u00f3n multimedia directa y una monitorizaci\u00f3n de vigilancia robusta. Qnap garantizar\u00e1 la disponibilidad y el soporte a largo plazo del ts-253e, lo que supone una magn\u00edfica oportunidad para las empresas que necesitan implementar modelos de nas coincidentes en m\u00faltiples ubicaciones.<\/p>\n","protected":false},"featured_media":225125,"comment_status":"open","ping_status":"open","template":"","meta":[],"product_cat":[1803,1804],"product_tag":[2110],"acf":[],"yoast_head":"<!-- This site is optimized with the Yoast SEO plugin v21.7 - https:\/\/yoast.com\/wordpress\/plugins\/seo\/ -->\n<title>[ Qnap ] &#129351; Ts-253e-8g-us Nas Ts-253e-8g \/ 2 Bahias \/ Torre \/ Intel Celeron 4nucleos 2.6ghz \/ 8gb Ram Ddr4 \/ Lan 2,5gbe2 \/ Wake On Lan \/ Hdmi2 \/ Usb 3.22 \/ Usb 2.0 2 \/ Soporta M.2 22802 \/ No Incluye Discos<\/title>\n<meta name=\"description\" content=\"Compra Ts-253e-8g-us Nas Ts-253e-8g \/ 2 Bahias \/ Torre \/ Intel Celeron 4nucleos 2.6ghz \/ 8gb Ram Ddr4 \/ Lan 2,5gbe2 \/ Wake On Lan \/ Hdmi2 \/ Usb 3.22 \/ Usb 2.0 2 \/ Soporta M.2 22802 \/ No Incluye Discos + Env\u00edo a domicilio + Pago seguro + Garant\u00eda\" \/>\n<meta name=\"robots\" content=\"index, follow, max-snippet:-1, max-image-preview:large, max-video-preview:-1\" \/>\n<link rel=\"canonical\" href=\"https:\/\/compuviper.mx\/tienda\/producto\/qnap-ts-253e-8g-us-nas-ts-253e-8g-2-bahias-torre-intel-celeron-4nucleos-2-6ghz-8gb-ram-ddr4-lan-25gbe2-wake-on-lan-hdmi2-usb-3-22-usb-2-0-2-soporta-m-2-22802-no-incluye-discos\/\" \/>\n<meta property=\"og:locale\" content=\"es_MX\" \/>\n<meta property=\"og:type\" content=\"article\" \/>\n<meta property=\"og:title\" content=\"[ Qnap ] &#129351; Ts-253e-8g-us Nas Ts-253e-8g \/ 2 Bahias \/ Torre \/ Intel Celeron 4nucleos 2.6ghz \/ 8gb Ram Ddr4 \/ Lan 2,5gbe2 \/ Wake On Lan \/ Hdmi2 \/ Usb 3.22 \/ Usb 2.0 2 \/ Soporta M.2 22802 \/ No Incluye Discos\" \/>\n<meta property=\"og:description\" content=\"Compra Ts-253e-8g-us Nas Ts-253e-8g \/ 2 Bahias \/ Torre \/ Intel Celeron 4nucleos 2.6ghz \/ 8gb Ram Ddr4 \/ Lan 2,5gbe2 \/ Wake On Lan \/ Hdmi2 \/ Usb 3.22 \/ Usb 2.0 2 \/ Soporta M.2 22802 \/ No Incluye Discos + Env\u00edo a domicilio + Pago seguro + Garant\u00eda\" \/>\n<meta property=\"og:url\" content=\"https:\/\/compuviper.mx\/tienda\/producto\/qnap-ts-253e-8g-us-nas-ts-253e-8g-2-bahias-torre-intel-celeron-4nucleos-2-6ghz-8gb-ram-ddr4-lan-25gbe2-wake-on-lan-hdmi2-usb-3-22-usb-2-0-2-soporta-m-2-22802-no-incluye-discos\/\" \/>\n<meta property=\"og:site_name\" content=\"Compuviper\" \/>\n<meta property=\"article:publisher\" content=\"https:\/\/www.facebook.com\/compuviper\" \/>\n<meta property=\"og:image\" content=\"https:\/\/compuviper.mx\/tienda\/wp-content\/uploads\/2023\/12\/Nas-qnap-ts-253e-8g-2-bahias-torre-intel-celeron-4nucleos-2.6ghz-8gb-ram-ddr4-lan-25gbe2-wake-on-lan-hdmi2-usb-3.22-usb-2.0-2-soporta-m.2-22802-no-incluye-discos.jpg\" \/>\n\t<meta property=\"og:image:width\" content=\"200\" \/>\n\t<meta property=\"og:image:height\" content=\"200\" \/>\n\t<meta property=\"og:image:type\" content=\"image\/jpeg\" \/>\n<meta name=\"twitter:card\" content=\"summary_large_image\" \/>\n<meta name=\"twitter:label1\" content=\"Precio\" \/>\n\t<meta name=\"twitter:data1\" content=\"&#36;11,065 &#36;10,736 con IVA\" \/>\n\t<meta name=\"twitter:label2\" content=\"Availability\" \/>\n\t<meta name=\"twitter:data2\" content=\"In stock\" \/>\n<script type=\"application\/ld+json\" class=\"yoast-schema-graph\">{\"@context\":\"https:\/\/schema.org\",\"@graph\":[{\"@type\":\"WebPage\",\"@id\":\"https:\/\/compuviper.mx\/tienda\/producto\/qnap-ts-253e-8g-us-nas-ts-253e-8g-2-bahias-torre-intel-celeron-4nucleos-2-6ghz-8gb-ram-ddr4-lan-25gbe2-wake-on-lan-hdmi2-usb-3-22-usb-2-0-2-soporta-m-2-22802-no-incluye-discos\/\",\"url\":\"https:\/\/compuviper.mx\/tienda\/producto\/qnap-ts-253e-8g-us-nas-ts-253e-8g-2-bahias-torre-intel-celeron-4nucleos-2-6ghz-8gb-ram-ddr4-lan-25gbe2-wake-on-lan-hdmi2-usb-3-22-usb-2-0-2-soporta-m-2-22802-no-incluye-discos\/\",\"name\":\"[ Qnap ] &#129351; Ts-253e-8g-us Nas Ts-253e-8g \/ 2 Bahias \/ Torre \/ Intel Celeron 4nucleos 2.6ghz \/ 8gb Ram Ddr4 \/ Lan 2,5gbe2 \/ Wake On Lan \/ Hdmi2 \/ Usb 3.22 \/ Usb 2.0 2 \/ Soporta M.2 22802 \/ No Incluye Discos\",\"isPartOf\":{\"@id\":\"https:\/\/compuviper.mx\/tienda\/#website\"},\"datePublished\":\"2026-04-16T07:55:20+00:00\",\"dateModified\":\"2026-04-16T07:55:20+00:00\",\"description\":\"Compra Ts-253e-8g-us Nas Ts-253e-8g \/ 2 Bahias \/ Torre \/ Intel Celeron 4nucleos 2.6ghz \/ 8gb Ram Ddr4 \/ Lan 2,5gbe2 \/ Wake On Lan \/ Hdmi2 \/ Usb 3.22 \/ Usb 2.0 2 \/ Soporta M.2 22802 \/ No Incluye Discos + Env\u00edo a domicilio + Pago seguro + Garant\u00eda\",\"breadcrumb\":{\"@id\":\"https:\/\/compuviper.mx\/tienda\/producto\/qnap-ts-253e-8g-us-nas-ts-253e-8g-2-bahias-torre-intel-celeron-4nucleos-2-6ghz-8gb-ram-ddr4-lan-25gbe2-wake-on-lan-hdmi2-usb-3-22-usb-2-0-2-soporta-m-2-22802-no-incluye-discos\/#breadcrumb\"},\"inLanguage\":\"es-MX\",\"potentialAction\":[{\"@type\":\"ReadAction\",\"target\":[\"https:\/\/compuviper.mx\/tienda\/producto\/qnap-ts-253e-8g-us-nas-ts-253e-8g-2-bahias-torre-intel-celeron-4nucleos-2-6ghz-8gb-ram-ddr4-lan-25gbe2-wake-on-lan-hdmi2-usb-3-22-usb-2-0-2-soporta-m-2-22802-no-incluye-discos\/\"]}]},{\"@type\":\"BreadcrumbList\",\"@id\":\"https:\/\/compuviper.mx\/tienda\/producto\/qnap-ts-253e-8g-us-nas-ts-253e-8g-2-bahias-torre-intel-celeron-4nucleos-2-6ghz-8gb-ram-ddr4-lan-25gbe2-wake-on-lan-hdmi2-usb-3-22-usb-2-0-2-soporta-m-2-22802-no-incluye-discos\/#breadcrumb\",\"itemListElement\":[{\"@type\":\"ListItem\",\"position\":1,\"name\":\"Inicio\",\"item\":\"https:\/\/compuviper.mx\/tienda\/\"},{\"@type\":\"ListItem\",\"position\":2,\"name\":\"Productos\",\"item\":\"https:\/\/compuviper.mx\/tienda\/productos\/\"},{\"@type\":\"ListItem\",\"position\":3,\"name\":\"Almacenamiento\",\"item\":\"https:\/\/compuviper.mx\/tienda\/categoria-producto\/almacenamiento\/\"},{\"@type\":\"ListItem\",\"position\":4,\"name\":\"Sistema De Almacenamiento\",\"item\":\"https:\/\/compuviper.mx\/tienda\/categoria-producto\/almacenamiento\/sistema-de-almacenamiento\/\"},{\"@type\":\"ListItem\",\"position\":5,\"name\":\"Qnap Ts-253e-8g-us Nas Ts-253e-8g \/ 2 Bahias \/ Torre \/ Intel Celeron 4nucleos 2.6ghz \/ 8gb Ram Ddr4 \/ Lan 2,5gbe2 \/ Wake On Lan \/ Hdmi2 \/ Usb 3.22 \/ Usb 2.0 2 \/ Soporta M.2 22802 \/ No Incluye Discos\"}]},{\"@type\":\"WebSite\",\"@id\":\"https:\/\/compuviper.mx\/tienda\/#website\",\"url\":\"https:\/\/compuviper.mx\/tienda\/\",\"name\":\"Compuviper\",\"description\":\"Proveedor de Computadoras, Laptops, Servidores, Monitores, Puntos de Venta, Teclados,   Impresoras, T\u00f3ner, C\u00e1maras de Seguridad y m\u00e1s en tu tienda en l\u00ednea\",\"publisher\":{\"@id\":\"https:\/\/compuviper.mx\/tienda\/#organization\"},\"potentialAction\":[{\"@type\":\"SearchAction\",\"target\":{\"@type\":\"EntryPoint\",\"urlTemplate\":\"https:\/\/compuviper.mx\/tienda\/?s={search_term_string}\"},\"query-input\":\"required name=search_term_string\"}],\"inLanguage\":\"es-MX\"},{\"@type\":\"Organization\",\"@id\":\"https:\/\/compuviper.mx\/tienda\/#organization\",\"name\":\"Compuviper\",\"url\":\"https:\/\/compuviper.mx\/tienda\/\",\"logo\":{\"@type\":\"ImageObject\",\"inLanguage\":\"es-MX\",\"@id\":\"https:\/\/compuviper.mx\/tienda\/#\/schema\/logo\/image\/\",\"url\":\"https:\/\/compuviper.mx\/tienda\/wp-content\/uploads\/2021\/08\/Logo-Compuviper-10.png\",\"contentUrl\":\"https:\/\/compuviper.mx\/tienda\/wp-content\/uploads\/2021\/08\/Logo-Compuviper-10.png\",\"width\":1000,\"height\":500,\"caption\":\"Compuviper\"},\"image\":{\"@id\":\"https:\/\/compuviper.mx\/tienda\/#\/schema\/logo\/image\/\"},\"sameAs\":[\"https:\/\/www.facebook.com\/compuviper\",\"https:\/\/www.youtube.com\/channel\/UCf73dERp9Y3cfOq7q8BhLjA?view_as=subscriber\"]}]}<\/script>\n<meta property=\"product:brand\" content=\"Qnap\" \/>\n<meta property=\"product:price:amount\" content=\"10736\" \/>\n<meta property=\"product:price:currency\" content=\"MXN\" \/>\n<meta property=\"og:availability\" content=\"instock\" \/>\n<meta property=\"product:availability\" content=\"instock\" \/>\n<meta property=\"product:retailer_item_id\" content=\"TS-253E-8G-US\" \/>\n<meta property=\"product:condition\" content=\"new\" \/>\n<!-- \/ Yoast SEO plugin. -->","yoast_head_json":{"title":"[ Qnap ] &#129351; Ts-253e-8g-us Nas Ts-253e-8g \/ 2 Bahias \/ Torre \/ Intel Celeron 4nucleos 2.6ghz \/ 8gb Ram Ddr4 \/ Lan 2,5gbe2 \/ Wake On Lan \/ Hdmi2 \/ Usb 3.22 \/ Usb 2.0 2 \/ Soporta M.2 22802 \/ No Incluye Discos","description":"Compra Ts-253e-8g-us Nas Ts-253e-8g \/ 2 Bahias \/ Torre \/ Intel Celeron 4nucleos 2.6ghz \/ 8gb Ram Ddr4 \/ Lan 2,5gbe2 \/ Wake On Lan \/ Hdmi2 \/ Usb 3.22 \/ Usb 2.0 2 \/ Soporta M.2 22802 \/ No Incluye Discos + Env\u00edo a domicilio + Pago seguro + Garant\u00eda","robots":{"index":"index","follow":"follow","max-snippet":"max-snippet:-1","max-image-preview":"max-image-preview:large","max-video-preview":"max-video-preview:-1"},"canonical":"https:\/\/compuviper.mx\/tienda\/producto\/qnap-ts-253e-8g-us-nas-ts-253e-8g-2-bahias-torre-intel-celeron-4nucleos-2-6ghz-8gb-ram-ddr4-lan-25gbe2-wake-on-lan-hdmi2-usb-3-22-usb-2-0-2-soporta-m-2-22802-no-incluye-discos\/","og_locale":"es_MX","og_type":"article","og_title":"[ Qnap ] &#129351; Ts-253e-8g-us Nas Ts-253e-8g \/ 2 Bahias \/ Torre \/ Intel Celeron 4nucleos 2.6ghz \/ 8gb Ram Ddr4 \/ Lan 2,5gbe2 \/ Wake On Lan \/ Hdmi2 \/ Usb 3.22 \/ Usb 2.0 2 \/ Soporta M.2 22802 \/ No Incluye Discos","og_description":"Compra Ts-253e-8g-us Nas Ts-253e-8g \/ 2 Bahias \/ Torre \/ Intel Celeron 4nucleos 2.6ghz \/ 8gb Ram Ddr4 \/ Lan 2,5gbe2 \/ Wake On Lan \/ Hdmi2 \/ Usb 3.22 \/ Usb 2.0 2 \/ Soporta M.2 22802 \/ No Incluye Discos + Env\u00edo a domicilio + Pago seguro + Garant\u00eda","og_url":"https:\/\/compuviper.mx\/tienda\/producto\/qnap-ts-253e-8g-us-nas-ts-253e-8g-2-bahias-torre-intel-celeron-4nucleos-2-6ghz-8gb-ram-ddr4-lan-25gbe2-wake-on-lan-hdmi2-usb-3-22-usb-2-0-2-soporta-m-2-22802-no-incluye-discos\/","og_site_name":"Compuviper","article_publisher":"https:\/\/www.facebook.com\/compuviper","og_image":[{"width":200,"height":200,"url":"https:\/\/compuviper.mx\/tienda\/wp-content\/uploads\/2023\/12\/Nas-qnap-ts-253e-8g-2-bahias-torre-intel-celeron-4nucleos-2.6ghz-8gb-ram-ddr4-lan-25gbe2-wake-on-lan-hdmi2-usb-3.22-usb-2.0-2-soporta-m.2-22802-no-incluye-discos.jpg","type":"image\/jpeg"}],"twitter_card":"summary_large_image","twitter_misc":{"Precio":"&#36;11,065 &#36;10,736 con IVA","Availability":"In stock"},"schema":{"@context":"https:\/\/schema.org","@graph":[{"@type":"WebPage","@id":"https:\/\/compuviper.mx\/tienda\/producto\/qnap-ts-253e-8g-us-nas-ts-253e-8g-2-bahias-torre-intel-celeron-4nucleos-2-6ghz-8gb-ram-ddr4-lan-25gbe2-wake-on-lan-hdmi2-usb-3-22-usb-2-0-2-soporta-m-2-22802-no-incluye-discos\/","url":"https:\/\/compuviper.mx\/tienda\/producto\/qnap-ts-253e-8g-us-nas-ts-253e-8g-2-bahias-torre-intel-celeron-4nucleos-2-6ghz-8gb-ram-ddr4-lan-25gbe2-wake-on-lan-hdmi2-usb-3-22-usb-2-0-2-soporta-m-2-22802-no-incluye-discos\/","name":"[ Qnap ] &#129351; Ts-253e-8g-us Nas Ts-253e-8g \/ 2 Bahias \/ Torre \/ Intel Celeron 4nucleos 2.6ghz \/ 8gb Ram Ddr4 \/ Lan 2,5gbe2 \/ Wake On Lan \/ Hdmi2 \/ Usb 3.22 \/ Usb 2.0 2 \/ Soporta M.2 22802 \/ No Incluye Discos","isPartOf":{"@id":"https:\/\/compuviper.mx\/tienda\/#website"},"datePublished":"2026-04-16T07:55:20+00:00","dateModified":"2026-04-16T07:55:20+00:00","description":"Compra Ts-253e-8g-us Nas Ts-253e-8g \/ 2 Bahias \/ Torre \/ Intel Celeron 4nucleos 2.6ghz \/ 8gb Ram Ddr4 \/ Lan 2,5gbe2 \/ Wake On Lan \/ Hdmi2 \/ Usb 3.22 \/ Usb 2.0 2 \/ Soporta M.2 22802 \/ No Incluye Discos + Env\u00edo a domicilio + Pago seguro + Garant\u00eda","breadcrumb":{"@id":"https:\/\/compuviper.mx\/tienda\/producto\/qnap-ts-253e-8g-us-nas-ts-253e-8g-2-bahias-torre-intel-celeron-4nucleos-2-6ghz-8gb-ram-ddr4-lan-25gbe2-wake-on-lan-hdmi2-usb-3-22-usb-2-0-2-soporta-m-2-22802-no-incluye-discos\/#breadcrumb"},"inLanguage":"es-MX","potentialAction":[{"@type":"ReadAction","target":["https:\/\/compuviper.mx\/tienda\/producto\/qnap-ts-253e-8g-us-nas-ts-253e-8g-2-bahias-torre-intel-celeron-4nucleos-2-6ghz-8gb-ram-ddr4-lan-25gbe2-wake-on-lan-hdmi2-usb-3-22-usb-2-0-2-soporta-m-2-22802-no-incluye-discos\/"]}]},{"@type":"BreadcrumbList","@id":"https:\/\/compuviper.mx\/tienda\/producto\/qnap-ts-253e-8g-us-nas-ts-253e-8g-2-bahias-torre-intel-celeron-4nucleos-2-6ghz-8gb-ram-ddr4-lan-25gbe2-wake-on-lan-hdmi2-usb-3-22-usb-2-0-2-soporta-m-2-22802-no-incluye-discos\/#breadcrumb","itemListElement":[{"@type":"ListItem","position":1,"name":"Inicio","item":"https:\/\/compuviper.mx\/tienda\/"},{"@type":"ListItem","position":2,"name":"Productos","item":"https:\/\/compuviper.mx\/tienda\/productos\/"},{"@type":"ListItem","position":3,"name":"Almacenamiento","item":"https:\/\/compuviper.mx\/tienda\/categoria-producto\/almacenamiento\/"},{"@type":"ListItem","position":4,"name":"Sistema De Almacenamiento","item":"https:\/\/compuviper.mx\/tienda\/categoria-producto\/almacenamiento\/sistema-de-almacenamiento\/"},{"@type":"ListItem","position":5,"name":"Qnap Ts-253e-8g-us Nas Ts-253e-8g \/ 2 Bahias \/ Torre \/ Intel Celeron 4nucleos 2.6ghz \/ 8gb Ram Ddr4 \/ Lan 2,5gbe2 \/ Wake On Lan \/ Hdmi2 \/ Usb 3.22 \/ Usb 2.0 2 \/ Soporta M.2 22802 \/ No Incluye Discos"}]},{"@type":"WebSite","@id":"https:\/\/compuviper.mx\/tienda\/#website","url":"https:\/\/compuviper.mx\/tienda\/","name":"Compuviper","description":"Proveedor de Computadoras, Laptops, Servidores, Monitores, Puntos de Venta, Teclados,   Impresoras, T\u00f3ner, C\u00e1maras de Seguridad y m\u00e1s en tu tienda en l\u00ednea","publisher":{"@id":"https:\/\/compuviper.mx\/tienda\/#organization"},"potentialAction":[{"@type":"SearchAction","target":{"@type":"EntryPoint","urlTemplate":"https:\/\/compuviper.mx\/tienda\/?s={search_term_string}"},"query-input":"required name=search_term_string"}],"inLanguage":"es-MX"},{"@type":"Organization","@id":"https:\/\/compuviper.mx\/tienda\/#organization","name":"Compuviper","url":"https:\/\/compuviper.mx\/tienda\/","logo":{"@type":"ImageObject","inLanguage":"es-MX","@id":"https:\/\/compuviper.mx\/tienda\/#\/schema\/logo\/image\/","url":"https:\/\/compuviper.mx\/tienda\/wp-content\/uploads\/2021\/08\/Logo-Compuviper-10.png","contentUrl":"https:\/\/compuviper.mx\/tienda\/wp-content\/uploads\/2021\/08\/Logo-Compuviper-10.png","width":1000,"height":500,"caption":"Compuviper"},"image":{"@id":"https:\/\/compuviper.mx\/tienda\/#\/schema\/logo\/image\/"},"sameAs":["https:\/\/www.facebook.com\/compuviper","https:\/\/www.youtube.com\/channel\/UCf73dERp9Y3cfOq7q8BhLjA?view_as=subscriber"]}]},"product_brand":"Qnap","product_price_amount":"10736","product_price_currency":"MXN","og_availability":"instock","product_availability":"instock","product_retailer_item_id":"TS-253E-8G-US","product_condition":"new"},"_links":{"self":[{"href":"https:\/\/compuviper.mx\/tienda\/wp-json\/wp\/v2\/product\/225124"}],"collection":[{"href":"https:\/\/compuviper.mx\/tienda\/wp-json\/wp\/v2\/product"}],"about":[{"href":"https:\/\/compuviper.mx\/tienda\/wp-json\/wp\/v2\/types\/product"}],"replies":[{"embeddable":true,"href":"https:\/\/compuviper.mx\/tienda\/wp-json\/wp\/v2\/comments?post=225124"}],"wp:featuredmedia":[{"embeddable":true,"href":"https:\/\/compuviper.mx\/tienda\/wp-json\/wp\/v2\/media\/225125"}],"wp:attachment":[{"href":"https:\/\/compuviper.mx\/tienda\/wp-json\/wp\/v2\/media?parent=225124"}],"wp:term":[{"taxonomy":"product_cat","embeddable":true,"href":"https:\/\/compuviper.mx\/tienda\/wp-json\/wp\/v2\/product_cat?post=225124"},{"taxonomy":"product_tag","embeddable":true,"href":"https:\/\/compuviper.mx\/tienda\/wp-json\/wp\/v2\/product_tag?post=225124"}],"curies":[{"name":"wp","href":"https:\/\/api.w.org\/{rel}","templated":true}]}}