{"id":225114,"date":"2026-04-17T02:01:26","date_gmt":"2026-04-17T08:01:26","guid":{"rendered":"https:\/\/compuviper.mx\/tienda\/producto\/qnap-ts-1655-8g-us-nas-ts-1655-8g-16-bahias-12-sata-de-35-4-sata-de-25-ocho-nucleos-2-8ghz-8gb-ddr4-hasta-128gb-2-pto-25-gbe-usb-3-2-x4-hotswap-no-incluye-discos-atom-c5125-torre-hasta-24\/"},"modified":"2026-04-17T02:01:26","modified_gmt":"2026-04-17T08:01:26","slug":"qnap-ts-1655-8g-us-nas-ts-1655-8g-16-bahias-12-sata-de-35-4-sata-de-25-ocho-nucleos-2-8ghz-8gb-ddr4-hasta-128gb-2-pto-25-gbe-usb-3-2-x4-hotswap-no-incluye-discos-atom-c5125-torre-hasta-240","status":"publish","type":"product","link":"https:\/\/compuviper.mx\/tienda\/producto\/qnap-ts-1655-8g-us-nas-ts-1655-8g-16-bahias-12-sata-de-35-4-sata-de-25-ocho-nucleos-2-8ghz-8gb-ddr4-hasta-128gb-2-pto-25-gbe-usb-3-2-x4-hotswap-no-incluye-discos-atom-c5125-torre-hasta-240\/","title":{"rendered":"Qnap Ts-1655-8g-us Nas  Ts-1655-8g\/ 16 Bahias \/12 Sata De 3,5 4 Sata De 2,5\/ocho Nucleos 2.8ghz\/8gb Ddr4 Hasta 128gb\/2 Pto 2,5 Gbe\/usb 3.2 X4\/ Hotswap\/ No Incluye Discos\/ Atom C5125\/ Torre\/ Hasta 240 Tb"},"content":{"rendered":"<table class=\"descripcion\">\n<tr>\n<td>Descripcion tecnica<\/td>\n<\/tr>\n<tr>\n<td>Ts-1655-8g<\/td>\n<\/tr>\n<tr>\n<td>Cpu intel \u00ae atom\u00ae c5125 8-core processor, 2.8ghz<\/td>\n<\/tr>\n<tr>\n<td>Arquitectura de cpu x86 de 64 bits<\/td>\n<\/tr>\n<tr>\n<td>Unidad de coma flotante:      si<\/td>\n<\/tr>\n<tr>\n<td>Motor de cifrado  (aes-ni):      si<\/td>\n<\/tr>\n<tr>\n<td>Memoria del sistema 8 gb de memoria ddr4 udimm (1 m\u00f3dulo de 8 gb)<\/td>\n<\/tr>\n<tr>\n<td>Memoria m\u00e1xima 128 gb (4 m\u00f3dulos de 32 gb)<\/td>\n<\/tr>\n<tr>\n<td>Ranura para memoria 4 m\u00f3dulos de memoria ddr4 u-dimm<\/td>\n<\/tr>\n<tr>\n<td>Compatibilidad con memoria ecc<\/td>\n<\/tr>\n<tr>\n<td>Memoria flash 5 gb (protecci\u00f3n del sistema operativo de doble arranque)<\/td>\n<\/tr>\n<tr>\n<td>Bah\u00eda de unidades 12 unidades sata de 3,5 + 4 unidades sata de 2,5 a 6gb\/s, 3gb\/s<\/td>\n<\/tr>\n<tr>\n<td>Compatibilidad de unidades 3.5-inch bays:<\/td>\n<\/tr>\n<tr>\n<td>3.5-inch sata hard disk drives<\/td>\n<\/tr>\n<tr>\n<td>2.5-inch sata solid state drives<\/td>\n<\/tr>\n<tr>\n<td>2.5-inch bays:<\/td>\n<\/tr>\n<tr>\n<td>2.5-inch sata solid state drives<\/td>\n<\/tr>\n<tr>\n<td>Intercambiable en caliente:      si<\/td>\n<\/tr>\n<tr>\n<td>Las siguientes unidades no son intercambiables en caliente: ssd m.2, unidades ssd de cach\u00e9, ssd con ranuras de expansi\u00f3n pcie.<\/td>\n<\/tr>\n<tr>\n<td>Ranura m.2<\/td>\n<\/tr>\n<tr>\n<td>2 ranuras para m.2 2280 pcie gen3 x2<\/td>\n<\/tr>\n<tr>\n<td>La ssd m.2 no se incluye de serie.<\/td>\n<\/tr>\n<tr>\n<td>Las operaciones de la ssd m.2 pueden generar f\u00e1cilmente un calor excesivo. se recomienda instalar un disipador t\u00e9rmico (de qnap o de otro proveedor) en la ssd m.2.<\/td>\n<\/tr>\n<tr>\n<td>Compatibilidad con aceleraci\u00f3n de cach\u00e9 ssd:      si<\/td>\n<\/tr>\n<tr>\n<td>Sr-iov:      si<\/td>\n<\/tr>\n<tr>\n<td>Puerto 2,5 gbe (2,5g\/1g\/100m) 2 (2,5g\/1g\/100m\/10m)<\/td>\n<\/tr>\n<tr>\n<td>Puerto 5 gbe (5g\/2,5g\/1g\/100m) opcional a trav\u00e9s de la tarjeta de expansi\u00f3n pcie<\/td>\n<\/tr>\n<tr>\n<td>Puerto 10 gbe opcional a trav\u00e9s de la tarjeta de expansi\u00f3n pcie<\/td>\n<\/tr>\n<tr>\n<td>Opcional a trav\u00e9s de la tarjeta de expansi\u00f3n pcie<\/td>\n<\/tr>\n<tr>\n<td>Puerto 25 gbe opcional a trav\u00e9s de la tarjeta de expansi\u00f3n pcie<\/td>\n<\/tr>\n<tr>\n<td>Wake-on-lan (wol):     si<\/td>\n<\/tr>\n<tr>\n<td>Solo el puerto 2,5gbe<\/td>\n<\/tr>\n<tr>\n<td>Jumbo frame:      si<\/td>\n<\/tr>\n<tr>\n<td>Ranura pcie 3<\/td>\n<\/tr>\n<tr>\n<td>Ranura 1: pcie gen 3 x4<\/td>\n<\/tr>\n<tr>\n<td>Ranura 2: pcie gen 3 x4<\/td>\n<\/tr>\n<tr>\n<td>Ranura 3: pcie gen 3 x4<\/td>\n<\/tr>\n<tr>\n<td>Card dimensions for pcie slot 1 and #65306;260 x 111.15 x 37.52 mm \/ 10.25 x 4.38 x 1.48 inches.<\/td>\n<\/tr>\n<tr>\n<td>Card dimensions for pcie slot 2 and #65306;150 x 68.9 x 18.76 mm \/ 5.90 x 2.71 x 0.74 inches.<\/td>\n<\/tr>\n<tr>\n<td>Card dimensions for pcie slot 3 and #65306;150 x 68.9 x 18.76 mm \/ 5.90 x 2.71 x 0.74 inches.<\/td>\n<\/tr>\n<tr>\n<td>Wider cards can be installed if the next pcie slot will not be used.<\/td>\n<\/tr>\n<tr>\n<td>Puerto usb 3.2 gen 1 4<\/td>\n<\/tr>\n<tr>\n<td>Factor de forma torre<\/td>\n<\/tr>\n<tr>\n<td>Indicadores led alimentaci\u00f3n\/estado, lan, usb, unidad de disco duro 1-12, ssd 1-4, ssd m.2 de 1-2<\/td>\n<\/tr>\n<tr>\n<td>Botones encendido, restablecimiento, copia de un toque usb<\/td>\n<\/tr>\n<tr>\n<td>Dimensiones (altura x anchura x profundidad) 294.29 \u00d7 369.89 \u00d7 319.8 mm<\/td>\n<\/tr>\n<tr>\n<td>Peso (neto) 13.16 kg<\/td>\n<\/tr>\n<tr>\n<td>Peso (bruto) 16.68 kg<\/td>\n<\/tr>\n<tr>\n<td>Temperatura operativa 0 &#8211; 40 \u00b0c (32 \u00b0f &#8211; 104 \u00b0f)<\/td>\n<\/tr>\n<tr>\n<td>Temperatura de almacenamiento -20 &#8211; 70\u00b0c (-4\u00b0f &#8211; 158\u00b0f)<\/td>\n<\/tr>\n<tr>\n<td>Humedad relativa 5 ~ 95 % de humedad relativa sin condensaci\u00f3n, bulbo h\u00famedo: 27  and #730;c (80,6  and #730;f)<\/td>\n<\/tr>\n<tr>\n<td>Unidad de alimentaci\u00f3n el\u00e9ctrica 550 w, 100-240 v<\/td>\n<\/tr>\n<tr>\n<td>1 cable pci-e de 8 patillas + 1 cable pci-e de 8 (6+2) patillas<\/td>\n<\/tr>\n<tr>\n<td>Consumo de energ\u00eda: modo suspensi\u00f3n de disco duro: 68.004 w<\/td>\n<\/tr>\n<tr>\n<td>Consumo de energ\u00eda: modo de funcionamiento, t\u00edpico 104,65 w<\/td>\n<\/tr>\n<tr>\n<td>Probado totalmente lleno de unidades de disco duro de 1 tb. y unidades de estado s\u00f3lido de 120 gb.<\/td>\n<\/tr>\n<tr>\n<td>Ventilador ventilador del sistema: 3 de 92 mm, 12 v de cc<\/td>\n<\/tr>\n<tr>\n<td>Ventilador de cpu: 2 de 97 mm, 12 v de cc<\/td>\n<\/tr>\n<tr>\n<td>Otras interfaces ranura de seguridad kensington<\/td>\n<\/tr>\n<tr>\n<td>Advertencia del sistema timbre<\/td>\n<\/tr>\n<tr>\n<td>Ranura de seguridad kensington<\/td>\n<\/tr>\n<tr>\n<td>Garant\u00eda est\u00e1ndar 3<\/td>\n<\/tr>\n<tr>\n<td>N.\u00ba m\u00e1x. de conexiones simult\u00e1neas (cifs): con memoria m\u00e1x. 700<\/td>\n<\/tr>\n<\/table>\n","protected":false},"excerpt":{"rendered":"<p>Descripcion comercial. Equilibre el rendimiento y el costo con el almacenamiento h\u00edbrido. Dise\u00f1ado para entornos de ti empresariales diversificados, el ts-1655 de gran capacidad cuenta con doce bah\u00edas para unidades sata de 3,5 pulgadas (para unidades de disco duro) y cuatro bah\u00edas para unidades sata de 2,5 pulgadas (para ssd) con conectividad de alta velocidad de 2,5 gbe. Impulsado por un inmenso procesador intel de 8 n\u00facleos, el ts-1655 presenta una soluci\u00f3n de almacenamiento empresarial segura, escalable y completa para que pueda compartir archivos entre equipos, colaboraci\u00f3n, copia de seguridad y recuperaci\u00f3n ante desastres, virtualizaci\u00f3n y transmisi\u00f3n intensiva de datos<\/p>\n","protected":false},"featured_media":225115,"comment_status":"open","ping_status":"open","template":"","meta":[],"product_cat":[1803,1804],"product_tag":[2110],"acf":[],"yoast_head":"<!-- This site is optimized with the Yoast SEO plugin v21.7 - https:\/\/yoast.com\/wordpress\/plugins\/seo\/ -->\n<title>[ Qnap ] &#129351; Ts-1655-8g-us Nas Ts-1655-8g\/ 16 Bahias \/12 Sata De 3,5 4 Sata De 2,5\/ocho Nucleos 2.8ghz\/8gb Ddr4 Hasta 128gb\/2 Pto 2,5 Gbe\/usb 3.2 X4\/ Hotswap\/ No Incluye Discos\/ Atom C5125\/ Torre\/ Hasta 240 Tb<\/title>\n<meta name=\"description\" content=\"Compra Ts-1655-8g-us Nas Ts-1655-8g\/ 16 Bahias \/12 Sata De 3,5 4 Sata De 2,5\/ocho Nucleos 2.8ghz\/8gb Ddr4 Hasta 128gb\/2 Pto 2,5 Gbe\/usb 3.2 X4\/ Hotswap\/ No Incluye Discos\/ Atom C5125\/ Torre\/ Hasta 240 Tb + Env\u00edo a domicilio + Pago seguro + Garant\u00eda\" \/>\n<meta name=\"robots\" content=\"index, follow, max-snippet:-1, max-image-preview:large, max-video-preview:-1\" \/>\n<link rel=\"canonical\" href=\"https:\/\/compuviper.mx\/tienda\/producto\/qnap-ts-1655-8g-us-nas-ts-1655-8g-16-bahias-12-sata-de-35-4-sata-de-25-ocho-nucleos-2-8ghz-8gb-ddr4-hasta-128gb-2-pto-25-gbe-usb-3-2-x4-hotswap-no-incluye-discos-atom-c5125-torre-hasta-240\/\" \/>\n<meta property=\"og:locale\" content=\"es_MX\" \/>\n<meta property=\"og:type\" content=\"article\" \/>\n<meta property=\"og:title\" content=\"[ Qnap ] &#129351; Ts-1655-8g-us Nas Ts-1655-8g\/ 16 Bahias \/12 Sata De 3,5 4 Sata De 2,5\/ocho Nucleos 2.8ghz\/8gb Ddr4 Hasta 128gb\/2 Pto 2,5 Gbe\/usb 3.2 X4\/ Hotswap\/ No Incluye Discos\/ Atom C5125\/ Torre\/ Hasta 240 Tb\" \/>\n<meta property=\"og:description\" content=\"Compra Ts-1655-8g-us Nas Ts-1655-8g\/ 16 Bahias \/12 Sata De 3,5 4 Sata De 2,5\/ocho Nucleos 2.8ghz\/8gb Ddr4 Hasta 128gb\/2 Pto 2,5 Gbe\/usb 3.2 X4\/ Hotswap\/ No Incluye Discos\/ Atom C5125\/ Torre\/ Hasta 240 Tb + Env\u00edo a domicilio + Pago seguro + Garant\u00eda\" \/>\n<meta property=\"og:url\" content=\"https:\/\/compuviper.mx\/tienda\/producto\/qnap-ts-1655-8g-us-nas-ts-1655-8g-16-bahias-12-sata-de-35-4-sata-de-25-ocho-nucleos-2-8ghz-8gb-ddr4-hasta-128gb-2-pto-25-gbe-usb-3-2-x4-hotswap-no-incluye-discos-atom-c5125-torre-hasta-240\/\" \/>\n<meta property=\"og:site_name\" content=\"Compuviper\" \/>\n<meta property=\"article:publisher\" content=\"https:\/\/www.facebook.com\/compuviper\" \/>\n<meta property=\"og:image\" content=\"https:\/\/compuviper.mx\/tienda\/wp-content\/uploads\/2023\/12\/Nas-qnap-ts-1655-8g-16-bahias-12-sata-de-35-4-sata-de-25ocho-nucleos-2.8ghz8gb-ddr4-hasta-128gb2-pto-25-gbeusb-3.2-x4-hotswap-no-incluye-discos-atom-c5125-torre-hasta-240-tb.jpg\" \/>\n\t<meta property=\"og:image:width\" content=\"200\" \/>\n\t<meta property=\"og:image:height\" content=\"200\" \/>\n\t<meta property=\"og:image:type\" content=\"image\/jpeg\" \/>\n<meta name=\"twitter:card\" content=\"summary_large_image\" \/>\n<meta name=\"twitter:label1\" content=\"Precio\" \/>\n\t<meta name=\"twitter:data1\" content=\"&#36;37,742 con IVA\" \/>\n\t<meta name=\"twitter:label2\" content=\"Availability\" \/>\n\t<meta name=\"twitter:data2\" content=\"Out of stock\" \/>\n<script type=\"application\/ld+json\" class=\"yoast-schema-graph\">{\"@context\":\"https:\/\/schema.org\",\"@graph\":[{\"@type\":\"WebPage\",\"@id\":\"https:\/\/compuviper.mx\/tienda\/producto\/qnap-ts-1655-8g-us-nas-ts-1655-8g-16-bahias-12-sata-de-35-4-sata-de-25-ocho-nucleos-2-8ghz-8gb-ddr4-hasta-128gb-2-pto-25-gbe-usb-3-2-x4-hotswap-no-incluye-discos-atom-c5125-torre-hasta-240\/\",\"url\":\"https:\/\/compuviper.mx\/tienda\/producto\/qnap-ts-1655-8g-us-nas-ts-1655-8g-16-bahias-12-sata-de-35-4-sata-de-25-ocho-nucleos-2-8ghz-8gb-ddr4-hasta-128gb-2-pto-25-gbe-usb-3-2-x4-hotswap-no-incluye-discos-atom-c5125-torre-hasta-240\/\",\"name\":\"[ Qnap ] &#129351; Ts-1655-8g-us Nas Ts-1655-8g\/ 16 Bahias \/12 Sata De 3,5 4 Sata De 2,5\/ocho Nucleos 2.8ghz\/8gb Ddr4 Hasta 128gb\/2 Pto 2,5 Gbe\/usb 3.2 X4\/ Hotswap\/ No Incluye Discos\/ Atom C5125\/ Torre\/ Hasta 240 Tb\",\"isPartOf\":{\"@id\":\"https:\/\/compuviper.mx\/tienda\/#website\"},\"datePublished\":\"2026-04-17T08:01:26+00:00\",\"dateModified\":\"2026-04-17T08:01:26+00:00\",\"description\":\"Compra Ts-1655-8g-us Nas Ts-1655-8g\/ 16 Bahias \/12 Sata De 3,5 4 Sata De 2,5\/ocho Nucleos 2.8ghz\/8gb Ddr4 Hasta 128gb\/2 Pto 2,5 Gbe\/usb 3.2 X4\/ Hotswap\/ No Incluye Discos\/ Atom C5125\/ Torre\/ Hasta 240 Tb + Env\u00edo a domicilio + Pago seguro + Garant\u00eda\",\"breadcrumb\":{\"@id\":\"https:\/\/compuviper.mx\/tienda\/producto\/qnap-ts-1655-8g-us-nas-ts-1655-8g-16-bahias-12-sata-de-35-4-sata-de-25-ocho-nucleos-2-8ghz-8gb-ddr4-hasta-128gb-2-pto-25-gbe-usb-3-2-x4-hotswap-no-incluye-discos-atom-c5125-torre-hasta-240\/#breadcrumb\"},\"inLanguage\":\"es-MX\",\"potentialAction\":[{\"@type\":\"ReadAction\",\"target\":[\"https:\/\/compuviper.mx\/tienda\/producto\/qnap-ts-1655-8g-us-nas-ts-1655-8g-16-bahias-12-sata-de-35-4-sata-de-25-ocho-nucleos-2-8ghz-8gb-ddr4-hasta-128gb-2-pto-25-gbe-usb-3-2-x4-hotswap-no-incluye-discos-atom-c5125-torre-hasta-240\/\"]}]},{\"@type\":\"BreadcrumbList\",\"@id\":\"https:\/\/compuviper.mx\/tienda\/producto\/qnap-ts-1655-8g-us-nas-ts-1655-8g-16-bahias-12-sata-de-35-4-sata-de-25-ocho-nucleos-2-8ghz-8gb-ddr4-hasta-128gb-2-pto-25-gbe-usb-3-2-x4-hotswap-no-incluye-discos-atom-c5125-torre-hasta-240\/#breadcrumb\",\"itemListElement\":[{\"@type\":\"ListItem\",\"position\":1,\"name\":\"Inicio\",\"item\":\"https:\/\/compuviper.mx\/tienda\/\"},{\"@type\":\"ListItem\",\"position\":2,\"name\":\"Productos\",\"item\":\"https:\/\/compuviper.mx\/tienda\/productos\/\"},{\"@type\":\"ListItem\",\"position\":3,\"name\":\"Almacenamiento\",\"item\":\"https:\/\/compuviper.mx\/tienda\/categoria-producto\/almacenamiento\/\"},{\"@type\":\"ListItem\",\"position\":4,\"name\":\"Sistema De Almacenamiento\",\"item\":\"https:\/\/compuviper.mx\/tienda\/categoria-producto\/almacenamiento\/sistema-de-almacenamiento\/\"},{\"@type\":\"ListItem\",\"position\":5,\"name\":\"Qnap Ts-1655-8g-us Nas Ts-1655-8g\/ 16 Bahias \/12 Sata De 3,5 4 Sata De 2,5\/ocho Nucleos 2.8ghz\/8gb Ddr4 Hasta 128gb\/2 Pto 2,5 Gbe\/usb 3.2 X4\/ Hotswap\/ No Incluye Discos\/ Atom C5125\/ Torre\/ Hasta 240 Tb\"}]},{\"@type\":\"WebSite\",\"@id\":\"https:\/\/compuviper.mx\/tienda\/#website\",\"url\":\"https:\/\/compuviper.mx\/tienda\/\",\"name\":\"Compuviper\",\"description\":\"Proveedor de Computadoras, Laptops, Servidores, Monitores, Puntos de Venta, Teclados,   Impresoras, T\u00f3ner, C\u00e1maras de Seguridad y m\u00e1s en tu tienda en l\u00ednea\",\"publisher\":{\"@id\":\"https:\/\/compuviper.mx\/tienda\/#organization\"},\"potentialAction\":[{\"@type\":\"SearchAction\",\"target\":{\"@type\":\"EntryPoint\",\"urlTemplate\":\"https:\/\/compuviper.mx\/tienda\/?s={search_term_string}\"},\"query-input\":\"required name=search_term_string\"}],\"inLanguage\":\"es-MX\"},{\"@type\":\"Organization\",\"@id\":\"https:\/\/compuviper.mx\/tienda\/#organization\",\"name\":\"Compuviper\",\"url\":\"https:\/\/compuviper.mx\/tienda\/\",\"logo\":{\"@type\":\"ImageObject\",\"inLanguage\":\"es-MX\",\"@id\":\"https:\/\/compuviper.mx\/tienda\/#\/schema\/logo\/image\/\",\"url\":\"https:\/\/compuviper.mx\/tienda\/wp-content\/uploads\/2021\/08\/Logo-Compuviper-10.png\",\"contentUrl\":\"https:\/\/compuviper.mx\/tienda\/wp-content\/uploads\/2021\/08\/Logo-Compuviper-10.png\",\"width\":1000,\"height\":500,\"caption\":\"Compuviper\"},\"image\":{\"@id\":\"https:\/\/compuviper.mx\/tienda\/#\/schema\/logo\/image\/\"},\"sameAs\":[\"https:\/\/www.facebook.com\/compuviper\",\"https:\/\/www.youtube.com\/channel\/UCf73dERp9Y3cfOq7q8BhLjA?view_as=subscriber\"]}]}<\/script>\n<meta property=\"product:brand\" content=\"Qnap\" \/>\n<meta property=\"product:price:amount\" content=\"37742\" \/>\n<meta property=\"product:price:currency\" content=\"MXN\" \/>\n<meta property=\"og:availability\" content=\"out of stock\" \/>\n<meta property=\"product:availability\" content=\"out of stock\" \/>\n<meta property=\"product:retailer_item_id\" content=\"TS-1655-8G-US\" \/>\n<meta property=\"product:condition\" content=\"new\" \/>\n<!-- \/ Yoast SEO plugin. -->","yoast_head_json":{"title":"[ Qnap ] &#129351; Ts-1655-8g-us Nas Ts-1655-8g\/ 16 Bahias \/12 Sata De 3,5 4 Sata De 2,5\/ocho Nucleos 2.8ghz\/8gb Ddr4 Hasta 128gb\/2 Pto 2,5 Gbe\/usb 3.2 X4\/ Hotswap\/ No Incluye Discos\/ Atom C5125\/ Torre\/ Hasta 240 Tb","description":"Compra Ts-1655-8g-us Nas Ts-1655-8g\/ 16 Bahias \/12 Sata De 3,5 4 Sata De 2,5\/ocho Nucleos 2.8ghz\/8gb Ddr4 Hasta 128gb\/2 Pto 2,5 Gbe\/usb 3.2 X4\/ Hotswap\/ No Incluye Discos\/ Atom C5125\/ Torre\/ Hasta 240 Tb + Env\u00edo a domicilio + Pago seguro + Garant\u00eda","robots":{"index":"index","follow":"follow","max-snippet":"max-snippet:-1","max-image-preview":"max-image-preview:large","max-video-preview":"max-video-preview:-1"},"canonical":"https:\/\/compuviper.mx\/tienda\/producto\/qnap-ts-1655-8g-us-nas-ts-1655-8g-16-bahias-12-sata-de-35-4-sata-de-25-ocho-nucleos-2-8ghz-8gb-ddr4-hasta-128gb-2-pto-25-gbe-usb-3-2-x4-hotswap-no-incluye-discos-atom-c5125-torre-hasta-240\/","og_locale":"es_MX","og_type":"article","og_title":"[ Qnap ] &#129351; Ts-1655-8g-us Nas Ts-1655-8g\/ 16 Bahias \/12 Sata De 3,5 4 Sata De 2,5\/ocho Nucleos 2.8ghz\/8gb Ddr4 Hasta 128gb\/2 Pto 2,5 Gbe\/usb 3.2 X4\/ Hotswap\/ No Incluye Discos\/ Atom C5125\/ Torre\/ Hasta 240 Tb","og_description":"Compra Ts-1655-8g-us Nas Ts-1655-8g\/ 16 Bahias \/12 Sata De 3,5 4 Sata De 2,5\/ocho Nucleos 2.8ghz\/8gb Ddr4 Hasta 128gb\/2 Pto 2,5 Gbe\/usb 3.2 X4\/ Hotswap\/ No Incluye Discos\/ Atom C5125\/ Torre\/ Hasta 240 Tb + Env\u00edo a domicilio + Pago seguro + Garant\u00eda","og_url":"https:\/\/compuviper.mx\/tienda\/producto\/qnap-ts-1655-8g-us-nas-ts-1655-8g-16-bahias-12-sata-de-35-4-sata-de-25-ocho-nucleos-2-8ghz-8gb-ddr4-hasta-128gb-2-pto-25-gbe-usb-3-2-x4-hotswap-no-incluye-discos-atom-c5125-torre-hasta-240\/","og_site_name":"Compuviper","article_publisher":"https:\/\/www.facebook.com\/compuviper","og_image":[{"width":200,"height":200,"url":"https:\/\/compuviper.mx\/tienda\/wp-content\/uploads\/2023\/12\/Nas-qnap-ts-1655-8g-16-bahias-12-sata-de-35-4-sata-de-25ocho-nucleos-2.8ghz8gb-ddr4-hasta-128gb2-pto-25-gbeusb-3.2-x4-hotswap-no-incluye-discos-atom-c5125-torre-hasta-240-tb.jpg","type":"image\/jpeg"}],"twitter_card":"summary_large_image","twitter_misc":{"Precio":"&#36;37,742 con IVA","Availability":"Out of stock"},"schema":{"@context":"https:\/\/schema.org","@graph":[{"@type":"WebPage","@id":"https:\/\/compuviper.mx\/tienda\/producto\/qnap-ts-1655-8g-us-nas-ts-1655-8g-16-bahias-12-sata-de-35-4-sata-de-25-ocho-nucleos-2-8ghz-8gb-ddr4-hasta-128gb-2-pto-25-gbe-usb-3-2-x4-hotswap-no-incluye-discos-atom-c5125-torre-hasta-240\/","url":"https:\/\/compuviper.mx\/tienda\/producto\/qnap-ts-1655-8g-us-nas-ts-1655-8g-16-bahias-12-sata-de-35-4-sata-de-25-ocho-nucleos-2-8ghz-8gb-ddr4-hasta-128gb-2-pto-25-gbe-usb-3-2-x4-hotswap-no-incluye-discos-atom-c5125-torre-hasta-240\/","name":"[ Qnap ] &#129351; Ts-1655-8g-us Nas Ts-1655-8g\/ 16 Bahias \/12 Sata De 3,5 4 Sata De 2,5\/ocho Nucleos 2.8ghz\/8gb Ddr4 Hasta 128gb\/2 Pto 2,5 Gbe\/usb 3.2 X4\/ Hotswap\/ No Incluye Discos\/ Atom C5125\/ Torre\/ Hasta 240 Tb","isPartOf":{"@id":"https:\/\/compuviper.mx\/tienda\/#website"},"datePublished":"2026-04-17T08:01:26+00:00","dateModified":"2026-04-17T08:01:26+00:00","description":"Compra Ts-1655-8g-us Nas Ts-1655-8g\/ 16 Bahias \/12 Sata De 3,5 4 Sata De 2,5\/ocho Nucleos 2.8ghz\/8gb Ddr4 Hasta 128gb\/2 Pto 2,5 Gbe\/usb 3.2 X4\/ Hotswap\/ No Incluye Discos\/ Atom C5125\/ Torre\/ Hasta 240 Tb + Env\u00edo a domicilio + Pago seguro + Garant\u00eda","breadcrumb":{"@id":"https:\/\/compuviper.mx\/tienda\/producto\/qnap-ts-1655-8g-us-nas-ts-1655-8g-16-bahias-12-sata-de-35-4-sata-de-25-ocho-nucleos-2-8ghz-8gb-ddr4-hasta-128gb-2-pto-25-gbe-usb-3-2-x4-hotswap-no-incluye-discos-atom-c5125-torre-hasta-240\/#breadcrumb"},"inLanguage":"es-MX","potentialAction":[{"@type":"ReadAction","target":["https:\/\/compuviper.mx\/tienda\/producto\/qnap-ts-1655-8g-us-nas-ts-1655-8g-16-bahias-12-sata-de-35-4-sata-de-25-ocho-nucleos-2-8ghz-8gb-ddr4-hasta-128gb-2-pto-25-gbe-usb-3-2-x4-hotswap-no-incluye-discos-atom-c5125-torre-hasta-240\/"]}]},{"@type":"BreadcrumbList","@id":"https:\/\/compuviper.mx\/tienda\/producto\/qnap-ts-1655-8g-us-nas-ts-1655-8g-16-bahias-12-sata-de-35-4-sata-de-25-ocho-nucleos-2-8ghz-8gb-ddr4-hasta-128gb-2-pto-25-gbe-usb-3-2-x4-hotswap-no-incluye-discos-atom-c5125-torre-hasta-240\/#breadcrumb","itemListElement":[{"@type":"ListItem","position":1,"name":"Inicio","item":"https:\/\/compuviper.mx\/tienda\/"},{"@type":"ListItem","position":2,"name":"Productos","item":"https:\/\/compuviper.mx\/tienda\/productos\/"},{"@type":"ListItem","position":3,"name":"Almacenamiento","item":"https:\/\/compuviper.mx\/tienda\/categoria-producto\/almacenamiento\/"},{"@type":"ListItem","position":4,"name":"Sistema De Almacenamiento","item":"https:\/\/compuviper.mx\/tienda\/categoria-producto\/almacenamiento\/sistema-de-almacenamiento\/"},{"@type":"ListItem","position":5,"name":"Qnap Ts-1655-8g-us Nas Ts-1655-8g\/ 16 Bahias \/12 Sata De 3,5 4 Sata De 2,5\/ocho Nucleos 2.8ghz\/8gb Ddr4 Hasta 128gb\/2 Pto 2,5 Gbe\/usb 3.2 X4\/ Hotswap\/ No Incluye Discos\/ Atom C5125\/ Torre\/ Hasta 240 Tb"}]},{"@type":"WebSite","@id":"https:\/\/compuviper.mx\/tienda\/#website","url":"https:\/\/compuviper.mx\/tienda\/","name":"Compuviper","description":"Proveedor de Computadoras, Laptops, Servidores, Monitores, Puntos de Venta, Teclados,   Impresoras, T\u00f3ner, C\u00e1maras de Seguridad y m\u00e1s en tu tienda en l\u00ednea","publisher":{"@id":"https:\/\/compuviper.mx\/tienda\/#organization"},"potentialAction":[{"@type":"SearchAction","target":{"@type":"EntryPoint","urlTemplate":"https:\/\/compuviper.mx\/tienda\/?s={search_term_string}"},"query-input":"required name=search_term_string"}],"inLanguage":"es-MX"},{"@type":"Organization","@id":"https:\/\/compuviper.mx\/tienda\/#organization","name":"Compuviper","url":"https:\/\/compuviper.mx\/tienda\/","logo":{"@type":"ImageObject","inLanguage":"es-MX","@id":"https:\/\/compuviper.mx\/tienda\/#\/schema\/logo\/image\/","url":"https:\/\/compuviper.mx\/tienda\/wp-content\/uploads\/2021\/08\/Logo-Compuviper-10.png","contentUrl":"https:\/\/compuviper.mx\/tienda\/wp-content\/uploads\/2021\/08\/Logo-Compuviper-10.png","width":1000,"height":500,"caption":"Compuviper"},"image":{"@id":"https:\/\/compuviper.mx\/tienda\/#\/schema\/logo\/image\/"},"sameAs":["https:\/\/www.facebook.com\/compuviper","https:\/\/www.youtube.com\/channel\/UCf73dERp9Y3cfOq7q8BhLjA?view_as=subscriber"]}]},"product_brand":"Qnap","product_price_amount":"37742","product_price_currency":"MXN","og_availability":"out of stock","product_availability":"out of stock","product_retailer_item_id":"TS-1655-8G-US","product_condition":"new"},"_links":{"self":[{"href":"https:\/\/compuviper.mx\/tienda\/wp-json\/wp\/v2\/product\/225114"}],"collection":[{"href":"https:\/\/compuviper.mx\/tienda\/wp-json\/wp\/v2\/product"}],"about":[{"href":"https:\/\/compuviper.mx\/tienda\/wp-json\/wp\/v2\/types\/product"}],"replies":[{"embeddable":true,"href":"https:\/\/compuviper.mx\/tienda\/wp-json\/wp\/v2\/comments?post=225114"}],"wp:featuredmedia":[{"embeddable":true,"href":"https:\/\/compuviper.mx\/tienda\/wp-json\/wp\/v2\/media\/225115"}],"wp:attachment":[{"href":"https:\/\/compuviper.mx\/tienda\/wp-json\/wp\/v2\/media?parent=225114"}],"wp:term":[{"taxonomy":"product_cat","embeddable":true,"href":"https:\/\/compuviper.mx\/tienda\/wp-json\/wp\/v2\/product_cat?post=225114"},{"taxonomy":"product_tag","embeddable":true,"href":"https:\/\/compuviper.mx\/tienda\/wp-json\/wp\/v2\/product_tag?post=225114"}],"curies":[{"name":"wp","href":"https:\/\/api.w.org\/{rel}","templated":true}]}}