{"id":225106,"date":"2026-04-16T01:55:17","date_gmt":"2026-04-16T07:55:17","guid":{"rendered":"https:\/\/compuviper.mx\/tienda\/producto\/qnap-ts-664-8g-us-nas-ts-664-8g-torre-6-bahias-celeron-n5095-nucleo-cuadruple-2-9-ghz-8gb-ram-ddr4-lan-25gbe-x2-usb-3-2-x2-hdmi-hot-swap-soportea-m-2-2280-no-incluye-discos\/"},"modified":"2026-04-16T01:55:17","modified_gmt":"2026-04-16T07:55:17","slug":"qnap-ts-664-8g-us-nas-ts-664-8g-torre-6-bahias-celeron-n5095-nucleo-cuadruple-2-9-ghz-8gb-ram-ddr4-lan-25gbe-x2-usb-3-2-x2-hdmi-hot-swap-soportea-m-2-2280-no-incluye-discos","status":"publish","type":"product","link":"https:\/\/compuviper.mx\/tienda\/producto\/qnap-ts-664-8g-us-nas-ts-664-8g-torre-6-bahias-celeron-n5095-nucleo-cuadruple-2-9-ghz-8gb-ram-ddr4-lan-25gbe-x2-usb-3-2-x2-hdmi-hot-swap-soportea-m-2-2280-no-incluye-discos\/","title":{"rendered":"Qnap Ts-664-8g-us Nas  Ts-664-8g \/ Torre \/ 6 Bahias \/ Celeron N5095 Nucleo Cuadruple 2.9 Ghz \/8gb Ram Ddr4 \/ Lan 2,5gbe X2 \/ Usb 3.2 X2 \/ Hdmi \/ Hot Swap \/ Soportea M.2 2280 \/no Incluye Discos"},"content":{"rendered":"<table class=\"descripcion\">\n<tr>\n<td>Descripcion tecnica<\/td>\n<\/tr>\n<tr>\n<td>Ts-664-8g<\/td>\n<\/tr>\n<tr>\n<td>Cpu procesador intel celeron n5095 de cuatro n\u00facleos y cuatro hilos, con potencia de hasta 2,9 ghz<\/td>\n<\/tr>\n<tr>\n<td>Arquitectura de cpu x86 de 64 bits<\/td>\n<\/tr>\n<tr>\n<td>Procesadores gr\u00e1ficos intel uhd graphics<\/td>\n<\/tr>\n<tr>\n<td>Unidad de coma flotante:     si<\/td>\n<\/tr>\n<tr>\n<td>Motor de cifrado:      si (aes-ni)<\/td>\n<\/tr>\n<tr>\n<td>Transcodificaci\u00f3n acelerada de hardware:      si<\/td>\n<\/tr>\n<tr>\n<td>Memoria del sistema: 8 gb de memoria integrada (no ampliable)<\/td>\n<\/tr>\n<tr>\n<td>Memoria m\u00e1xima:    8 gb<\/td>\n<\/tr>\n<tr>\n<td>Memoria flash:     4 gb (protecci\u00f3n del sistema operativo de doble arranque)<\/td>\n<\/tr>\n<tr>\n<td>Bah\u00eda de unidades:      6 unidades sata de 3,5 a 6gb\/s<\/td>\n<\/tr>\n<tr>\n<td>El sistema se env\u00eda sin unidad de disco duro.<\/td>\n<\/tr>\n<tr>\n<td>Para ver la lista de compatibilidad de discos duros, visite https:\/\/www.qnap.com\/compatibility\/<\/td>\n<\/tr>\n<tr>\n<td>Compatibilidad de unidades:<\/td>\n<\/tr>\n<tr>\n<td>3.5-inch sata hard disk drives<\/td>\n<\/tr>\n<tr>\n<td>2.5-inch sata solid state drives<\/td>\n<\/tr>\n<tr>\n<td>Intercambiable en caliente:     si<\/td>\n<\/tr>\n<tr>\n<td>Ranura m.2:      2 ranuras pcie m.2 2280 gen 3 x1<\/td>\n<\/tr>\n<tr>\n<td>Compatibilidad con aceleraci\u00f3n de cach\u00e9 ssd:     si<\/td>\n<\/tr>\n<tr>\n<td>Puerto 2,5 gbe (2,5g\/1g\/100m):      2 (2,5g\/1g\/100m\/10m)<\/td>\n<\/tr>\n<tr>\n<td>Puerto 5 gbe (5g\/2,5g\/1g\/100m):      opcional a trav\u00e9s de la tarjeta de expansi\u00f3n pcie<\/td>\n<\/tr>\n<tr>\n<td>Puerto 10 gbe:      opcional a trav\u00e9s de la tarjeta de expansi\u00f3n pcie<\/td>\n<\/tr>\n<tr>\n<td>Wake-on-lan (wol): si<\/td>\n<\/tr>\n<tr>\n<td>Jumbo frame:      si<\/td>\n<\/tr>\n<tr>\n<td>Ranura pcie 1<\/td>\n<\/tr>\n<tr>\n<td>Ranura:      1: pcie gen 3 x2<\/td>\n<\/tr>\n<tr>\n<td>Dimensiones de la tarjeta para la ranura pcie: 190 x 68,9 x 18,76 mm \/ 7,48 x 2,71 x 0,74 pulgadas.<\/td>\n<\/tr>\n<tr>\n<td>Puerto usb 2.0:      2<\/td>\n<\/tr>\n<tr>\n<td>Puerto usb 3.2 gen 2 (10 gbps):      2 puertos tipo-a<\/td>\n<\/tr>\n<tr>\n<td>Sensor de ir:     si (mando a distancia rm-ir004 de qnap)<\/td>\n<\/tr>\n<tr>\n<td>Salida hdmi:     1, hdmi 2.0 (hasta 4096 x 2160 a 60 hz)<\/td>\n<\/tr>\n<tr>\n<td>Factor de forma:     torre<\/td>\n<\/tr>\n<tr>\n<td>Indicadores led:      alimentaci\u00f3n\/estado, lan, usb, unidad de disco duro 1-6<\/td>\n<\/tr>\n<tr>\n<td>Botones:      encendido, copia usb, restablecimiento<\/td>\n<\/tr>\n<tr>\n<td>Dimensiones (altura x anchura x profundidad): 168 \u00d7 235 \u00d7 226 mm<\/td>\n<\/tr>\n<tr>\n<td>Peso (neto):     2,9 kg<\/td>\n<\/tr>\n<tr>\n<td>Peso (bruto):      4,56 kg<\/td>\n<\/tr>\n<tr>\n<td>Temperatura operativa: 0 ~ 40  and #730;c (32  and #730;f ~ 104  and #730;f)<\/td>\n<\/tr>\n<tr>\n<td>Temperatura de almacenamiento:     -20 &#8211; 70\u00b0c (-4\u00b0f &#8211; 158\u00b0f)<\/td>\n<\/tr>\n<tr>\n<td>Humedad relativa:      5 ~ 95 % de humedad relativa sin condensaci\u00f3n, bulbo h\u00famedo: 27  and #730;c (80,6  and #730;f)<\/td>\n<\/tr>\n<tr>\n<td>Unidad de alimentaci\u00f3n el\u00e9ctrica:     adaptador de 120 w, 100-240 v<\/td>\n<\/tr>\n<tr>\n<td>Consumo de energ\u00eda: modo suspensi\u00f3n de disco duro: 23,22 w<\/td>\n<\/tr>\n<tr>\n<td>Consumo de energ\u00eda:     modo de funcionamiento, t\u00edpico:     44,02 w (probado con unidades totalmente llenas.)<\/td>\n<\/tr>\n<tr>\n<td>Ventilador:      2 de 90 mm, 12 v de cc<\/td>\n<\/tr>\n<tr>\n<td>Advertencia del sistema:     timbre<\/td>\n<\/tr>\n<tr>\n<td>Ranura de seguridad kensington:    si<\/td>\n<\/tr>\n<tr>\n<td>N.\u00ba m\u00e1x. de conexiones simult\u00e1neas (cifs): con memoria m\u00e1x:      1500<\/td>\n<\/tr>\n<\/table>\n","protected":false},"excerpt":{"rendered":"<p>Descripcion comercial. Ts-664-8g-us. Equipado con un procesador intel celeron n5095 de cuatro n\u00facleos (con potencia de hasta 2,9 ghz), el ts-664 incluye dos puertos rj45 2,5gbe y enlace troncal de puertos para un ancho de banda combinado de 5gbps. Con ranuras m.2 pcie gen3 y pcie gen 3. El ts-664 ofrece flexibilidad para ampliar la funcionalidad del nas, lo que le permite instalar una tarjeta qm2 para la cach\u00e9 ssd m.2 o edge tpu para el reconocimiento de im\u00e1genes mediante ia y varias tarjetas de red de 10gbe\/5gbe. El ts-664 incluye 4 gb de ram para ejecutar contenedores y vm ligeras y admite la copia de seguridad multinube, las pasarelas de almacenamiento en la nube, la salida hdmi 4k y la transcodificaci\u00f3n en tiempo real, junto con una capacidad de almacenamiento ampliable y completas aplicaciones para funcionar como un nas de 2,5gbe asequible y fiable.<\/p>\n","protected":false},"featured_media":225107,"comment_status":"open","ping_status":"open","template":"","meta":[],"product_cat":[1803,1804],"product_tag":[2110],"acf":[],"yoast_head":"<!-- This site is optimized with the Yoast SEO plugin v21.7 - https:\/\/yoast.com\/wordpress\/plugins\/seo\/ -->\n<title>[ Qnap ] &#129351; Ts-664-8g-us Nas Ts-664-8g \/ Torre \/ 6 Bahias \/ Celeron N5095 Nucleo Cuadruple 2.9 Ghz \/8gb Ram Ddr4 \/ Lan 2,5gbe X2 \/ Usb 3.2 X2 \/ Hdmi \/ Hot Swap \/ Soportea M.2 2280 \/no Incluye Discos<\/title>\n<meta name=\"description\" content=\"Compra Ts-664-8g-us Nas Ts-664-8g \/ Torre \/ 6 Bahias \/ Celeron N5095 Nucleo Cuadruple 2.9 Ghz \/8gb Ram Ddr4 \/ Lan 2,5gbe X2 \/ Usb 3.2 X2 \/ Hdmi \/ Hot Swap \/ Soportea M.2 2280 \/no Incluye Discos + Env\u00edo a domicilio + Pago seguro + Garant\u00eda\" \/>\n<meta name=\"robots\" content=\"index, follow, max-snippet:-1, max-image-preview:large, max-video-preview:-1\" \/>\n<link rel=\"canonical\" href=\"https:\/\/compuviper.mx\/tienda\/producto\/qnap-ts-664-8g-us-nas-ts-664-8g-torre-6-bahias-celeron-n5095-nucleo-cuadruple-2-9-ghz-8gb-ram-ddr4-lan-25gbe-x2-usb-3-2-x2-hdmi-hot-swap-soportea-m-2-2280-no-incluye-discos\/\" \/>\n<meta property=\"og:locale\" content=\"es_MX\" \/>\n<meta property=\"og:type\" content=\"article\" \/>\n<meta property=\"og:title\" content=\"[ Qnap ] &#129351; Ts-664-8g-us Nas Ts-664-8g \/ Torre \/ 6 Bahias \/ Celeron N5095 Nucleo Cuadruple 2.9 Ghz \/8gb Ram Ddr4 \/ Lan 2,5gbe X2 \/ Usb 3.2 X2 \/ Hdmi \/ Hot Swap \/ Soportea M.2 2280 \/no Incluye Discos\" \/>\n<meta property=\"og:description\" content=\"Compra Ts-664-8g-us Nas Ts-664-8g \/ Torre \/ 6 Bahias \/ Celeron N5095 Nucleo Cuadruple 2.9 Ghz \/8gb Ram Ddr4 \/ Lan 2,5gbe X2 \/ Usb 3.2 X2 \/ Hdmi \/ Hot Swap \/ Soportea M.2 2280 \/no Incluye Discos + Env\u00edo a domicilio + Pago seguro + Garant\u00eda\" \/>\n<meta property=\"og:url\" content=\"https:\/\/compuviper.mx\/tienda\/producto\/qnap-ts-664-8g-us-nas-ts-664-8g-torre-6-bahias-celeron-n5095-nucleo-cuadruple-2-9-ghz-8gb-ram-ddr4-lan-25gbe-x2-usb-3-2-x2-hdmi-hot-swap-soportea-m-2-2280-no-incluye-discos\/\" \/>\n<meta property=\"og:site_name\" content=\"Compuviper\" \/>\n<meta property=\"article:publisher\" content=\"https:\/\/www.facebook.com\/compuviper\" \/>\n<meta property=\"og:image\" content=\"https:\/\/compuviper.mx\/tienda\/wp-content\/uploads\/2023\/12\/Nas-qnap-ts-664-8g-torre-6-bahias-celeron-n5095-nucleo-cuadruple-2.9-ghz-8gb-ram-ddr4-lan-25gbe-x2-usb-3.2-x2-hdmi-hot-swap-soportea-m.2-2280-no-incluye-discos.jpg\" \/>\n\t<meta property=\"og:image:width\" content=\"200\" \/>\n\t<meta property=\"og:image:height\" content=\"200\" \/>\n\t<meta property=\"og:image:type\" content=\"image\/jpeg\" \/>\n<meta name=\"twitter:card\" content=\"summary_large_image\" \/>\n<meta name=\"twitter:label1\" content=\"Precio\" \/>\n\t<meta name=\"twitter:data1\" content=\"&#36;15,493 &#36;14,937 con IVA\" \/>\n\t<meta name=\"twitter:label2\" content=\"Availability\" \/>\n\t<meta name=\"twitter:data2\" content=\"In stock\" \/>\n<script type=\"application\/ld+json\" class=\"yoast-schema-graph\">{\"@context\":\"https:\/\/schema.org\",\"@graph\":[{\"@type\":\"WebPage\",\"@id\":\"https:\/\/compuviper.mx\/tienda\/producto\/qnap-ts-664-8g-us-nas-ts-664-8g-torre-6-bahias-celeron-n5095-nucleo-cuadruple-2-9-ghz-8gb-ram-ddr4-lan-25gbe-x2-usb-3-2-x2-hdmi-hot-swap-soportea-m-2-2280-no-incluye-discos\/\",\"url\":\"https:\/\/compuviper.mx\/tienda\/producto\/qnap-ts-664-8g-us-nas-ts-664-8g-torre-6-bahias-celeron-n5095-nucleo-cuadruple-2-9-ghz-8gb-ram-ddr4-lan-25gbe-x2-usb-3-2-x2-hdmi-hot-swap-soportea-m-2-2280-no-incluye-discos\/\",\"name\":\"[ Qnap ] &#129351; Ts-664-8g-us Nas Ts-664-8g \/ Torre \/ 6 Bahias \/ Celeron N5095 Nucleo Cuadruple 2.9 Ghz \/8gb Ram Ddr4 \/ Lan 2,5gbe X2 \/ Usb 3.2 X2 \/ Hdmi \/ Hot Swap \/ Soportea M.2 2280 \/no Incluye Discos\",\"isPartOf\":{\"@id\":\"https:\/\/compuviper.mx\/tienda\/#website\"},\"datePublished\":\"2026-04-16T07:55:17+00:00\",\"dateModified\":\"2026-04-16T07:55:17+00:00\",\"description\":\"Compra Ts-664-8g-us Nas Ts-664-8g \/ Torre \/ 6 Bahias \/ Celeron N5095 Nucleo Cuadruple 2.9 Ghz \/8gb Ram Ddr4 \/ Lan 2,5gbe X2 \/ Usb 3.2 X2 \/ Hdmi \/ Hot Swap \/ Soportea M.2 2280 \/no Incluye Discos + Env\u00edo a domicilio + Pago seguro + Garant\u00eda\",\"breadcrumb\":{\"@id\":\"https:\/\/compuviper.mx\/tienda\/producto\/qnap-ts-664-8g-us-nas-ts-664-8g-torre-6-bahias-celeron-n5095-nucleo-cuadruple-2-9-ghz-8gb-ram-ddr4-lan-25gbe-x2-usb-3-2-x2-hdmi-hot-swap-soportea-m-2-2280-no-incluye-discos\/#breadcrumb\"},\"inLanguage\":\"es-MX\",\"potentialAction\":[{\"@type\":\"ReadAction\",\"target\":[\"https:\/\/compuviper.mx\/tienda\/producto\/qnap-ts-664-8g-us-nas-ts-664-8g-torre-6-bahias-celeron-n5095-nucleo-cuadruple-2-9-ghz-8gb-ram-ddr4-lan-25gbe-x2-usb-3-2-x2-hdmi-hot-swap-soportea-m-2-2280-no-incluye-discos\/\"]}]},{\"@type\":\"BreadcrumbList\",\"@id\":\"https:\/\/compuviper.mx\/tienda\/producto\/qnap-ts-664-8g-us-nas-ts-664-8g-torre-6-bahias-celeron-n5095-nucleo-cuadruple-2-9-ghz-8gb-ram-ddr4-lan-25gbe-x2-usb-3-2-x2-hdmi-hot-swap-soportea-m-2-2280-no-incluye-discos\/#breadcrumb\",\"itemListElement\":[{\"@type\":\"ListItem\",\"position\":1,\"name\":\"Inicio\",\"item\":\"https:\/\/compuviper.mx\/tienda\/\"},{\"@type\":\"ListItem\",\"position\":2,\"name\":\"Productos\",\"item\":\"https:\/\/compuviper.mx\/tienda\/productos\/\"},{\"@type\":\"ListItem\",\"position\":3,\"name\":\"Almacenamiento\",\"item\":\"https:\/\/compuviper.mx\/tienda\/categoria-producto\/almacenamiento\/\"},{\"@type\":\"ListItem\",\"position\":4,\"name\":\"Sistema De Almacenamiento\",\"item\":\"https:\/\/compuviper.mx\/tienda\/categoria-producto\/almacenamiento\/sistema-de-almacenamiento\/\"},{\"@type\":\"ListItem\",\"position\":5,\"name\":\"Qnap Ts-664-8g-us Nas Ts-664-8g \/ Torre \/ 6 Bahias \/ Celeron N5095 Nucleo Cuadruple 2.9 Ghz \/8gb Ram Ddr4 \/ Lan 2,5gbe X2 \/ Usb 3.2 X2 \/ Hdmi \/ Hot Swap \/ Soportea M.2 2280 \/no Incluye Discos\"}]},{\"@type\":\"WebSite\",\"@id\":\"https:\/\/compuviper.mx\/tienda\/#website\",\"url\":\"https:\/\/compuviper.mx\/tienda\/\",\"name\":\"Compuviper\",\"description\":\"Proveedor de Computadoras, Laptops, Servidores, Monitores, Puntos de Venta, Teclados,   Impresoras, T\u00f3ner, C\u00e1maras de Seguridad y m\u00e1s en tu tienda en l\u00ednea\",\"publisher\":{\"@id\":\"https:\/\/compuviper.mx\/tienda\/#organization\"},\"potentialAction\":[{\"@type\":\"SearchAction\",\"target\":{\"@type\":\"EntryPoint\",\"urlTemplate\":\"https:\/\/compuviper.mx\/tienda\/?s={search_term_string}\"},\"query-input\":\"required name=search_term_string\"}],\"inLanguage\":\"es-MX\"},{\"@type\":\"Organization\",\"@id\":\"https:\/\/compuviper.mx\/tienda\/#organization\",\"name\":\"Compuviper\",\"url\":\"https:\/\/compuviper.mx\/tienda\/\",\"logo\":{\"@type\":\"ImageObject\",\"inLanguage\":\"es-MX\",\"@id\":\"https:\/\/compuviper.mx\/tienda\/#\/schema\/logo\/image\/\",\"url\":\"https:\/\/compuviper.mx\/tienda\/wp-content\/uploads\/2021\/08\/Logo-Compuviper-10.png\",\"contentUrl\":\"https:\/\/compuviper.mx\/tienda\/wp-content\/uploads\/2021\/08\/Logo-Compuviper-10.png\",\"width\":1000,\"height\":500,\"caption\":\"Compuviper\"},\"image\":{\"@id\":\"https:\/\/compuviper.mx\/tienda\/#\/schema\/logo\/image\/\"},\"sameAs\":[\"https:\/\/www.facebook.com\/compuviper\",\"https:\/\/www.youtube.com\/channel\/UCf73dERp9Y3cfOq7q8BhLjA?view_as=subscriber\"]}]}<\/script>\n<meta property=\"product:brand\" content=\"Qnap\" \/>\n<meta property=\"product:price:amount\" content=\"14937\" \/>\n<meta property=\"product:price:currency\" content=\"MXN\" \/>\n<meta property=\"og:availability\" content=\"instock\" \/>\n<meta property=\"product:availability\" content=\"instock\" \/>\n<meta property=\"product:retailer_item_id\" content=\"TS-664-8G-US\" \/>\n<meta property=\"product:condition\" content=\"new\" \/>\n<!-- \/ Yoast SEO plugin. -->","yoast_head_json":{"title":"[ Qnap ] &#129351; Ts-664-8g-us Nas Ts-664-8g \/ Torre \/ 6 Bahias \/ Celeron N5095 Nucleo Cuadruple 2.9 Ghz \/8gb Ram Ddr4 \/ Lan 2,5gbe X2 \/ Usb 3.2 X2 \/ Hdmi \/ Hot Swap \/ Soportea M.2 2280 \/no Incluye Discos","description":"Compra Ts-664-8g-us Nas Ts-664-8g \/ Torre \/ 6 Bahias \/ Celeron N5095 Nucleo Cuadruple 2.9 Ghz \/8gb Ram Ddr4 \/ Lan 2,5gbe X2 \/ Usb 3.2 X2 \/ Hdmi \/ Hot Swap \/ Soportea M.2 2280 \/no Incluye Discos + Env\u00edo a domicilio + Pago seguro + Garant\u00eda","robots":{"index":"index","follow":"follow","max-snippet":"max-snippet:-1","max-image-preview":"max-image-preview:large","max-video-preview":"max-video-preview:-1"},"canonical":"https:\/\/compuviper.mx\/tienda\/producto\/qnap-ts-664-8g-us-nas-ts-664-8g-torre-6-bahias-celeron-n5095-nucleo-cuadruple-2-9-ghz-8gb-ram-ddr4-lan-25gbe-x2-usb-3-2-x2-hdmi-hot-swap-soportea-m-2-2280-no-incluye-discos\/","og_locale":"es_MX","og_type":"article","og_title":"[ Qnap ] &#129351; Ts-664-8g-us Nas Ts-664-8g \/ Torre \/ 6 Bahias \/ Celeron N5095 Nucleo Cuadruple 2.9 Ghz \/8gb Ram Ddr4 \/ Lan 2,5gbe X2 \/ Usb 3.2 X2 \/ Hdmi \/ Hot Swap \/ Soportea M.2 2280 \/no Incluye Discos","og_description":"Compra Ts-664-8g-us Nas Ts-664-8g \/ Torre \/ 6 Bahias \/ Celeron N5095 Nucleo Cuadruple 2.9 Ghz \/8gb Ram Ddr4 \/ Lan 2,5gbe X2 \/ Usb 3.2 X2 \/ Hdmi \/ Hot Swap \/ Soportea M.2 2280 \/no Incluye Discos + Env\u00edo a domicilio + Pago seguro + Garant\u00eda","og_url":"https:\/\/compuviper.mx\/tienda\/producto\/qnap-ts-664-8g-us-nas-ts-664-8g-torre-6-bahias-celeron-n5095-nucleo-cuadruple-2-9-ghz-8gb-ram-ddr4-lan-25gbe-x2-usb-3-2-x2-hdmi-hot-swap-soportea-m-2-2280-no-incluye-discos\/","og_site_name":"Compuviper","article_publisher":"https:\/\/www.facebook.com\/compuviper","og_image":[{"width":200,"height":200,"url":"https:\/\/compuviper.mx\/tienda\/wp-content\/uploads\/2023\/12\/Nas-qnap-ts-664-8g-torre-6-bahias-celeron-n5095-nucleo-cuadruple-2.9-ghz-8gb-ram-ddr4-lan-25gbe-x2-usb-3.2-x2-hdmi-hot-swap-soportea-m.2-2280-no-incluye-discos.jpg","type":"image\/jpeg"}],"twitter_card":"summary_large_image","twitter_misc":{"Precio":"&#36;15,493 &#36;14,937 con IVA","Availability":"In stock"},"schema":{"@context":"https:\/\/schema.org","@graph":[{"@type":"WebPage","@id":"https:\/\/compuviper.mx\/tienda\/producto\/qnap-ts-664-8g-us-nas-ts-664-8g-torre-6-bahias-celeron-n5095-nucleo-cuadruple-2-9-ghz-8gb-ram-ddr4-lan-25gbe-x2-usb-3-2-x2-hdmi-hot-swap-soportea-m-2-2280-no-incluye-discos\/","url":"https:\/\/compuviper.mx\/tienda\/producto\/qnap-ts-664-8g-us-nas-ts-664-8g-torre-6-bahias-celeron-n5095-nucleo-cuadruple-2-9-ghz-8gb-ram-ddr4-lan-25gbe-x2-usb-3-2-x2-hdmi-hot-swap-soportea-m-2-2280-no-incluye-discos\/","name":"[ Qnap ] &#129351; Ts-664-8g-us Nas Ts-664-8g \/ Torre \/ 6 Bahias \/ Celeron N5095 Nucleo Cuadruple 2.9 Ghz \/8gb Ram Ddr4 \/ Lan 2,5gbe X2 \/ Usb 3.2 X2 \/ Hdmi \/ Hot Swap \/ Soportea M.2 2280 \/no Incluye Discos","isPartOf":{"@id":"https:\/\/compuviper.mx\/tienda\/#website"},"datePublished":"2026-04-16T07:55:17+00:00","dateModified":"2026-04-16T07:55:17+00:00","description":"Compra Ts-664-8g-us Nas Ts-664-8g \/ Torre \/ 6 Bahias \/ Celeron N5095 Nucleo Cuadruple 2.9 Ghz \/8gb Ram Ddr4 \/ Lan 2,5gbe X2 \/ Usb 3.2 X2 \/ Hdmi \/ Hot Swap \/ Soportea M.2 2280 \/no Incluye Discos + Env\u00edo a domicilio + Pago seguro + Garant\u00eda","breadcrumb":{"@id":"https:\/\/compuviper.mx\/tienda\/producto\/qnap-ts-664-8g-us-nas-ts-664-8g-torre-6-bahias-celeron-n5095-nucleo-cuadruple-2-9-ghz-8gb-ram-ddr4-lan-25gbe-x2-usb-3-2-x2-hdmi-hot-swap-soportea-m-2-2280-no-incluye-discos\/#breadcrumb"},"inLanguage":"es-MX","potentialAction":[{"@type":"ReadAction","target":["https:\/\/compuviper.mx\/tienda\/producto\/qnap-ts-664-8g-us-nas-ts-664-8g-torre-6-bahias-celeron-n5095-nucleo-cuadruple-2-9-ghz-8gb-ram-ddr4-lan-25gbe-x2-usb-3-2-x2-hdmi-hot-swap-soportea-m-2-2280-no-incluye-discos\/"]}]},{"@type":"BreadcrumbList","@id":"https:\/\/compuviper.mx\/tienda\/producto\/qnap-ts-664-8g-us-nas-ts-664-8g-torre-6-bahias-celeron-n5095-nucleo-cuadruple-2-9-ghz-8gb-ram-ddr4-lan-25gbe-x2-usb-3-2-x2-hdmi-hot-swap-soportea-m-2-2280-no-incluye-discos\/#breadcrumb","itemListElement":[{"@type":"ListItem","position":1,"name":"Inicio","item":"https:\/\/compuviper.mx\/tienda\/"},{"@type":"ListItem","position":2,"name":"Productos","item":"https:\/\/compuviper.mx\/tienda\/productos\/"},{"@type":"ListItem","position":3,"name":"Almacenamiento","item":"https:\/\/compuviper.mx\/tienda\/categoria-producto\/almacenamiento\/"},{"@type":"ListItem","position":4,"name":"Sistema De Almacenamiento","item":"https:\/\/compuviper.mx\/tienda\/categoria-producto\/almacenamiento\/sistema-de-almacenamiento\/"},{"@type":"ListItem","position":5,"name":"Qnap Ts-664-8g-us Nas Ts-664-8g \/ Torre \/ 6 Bahias \/ Celeron N5095 Nucleo Cuadruple 2.9 Ghz \/8gb Ram Ddr4 \/ Lan 2,5gbe X2 \/ Usb 3.2 X2 \/ Hdmi \/ Hot Swap \/ Soportea M.2 2280 \/no Incluye Discos"}]},{"@type":"WebSite","@id":"https:\/\/compuviper.mx\/tienda\/#website","url":"https:\/\/compuviper.mx\/tienda\/","name":"Compuviper","description":"Proveedor de Computadoras, Laptops, Servidores, Monitores, Puntos de Venta, Teclados,   Impresoras, T\u00f3ner, C\u00e1maras de Seguridad y m\u00e1s en tu tienda en l\u00ednea","publisher":{"@id":"https:\/\/compuviper.mx\/tienda\/#organization"},"potentialAction":[{"@type":"SearchAction","target":{"@type":"EntryPoint","urlTemplate":"https:\/\/compuviper.mx\/tienda\/?s={search_term_string}"},"query-input":"required name=search_term_string"}],"inLanguage":"es-MX"},{"@type":"Organization","@id":"https:\/\/compuviper.mx\/tienda\/#organization","name":"Compuviper","url":"https:\/\/compuviper.mx\/tienda\/","logo":{"@type":"ImageObject","inLanguage":"es-MX","@id":"https:\/\/compuviper.mx\/tienda\/#\/schema\/logo\/image\/","url":"https:\/\/compuviper.mx\/tienda\/wp-content\/uploads\/2021\/08\/Logo-Compuviper-10.png","contentUrl":"https:\/\/compuviper.mx\/tienda\/wp-content\/uploads\/2021\/08\/Logo-Compuviper-10.png","width":1000,"height":500,"caption":"Compuviper"},"image":{"@id":"https:\/\/compuviper.mx\/tienda\/#\/schema\/logo\/image\/"},"sameAs":["https:\/\/www.facebook.com\/compuviper","https:\/\/www.youtube.com\/channel\/UCf73dERp9Y3cfOq7q8BhLjA?view_as=subscriber"]}]},"product_brand":"Qnap","product_price_amount":"14937","product_price_currency":"MXN","og_availability":"instock","product_availability":"instock","product_retailer_item_id":"TS-664-8G-US","product_condition":"new"},"_links":{"self":[{"href":"https:\/\/compuviper.mx\/tienda\/wp-json\/wp\/v2\/product\/225106"}],"collection":[{"href":"https:\/\/compuviper.mx\/tienda\/wp-json\/wp\/v2\/product"}],"about":[{"href":"https:\/\/compuviper.mx\/tienda\/wp-json\/wp\/v2\/types\/product"}],"replies":[{"embeddable":true,"href":"https:\/\/compuviper.mx\/tienda\/wp-json\/wp\/v2\/comments?post=225106"}],"wp:featuredmedia":[{"embeddable":true,"href":"https:\/\/compuviper.mx\/tienda\/wp-json\/wp\/v2\/media\/225107"}],"wp:attachment":[{"href":"https:\/\/compuviper.mx\/tienda\/wp-json\/wp\/v2\/media?parent=225106"}],"wp:term":[{"taxonomy":"product_cat","embeddable":true,"href":"https:\/\/compuviper.mx\/tienda\/wp-json\/wp\/v2\/product_cat?post=225106"},{"taxonomy":"product_tag","embeddable":true,"href":"https:\/\/compuviper.mx\/tienda\/wp-json\/wp\/v2\/product_tag?post=225106"}],"curies":[{"name":"wp","href":"https:\/\/api.w.org\/{rel}","templated":true}]}}