{"id":225104,"date":"2026-04-16T01:55:16","date_gmt":"2026-04-16T07:55:16","guid":{"rendered":"https:\/\/compuviper.mx\/tienda\/producto\/qnap-ts-h1886xu-rp-r2-d1622-32g-us-nas-ts-h1886xu-rp-r2-d1622-32g-fuente-redundante-18-bahias-12-sata-de-35-6-sata-de-25-rack-2u-nucleo-cudruple-2-6-ghz-32gb-ddr4-hasta-128-gb-4-pto-25-gbe\/"},"modified":"2026-04-16T01:55:17","modified_gmt":"2026-04-16T07:55:17","slug":"qnap-ts-h1886xu-rp-r2-d1622-32g-us-nas-ts-h1886xu-rp-r2-d1622-32g-fuente-redundante-18-bahias-12-sata-de-35-6-sata-de-25-rack-2u-nucleo-cudruple-2-6-ghz-32gb-ddr4-hasta-128-gb-4-pto-25-gbe-2-pt","status":"publish","type":"product","link":"https:\/\/compuviper.mx\/tienda\/producto\/qnap-ts-h1886xu-rp-r2-d1622-32g-us-nas-ts-h1886xu-rp-r2-d1622-32g-fuente-redundante-18-bahias-12-sata-de-35-6-sata-de-25-rack-2u-nucleo-cudruple-2-6-ghz-32gb-ddr4-hasta-128-gb-4-pto-25-gbe-2-pt\/","title":{"rendered":"Qnap Ts-h1886xu-rp-r2-d1622-32g-us Nas  Ts-h1886xu-rp-r2-d1622-32g\/fuente Redundante\/ 18 Bahias 12 Sata De 3,5 6 Sata De 2,5 \/rack 2u\/nucleo Cudruple 2.6 Ghz\/32gb Ddr4 Hasta 128 Gb\/4 Pto 2,5 Gbe \/2 Pto Sfp 10 Gbe\/ Usb 3.2"},"content":{"rendered":"<table class=\"descripcion\">\n<tr>\n<td>Descripcion tecnica<\/td>\n<\/tr>\n<tr>\n<td>Ts-h1886xu-rp-r2-d1622-32g<\/td>\n<\/tr>\n<tr>\n<td>Cpu procesador intel\u00ae xeon\u00ae d-1622 de cuatro n\u00facleos, con potencia de hasta 3,2 ghz<\/td>\n<\/tr>\n<tr>\n<td>Arquitectura de cpu x86 de 64 bits<\/td>\n<\/tr>\n<tr>\n<td>Unidad de coma flotante:      si<\/td>\n<\/tr>\n<tr>\n<td>Motor de cifrado  (aes-ni):     si<\/td>\n<\/tr>\n<tr>\n<td>Memoria del sistema 32 gb de memoria ddr4 ecc udimm (2 m\u00f3dulos de 16 gb)<\/td>\n<\/tr>\n<tr>\n<td>Memoria m\u00e1xima 128 gb (4 m\u00f3dulos de 32 gb)<\/td>\n<\/tr>\n<tr>\n<td>Ranura para memoria 4 m\u00f3dulos de memoria ddr4 udimm<\/td>\n<\/tr>\n<tr>\n<td>Memoria flash 5 gb (protecci\u00f3n del sistema operativo de doble arranque)<\/td>\n<\/tr>\n<tr>\n<td>Bah\u00eda de unidades frontal: 12 unidades sata de 3,5 a 6gb\/s, 3gb\/s\/s<\/td>\n<\/tr>\n<tr>\n<td>Posterior: 6 unidades sata de 2,5 a 6gb\/s, 3gb\/s<\/td>\n<\/tr>\n<tr>\n<td>Compatibilidad de unidades<\/td>\n<\/tr>\n<tr>\n<td>3.5-inch bays:<\/td>\n<\/tr>\n<tr>\n<td>3.5-inch sata hard disk drives<\/td>\n<\/tr>\n<tr>\n<td>2.5-inch sata solid state drives<\/td>\n<\/tr>\n<tr>\n<td>2.5-inch bays:<\/td>\n<\/tr>\n<tr>\n<td>2.5-inch sata solid state drives<\/td>\n<\/tr>\n<tr>\n<td>Intercambiable en caliente:      si<\/td>\n<\/tr>\n<tr>\n<td>Compatibilidad con aceleraci\u00f3n de cach\u00e9 ssd:     si<\/td>\n<\/tr>\n<tr>\n<td>Sr-iov:     si<\/td>\n<\/tr>\n<tr>\n<td>Puerto 2,5 gbe (2,5g\/1g\/100m) 4 (2,5g\/1g\/100m)<\/td>\n<\/tr>\n<tr>\n<td>Puerto 10 gbe 2 puertos smartnic sfp+ de 10gbe<\/td>\n<\/tr>\n<tr>\n<td>Preinstalado con un adaptador pcie 10gbe<\/td>\n<\/tr>\n<tr>\n<td>Wake-on-lan (wol):     si<\/td>\n<\/tr>\n<tr>\n<td>Jumbo frame:      si<\/td>\n<\/tr>\n<tr>\n<td>Ranura pcie 3<\/td>\n<\/tr>\n<tr>\n<td>Ranura 1: pcie gen 2 x4 (ranura x8)<\/td>\n<\/tr>\n<tr>\n<td>Ranura 2: pcie gen 3 x4<\/td>\n<\/tr>\n<tr>\n<td>Ranura 3: pcie gen 3 x8 o x4 (ranura x8)<\/td>\n<\/tr>\n<tr>\n<td>*la ranura 3 tiene preinstalado un adaptador de red 10gbe.<\/td>\n<\/tr>\n<tr>\n<td>**la ranura 3 ofrece el ancho de pcie gen 3 x8 cuando la ranura no se est\u00e1 utilizando y proporciona el ancho de pcie gen 3 x4 cuando se est\u00e1 utilizando la ranura 2.<\/td>\n<\/tr>\n<tr>\n<td>Dimensiones de la tarjeta para la ranura pcie 1: 170 x 68,9 x 39,08 mm \/ 6,70 x 2,71 x 1,54 pulgas.<\/td>\n<\/tr>\n<tr>\n<td>Dimensiones de la tarjeta para la ranura pcie 2: 170 x 68,9 x 18,76 mm \/ 6,70 x 2,71 x 0,74 pulgadas.<\/td>\n<\/tr>\n<tr>\n<td>Dimensiones de la tarjeta para la ranura pcie 3: 170 x 68,9 x 18,76 mm \/ 6,70 x 2,71 x 0,74 pulgadas.<\/td>\n<\/tr>\n<tr>\n<td>Se pueden instalar tarjetas m\u00e1s anchas si la siguiente ranura pcie no se va a a utilizar.<\/td>\n<\/tr>\n<tr>\n<td>Puerto usb 3.2 gen 1 2<\/td>\n<\/tr>\n<tr>\n<td>Factor de forma montaje en rack<\/td>\n<\/tr>\n<tr>\n<td>Indicadores led unidad de disco duro, ssd, estado, lan, estado del puerto de expansi\u00f3n de almacenamiento<\/td>\n<\/tr>\n<tr>\n<td>Botones encendido, reinicio<\/td>\n<\/tr>\n<tr>\n<td>Dimensiones (altura x anchura x profundidad) 88.3 \u00d7 482 \u00d7 549.7 mm<\/td>\n<\/tr>\n<tr>\n<td>Peso (neto) 12,73 kg<\/td>\n<\/tr>\n<tr>\n<td>Peso (bruto) 18,69 kg<\/td>\n<\/tr>\n<tr>\n<td>Temperatura operativa 0 &#8211; 40 \u00b0c (32 \u00b0f &#8211; 104 \u00b0f)<\/td>\n<\/tr>\n<tr>\n<td>Temperatura de almacenamiento -20 &#8211; 70\u00b0c (-4\u00b0f &#8211; 158\u00b0f)<\/td>\n<\/tr>\n<tr>\n<td>Humedad relativa 5 ~ 95 % de humedad relativa sin condensaci\u00f3n, bulbo h\u00famedo: 27  and #730;c (80,6  and #730;f)<\/td>\n<\/tr>\n<tr>\n<td>Unidad de alimentaci\u00f3n el\u00e9ctrica 550w (x2), 100-240 v<\/td>\n<\/tr>\n<tr>\n<td>Consumo de energ\u00eda: modo de funcionamiento, t\u00edpico 117,92 w<\/td>\n<\/tr>\n<tr>\n<td>Probado con unidades totalmente llenas.<\/td>\n<\/tr>\n<tr>\n<td>Ventilador ventilador del sistema: 3 de 60 mm, 12 v de cc<\/td>\n<\/tr>\n<tr>\n<td>Advertencia del sistema timbre<\/td>\n<\/tr>\n<tr>\n<td>Garant\u00eda est\u00e1ndar 3<\/td>\n<\/tr>\n<tr>\n<td>N.\u00ba m\u00e1x. de conexiones simult\u00e1neas (cifs): con memoria m\u00e1x. 10000<\/td>\n<\/tr>\n<\/table>\n","protected":false},"excerpt":{"rendered":"<p>Descripcion comercial. El ts-h1886xu-rp r2 de montaje en rack 2u tiene doce bah\u00edas para unidades sata 6gb\/s de 3,5 pulgadas, seis ranuras ssd sata 6gb\/s de 2,5 pulgadas, admite conectividad 10gbe y 2,5gbe, y cuenta con un procesador intel\u00ae xeon\u00ae d-1622 de cuatro n\u00facleos con hasta 128 gb de memoria de c\u00f3digo de correcci\u00f3n de error (ecc) ddr4. Con el sistema operativo quts hero basado en zfs, el ts-h1886xu-rp r2 logra un rendimiento de nivel de servidor con una fiabilidad seguridad fiable. Ya se trate de servidores de archivos de misi\u00f3n cr\u00edtica, servidores de virtualizaci\u00f3n, edici\u00f3n de v\u00eddeo colaborativa o eficaces aplicaciones de copia de seguridad y recuperaci\u00f3n de datos, el ts-h1886xu-rp r2 ofrece una soluci\u00f3n nas de alto rendimiento pero a la vez econ\u00f3mica.<\/p>\n","protected":false},"featured_media":225105,"comment_status":"open","ping_status":"open","template":"","meta":[],"product_cat":[1803,1804],"product_tag":[2110],"acf":[],"yoast_head":"<!-- This site is optimized with the Yoast SEO plugin v21.7 - https:\/\/yoast.com\/wordpress\/plugins\/seo\/ -->\n<title>[ Qnap ] &#129351; Ts-h1886xu-rp-r2-d1622-32g-us Nas Ts-h1886xu-rp-r2-d1622-32g\/fuente Redundante\/ 18 Bahias 12 Sata De 3,5 6 Sata De 2,5 \/rack 2u\/nucleo Cudruple 2.6 Ghz\/32gb Ddr4 Hasta 128 Gb\/4 Pto 2,5 Gbe \/2 Pto Sfp 10 Gbe\/ Usb 3.2<\/title>\n<meta name=\"description\" content=\"Compra Ts-h1886xu-rp-r2-d1622-32g-us Nas Ts-h1886xu-rp-r2-d1622-32g\/fuente Redundante\/ 18 Bahias 12 Sata De 3,5 6 Sata De 2,5 \/rack 2u\/nucleo Cudruple 2.6 Ghz\/32gb Ddr4 Hasta 128 Gb\/4 Pto 2,5 Gbe \/2 Pto Sfp 10 Gbe\/ Usb 3.2 + Env\u00edo a domicilio + Pago seguro + Garant\u00eda\" \/>\n<meta name=\"robots\" content=\"index, follow, max-snippet:-1, max-image-preview:large, max-video-preview:-1\" \/>\n<link rel=\"canonical\" href=\"https:\/\/compuviper.mx\/tienda\/producto\/qnap-ts-h1886xu-rp-r2-d1622-32g-us-nas-ts-h1886xu-rp-r2-d1622-32g-fuente-redundante-18-bahias-12-sata-de-35-6-sata-de-25-rack-2u-nucleo-cudruple-2-6-ghz-32gb-ddr4-hasta-128-gb-4-pto-25-gbe-2-pt\/\" \/>\n<meta property=\"og:locale\" content=\"es_MX\" \/>\n<meta property=\"og:type\" content=\"article\" \/>\n<meta property=\"og:title\" content=\"[ Qnap ] &#129351; Ts-h1886xu-rp-r2-d1622-32g-us Nas Ts-h1886xu-rp-r2-d1622-32g\/fuente Redundante\/ 18 Bahias 12 Sata De 3,5 6 Sata De 2,5 \/rack 2u\/nucleo Cudruple 2.6 Ghz\/32gb Ddr4 Hasta 128 Gb\/4 Pto 2,5 Gbe \/2 Pto Sfp 10 Gbe\/ Usb 3.2\" \/>\n<meta property=\"og:description\" content=\"Compra Ts-h1886xu-rp-r2-d1622-32g-us Nas Ts-h1886xu-rp-r2-d1622-32g\/fuente Redundante\/ 18 Bahias 12 Sata De 3,5 6 Sata De 2,5 \/rack 2u\/nucleo Cudruple 2.6 Ghz\/32gb Ddr4 Hasta 128 Gb\/4 Pto 2,5 Gbe \/2 Pto Sfp 10 Gbe\/ Usb 3.2 + Env\u00edo a domicilio + Pago seguro + Garant\u00eda\" \/>\n<meta property=\"og:url\" content=\"https:\/\/compuviper.mx\/tienda\/producto\/qnap-ts-h1886xu-rp-r2-d1622-32g-us-nas-ts-h1886xu-rp-r2-d1622-32g-fuente-redundante-18-bahias-12-sata-de-35-6-sata-de-25-rack-2u-nucleo-cudruple-2-6-ghz-32gb-ddr4-hasta-128-gb-4-pto-25-gbe-2-pt\/\" \/>\n<meta property=\"og:site_name\" content=\"Compuviper\" \/>\n<meta property=\"article:publisher\" content=\"https:\/\/www.facebook.com\/compuviper\" \/>\n<meta property=\"article:modified_time\" content=\"2026-04-16T07:55:17+00:00\" \/>\n<meta property=\"og:image\" content=\"https:\/\/compuviper.mx\/tienda\/wp-content\/uploads\/2023\/12\/Nas-qnap-ts-h1886xu-rp-r2-d1622-32gfuente-redundante-18-bahias-12-sata-de-35-6-sata-de-25-rack-2unucleo-cuadruple-2.6-ghz32gb-ddr4-hasta-128-gb4-pto-25-gbe-2-pto-sfp-10-gbe-usb-3.2.jpg\" \/>\n\t<meta property=\"og:image:width\" content=\"200\" \/>\n\t<meta property=\"og:image:height\" content=\"200\" \/>\n\t<meta property=\"og:image:type\" content=\"image\/jpeg\" \/>\n<meta name=\"twitter:card\" content=\"summary_large_image\" \/>\n<meta name=\"twitter:label1\" content=\"Precio\" \/>\n\t<meta name=\"twitter:data1\" content=\"&#36;95,400 &#36;92,567 con IVA\" \/>\n\t<meta name=\"twitter:label2\" content=\"Availability\" \/>\n\t<meta name=\"twitter:data2\" content=\"In stock\" \/>\n<script type=\"application\/ld+json\" class=\"yoast-schema-graph\">{\"@context\":\"https:\/\/schema.org\",\"@graph\":[{\"@type\":\"WebPage\",\"@id\":\"https:\/\/compuviper.mx\/tienda\/producto\/qnap-ts-h1886xu-rp-r2-d1622-32g-us-nas-ts-h1886xu-rp-r2-d1622-32g-fuente-redundante-18-bahias-12-sata-de-35-6-sata-de-25-rack-2u-nucleo-cudruple-2-6-ghz-32gb-ddr4-hasta-128-gb-4-pto-25-gbe-2-pt\/\",\"url\":\"https:\/\/compuviper.mx\/tienda\/producto\/qnap-ts-h1886xu-rp-r2-d1622-32g-us-nas-ts-h1886xu-rp-r2-d1622-32g-fuente-redundante-18-bahias-12-sata-de-35-6-sata-de-25-rack-2u-nucleo-cudruple-2-6-ghz-32gb-ddr4-hasta-128-gb-4-pto-25-gbe-2-pt\/\",\"name\":\"[ Qnap ] &#129351; Ts-h1886xu-rp-r2-d1622-32g-us Nas Ts-h1886xu-rp-r2-d1622-32g\/fuente Redundante\/ 18 Bahias 12 Sata De 3,5 6 Sata De 2,5 \/rack 2u\/nucleo Cudruple 2.6 Ghz\/32gb Ddr4 Hasta 128 Gb\/4 Pto 2,5 Gbe \/2 Pto Sfp 10 Gbe\/ Usb 3.2\",\"isPartOf\":{\"@id\":\"https:\/\/compuviper.mx\/tienda\/#website\"},\"datePublished\":\"2026-04-16T07:55:16+00:00\",\"dateModified\":\"2026-04-16T07:55:17+00:00\",\"description\":\"Compra Ts-h1886xu-rp-r2-d1622-32g-us Nas Ts-h1886xu-rp-r2-d1622-32g\/fuente Redundante\/ 18 Bahias 12 Sata De 3,5 6 Sata De 2,5 \/rack 2u\/nucleo Cudruple 2.6 Ghz\/32gb Ddr4 Hasta 128 Gb\/4 Pto 2,5 Gbe \/2 Pto Sfp 10 Gbe\/ Usb 3.2 + Env\u00edo a domicilio + Pago seguro + Garant\u00eda\",\"breadcrumb\":{\"@id\":\"https:\/\/compuviper.mx\/tienda\/producto\/qnap-ts-h1886xu-rp-r2-d1622-32g-us-nas-ts-h1886xu-rp-r2-d1622-32g-fuente-redundante-18-bahias-12-sata-de-35-6-sata-de-25-rack-2u-nucleo-cudruple-2-6-ghz-32gb-ddr4-hasta-128-gb-4-pto-25-gbe-2-pt\/#breadcrumb\"},\"inLanguage\":\"es-MX\",\"potentialAction\":[{\"@type\":\"ReadAction\",\"target\":[\"https:\/\/compuviper.mx\/tienda\/producto\/qnap-ts-h1886xu-rp-r2-d1622-32g-us-nas-ts-h1886xu-rp-r2-d1622-32g-fuente-redundante-18-bahias-12-sata-de-35-6-sata-de-25-rack-2u-nucleo-cudruple-2-6-ghz-32gb-ddr4-hasta-128-gb-4-pto-25-gbe-2-pt\/\"]}]},{\"@type\":\"BreadcrumbList\",\"@id\":\"https:\/\/compuviper.mx\/tienda\/producto\/qnap-ts-h1886xu-rp-r2-d1622-32g-us-nas-ts-h1886xu-rp-r2-d1622-32g-fuente-redundante-18-bahias-12-sata-de-35-6-sata-de-25-rack-2u-nucleo-cudruple-2-6-ghz-32gb-ddr4-hasta-128-gb-4-pto-25-gbe-2-pt\/#breadcrumb\",\"itemListElement\":[{\"@type\":\"ListItem\",\"position\":1,\"name\":\"Inicio\",\"item\":\"https:\/\/compuviper.mx\/tienda\/\"},{\"@type\":\"ListItem\",\"position\":2,\"name\":\"Productos\",\"item\":\"https:\/\/compuviper.mx\/tienda\/productos\/\"},{\"@type\":\"ListItem\",\"position\":3,\"name\":\"Almacenamiento\",\"item\":\"https:\/\/compuviper.mx\/tienda\/categoria-producto\/almacenamiento\/\"},{\"@type\":\"ListItem\",\"position\":4,\"name\":\"Sistema De Almacenamiento\",\"item\":\"https:\/\/compuviper.mx\/tienda\/categoria-producto\/almacenamiento\/sistema-de-almacenamiento\/\"},{\"@type\":\"ListItem\",\"position\":5,\"name\":\"Qnap Ts-h1886xu-rp-r2-d1622-32g-us Nas Ts-h1886xu-rp-r2-d1622-32g\/fuente Redundante\/ 18 Bahias 12 Sata De 3,5 6 Sata De 2,5 \/rack 2u\/nucleo Cudruple 2.6 Ghz\/32gb Ddr4 Hasta 128 Gb\/4 Pto 2,5 Gbe \/2 Pto Sfp 10 Gbe\/ Usb 3.2\"}]},{\"@type\":\"WebSite\",\"@id\":\"https:\/\/compuviper.mx\/tienda\/#website\",\"url\":\"https:\/\/compuviper.mx\/tienda\/\",\"name\":\"Compuviper\",\"description\":\"Proveedor de Computadoras, Laptops, Servidores, Monitores, Puntos de Venta, Teclados,   Impresoras, T\u00f3ner, C\u00e1maras de Seguridad y m\u00e1s en tu tienda en l\u00ednea\",\"publisher\":{\"@id\":\"https:\/\/compuviper.mx\/tienda\/#organization\"},\"potentialAction\":[{\"@type\":\"SearchAction\",\"target\":{\"@type\":\"EntryPoint\",\"urlTemplate\":\"https:\/\/compuviper.mx\/tienda\/?s={search_term_string}\"},\"query-input\":\"required name=search_term_string\"}],\"inLanguage\":\"es-MX\"},{\"@type\":\"Organization\",\"@id\":\"https:\/\/compuviper.mx\/tienda\/#organization\",\"name\":\"Compuviper\",\"url\":\"https:\/\/compuviper.mx\/tienda\/\",\"logo\":{\"@type\":\"ImageObject\",\"inLanguage\":\"es-MX\",\"@id\":\"https:\/\/compuviper.mx\/tienda\/#\/schema\/logo\/image\/\",\"url\":\"https:\/\/compuviper.mx\/tienda\/wp-content\/uploads\/2021\/08\/Logo-Compuviper-10.png\",\"contentUrl\":\"https:\/\/compuviper.mx\/tienda\/wp-content\/uploads\/2021\/08\/Logo-Compuviper-10.png\",\"width\":1000,\"height\":500,\"caption\":\"Compuviper\"},\"image\":{\"@id\":\"https:\/\/compuviper.mx\/tienda\/#\/schema\/logo\/image\/\"},\"sameAs\":[\"https:\/\/www.facebook.com\/compuviper\",\"https:\/\/www.youtube.com\/channel\/UCf73dERp9Y3cfOq7q8BhLjA?view_as=subscriber\"]}]}<\/script>\n<meta property=\"product:brand\" content=\"Qnap\" \/>\n<meta property=\"product:price:amount\" content=\"92567\" \/>\n<meta property=\"product:price:currency\" content=\"MXN\" \/>\n<meta property=\"og:availability\" content=\"instock\" \/>\n<meta property=\"product:availability\" content=\"instock\" \/>\n<meta property=\"product:retailer_item_id\" content=\"TS-H1886XU-RP-R2-D1622-32G-US\" \/>\n<meta property=\"product:condition\" content=\"new\" \/>\n<!-- \/ Yoast SEO plugin. -->","yoast_head_json":{"title":"[ Qnap ] &#129351; Ts-h1886xu-rp-r2-d1622-32g-us Nas Ts-h1886xu-rp-r2-d1622-32g\/fuente Redundante\/ 18 Bahias 12 Sata De 3,5 6 Sata De 2,5 \/rack 2u\/nucleo Cudruple 2.6 Ghz\/32gb Ddr4 Hasta 128 Gb\/4 Pto 2,5 Gbe \/2 Pto Sfp 10 Gbe\/ Usb 3.2","description":"Compra Ts-h1886xu-rp-r2-d1622-32g-us Nas Ts-h1886xu-rp-r2-d1622-32g\/fuente Redundante\/ 18 Bahias 12 Sata De 3,5 6 Sata De 2,5 \/rack 2u\/nucleo Cudruple 2.6 Ghz\/32gb Ddr4 Hasta 128 Gb\/4 Pto 2,5 Gbe \/2 Pto Sfp 10 Gbe\/ Usb 3.2 + Env\u00edo a domicilio + Pago seguro + Garant\u00eda","robots":{"index":"index","follow":"follow","max-snippet":"max-snippet:-1","max-image-preview":"max-image-preview:large","max-video-preview":"max-video-preview:-1"},"canonical":"https:\/\/compuviper.mx\/tienda\/producto\/qnap-ts-h1886xu-rp-r2-d1622-32g-us-nas-ts-h1886xu-rp-r2-d1622-32g-fuente-redundante-18-bahias-12-sata-de-35-6-sata-de-25-rack-2u-nucleo-cudruple-2-6-ghz-32gb-ddr4-hasta-128-gb-4-pto-25-gbe-2-pt\/","og_locale":"es_MX","og_type":"article","og_title":"[ Qnap ] &#129351; Ts-h1886xu-rp-r2-d1622-32g-us Nas Ts-h1886xu-rp-r2-d1622-32g\/fuente Redundante\/ 18 Bahias 12 Sata De 3,5 6 Sata De 2,5 \/rack 2u\/nucleo Cudruple 2.6 Ghz\/32gb Ddr4 Hasta 128 Gb\/4 Pto 2,5 Gbe \/2 Pto Sfp 10 Gbe\/ Usb 3.2","og_description":"Compra Ts-h1886xu-rp-r2-d1622-32g-us Nas Ts-h1886xu-rp-r2-d1622-32g\/fuente Redundante\/ 18 Bahias 12 Sata De 3,5 6 Sata De 2,5 \/rack 2u\/nucleo Cudruple 2.6 Ghz\/32gb Ddr4 Hasta 128 Gb\/4 Pto 2,5 Gbe \/2 Pto Sfp 10 Gbe\/ Usb 3.2 + Env\u00edo a domicilio + Pago seguro + Garant\u00eda","og_url":"https:\/\/compuviper.mx\/tienda\/producto\/qnap-ts-h1886xu-rp-r2-d1622-32g-us-nas-ts-h1886xu-rp-r2-d1622-32g-fuente-redundante-18-bahias-12-sata-de-35-6-sata-de-25-rack-2u-nucleo-cudruple-2-6-ghz-32gb-ddr4-hasta-128-gb-4-pto-25-gbe-2-pt\/","og_site_name":"Compuviper","article_publisher":"https:\/\/www.facebook.com\/compuviper","article_modified_time":"2026-04-16T07:55:17+00:00","og_image":[{"width":200,"height":200,"url":"https:\/\/compuviper.mx\/tienda\/wp-content\/uploads\/2023\/12\/Nas-qnap-ts-h1886xu-rp-r2-d1622-32gfuente-redundante-18-bahias-12-sata-de-35-6-sata-de-25-rack-2unucleo-cuadruple-2.6-ghz32gb-ddr4-hasta-128-gb4-pto-25-gbe-2-pto-sfp-10-gbe-usb-3.2.jpg","type":"image\/jpeg"}],"twitter_card":"summary_large_image","twitter_misc":{"Precio":"&#36;95,400 &#36;92,567 con IVA","Availability":"In stock"},"schema":{"@context":"https:\/\/schema.org","@graph":[{"@type":"WebPage","@id":"https:\/\/compuviper.mx\/tienda\/producto\/qnap-ts-h1886xu-rp-r2-d1622-32g-us-nas-ts-h1886xu-rp-r2-d1622-32g-fuente-redundante-18-bahias-12-sata-de-35-6-sata-de-25-rack-2u-nucleo-cudruple-2-6-ghz-32gb-ddr4-hasta-128-gb-4-pto-25-gbe-2-pt\/","url":"https:\/\/compuviper.mx\/tienda\/producto\/qnap-ts-h1886xu-rp-r2-d1622-32g-us-nas-ts-h1886xu-rp-r2-d1622-32g-fuente-redundante-18-bahias-12-sata-de-35-6-sata-de-25-rack-2u-nucleo-cudruple-2-6-ghz-32gb-ddr4-hasta-128-gb-4-pto-25-gbe-2-pt\/","name":"[ Qnap ] &#129351; Ts-h1886xu-rp-r2-d1622-32g-us Nas Ts-h1886xu-rp-r2-d1622-32g\/fuente Redundante\/ 18 Bahias 12 Sata De 3,5 6 Sata De 2,5 \/rack 2u\/nucleo Cudruple 2.6 Ghz\/32gb Ddr4 Hasta 128 Gb\/4 Pto 2,5 Gbe \/2 Pto Sfp 10 Gbe\/ Usb 3.2","isPartOf":{"@id":"https:\/\/compuviper.mx\/tienda\/#website"},"datePublished":"2026-04-16T07:55:16+00:00","dateModified":"2026-04-16T07:55:17+00:00","description":"Compra Ts-h1886xu-rp-r2-d1622-32g-us Nas Ts-h1886xu-rp-r2-d1622-32g\/fuente Redundante\/ 18 Bahias 12 Sata De 3,5 6 Sata De 2,5 \/rack 2u\/nucleo Cudruple 2.6 Ghz\/32gb Ddr4 Hasta 128 Gb\/4 Pto 2,5 Gbe \/2 Pto Sfp 10 Gbe\/ Usb 3.2 + Env\u00edo a domicilio + Pago seguro + Garant\u00eda","breadcrumb":{"@id":"https:\/\/compuviper.mx\/tienda\/producto\/qnap-ts-h1886xu-rp-r2-d1622-32g-us-nas-ts-h1886xu-rp-r2-d1622-32g-fuente-redundante-18-bahias-12-sata-de-35-6-sata-de-25-rack-2u-nucleo-cudruple-2-6-ghz-32gb-ddr4-hasta-128-gb-4-pto-25-gbe-2-pt\/#breadcrumb"},"inLanguage":"es-MX","potentialAction":[{"@type":"ReadAction","target":["https:\/\/compuviper.mx\/tienda\/producto\/qnap-ts-h1886xu-rp-r2-d1622-32g-us-nas-ts-h1886xu-rp-r2-d1622-32g-fuente-redundante-18-bahias-12-sata-de-35-6-sata-de-25-rack-2u-nucleo-cudruple-2-6-ghz-32gb-ddr4-hasta-128-gb-4-pto-25-gbe-2-pt\/"]}]},{"@type":"BreadcrumbList","@id":"https:\/\/compuviper.mx\/tienda\/producto\/qnap-ts-h1886xu-rp-r2-d1622-32g-us-nas-ts-h1886xu-rp-r2-d1622-32g-fuente-redundante-18-bahias-12-sata-de-35-6-sata-de-25-rack-2u-nucleo-cudruple-2-6-ghz-32gb-ddr4-hasta-128-gb-4-pto-25-gbe-2-pt\/#breadcrumb","itemListElement":[{"@type":"ListItem","position":1,"name":"Inicio","item":"https:\/\/compuviper.mx\/tienda\/"},{"@type":"ListItem","position":2,"name":"Productos","item":"https:\/\/compuviper.mx\/tienda\/productos\/"},{"@type":"ListItem","position":3,"name":"Almacenamiento","item":"https:\/\/compuviper.mx\/tienda\/categoria-producto\/almacenamiento\/"},{"@type":"ListItem","position":4,"name":"Sistema De Almacenamiento","item":"https:\/\/compuviper.mx\/tienda\/categoria-producto\/almacenamiento\/sistema-de-almacenamiento\/"},{"@type":"ListItem","position":5,"name":"Qnap Ts-h1886xu-rp-r2-d1622-32g-us Nas Ts-h1886xu-rp-r2-d1622-32g\/fuente Redundante\/ 18 Bahias 12 Sata De 3,5 6 Sata De 2,5 \/rack 2u\/nucleo Cudruple 2.6 Ghz\/32gb Ddr4 Hasta 128 Gb\/4 Pto 2,5 Gbe \/2 Pto Sfp 10 Gbe\/ Usb 3.2"}]},{"@type":"WebSite","@id":"https:\/\/compuviper.mx\/tienda\/#website","url":"https:\/\/compuviper.mx\/tienda\/","name":"Compuviper","description":"Proveedor de Computadoras, Laptops, Servidores, Monitores, Puntos de Venta, Teclados,   Impresoras, T\u00f3ner, C\u00e1maras de Seguridad y m\u00e1s en tu tienda en l\u00ednea","publisher":{"@id":"https:\/\/compuviper.mx\/tienda\/#organization"},"potentialAction":[{"@type":"SearchAction","target":{"@type":"EntryPoint","urlTemplate":"https:\/\/compuviper.mx\/tienda\/?s={search_term_string}"},"query-input":"required name=search_term_string"}],"inLanguage":"es-MX"},{"@type":"Organization","@id":"https:\/\/compuviper.mx\/tienda\/#organization","name":"Compuviper","url":"https:\/\/compuviper.mx\/tienda\/","logo":{"@type":"ImageObject","inLanguage":"es-MX","@id":"https:\/\/compuviper.mx\/tienda\/#\/schema\/logo\/image\/","url":"https:\/\/compuviper.mx\/tienda\/wp-content\/uploads\/2021\/08\/Logo-Compuviper-10.png","contentUrl":"https:\/\/compuviper.mx\/tienda\/wp-content\/uploads\/2021\/08\/Logo-Compuviper-10.png","width":1000,"height":500,"caption":"Compuviper"},"image":{"@id":"https:\/\/compuviper.mx\/tienda\/#\/schema\/logo\/image\/"},"sameAs":["https:\/\/www.facebook.com\/compuviper","https:\/\/www.youtube.com\/channel\/UCf73dERp9Y3cfOq7q8BhLjA?view_as=subscriber"]}]},"product_brand":"Qnap","product_price_amount":"92567","product_price_currency":"MXN","og_availability":"instock","product_availability":"instock","product_retailer_item_id":"TS-H1886XU-RP-R2-D1622-32G-US","product_condition":"new"},"_links":{"self":[{"href":"https:\/\/compuviper.mx\/tienda\/wp-json\/wp\/v2\/product\/225104"}],"collection":[{"href":"https:\/\/compuviper.mx\/tienda\/wp-json\/wp\/v2\/product"}],"about":[{"href":"https:\/\/compuviper.mx\/tienda\/wp-json\/wp\/v2\/types\/product"}],"replies":[{"embeddable":true,"href":"https:\/\/compuviper.mx\/tienda\/wp-json\/wp\/v2\/comments?post=225104"}],"wp:featuredmedia":[{"embeddable":true,"href":"https:\/\/compuviper.mx\/tienda\/wp-json\/wp\/v2\/media\/225105"}],"wp:attachment":[{"href":"https:\/\/compuviper.mx\/tienda\/wp-json\/wp\/v2\/media?parent=225104"}],"wp:term":[{"taxonomy":"product_cat","embeddable":true,"href":"https:\/\/compuviper.mx\/tienda\/wp-json\/wp\/v2\/product_cat?post=225104"},{"taxonomy":"product_tag","embeddable":true,"href":"https:\/\/compuviper.mx\/tienda\/wp-json\/wp\/v2\/product_tag?post=225104"}],"curies":[{"name":"wp","href":"https:\/\/api.w.org\/{rel}","templated":true}]}}