{"id":225102,"date":"2026-04-25T01:50:38","date_gmt":"2026-04-25T07:50:38","guid":{"rendered":"https:\/\/compuviper.mx\/tienda\/producto\/qnap-ts-433-4g-us-nas-ts-433-4g-4-bahias-nucleo-cuadruple-2-0-ghz-4gb-ddr3-1-lan-25-gbe-1-lan-gbe-usb-3-2-x1-sata-hot-swap-sin-discos-arm-cortex-a55\/"},"modified":"2026-04-25T01:50:38","modified_gmt":"2026-04-25T07:50:38","slug":"qnap-ts-433-4g-us-nas-ts-433-4g-4-bahias-nucleo-cuadruple-2-0-ghz-4gb-ddr3-1-lan-25-gbe-1-lan-gbe-usb-3-2-x1-sata-hot-swap-sin-discos-arm-cortex-a55","status":"publish","type":"product","link":"https:\/\/compuviper.mx\/tienda\/producto\/qnap-ts-433-4g-us-nas-ts-433-4g-4-bahias-nucleo-cuadruple-2-0-ghz-4gb-ddr3-1-lan-25-gbe-1-lan-gbe-usb-3-2-x1-sata-hot-swap-sin-discos-arm-cortex-a55\/","title":{"rendered":"Qnap Ts-433-4g-us Nas  Ts-433-4g \/4 Bahias Nucleo Cuadruple 2.0 Ghz 4gb Ddr3\/1 Lan 2,5 Gbe\/ 1 Lan Gbe\/usb 3.2 X1\/sata\/hot-swap\/ Sin Discos\/ Arm Cortex A55"},"content":{"rendered":"<table class=\"descripcion\">\n<tr>\n<td>Descripcion tecnica<\/td>\n<\/tr>\n<tr>\n<td>Ts-433-4g<\/td>\n<\/tr>\n<tr>\n<td>Cpu procesador arm cortex a55 de cuatro n\u00facleos a 2,0ghz<\/td>\n<\/tr>\n<tr>\n<td>Arquitectura de cpu arm de 64 bits<\/td>\n<\/tr>\n<tr>\n<td>Unidad de coma flotante:     si<\/td>\n<\/tr>\n<tr>\n<td>Motor de cifrado:      si<\/td>\n<\/tr>\n<tr>\n<td>Memoria del sistema 4 gb de memoria integrada (no ampliable)<\/td>\n<\/tr>\n<tr>\n<td>Nota: reserva parte de la ram para usarla como memoria gr\u00e1fica compartida.<\/td>\n<\/tr>\n<tr>\n<td>Memoria m\u00e1xima 4 gb de memoria integrada (no ampliable)<\/td>\n<\/tr>\n<tr>\n<td>Memoria flash 4 gb (protecci\u00f3n del sistema operativo de doble arranque)<\/td>\n<\/tr>\n<tr>\n<td>Bah\u00eda de unidades 4 unidades sata de 3,5 a 6gb\/s, 3gb\/s<\/td>\n<\/tr>\n<tr>\n<td>Compatibilidad de unidades<\/td>\n<\/tr>\n<tr>\n<td>3.5-inch bays:<\/td>\n<\/tr>\n<tr>\n<td>3.5-inch sata hard disk drives<\/td>\n<\/tr>\n<tr>\n<td>2.5-inch sata solid state drives<\/td>\n<\/tr>\n<tr>\n<td>Intercambiable en caliente:     si<\/td>\n<\/tr>\n<tr>\n<td>Puerto gbe (rj45) 1<\/td>\n<\/tr>\n<tr>\n<td>Puerto 2,5 gbe (2,5g\/1g\/100m) 1 (2,5g\/1g\/100m)<\/td>\n<\/tr>\n<tr>\n<td>Wake-on-lan (wol):     si<\/td>\n<\/tr>\n<tr>\n<td>Jumbo frame:     si<\/td>\n<\/tr>\n<tr>\n<td>Puerto usb 2.0 2<\/td>\n<\/tr>\n<tr>\n<td>Puerto usb 3.2 gen 1 1<\/td>\n<\/tr>\n<tr>\n<td>Factor de forma torre<\/td>\n<\/tr>\n<tr>\n<td>Indicadores led estado del sistema, lan, usb, unidad de disco duro 1~4<\/td>\n<\/tr>\n<tr>\n<td>Botones encendido, restablecimiento, copia usb<\/td>\n<\/tr>\n<tr>\n<td>Dimensiones (altura x anchura x profundidad) 169 \u00d7 160 \u00d7 219 mm<\/td>\n<\/tr>\n<tr>\n<td>Peso (neto) 2,07 kg<\/td>\n<\/tr>\n<tr>\n<td>Peso (bruto) 3,5 kg<\/td>\n<\/tr>\n<tr>\n<td>Temperatura operativa 0 &#8211; 40 \u00b0c (32 \u00b0f &#8211; 104 \u00b0f)<\/td>\n<\/tr>\n<tr>\n<td>Temperatura de almacenamiento -20 &#8211; 70\u00b0c (-4\u00b0f &#8211; 158\u00b0f)<\/td>\n<\/tr>\n<tr>\n<td>Humedad relativa 5 ~ 95 % de humedad relativa sin condensaci\u00f3n, bulbo h\u00famedo: 27  and #730;c (80,6  and #730;f)<\/td>\n<\/tr>\n<tr>\n<td>Unidad de alimentaci\u00f3n el\u00e9ctrica adaptador de 90w (12 v de cc), 100-240 v de ca<\/td>\n<\/tr>\n<tr>\n<td>Consumo de energ\u00eda: modo suspensi\u00f3n de disco duro: 8,45 w<\/td>\n<\/tr>\n<tr>\n<td>Consumo de energ\u00eda: modo de funcionamiento, t\u00edpico 22,54 w<\/td>\n<\/tr>\n<tr>\n<td>Probado con unidades totalmente llenas.<\/td>\n<\/tr>\n<tr>\n<td>Ventilador 1 de 120 mm, 12 v de cc<\/td>\n<\/tr>\n<tr>\n<td>Advertencia del sistema timbre<\/td>\n<\/tr>\n<tr>\n<td>Ranura de seguridad kensington<\/td>\n<\/tr>\n<tr>\n<td>Garant\u00eda est\u00e1ndar 2<\/td>\n<\/tr>\n<tr>\n<td>N.\u00ba m\u00e1x. de conexiones simult\u00e1neas (cifs): con memoria m\u00e1x. 200<\/td>\n<\/tr>\n<\/table>\n","protected":false},"excerpt":{"rendered":"<p>Descripcion comercial. Sistema operativo. Qts 5.0.1. Sistemas operativos de cliente compatibles. Apple mac os 10.10 o posterior. Ubuntu 14.04, centos 7, rhel 6.6, suse 12 o posterior linux. Ibm aix 7, solaris 10 o posterior unix. Microsoft windows 7, 8, 10 y 11. Navegadores compatibles. Apple safari (\u00faltima versi\u00f3n. Google chrome (\u00faltima versi\u00f3n. Microsoft edge (\u00faltima versi\u00f3n. Mozilla firefox (\u00faltima versi\u00f3n. Idiomas admitidos. Chino (tradicional y simplificado), checo, dan\u00e9s, holand\u00e9s, ingl\u00e9s, finland\u00e9s, franc\u00e9s, alem\u00e1n, griego, h\u00fangaro, italiano, japon\u00e9s, coreano, noruego, polaco, portugu\u00e9s (brasil), rumano, ruso, espa\u00f1ol, sueco, tailand\u00e9s, y turco. Grupo de almacenamiento:     si. Conjunto de almacenamiento sed:      si. Tama\u00f1o m\u00e1ximo de grupo. 308tb. N\u00famero m\u00e1ximo de grupos de almacenamiento. 128. Tipo de volumen. Grueso, delgado, est\u00e1tico. Tama\u00f1o de volumen m\u00e1ximo. 250tb. Nota: se requieren al menos 4 gb de ram. N\u00famero m\u00e1ximo de volumen. 128. Tama\u00f1o m\u00e1ximo de carpeta compartida. 250tb. N\u00famero m\u00e1ximo de carpetas compartidas. 512. Expansi\u00f3n jbod :      si. Nube vjbod \/ vjbod:      si. Servicio iscsi:     si. Servicio de canal de fibra:     si. Tipo de lun. Grueso &#8212;- delgado. Iscsi lun basado en archivos:     si. Iscsi lun basado en bloques:     si. Tama\u00f1o m\u00e1ximo de lun. 250tb. Nota: se requieren al menos 4 gb de ram. N\u00famero m\u00e1ximo de objetivos lun. 128. Funci\u00f3n lun. Asignaci\u00f3n de lun (lun se puede mover entre iscsi y fc. Enmascaramiento de lun. Importaci\u00f3n\/exportaci\u00f3n de alias wwpn. Grupo de puertos fc. Nivelaci\u00f3n autom\u00e1tica:     si. Requiere m\u00ednimo 2 gb de memoria. Tipo de raid. 8 bah\u00edas (y m\u00e1s): jbod, simple, raid 0, 1, 5, 6, 10, 50, 60. 6 bah\u00edas: jbod, individual, raid 0, 1, 5, 6, 10, 50. 4 bah\u00edas: jbod, individual, raid 0, 1, 5, 6, 10. 2 bah\u00edas: jbod, individual, raid 0, 1<\/p>\n","protected":false},"featured_media":225103,"comment_status":"open","ping_status":"open","template":"","meta":[],"product_cat":[1803,1804],"product_tag":[2110],"acf":[],"yoast_head":"<!-- This site is optimized with the Yoast SEO plugin v21.7 - https:\/\/yoast.com\/wordpress\/plugins\/seo\/ -->\n<title>[ Qnap ] &#129351; Ts-433-4g-us Nas Ts-433-4g \/4 Bahias Nucleo Cuadruple 2.0 Ghz 4gb Ddr3\/1 Lan 2,5 Gbe\/ 1 Lan Gbe\/usb 3.2 X1\/sata\/hot-swap\/ Sin Discos\/ Arm Cortex A55<\/title>\n<meta name=\"description\" content=\"Compra Ts-433-4g-us Nas Ts-433-4g \/4 Bahias Nucleo Cuadruple 2.0 Ghz 4gb Ddr3\/1 Lan 2,5 Gbe\/ 1 Lan Gbe\/usb 3.2 X1\/sata\/hot-swap\/ Sin Discos\/ Arm Cortex A55 + Env\u00edo a domicilio + Pago seguro + Garant\u00eda\" \/>\n<meta name=\"robots\" content=\"index, follow, max-snippet:-1, max-image-preview:large, max-video-preview:-1\" \/>\n<link rel=\"canonical\" href=\"https:\/\/compuviper.mx\/tienda\/producto\/qnap-ts-433-4g-us-nas-ts-433-4g-4-bahias-nucleo-cuadruple-2-0-ghz-4gb-ddr3-1-lan-25-gbe-1-lan-gbe-usb-3-2-x1-sata-hot-swap-sin-discos-arm-cortex-a55\/\" \/>\n<meta property=\"og:locale\" content=\"es_MX\" \/>\n<meta property=\"og:type\" content=\"article\" \/>\n<meta property=\"og:title\" content=\"[ Qnap ] &#129351; Ts-433-4g-us Nas Ts-433-4g \/4 Bahias Nucleo Cuadruple 2.0 Ghz 4gb Ddr3\/1 Lan 2,5 Gbe\/ 1 Lan Gbe\/usb 3.2 X1\/sata\/hot-swap\/ Sin Discos\/ Arm Cortex A55\" \/>\n<meta property=\"og:description\" content=\"Compra Ts-433-4g-us Nas Ts-433-4g \/4 Bahias Nucleo Cuadruple 2.0 Ghz 4gb Ddr3\/1 Lan 2,5 Gbe\/ 1 Lan Gbe\/usb 3.2 X1\/sata\/hot-swap\/ Sin Discos\/ Arm Cortex A55 + Env\u00edo a domicilio + Pago seguro + Garant\u00eda\" \/>\n<meta property=\"og:url\" content=\"https:\/\/compuviper.mx\/tienda\/producto\/qnap-ts-433-4g-us-nas-ts-433-4g-4-bahias-nucleo-cuadruple-2-0-ghz-4gb-ddr3-1-lan-25-gbe-1-lan-gbe-usb-3-2-x1-sata-hot-swap-sin-discos-arm-cortex-a55\/\" \/>\n<meta property=\"og:site_name\" content=\"Compuviper\" \/>\n<meta property=\"article:publisher\" content=\"https:\/\/www.facebook.com\/compuviper\" \/>\n<meta property=\"og:image\" content=\"https:\/\/compuviper.mx\/tienda\/wp-content\/uploads\/2023\/12\/Nas-qnap-ts-433-4g-4-bahias-nucleo-cuadruple-2.0-ghz-4gb-ddr31-lan-25-gbe-1-lan-gbeusb-3.2-x1satahot-swap-sin-discos-arm-cortex-a55.jpg\" \/>\n\t<meta property=\"og:image:width\" content=\"200\" \/>\n\t<meta property=\"og:image:height\" content=\"200\" \/>\n\t<meta property=\"og:image:type\" content=\"image\/jpeg\" \/>\n<meta name=\"twitter:card\" content=\"summary_large_image\" \/>\n<meta name=\"twitter:label1\" content=\"Precio\" \/>\n\t<meta name=\"twitter:data1\" content=\"&#36;8,196 &#36;7,952 con IVA\" \/>\n\t<meta name=\"twitter:label2\" content=\"Availability\" \/>\n\t<meta name=\"twitter:data2\" content=\"Out of stock\" \/>\n<script type=\"application\/ld+json\" class=\"yoast-schema-graph\">{\"@context\":\"https:\/\/schema.org\",\"@graph\":[{\"@type\":\"WebPage\",\"@id\":\"https:\/\/compuviper.mx\/tienda\/producto\/qnap-ts-433-4g-us-nas-ts-433-4g-4-bahias-nucleo-cuadruple-2-0-ghz-4gb-ddr3-1-lan-25-gbe-1-lan-gbe-usb-3-2-x1-sata-hot-swap-sin-discos-arm-cortex-a55\/\",\"url\":\"https:\/\/compuviper.mx\/tienda\/producto\/qnap-ts-433-4g-us-nas-ts-433-4g-4-bahias-nucleo-cuadruple-2-0-ghz-4gb-ddr3-1-lan-25-gbe-1-lan-gbe-usb-3-2-x1-sata-hot-swap-sin-discos-arm-cortex-a55\/\",\"name\":\"[ Qnap ] &#129351; Ts-433-4g-us Nas Ts-433-4g \/4 Bahias Nucleo Cuadruple 2.0 Ghz 4gb Ddr3\/1 Lan 2,5 Gbe\/ 1 Lan Gbe\/usb 3.2 X1\/sata\/hot-swap\/ Sin Discos\/ Arm Cortex A55\",\"isPartOf\":{\"@id\":\"https:\/\/compuviper.mx\/tienda\/#website\"},\"datePublished\":\"2026-04-25T07:50:38+00:00\",\"dateModified\":\"2026-04-25T07:50:38+00:00\",\"description\":\"Compra Ts-433-4g-us Nas Ts-433-4g \/4 Bahias Nucleo Cuadruple 2.0 Ghz 4gb Ddr3\/1 Lan 2,5 Gbe\/ 1 Lan Gbe\/usb 3.2 X1\/sata\/hot-swap\/ Sin Discos\/ Arm Cortex A55 + Env\u00edo a domicilio + Pago seguro + Garant\u00eda\",\"breadcrumb\":{\"@id\":\"https:\/\/compuviper.mx\/tienda\/producto\/qnap-ts-433-4g-us-nas-ts-433-4g-4-bahias-nucleo-cuadruple-2-0-ghz-4gb-ddr3-1-lan-25-gbe-1-lan-gbe-usb-3-2-x1-sata-hot-swap-sin-discos-arm-cortex-a55\/#breadcrumb\"},\"inLanguage\":\"es-MX\",\"potentialAction\":[{\"@type\":\"ReadAction\",\"target\":[\"https:\/\/compuviper.mx\/tienda\/producto\/qnap-ts-433-4g-us-nas-ts-433-4g-4-bahias-nucleo-cuadruple-2-0-ghz-4gb-ddr3-1-lan-25-gbe-1-lan-gbe-usb-3-2-x1-sata-hot-swap-sin-discos-arm-cortex-a55\/\"]}]},{\"@type\":\"BreadcrumbList\",\"@id\":\"https:\/\/compuviper.mx\/tienda\/producto\/qnap-ts-433-4g-us-nas-ts-433-4g-4-bahias-nucleo-cuadruple-2-0-ghz-4gb-ddr3-1-lan-25-gbe-1-lan-gbe-usb-3-2-x1-sata-hot-swap-sin-discos-arm-cortex-a55\/#breadcrumb\",\"itemListElement\":[{\"@type\":\"ListItem\",\"position\":1,\"name\":\"Inicio\",\"item\":\"https:\/\/compuviper.mx\/tienda\/\"},{\"@type\":\"ListItem\",\"position\":2,\"name\":\"Productos\",\"item\":\"https:\/\/compuviper.mx\/tienda\/productos\/\"},{\"@type\":\"ListItem\",\"position\":3,\"name\":\"Almacenamiento\",\"item\":\"https:\/\/compuviper.mx\/tienda\/categoria-producto\/almacenamiento\/\"},{\"@type\":\"ListItem\",\"position\":4,\"name\":\"Sistema De Almacenamiento\",\"item\":\"https:\/\/compuviper.mx\/tienda\/categoria-producto\/almacenamiento\/sistema-de-almacenamiento\/\"},{\"@type\":\"ListItem\",\"position\":5,\"name\":\"Qnap Ts-433-4g-us Nas Ts-433-4g \/4 Bahias Nucleo Cuadruple 2.0 Ghz 4gb Ddr3\/1 Lan 2,5 Gbe\/ 1 Lan Gbe\/usb 3.2 X1\/sata\/hot-swap\/ Sin Discos\/ Arm Cortex A55\"}]},{\"@type\":\"WebSite\",\"@id\":\"https:\/\/compuviper.mx\/tienda\/#website\",\"url\":\"https:\/\/compuviper.mx\/tienda\/\",\"name\":\"Compuviper\",\"description\":\"Proveedor de Computadoras, Laptops, Servidores, Monitores, Puntos de Venta, Teclados,   Impresoras, T\u00f3ner, C\u00e1maras de Seguridad y m\u00e1s en tu tienda en l\u00ednea\",\"publisher\":{\"@id\":\"https:\/\/compuviper.mx\/tienda\/#organization\"},\"potentialAction\":[{\"@type\":\"SearchAction\",\"target\":{\"@type\":\"EntryPoint\",\"urlTemplate\":\"https:\/\/compuviper.mx\/tienda\/?s={search_term_string}\"},\"query-input\":\"required name=search_term_string\"}],\"inLanguage\":\"es-MX\"},{\"@type\":\"Organization\",\"@id\":\"https:\/\/compuviper.mx\/tienda\/#organization\",\"name\":\"Compuviper\",\"url\":\"https:\/\/compuviper.mx\/tienda\/\",\"logo\":{\"@type\":\"ImageObject\",\"inLanguage\":\"es-MX\",\"@id\":\"https:\/\/compuviper.mx\/tienda\/#\/schema\/logo\/image\/\",\"url\":\"https:\/\/compuviper.mx\/tienda\/wp-content\/uploads\/2021\/08\/Logo-Compuviper-10.png\",\"contentUrl\":\"https:\/\/compuviper.mx\/tienda\/wp-content\/uploads\/2021\/08\/Logo-Compuviper-10.png\",\"width\":1000,\"height\":500,\"caption\":\"Compuviper\"},\"image\":{\"@id\":\"https:\/\/compuviper.mx\/tienda\/#\/schema\/logo\/image\/\"},\"sameAs\":[\"https:\/\/www.facebook.com\/compuviper\",\"https:\/\/www.youtube.com\/channel\/UCf73dERp9Y3cfOq7q8BhLjA?view_as=subscriber\"]}]}<\/script>\n<meta property=\"product:brand\" content=\"Qnap\" \/>\n<meta property=\"product:price:amount\" content=\"7952\" \/>\n<meta property=\"product:price:currency\" content=\"MXN\" \/>\n<meta property=\"og:availability\" content=\"out of stock\" \/>\n<meta property=\"product:availability\" content=\"out of stock\" \/>\n<meta property=\"product:retailer_item_id\" content=\"TS-433-4G-US\" \/>\n<meta property=\"product:condition\" content=\"new\" \/>\n<!-- \/ Yoast SEO plugin. -->","yoast_head_json":{"title":"[ Qnap ] &#129351; Ts-433-4g-us Nas Ts-433-4g \/4 Bahias Nucleo Cuadruple 2.0 Ghz 4gb Ddr3\/1 Lan 2,5 Gbe\/ 1 Lan Gbe\/usb 3.2 X1\/sata\/hot-swap\/ Sin Discos\/ Arm Cortex A55","description":"Compra Ts-433-4g-us Nas Ts-433-4g \/4 Bahias Nucleo Cuadruple 2.0 Ghz 4gb Ddr3\/1 Lan 2,5 Gbe\/ 1 Lan Gbe\/usb 3.2 X1\/sata\/hot-swap\/ Sin Discos\/ Arm Cortex A55 + Env\u00edo a domicilio + Pago seguro + Garant\u00eda","robots":{"index":"index","follow":"follow","max-snippet":"max-snippet:-1","max-image-preview":"max-image-preview:large","max-video-preview":"max-video-preview:-1"},"canonical":"https:\/\/compuviper.mx\/tienda\/producto\/qnap-ts-433-4g-us-nas-ts-433-4g-4-bahias-nucleo-cuadruple-2-0-ghz-4gb-ddr3-1-lan-25-gbe-1-lan-gbe-usb-3-2-x1-sata-hot-swap-sin-discos-arm-cortex-a55\/","og_locale":"es_MX","og_type":"article","og_title":"[ Qnap ] &#129351; Ts-433-4g-us Nas Ts-433-4g \/4 Bahias Nucleo Cuadruple 2.0 Ghz 4gb Ddr3\/1 Lan 2,5 Gbe\/ 1 Lan Gbe\/usb 3.2 X1\/sata\/hot-swap\/ Sin Discos\/ Arm Cortex A55","og_description":"Compra Ts-433-4g-us Nas Ts-433-4g \/4 Bahias Nucleo Cuadruple 2.0 Ghz 4gb Ddr3\/1 Lan 2,5 Gbe\/ 1 Lan Gbe\/usb 3.2 X1\/sata\/hot-swap\/ Sin Discos\/ Arm Cortex A55 + Env\u00edo a domicilio + Pago seguro + Garant\u00eda","og_url":"https:\/\/compuviper.mx\/tienda\/producto\/qnap-ts-433-4g-us-nas-ts-433-4g-4-bahias-nucleo-cuadruple-2-0-ghz-4gb-ddr3-1-lan-25-gbe-1-lan-gbe-usb-3-2-x1-sata-hot-swap-sin-discos-arm-cortex-a55\/","og_site_name":"Compuviper","article_publisher":"https:\/\/www.facebook.com\/compuviper","og_image":[{"width":200,"height":200,"url":"https:\/\/compuviper.mx\/tienda\/wp-content\/uploads\/2023\/12\/Nas-qnap-ts-433-4g-4-bahias-nucleo-cuadruple-2.0-ghz-4gb-ddr31-lan-25-gbe-1-lan-gbeusb-3.2-x1satahot-swap-sin-discos-arm-cortex-a55.jpg","type":"image\/jpeg"}],"twitter_card":"summary_large_image","twitter_misc":{"Precio":"&#36;8,196 &#36;7,952 con IVA","Availability":"Out of stock"},"schema":{"@context":"https:\/\/schema.org","@graph":[{"@type":"WebPage","@id":"https:\/\/compuviper.mx\/tienda\/producto\/qnap-ts-433-4g-us-nas-ts-433-4g-4-bahias-nucleo-cuadruple-2-0-ghz-4gb-ddr3-1-lan-25-gbe-1-lan-gbe-usb-3-2-x1-sata-hot-swap-sin-discos-arm-cortex-a55\/","url":"https:\/\/compuviper.mx\/tienda\/producto\/qnap-ts-433-4g-us-nas-ts-433-4g-4-bahias-nucleo-cuadruple-2-0-ghz-4gb-ddr3-1-lan-25-gbe-1-lan-gbe-usb-3-2-x1-sata-hot-swap-sin-discos-arm-cortex-a55\/","name":"[ Qnap ] &#129351; Ts-433-4g-us Nas Ts-433-4g \/4 Bahias Nucleo Cuadruple 2.0 Ghz 4gb Ddr3\/1 Lan 2,5 Gbe\/ 1 Lan Gbe\/usb 3.2 X1\/sata\/hot-swap\/ Sin Discos\/ Arm Cortex A55","isPartOf":{"@id":"https:\/\/compuviper.mx\/tienda\/#website"},"datePublished":"2026-04-25T07:50:38+00:00","dateModified":"2026-04-25T07:50:38+00:00","description":"Compra Ts-433-4g-us Nas Ts-433-4g \/4 Bahias Nucleo Cuadruple 2.0 Ghz 4gb Ddr3\/1 Lan 2,5 Gbe\/ 1 Lan Gbe\/usb 3.2 X1\/sata\/hot-swap\/ Sin Discos\/ Arm Cortex A55 + Env\u00edo a domicilio + Pago seguro + Garant\u00eda","breadcrumb":{"@id":"https:\/\/compuviper.mx\/tienda\/producto\/qnap-ts-433-4g-us-nas-ts-433-4g-4-bahias-nucleo-cuadruple-2-0-ghz-4gb-ddr3-1-lan-25-gbe-1-lan-gbe-usb-3-2-x1-sata-hot-swap-sin-discos-arm-cortex-a55\/#breadcrumb"},"inLanguage":"es-MX","potentialAction":[{"@type":"ReadAction","target":["https:\/\/compuviper.mx\/tienda\/producto\/qnap-ts-433-4g-us-nas-ts-433-4g-4-bahias-nucleo-cuadruple-2-0-ghz-4gb-ddr3-1-lan-25-gbe-1-lan-gbe-usb-3-2-x1-sata-hot-swap-sin-discos-arm-cortex-a55\/"]}]},{"@type":"BreadcrumbList","@id":"https:\/\/compuviper.mx\/tienda\/producto\/qnap-ts-433-4g-us-nas-ts-433-4g-4-bahias-nucleo-cuadruple-2-0-ghz-4gb-ddr3-1-lan-25-gbe-1-lan-gbe-usb-3-2-x1-sata-hot-swap-sin-discos-arm-cortex-a55\/#breadcrumb","itemListElement":[{"@type":"ListItem","position":1,"name":"Inicio","item":"https:\/\/compuviper.mx\/tienda\/"},{"@type":"ListItem","position":2,"name":"Productos","item":"https:\/\/compuviper.mx\/tienda\/productos\/"},{"@type":"ListItem","position":3,"name":"Almacenamiento","item":"https:\/\/compuviper.mx\/tienda\/categoria-producto\/almacenamiento\/"},{"@type":"ListItem","position":4,"name":"Sistema De Almacenamiento","item":"https:\/\/compuviper.mx\/tienda\/categoria-producto\/almacenamiento\/sistema-de-almacenamiento\/"},{"@type":"ListItem","position":5,"name":"Qnap Ts-433-4g-us Nas Ts-433-4g \/4 Bahias Nucleo Cuadruple 2.0 Ghz 4gb Ddr3\/1 Lan 2,5 Gbe\/ 1 Lan Gbe\/usb 3.2 X1\/sata\/hot-swap\/ Sin Discos\/ Arm Cortex A55"}]},{"@type":"WebSite","@id":"https:\/\/compuviper.mx\/tienda\/#website","url":"https:\/\/compuviper.mx\/tienda\/","name":"Compuviper","description":"Proveedor de Computadoras, Laptops, Servidores, Monitores, Puntos de Venta, Teclados,   Impresoras, T\u00f3ner, C\u00e1maras de Seguridad y m\u00e1s en tu tienda en l\u00ednea","publisher":{"@id":"https:\/\/compuviper.mx\/tienda\/#organization"},"potentialAction":[{"@type":"SearchAction","target":{"@type":"EntryPoint","urlTemplate":"https:\/\/compuviper.mx\/tienda\/?s={search_term_string}"},"query-input":"required name=search_term_string"}],"inLanguage":"es-MX"},{"@type":"Organization","@id":"https:\/\/compuviper.mx\/tienda\/#organization","name":"Compuviper","url":"https:\/\/compuviper.mx\/tienda\/","logo":{"@type":"ImageObject","inLanguage":"es-MX","@id":"https:\/\/compuviper.mx\/tienda\/#\/schema\/logo\/image\/","url":"https:\/\/compuviper.mx\/tienda\/wp-content\/uploads\/2021\/08\/Logo-Compuviper-10.png","contentUrl":"https:\/\/compuviper.mx\/tienda\/wp-content\/uploads\/2021\/08\/Logo-Compuviper-10.png","width":1000,"height":500,"caption":"Compuviper"},"image":{"@id":"https:\/\/compuviper.mx\/tienda\/#\/schema\/logo\/image\/"},"sameAs":["https:\/\/www.facebook.com\/compuviper","https:\/\/www.youtube.com\/channel\/UCf73dERp9Y3cfOq7q8BhLjA?view_as=subscriber"]}]},"product_brand":"Qnap","product_price_amount":"7952","product_price_currency":"MXN","og_availability":"out of stock","product_availability":"out of stock","product_retailer_item_id":"TS-433-4G-US","product_condition":"new"},"_links":{"self":[{"href":"https:\/\/compuviper.mx\/tienda\/wp-json\/wp\/v2\/product\/225102"}],"collection":[{"href":"https:\/\/compuviper.mx\/tienda\/wp-json\/wp\/v2\/product"}],"about":[{"href":"https:\/\/compuviper.mx\/tienda\/wp-json\/wp\/v2\/types\/product"}],"replies":[{"embeddable":true,"href":"https:\/\/compuviper.mx\/tienda\/wp-json\/wp\/v2\/comments?post=225102"}],"wp:featuredmedia":[{"embeddable":true,"href":"https:\/\/compuviper.mx\/tienda\/wp-json\/wp\/v2\/media\/225103"}],"wp:attachment":[{"href":"https:\/\/compuviper.mx\/tienda\/wp-json\/wp\/v2\/media?parent=225102"}],"wp:term":[{"taxonomy":"product_cat","embeddable":true,"href":"https:\/\/compuviper.mx\/tienda\/wp-json\/wp\/v2\/product_cat?post=225102"},{"taxonomy":"product_tag","embeddable":true,"href":"https:\/\/compuviper.mx\/tienda\/wp-json\/wp\/v2\/product_tag?post=225102"}],"curies":[{"name":"wp","href":"https:\/\/api.w.org\/{rel}","templated":true}]}}