{"id":225076,"date":"2026-04-17T02:01:20","date_gmt":"2026-04-17T08:01:20","guid":{"rendered":"https:\/\/compuviper.mx\/tienda\/producto\/hewlett-packard-enterprise-r7g22b-hpe-almacenamiento-nas-32tb-sas-hpe-storeeasy-1660-xeon-s-4309y-con-microsoft-windows-server-iot-2019-16gb-4x1gbe\/"},"modified":"2026-04-17T02:01:20","modified_gmt":"2026-04-17T08:01:20","slug":"hewlett-packard-enterprise-r7g22b-hpe-almacenamiento-nas-32tb-sas-hpe-storeeasy-1660-xeon-s-4309y-con-microsoft-windows-server-iot-2019-16gb-4x1gbe","status":"publish","type":"product","link":"https:\/\/compuviper.mx\/tienda\/producto\/hewlett-packard-enterprise-r7g22b-hpe-almacenamiento-nas-32tb-sas-hpe-storeeasy-1660-xeon-s-4309y-con-microsoft-windows-server-iot-2019-16gb-4x1gbe\/","title":{"rendered":"Hewlett Packard Enterprise R7g22b Hpe Almacenamiento Nas 32tb Sas Hpe Storeeasy 1660 Xeon S 4309y Con Microsoft Windows Server Iot 2019 16gb 4x1gbe"},"content":{"rendered":"<table class=\"descripcion\">\n<tr>\n<td>Capacidad<\/td>\n<\/tr>\n<tr>\n<td>32 tb brutos<\/td>\n<\/tr>\n<tr>\n<td>Interfaz de host<\/td>\n<\/tr>\n<tr>\n<td>4 x 1 gbe est\u00e1ndar<\/td>\n<\/tr>\n<tr>\n<td>Protocolos admitidos<\/td>\n<\/tr>\n<tr>\n<td>Smb, nfs, iscsi a trav\u00e9s de ethernet, ftp\/s, http\/s<\/td>\n<\/tr>\n<tr>\n<td>Soporte de r\u00e9plicas<\/td>\n<\/tr>\n<tr>\n<td>Replicaci\u00f3n del sistema de archivos distribuido (dfs-r) de microsoft para conjuntos de datos de hasta 100 tb<\/td>\n<\/tr>\n<tr>\n<td>Opciones de expansi\u00f3n de almacenamiento<\/td>\n<\/tr>\n<tr>\n<td>Todos los modelos hpe storeeasy admiten la expansi\u00f3n externa mediante almacenamiento san hpe msa o las familias de productos de carcasas de discos d3x10, d6020 y d8000. se debe agregar una conexi\u00f3n canal de fibra, sas o iscsi para admitir el almacenamiento san msa (tenga en cuenta que no se admite la agrupaci\u00f3n en cl\u00fasteres de alta disponibilidad), mientras que se debe agregar un controlador smart array con puertos externos para admitir carcasas de discos externos.<\/td>\n<\/tr>\n<tr>\n<td>Sistemas operativos compatibles<\/td>\n<\/tr>\n<tr>\n<td>Microsoft\u00ae windows\u00ae server iot 2019 standard edition para almacenamiento est\u00e1 preinstalado. los sistemas operativos clientes compatibles incluyen microsoft\u00ae windows\u00ae, mac os, linux\u00ae y unix.<\/td>\n<\/tr>\n<tr>\n<td>Funciones de gesti\u00f3n<\/td>\n<\/tr>\n<tr>\n<td>Hpe storeeasy management console versi\u00f3n<\/td>\n<\/tr>\n<tr>\n<td>Hpe ilo5<\/td>\n<\/tr>\n<tr>\n<td>Hpe smart storage administrator<\/td>\n<\/tr>\n<tr>\n<td>Windows server manager y utilidades<\/td>\n<\/tr>\n<tr>\n<td>Descripci\u00f3n de unidad<\/td>\n<\/tr>\n<tr>\n<td>8 hdd midline 4 tb sas 12g 7200 rpm lff est\u00e1ndar<\/td>\n<\/tr>\n<tr>\n<td>4 bandejas para unidades frontales abiertas lff (3,5 pulgadas) hot-plug<\/td>\n<\/tr>\n<tr>\n<td>4 cajas de unidad central de chasis lff hot-plug opcionales.<\/td>\n<\/tr>\n<tr>\n<td>Admite agrupaci\u00f3n en cl\u00faster<\/td>\n<\/tr>\n<tr>\n<td>No compatible con dispositivos de almacenamiento hpe storeeasy 1000<\/td>\n<\/tr>\n<tr>\n<td>Tipo de disco duro<\/td>\n<\/tr>\n<tr>\n<td>Sata o sas hot-plug lff (3,5 pulgadas)<\/td>\n<\/tr>\n<tr>\n<td>Soporte de snapshot<\/td>\n<\/tr>\n<tr>\n<td>Microsoft volume shadow copy service (vss)<\/td>\n<\/tr>\n<tr>\n<td>Form factor (totalmente configurado)<\/td>\n<\/tr>\n<tr>\n<td>Montaje en bastidor de 2u<\/td>\n<\/tr>\n<tr>\n<td>Dimensiones m\u00ednimas (alto x ancho x fondo)<\/td>\n<\/tr>\n<tr>\n<td>Var\u00eda seg\u00fan el modelo<\/td>\n<\/tr>\n<tr>\n<td>Peso<\/td>\n<\/tr>\n<tr>\n<td>Var\u00eda seg\u00fan el modelo<\/td>\n<\/tr>\n<tr>\n<td>Garant\u00eda<\/td>\n<\/tr>\n<tr>\n<td>3\/3\/3 &#8211; la garant\u00eda del sistema incluye tres a\u00f1os de garant\u00eda en piezas, tres a\u00f1os de mano de obra y tres a\u00f1os de cobertura de soporte a domicilio, con respuesta al siguiente d\u00eda laborable. se garantiza que los medios de software estar\u00e1n exento de defectos f\u00edsicos durante 90 d\u00edas a partir de la fecha de entrega. la informaci\u00f3n adicional referente al soporte t\u00e9cnico y a la garant\u00eda limitada en todo el mundo est\u00e1 disponible en: https:\/\/support.hpe.com\/hpsc\/wc\/public\/home<\/td>\n<\/tr>\n<\/table>\n","protected":false},"excerpt":{"rendered":"<p>Los nuevos modelos hpe storeeasy 1660 y hpe storeeasy 1860 se crean a partir de tecnolog\u00edas de hpe proliant dl380 gen10 plus, incluidos los controladores broadcom\u00ae  megaraid gen10+ y el procesador intel xeon 4309y. Los nuevos y asequibles modelos hpe storeeasy 1460 y storeeasy 1560 utilizan software raid. Los hpe storeeasy 1460 y hpe storeeasy 1560 existentes utilizan hardware raid y entregan el rendimiento m\u00e1s alto. Compatibilidad con los nuevos discos duros de 18 tb (en modelos seleccionados), para un m\u00e1ximo de 504 tb de capacidad interna bruta en el almacenamiento ampliado hpe storeeasy 1660. La consola de gesti\u00f3n hpe storeeasy a\u00f1ade aprovisionamiento del almacenamiento simplificado y supervisi\u00f3n del consumo m\u00e1s inteligente.<\/p>\n","protected":false},"featured_media":225077,"comment_status":"open","ping_status":"open","template":"","meta":[],"product_cat":[1803,1804],"product_tag":[1568],"acf":[],"yoast_head":"<!-- This site is optimized with the Yoast SEO plugin v21.7 - https:\/\/yoast.com\/wordpress\/plugins\/seo\/ -->\n<title>[ Hewlett Packard Enterprise ] &#129351; R7g22b Hpe Almacenamiento Nas 32tb Sas Hpe Storeeasy 1660 Xeon S 4309y Con Microsoft Windows Server Iot 2019 16gb 4x1gbe<\/title>\n<meta name=\"description\" content=\"Compra R7g22b Hpe Almacenamiento Nas 32tb Sas Hpe Storeeasy 1660 Xeon S 4309y Con Microsoft Windows Server Iot 2019 16gb 4x1gbe + Env\u00edo a domicilio + Pago seguro + Garant\u00eda\" \/>\n<meta name=\"robots\" content=\"index, follow, max-snippet:-1, max-image-preview:large, max-video-preview:-1\" \/>\n<link rel=\"canonical\" href=\"https:\/\/compuviper.mx\/tienda\/producto\/hewlett-packard-enterprise-r7g22b-hpe-almacenamiento-nas-32tb-sas-hpe-storeeasy-1660-xeon-s-4309y-con-microsoft-windows-server-iot-2019-16gb-4x1gbe\/\" \/>\n<meta property=\"og:locale\" content=\"es_MX\" \/>\n<meta property=\"og:type\" content=\"article\" \/>\n<meta property=\"og:title\" content=\"[ Hewlett Packard Enterprise ] &#129351; R7g22b Hpe Almacenamiento Nas 32tb Sas Hpe Storeeasy 1660 Xeon S 4309y Con Microsoft Windows Server Iot 2019 16gb 4x1gbe\" \/>\n<meta property=\"og:description\" content=\"Compra R7g22b Hpe Almacenamiento Nas 32tb Sas Hpe Storeeasy 1660 Xeon S 4309y Con Microsoft Windows Server Iot 2019 16gb 4x1gbe + Env\u00edo a domicilio + Pago seguro + Garant\u00eda\" \/>\n<meta property=\"og:url\" content=\"https:\/\/compuviper.mx\/tienda\/producto\/hewlett-packard-enterprise-r7g22b-hpe-almacenamiento-nas-32tb-sas-hpe-storeeasy-1660-xeon-s-4309y-con-microsoft-windows-server-iot-2019-16gb-4x1gbe\/\" \/>\n<meta property=\"og:site_name\" content=\"Compuviper\" \/>\n<meta property=\"article:publisher\" content=\"https:\/\/www.facebook.com\/compuviper\" \/>\n<meta property=\"og:image\" content=\"https:\/\/compuviper.mx\/tienda\/wp-content\/uploads\/2023\/12\/Hpe-almacenamiento-nas-32tb-sas-hpe-storeeasy-1660-xeon-s-4309y-con-microsoft-windows-server-iot-2019-16gb-4x1gbe.jpg\" \/>\n\t<meta property=\"og:image:width\" content=\"200\" \/>\n\t<meta property=\"og:image:height\" content=\"200\" \/>\n\t<meta property=\"og:image:type\" content=\"image\/jpeg\" \/>\n<meta name=\"twitter:card\" content=\"summary_large_image\" \/>\n<meta name=\"twitter:label1\" content=\"Precio\" \/>\n\t<meta name=\"twitter:data1\" content=\"&#36;171,031 con IVA\" \/>\n\t<meta name=\"twitter:label2\" content=\"Availability\" \/>\n\t<meta name=\"twitter:data2\" content=\"Out of stock\" \/>\n<script type=\"application\/ld+json\" class=\"yoast-schema-graph\">{\"@context\":\"https:\/\/schema.org\",\"@graph\":[{\"@type\":\"WebPage\",\"@id\":\"https:\/\/compuviper.mx\/tienda\/producto\/hewlett-packard-enterprise-r7g22b-hpe-almacenamiento-nas-32tb-sas-hpe-storeeasy-1660-xeon-s-4309y-con-microsoft-windows-server-iot-2019-16gb-4x1gbe\/\",\"url\":\"https:\/\/compuviper.mx\/tienda\/producto\/hewlett-packard-enterprise-r7g22b-hpe-almacenamiento-nas-32tb-sas-hpe-storeeasy-1660-xeon-s-4309y-con-microsoft-windows-server-iot-2019-16gb-4x1gbe\/\",\"name\":\"[ Hewlett Packard Enterprise ] &#129351; R7g22b Hpe Almacenamiento Nas 32tb Sas Hpe Storeeasy 1660 Xeon S 4309y Con Microsoft Windows Server Iot 2019 16gb 4x1gbe\",\"isPartOf\":{\"@id\":\"https:\/\/compuviper.mx\/tienda\/#website\"},\"datePublished\":\"2026-04-17T08:01:20+00:00\",\"dateModified\":\"2026-04-17T08:01:20+00:00\",\"description\":\"Compra R7g22b Hpe Almacenamiento Nas 32tb Sas Hpe Storeeasy 1660 Xeon S 4309y Con Microsoft Windows Server Iot 2019 16gb 4x1gbe + Env\u00edo a domicilio + Pago seguro + Garant\u00eda\",\"breadcrumb\":{\"@id\":\"https:\/\/compuviper.mx\/tienda\/producto\/hewlett-packard-enterprise-r7g22b-hpe-almacenamiento-nas-32tb-sas-hpe-storeeasy-1660-xeon-s-4309y-con-microsoft-windows-server-iot-2019-16gb-4x1gbe\/#breadcrumb\"},\"inLanguage\":\"es-MX\",\"potentialAction\":[{\"@type\":\"ReadAction\",\"target\":[\"https:\/\/compuviper.mx\/tienda\/producto\/hewlett-packard-enterprise-r7g22b-hpe-almacenamiento-nas-32tb-sas-hpe-storeeasy-1660-xeon-s-4309y-con-microsoft-windows-server-iot-2019-16gb-4x1gbe\/\"]}]},{\"@type\":\"BreadcrumbList\",\"@id\":\"https:\/\/compuviper.mx\/tienda\/producto\/hewlett-packard-enterprise-r7g22b-hpe-almacenamiento-nas-32tb-sas-hpe-storeeasy-1660-xeon-s-4309y-con-microsoft-windows-server-iot-2019-16gb-4x1gbe\/#breadcrumb\",\"itemListElement\":[{\"@type\":\"ListItem\",\"position\":1,\"name\":\"Inicio\",\"item\":\"https:\/\/compuviper.mx\/tienda\/\"},{\"@type\":\"ListItem\",\"position\":2,\"name\":\"Productos\",\"item\":\"https:\/\/compuviper.mx\/tienda\/productos\/\"},{\"@type\":\"ListItem\",\"position\":3,\"name\":\"Almacenamiento\",\"item\":\"https:\/\/compuviper.mx\/tienda\/categoria-producto\/almacenamiento\/\"},{\"@type\":\"ListItem\",\"position\":4,\"name\":\"Sistema De Almacenamiento\",\"item\":\"https:\/\/compuviper.mx\/tienda\/categoria-producto\/almacenamiento\/sistema-de-almacenamiento\/\"},{\"@type\":\"ListItem\",\"position\":5,\"name\":\"Hewlett Packard Enterprise R7g22b Hpe Almacenamiento Nas 32tb Sas Hpe Storeeasy 1660 Xeon S 4309y Con Microsoft Windows Server Iot 2019 16gb 4x1gbe\"}]},{\"@type\":\"WebSite\",\"@id\":\"https:\/\/compuviper.mx\/tienda\/#website\",\"url\":\"https:\/\/compuviper.mx\/tienda\/\",\"name\":\"Compuviper\",\"description\":\"Proveedor de Computadoras, Laptops, Servidores, Monitores, Puntos de Venta, Teclados,   Impresoras, T\u00f3ner, C\u00e1maras de Seguridad y m\u00e1s en tu tienda en l\u00ednea\",\"publisher\":{\"@id\":\"https:\/\/compuviper.mx\/tienda\/#organization\"},\"potentialAction\":[{\"@type\":\"SearchAction\",\"target\":{\"@type\":\"EntryPoint\",\"urlTemplate\":\"https:\/\/compuviper.mx\/tienda\/?s={search_term_string}\"},\"query-input\":\"required name=search_term_string\"}],\"inLanguage\":\"es-MX\"},{\"@type\":\"Organization\",\"@id\":\"https:\/\/compuviper.mx\/tienda\/#organization\",\"name\":\"Compuviper\",\"url\":\"https:\/\/compuviper.mx\/tienda\/\",\"logo\":{\"@type\":\"ImageObject\",\"inLanguage\":\"es-MX\",\"@id\":\"https:\/\/compuviper.mx\/tienda\/#\/schema\/logo\/image\/\",\"url\":\"https:\/\/compuviper.mx\/tienda\/wp-content\/uploads\/2021\/08\/Logo-Compuviper-10.png\",\"contentUrl\":\"https:\/\/compuviper.mx\/tienda\/wp-content\/uploads\/2021\/08\/Logo-Compuviper-10.png\",\"width\":1000,\"height\":500,\"caption\":\"Compuviper\"},\"image\":{\"@id\":\"https:\/\/compuviper.mx\/tienda\/#\/schema\/logo\/image\/\"},\"sameAs\":[\"https:\/\/www.facebook.com\/compuviper\",\"https:\/\/www.youtube.com\/channel\/UCf73dERp9Y3cfOq7q8BhLjA?view_as=subscriber\"]}]}<\/script>\n<meta property=\"product:brand\" content=\"HEWLETT PACKARD ENTERPRISE\" \/>\n<meta property=\"product:price:amount\" content=\"171031\" \/>\n<meta property=\"product:price:currency\" content=\"MXN\" \/>\n<meta property=\"og:availability\" content=\"out of stock\" \/>\n<meta property=\"product:availability\" content=\"out of stock\" \/>\n<meta property=\"product:retailer_item_id\" content=\"R7G22B\" \/>\n<meta property=\"product:condition\" content=\"new\" \/>\n<!-- \/ Yoast SEO plugin. -->","yoast_head_json":{"title":"[ Hewlett Packard Enterprise ] &#129351; R7g22b Hpe Almacenamiento Nas 32tb Sas Hpe Storeeasy 1660 Xeon S 4309y Con Microsoft Windows Server Iot 2019 16gb 4x1gbe","description":"Compra R7g22b Hpe Almacenamiento Nas 32tb Sas Hpe Storeeasy 1660 Xeon S 4309y Con Microsoft Windows Server Iot 2019 16gb 4x1gbe + Env\u00edo a domicilio + Pago seguro + Garant\u00eda","robots":{"index":"index","follow":"follow","max-snippet":"max-snippet:-1","max-image-preview":"max-image-preview:large","max-video-preview":"max-video-preview:-1"},"canonical":"https:\/\/compuviper.mx\/tienda\/producto\/hewlett-packard-enterprise-r7g22b-hpe-almacenamiento-nas-32tb-sas-hpe-storeeasy-1660-xeon-s-4309y-con-microsoft-windows-server-iot-2019-16gb-4x1gbe\/","og_locale":"es_MX","og_type":"article","og_title":"[ Hewlett Packard Enterprise ] &#129351; R7g22b Hpe Almacenamiento Nas 32tb Sas Hpe Storeeasy 1660 Xeon S 4309y Con Microsoft Windows Server Iot 2019 16gb 4x1gbe","og_description":"Compra R7g22b Hpe Almacenamiento Nas 32tb Sas Hpe Storeeasy 1660 Xeon S 4309y Con Microsoft Windows Server Iot 2019 16gb 4x1gbe + Env\u00edo a domicilio + Pago seguro + Garant\u00eda","og_url":"https:\/\/compuviper.mx\/tienda\/producto\/hewlett-packard-enterprise-r7g22b-hpe-almacenamiento-nas-32tb-sas-hpe-storeeasy-1660-xeon-s-4309y-con-microsoft-windows-server-iot-2019-16gb-4x1gbe\/","og_site_name":"Compuviper","article_publisher":"https:\/\/www.facebook.com\/compuviper","og_image":[{"width":200,"height":200,"url":"https:\/\/compuviper.mx\/tienda\/wp-content\/uploads\/2023\/12\/Hpe-almacenamiento-nas-32tb-sas-hpe-storeeasy-1660-xeon-s-4309y-con-microsoft-windows-server-iot-2019-16gb-4x1gbe.jpg","type":"image\/jpeg"}],"twitter_card":"summary_large_image","twitter_misc":{"Precio":"&#36;171,031 con IVA","Availability":"Out of stock"},"schema":{"@context":"https:\/\/schema.org","@graph":[{"@type":"WebPage","@id":"https:\/\/compuviper.mx\/tienda\/producto\/hewlett-packard-enterprise-r7g22b-hpe-almacenamiento-nas-32tb-sas-hpe-storeeasy-1660-xeon-s-4309y-con-microsoft-windows-server-iot-2019-16gb-4x1gbe\/","url":"https:\/\/compuviper.mx\/tienda\/producto\/hewlett-packard-enterprise-r7g22b-hpe-almacenamiento-nas-32tb-sas-hpe-storeeasy-1660-xeon-s-4309y-con-microsoft-windows-server-iot-2019-16gb-4x1gbe\/","name":"[ Hewlett Packard Enterprise ] &#129351; R7g22b Hpe Almacenamiento Nas 32tb Sas Hpe Storeeasy 1660 Xeon S 4309y Con Microsoft Windows Server Iot 2019 16gb 4x1gbe","isPartOf":{"@id":"https:\/\/compuviper.mx\/tienda\/#website"},"datePublished":"2026-04-17T08:01:20+00:00","dateModified":"2026-04-17T08:01:20+00:00","description":"Compra R7g22b Hpe Almacenamiento Nas 32tb Sas Hpe Storeeasy 1660 Xeon S 4309y Con Microsoft Windows Server Iot 2019 16gb 4x1gbe + Env\u00edo a domicilio + Pago seguro + Garant\u00eda","breadcrumb":{"@id":"https:\/\/compuviper.mx\/tienda\/producto\/hewlett-packard-enterprise-r7g22b-hpe-almacenamiento-nas-32tb-sas-hpe-storeeasy-1660-xeon-s-4309y-con-microsoft-windows-server-iot-2019-16gb-4x1gbe\/#breadcrumb"},"inLanguage":"es-MX","potentialAction":[{"@type":"ReadAction","target":["https:\/\/compuviper.mx\/tienda\/producto\/hewlett-packard-enterprise-r7g22b-hpe-almacenamiento-nas-32tb-sas-hpe-storeeasy-1660-xeon-s-4309y-con-microsoft-windows-server-iot-2019-16gb-4x1gbe\/"]}]},{"@type":"BreadcrumbList","@id":"https:\/\/compuviper.mx\/tienda\/producto\/hewlett-packard-enterprise-r7g22b-hpe-almacenamiento-nas-32tb-sas-hpe-storeeasy-1660-xeon-s-4309y-con-microsoft-windows-server-iot-2019-16gb-4x1gbe\/#breadcrumb","itemListElement":[{"@type":"ListItem","position":1,"name":"Inicio","item":"https:\/\/compuviper.mx\/tienda\/"},{"@type":"ListItem","position":2,"name":"Productos","item":"https:\/\/compuviper.mx\/tienda\/productos\/"},{"@type":"ListItem","position":3,"name":"Almacenamiento","item":"https:\/\/compuviper.mx\/tienda\/categoria-producto\/almacenamiento\/"},{"@type":"ListItem","position":4,"name":"Sistema De Almacenamiento","item":"https:\/\/compuviper.mx\/tienda\/categoria-producto\/almacenamiento\/sistema-de-almacenamiento\/"},{"@type":"ListItem","position":5,"name":"Hewlett Packard Enterprise R7g22b Hpe Almacenamiento Nas 32tb Sas Hpe Storeeasy 1660 Xeon S 4309y Con Microsoft Windows Server Iot 2019 16gb 4x1gbe"}]},{"@type":"WebSite","@id":"https:\/\/compuviper.mx\/tienda\/#website","url":"https:\/\/compuviper.mx\/tienda\/","name":"Compuviper","description":"Proveedor de Computadoras, Laptops, Servidores, Monitores, Puntos de Venta, Teclados,   Impresoras, T\u00f3ner, C\u00e1maras de Seguridad y m\u00e1s en tu tienda en l\u00ednea","publisher":{"@id":"https:\/\/compuviper.mx\/tienda\/#organization"},"potentialAction":[{"@type":"SearchAction","target":{"@type":"EntryPoint","urlTemplate":"https:\/\/compuviper.mx\/tienda\/?s={search_term_string}"},"query-input":"required name=search_term_string"}],"inLanguage":"es-MX"},{"@type":"Organization","@id":"https:\/\/compuviper.mx\/tienda\/#organization","name":"Compuviper","url":"https:\/\/compuviper.mx\/tienda\/","logo":{"@type":"ImageObject","inLanguage":"es-MX","@id":"https:\/\/compuviper.mx\/tienda\/#\/schema\/logo\/image\/","url":"https:\/\/compuviper.mx\/tienda\/wp-content\/uploads\/2021\/08\/Logo-Compuviper-10.png","contentUrl":"https:\/\/compuviper.mx\/tienda\/wp-content\/uploads\/2021\/08\/Logo-Compuviper-10.png","width":1000,"height":500,"caption":"Compuviper"},"image":{"@id":"https:\/\/compuviper.mx\/tienda\/#\/schema\/logo\/image\/"},"sameAs":["https:\/\/www.facebook.com\/compuviper","https:\/\/www.youtube.com\/channel\/UCf73dERp9Y3cfOq7q8BhLjA?view_as=subscriber"]}]},"product_brand":"HEWLETT PACKARD ENTERPRISE","product_price_amount":"171031","product_price_currency":"MXN","og_availability":"out of stock","product_availability":"out of stock","product_retailer_item_id":"R7G22B","product_condition":"new"},"_links":{"self":[{"href":"https:\/\/compuviper.mx\/tienda\/wp-json\/wp\/v2\/product\/225076"}],"collection":[{"href":"https:\/\/compuviper.mx\/tienda\/wp-json\/wp\/v2\/product"}],"about":[{"href":"https:\/\/compuviper.mx\/tienda\/wp-json\/wp\/v2\/types\/product"}],"replies":[{"embeddable":true,"href":"https:\/\/compuviper.mx\/tienda\/wp-json\/wp\/v2\/comments?post=225076"}],"wp:featuredmedia":[{"embeddable":true,"href":"https:\/\/compuviper.mx\/tienda\/wp-json\/wp\/v2\/media\/225077"}],"wp:attachment":[{"href":"https:\/\/compuviper.mx\/tienda\/wp-json\/wp\/v2\/media?parent=225076"}],"wp:term":[{"taxonomy":"product_cat","embeddable":true,"href":"https:\/\/compuviper.mx\/tienda\/wp-json\/wp\/v2\/product_cat?post=225076"},{"taxonomy":"product_tag","embeddable":true,"href":"https:\/\/compuviper.mx\/tienda\/wp-json\/wp\/v2\/product_tag?post=225076"}],"curies":[{"name":"wp","href":"https:\/\/api.w.org\/{rel}","templated":true}]}}