{"id":225070,"date":"2026-04-16T01:55:11","date_gmt":"2026-04-16T07:55:11","guid":{"rendered":"https:\/\/compuviper.mx\/tienda\/producto\/hewlett-packard-enterprise-r7g22a-almacenamiento-hpe-storeeasy-1660-32tb-sas-ws-2019-iot\/"},"modified":"2026-04-16T01:55:11","modified_gmt":"2026-04-16T07:55:11","slug":"hewlett-packard-enterprise-r7g22a-almacenamiento-hpe-storeeasy-1660-32tb-sas-ws-2019-iot","status":"publish","type":"product","link":"https:\/\/compuviper.mx\/tienda\/producto\/hewlett-packard-enterprise-r7g22a-almacenamiento-hpe-storeeasy-1660-32tb-sas-ws-2019-iot\/","title":{"rendered":"Hewlett Packard Enterprise R7g22a Almacenamiento Hpe Storeeasy 1660 32tb Sas Ws 2019 Iot"},"content":{"rendered":"<table class=\"descripcion\">\n<tr>\n<td>Almacenamiento sas 32 tb hpe storeeasy 1660 con microsoft windows server iot 2019<\/td>\n<\/tr>\n<\/table>\n","protected":false},"excerpt":{"rendered":"<p>Cada d\u00eda, su organizaci\u00f3n se enfrenta a distintos desaf\u00edos. \u00bfpor qu\u00e9 el almacenamiento de archivos deber\u00eda ser uno de ellos? el almacenamiento hpe storeeasy 1000 con la consola de gesti\u00f3n hpe storeeasy ofrece un almacenamiento conectado a la red centralizado y f\u00e1cil de gestionar para almacenar documentos, im\u00e1genes, audio y archivos de v\u00eddeo de forma segura. El almacenamiento hpe storeeasy 1000 ofrece un almacenamiento de archivos flexible, eficiente y fiable, del tama\u00f1o correcto para las necesidades y el presupuesto de su organizaci\u00f3n, sin comprometer la calidad ni las funcionalidades. Est\u00e1 disponible en una amplia gama de formatos, capacidades y rendimiento. Asimismo, puede ayudarle a conseguir un mayor beneficio de su inversi\u00f3n al tiempo que protege los activos digitales indispensables en un panorama de amenazas en constante evoluci\u00f3n. Teniendo eso en cuenta, la consola de gesti\u00f3n hpe storeeasy proporciona una nueva experiencia de gesti\u00f3n simplificada desarrollada por hpe que consolida m\u00faltiples interfaces, automatiza las tareas de almacenamiento y centraliza la supervisi\u00f3n. Ahora puede dedicar menos tiempo al almacenamiento de archivos y m\u00e1s a su negocio. Novedades. \u0095 todos los modelos de almacenamiento hpe storeeasy 1000 ya est\u00e1n disponibles con el sistema operativo microsoft windows server iot 2019 standard edition para almacenamiento. \u0095 aprovisionamiento del almacenamiento simplificado y supervisi\u00f3n del consumo m\u00e1s inteligente con la versi\u00f3n 1.3 de la consola de gesti\u00f3n hpe storeeasy. \u0095 compatibilidad con los nuevos discos duros de 18 tb (en modelos seleccionados), para un m\u00e1ximo de 504 tb de capacidad interna bruta en el almacenamiento ampliado hpe storeeasy 1660. \u0095 determinados sistemas de almacenamiento hpe storeeasy 1000 con microsoft windows storage server 2016 pueden actualizarse ya a windows server iot 2019 for storage con un kit de actualizaci\u00f3n. \u0095 compatibilidad con los nuevos discos duros de 18 tb (en modelos seleccionados), para un m\u00e1ximo de 504 tb de capacidad interna bruta en el almacenamiento ampliado hpe storeeasy 1660. Solo ventajas. Personalizado y adaptado para el almacenamiento de archivos. \u0095 el almacenamiento hpe storeeasy 1000 se basa en el adn del servidor l\u00edder del sector hpe proliant gen10, se env\u00eda con hardware preconfigurado y con el sistema operativo microsoft\u00ae windows\u00ae server para almacenamiento. Compre su nas listo para usar y en l\u00ednea r\u00e1pidamente con herramientas que simplifican la instalaci\u00f3n y reducen los errores de configuraci\u00f3n comunes. \u0095 la consola de gesti\u00f3n hpe storeeasy reduce la complejidad de gestionar el intercambio de archivos [1], lo que permite a los administradores, con cualquier nivel de experiencia en almacenamiento, simplificar las operaciones principales, como la gesti\u00f3n de vol\u00famenes, los intercambios de archivos, las cuotas, las snapshots, los servicios de red y las carcasas externas. \u0095 aproveche el conocimiento basado en datos de la consola hpe storeeasy sobre uso y rendimiento del almacenamiento y simplifique la planificaci\u00f3n. Configure de forma r\u00e1pida avisos por correo de baja capacidad para reducir las disrupciones causadas por las limitaciones de capacidad e identifique las ventanas de mantenimiento para planificar la ampliaci\u00f3n de capacidad. \u0095 el aprovisionamiento simplificado a trav\u00e9s de la consola de gesti\u00f3n hpe storeeasy permite a los administradores introducir con rapidez la capacidad \u00fatil deseada y aprovisionar sobre la base de las mejores pr\u00e1cticas, mientras que los econ\u00f3micos paquetes de discos duros (hdd) facilitan la tarea de comprar e implementar capacidad adicional con el tiempo. La eficiencia le ahorra tiempo y dinero. \u0095 dedique menos tiempo al almacenamiento aprovechando la consola de gesti\u00f3n hpe storeeasy para gestionar y supervisar su dispositivo hpe storeeasy, en lugar de varias utilidades de windows dispares. \u0095 ahorre espacio de almacenamiento con compresi\u00f3n y deduplicaci\u00f3n granulares integradas, incluso para archivos y vol\u00famenes de gran tama\u00f1o. Defina y aplique cuotas en la consola de gesti\u00f3n de storeeasy para controlar el consumo y alertar de la escasez de capacidad a los administradores. \u0095 el uso compartido y la sincronizaci\u00f3n de los archivos integrados permiten a los empleados, los trabajadores m\u00f3viles y los equipos distribuidos acceder a sus archivos de trabajo desde cualquier ordenador de sobremesa, smartphone o tablet conectado a internet. Las organizaciones pueden aplicar pol\u00edticas para limpiar dispositivos de forma remota y emplear contrase\u00f1as para el bloqueo de pantalla para proteger los datos en los dispositivos de los empleados. \u0095 las capacidades de gesti\u00f3n avanzada de datos mejoran autom\u00e1ticamente la utilizaci\u00f3n de los recursos, cumplen las pol\u00edticas de retenci\u00f3n de datos y mejoran la protecci\u00f3n de los archivos m\u00e1s importantes, incluso si se descargan de hpe storeeasy y se env\u00edan por correo electr\u00f3nico a destinatarios no autorizados. \u0095 utilizando active directory rights management services, la infraestructura de clasificaci\u00f3n de archivos puede identificar los archivos de modo din\u00e1mico seg\u00fan su sensibilidad e implementar sofisticados controles de acceso en base a los requisitos de la organizaci\u00f3n. Protecci\u00f3n multidimensional para sus datos. \u0095 construido a partir de los servidores est\u00e1ndares del sector m\u00e1s seguros del mundo [2], la sexta generaci\u00f3n de almacenamiento hpe storeeasy 1000 proporciona caracter\u00edsticas de seguridad ampliadas para proteger tus empleados, clientes y tu organizaci\u00f3n en un panorama evolutivo de amenazas. \u0095 el almacenamiento hpe storeeasy 1000 protege los datos en reposo con un sistema de cifrado de archivos que est\u00e1 tambi\u00e9n impulsado por el cifrado de microsoft bitlocker\u00ae. Adem\u00e1s, protege los datos en tr\u00e1nsito por medio del cifrado y la firma en smb. Y, a nivel f\u00edsico, mediante un bisel bloqueable. \u0095 instale y ejecute herramientas de protecci\u00f3n de extremos, como antivirus en el propio sistema, reduciendo el coste y la complejidad derivados de la conexi\u00f3n de un servidor externo de protecci\u00f3n de terminales. Evite la p\u00e9rdida de datos con snapshots en l\u00ednea de volume shadow copy service y con sencillas copias de seguridad en la nube en microsoft azure. Muy resiliente para evitar la disrupci\u00f3n de su negocio y usuarios. \u0095 el almacenamiento hpe storeeasy 1000 incrementa el tiempo de actividad con funciones est\u00e1ndares como el control casi continuo de la salud del sistema con hpe active health system, componentes redundantes, auto reparaci\u00f3n en l\u00ednea del sistema de archivos, verificaci\u00f3n en l\u00ednea y reparaci\u00f3n r\u00e1pida que reducen el tiempo de inactividad debido a la corrupci\u00f3n de archivos a minutos. \u0095 protege hasta 100 tb de datos de errores sencillos o fallos masivos utilizando la replicaci\u00f3n del sistema de archivos distribuido (dfs-r) integrada de microsoft. \u0095 obtenga soporte completo del sistema de manos de expertos de almacenamiento de archivos de hpe con piezas in situ y garant\u00eda en mano de obra para el sistema y soporte telef\u00f3nico para el software preinstalado. Ampl\u00ede o mejore la cobertura b\u00e1sica del soporte a trav\u00e9s de los servicios opcionales de hpe pointnext para el almacenamiento hpe storeeasy 1000. \u0095 use diagn\u00f3sticos avanzados y supervisi\u00f3n casi continua gracias a hpe integrated lights-out (ilo) management engine, que ofrece una mayor estabilidad y tiempos de inactividad m\u00e1s cortos.<\/p>\n","protected":false},"featured_media":225071,"comment_status":"open","ping_status":"open","template":"","meta":[],"product_cat":[1803,1804],"product_tag":[1568],"acf":[],"yoast_head":"<!-- This site is optimized with the Yoast SEO plugin v21.7 - https:\/\/yoast.com\/wordpress\/plugins\/seo\/ -->\n<title>[ Hewlett Packard Enterprise ] &#129351; R7g22a Almacenamiento Hpe Storeeasy 1660 32tb Sas Ws 2019 Iot<\/title>\n<meta name=\"description\" content=\"Compra R7g22a Almacenamiento Hpe Storeeasy 1660 32tb Sas Ws 2019 Iot + Env\u00edo a domicilio + Pago seguro + Garant\u00eda\" \/>\n<meta name=\"robots\" content=\"index, follow, max-snippet:-1, max-image-preview:large, max-video-preview:-1\" \/>\n<link rel=\"canonical\" href=\"https:\/\/compuviper.mx\/tienda\/producto\/hewlett-packard-enterprise-r7g22a-almacenamiento-hpe-storeeasy-1660-32tb-sas-ws-2019-iot\/\" \/>\n<meta property=\"og:locale\" content=\"es_MX\" \/>\n<meta property=\"og:type\" content=\"article\" \/>\n<meta property=\"og:title\" content=\"[ Hewlett Packard Enterprise ] &#129351; R7g22a Almacenamiento Hpe Storeeasy 1660 32tb Sas Ws 2019 Iot\" \/>\n<meta property=\"og:description\" content=\"Compra R7g22a Almacenamiento Hpe Storeeasy 1660 32tb Sas Ws 2019 Iot + Env\u00edo a domicilio + Pago seguro + Garant\u00eda\" \/>\n<meta property=\"og:url\" content=\"https:\/\/compuviper.mx\/tienda\/producto\/hewlett-packard-enterprise-r7g22a-almacenamiento-hpe-storeeasy-1660-32tb-sas-ws-2019-iot\/\" \/>\n<meta property=\"og:site_name\" content=\"Compuviper\" \/>\n<meta property=\"article:publisher\" content=\"https:\/\/www.facebook.com\/compuviper\" \/>\n<meta property=\"og:image\" content=\"https:\/\/compuviper.mx\/tienda\/wp-content\/uploads\/2023\/12\/Almacenamiento-hpe-storeeasy-1660-32tb-sas-ws-2019-iot.jpg\" \/>\n\t<meta property=\"og:image:width\" content=\"200\" \/>\n\t<meta property=\"og:image:height\" content=\"200\" \/>\n\t<meta property=\"og:image:type\" content=\"image\/jpeg\" \/>\n<meta name=\"twitter:card\" content=\"summary_large_image\" \/>\n<meta name=\"twitter:label1\" content=\"Precio\" \/>\n\t<meta name=\"twitter:data1\" content=\"&#36;201,960 con IVA\" \/>\n\t<meta name=\"twitter:label2\" content=\"Availability\" \/>\n\t<meta name=\"twitter:data2\" content=\"On backorder\" \/>\n<script type=\"application\/ld+json\" class=\"yoast-schema-graph\">{\"@context\":\"https:\/\/schema.org\",\"@graph\":[{\"@type\":\"WebPage\",\"@id\":\"https:\/\/compuviper.mx\/tienda\/producto\/hewlett-packard-enterprise-r7g22a-almacenamiento-hpe-storeeasy-1660-32tb-sas-ws-2019-iot\/\",\"url\":\"https:\/\/compuviper.mx\/tienda\/producto\/hewlett-packard-enterprise-r7g22a-almacenamiento-hpe-storeeasy-1660-32tb-sas-ws-2019-iot\/\",\"name\":\"[ Hewlett Packard Enterprise ] &#129351; R7g22a Almacenamiento Hpe Storeeasy 1660 32tb Sas Ws 2019 Iot\",\"isPartOf\":{\"@id\":\"https:\/\/compuviper.mx\/tienda\/#website\"},\"datePublished\":\"2026-04-16T07:55:11+00:00\",\"dateModified\":\"2026-04-16T07:55:11+00:00\",\"description\":\"Compra R7g22a Almacenamiento Hpe Storeeasy 1660 32tb Sas Ws 2019 Iot + Env\u00edo a domicilio + Pago seguro + Garant\u00eda\",\"breadcrumb\":{\"@id\":\"https:\/\/compuviper.mx\/tienda\/producto\/hewlett-packard-enterprise-r7g22a-almacenamiento-hpe-storeeasy-1660-32tb-sas-ws-2019-iot\/#breadcrumb\"},\"inLanguage\":\"es-MX\",\"potentialAction\":[{\"@type\":\"ReadAction\",\"target\":[\"https:\/\/compuviper.mx\/tienda\/producto\/hewlett-packard-enterprise-r7g22a-almacenamiento-hpe-storeeasy-1660-32tb-sas-ws-2019-iot\/\"]}]},{\"@type\":\"BreadcrumbList\",\"@id\":\"https:\/\/compuviper.mx\/tienda\/producto\/hewlett-packard-enterprise-r7g22a-almacenamiento-hpe-storeeasy-1660-32tb-sas-ws-2019-iot\/#breadcrumb\",\"itemListElement\":[{\"@type\":\"ListItem\",\"position\":1,\"name\":\"Inicio\",\"item\":\"https:\/\/compuviper.mx\/tienda\/\"},{\"@type\":\"ListItem\",\"position\":2,\"name\":\"Productos\",\"item\":\"https:\/\/compuviper.mx\/tienda\/productos\/\"},{\"@type\":\"ListItem\",\"position\":3,\"name\":\"Almacenamiento\",\"item\":\"https:\/\/compuviper.mx\/tienda\/categoria-producto\/almacenamiento\/\"},{\"@type\":\"ListItem\",\"position\":4,\"name\":\"Sistema De Almacenamiento\",\"item\":\"https:\/\/compuviper.mx\/tienda\/categoria-producto\/almacenamiento\/sistema-de-almacenamiento\/\"},{\"@type\":\"ListItem\",\"position\":5,\"name\":\"Hewlett Packard Enterprise R7g22a Almacenamiento Hpe Storeeasy 1660 32tb Sas Ws 2019 Iot\"}]},{\"@type\":\"WebSite\",\"@id\":\"https:\/\/compuviper.mx\/tienda\/#website\",\"url\":\"https:\/\/compuviper.mx\/tienda\/\",\"name\":\"Compuviper\",\"description\":\"Proveedor de Computadoras, Laptops, Servidores, Monitores, Puntos de Venta, Teclados,   Impresoras, T\u00f3ner, C\u00e1maras de Seguridad y m\u00e1s en tu tienda en l\u00ednea\",\"publisher\":{\"@id\":\"https:\/\/compuviper.mx\/tienda\/#organization\"},\"potentialAction\":[{\"@type\":\"SearchAction\",\"target\":{\"@type\":\"EntryPoint\",\"urlTemplate\":\"https:\/\/compuviper.mx\/tienda\/?s={search_term_string}\"},\"query-input\":\"required name=search_term_string\"}],\"inLanguage\":\"es-MX\"},{\"@type\":\"Organization\",\"@id\":\"https:\/\/compuviper.mx\/tienda\/#organization\",\"name\":\"Compuviper\",\"url\":\"https:\/\/compuviper.mx\/tienda\/\",\"logo\":{\"@type\":\"ImageObject\",\"inLanguage\":\"es-MX\",\"@id\":\"https:\/\/compuviper.mx\/tienda\/#\/schema\/logo\/image\/\",\"url\":\"https:\/\/compuviper.mx\/tienda\/wp-content\/uploads\/2021\/08\/Logo-Compuviper-10.png\",\"contentUrl\":\"https:\/\/compuviper.mx\/tienda\/wp-content\/uploads\/2021\/08\/Logo-Compuviper-10.png\",\"width\":1000,\"height\":500,\"caption\":\"Compuviper\"},\"image\":{\"@id\":\"https:\/\/compuviper.mx\/tienda\/#\/schema\/logo\/image\/\"},\"sameAs\":[\"https:\/\/www.facebook.com\/compuviper\",\"https:\/\/www.youtube.com\/channel\/UCf73dERp9Y3cfOq7q8BhLjA?view_as=subscriber\"]}]}<\/script>\n<meta property=\"product:brand\" content=\"HEWLETT PACKARD ENTERPRISE\" \/>\n<meta property=\"product:price:amount\" content=\"201960\" \/>\n<meta property=\"product:price:currency\" content=\"MXN\" \/>\n<meta property=\"og:availability\" content=\"backorder\" \/>\n<meta property=\"product:availability\" content=\"available for order\" \/>\n<meta property=\"product:retailer_item_id\" content=\"R7G22A\" \/>\n<meta property=\"product:condition\" content=\"new\" \/>\n<!-- \/ Yoast SEO plugin. -->","yoast_head_json":{"title":"[ Hewlett Packard Enterprise ] &#129351; R7g22a Almacenamiento Hpe Storeeasy 1660 32tb Sas Ws 2019 Iot","description":"Compra R7g22a Almacenamiento Hpe Storeeasy 1660 32tb Sas Ws 2019 Iot + Env\u00edo a domicilio + Pago seguro + Garant\u00eda","robots":{"index":"index","follow":"follow","max-snippet":"max-snippet:-1","max-image-preview":"max-image-preview:large","max-video-preview":"max-video-preview:-1"},"canonical":"https:\/\/compuviper.mx\/tienda\/producto\/hewlett-packard-enterprise-r7g22a-almacenamiento-hpe-storeeasy-1660-32tb-sas-ws-2019-iot\/","og_locale":"es_MX","og_type":"article","og_title":"[ Hewlett Packard Enterprise ] &#129351; R7g22a Almacenamiento Hpe Storeeasy 1660 32tb Sas Ws 2019 Iot","og_description":"Compra R7g22a Almacenamiento Hpe Storeeasy 1660 32tb Sas Ws 2019 Iot + Env\u00edo a domicilio + Pago seguro + Garant\u00eda","og_url":"https:\/\/compuviper.mx\/tienda\/producto\/hewlett-packard-enterprise-r7g22a-almacenamiento-hpe-storeeasy-1660-32tb-sas-ws-2019-iot\/","og_site_name":"Compuviper","article_publisher":"https:\/\/www.facebook.com\/compuviper","og_image":[{"width":200,"height":200,"url":"https:\/\/compuviper.mx\/tienda\/wp-content\/uploads\/2023\/12\/Almacenamiento-hpe-storeeasy-1660-32tb-sas-ws-2019-iot.jpg","type":"image\/jpeg"}],"twitter_card":"summary_large_image","twitter_misc":{"Precio":"&#36;201,960 con IVA","Availability":"On backorder"},"schema":{"@context":"https:\/\/schema.org","@graph":[{"@type":"WebPage","@id":"https:\/\/compuviper.mx\/tienda\/producto\/hewlett-packard-enterprise-r7g22a-almacenamiento-hpe-storeeasy-1660-32tb-sas-ws-2019-iot\/","url":"https:\/\/compuviper.mx\/tienda\/producto\/hewlett-packard-enterprise-r7g22a-almacenamiento-hpe-storeeasy-1660-32tb-sas-ws-2019-iot\/","name":"[ Hewlett Packard Enterprise ] &#129351; R7g22a Almacenamiento Hpe Storeeasy 1660 32tb Sas Ws 2019 Iot","isPartOf":{"@id":"https:\/\/compuviper.mx\/tienda\/#website"},"datePublished":"2026-04-16T07:55:11+00:00","dateModified":"2026-04-16T07:55:11+00:00","description":"Compra R7g22a Almacenamiento Hpe Storeeasy 1660 32tb Sas Ws 2019 Iot + Env\u00edo a domicilio + Pago seguro + Garant\u00eda","breadcrumb":{"@id":"https:\/\/compuviper.mx\/tienda\/producto\/hewlett-packard-enterprise-r7g22a-almacenamiento-hpe-storeeasy-1660-32tb-sas-ws-2019-iot\/#breadcrumb"},"inLanguage":"es-MX","potentialAction":[{"@type":"ReadAction","target":["https:\/\/compuviper.mx\/tienda\/producto\/hewlett-packard-enterprise-r7g22a-almacenamiento-hpe-storeeasy-1660-32tb-sas-ws-2019-iot\/"]}]},{"@type":"BreadcrumbList","@id":"https:\/\/compuviper.mx\/tienda\/producto\/hewlett-packard-enterprise-r7g22a-almacenamiento-hpe-storeeasy-1660-32tb-sas-ws-2019-iot\/#breadcrumb","itemListElement":[{"@type":"ListItem","position":1,"name":"Inicio","item":"https:\/\/compuviper.mx\/tienda\/"},{"@type":"ListItem","position":2,"name":"Productos","item":"https:\/\/compuviper.mx\/tienda\/productos\/"},{"@type":"ListItem","position":3,"name":"Almacenamiento","item":"https:\/\/compuviper.mx\/tienda\/categoria-producto\/almacenamiento\/"},{"@type":"ListItem","position":4,"name":"Sistema De Almacenamiento","item":"https:\/\/compuviper.mx\/tienda\/categoria-producto\/almacenamiento\/sistema-de-almacenamiento\/"},{"@type":"ListItem","position":5,"name":"Hewlett Packard Enterprise R7g22a Almacenamiento Hpe Storeeasy 1660 32tb Sas Ws 2019 Iot"}]},{"@type":"WebSite","@id":"https:\/\/compuviper.mx\/tienda\/#website","url":"https:\/\/compuviper.mx\/tienda\/","name":"Compuviper","description":"Proveedor de Computadoras, Laptops, Servidores, Monitores, Puntos de Venta, Teclados,   Impresoras, T\u00f3ner, C\u00e1maras de Seguridad y m\u00e1s en tu tienda en l\u00ednea","publisher":{"@id":"https:\/\/compuviper.mx\/tienda\/#organization"},"potentialAction":[{"@type":"SearchAction","target":{"@type":"EntryPoint","urlTemplate":"https:\/\/compuviper.mx\/tienda\/?s={search_term_string}"},"query-input":"required name=search_term_string"}],"inLanguage":"es-MX"},{"@type":"Organization","@id":"https:\/\/compuviper.mx\/tienda\/#organization","name":"Compuviper","url":"https:\/\/compuviper.mx\/tienda\/","logo":{"@type":"ImageObject","inLanguage":"es-MX","@id":"https:\/\/compuviper.mx\/tienda\/#\/schema\/logo\/image\/","url":"https:\/\/compuviper.mx\/tienda\/wp-content\/uploads\/2021\/08\/Logo-Compuviper-10.png","contentUrl":"https:\/\/compuviper.mx\/tienda\/wp-content\/uploads\/2021\/08\/Logo-Compuviper-10.png","width":1000,"height":500,"caption":"Compuviper"},"image":{"@id":"https:\/\/compuviper.mx\/tienda\/#\/schema\/logo\/image\/"},"sameAs":["https:\/\/www.facebook.com\/compuviper","https:\/\/www.youtube.com\/channel\/UCf73dERp9Y3cfOq7q8BhLjA?view_as=subscriber"]}]},"product_brand":"HEWLETT PACKARD ENTERPRISE","product_price_amount":"201960","product_price_currency":"MXN","og_availability":"backorder","product_availability":"available for order","product_retailer_item_id":"R7G22A","product_condition":"new"},"_links":{"self":[{"href":"https:\/\/compuviper.mx\/tienda\/wp-json\/wp\/v2\/product\/225070"}],"collection":[{"href":"https:\/\/compuviper.mx\/tienda\/wp-json\/wp\/v2\/product"}],"about":[{"href":"https:\/\/compuviper.mx\/tienda\/wp-json\/wp\/v2\/types\/product"}],"replies":[{"embeddable":true,"href":"https:\/\/compuviper.mx\/tienda\/wp-json\/wp\/v2\/comments?post=225070"}],"wp:featuredmedia":[{"embeddable":true,"href":"https:\/\/compuviper.mx\/tienda\/wp-json\/wp\/v2\/media\/225071"}],"wp:attachment":[{"href":"https:\/\/compuviper.mx\/tienda\/wp-json\/wp\/v2\/media?parent=225070"}],"wp:term":[{"taxonomy":"product_cat","embeddable":true,"href":"https:\/\/compuviper.mx\/tienda\/wp-json\/wp\/v2\/product_cat?post=225070"},{"taxonomy":"product_tag","embeddable":true,"href":"https:\/\/compuviper.mx\/tienda\/wp-json\/wp\/v2\/product_tag?post=225070"}],"curies":[{"name":"wp","href":"https:\/\/api.w.org\/{rel}","templated":true}]}}