{"id":225054,"date":"2026-04-17T02:01:15","date_gmt":"2026-04-17T08:01:15","guid":{"rendered":"https:\/\/compuviper.mx\/tienda\/producto\/qnap-tds-h2489fu-4314-256g-us-nas-tds-h2489fu-4314-256g-all-flash-fuente-redundante-24-bahias-ssd-25-rack-2u-ocho-nucleos-3-4-ghz-256gb-ddr4-rdimm-4-pto-25-gbe-2-pto-sfp28-25gbe-usb-3-2-x4-h\/"},"modified":"2026-04-17T02:01:15","modified_gmt":"2026-04-17T08:01:15","slug":"qnap-tds-h2489fu-4314-256g-us-nas-tds-h2489fu-4314-256g-all-flash-fuente-redundante-24-bahias-ssd-25-rack-2u-ocho-nucleos-3-4-ghz-256gb-ddr4-rdimm-4-pto-25-gbe-2-pto-sfp28-25gbe-usb-3-2-x4-h","status":"publish","type":"product","link":"https:\/\/compuviper.mx\/tienda\/producto\/qnap-tds-h2489fu-4314-256g-us-nas-tds-h2489fu-4314-256g-all-flash-fuente-redundante-24-bahias-ssd-25-rack-2u-ocho-nucleos-3-4-ghz-256gb-ddr4-rdimm-4-pto-25-gbe-2-pto-sfp28-25gbe-usb-3-2-x4-h\/","title":{"rendered":"Qnap Tds-h2489fu-4314-256g-us Nas  Tds-h2489fu-4314-256g \/ All-flash\/ Fuente Redundante\/ 24 Bahias Ssd 2,5\/rack 2u\/ Ocho Nucleos 3.4 Ghz\/256gb Ddr4 Rdimm\/4 Pto 2,5 Gbe\/2 Pto Sfp28 25gbe\/ Usb 3.2 X4 \/hotswap\/ Sin Discos"},"content":{"rendered":"<table class=\"descripcion\">\n<tr>\n<td>Descripcion tecnica<\/td>\n<\/tr>\n<tr>\n<td>Tds-h2489fu-4314-256g<\/td>\n<\/tr>\n<tr>\n<td>Upc 2 procesadores intel\u00ae xeon\u00ae silver 4314 de 16 n\u00facleos\/32 subprocesos, hasta 3,4 ghz<\/td>\n<\/tr>\n<tr>\n<td>Arquitectura de cpu x86 de 64 bits<\/td>\n<\/tr>\n<tr>\n<td>Motor de cifrado (aes-ni):     si<\/td>\n<\/tr>\n<tr>\n<td>Memoria del sistema memoria ddr4 ecc rdimm de 256 gb (8 m\u00f3dulos de 32 gb)<\/td>\n<\/tr>\n<tr>\n<td>Ranura para memoria 32 x rdimm ddr4 ecc (16 x ranuras por z\u00f3calo)<\/td>\n<\/tr>\n<tr>\n<td>Memoria flash 5 gb (protecci\u00f3n del sistema operativo de doble arranque)<\/td>\n<\/tr>\n<tr>\n<td>Bah\u00eda para unidades<\/td>\n<\/tr>\n<tr>\n<td>24 por 2.5<\/td>\n<\/tr>\n<tr>\n<td>El sistema se env\u00eda sin ssd.<\/td>\n<\/tr>\n<tr>\n<td>Compatibilidad de unidades bah\u00edas de<\/td>\n<\/tr>\n<tr>\n<td>2,5 pulgadas: unidades de disco duro sata de 2,5 pulgadas (#17-24)<\/td>\n<\/tr>\n<tr>\n<td>Unidades de estado s\u00f3lido sata de 2,5 pulgadas (#17-24)<\/td>\n<\/tr>\n<tr>\n<td>Unidades de estados\u00f3lido u.2 nvme pcie gen4 x4 de 2,5 pulgadas<\/td>\n<\/tr>\n<tr>\n<td>Intercambiable en caliente:     si<\/td>\n<\/tr>\n<tr>\n<td>Ranura m.2 2<\/td>\n<\/tr>\n<tr>\n<td>Ranura 1: m.2 2280 nvme pcie gen 3 x4 o sata 6 gb\/s<\/td>\n<\/tr>\n<tr>\n<td>Ranura 2: m.2 2280 nvme pcie gen 3 x2 o sata 6 gb\/s<\/td>\n<\/tr>\n<tr>\n<td>Compatibilidad con aceleraci\u00f3n de cach\u00e9 ssd.     si<\/td>\n<\/tr>\n<tr>\n<td>Sr-iov:     si<\/td>\n<\/tr>\n<tr>\n<td>Puerto 2,5gbe (2,5g\/1g\/100m) 4 (2,5g\/1g\/100m\/10m)<\/td>\n<\/tr>\n<tr>\n<td>Puerto 25 gbe 2 puertos smartnic sfp28 25gbe<\/td>\n<\/tr>\n<tr>\n<td>Wake-on-lan (wol):     si<\/td>\n<\/tr>\n<tr>\n<td>Solo el puerto 2,5gbe<\/td>\n<\/tr>\n<tr>\n<td>Marco gigante:    si<\/td>\n<\/tr>\n<tr>\n<td>Ranura pcie 2<\/td>\n<\/tr>\n<tr>\n<td>Ranura 1: pcie gen4 x16<\/td>\n<\/tr>\n<tr>\n<td>Ranura 2: pcie gen4 x8<\/td>\n<\/tr>\n<tr>\n<td>*la ranura 2 est\u00e1 preinstalada con un adaptador de red de 25 gbe.<\/td>\n<\/tr>\n<tr>\n<td>**la ranura 1 proporciona el ancho de pcie gen4 x16 cuando la ranura 2 no est\u00e1 en uso y proporciona el ancho de pcie gen4 x8 cuando la ranura 2 est\u00e1 en uso.<\/td>\n<\/tr>\n<tr>\n<td>Puerto usb 3.2 gen 1 4<\/td>\n<\/tr>\n<tr>\n<td>Formato montaje en rack<\/td>\n<\/tr>\n<tr>\n<td>Indicadores led ssd, estado, alimentaci\u00f3n, ventilador, temperatura, estado del m\u00f3dulo de alimentaci\u00f3n, nombre del dispositivo, direcci\u00f3n ip<\/td>\n<\/tr>\n<tr>\n<td>Botones encendido, reinicio, oled<\/td>\n<\/tr>\n<tr>\n<td>Dimensiones (altura x anchura x profundidad) 88,3 \u00d7 446,2 \u00d7 713,2 mm<\/td>\n<\/tr>\n<tr>\n<td>Peso (neto) 21,31 kg<\/td>\n<\/tr>\n<tr>\n<td>Peso (bruto) 27,6 kg<\/td>\n<\/tr>\n<tr>\n<td>Temperatura operativa 0 &#8211; 35 \u00b0c (32 \u00b0f &#8211; 95 \u00b0f)<\/td>\n<\/tr>\n<tr>\n<td>Temperatura de almacenamiento -20 &#8211; 70 \u00b0c (-4 \u00b0f &#8211; 158 \u00b0f)<\/td>\n<\/tr>\n<tr>\n<td>Humedad relativa 5 ~ 95 % de humedad relativa sin condensaci\u00f3n, bulbo h\u00famedo: 27  and #730;c (80,6  and #730;f)<\/td>\n<\/tr>\n<tr>\n<td>Unidad de alimentaci\u00f3n el\u00e9ctrica fuente de alimentaci\u00f3n de 1200 w (x2), 100-240 v ca<\/td>\n<\/tr>\n<tr>\n<td>Potencia m\u00e1xima: 1200 w a<\/td>\n<\/tr>\n<tr>\n<td>200-240 v ca<\/td>\n<\/tr>\n<tr>\n<td>1000 w a 100-127 v ca<\/td>\n<\/tr>\n<tr>\n<td>Consumo de energ\u00eda: modo de funcionamiento, t\u00edpico 467,59w<\/td>\n<\/tr>\n<tr>\n<td>Probado con unidades totalmente llenas.<\/td>\n<\/tr>\n<tr>\n<td>Ventilador 6&#215;60 mm, 12 vcc<\/td>\n<\/tr>\n<tr>\n<td>Advertencia del sistema timbre<\/td>\n<\/tr>\n<tr>\n<td>M\u00e1x. n\u00famero de conexiones simult\u00e1neas (cifs) &#8211; con max. memoria 10,000<\/td>\n<\/tr>\n<\/table>\n","protected":false},"excerpt":{"rendered":"<p>Descripcion comercial. Con dos procesadores intel\u00ae xeon\u00ae silver 4300 y 24 bah\u00edas para ssd u.2 nvme gen 4 x4, el emblem\u00e1tico almacenamiento all-flash nvme de qnap tds-h2489fu ofrece una alta iops de lectura\/escritura aleatorias para gestionar aplicaciones sensibles a la latencia y con un uso intensivo de e\/s. El sistema operativo quts hero basado en zfs admite la compresi\u00f3n y deduplicaci\u00f3n de datos en l\u00ednea para reducir el consumo de almacenamiento de la ssd y la e\/s, lo cual alarga significativamente el ciclo de vida de la ssd con una mejor relaci\u00f3n precio-rendimiento para matrices de almacenamiento all-flash. En combinaci\u00f3n con instant\u00e1neas casi ilimitadas, snapsync en tiempo real y qsal (qnap ssd antiwear leveling), el tds-h2489fu responde a las necesidades de los centros de datos modernos, la virtualizaci\u00f3n y las tareas cr\u00edticas de seguridad y restauraci\u00f3n.<\/p>\n","protected":false},"featured_media":225055,"comment_status":"open","ping_status":"open","template":"","meta":[],"product_cat":[1803,1804],"product_tag":[2110],"acf":[],"yoast_head":"<!-- This site is optimized with the Yoast SEO plugin v21.7 - https:\/\/yoast.com\/wordpress\/plugins\/seo\/ -->\n<title>[ Qnap ] &#129351; Tds-h2489fu-4314-256g-us Nas Tds-h2489fu-4314-256g \/ All-flash\/ Fuente Redundante\/ 24 Bahias Ssd 2,5\/rack 2u\/ Ocho Nucleos 3.4 Ghz\/256gb Ddr4 Rdimm\/4 Pto 2,5 Gbe\/2 Pto Sfp28 25gbe\/ Usb 3.2 X4 \/hotswap\/ Sin Discos<\/title>\n<meta name=\"description\" content=\"Compra Tds-h2489fu-4314-256g-us Nas Tds-h2489fu-4314-256g \/ All-flash\/ Fuente Redundante\/ 24 Bahias Ssd 2,5\/rack 2u\/ Ocho Nucleos 3.4 Ghz\/256gb Ddr4 Rdimm\/4 Pto 2,5 Gbe\/2 Pto Sfp28 25gbe\/ Usb 3.2 X4 \/hotswap\/ Sin Discos + Env\u00edo a domicilio + Pago seguro + Garant\u00eda\" \/>\n<meta name=\"robots\" content=\"index, follow, max-snippet:-1, max-image-preview:large, max-video-preview:-1\" \/>\n<link rel=\"canonical\" href=\"https:\/\/compuviper.mx\/tienda\/producto\/qnap-tds-h2489fu-4314-256g-us-nas-tds-h2489fu-4314-256g-all-flash-fuente-redundante-24-bahias-ssd-25-rack-2u-ocho-nucleos-3-4-ghz-256gb-ddr4-rdimm-4-pto-25-gbe-2-pto-sfp28-25gbe-usb-3-2-x4-h\/\" \/>\n<meta property=\"og:locale\" content=\"es_MX\" \/>\n<meta property=\"og:type\" content=\"article\" \/>\n<meta property=\"og:title\" content=\"[ Qnap ] &#129351; Tds-h2489fu-4314-256g-us Nas Tds-h2489fu-4314-256g \/ All-flash\/ Fuente Redundante\/ 24 Bahias Ssd 2,5\/rack 2u\/ Ocho Nucleos 3.4 Ghz\/256gb Ddr4 Rdimm\/4 Pto 2,5 Gbe\/2 Pto Sfp28 25gbe\/ Usb 3.2 X4 \/hotswap\/ Sin Discos\" \/>\n<meta property=\"og:description\" content=\"Compra Tds-h2489fu-4314-256g-us Nas Tds-h2489fu-4314-256g \/ All-flash\/ Fuente Redundante\/ 24 Bahias Ssd 2,5\/rack 2u\/ Ocho Nucleos 3.4 Ghz\/256gb Ddr4 Rdimm\/4 Pto 2,5 Gbe\/2 Pto Sfp28 25gbe\/ Usb 3.2 X4 \/hotswap\/ Sin Discos + Env\u00edo a domicilio + Pago seguro + Garant\u00eda\" \/>\n<meta property=\"og:url\" content=\"https:\/\/compuviper.mx\/tienda\/producto\/qnap-tds-h2489fu-4314-256g-us-nas-tds-h2489fu-4314-256g-all-flash-fuente-redundante-24-bahias-ssd-25-rack-2u-ocho-nucleos-3-4-ghz-256gb-ddr4-rdimm-4-pto-25-gbe-2-pto-sfp28-25gbe-usb-3-2-x4-h\/\" \/>\n<meta property=\"og:site_name\" content=\"Compuviper\" \/>\n<meta property=\"article:publisher\" content=\"https:\/\/www.facebook.com\/compuviper\" \/>\n<meta property=\"og:image\" content=\"https:\/\/compuviper.mx\/tienda\/wp-content\/uploads\/2023\/12\/Nas-qnap-tds-h2489fu-4314-256g-all-flash-fuente-redundante-24-bahias-ssd-25rack-2u-ocho-nucleos-3.4-ghz256gb-ddr4-rdimm4-pto-25-gbe2-pto-sfp28-25gbe-usb-3.2-x4-hotswap-sin-discos.jpg\" \/>\n\t<meta property=\"og:image:width\" content=\"200\" \/>\n\t<meta property=\"og:image:height\" content=\"200\" \/>\n\t<meta property=\"og:image:type\" content=\"image\/jpeg\" \/>\n<meta name=\"twitter:card\" content=\"summary_large_image\" \/>\n<meta name=\"twitter:label1\" content=\"Precio\" \/>\n\t<meta name=\"twitter:data1\" content=\"&#36;279,748 con IVA\" \/>\n\t<meta name=\"twitter:label2\" content=\"Availability\" \/>\n\t<meta name=\"twitter:data2\" content=\"On backorder\" \/>\n<script type=\"application\/ld+json\" class=\"yoast-schema-graph\">{\"@context\":\"https:\/\/schema.org\",\"@graph\":[{\"@type\":\"WebPage\",\"@id\":\"https:\/\/compuviper.mx\/tienda\/producto\/qnap-tds-h2489fu-4314-256g-us-nas-tds-h2489fu-4314-256g-all-flash-fuente-redundante-24-bahias-ssd-25-rack-2u-ocho-nucleos-3-4-ghz-256gb-ddr4-rdimm-4-pto-25-gbe-2-pto-sfp28-25gbe-usb-3-2-x4-h\/\",\"url\":\"https:\/\/compuviper.mx\/tienda\/producto\/qnap-tds-h2489fu-4314-256g-us-nas-tds-h2489fu-4314-256g-all-flash-fuente-redundante-24-bahias-ssd-25-rack-2u-ocho-nucleos-3-4-ghz-256gb-ddr4-rdimm-4-pto-25-gbe-2-pto-sfp28-25gbe-usb-3-2-x4-h\/\",\"name\":\"[ Qnap ] &#129351; Tds-h2489fu-4314-256g-us Nas Tds-h2489fu-4314-256g \/ All-flash\/ Fuente Redundante\/ 24 Bahias Ssd 2,5\/rack 2u\/ Ocho Nucleos 3.4 Ghz\/256gb Ddr4 Rdimm\/4 Pto 2,5 Gbe\/2 Pto Sfp28 25gbe\/ Usb 3.2 X4 \/hotswap\/ Sin Discos\",\"isPartOf\":{\"@id\":\"https:\/\/compuviper.mx\/tienda\/#website\"},\"datePublished\":\"2026-04-17T08:01:15+00:00\",\"dateModified\":\"2026-04-17T08:01:15+00:00\",\"description\":\"Compra Tds-h2489fu-4314-256g-us Nas Tds-h2489fu-4314-256g \/ All-flash\/ Fuente Redundante\/ 24 Bahias Ssd 2,5\/rack 2u\/ Ocho Nucleos 3.4 Ghz\/256gb Ddr4 Rdimm\/4 Pto 2,5 Gbe\/2 Pto Sfp28 25gbe\/ Usb 3.2 X4 \/hotswap\/ Sin Discos + Env\u00edo a domicilio + Pago seguro + Garant\u00eda\",\"breadcrumb\":{\"@id\":\"https:\/\/compuviper.mx\/tienda\/producto\/qnap-tds-h2489fu-4314-256g-us-nas-tds-h2489fu-4314-256g-all-flash-fuente-redundante-24-bahias-ssd-25-rack-2u-ocho-nucleos-3-4-ghz-256gb-ddr4-rdimm-4-pto-25-gbe-2-pto-sfp28-25gbe-usb-3-2-x4-h\/#breadcrumb\"},\"inLanguage\":\"es-MX\",\"potentialAction\":[{\"@type\":\"ReadAction\",\"target\":[\"https:\/\/compuviper.mx\/tienda\/producto\/qnap-tds-h2489fu-4314-256g-us-nas-tds-h2489fu-4314-256g-all-flash-fuente-redundante-24-bahias-ssd-25-rack-2u-ocho-nucleos-3-4-ghz-256gb-ddr4-rdimm-4-pto-25-gbe-2-pto-sfp28-25gbe-usb-3-2-x4-h\/\"]}]},{\"@type\":\"BreadcrumbList\",\"@id\":\"https:\/\/compuviper.mx\/tienda\/producto\/qnap-tds-h2489fu-4314-256g-us-nas-tds-h2489fu-4314-256g-all-flash-fuente-redundante-24-bahias-ssd-25-rack-2u-ocho-nucleos-3-4-ghz-256gb-ddr4-rdimm-4-pto-25-gbe-2-pto-sfp28-25gbe-usb-3-2-x4-h\/#breadcrumb\",\"itemListElement\":[{\"@type\":\"ListItem\",\"position\":1,\"name\":\"Inicio\",\"item\":\"https:\/\/compuviper.mx\/tienda\/\"},{\"@type\":\"ListItem\",\"position\":2,\"name\":\"Productos\",\"item\":\"https:\/\/compuviper.mx\/tienda\/productos\/\"},{\"@type\":\"ListItem\",\"position\":3,\"name\":\"Almacenamiento\",\"item\":\"https:\/\/compuviper.mx\/tienda\/categoria-producto\/almacenamiento\/\"},{\"@type\":\"ListItem\",\"position\":4,\"name\":\"Sistema De Almacenamiento\",\"item\":\"https:\/\/compuviper.mx\/tienda\/categoria-producto\/almacenamiento\/sistema-de-almacenamiento\/\"},{\"@type\":\"ListItem\",\"position\":5,\"name\":\"Qnap Tds-h2489fu-4314-256g-us Nas Tds-h2489fu-4314-256g \/ All-flash\/ Fuente Redundante\/ 24 Bahias Ssd 2,5\/rack 2u\/ Ocho Nucleos 3.4 Ghz\/256gb Ddr4 Rdimm\/4 Pto 2,5 Gbe\/2 Pto Sfp28 25gbe\/ Usb 3.2 X4 \/hotswap\/ Sin Discos\"}]},{\"@type\":\"WebSite\",\"@id\":\"https:\/\/compuviper.mx\/tienda\/#website\",\"url\":\"https:\/\/compuviper.mx\/tienda\/\",\"name\":\"Compuviper\",\"description\":\"Proveedor de Computadoras, Laptops, Servidores, Monitores, Puntos de Venta, Teclados,   Impresoras, T\u00f3ner, C\u00e1maras de Seguridad y m\u00e1s en tu tienda en l\u00ednea\",\"publisher\":{\"@id\":\"https:\/\/compuviper.mx\/tienda\/#organization\"},\"potentialAction\":[{\"@type\":\"SearchAction\",\"target\":{\"@type\":\"EntryPoint\",\"urlTemplate\":\"https:\/\/compuviper.mx\/tienda\/?s={search_term_string}\"},\"query-input\":\"required name=search_term_string\"}],\"inLanguage\":\"es-MX\"},{\"@type\":\"Organization\",\"@id\":\"https:\/\/compuviper.mx\/tienda\/#organization\",\"name\":\"Compuviper\",\"url\":\"https:\/\/compuviper.mx\/tienda\/\",\"logo\":{\"@type\":\"ImageObject\",\"inLanguage\":\"es-MX\",\"@id\":\"https:\/\/compuviper.mx\/tienda\/#\/schema\/logo\/image\/\",\"url\":\"https:\/\/compuviper.mx\/tienda\/wp-content\/uploads\/2021\/08\/Logo-Compuviper-10.png\",\"contentUrl\":\"https:\/\/compuviper.mx\/tienda\/wp-content\/uploads\/2021\/08\/Logo-Compuviper-10.png\",\"width\":1000,\"height\":500,\"caption\":\"Compuviper\"},\"image\":{\"@id\":\"https:\/\/compuviper.mx\/tienda\/#\/schema\/logo\/image\/\"},\"sameAs\":[\"https:\/\/www.facebook.com\/compuviper\",\"https:\/\/www.youtube.com\/channel\/UCf73dERp9Y3cfOq7q8BhLjA?view_as=subscriber\"]}]}<\/script>\n<meta property=\"product:brand\" content=\"Qnap\" \/>\n<meta property=\"product:price:amount\" content=\"279748\" \/>\n<meta property=\"product:price:currency\" content=\"MXN\" \/>\n<meta property=\"og:availability\" content=\"backorder\" \/>\n<meta property=\"product:availability\" content=\"available for order\" \/>\n<meta property=\"product:retailer_item_id\" content=\"TDS-H2489FU-4314-256G-US\" \/>\n<meta property=\"product:condition\" content=\"new\" \/>\n<!-- \/ Yoast SEO plugin. -->","yoast_head_json":{"title":"[ Qnap ] &#129351; Tds-h2489fu-4314-256g-us Nas Tds-h2489fu-4314-256g \/ All-flash\/ Fuente Redundante\/ 24 Bahias Ssd 2,5\/rack 2u\/ Ocho Nucleos 3.4 Ghz\/256gb Ddr4 Rdimm\/4 Pto 2,5 Gbe\/2 Pto Sfp28 25gbe\/ Usb 3.2 X4 \/hotswap\/ Sin Discos","description":"Compra Tds-h2489fu-4314-256g-us Nas Tds-h2489fu-4314-256g \/ All-flash\/ Fuente Redundante\/ 24 Bahias Ssd 2,5\/rack 2u\/ Ocho Nucleos 3.4 Ghz\/256gb Ddr4 Rdimm\/4 Pto 2,5 Gbe\/2 Pto Sfp28 25gbe\/ Usb 3.2 X4 \/hotswap\/ Sin Discos + Env\u00edo a domicilio + Pago seguro + Garant\u00eda","robots":{"index":"index","follow":"follow","max-snippet":"max-snippet:-1","max-image-preview":"max-image-preview:large","max-video-preview":"max-video-preview:-1"},"canonical":"https:\/\/compuviper.mx\/tienda\/producto\/qnap-tds-h2489fu-4314-256g-us-nas-tds-h2489fu-4314-256g-all-flash-fuente-redundante-24-bahias-ssd-25-rack-2u-ocho-nucleos-3-4-ghz-256gb-ddr4-rdimm-4-pto-25-gbe-2-pto-sfp28-25gbe-usb-3-2-x4-h\/","og_locale":"es_MX","og_type":"article","og_title":"[ Qnap ] &#129351; Tds-h2489fu-4314-256g-us Nas Tds-h2489fu-4314-256g \/ All-flash\/ Fuente Redundante\/ 24 Bahias Ssd 2,5\/rack 2u\/ Ocho Nucleos 3.4 Ghz\/256gb Ddr4 Rdimm\/4 Pto 2,5 Gbe\/2 Pto Sfp28 25gbe\/ Usb 3.2 X4 \/hotswap\/ Sin Discos","og_description":"Compra Tds-h2489fu-4314-256g-us Nas Tds-h2489fu-4314-256g \/ All-flash\/ Fuente Redundante\/ 24 Bahias Ssd 2,5\/rack 2u\/ Ocho Nucleos 3.4 Ghz\/256gb Ddr4 Rdimm\/4 Pto 2,5 Gbe\/2 Pto Sfp28 25gbe\/ Usb 3.2 X4 \/hotswap\/ Sin Discos + Env\u00edo a domicilio + Pago seguro + Garant\u00eda","og_url":"https:\/\/compuviper.mx\/tienda\/producto\/qnap-tds-h2489fu-4314-256g-us-nas-tds-h2489fu-4314-256g-all-flash-fuente-redundante-24-bahias-ssd-25-rack-2u-ocho-nucleos-3-4-ghz-256gb-ddr4-rdimm-4-pto-25-gbe-2-pto-sfp28-25gbe-usb-3-2-x4-h\/","og_site_name":"Compuviper","article_publisher":"https:\/\/www.facebook.com\/compuviper","og_image":[{"width":200,"height":200,"url":"https:\/\/compuviper.mx\/tienda\/wp-content\/uploads\/2023\/12\/Nas-qnap-tds-h2489fu-4314-256g-all-flash-fuente-redundante-24-bahias-ssd-25rack-2u-ocho-nucleos-3.4-ghz256gb-ddr4-rdimm4-pto-25-gbe2-pto-sfp28-25gbe-usb-3.2-x4-hotswap-sin-discos.jpg","type":"image\/jpeg"}],"twitter_card":"summary_large_image","twitter_misc":{"Precio":"&#36;279,748 con IVA","Availability":"On backorder"},"schema":{"@context":"https:\/\/schema.org","@graph":[{"@type":"WebPage","@id":"https:\/\/compuviper.mx\/tienda\/producto\/qnap-tds-h2489fu-4314-256g-us-nas-tds-h2489fu-4314-256g-all-flash-fuente-redundante-24-bahias-ssd-25-rack-2u-ocho-nucleos-3-4-ghz-256gb-ddr4-rdimm-4-pto-25-gbe-2-pto-sfp28-25gbe-usb-3-2-x4-h\/","url":"https:\/\/compuviper.mx\/tienda\/producto\/qnap-tds-h2489fu-4314-256g-us-nas-tds-h2489fu-4314-256g-all-flash-fuente-redundante-24-bahias-ssd-25-rack-2u-ocho-nucleos-3-4-ghz-256gb-ddr4-rdimm-4-pto-25-gbe-2-pto-sfp28-25gbe-usb-3-2-x4-h\/","name":"[ Qnap ] &#129351; Tds-h2489fu-4314-256g-us Nas Tds-h2489fu-4314-256g \/ All-flash\/ Fuente Redundante\/ 24 Bahias Ssd 2,5\/rack 2u\/ Ocho Nucleos 3.4 Ghz\/256gb Ddr4 Rdimm\/4 Pto 2,5 Gbe\/2 Pto Sfp28 25gbe\/ Usb 3.2 X4 \/hotswap\/ Sin Discos","isPartOf":{"@id":"https:\/\/compuviper.mx\/tienda\/#website"},"datePublished":"2026-04-17T08:01:15+00:00","dateModified":"2026-04-17T08:01:15+00:00","description":"Compra Tds-h2489fu-4314-256g-us Nas Tds-h2489fu-4314-256g \/ All-flash\/ Fuente Redundante\/ 24 Bahias Ssd 2,5\/rack 2u\/ Ocho Nucleos 3.4 Ghz\/256gb Ddr4 Rdimm\/4 Pto 2,5 Gbe\/2 Pto Sfp28 25gbe\/ Usb 3.2 X4 \/hotswap\/ Sin Discos + Env\u00edo a domicilio + Pago seguro + Garant\u00eda","breadcrumb":{"@id":"https:\/\/compuviper.mx\/tienda\/producto\/qnap-tds-h2489fu-4314-256g-us-nas-tds-h2489fu-4314-256g-all-flash-fuente-redundante-24-bahias-ssd-25-rack-2u-ocho-nucleos-3-4-ghz-256gb-ddr4-rdimm-4-pto-25-gbe-2-pto-sfp28-25gbe-usb-3-2-x4-h\/#breadcrumb"},"inLanguage":"es-MX","potentialAction":[{"@type":"ReadAction","target":["https:\/\/compuviper.mx\/tienda\/producto\/qnap-tds-h2489fu-4314-256g-us-nas-tds-h2489fu-4314-256g-all-flash-fuente-redundante-24-bahias-ssd-25-rack-2u-ocho-nucleos-3-4-ghz-256gb-ddr4-rdimm-4-pto-25-gbe-2-pto-sfp28-25gbe-usb-3-2-x4-h\/"]}]},{"@type":"BreadcrumbList","@id":"https:\/\/compuviper.mx\/tienda\/producto\/qnap-tds-h2489fu-4314-256g-us-nas-tds-h2489fu-4314-256g-all-flash-fuente-redundante-24-bahias-ssd-25-rack-2u-ocho-nucleos-3-4-ghz-256gb-ddr4-rdimm-4-pto-25-gbe-2-pto-sfp28-25gbe-usb-3-2-x4-h\/#breadcrumb","itemListElement":[{"@type":"ListItem","position":1,"name":"Inicio","item":"https:\/\/compuviper.mx\/tienda\/"},{"@type":"ListItem","position":2,"name":"Productos","item":"https:\/\/compuviper.mx\/tienda\/productos\/"},{"@type":"ListItem","position":3,"name":"Almacenamiento","item":"https:\/\/compuviper.mx\/tienda\/categoria-producto\/almacenamiento\/"},{"@type":"ListItem","position":4,"name":"Sistema De Almacenamiento","item":"https:\/\/compuviper.mx\/tienda\/categoria-producto\/almacenamiento\/sistema-de-almacenamiento\/"},{"@type":"ListItem","position":5,"name":"Qnap Tds-h2489fu-4314-256g-us Nas Tds-h2489fu-4314-256g \/ All-flash\/ Fuente Redundante\/ 24 Bahias Ssd 2,5\/rack 2u\/ Ocho Nucleos 3.4 Ghz\/256gb Ddr4 Rdimm\/4 Pto 2,5 Gbe\/2 Pto Sfp28 25gbe\/ Usb 3.2 X4 \/hotswap\/ Sin Discos"}]},{"@type":"WebSite","@id":"https:\/\/compuviper.mx\/tienda\/#website","url":"https:\/\/compuviper.mx\/tienda\/","name":"Compuviper","description":"Proveedor de Computadoras, Laptops, Servidores, Monitores, Puntos de Venta, Teclados,   Impresoras, T\u00f3ner, C\u00e1maras de Seguridad y m\u00e1s en tu tienda en l\u00ednea","publisher":{"@id":"https:\/\/compuviper.mx\/tienda\/#organization"},"potentialAction":[{"@type":"SearchAction","target":{"@type":"EntryPoint","urlTemplate":"https:\/\/compuviper.mx\/tienda\/?s={search_term_string}"},"query-input":"required name=search_term_string"}],"inLanguage":"es-MX"},{"@type":"Organization","@id":"https:\/\/compuviper.mx\/tienda\/#organization","name":"Compuviper","url":"https:\/\/compuviper.mx\/tienda\/","logo":{"@type":"ImageObject","inLanguage":"es-MX","@id":"https:\/\/compuviper.mx\/tienda\/#\/schema\/logo\/image\/","url":"https:\/\/compuviper.mx\/tienda\/wp-content\/uploads\/2021\/08\/Logo-Compuviper-10.png","contentUrl":"https:\/\/compuviper.mx\/tienda\/wp-content\/uploads\/2021\/08\/Logo-Compuviper-10.png","width":1000,"height":500,"caption":"Compuviper"},"image":{"@id":"https:\/\/compuviper.mx\/tienda\/#\/schema\/logo\/image\/"},"sameAs":["https:\/\/www.facebook.com\/compuviper","https:\/\/www.youtube.com\/channel\/UCf73dERp9Y3cfOq7q8BhLjA?view_as=subscriber"]}]},"product_brand":"Qnap","product_price_amount":"279748","product_price_currency":"MXN","og_availability":"backorder","product_availability":"available for order","product_retailer_item_id":"TDS-H2489FU-4314-256G-US","product_condition":"new"},"_links":{"self":[{"href":"https:\/\/compuviper.mx\/tienda\/wp-json\/wp\/v2\/product\/225054"}],"collection":[{"href":"https:\/\/compuviper.mx\/tienda\/wp-json\/wp\/v2\/product"}],"about":[{"href":"https:\/\/compuviper.mx\/tienda\/wp-json\/wp\/v2\/types\/product"}],"replies":[{"embeddable":true,"href":"https:\/\/compuviper.mx\/tienda\/wp-json\/wp\/v2\/comments?post=225054"}],"wp:featuredmedia":[{"embeddable":true,"href":"https:\/\/compuviper.mx\/tienda\/wp-json\/wp\/v2\/media\/225055"}],"wp:attachment":[{"href":"https:\/\/compuviper.mx\/tienda\/wp-json\/wp\/v2\/media?parent=225054"}],"wp:term":[{"taxonomy":"product_cat","embeddable":true,"href":"https:\/\/compuviper.mx\/tienda\/wp-json\/wp\/v2\/product_cat?post=225054"},{"taxonomy":"product_tag","embeddable":true,"href":"https:\/\/compuviper.mx\/tienda\/wp-json\/wp\/v2\/product_tag?post=225054"}],"curies":[{"name":"wp","href":"https:\/\/api.w.org\/{rel}","templated":true}]}}