{"id":225048,"date":"2026-04-17T02:01:13","date_gmt":"2026-04-17T08:01:13","guid":{"rendered":"https:\/\/compuviper.mx\/tienda\/producto\/hewlett-packard-enterprise-r7j72a-almacenamiento-hpe-msa-2060-lff-base-t-10g-iscsi-controladora-dual\/"},"modified":"2026-04-17T02:01:13","modified_gmt":"2026-04-17T08:01:13","slug":"hewlett-packard-enterprise-r7j72a-almacenamiento-hpe-msa-2060-lff-base-t-10g-iscsi-controladora-dual","status":"publish","type":"product","link":"https:\/\/compuviper.mx\/tienda\/producto\/hewlett-packard-enterprise-r7j72a-almacenamiento-hpe-msa-2060-lff-base-t-10g-iscsi-controladora-dual\/","title":{"rendered":"Hewlett Packard Enterprise R7j72a Almacenamiento Hpe Msa 2060 Lff Base T 10g Iscsi Controladora Dual"},"content":{"rendered":"<table class=\"descripcion\">\n<tr>\n<td>Capacidad<\/td>\n<\/tr>\n<tr>\n<td>1045,44 tb con expansi\u00f3n sff \/ 2160 tb con expansi\u00f3n lff (con expansi\u00f3n m\u00e1xima)<\/td>\n<\/tr>\n<tr>\n<td>Descripci\u00f3n de unidad<\/td>\n<\/tr>\n<tr>\n<td>Hasta 12 hdd o ssd lff o por modelo de cabina<\/td>\n<\/tr>\n<tr>\n<td>Interfaz de host<\/td>\n<\/tr>\n<tr>\n<td>Iscsi 10gbase-t de 8 puertos, 4 puertos por controlador<\/td>\n<\/tr>\n<tr>\n<td>Controlador de almacenamiento<\/td>\n<\/tr>\n<tr>\n<td>(2) controladores de almacenamiento hpe msa 2060 10gbase-t iscsi, 4 puertos cada uno<\/td>\n<\/tr>\n<tr>\n<td>Opciones de expansi\u00f3n de almacenamiento<\/td>\n<\/tr>\n<tr>\n<td>Carcasa de disco de 24 bah\u00edas de unidad 2060 sff o carcasa de disco de 12 bah\u00edas de unidad 2060 lff (agregar hasta 9)<\/td>\n<\/tr>\n<tr>\n<td>Admite agrupaci\u00f3n en cl\u00faster<\/td>\n<\/tr>\n<tr>\n<td>S\u00ed<\/td>\n<\/tr>\n<tr>\n<td>\u00bfadmite copias de seguridad san?<\/td>\n<\/tr>\n<tr>\n<td>S\u00ed<\/td>\n<\/tr>\n<tr>\n<td>\u00bfadmite storage mirroring?<\/td>\n<\/tr>\n<tr>\n<td>S\u00ed<\/td>\n<\/tr>\n<tr>\n<td>Soporte para systems insight manager<\/td>\n<\/tr>\n<tr>\n<td>S\u00ed<\/td>\n<\/tr>\n<tr>\n<td>Sistemas operativos compatibles<\/td>\n<\/tr>\n<tr>\n<td>Windows server 2019 windows server 2016 vmware vsphere 6.7 red hat linux 8 suse sles 15<\/td>\n<\/tr>\n<tr>\n<td>Factor de forma<\/td>\n<\/tr>\n<tr>\n<td>2 u<\/td>\n<\/tr>\n<tr>\n<td>Eficiencia de energ\u00eda<\/td>\n<\/tr>\n<tr>\n<td>Conforme a energy star<\/td>\n<\/tr>\n<tr>\n<td>Dimensiones m\u00ednimas (alto x ancho x fondo)<\/td>\n<\/tr>\n<tr>\n<td>\u0095 8,9 x 44,5 x 50,8 cm<\/td>\n<\/tr>\n<tr>\n<td>\u0095 3.5 x 17.5 x 20.0 in<\/td>\n<\/tr>\n<tr>\n<td>Peso<\/td>\n<\/tr>\n<tr>\n<td>\u0095 5 kg<\/td>\n<\/tr>\n<tr>\n<td>\u0095 11 lb<\/td>\n<\/tr>\n<tr>\n<td>Garant\u00eda<\/td>\n<\/tr>\n<tr>\n<td>Garant\u00eda limitada de tres a\u00f1os para sustituci\u00f3n de piezas, con entrega al siguiente d\u00eda h\u00e1bil. las carcasas de disco, los discos duros y las opciones del hpe msa 2060 cuentan con su propia garant\u00eda.<\/td>\n<\/tr>\n<\/table>\n","protected":false},"excerpt":{"rendered":"<p>\u00bfbusca tu empresa un almacenamiento compartido de alto rendimiento, asequible y f\u00e1cil de usar? el almacenamiento hpe msa 2060 es un sistema de almacenamiento h\u00edbrido preparado para flash y dise\u00f1ado para la aceleraci\u00f3n asequible de aplicaciones sin intervenci\u00f3n manual en implementaciones de oficinas remotas y peque\u00f1as. No dejes que el bajo coste te enga\u00f1e. A\u00fana simplicidad, flexibilidad y funciones avanzadas que no esperar\u00edas encontrar en una cabina de precio econ\u00f3mico. Empieza poco a poco y escala seg\u00fan lo necesites con cualquier combinaci\u00f3n de unidades de estado s\u00f3lido (ssd), hdd sas para empresas o hdd sas de gama media de menor coste. Con la capacidad de ofrecer 325.000 iops, el nuevo hpe msa 2060 es un 32% m\u00e1s r\u00e1pido que la generaci\u00f3n anterior y cuenta con mayor potencia para las cargas de trabajo m\u00e1s exigentes. Novedades. \u0095 modelos de cabina 2060 lff y sff con cuatro (4) puertos host iscsi 10gbase-t por controlador con puertos rj45 ethernet integrados, para eliminar la necesidad de sfp y reducir el tco total del usuario. \u0095 incremento de hasta el 34 % en el rendimiento (iops) con la \u00faltima versi\u00f3n de in110 firmware para los modelos de cabina hpe msa gen6 2060 y 2062. \u0095 disco duro sas 7 200 rpm lff de 18 tb de capacidad, opciones de unidad \u00fanica y paquete de seis, disponible para la cabina hpe msa 2060 lff y la carcasa de unidad de expansi\u00f3n hpe msa 2060 lff. \u0095 nuevo tipo de disco de grupo (msa dp+) que incrementa la disponibilidad, reduce dr\u00e1sticamente los tiempos de recuperaci\u00f3n raid, mejora el rendimiento, simplifica la configuraci\u00f3n y proporciona una mayor expansi\u00f3n granular de los pool de discos. \u0095 nuevo disco duro sas 7200 rpm lff de 18 tb de capacidad, opciones de unidad \u00fanica y paquete de seis, disponible para la cabina msa 2060 lff y la carcasa de unidad de expansi\u00f3n msa 2060 lff. Solo ventajas. Acelera las aplicaciones de forma asequible. \u0095 hpe msa 2060 es capaz de ofrecer m\u00e1s de 325 000 iops para una aceleraci\u00f3n asequible de la aplicaci\u00f3n en pymes. \u0095 hpe msa 2060 permite a los usuarios definir e implementar configuraciones de almacenamiento flash o h\u00edbrido desde el primer momento y crecer seg\u00fan sea necesario. Los servicios de datos \u00abset and forget\u00bb de msa no requieren un administrador de almacenamiento dedicado para su gesti\u00f3n. \u0095 el almacenamiento hpe msa 2060 es f\u00e1cil de instalar, usar y mantener, incluso para un generalista de ti. Los administradores encontrar\u00e1n la nueva utilidad de gesti\u00f3n del almacenamiento del msa 2060 intuitiva y f\u00e1cil de navegar. \u0095 el motor autom\u00e1tico de clasificaci\u00f3n por niveles de hpe msa responde de forma din\u00e1mica a los cambios en las cargas de trabajo para que no tengas que ocuparte de ello, garantizando que los datos m\u00e1s recientes ser\u00e1n trasladados a los soportes m\u00e1s r\u00e1pidos autom\u00e1ticamente y en tiempo real. Aprovecha las funciones de protecci\u00f3n de datos para mantener a tu empresa funcionando en caso de desastre. \u0095 el almacenamiento hpe msa 2060 proporciona tecnolog\u00eda de snapshot virtualizada haciendo que la protecci\u00f3n de datos y la recuperaci\u00f3n instant\u00e1nea sean muy sencillas. \u0095 la replicaci\u00f3n remota a trav\u00e9s de canal de fibra (fc) o iscsi facilita una soluci\u00f3n de recuperaci\u00f3n ante desastres asequible. \u0095 los ssd y hdd cifrados con gesti\u00f3n de claves local pueden implementarse para ofrecer una cabina flash h\u00edbrida cifrada y segura. Arquitectura modular y flexible que facilita el crecimiento futuro. \u0095 la soluci\u00f3n de almacenamiento hpe msa 2060 admite una combinaci\u00f3n de carcasas de expansi\u00f3n lff (3,5 pulg.) y sff (2,5 pulg.) para ofrecer un m\u00e1ximo de 9 carcasas (10 si se incluye la cabina). \u0095 empieza poco a poco y escala seg\u00fan tus necesidades con cualquier combinaci\u00f3n de ssd o hdd enterprise sas o midline sas.<\/p>\n","protected":false},"featured_media":225049,"comment_status":"open","ping_status":"open","template":"","meta":[],"product_cat":[1803,1804],"product_tag":[1568],"acf":[],"yoast_head":"<!-- This site is optimized with the Yoast SEO plugin v21.7 - https:\/\/yoast.com\/wordpress\/plugins\/seo\/ -->\n<title>[ Hewlett Packard Enterprise ] &#129351; R7j72a Almacenamiento Hpe Msa 2060 Lff Base T 10g Iscsi Controladora Dual<\/title>\n<meta name=\"description\" content=\"Compra R7j72a Almacenamiento Hpe Msa 2060 Lff Base T 10g Iscsi Controladora Dual + Env\u00edo a domicilio + Pago seguro + Garant\u00eda\" \/>\n<meta name=\"robots\" content=\"index, follow, max-snippet:-1, max-image-preview:large, max-video-preview:-1\" \/>\n<link rel=\"canonical\" href=\"https:\/\/compuviper.mx\/tienda\/producto\/hewlett-packard-enterprise-r7j72a-almacenamiento-hpe-msa-2060-lff-base-t-10g-iscsi-controladora-dual\/\" \/>\n<meta property=\"og:locale\" content=\"es_MX\" \/>\n<meta property=\"og:type\" content=\"article\" \/>\n<meta property=\"og:title\" content=\"[ Hewlett Packard Enterprise ] &#129351; R7j72a Almacenamiento Hpe Msa 2060 Lff Base T 10g Iscsi Controladora Dual\" \/>\n<meta property=\"og:description\" content=\"Compra R7j72a Almacenamiento Hpe Msa 2060 Lff Base T 10g Iscsi Controladora Dual + Env\u00edo a domicilio + Pago seguro + Garant\u00eda\" \/>\n<meta property=\"og:url\" content=\"https:\/\/compuviper.mx\/tienda\/producto\/hewlett-packard-enterprise-r7j72a-almacenamiento-hpe-msa-2060-lff-base-t-10g-iscsi-controladora-dual\/\" \/>\n<meta property=\"og:site_name\" content=\"Compuviper\" \/>\n<meta property=\"article:publisher\" content=\"https:\/\/www.facebook.com\/compuviper\" \/>\n<meta property=\"og:image\" content=\"https:\/\/compuviper.mx\/tienda\/wp-content\/uploads\/2023\/12\/Almacenamiento-hpe-msa-2060-lff-base-t-10g-iscsi-controladora-dual.jpg\" \/>\n\t<meta property=\"og:image:width\" content=\"200\" \/>\n\t<meta property=\"og:image:height\" content=\"200\" \/>\n\t<meta property=\"og:image:type\" content=\"image\/jpeg\" \/>\n<meta name=\"twitter:card\" content=\"summary_large_image\" \/>\n<meta name=\"twitter:label1\" content=\"Precio\" \/>\n\t<meta name=\"twitter:data1\" content=\"&#36;134,727 con IVA\" \/>\n\t<meta name=\"twitter:label2\" content=\"Availability\" \/>\n\t<meta name=\"twitter:data2\" content=\"On backorder\" \/>\n<script type=\"application\/ld+json\" class=\"yoast-schema-graph\">{\"@context\":\"https:\/\/schema.org\",\"@graph\":[{\"@type\":\"WebPage\",\"@id\":\"https:\/\/compuviper.mx\/tienda\/producto\/hewlett-packard-enterprise-r7j72a-almacenamiento-hpe-msa-2060-lff-base-t-10g-iscsi-controladora-dual\/\",\"url\":\"https:\/\/compuviper.mx\/tienda\/producto\/hewlett-packard-enterprise-r7j72a-almacenamiento-hpe-msa-2060-lff-base-t-10g-iscsi-controladora-dual\/\",\"name\":\"[ Hewlett Packard Enterprise ] &#129351; R7j72a Almacenamiento Hpe Msa 2060 Lff Base T 10g Iscsi Controladora Dual\",\"isPartOf\":{\"@id\":\"https:\/\/compuviper.mx\/tienda\/#website\"},\"datePublished\":\"2026-04-17T08:01:13+00:00\",\"dateModified\":\"2026-04-17T08:01:13+00:00\",\"description\":\"Compra R7j72a Almacenamiento Hpe Msa 2060 Lff Base T 10g Iscsi Controladora Dual + Env\u00edo a domicilio + Pago seguro + Garant\u00eda\",\"breadcrumb\":{\"@id\":\"https:\/\/compuviper.mx\/tienda\/producto\/hewlett-packard-enterprise-r7j72a-almacenamiento-hpe-msa-2060-lff-base-t-10g-iscsi-controladora-dual\/#breadcrumb\"},\"inLanguage\":\"es-MX\",\"potentialAction\":[{\"@type\":\"ReadAction\",\"target\":[\"https:\/\/compuviper.mx\/tienda\/producto\/hewlett-packard-enterprise-r7j72a-almacenamiento-hpe-msa-2060-lff-base-t-10g-iscsi-controladora-dual\/\"]}]},{\"@type\":\"BreadcrumbList\",\"@id\":\"https:\/\/compuviper.mx\/tienda\/producto\/hewlett-packard-enterprise-r7j72a-almacenamiento-hpe-msa-2060-lff-base-t-10g-iscsi-controladora-dual\/#breadcrumb\",\"itemListElement\":[{\"@type\":\"ListItem\",\"position\":1,\"name\":\"Inicio\",\"item\":\"https:\/\/compuviper.mx\/tienda\/\"},{\"@type\":\"ListItem\",\"position\":2,\"name\":\"Productos\",\"item\":\"https:\/\/compuviper.mx\/tienda\/productos\/\"},{\"@type\":\"ListItem\",\"position\":3,\"name\":\"Almacenamiento\",\"item\":\"https:\/\/compuviper.mx\/tienda\/categoria-producto\/almacenamiento\/\"},{\"@type\":\"ListItem\",\"position\":4,\"name\":\"Sistema De Almacenamiento\",\"item\":\"https:\/\/compuviper.mx\/tienda\/categoria-producto\/almacenamiento\/sistema-de-almacenamiento\/\"},{\"@type\":\"ListItem\",\"position\":5,\"name\":\"Hewlett Packard Enterprise R7j72a Almacenamiento Hpe Msa 2060 Lff Base T 10g Iscsi Controladora Dual\"}]},{\"@type\":\"WebSite\",\"@id\":\"https:\/\/compuviper.mx\/tienda\/#website\",\"url\":\"https:\/\/compuviper.mx\/tienda\/\",\"name\":\"Compuviper\",\"description\":\"Proveedor de Computadoras, Laptops, Servidores, Monitores, Puntos de Venta, Teclados,   Impresoras, T\u00f3ner, C\u00e1maras de Seguridad y m\u00e1s en tu tienda en l\u00ednea\",\"publisher\":{\"@id\":\"https:\/\/compuviper.mx\/tienda\/#organization\"},\"potentialAction\":[{\"@type\":\"SearchAction\",\"target\":{\"@type\":\"EntryPoint\",\"urlTemplate\":\"https:\/\/compuviper.mx\/tienda\/?s={search_term_string}\"},\"query-input\":\"required name=search_term_string\"}],\"inLanguage\":\"es-MX\"},{\"@type\":\"Organization\",\"@id\":\"https:\/\/compuviper.mx\/tienda\/#organization\",\"name\":\"Compuviper\",\"url\":\"https:\/\/compuviper.mx\/tienda\/\",\"logo\":{\"@type\":\"ImageObject\",\"inLanguage\":\"es-MX\",\"@id\":\"https:\/\/compuviper.mx\/tienda\/#\/schema\/logo\/image\/\",\"url\":\"https:\/\/compuviper.mx\/tienda\/wp-content\/uploads\/2021\/08\/Logo-Compuviper-10.png\",\"contentUrl\":\"https:\/\/compuviper.mx\/tienda\/wp-content\/uploads\/2021\/08\/Logo-Compuviper-10.png\",\"width\":1000,\"height\":500,\"caption\":\"Compuviper\"},\"image\":{\"@id\":\"https:\/\/compuviper.mx\/tienda\/#\/schema\/logo\/image\/\"},\"sameAs\":[\"https:\/\/www.facebook.com\/compuviper\",\"https:\/\/www.youtube.com\/channel\/UCf73dERp9Y3cfOq7q8BhLjA?view_as=subscriber\"]}]}<\/script>\n<meta property=\"product:brand\" content=\"HEWLETT PACKARD ENTERPRISE\" \/>\n<meta property=\"product:price:amount\" content=\"134727\" \/>\n<meta property=\"product:price:currency\" content=\"MXN\" \/>\n<meta property=\"og:availability\" content=\"backorder\" \/>\n<meta property=\"product:availability\" content=\"available for order\" \/>\n<meta property=\"product:retailer_item_id\" content=\"R7J72A\" \/>\n<meta property=\"product:condition\" content=\"new\" \/>\n<!-- \/ Yoast SEO plugin. -->","yoast_head_json":{"title":"[ Hewlett Packard Enterprise ] &#129351; R7j72a Almacenamiento Hpe Msa 2060 Lff Base T 10g Iscsi Controladora Dual","description":"Compra R7j72a Almacenamiento Hpe Msa 2060 Lff Base T 10g Iscsi Controladora Dual + Env\u00edo a domicilio + Pago seguro + Garant\u00eda","robots":{"index":"index","follow":"follow","max-snippet":"max-snippet:-1","max-image-preview":"max-image-preview:large","max-video-preview":"max-video-preview:-1"},"canonical":"https:\/\/compuviper.mx\/tienda\/producto\/hewlett-packard-enterprise-r7j72a-almacenamiento-hpe-msa-2060-lff-base-t-10g-iscsi-controladora-dual\/","og_locale":"es_MX","og_type":"article","og_title":"[ Hewlett Packard Enterprise ] &#129351; R7j72a Almacenamiento Hpe Msa 2060 Lff Base T 10g Iscsi Controladora Dual","og_description":"Compra R7j72a Almacenamiento Hpe Msa 2060 Lff Base T 10g Iscsi Controladora Dual + Env\u00edo a domicilio + Pago seguro + Garant\u00eda","og_url":"https:\/\/compuviper.mx\/tienda\/producto\/hewlett-packard-enterprise-r7j72a-almacenamiento-hpe-msa-2060-lff-base-t-10g-iscsi-controladora-dual\/","og_site_name":"Compuviper","article_publisher":"https:\/\/www.facebook.com\/compuviper","og_image":[{"width":200,"height":200,"url":"https:\/\/compuviper.mx\/tienda\/wp-content\/uploads\/2023\/12\/Almacenamiento-hpe-msa-2060-lff-base-t-10g-iscsi-controladora-dual.jpg","type":"image\/jpeg"}],"twitter_card":"summary_large_image","twitter_misc":{"Precio":"&#36;134,727 con IVA","Availability":"On backorder"},"schema":{"@context":"https:\/\/schema.org","@graph":[{"@type":"WebPage","@id":"https:\/\/compuviper.mx\/tienda\/producto\/hewlett-packard-enterprise-r7j72a-almacenamiento-hpe-msa-2060-lff-base-t-10g-iscsi-controladora-dual\/","url":"https:\/\/compuviper.mx\/tienda\/producto\/hewlett-packard-enterprise-r7j72a-almacenamiento-hpe-msa-2060-lff-base-t-10g-iscsi-controladora-dual\/","name":"[ Hewlett Packard Enterprise ] &#129351; R7j72a Almacenamiento Hpe Msa 2060 Lff Base T 10g Iscsi Controladora Dual","isPartOf":{"@id":"https:\/\/compuviper.mx\/tienda\/#website"},"datePublished":"2026-04-17T08:01:13+00:00","dateModified":"2026-04-17T08:01:13+00:00","description":"Compra R7j72a Almacenamiento Hpe Msa 2060 Lff Base T 10g Iscsi Controladora Dual + Env\u00edo a domicilio + Pago seguro + Garant\u00eda","breadcrumb":{"@id":"https:\/\/compuviper.mx\/tienda\/producto\/hewlett-packard-enterprise-r7j72a-almacenamiento-hpe-msa-2060-lff-base-t-10g-iscsi-controladora-dual\/#breadcrumb"},"inLanguage":"es-MX","potentialAction":[{"@type":"ReadAction","target":["https:\/\/compuviper.mx\/tienda\/producto\/hewlett-packard-enterprise-r7j72a-almacenamiento-hpe-msa-2060-lff-base-t-10g-iscsi-controladora-dual\/"]}]},{"@type":"BreadcrumbList","@id":"https:\/\/compuviper.mx\/tienda\/producto\/hewlett-packard-enterprise-r7j72a-almacenamiento-hpe-msa-2060-lff-base-t-10g-iscsi-controladora-dual\/#breadcrumb","itemListElement":[{"@type":"ListItem","position":1,"name":"Inicio","item":"https:\/\/compuviper.mx\/tienda\/"},{"@type":"ListItem","position":2,"name":"Productos","item":"https:\/\/compuviper.mx\/tienda\/productos\/"},{"@type":"ListItem","position":3,"name":"Almacenamiento","item":"https:\/\/compuviper.mx\/tienda\/categoria-producto\/almacenamiento\/"},{"@type":"ListItem","position":4,"name":"Sistema De Almacenamiento","item":"https:\/\/compuviper.mx\/tienda\/categoria-producto\/almacenamiento\/sistema-de-almacenamiento\/"},{"@type":"ListItem","position":5,"name":"Hewlett Packard Enterprise R7j72a Almacenamiento Hpe Msa 2060 Lff Base T 10g Iscsi Controladora Dual"}]},{"@type":"WebSite","@id":"https:\/\/compuviper.mx\/tienda\/#website","url":"https:\/\/compuviper.mx\/tienda\/","name":"Compuviper","description":"Proveedor de Computadoras, Laptops, Servidores, Monitores, Puntos de Venta, Teclados,   Impresoras, T\u00f3ner, C\u00e1maras de Seguridad y m\u00e1s en tu tienda en l\u00ednea","publisher":{"@id":"https:\/\/compuviper.mx\/tienda\/#organization"},"potentialAction":[{"@type":"SearchAction","target":{"@type":"EntryPoint","urlTemplate":"https:\/\/compuviper.mx\/tienda\/?s={search_term_string}"},"query-input":"required name=search_term_string"}],"inLanguage":"es-MX"},{"@type":"Organization","@id":"https:\/\/compuviper.mx\/tienda\/#organization","name":"Compuviper","url":"https:\/\/compuviper.mx\/tienda\/","logo":{"@type":"ImageObject","inLanguage":"es-MX","@id":"https:\/\/compuviper.mx\/tienda\/#\/schema\/logo\/image\/","url":"https:\/\/compuviper.mx\/tienda\/wp-content\/uploads\/2021\/08\/Logo-Compuviper-10.png","contentUrl":"https:\/\/compuviper.mx\/tienda\/wp-content\/uploads\/2021\/08\/Logo-Compuviper-10.png","width":1000,"height":500,"caption":"Compuviper"},"image":{"@id":"https:\/\/compuviper.mx\/tienda\/#\/schema\/logo\/image\/"},"sameAs":["https:\/\/www.facebook.com\/compuviper","https:\/\/www.youtube.com\/channel\/UCf73dERp9Y3cfOq7q8BhLjA?view_as=subscriber"]}]},"product_brand":"HEWLETT PACKARD ENTERPRISE","product_price_amount":"134727","product_price_currency":"MXN","og_availability":"backorder","product_availability":"available for order","product_retailer_item_id":"R7J72A","product_condition":"new"},"_links":{"self":[{"href":"https:\/\/compuviper.mx\/tienda\/wp-json\/wp\/v2\/product\/225048"}],"collection":[{"href":"https:\/\/compuviper.mx\/tienda\/wp-json\/wp\/v2\/product"}],"about":[{"href":"https:\/\/compuviper.mx\/tienda\/wp-json\/wp\/v2\/types\/product"}],"replies":[{"embeddable":true,"href":"https:\/\/compuviper.mx\/tienda\/wp-json\/wp\/v2\/comments?post=225048"}],"wp:featuredmedia":[{"embeddable":true,"href":"https:\/\/compuviper.mx\/tienda\/wp-json\/wp\/v2\/media\/225049"}],"wp:attachment":[{"href":"https:\/\/compuviper.mx\/tienda\/wp-json\/wp\/v2\/media?parent=225048"}],"wp:term":[{"taxonomy":"product_cat","embeddable":true,"href":"https:\/\/compuviper.mx\/tienda\/wp-json\/wp\/v2\/product_cat?post=225048"},{"taxonomy":"product_tag","embeddable":true,"href":"https:\/\/compuviper.mx\/tienda\/wp-json\/wp\/v2\/product_tag?post=225048"}],"curies":[{"name":"wp","href":"https:\/\/api.w.org\/{rel}","templated":true}]}}